{"id":9247,"date":"2012-11-04T13:29:34","date_gmt":"2012-11-04T15:29:34","guid":{"rendered":"https:\/\/162.215.13.167?page_id=9247"},"modified":"2022-12-20T12:50:39","modified_gmt":"2022-12-20T15:50:39","slug":"prefeitura-de-parauapebas-agente-de-transito-2012","status":"publish","type":"page","link":"https:\/\/portalfadesp.org.br\/?page_id=9247","title":{"rendered":"Prefeitura de Parauapebas &#8211; Agente de Tr\u00e2nsito &#8211; 2012"},"content":{"rendered":"\t\t<div data-elementor-type=\"wp-page\" data-elementor-id=\"9247\" class=\"elementor elementor-9247\" data-elementor-post-type=\"page\">\n\t\t\t\t\t\t<section class=\"elementor-section elementor-top-section elementor-element elementor-element-7759e82 elementor-section-boxed elementor-section-height-default elementor-section-height-default\" data-id=\"7759e82\" data-element_type=\"section\">\n\t\t\t\t\t\t<div class=\"elementor-container elementor-column-gap-default\">\n\t\t\t\t\t<div class=\"elementor-column elementor-col-100 elementor-top-column elementor-element elementor-element-288dbe9\" data-id=\"288dbe9\" data-element_type=\"column\">\n\t\t\t<div class=\"elementor-widget-wrap elementor-element-populated\">\n\t\t\t\t\t\t<div class=\"elementor-element elementor-element-2d14429 elementor-widget elementor-widget-heading\" data-id=\"2d14429\" data-element_type=\"widget\" data-widget_type=\"heading.default\">\n\t\t\t\t<div class=\"elementor-widget-container\">\n\t\t\t\t\t<h1 class=\"elementor-heading-title elementor-size-default\">Prefeitura de Parauapebas - Agente de Tr\u00e2nsito - 2012<\/h1>\t\t\t\t<\/div>\n\t\t\t\t<\/div>\n\t\t\t\t<section class=\"elementor-section elementor-inner-section elementor-element elementor-element-5ba10ed elementor-section-boxed elementor-section-height-default elementor-section-height-default\" data-id=\"5ba10ed\" data-element_type=\"section\">\n\t\t\t\t\t\t<div class=\"elementor-container elementor-column-gap-default\">\n\t\t\t\t\t<div class=\"elementor-column elementor-col-50 elementor-inner-column elementor-element elementor-element-0b38389\" data-id=\"0b38389\" data-element_type=\"column\">\n\t\t\t<div class=\"elementor-widget-wrap elementor-element-populated\">\n\t\t\t\t\t\t<div class=\"elementor-element elementor-element-390424d elementor-widget elementor-widget-text-editor\" data-id=\"390424d\" data-element_type=\"widget\" data-widget_type=\"text-editor.default\">\n\t\t\t\t<div class=\"elementor-widget-container\">\n\t\t\t\t\t\t\t\t\t<p>A Prefeitura Municipal de Parauapebas, estado do Par\u00e1, no uso de suas atribui\u00e7\u00f5es, torna p\u00fablica a realiza\u00e7\u00e3o de Concurso P\u00fablico destinado ao preenchimento de vagas do quadro de pessoal efetivo da Prefeitura Municipal de Parauapebas, mediante as condi\u00e7\u00f5es estabelecidas no Edital de Abertura que consta neste site.<\/p><p><strong>Vagas &#8211;\u00a0<\/strong>40<\/p><p><strong>Cargos &#8211;\u00a0<\/strong>Agente de Tr\u00e2nsito e Transporte<\/p><p><strong>Remunera\u00e7\u00e3o &#8211;\u00a0<\/strong>R$ 1.622,49<\/p><p><strong>Inscri\u00e7\u00f5es &#8211;\u00a0<\/strong>10\/04\/12 a 20\/04\/12<\/p><p><strong>Taxa &#8211;\u00a0<\/strong>R$ 40,00<\/p><p><strong>Datas importantes<\/strong>:<\/p><p>Per\u00edodo de inscri\u00e7\u00e3o &#8211; 10\/04\/12 a 20\/04\/12<\/p><p>Pagamento do boleto banc\u00e1rio &#8211; at\u00e9 23\/04\/2012<\/p><p>Confirma\u00e7\u00e3o de inscri\u00e7\u00e3o &#8211; 01 a 10\/05\/12<\/p><p>Data da prova objetiva &#8211; 20\/05\/12<\/p>\t\t\t\t\t\t\t\t<\/div>\n\t\t\t\t<\/div>\n\t\t\t\t\t<\/div>\n\t\t<\/div>\n\t\t\t\t<div class=\"elementor-column elementor-col-50 elementor-inner-column elementor-element elementor-element-7503a48\" data-id=\"7503a48\" data-element_type=\"column\">\n\t\t\t<div class=\"elementor-widget-wrap elementor-element-populated\">\n\t\t\t\t\t\t<div class=\"elementor-element elementor-element-81ea865 elementor-widget elementor-widget-text-editor\" data-id=\"81ea865\" data-element_type=\"widget\" data-widget_type=\"text-editor.default\">\n\t\t\t\t<div class=\"elementor-widget-container\">\n\t\t\t\t\t\t\t\t\t<p style=\"text-align: center;\"><span style=\"color: #ffffff;\"><strong>Editais e Avisos<\/strong><\/span><\/p>\t\t\t\t\t\t\t\t<\/div>\n\t\t\t\t<\/div>\n\t\t\t\t<div class=\"elementor-element elementor-element-38145cc elementor-widget elementor-widget-text-editor\" data-id=\"38145cc\" data-element_type=\"widget\" data-widget_type=\"text-editor.default\">\n\t\t\t\t<div class=\"elementor-widget-container\">\n\t\t\t\t\t\t\t\t\t<p style=\"text-align: center;\"><strong>\u00a0<a id=\"c7i2X3aNEx\" title=\"Tamanho: -1KB\" href=\"..\/midias\/anexos\/411_homologacao.pdf\" target=\"_blank\" rel=\"noopener\">Homologa\u00e7\u00e3o<\/a><\/strong><\/p>\n<p style=\"text-align: center;\"><strong><a id=\"c7i2X3aNEx\" title=\"Tamanho: -1KB\" href=\"..\/midias\/anexos\/411_resultado_da_prova_de_______esforco_fisico.pdf\" target=\"_blank\" rel=\"noopener\">Resultado da Prova de Esfor\u00e7o F\u00edsico<\/a><\/strong><\/p>\n<p style=\"text-align: center;\"><strong><a id=\"c7i2X3aNEx\" title=\"Tamanho: -1KB\" href=\"..\/midias\/anexos\/411_edital_n_05_2013_pmp_reconvocacao_a_prova_de_esforco_fisico.pdf\" target=\"_blank\" rel=\"noopener\">Edital n\u00ba05_2013_PMP_Reconvoca\u00e7\u00e3o a Prova de Esfor\u00e7o F\u00edsico<\/a><\/strong><\/p>\n<p style=\"text-align: center;\"><strong><a id=\"c7i2X3aNEx\" title=\"Tamanho: -1KB\" href=\"..\/midias\/anexos\/411_edita_n_04_2012_semad_pmp_homologacao.pdf\" target=\"_blank\" rel=\"noopener\">Edital de Homologa\u00e7\u00e3o<\/a><\/strong><\/p>\n<p style=\"text-align: center;\"><strong><a id=\"c7i2X3aNEx\" title=\"Tamanho: -1KB\" href=\"..\/midias\/anexos\/411_resultado_final.pdf\" target=\"_blank\" rel=\"noopener\">Resultado final<\/a><\/strong><\/p>\n<p style=\"text-align: center;\"><strong><a id=\"c7i2X3aNEx\" title=\"Tamanho: -1KB\" href=\"..\/midias\/anexos\/411_retificacao_do_resultado_da_prova_de_esfor__o_fisico.pdf\" target=\"_blank\" rel=\"noopener\">Retifica\u00e7\u00e3o do Resultado da prova de Aptid\u00e3o f\u00edsica<\/a><\/strong><\/p>\n<p style=\"text-align: center;\"><strong><a id=\"c7i2X3aNEx\" title=\"Tamanho: -1KB\" href=\"..\/midias\/anexos\/411_retificacao_da_convocacao_a_prova_pratica_de_aptidao_fisica.pdf\" target=\"_blank\" rel=\"noopener\">Retifica\u00e7\u00e3o da Convoca\u00e7\u00e3o a Prova Pr\u00e1tica de Aptid\u00e3o F\u00edsica<\/a><a href=\"http:\/\/portalfadesp.mentorhost.com.br\/..\/midias\/anexos\/272_criterios_adotados_na_avaliacao_da_prova_de_titulos.pdf\">\n<\/a><\/strong><\/p>\n<p style=\"text-align: center;\"><strong><a id=\"c7i2X3aNEx\" title=\"Tamanho: -1KB\" href=\"..\/midias\/anexos\/411_convocacao_a_prova_pratica_de_aptidao_fisica.pdf\" target=\"_blank\" rel=\"noopener\">Convoca\u00e7\u00e3o a prova Pr\u00e1tica de Aptid\u00e3o F\u00edsica<\/a><\/strong><\/p>\n<p style=\"text-align: center;\"><strong><a id=\"c7i2X3aNEx\" title=\"Tamanho: -1KB\" href=\"..\/midias\/anexos\/411_resultado_geral.pdf\" target=\"_blank\" rel=\"noopener\">Resultado Geral<\/a><\/strong><\/p>\n<p style=\"text-align: center;\"><strong><a id=\"c7i2X3aNEx\" title=\"Tamanho: -1KB\" href=\"..\/midias\/anexos\/411_gabarito_oficial_definitivo.pdf\" target=\"_blank\" rel=\"noopener\">Gabarito Oficial Definitivo<\/a><\/strong><\/p>\n<p style=\"text-align: center;\"><strong><a id=\"c7i2X3aNEx\" title=\"Tamanho: -1KB\" href=\"..\/midias\/anexos\/411_gabarito_oficial_preliminar.pdf\" target=\"_blank\" rel=\"noopener\">Gabarito Oficial Preliminar<\/a><\/strong><\/p>\n<p style=\"text-align: center;\"><strong><a href=\"http:\/\/concursos.fadesp.org.br\/pmp2012\/files\/Lei Organica Parauapebas.pdf\" target=\"_blank\" rel=\"noopener\">Lei Organica do Municipio de Parauapebas<\/a><\/strong><\/p>\n<p style=\"text-align: center;\"><strong><a id=\"c7i2X3aNEx\" title=\"Tamanho: -1KB\" href=\"..\/midias\/anexos\/411_estatuto_dos_servidores_de_parauapebas.pdf\" target=\"_blank\" rel=\"noopener\">Estatuto dos Servidores de Parauapebas<\/a><\/strong><\/p>\n<p style=\"text-align: center;\"><strong><a id=\"c7i2X3aNEx\" title=\"Tamanho: -1KB\" href=\"..\/midias\/anexos\/411_tabela_de_cargo.pdf\" target=\"_blank\" rel=\"noopener\">Tabela de Cargo<\/a><\/strong><\/p>\n<p style=\"text-align: center;\"><strong><a id=\"c7i2X3aNEx\" title=\"Tamanho: -1KB\" href=\"..\/midias\/anexos\/411_formulario_de_portador_de_deficiencia_da_pmp.pdf\" target=\"_blank\" rel=\"noopener\">Formul\u00e1rio PCD<\/a><\/strong><\/p>\n<p style=\"text-align: center;\"><strong><a id=\"c7i2X3aNEx\" title=\"Tamanho: -1KB\" href=\"..\/midias\/anexos\/411_edital_012012pmp.pdf\" target=\"_blank\" rel=\"noopener\">Edital n\u00ba 01\/2012<\/a><\/strong><\/p>\n<p style=\"text-align: center;\"><strong>Programas necess\u00e1rios para abrir os arquivos acima:<\/strong>\n<strong>&#8211; \u00a0<a href=\"http:\/\/ardownload.adobe.com\/pub\/adobe\/reader\/win\/9.x\/9.3\/ptb\/AdbeRdr930_pt_BR.exe\" target=\"_blank\" rel=\"noopener\">Acrobat (Baixar no seu computador)\n<\/a>Outros problemas, entre em contato, atrav\u00e9s:<\/strong>\n<strong>Tel. (091) 4005-7446<\/strong>\n<strong><a href=\"mailto:concursos@fadesp.org.br\">concursos@fadesp.org.br<\/a>\nEste endere\u00e7o de e-mail est\u00e1 sendo protegido de spam, voc\u00ea precisa de Javascript habilitado para v\u00ea-lo.\u00a0<\/strong><\/p>\t\t\t\t\t\t\t\t<\/div>\n\t\t\t\t<\/div>\n\t\t\t\t\t<\/div>\n\t\t<\/div>\n\t\t\t\t\t<\/div>\n\t\t<\/section>\n\t\t\t\t\t<\/div>\n\t\t<\/div>\n\t\t\t\t\t<\/div>\n\t\t<\/section>\n\t\t\t\t<\/div>\n\t\t","protected":false},"excerpt":{"rendered":"<p>Prefeitura de Parauapebas &#8211; Agente de Tr\u00e2nsito &#8211; 2012 A Prefeitura Municipal de Parauapebas, estado do Par\u00e1, no uso de suas atribui\u00e7\u00f5es, torna p\u00fablica a realiza\u00e7\u00e3o de Concurso P\u00fablico destinado ao preenchimento de vagas do quadro de pessoal efetivo da Prefeitura Municipal de Parauapebas, mediante as condi\u00e7\u00f5es estabelecidas no Edital de Abertura que consta neste [&hellip;]<\/p>\n","protected":false},"author":9,"featured_media":0,"parent":329,"menu_order":2,"comment_status":"closed","ping_status":"closed","template":"","meta":{"_monsterinsights_skip_tracking":false,"_monsterinsights_sitenote_active":false,"_monsterinsights_sitenote_note":"","_monsterinsights_sitenote_category":0,"footnotes":""},"class_list":["post-9247","page","type-page","status-publish","hentry","entry"],"yoast_head":"<!-- This site is optimized with the Yoast SEO plugin v25.1 - https:\/\/yoast.com\/wordpress\/plugins\/seo\/ -->\n<title>Prefeitura de Parauapebas - Agente de Tr\u00e2nsito - 2012 - FADESP<\/title>\n<meta name=\"robots\" content=\"index, follow, max-snippet:-1, max-image-preview:large, max-video-preview:-1\" \/>\n<link rel=\"canonical\" href=\"https:\/\/portalfadesp.org.br\/?page_id=9247\" \/>\n<meta property=\"og:locale\" content=\"pt_BR\" \/>\n<meta property=\"og:type\" content=\"article\" \/>\n<meta property=\"og:title\" content=\"Prefeitura de Parauapebas - Agente de Tr\u00e2nsito - 2012 - FADESP\" \/>\n<meta property=\"og:description\" content=\"Prefeitura de Parauapebas &#8211; Agente de Tr\u00e2nsito &#8211; 2012 A Prefeitura Municipal de Parauapebas, estado do Par\u00e1, no uso de suas atribui\u00e7\u00f5es, torna p\u00fablica a realiza\u00e7\u00e3o de Concurso P\u00fablico destinado ao preenchimento de vagas do quadro de pessoal efetivo da Prefeitura Municipal de Parauapebas, mediante as condi\u00e7\u00f5es estabelecidas no Edital de Abertura que consta neste [&hellip;]\" \/>\n<meta property=\"og:url\" content=\"https:\/\/portalfadesp.org.br\/?page_id=9247\" \/>\n<meta property=\"og:site_name\" content=\"FADESP\" \/>\n<meta property=\"article:publisher\" content=\"https:\/\/www.facebook.com\/Fadesp-138351949524662\/\" \/>\n<meta property=\"article:modified_time\" content=\"2022-12-20T15:50:39+00:00\" \/>\n<meta name=\"twitter:card\" content=\"summary_large_image\" \/>\n<meta name=\"twitter:site\" content=\"@Fadesp\" \/>\n<meta name=\"twitter:label1\" content=\"Est. tempo de leitura\" \/>\n\t<meta name=\"twitter:data1\" content=\"1 minuto\" \/>\n<script type=\"application\/ld+json\" class=\"yoast-schema-graph\">{\"@context\":\"https:\/\/schema.org\",\"@graph\":[{\"@type\":\"WebPage\",\"@id\":\"https:\/\/portalfadesp.org.br\/?page_id=9247\",\"url\":\"https:\/\/portalfadesp.org.br\/?page_id=9247\",\"name\":\"Prefeitura de Parauapebas - Agente de Tr\u00e2nsito - 2012 - FADESP\",\"isPartOf\":{\"@id\":\"https:\/\/portalfadesp.org.br\/#website\"},\"datePublished\":\"2012-11-04T15:29:34+00:00\",\"dateModified\":\"2022-12-20T15:50:39+00:00\",\"breadcrumb\":{\"@id\":\"https:\/\/portalfadesp.org.br\/?page_id=9247#breadcrumb\"},\"inLanguage\":\"pt-BR\",\"potentialAction\":[{\"@type\":\"ReadAction\",\"target\":[\"https:\/\/portalfadesp.org.br\/?page_id=9247\"]}]},{\"@type\":\"BreadcrumbList\",\"@id\":\"https:\/\/portalfadesp.org.br\/?page_id=9247#breadcrumb\",\"itemListElement\":[{\"@type\":\"ListItem\",\"position\":1,\"name\":\"In\u00edcio\",\"item\":\"https:\/\/portalfadesp.org.br\/\"},{\"@type\":\"ListItem\",\"position\":2,\"name\":\"Concursos &#8211; Homologados\",\"item\":\"https:\/\/portalfadesp.org.br\/?page_id=329\"},{\"@type\":\"ListItem\",\"position\":3,\"name\":\"Prefeitura de Parauapebas &#8211; Agente de Tr\u00e2nsito &#8211; 2012\"}]},{\"@type\":\"WebSite\",\"@id\":\"https:\/\/portalfadesp.org.br\/#website\",\"url\":\"https:\/\/portalfadesp.org.br\/\",\"name\":\"FADESP\",\"description\":\"Funda\u00e7\u00e3o de Amparo e Desenvolvimento da Pesquisa\",\"publisher\":{\"@id\":\"https:\/\/portalfadesp.org.br\/#organization\"},\"potentialAction\":[{\"@type\":\"SearchAction\",\"target\":{\"@type\":\"EntryPoint\",\"urlTemplate\":\"https:\/\/portalfadesp.org.br\/?s={search_term_string}\"},\"query-input\":{\"@type\":\"PropertyValueSpecification\",\"valueRequired\":true,\"valueName\":\"search_term_string\"}}],\"inLanguage\":\"pt-BR\"},{\"@type\":\"Organization\",\"@id\":\"https:\/\/portalfadesp.org.br\/#organization\",\"name\":\"FADESP\",\"url\":\"https:\/\/portalfadesp.org.br\/\",\"logo\":{\"@type\":\"ImageObject\",\"inLanguage\":\"pt-BR\",\"@id\":\"https:\/\/portalfadesp.org.br\/#\/schema\/logo\/image\/\",\"url\":\"https:\/\/portalfadesp.org.br\/wp-content\/uploads\/2024\/01\/NOVOLOGOFADESPlaranjaH.png\",\"contentUrl\":\"https:\/\/portalfadesp.org.br\/wp-content\/uploads\/2024\/01\/NOVOLOGOFADESPlaranjaH.png\",\"width\":2742,\"height\":839,\"caption\":\"FADESP\"},\"image\":{\"@id\":\"https:\/\/portalfadesp.org.br\/#\/schema\/logo\/image\/\"},\"sameAs\":[\"https:\/\/www.facebook.com\/Fadesp-138351949524662\/\",\"https:\/\/x.com\/Fadesp\",\"https:\/\/www.instagram.com\/fadesp_ufpa\/\",\"https:\/\/www.youtube.com\/@fundacaodeamparoedesenvolv1903\",\"https:\/\/www.threads.net\/@fadesp_ufpa\"]}]}<\/script>\n<!-- \/ Yoast SEO plugin. -->","yoast_head_json":{"title":"Prefeitura de Parauapebas - Agente de Tr\u00e2nsito - 2012 - FADESP","robots":{"index":"index","follow":"follow","max-snippet":"max-snippet:-1","max-image-preview":"max-image-preview:large","max-video-preview":"max-video-preview:-1"},"canonical":"https:\/\/portalfadesp.org.br\/?page_id=9247","og_locale":"pt_BR","og_type":"article","og_title":"Prefeitura de Parauapebas - Agente de Tr\u00e2nsito - 2012 - FADESP","og_description":"Prefeitura de Parauapebas &#8211; Agente de Tr\u00e2nsito &#8211; 2012 A Prefeitura Municipal de Parauapebas, estado do Par\u00e1, no uso de suas atribui\u00e7\u00f5es, torna p\u00fablica a realiza\u00e7\u00e3o de Concurso P\u00fablico destinado ao preenchimento de vagas do quadro de pessoal efetivo da Prefeitura Municipal de Parauapebas, mediante as condi\u00e7\u00f5es estabelecidas no Edital de Abertura que consta neste [&hellip;]","og_url":"https:\/\/portalfadesp.org.br\/?page_id=9247","og_site_name":"FADESP","article_publisher":"https:\/\/www.facebook.com\/Fadesp-138351949524662\/","article_modified_time":"2022-12-20T15:50:39+00:00","twitter_card":"summary_large_image","twitter_site":"@Fadesp","twitter_misc":{"Est. tempo de leitura":"1 minuto"},"schema":{"@context":"https:\/\/schema.org","@graph":[{"@type":"WebPage","@id":"https:\/\/portalfadesp.org.br\/?page_id=9247","url":"https:\/\/portalfadesp.org.br\/?page_id=9247","name":"Prefeitura de Parauapebas - Agente de Tr\u00e2nsito - 2012 - FADESP","isPartOf":{"@id":"https:\/\/portalfadesp.org.br\/#website"},"datePublished":"2012-11-04T15:29:34+00:00","dateModified":"2022-12-20T15:50:39+00:00","breadcrumb":{"@id":"https:\/\/portalfadesp.org.br\/?page_id=9247#breadcrumb"},"inLanguage":"pt-BR","potentialAction":[{"@type":"ReadAction","target":["https:\/\/portalfadesp.org.br\/?page_id=9247"]}]},{"@type":"BreadcrumbList","@id":"https:\/\/portalfadesp.org.br\/?page_id=9247#breadcrumb","itemListElement":[{"@type":"ListItem","position":1,"name":"In\u00edcio","item":"https:\/\/portalfadesp.org.br\/"},{"@type":"ListItem","position":2,"name":"Concursos &#8211; Homologados","item":"https:\/\/portalfadesp.org.br\/?page_id=329"},{"@type":"ListItem","position":3,"name":"Prefeitura de Parauapebas &#8211; Agente de Tr\u00e2nsito &#8211; 2012"}]},{"@type":"WebSite","@id":"https:\/\/portalfadesp.org.br\/#website","url":"https:\/\/portalfadesp.org.br\/","name":"FADESP","description":"Funda\u00e7\u00e3o de Amparo e Desenvolvimento da Pesquisa","publisher":{"@id":"https:\/\/portalfadesp.org.br\/#organization"},"potentialAction":[{"@type":"SearchAction","target":{"@type":"EntryPoint","urlTemplate":"https:\/\/portalfadesp.org.br\/?s={search_term_string}"},"query-input":{"@type":"PropertyValueSpecification","valueRequired":true,"valueName":"search_term_string"}}],"inLanguage":"pt-BR"},{"@type":"Organization","@id":"https:\/\/portalfadesp.org.br\/#organization","name":"FADESP","url":"https:\/\/portalfadesp.org.br\/","logo":{"@type":"ImageObject","inLanguage":"pt-BR","@id":"https:\/\/portalfadesp.org.br\/#\/schema\/logo\/image\/","url":"https:\/\/portalfadesp.org.br\/wp-content\/uploads\/2024\/01\/NOVOLOGOFADESPlaranjaH.png","contentUrl":"https:\/\/portalfadesp.org.br\/wp-content\/uploads\/2024\/01\/NOVOLOGOFADESPlaranjaH.png","width":2742,"height":839,"caption":"FADESP"},"image":{"@id":"https:\/\/portalfadesp.org.br\/#\/schema\/logo\/image\/"},"sameAs":["https:\/\/www.facebook.com\/Fadesp-138351949524662\/","https:\/\/x.com\/Fadesp","https:\/\/www.instagram.com\/fadesp_ufpa\/","https:\/\/www.youtube.com\/@fundacaodeamparoedesenvolv1903","https:\/\/www.threads.net\/@fadesp_ufpa"]}]}},"_links":{"self":[{"href":"https:\/\/portalfadesp.org.br\/index.php?rest_route=\/wp\/v2\/pages\/9247","targetHints":{"allow":["GET"]}}],"collection":[{"href":"https:\/\/portalfadesp.org.br\/index.php?rest_route=\/wp\/v2\/pages"}],"about":[{"href":"https:\/\/portalfadesp.org.br\/index.php?rest_route=\/wp\/v2\/types\/page"}],"author":[{"embeddable":true,"href":"https:\/\/portalfadesp.org.br\/index.php?rest_route=\/wp\/v2\/users\/9"}],"replies":[{"embeddable":true,"href":"https:\/\/portalfadesp.org.br\/index.php?rest_route=%2Fwp%2Fv2%2Fcomments&post=9247"}],"version-history":[{"count":23,"href":"https:\/\/portalfadesp.org.br\/index.php?rest_route=\/wp\/v2\/pages\/9247\/revisions"}],"predecessor-version":[{"id":36726,"href":"https:\/\/portalfadesp.org.br\/index.php?rest_route=\/wp\/v2\/pages\/9247\/revisions\/36726"}],"up":[{"embeddable":true,"href":"https:\/\/portalfadesp.org.br\/index.php?rest_route=\/wp\/v2\/pages\/329"}],"wp:attachment":[{"href":"https:\/\/portalfadesp.org.br\/index.php?rest_route=%2Fwp%2Fv2%2Fmedia&parent=9247"}],"curies":[{"name":"wp","href":"https:\/\/api.w.org\/{rel}","templated":true}]}}