{"id":695,"date":"2019-03-06T16:29:53","date_gmt":"2019-03-06T19:29:53","guid":{"rendered":"https:\/\/162.215.13.167final\/?page_id=695"},"modified":"2025-06-13T10:53:41","modified_gmt":"2025-06-13T13:53:41","slug":"credenciamentos","status":"publish","type":"page","link":"https:\/\/portalfadesp.org.br\/?page_id=695","title":{"rendered":"Credenciamentos"},"content":{"rendered":"\t\t<div data-elementor-type=\"wp-post\" data-elementor-id=\"695\" class=\"elementor elementor-695\" data-elementor-post-type=\"page\">\n\t\t\t\t\t\t<section class=\"elementor-section elementor-top-section elementor-element elementor-element-6fa09416 elementor-section-full_width elementor-section-height-default elementor-section-height-default\" data-id=\"6fa09416\" data-element_type=\"section\">\n\t\t\t\t\t\t<div class=\"elementor-container elementor-column-gap-default\">\n\t\t\t\t\t<section class=\"elementor-column elementor-col-100 elementor-top-column elementor-element elementor-element-202923f3\" data-id=\"202923f3\" data-element_type=\"column\">\n\t\t\t<div class=\"elementor-widget-wrap elementor-element-populated\">\n\t\t\t\t\t\t<div class=\"elementor-element elementor-element-7440aa9d elementor-widget elementor-widget-heading\" data-id=\"7440aa9d\" data-element_type=\"widget\" data-widget_type=\"heading.default\">\n\t\t\t\t<div class=\"elementor-widget-container\">\n\t\t\t\t\t<h2 class=\"elementor-heading-title elementor-size-default\">Credenciamentos<\/h2>\t\t\t\t<\/div>\n\t\t\t\t<\/div>\n\t\t\t\t\t<\/div>\n\t\t<\/section>\n\t\t\t\t\t<\/div>\n\t\t<\/section>\n\t\t\t\t<section class=\"elementor-section elementor-top-section elementor-element elementor-element-6b41a0eb elementor-section-content-middle elementor-section-boxed elementor-section-height-default elementor-section-height-default\" data-id=\"6b41a0eb\" data-element_type=\"section\">\n\t\t\t\t\t\t<div class=\"elementor-container elementor-column-gap-default\">\n\t\t\t\t\t<div class=\"elementor-column elementor-col-33 elementor-top-column elementor-element elementor-element-4e790212\" data-id=\"4e790212\" data-element_type=\"column\">\n\t\t\t<div class=\"elementor-widget-wrap elementor-element-populated\">\n\t\t\t\t\t\t<div class=\"elementor-element elementor-element-5b42775f elementor-widget elementor-widget-image\" data-id=\"5b42775f\" data-element_type=\"widget\" data-widget_type=\"image.default\">\n\t\t\t\t<div class=\"elementor-widget-container\">\n\t\t\t\t\t\t\t\t\t\t\t\t\t\t\t<img fetchpriority=\"high\" decoding=\"async\" width=\"1000\" height=\"667\" src=\"https:\/\/portalfadesp.org.br\/wp-content\/uploads\/2025\/06\/Credenciamento_portal_FADESP.jpg\" class=\"attachment-large size-large wp-image-50341\" alt=\"\" srcset=\"https:\/\/portalfadesp.org.br\/wp-content\/uploads\/2025\/06\/Credenciamento_portal_FADESP.jpg 1000w, https:\/\/portalfadesp.org.br\/wp-content\/uploads\/2025\/06\/Credenciamento_portal_FADESP-300x200.jpg 300w, https:\/\/portalfadesp.org.br\/wp-content\/uploads\/2025\/06\/Credenciamento_portal_FADESP-768x512.jpg 768w\" sizes=\"(max-width: 1000px) 100vw, 1000px\" \/>\t\t\t\t\t\t\t\t\t\t\t\t\t\t\t<\/div>\n\t\t\t\t<\/div>\n\t\t\t\t\t<\/div>\n\t\t<\/div>\n\t\t\t\t<div class=\"elementor-column elementor-col-66 elementor-top-column elementor-element elementor-element-23b0bcb3\" data-id=\"23b0bcb3\" data-element_type=\"column\">\n\t\t\t<div class=\"elementor-widget-wrap elementor-element-populated\">\n\t\t\t\t\t\t<div class=\"elementor-element elementor-element-6f19e72c elementor-widget elementor-widget-text-editor\" data-id=\"6f19e72c\" data-element_type=\"widget\" data-widget_type=\"text-editor.default\">\n\t\t\t\t<div class=\"elementor-widget-container\">\n\t\t\t\t\t\t\t\t\t<p data-start=\"148\" data-end=\"506\">A Funda\u00e7\u00e3o de Amparo e Desenvolvimento da Pesquisa (FADESP) \u00e9 credenciada, junto ao MEC e ao MCTI, para atuar como Funda\u00e7\u00e3o de Apoio da UFPA, nos termos da Lei n\u00ba 8.958\/94, apoiando projetos de ensino, pesquisa, extens\u00e3o, desenvolvimento institucional, cient\u00edfico e tecnol\u00f3gico, al\u00e9m do est\u00edmulo \u00e0 inova\u00e7\u00e3o, inclusive na gest\u00e3o administrativa e financeira.<\/p><p data-start=\"508\" data-end=\"717\">Tamb\u00e9m somos credenciados junto ao CNPq para realizar importa\u00e7\u00f5es de bens destinados \u00e0 pesquisa cient\u00edfica e tecnol\u00f3gica, com os benef\u00edcios previstos na Lei n\u00ba 8.010, de 29 de mar\u00e7o de 1990, e suas altera\u00e7\u00f5es.<\/p>\t\t\t\t\t\t\t\t<\/div>\n\t\t\t\t<\/div>\n\t\t\t\t<section class=\"elementor-section elementor-inner-section elementor-element elementor-element-de71c1e elementor-section-full_width elementor-section-content-middle elementor-section-height-default elementor-section-height-default\" data-id=\"de71c1e\" data-element_type=\"section\">\n\t\t\t\t\t\t<div class=\"elementor-container elementor-column-gap-default\">\n\t\t\t\t\t<div class=\"elementor-column elementor-col-50 elementor-inner-column elementor-element elementor-element-8dfd2a5\" data-id=\"8dfd2a5\" data-element_type=\"column\">\n\t\t\t<div class=\"elementor-widget-wrap elementor-element-populated\">\n\t\t\t\t\t\t<div class=\"elementor-element elementor-element-38cc8a5 w-100 btn-primary elementor-mobile-align-center elementor-widget elementor-widget-button\" data-id=\"38cc8a5\" data-element_type=\"widget\" data-widget_type=\"button.default\">\n\t\t\t\t<div class=\"elementor-widget-container\">\n\t\t\t\t\t\t\t\t\t<div class=\"elementor-button-wrapper\">\n\t\t\t\t\t<a class=\"elementor-button elementor-button-link elementor-size-sm\" href=\"https:\/\/portalfadesp.org.br\/wp-content\/uploads\/2025\/06\/Extrato-publicacao-CNPq.pdf\" id=\"button-credenciar\">\n\t\t\t\t\t\t<span class=\"elementor-button-content-wrapper\">\n\t\t\t\t\t\t\t\t\t<span class=\"elementor-button-text\">Credenciamento CNPq<\/span>\n\t\t\t\t\t<\/span>\n\t\t\t\t\t<\/a>\n\t\t\t\t<\/div>\n\t\t\t\t\t\t\t\t<\/div>\n\t\t\t\t<\/div>\n\t\t\t\t\t<\/div>\n\t\t<\/div>\n\t\t\t\t<div class=\"elementor-column elementor-col-50 elementor-inner-column elementor-element elementor-element-1570cd4\" data-id=\"1570cd4\" data-element_type=\"column\">\n\t\t\t<div class=\"elementor-widget-wrap elementor-element-populated\">\n\t\t\t\t\t\t<div class=\"elementor-element elementor-element-f6473a9 w-100 btn-primary elementor-align-left elementor-mobile-align-center elementor-widget__width-initial elementor-widget elementor-widget-button\" data-id=\"f6473a9\" data-element_type=\"widget\" data-widget_type=\"button.default\">\n\t\t\t\t<div class=\"elementor-widget-container\">\n\t\t\t\t\t\t\t\t\t<div class=\"elementor-button-wrapper\">\n\t\t\t\t\t<a class=\"elementor-button elementor-button-link elementor-size-sm\" href=\"https:\/\/portalfadesp.org.br\/wp-content\/uploads\/2023\/08\/UFPA-PUBLICACAO-PORTARIA-MEC_MCTI-No-162-2020-RECREDENCIAMENTO.pdf\" id=\"button-credenciar\">\n\t\t\t\t\t\t<span class=\"elementor-button-content-wrapper\">\n\t\t\t\t\t\t\t\t\t<span class=\"elementor-button-text\">Credenciamento UFPA<\/span>\n\t\t\t\t\t<\/span>\n\t\t\t\t\t<\/a>\n\t\t\t\t<\/div>\n\t\t\t\t\t\t\t\t<\/div>\n\t\t\t\t<\/div>\n\t\t\t\t\t<\/div>\n\t\t<\/div>\n\t\t\t\t\t<\/div>\n\t\t<\/section>\n\t\t\t\t\t<\/div>\n\t\t<\/div>\n\t\t\t\t\t<\/div>\n\t\t<\/section>\n\t\t\t\t<\/div>\n\t\t","protected":false},"excerpt":{"rendered":"<p>Credenciamentos A Funda\u00e7\u00e3o de Amparo e Desenvolvimento da Pesquisa (FADESP) \u00e9 credenciada, junto ao MEC e ao MCTI, para atuar como Funda\u00e7\u00e3o de Apoio da UFPA, nos termos da Lei n\u00ba 8.958\/94, apoiando projetos de ensino, pesquisa, extens\u00e3o, desenvolvimento institucional, cient\u00edfico e tecnol\u00f3gico, al\u00e9m do est\u00edmulo \u00e0 inova\u00e7\u00e3o, inclusive na gest\u00e3o administrativa e financeira. Tamb\u00e9m [&hellip;]<\/p>\n","protected":false},"author":11,"featured_media":0,"parent":0,"menu_order":0,"comment_status":"closed","ping_status":"closed","template":"","meta":{"_monsterinsights_skip_tracking":false,"_monsterinsights_sitenote_active":false,"_monsterinsights_sitenote_note":"","_monsterinsights_sitenote_category":0,"footnotes":""},"class_list":["post-695","page","type-page","status-publish","hentry","entry"],"yoast_head":"<!-- This site is optimized with the Yoast SEO plugin v25.1 - https:\/\/yoast.com\/wordpress\/plugins\/seo\/ -->\n<title>Credenciamentos - FADESP<\/title>\n<meta name=\"robots\" content=\"index, follow, max-snippet:-1, max-image-preview:large, max-video-preview:-1\" \/>\n<link rel=\"canonical\" href=\"https:\/\/portalfadesp.org.br\/?page_id=695\" \/>\n<meta property=\"og:locale\" content=\"pt_BR\" \/>\n<meta property=\"og:type\" content=\"article\" \/>\n<meta property=\"og:title\" content=\"Credenciamentos - FADESP\" \/>\n<meta property=\"og:description\" content=\"Credenciamentos A Funda\u00e7\u00e3o de Amparo e Desenvolvimento da Pesquisa (FADESP) \u00e9 credenciada, junto ao MEC e ao MCTI, para atuar como Funda\u00e7\u00e3o de Apoio da UFPA, nos termos da Lei n\u00ba 8.958\/94, apoiando projetos de ensino, pesquisa, extens\u00e3o, desenvolvimento institucional, cient\u00edfico e tecnol\u00f3gico, al\u00e9m do est\u00edmulo \u00e0 inova\u00e7\u00e3o, inclusive na gest\u00e3o administrativa e financeira. Tamb\u00e9m [&hellip;]\" \/>\n<meta property=\"og:url\" content=\"https:\/\/portalfadesp.org.br\/?page_id=695\" \/>\n<meta property=\"og:site_name\" content=\"FADESP\" \/>\n<meta property=\"article:publisher\" content=\"https:\/\/www.facebook.com\/Fadesp-138351949524662\/\" \/>\n<meta property=\"article:modified_time\" content=\"2025-06-13T13:53:41+00:00\" \/>\n<meta property=\"og:image\" content=\"https:\/\/portalfadesp.org.br\/wp-content\/uploads\/2025\/06\/Credenciamento_portal_FADESP.jpg\" \/>\n\t<meta property=\"og:image:width\" content=\"1000\" \/>\n\t<meta property=\"og:image:height\" content=\"667\" \/>\n\t<meta property=\"og:image:type\" content=\"image\/jpeg\" \/>\n<meta name=\"twitter:card\" content=\"summary_large_image\" \/>\n<meta name=\"twitter:site\" content=\"@Fadesp\" \/>\n<meta name=\"twitter:label1\" content=\"Est. tempo de leitura\" \/>\n\t<meta name=\"twitter:data1\" content=\"1 minuto\" \/>\n<script type=\"application\/ld+json\" class=\"yoast-schema-graph\">{\"@context\":\"https:\/\/schema.org\",\"@graph\":[{\"@type\":\"WebPage\",\"@id\":\"https:\/\/portalfadesp.org.br\/?page_id=695\",\"url\":\"https:\/\/portalfadesp.org.br\/?page_id=695\",\"name\":\"Credenciamentos - FADESP\",\"isPartOf\":{\"@id\":\"https:\/\/portalfadesp.org.br\/#website\"},\"primaryImageOfPage\":{\"@id\":\"https:\/\/portalfadesp.org.br\/?page_id=695#primaryimage\"},\"image\":{\"@id\":\"https:\/\/portalfadesp.org.br\/?page_id=695#primaryimage\"},\"thumbnailUrl\":\"https:\/\/portalfadesp.org.br\/wp-content\/uploads\/2025\/06\/Credenciamento_portal_FADESP.jpg\",\"datePublished\":\"2019-03-06T19:29:53+00:00\",\"dateModified\":\"2025-06-13T13:53:41+00:00\",\"breadcrumb\":{\"@id\":\"https:\/\/portalfadesp.org.br\/?page_id=695#breadcrumb\"},\"inLanguage\":\"pt-BR\",\"potentialAction\":[{\"@type\":\"ReadAction\",\"target\":[\"https:\/\/portalfadesp.org.br\/?page_id=695\"]}]},{\"@type\":\"ImageObject\",\"inLanguage\":\"pt-BR\",\"@id\":\"https:\/\/portalfadesp.org.br\/?page_id=695#primaryimage\",\"url\":\"https:\/\/portalfadesp.org.br\/wp-content\/uploads\/2025\/06\/Credenciamento_portal_FADESP.jpg\",\"contentUrl\":\"https:\/\/portalfadesp.org.br\/wp-content\/uploads\/2025\/06\/Credenciamento_portal_FADESP.jpg\",\"width\":1000,\"height\":667},{\"@type\":\"BreadcrumbList\",\"@id\":\"https:\/\/portalfadesp.org.br\/?page_id=695#breadcrumb\",\"itemListElement\":[{\"@type\":\"ListItem\",\"position\":1,\"name\":\"In\u00edcio\",\"item\":\"https:\/\/portalfadesp.org.br\/\"},{\"@type\":\"ListItem\",\"position\":2,\"name\":\"Credenciamentos\"}]},{\"@type\":\"WebSite\",\"@id\":\"https:\/\/portalfadesp.org.br\/#website\",\"url\":\"https:\/\/portalfadesp.org.br\/\",\"name\":\"FADESP\",\"description\":\"Funda\u00e7\u00e3o de Amparo e Desenvolvimento da Pesquisa\",\"publisher\":{\"@id\":\"https:\/\/portalfadesp.org.br\/#organization\"},\"potentialAction\":[{\"@type\":\"SearchAction\",\"target\":{\"@type\":\"EntryPoint\",\"urlTemplate\":\"https:\/\/portalfadesp.org.br\/?s={search_term_string}\"},\"query-input\":{\"@type\":\"PropertyValueSpecification\",\"valueRequired\":true,\"valueName\":\"search_term_string\"}}],\"inLanguage\":\"pt-BR\"},{\"@type\":\"Organization\",\"@id\":\"https:\/\/portalfadesp.org.br\/#organization\",\"name\":\"FADESP\",\"url\":\"https:\/\/portalfadesp.org.br\/\",\"logo\":{\"@type\":\"ImageObject\",\"inLanguage\":\"pt-BR\",\"@id\":\"https:\/\/portalfadesp.org.br\/#\/schema\/logo\/image\/\",\"url\":\"https:\/\/portalfadesp.org.br\/wp-content\/uploads\/2024\/01\/NOVOLOGOFADESPlaranjaH.png\",\"contentUrl\":\"https:\/\/portalfadesp.org.br\/wp-content\/uploads\/2024\/01\/NOVOLOGOFADESPlaranjaH.png\",\"width\":2742,\"height\":839,\"caption\":\"FADESP\"},\"image\":{\"@id\":\"https:\/\/portalfadesp.org.br\/#\/schema\/logo\/image\/\"},\"sameAs\":[\"https:\/\/www.facebook.com\/Fadesp-138351949524662\/\",\"https:\/\/x.com\/Fadesp\",\"https:\/\/www.instagram.com\/fadesp_ufpa\/\",\"https:\/\/www.youtube.com\/@fundacaodeamparoedesenvolv1903\",\"https:\/\/www.threads.net\/@fadesp_ufpa\"]}]}<\/script>\n<!-- \/ Yoast SEO plugin. -->","yoast_head_json":{"title":"Credenciamentos - FADESP","robots":{"index":"index","follow":"follow","max-snippet":"max-snippet:-1","max-image-preview":"max-image-preview:large","max-video-preview":"max-video-preview:-1"},"canonical":"https:\/\/portalfadesp.org.br\/?page_id=695","og_locale":"pt_BR","og_type":"article","og_title":"Credenciamentos - FADESP","og_description":"Credenciamentos A Funda\u00e7\u00e3o de Amparo e Desenvolvimento da Pesquisa (FADESP) \u00e9 credenciada, junto ao MEC e ao MCTI, para atuar como Funda\u00e7\u00e3o de Apoio da UFPA, nos termos da Lei n\u00ba 8.958\/94, apoiando projetos de ensino, pesquisa, extens\u00e3o, desenvolvimento institucional, cient\u00edfico e tecnol\u00f3gico, al\u00e9m do est\u00edmulo \u00e0 inova\u00e7\u00e3o, inclusive na gest\u00e3o administrativa e financeira. Tamb\u00e9m [&hellip;]","og_url":"https:\/\/portalfadesp.org.br\/?page_id=695","og_site_name":"FADESP","article_publisher":"https:\/\/www.facebook.com\/Fadesp-138351949524662\/","article_modified_time":"2025-06-13T13:53:41+00:00","og_image":[{"width":1000,"height":667,"url":"https:\/\/portalfadesp.org.br\/wp-content\/uploads\/2025\/06\/Credenciamento_portal_FADESP.jpg","type":"image\/jpeg"}],"twitter_card":"summary_large_image","twitter_site":"@Fadesp","twitter_misc":{"Est. tempo de leitura":"1 minuto"},"schema":{"@context":"https:\/\/schema.org","@graph":[{"@type":"WebPage","@id":"https:\/\/portalfadesp.org.br\/?page_id=695","url":"https:\/\/portalfadesp.org.br\/?page_id=695","name":"Credenciamentos - FADESP","isPartOf":{"@id":"https:\/\/portalfadesp.org.br\/#website"},"primaryImageOfPage":{"@id":"https:\/\/portalfadesp.org.br\/?page_id=695#primaryimage"},"image":{"@id":"https:\/\/portalfadesp.org.br\/?page_id=695#primaryimage"},"thumbnailUrl":"https:\/\/portalfadesp.org.br\/wp-content\/uploads\/2025\/06\/Credenciamento_portal_FADESP.jpg","datePublished":"2019-03-06T19:29:53+00:00","dateModified":"2025-06-13T13:53:41+00:00","breadcrumb":{"@id":"https:\/\/portalfadesp.org.br\/?page_id=695#breadcrumb"},"inLanguage":"pt-BR","potentialAction":[{"@type":"ReadAction","target":["https:\/\/portalfadesp.org.br\/?page_id=695"]}]},{"@type":"ImageObject","inLanguage":"pt-BR","@id":"https:\/\/portalfadesp.org.br\/?page_id=695#primaryimage","url":"https:\/\/portalfadesp.org.br\/wp-content\/uploads\/2025\/06\/Credenciamento_portal_FADESP.jpg","contentUrl":"https:\/\/portalfadesp.org.br\/wp-content\/uploads\/2025\/06\/Credenciamento_portal_FADESP.jpg","width":1000,"height":667},{"@type":"BreadcrumbList","@id":"https:\/\/portalfadesp.org.br\/?page_id=695#breadcrumb","itemListElement":[{"@type":"ListItem","position":1,"name":"In\u00edcio","item":"https:\/\/portalfadesp.org.br\/"},{"@type":"ListItem","position":2,"name":"Credenciamentos"}]},{"@type":"WebSite","@id":"https:\/\/portalfadesp.org.br\/#website","url":"https:\/\/portalfadesp.org.br\/","name":"FADESP","description":"Funda\u00e7\u00e3o de Amparo e Desenvolvimento da Pesquisa","publisher":{"@id":"https:\/\/portalfadesp.org.br\/#organization"},"potentialAction":[{"@type":"SearchAction","target":{"@type":"EntryPoint","urlTemplate":"https:\/\/portalfadesp.org.br\/?s={search_term_string}"},"query-input":{"@type":"PropertyValueSpecification","valueRequired":true,"valueName":"search_term_string"}}],"inLanguage":"pt-BR"},{"@type":"Organization","@id":"https:\/\/portalfadesp.org.br\/#organization","name":"FADESP","url":"https:\/\/portalfadesp.org.br\/","logo":{"@type":"ImageObject","inLanguage":"pt-BR","@id":"https:\/\/portalfadesp.org.br\/#\/schema\/logo\/image\/","url":"https:\/\/portalfadesp.org.br\/wp-content\/uploads\/2024\/01\/NOVOLOGOFADESPlaranjaH.png","contentUrl":"https:\/\/portalfadesp.org.br\/wp-content\/uploads\/2024\/01\/NOVOLOGOFADESPlaranjaH.png","width":2742,"height":839,"caption":"FADESP"},"image":{"@id":"https:\/\/portalfadesp.org.br\/#\/schema\/logo\/image\/"},"sameAs":["https:\/\/www.facebook.com\/Fadesp-138351949524662\/","https:\/\/x.com\/Fadesp","https:\/\/www.instagram.com\/fadesp_ufpa\/","https:\/\/www.youtube.com\/@fundacaodeamparoedesenvolv1903","https:\/\/www.threads.net\/@fadesp_ufpa"]}]}},"_links":{"self":[{"href":"https:\/\/portalfadesp.org.br\/index.php?rest_route=\/wp\/v2\/pages\/695","targetHints":{"allow":["GET"]}}],"collection":[{"href":"https:\/\/portalfadesp.org.br\/index.php?rest_route=\/wp\/v2\/pages"}],"about":[{"href":"https:\/\/portalfadesp.org.br\/index.php?rest_route=\/wp\/v2\/types\/page"}],"author":[{"embeddable":true,"href":"https:\/\/portalfadesp.org.br\/index.php?rest_route=\/wp\/v2\/users\/11"}],"replies":[{"embeddable":true,"href":"https:\/\/portalfadesp.org.br\/index.php?rest_route=%2Fwp%2Fv2%2Fcomments&post=695"}],"version-history":[{"count":54,"href":"https:\/\/portalfadesp.org.br\/index.php?rest_route=\/wp\/v2\/pages\/695\/revisions"}],"predecessor-version":[{"id":50344,"href":"https:\/\/portalfadesp.org.br\/index.php?rest_route=\/wp\/v2\/pages\/695\/revisions\/50344"}],"wp:attachment":[{"href":"https:\/\/portalfadesp.org.br\/index.php?rest_route=%2Fwp%2Fv2%2Fmedia&parent=695"}],"curies":[{"name":"wp","href":"https:\/\/api.w.org\/{rel}","templated":true}]}}