{"id":52915,"date":"2025-12-12T08:52:04","date_gmt":"2025-12-12T11:52:04","guid":{"rendered":"https:\/\/portalfadesp.org.br\/?page_id=52915"},"modified":"2026-02-13T22:57:04","modified_gmt":"2026-02-14T01:57:04","slug":"pagina_concurso_modelo-4","status":"publish","type":"page","link":"https:\/\/portalfadesp.org.br\/?page_id=52915","title":{"rendered":"PROCESSO SELETIVO BOLSAS ITV &#8211; VALE"},"content":{"rendered":"\t\t<div data-elementor-type=\"wp-post\" data-elementor-id=\"52915\" class=\"elementor elementor-52915\" data-elementor-post-type=\"page\">\n\t\t\t\t\t\t<section class=\"elementor-section elementor-top-section elementor-element elementor-element-1f2996d1 elementor-section-boxed elementor-section-height-default elementor-section-height-default\" data-id=\"1f2996d1\" data-element_type=\"section\">\n\t\t\t\t\t\t<div class=\"elementor-container elementor-column-gap-default\">\n\t\t\t\t\t<div class=\"elementor-column elementor-col-100 elementor-top-column elementor-element elementor-element-59a4b3f8\" data-id=\"59a4b3f8\" data-element_type=\"column\">\n\t\t\t<div class=\"elementor-widget-wrap elementor-element-populated\">\n\t\t\t\t\t\t<div class=\"elementor-element elementor-element-799471af elementor-widget elementor-widget-heading\" data-id=\"799471af\" data-element_type=\"widget\" data-widget_type=\"heading.default\">\n\t\t\t\t<div class=\"elementor-widget-container\">\n\t\t\t\t\t<h1 class=\"elementor-heading-title elementor-size-default\">PROCESSO SELETIVO BOLSAS ITV - VALE<\/h1>\t\t\t\t<\/div>\n\t\t\t\t<\/div>\n\t\t\t\t<section class=\"elementor-section elementor-inner-section elementor-element elementor-element-336311f elementor-section-boxed elementor-section-height-default elementor-section-height-default\" data-id=\"336311f\" data-element_type=\"section\">\n\t\t\t\t\t\t<div class=\"elementor-container elementor-column-gap-default\">\n\t\t\t\t\t<div class=\"elementor-column elementor-col-50 elementor-inner-column elementor-element elementor-element-75ca0dc3\" data-id=\"75ca0dc3\" data-element_type=\"column\">\n\t\t\t<div class=\"elementor-widget-wrap elementor-element-populated\">\n\t\t\t\t\t\t<div class=\"elementor-element elementor-element-425a3096 elementor-widget elementor-widget-text-editor\" data-id=\"425a3096\" data-element_type=\"widget\" data-widget_type=\"text-editor.default\">\n\t\t\t\t<div class=\"elementor-widget-container\">\n\t\t\t\t\t\t\t\t\t<div><p>O Instituto Tecnol\u00f3gico Vale Desenvolvimento Sustent\u00e1vel &#8211; ITV DS torna p\u00fablico o Edital de Processo Seletivo destinado ao preenchimento de vagas de bolsistas para atendimento aos seus Projetos de Pesquisa, conforme normas estabelecidas neste Edital.<\/p><p><strong>In\u00edcio das Inscri\u00e7\u00f5es:<\/strong> 15\/12\/2025.\u00a0\u00a0<\/p><p><strong><u>Etapas<\/u><\/strong><\/p><p><b>1\u00aa Etapa<\/b>\u00a0\u2013 Solicita\u00e7\u00e3o de Inscri\u00e7\u00e3o, conforme detalhamento apresentado neste Edital; \u00a0<br \/><b>2\u00aa Etapa<\/b>\u00a0\u2013 Avalia\u00e7\u00e3o da Carta de Apresenta\u00e7\u00e3o e do Curr\u00edculo Lattes, com detalhamento apresentado neste Edital. Etapa eliminat\u00f3ria e classificat\u00f3ria.<br \/><b>3\u00aa Etapa<\/b>\u00a0\u2013 Entrevista com a banca examinadora, com detalhamento apresentado neste Edital. Etapa eliminat\u00f3ria e classificat\u00f3ria.<\/p><p><b>Linhas de Pesquisa ITV DS<\/b>:\u00a0Biodiversidade e Solu\u00e7\u00f5es Ambientais, Gen\u00f4mica Ambiental, Intelig\u00eancia Ambiental e Territ\u00f3rios e Recursos Naturais. Estas linhas de pesquisas, com seus respectivos projetos, encontram-se descritas no\u00a0<b>Anexo II<\/b>\u00a0do Edital.<\/p><p>O\u00a0<b>cronograma\u00a0<\/b>das atividades est\u00e1 dispon\u00edvel no\u00a0<b>Anexo III<\/b>\u00a0do Edital.<\/p><\/div><div>\u00a0<\/div>\t\t\t\t\t\t\t\t<\/div>\n\t\t\t\t<\/div>\n\t\t\t\t\t<\/div>\n\t\t<\/div>\n\t\t\t\t<div class=\"elementor-column elementor-col-50 elementor-inner-column elementor-element elementor-element-79608089\" data-id=\"79608089\" data-element_type=\"column\">\n\t\t\t<div class=\"elementor-widget-wrap elementor-element-populated\">\n\t\t\t\t\t\t<div class=\"elementor-element elementor-element-f6fffb7 elementor-widget elementor-widget-text-editor\" data-id=\"f6fffb7\" data-element_type=\"widget\" data-widget_type=\"text-editor.default\">\n\t\t\t\t<div class=\"elementor-widget-container\">\n\t\t\t\t\t\t\t\t\t<h3 class=\"botaoBug\"><a href=\"https:\/\/concursos3.fadesp.org.br\/selecao\/bolsaitv20253\/web\/\"><strong>\u00c1rea do candidato (Clique aqui)<\/strong><\/a><\/h3><div><em>* Na \u00e1rea do candidato poder\u00e1 ser realizado seu cadastro, inscri\u00e7\u00e3o, emiss\u00e3o de boleto, recursos, impress\u00e3o de cart\u00e3o com local de prova e afins\u2026<\/em><\/div>\t\t\t\t\t\t\t\t<\/div>\n\t\t\t\t<\/div>\n\t\t\t\t<div class=\"elementor-element elementor-element-7ccac55 elementor-widget elementor-widget-text-editor\" data-id=\"7ccac55\" data-element_type=\"widget\" data-widget_type=\"text-editor.default\">\n\t\t\t\t<div class=\"elementor-widget-container\">\n\t\t\t\t\t\t\t\t\t<p><span style=\"color: #ffffff;\"><strong>Editais\u00a0<\/strong><\/span><\/p>\t\t\t\t\t\t\t\t<\/div>\n\t\t\t\t<\/div>\n\t\t\t\t<div class=\"elementor-element elementor-element-368e568 elementor-widget elementor-widget-text-editor\" data-id=\"368e568\" data-element_type=\"widget\" data-widget_type=\"text-editor.default\">\n\t\t\t\t<div class=\"elementor-widget-container\">\n\t\t\t\t\t\t\t\t\t<p><a href=\"https:\/\/portalfadesp.org.br\/wp-content\/uploads\/2026\/02\/EDITAL-no-008-2025-\u2013-ITV-DS_Retifica-o-Resultado-Final-da-Selecao-de-Bolsistas.pdf\">EDITAL n\u00ba 008\/2025 \u2013 ITV DS Retifica o Resultado Final da Sele\u00e7\u00e3o de Bolsistas, de 04\/02\/2026 <strong>(Clique aqui)<\/strong><\/a><\/p><p><a href=\"https:\/\/portalfadesp.org.br\/wp-content\/uploads\/2026\/01\/EDITAL-no-007-2025-\u2013-ITV-DS_Resultado-Final-da-Selecao-de-Bolsistas.pdf\">EDITAL n\u00ba 007\/2025 \u2013 ITV DS Resultado Final da Sele\u00e7\u00e3o de Bolsistas, de 30\/01\/2026 <strong>(Clique aqui)<\/strong><\/a><\/p><p><a href=\"https:\/\/portalfadesp.org.br\/wp-content\/uploads\/2026\/01\/EDITAL-no-006-2025-\u2013-ITV-DS_Resultado-Preliminar-da-Selecao-de-Bolsistas.pdf\">EDITAL n\u00ba 006\/2025 \u2013 ITV DS Resultado Preliminar da Sele\u00e7\u00e3o de Bolsistas, de 24\/01\/2026 <strong>(Clique aqui)<\/strong><\/a><\/p><p><a href=\"https:\/\/portalfadesp.org.br\/wp-content\/uploads\/2026\/01\/EDITAL-no-005-2025-\u2013-ITV-DS_Resultado-Definitivo-da-avaliacao-dos-curriculos-e-demais-documentos-anexados.pdf\">EDITAL n\u00ba 005\/2025 \u2013 ITV DS Resultado Definitivo da avalia\u00e7\u00e3o dos curr\u00edculos e demais documentos anexados, de 18\/01\/2026 <strong>(Clique aqui)<\/strong><\/a><\/p><p><a href=\"https:\/\/portalfadesp.org.br\/wp-content\/uploads\/2026\/01\/EDITAL-no004-2025-\u2013-ITV-DS_Resultado-preliminar-da-avaliacao-dos-curriculos-e-demais-documentos-anexados.pdf\">EDITAL n\u00ba 004\/2025 \u2013 ITV DS Resultado preliminar da avalia\u00e7\u00e3o dos curr\u00edculos e demais documentos anexados, de 14\/01\/2026 <strong>(Clique aqui)<\/strong><\/a><\/p><p><a href=\"https:\/\/portalfadesp.org.br\/wp-content\/uploads\/2025\/12\/RETIFICACAO-02-03-04-05-e-06-do-EDITAL-no-03.2025.pdf\">RETIFICA\u00c7\u00c3O 02, 03, 04, 05 e 06 do EDITAL n\u00ba 030\/2025 ITV DS, de 22\/12\/2025 <strong>(Clique aqui)<\/strong><\/a><\/p><p><a href=\"https:\/\/portalfadesp.org.br\/wp-content\/uploads\/2025\/12\/RETIFICACAO-01-do-EDITAL-no-03.pdf\">RETIFICA\u00c7\u00c3O 01 do Edital 003\/2025 ITV DS, de 18\/12\/2025 <strong>(Clique aqui)<\/strong><\/a><\/p><p style=\"text-align: left;\"><a href=\"https:\/\/portalfadesp.org.br\/wp-content\/uploads\/2025\/12\/Edital_003_2025_ITV-DS.pdf\">Edital 003\/2025 ITV DS, de 15\/12\/2025 <strong>(Clique aqui)<\/strong><\/a><\/p>\t\t\t\t\t\t\t\t<\/div>\n\t\t\t\t<\/div>\n\t\t\t\t\t<\/div>\n\t\t<\/div>\n\t\t\t\t\t<\/div>\n\t\t<\/section>\n\t\t\t\t\t<\/div>\n\t\t<\/div>\n\t\t\t\t\t<\/div>\n\t\t<\/section>\n\t\t\t\t<\/div>\n\t\t","protected":false},"excerpt":{"rendered":"<p>PROCESSO SELETIVO BOLSAS ITV &#8211; VALE O Instituto Tecnol\u00f3gico Vale Desenvolvimento Sustent\u00e1vel &#8211; ITV DS torna p\u00fablico o Edital de Processo Seletivo destinado ao preenchimento de vagas de bolsistas para atendimento aos seus Projetos de Pesquisa, conforme normas estabelecidas neste Edital. In\u00edcio das Inscri\u00e7\u00f5es: 15\/12\/2025.\u00a0\u00a0 Etapas 1\u00aa Etapa\u00a0\u2013 Solicita\u00e7\u00e3o de Inscri\u00e7\u00e3o, conforme detalhamento apresentado neste [&hellip;]<\/p>\n","protected":false},"author":12,"featured_media":0,"parent":329,"menu_order":0,"comment_status":"closed","ping_status":"closed","template":"","meta":{"_monsterinsights_skip_tracking":false,"_monsterinsights_sitenote_active":false,"_monsterinsights_sitenote_note":"","_monsterinsights_sitenote_category":0,"footnotes":""},"class_list":["post-52915","page","type-page","status-publish","hentry","entry"],"yoast_head":"<!-- This site is optimized with the Yoast SEO plugin v25.1 - https:\/\/yoast.com\/wordpress\/plugins\/seo\/ -->\n<title>PROCESSO SELETIVO BOLSAS ITV - VALE - FADESP<\/title>\n<meta name=\"robots\" content=\"index, follow, max-snippet:-1, max-image-preview:large, max-video-preview:-1\" \/>\n<link rel=\"canonical\" href=\"https:\/\/portalfadesp.org.br\/?page_id=52915\" \/>\n<meta property=\"og:locale\" content=\"pt_BR\" \/>\n<meta property=\"og:type\" content=\"article\" \/>\n<meta property=\"og:title\" content=\"PROCESSO SELETIVO BOLSAS ITV - VALE - FADESP\" \/>\n<meta property=\"og:description\" content=\"PROCESSO SELETIVO BOLSAS ITV &#8211; VALE O Instituto Tecnol\u00f3gico Vale Desenvolvimento Sustent\u00e1vel &#8211; ITV DS torna p\u00fablico o Edital de Processo Seletivo destinado ao preenchimento de vagas de bolsistas para atendimento aos seus Projetos de Pesquisa, conforme normas estabelecidas neste Edital. In\u00edcio das Inscri\u00e7\u00f5es: 15\/12\/2025.\u00a0\u00a0 Etapas 1\u00aa Etapa\u00a0\u2013 Solicita\u00e7\u00e3o de Inscri\u00e7\u00e3o, conforme detalhamento apresentado neste [&hellip;]\" \/>\n<meta property=\"og:url\" content=\"https:\/\/portalfadesp.org.br\/?page_id=52915\" \/>\n<meta property=\"og:site_name\" content=\"FADESP\" \/>\n<meta property=\"article:publisher\" content=\"https:\/\/www.facebook.com\/Fadesp-138351949524662\/\" \/>\n<meta property=\"article:modified_time\" content=\"2026-02-14T01:57:04+00:00\" \/>\n<meta name=\"twitter:card\" content=\"summary_large_image\" \/>\n<meta name=\"twitter:site\" content=\"@Fadesp\" \/>\n<meta name=\"twitter:label1\" content=\"Est. tempo de leitura\" \/>\n\t<meta name=\"twitter:data1\" content=\"2 minutos\" \/>\n<script type=\"application\/ld+json\" class=\"yoast-schema-graph\">{\"@context\":\"https:\/\/schema.org\",\"@graph\":[{\"@type\":\"WebPage\",\"@id\":\"https:\/\/portalfadesp.org.br\/?page_id=52915\",\"url\":\"https:\/\/portalfadesp.org.br\/?page_id=52915\",\"name\":\"PROCESSO SELETIVO BOLSAS ITV - VALE - FADESP\",\"isPartOf\":{\"@id\":\"https:\/\/portalfadesp.org.br\/#website\"},\"datePublished\":\"2025-12-12T11:52:04+00:00\",\"dateModified\":\"2026-02-14T01:57:04+00:00\",\"breadcrumb\":{\"@id\":\"https:\/\/portalfadesp.org.br\/?page_id=52915#breadcrumb\"},\"inLanguage\":\"pt-BR\",\"potentialAction\":[{\"@type\":\"ReadAction\",\"target\":[\"https:\/\/portalfadesp.org.br\/?page_id=52915\"]}]},{\"@type\":\"BreadcrumbList\",\"@id\":\"https:\/\/portalfadesp.org.br\/?page_id=52915#breadcrumb\",\"itemListElement\":[{\"@type\":\"ListItem\",\"position\":1,\"name\":\"In\u00edcio\",\"item\":\"https:\/\/portalfadesp.org.br\/\"},{\"@type\":\"ListItem\",\"position\":2,\"name\":\"Concursos &#8211; Homologados\",\"item\":\"https:\/\/portalfadesp.org.br\/?page_id=329\"},{\"@type\":\"ListItem\",\"position\":3,\"name\":\"PROCESSO SELETIVO BOLSAS ITV &#8211; VALE\"}]},{\"@type\":\"WebSite\",\"@id\":\"https:\/\/portalfadesp.org.br\/#website\",\"url\":\"https:\/\/portalfadesp.org.br\/\",\"name\":\"FADESP\",\"description\":\"Funda\u00e7\u00e3o de Amparo e Desenvolvimento da Pesquisa\",\"publisher\":{\"@id\":\"https:\/\/portalfadesp.org.br\/#organization\"},\"potentialAction\":[{\"@type\":\"SearchAction\",\"target\":{\"@type\":\"EntryPoint\",\"urlTemplate\":\"https:\/\/portalfadesp.org.br\/?s={search_term_string}\"},\"query-input\":{\"@type\":\"PropertyValueSpecification\",\"valueRequired\":true,\"valueName\":\"search_term_string\"}}],\"inLanguage\":\"pt-BR\"},{\"@type\":\"Organization\",\"@id\":\"https:\/\/portalfadesp.org.br\/#organization\",\"name\":\"FADESP\",\"url\":\"https:\/\/portalfadesp.org.br\/\",\"logo\":{\"@type\":\"ImageObject\",\"inLanguage\":\"pt-BR\",\"@id\":\"https:\/\/portalfadesp.org.br\/#\/schema\/logo\/image\/\",\"url\":\"https:\/\/portalfadesp.org.br\/wp-content\/uploads\/2024\/01\/NOVOLOGOFADESPlaranjaH.png\",\"contentUrl\":\"https:\/\/portalfadesp.org.br\/wp-content\/uploads\/2024\/01\/NOVOLOGOFADESPlaranjaH.png\",\"width\":2742,\"height\":839,\"caption\":\"FADESP\"},\"image\":{\"@id\":\"https:\/\/portalfadesp.org.br\/#\/schema\/logo\/image\/\"},\"sameAs\":[\"https:\/\/www.facebook.com\/Fadesp-138351949524662\/\",\"https:\/\/x.com\/Fadesp\",\"https:\/\/www.instagram.com\/fadesp_ufpa\/\",\"https:\/\/www.youtube.com\/@fundacaodeamparoedesenvolv1903\",\"https:\/\/www.threads.net\/@fadesp_ufpa\"]}]}<\/script>\n<!-- \/ Yoast SEO plugin. -->","yoast_head_json":{"title":"PROCESSO SELETIVO BOLSAS ITV - VALE - FADESP","robots":{"index":"index","follow":"follow","max-snippet":"max-snippet:-1","max-image-preview":"max-image-preview:large","max-video-preview":"max-video-preview:-1"},"canonical":"https:\/\/portalfadesp.org.br\/?page_id=52915","og_locale":"pt_BR","og_type":"article","og_title":"PROCESSO SELETIVO BOLSAS ITV - VALE - FADESP","og_description":"PROCESSO SELETIVO BOLSAS ITV &#8211; VALE O Instituto Tecnol\u00f3gico Vale Desenvolvimento Sustent\u00e1vel &#8211; ITV DS torna p\u00fablico o Edital de Processo Seletivo destinado ao preenchimento de vagas de bolsistas para atendimento aos seus Projetos de Pesquisa, conforme normas estabelecidas neste Edital. In\u00edcio das Inscri\u00e7\u00f5es: 15\/12\/2025.\u00a0\u00a0 Etapas 1\u00aa Etapa\u00a0\u2013 Solicita\u00e7\u00e3o de Inscri\u00e7\u00e3o, conforme detalhamento apresentado neste [&hellip;]","og_url":"https:\/\/portalfadesp.org.br\/?page_id=52915","og_site_name":"FADESP","article_publisher":"https:\/\/www.facebook.com\/Fadesp-138351949524662\/","article_modified_time":"2026-02-14T01:57:04+00:00","twitter_card":"summary_large_image","twitter_site":"@Fadesp","twitter_misc":{"Est. tempo de leitura":"2 minutos"},"schema":{"@context":"https:\/\/schema.org","@graph":[{"@type":"WebPage","@id":"https:\/\/portalfadesp.org.br\/?page_id=52915","url":"https:\/\/portalfadesp.org.br\/?page_id=52915","name":"PROCESSO SELETIVO BOLSAS ITV - VALE - FADESP","isPartOf":{"@id":"https:\/\/portalfadesp.org.br\/#website"},"datePublished":"2025-12-12T11:52:04+00:00","dateModified":"2026-02-14T01:57:04+00:00","breadcrumb":{"@id":"https:\/\/portalfadesp.org.br\/?page_id=52915#breadcrumb"},"inLanguage":"pt-BR","potentialAction":[{"@type":"ReadAction","target":["https:\/\/portalfadesp.org.br\/?page_id=52915"]}]},{"@type":"BreadcrumbList","@id":"https:\/\/portalfadesp.org.br\/?page_id=52915#breadcrumb","itemListElement":[{"@type":"ListItem","position":1,"name":"In\u00edcio","item":"https:\/\/portalfadesp.org.br\/"},{"@type":"ListItem","position":2,"name":"Concursos &#8211; Homologados","item":"https:\/\/portalfadesp.org.br\/?page_id=329"},{"@type":"ListItem","position":3,"name":"PROCESSO SELETIVO BOLSAS ITV &#8211; VALE"}]},{"@type":"WebSite","@id":"https:\/\/portalfadesp.org.br\/#website","url":"https:\/\/portalfadesp.org.br\/","name":"FADESP","description":"Funda\u00e7\u00e3o de Amparo e Desenvolvimento da Pesquisa","publisher":{"@id":"https:\/\/portalfadesp.org.br\/#organization"},"potentialAction":[{"@type":"SearchAction","target":{"@type":"EntryPoint","urlTemplate":"https:\/\/portalfadesp.org.br\/?s={search_term_string}"},"query-input":{"@type":"PropertyValueSpecification","valueRequired":true,"valueName":"search_term_string"}}],"inLanguage":"pt-BR"},{"@type":"Organization","@id":"https:\/\/portalfadesp.org.br\/#organization","name":"FADESP","url":"https:\/\/portalfadesp.org.br\/","logo":{"@type":"ImageObject","inLanguage":"pt-BR","@id":"https:\/\/portalfadesp.org.br\/#\/schema\/logo\/image\/","url":"https:\/\/portalfadesp.org.br\/wp-content\/uploads\/2024\/01\/NOVOLOGOFADESPlaranjaH.png","contentUrl":"https:\/\/portalfadesp.org.br\/wp-content\/uploads\/2024\/01\/NOVOLOGOFADESPlaranjaH.png","width":2742,"height":839,"caption":"FADESP"},"image":{"@id":"https:\/\/portalfadesp.org.br\/#\/schema\/logo\/image\/"},"sameAs":["https:\/\/www.facebook.com\/Fadesp-138351949524662\/","https:\/\/x.com\/Fadesp","https:\/\/www.instagram.com\/fadesp_ufpa\/","https:\/\/www.youtube.com\/@fundacaodeamparoedesenvolv1903","https:\/\/www.threads.net\/@fadesp_ufpa"]}]}},"_links":{"self":[{"href":"https:\/\/portalfadesp.org.br\/index.php?rest_route=\/wp\/v2\/pages\/52915","targetHints":{"allow":["GET"]}}],"collection":[{"href":"https:\/\/portalfadesp.org.br\/index.php?rest_route=\/wp\/v2\/pages"}],"about":[{"href":"https:\/\/portalfadesp.org.br\/index.php?rest_route=\/wp\/v2\/types\/page"}],"author":[{"embeddable":true,"href":"https:\/\/portalfadesp.org.br\/index.php?rest_route=\/wp\/v2\/users\/12"}],"replies":[{"embeddable":true,"href":"https:\/\/portalfadesp.org.br\/index.php?rest_route=%2Fwp%2Fv2%2Fcomments&post=52915"}],"version-history":[{"count":31,"href":"https:\/\/portalfadesp.org.br\/index.php?rest_route=\/wp\/v2\/pages\/52915\/revisions"}],"predecessor-version":[{"id":53698,"href":"https:\/\/portalfadesp.org.br\/index.php?rest_route=\/wp\/v2\/pages\/52915\/revisions\/53698"}],"up":[{"embeddable":true,"href":"https:\/\/portalfadesp.org.br\/index.php?rest_route=\/wp\/v2\/pages\/329"}],"wp:attachment":[{"href":"https:\/\/portalfadesp.org.br\/index.php?rest_route=%2Fwp%2Fv2%2Fmedia&parent=52915"}],"curies":[{"name":"wp","href":"https:\/\/api.w.org\/{rel}","templated":true}]}}