{"id":50831,"date":"2025-06-23T15:34:49","date_gmt":"2025-06-23T18:34:49","guid":{"rendered":"https:\/\/portalfadesp.org.br\/?page_id=50831"},"modified":"2025-06-30T15:58:30","modified_gmt":"2025-06-30T18:58:30","slug":"pagina_modelo-19-13-12","status":"publish","type":"page","link":"https:\/\/portalfadesp.org.br\/?page_id=50831","title":{"rendered":"Cursos Livres de L\u00ednguas Estrangeiras \u2013 UFPA (2\u00b0 SEMESTRE DE 2025)"},"content":{"rendered":"\t\t<div data-elementor-type=\"wp-post\" data-elementor-id=\"50831\" class=\"elementor elementor-50831\" data-elementor-post-type=\"page\">\n\t\t\t\t\t\t<section class=\"elementor-section elementor-top-section elementor-element elementor-element-1f2996d1 elementor-section-boxed elementor-section-height-default elementor-section-height-default\" data-id=\"1f2996d1\" data-element_type=\"section\">\n\t\t\t\t\t\t<div class=\"elementor-container elementor-column-gap-default\">\n\t\t\t\t\t<div class=\"elementor-column elementor-col-100 elementor-top-column elementor-element elementor-element-59a4b3f8\" data-id=\"59a4b3f8\" data-element_type=\"column\">\n\t\t\t<div class=\"elementor-widget-wrap elementor-element-populated\">\n\t\t\t\t\t\t<div class=\"elementor-element elementor-element-799471af elementor-widget elementor-widget-heading\" data-id=\"799471af\" data-element_type=\"widget\" data-widget_type=\"heading.default\">\n\t\t\t\t<div class=\"elementor-widget-container\">\n\t\t\t\t\t<h1 class=\"elementor-heading-title elementor-size-default\">Cursos Livres de L\u00ednguas Estrangeiras \u2013 UFPA (2\u00b0 SEMESTRE de 2025)<\/h1>\t\t\t\t<\/div>\n\t\t\t\t<\/div>\n\t\t\t\t<section class=\"elementor-section elementor-inner-section elementor-element elementor-element-336311f elementor-section-boxed elementor-section-height-default elementor-section-height-default\" data-id=\"336311f\" data-element_type=\"section\">\n\t\t\t\t\t\t<div class=\"elementor-container elementor-column-gap-default\">\n\t\t\t\t\t<div class=\"elementor-column elementor-col-50 elementor-inner-column elementor-element elementor-element-75ca0dc3\" data-id=\"75ca0dc3\" data-element_type=\"column\">\n\t\t\t<div class=\"elementor-widget-wrap elementor-element-populated\">\n\t\t\t\t\t\t<div class=\"elementor-element elementor-element-425a3096 elementor-widget elementor-widget-text-editor\" data-id=\"425a3096\" data-element_type=\"widget\" data-widget_type=\"text-editor.default\">\n\t\t\t\t<div class=\"elementor-widget-container\">\n\t\t\t\t\t\t\t\t\t<p>Os Cursos Livres de L\u00ednguas Estrangeiras ofertar\u00e3o Cursos Online e Cursos Presenciais no 2\u00b0 semestre de 2025.<\/p><p>Os Cursos Online oferecem aos alunos aula ao vivo (live) com os professores 1 vez por semana e acesso a v\u00eddeo aulas de todas as unidades do livro did\u00e1tico.<\/p><p>Os Cursos Presenciais ser\u00e3o ministrados nas salas de aulas dos Cursos Livres, nos altos do Instituto de Letras e Comunica\u00e7\u00e3o\/UFPA.<\/p><p>Escolha seu hor\u00e1rio, matricule-se e venha aprender uma l\u00edngua estrangeira na UFPA ou na comodidade de sua casa, atrav\u00e9s dos nossos Cursos Online.<\/p><p><span style=\"color: #ff6600;\"><strong>CURSOS ON-LINE E PRESENCIAIS:<\/strong><\/span><\/p><p dir=\"ltr\">Ingl\u00eas Presencial e online: 1\u00b0 ao 7\u00b0 n\u00edvel<br \/>Franc\u00eas Presencial e online: 1\u00b0 ao 7\u00b0 n\u00edvel<br \/>Espanhol Presencial e online: 1\u00b0 ao 7\u00b0 n\u00edvel<br \/>Ingl\u00eas Instrumental online<br \/>Ingl\u00eas Conversa\u00e7\u00e3o Presencial<br \/>Introdu\u00e7\u00e3o ao \u00c1rabe online<br \/>Libras Presencial<\/p><p dir=\"ltr\"><span style=\"color: #ff6600;\"><strong>In\u00edcio das aulas:<\/strong> <\/span>18\/08\/2025<br \/><span style=\"color: #ff6600;\"><strong>Encerramento do semestre:<\/strong> <\/span>20\/12\/2025<\/p><p dir=\"ltr\"><span style=\"color: #ff6600;\"><strong>Matr\u00edculas: <\/strong><\/span>A partir das 09h do dia 28\/07 a 01\/08\/2025 no site:<br \/><em><a href=\"https:\/\/cursoseventos.fadesp.org.br\/gui\/PortalCursosEventos.aspx\">https:\/\/cursoseventos.fadesp.org.br\/gui\/PortalCursosEventos.aspx<\/a><\/em><br \/>(Acessar o site utilizando preferencialmente os navegadores Chrome e Firefox)<\/p><p dir=\"ltr\"><strong><span style=\"color: #ff6600;\">Mais informa\u00e7\u00f5es pe<\/span><span style=\"color: #ff6600;\">lo e-mail<\/span>: <\/strong>cursoslivresufpa@gmail.com<\/p>\t\t\t\t\t\t\t\t<\/div>\n\t\t\t\t<\/div>\n\t\t\t\t\t<\/div>\n\t\t<\/div>\n\t\t\t\t<div class=\"elementor-column elementor-col-50 elementor-inner-column elementor-element elementor-element-79608089\" data-id=\"79608089\" data-element_type=\"column\">\n\t\t\t<div class=\"elementor-widget-wrap elementor-element-populated\">\n\t\t\t\t\t\t<div class=\"elementor-element elementor-element-7ccac55 elementor-widget elementor-widget-text-editor\" data-id=\"7ccac55\" data-element_type=\"widget\" data-widget_type=\"text-editor.default\">\n\t\t\t\t<div class=\"elementor-widget-container\">\n\t\t\t\t\t\t\t\t\t<p><span style=\"color: #ffffff;\"><strong>Editais\u00a0<\/strong><\/span><\/p>\t\t\t\t\t\t\t\t<\/div>\n\t\t\t\t<\/div>\n\t\t\t\t<div class=\"elementor-element elementor-element-c380d65 elementor-widget elementor-widget-text-editor\" data-id=\"c380d65\" data-element_type=\"widget\" data-widget_type=\"text-editor.default\">\n\t\t\t\t<div class=\"elementor-widget-container\">\n\t\t\t\t\t\t\t\t\t<p style=\"text-align: center;\"><strong><span style=\"color: #000000;\">TESTE DE NIVELAMENTO:<\/span><\/strong><\/p><p style=\"text-align: center;\">Para alunos novos que desejam ingressar nos cursos livres a partir do n\u00edvel 2.<\/p><p style=\"text-align: center;\"><span style=\"color: #000000;\"><strong>DATA DO TESTE PRESENCIAL:<\/strong><\/span> 08\/07\/2025, \u00e0s 14h.<\/p><p style=\"text-align: center;\"><span style=\"color: #000000;\"><strong>DATA DO TESTE ONLINE<\/strong><\/span>: 09\/07\/2025, \u00e0s 14h.<br \/>Obs.: Toler\u00e2ncia de 15 min para entrar na sala presencial ou online.<\/p><p style=\"text-align: center;\"><strong><span style=\"color: #000000;\">Inscri\u00e7\u00f5es<\/span>:<\/strong> do dia 30\/06 at\u00e9 dia 04\/07\/2025, na secretaria do CLLE (altos do ILC).<br \/><span style=\"color: #000000;\"><strong>Hor\u00e1rio:<\/strong><\/span> das 9:00 \u00e0s 15:00h.<br \/><span style=\"color: #000000;\"><strong>Valor:<\/strong><\/span> R$20,00<br \/><span style=\"color: #000000;\"><strong>Resultado:<\/strong><\/span> a partir das 16h do dia 11\/07\/2025.<br \/><span style=\"color: #000000;\"><strong>Edital do Teste de Nivelamento:<\/strong><\/span> <a href=\"http:\/\/clleufpa.wix.com\/cursoslivres\">clleufpa.wix.com\/cursoslivres<\/a><\/p>\t\t\t\t\t\t\t\t<\/div>\n\t\t\t\t<\/div>\n\t\t\t\t<div class=\"elementor-element elementor-element-f02033b elementor-widget elementor-widget-text-editor\" data-id=\"f02033b\" data-element_type=\"widget\" data-widget_type=\"text-editor.default\">\n\t\t\t\t<div class=\"elementor-widget-container\">\n\t\t\t\t\t\t\t\t\t<p><span style=\"color: #ffffff;\"><strong>Editais\u00a0<\/strong><\/span><\/p>\t\t\t\t\t\t\t\t<\/div>\n\t\t\t\t<\/div>\n\t\t\t\t<div class=\"elementor-element elementor-element-368e568 elementor-widget elementor-widget-text-editor\" data-id=\"368e568\" data-element_type=\"widget\" data-widget_type=\"text-editor.default\">\n\t\t\t\t<div class=\"elementor-widget-container\">\n\t\t\t\t\t\t\t\t\t<p style=\"text-align: center;\">Edital retificado <strong><a href=\"https:\/\/portalfadesp.org.br\/wp-content\/uploads\/2025\/06\/EDITAL-DE-MATRICULA-CLLE_-2o-SEMESTRE-DE-2025-1.pdf\">(Clique aqui)<\/a><\/strong><\/p><p style=\"text-align: center;\">Edital <strong><a href=\"https:\/\/portalfadesp.org.br\/wp-content\/uploads\/2025\/06\/EDITAL-DE-MATRICULA-CLLE_-2o-SEMESTRE-DE-2025.pdf\">(Clique aqui)<\/a><\/strong><\/p>\t\t\t\t\t\t\t\t<\/div>\n\t\t\t\t<\/div>\n\t\t\t\t\t<\/div>\n\t\t<\/div>\n\t\t\t\t\t<\/div>\n\t\t<\/section>\n\t\t\t\t\t<\/div>\n\t\t<\/div>\n\t\t\t\t\t<\/div>\n\t\t<\/section>\n\t\t\t\t<\/div>\n\t\t","protected":false},"excerpt":{"rendered":"<p>Cursos Livres de L\u00ednguas Estrangeiras \u2013 UFPA (2\u00b0 SEMESTRE de 2025) Os Cursos Livres de L\u00ednguas Estrangeiras ofertar\u00e3o Cursos Online e Cursos Presenciais no 2\u00b0 semestre de 2025. Os Cursos Online oferecem aos alunos aula ao vivo (live) com os professores 1 vez por semana e acesso a v\u00eddeo aulas de todas as unidades do [&hellip;]<\/p>\n","protected":false},"author":12,"featured_media":0,"parent":0,"menu_order":0,"comment_status":"closed","ping_status":"closed","template":"","meta":{"_monsterinsights_skip_tracking":false,"_monsterinsights_sitenote_active":false,"_monsterinsights_sitenote_note":"","_monsterinsights_sitenote_category":0,"footnotes":""},"class_list":["post-50831","page","type-page","status-publish","hentry","entry"],"yoast_head":"<!-- This site is optimized with the Yoast SEO plugin v25.1 - https:\/\/yoast.com\/wordpress\/plugins\/seo\/ -->\n<title>Cursos Livres de L\u00ednguas Estrangeiras \u2013 UFPA (2\u00b0 SEMESTRE DE 2025) - FADESP<\/title>\n<meta name=\"robots\" content=\"index, follow, max-snippet:-1, max-image-preview:large, max-video-preview:-1\" \/>\n<link rel=\"canonical\" href=\"https:\/\/portalfadesp.org.br\/?page_id=50831\" \/>\n<meta property=\"og:locale\" content=\"pt_BR\" \/>\n<meta property=\"og:type\" content=\"article\" \/>\n<meta property=\"og:title\" content=\"Cursos Livres de L\u00ednguas Estrangeiras \u2013 UFPA (2\u00b0 SEMESTRE DE 2025) - FADESP\" \/>\n<meta property=\"og:description\" content=\"Cursos Livres de L\u00ednguas Estrangeiras \u2013 UFPA (2\u00b0 SEMESTRE de 2025) Os Cursos Livres de L\u00ednguas Estrangeiras ofertar\u00e3o Cursos Online e Cursos Presenciais no 2\u00b0 semestre de 2025. Os Cursos Online oferecem aos alunos aula ao vivo (live) com os professores 1 vez por semana e acesso a v\u00eddeo aulas de todas as unidades do [&hellip;]\" \/>\n<meta property=\"og:url\" content=\"https:\/\/portalfadesp.org.br\/?page_id=50831\" \/>\n<meta property=\"og:site_name\" content=\"FADESP\" \/>\n<meta property=\"article:publisher\" content=\"https:\/\/www.facebook.com\/Fadesp-138351949524662\/\" \/>\n<meta property=\"article:modified_time\" content=\"2025-06-30T18:58:30+00:00\" \/>\n<meta name=\"twitter:card\" content=\"summary_large_image\" \/>\n<meta name=\"twitter:site\" content=\"@Fadesp\" \/>\n<meta name=\"twitter:label1\" content=\"Est. tempo de leitura\" \/>\n\t<meta name=\"twitter:data1\" content=\"2 minutos\" \/>\n<script type=\"application\/ld+json\" class=\"yoast-schema-graph\">{\"@context\":\"https:\/\/schema.org\",\"@graph\":[{\"@type\":\"WebPage\",\"@id\":\"https:\/\/portalfadesp.org.br\/?page_id=50831\",\"url\":\"https:\/\/portalfadesp.org.br\/?page_id=50831\",\"name\":\"Cursos Livres de L\u00ednguas Estrangeiras \u2013 UFPA (2\u00b0 SEMESTRE DE 2025) - FADESP\",\"isPartOf\":{\"@id\":\"https:\/\/portalfadesp.org.br\/#website\"},\"datePublished\":\"2025-06-23T18:34:49+00:00\",\"dateModified\":\"2025-06-30T18:58:30+00:00\",\"breadcrumb\":{\"@id\":\"https:\/\/portalfadesp.org.br\/?page_id=50831#breadcrumb\"},\"inLanguage\":\"pt-BR\",\"potentialAction\":[{\"@type\":\"ReadAction\",\"target\":[\"https:\/\/portalfadesp.org.br\/?page_id=50831\"]}]},{\"@type\":\"BreadcrumbList\",\"@id\":\"https:\/\/portalfadesp.org.br\/?page_id=50831#breadcrumb\",\"itemListElement\":[{\"@type\":\"ListItem\",\"position\":1,\"name\":\"In\u00edcio\",\"item\":\"https:\/\/portalfadesp.org.br\/\"},{\"@type\":\"ListItem\",\"position\":2,\"name\":\"Cursos Livres de L\u00ednguas Estrangeiras \u2013 UFPA (2\u00b0 SEMESTRE DE 2025)\"}]},{\"@type\":\"WebSite\",\"@id\":\"https:\/\/portalfadesp.org.br\/#website\",\"url\":\"https:\/\/portalfadesp.org.br\/\",\"name\":\"FADESP\",\"description\":\"Funda\u00e7\u00e3o de Amparo e Desenvolvimento da Pesquisa\",\"publisher\":{\"@id\":\"https:\/\/portalfadesp.org.br\/#organization\"},\"potentialAction\":[{\"@type\":\"SearchAction\",\"target\":{\"@type\":\"EntryPoint\",\"urlTemplate\":\"https:\/\/portalfadesp.org.br\/?s={search_term_string}\"},\"query-input\":{\"@type\":\"PropertyValueSpecification\",\"valueRequired\":true,\"valueName\":\"search_term_string\"}}],\"inLanguage\":\"pt-BR\"},{\"@type\":\"Organization\",\"@id\":\"https:\/\/portalfadesp.org.br\/#organization\",\"name\":\"FADESP\",\"url\":\"https:\/\/portalfadesp.org.br\/\",\"logo\":{\"@type\":\"ImageObject\",\"inLanguage\":\"pt-BR\",\"@id\":\"https:\/\/portalfadesp.org.br\/#\/schema\/logo\/image\/\",\"url\":\"https:\/\/portalfadesp.org.br\/wp-content\/uploads\/2024\/01\/NOVOLOGOFADESPlaranjaH.png\",\"contentUrl\":\"https:\/\/portalfadesp.org.br\/wp-content\/uploads\/2024\/01\/NOVOLOGOFADESPlaranjaH.png\",\"width\":2742,\"height\":839,\"caption\":\"FADESP\"},\"image\":{\"@id\":\"https:\/\/portalfadesp.org.br\/#\/schema\/logo\/image\/\"},\"sameAs\":[\"https:\/\/www.facebook.com\/Fadesp-138351949524662\/\",\"https:\/\/x.com\/Fadesp\",\"https:\/\/www.instagram.com\/fadesp_ufpa\/\",\"https:\/\/www.youtube.com\/@fundacaodeamparoedesenvolv1903\",\"https:\/\/www.threads.net\/@fadesp_ufpa\"]}]}<\/script>\n<!-- \/ Yoast SEO plugin. -->","yoast_head_json":{"title":"Cursos Livres de L\u00ednguas Estrangeiras \u2013 UFPA (2\u00b0 SEMESTRE DE 2025) - FADESP","robots":{"index":"index","follow":"follow","max-snippet":"max-snippet:-1","max-image-preview":"max-image-preview:large","max-video-preview":"max-video-preview:-1"},"canonical":"https:\/\/portalfadesp.org.br\/?page_id=50831","og_locale":"pt_BR","og_type":"article","og_title":"Cursos Livres de L\u00ednguas Estrangeiras \u2013 UFPA (2\u00b0 SEMESTRE DE 2025) - FADESP","og_description":"Cursos Livres de L\u00ednguas Estrangeiras \u2013 UFPA (2\u00b0 SEMESTRE de 2025) Os Cursos Livres de L\u00ednguas Estrangeiras ofertar\u00e3o Cursos Online e Cursos Presenciais no 2\u00b0 semestre de 2025. Os Cursos Online oferecem aos alunos aula ao vivo (live) com os professores 1 vez por semana e acesso a v\u00eddeo aulas de todas as unidades do [&hellip;]","og_url":"https:\/\/portalfadesp.org.br\/?page_id=50831","og_site_name":"FADESP","article_publisher":"https:\/\/www.facebook.com\/Fadesp-138351949524662\/","article_modified_time":"2025-06-30T18:58:30+00:00","twitter_card":"summary_large_image","twitter_site":"@Fadesp","twitter_misc":{"Est. tempo de leitura":"2 minutos"},"schema":{"@context":"https:\/\/schema.org","@graph":[{"@type":"WebPage","@id":"https:\/\/portalfadesp.org.br\/?page_id=50831","url":"https:\/\/portalfadesp.org.br\/?page_id=50831","name":"Cursos Livres de L\u00ednguas Estrangeiras \u2013 UFPA (2\u00b0 SEMESTRE DE 2025) - FADESP","isPartOf":{"@id":"https:\/\/portalfadesp.org.br\/#website"},"datePublished":"2025-06-23T18:34:49+00:00","dateModified":"2025-06-30T18:58:30+00:00","breadcrumb":{"@id":"https:\/\/portalfadesp.org.br\/?page_id=50831#breadcrumb"},"inLanguage":"pt-BR","potentialAction":[{"@type":"ReadAction","target":["https:\/\/portalfadesp.org.br\/?page_id=50831"]}]},{"@type":"BreadcrumbList","@id":"https:\/\/portalfadesp.org.br\/?page_id=50831#breadcrumb","itemListElement":[{"@type":"ListItem","position":1,"name":"In\u00edcio","item":"https:\/\/portalfadesp.org.br\/"},{"@type":"ListItem","position":2,"name":"Cursos Livres de L\u00ednguas Estrangeiras \u2013 UFPA (2\u00b0 SEMESTRE DE 2025)"}]},{"@type":"WebSite","@id":"https:\/\/portalfadesp.org.br\/#website","url":"https:\/\/portalfadesp.org.br\/","name":"FADESP","description":"Funda\u00e7\u00e3o de Amparo e Desenvolvimento da Pesquisa","publisher":{"@id":"https:\/\/portalfadesp.org.br\/#organization"},"potentialAction":[{"@type":"SearchAction","target":{"@type":"EntryPoint","urlTemplate":"https:\/\/portalfadesp.org.br\/?s={search_term_string}"},"query-input":{"@type":"PropertyValueSpecification","valueRequired":true,"valueName":"search_term_string"}}],"inLanguage":"pt-BR"},{"@type":"Organization","@id":"https:\/\/portalfadesp.org.br\/#organization","name":"FADESP","url":"https:\/\/portalfadesp.org.br\/","logo":{"@type":"ImageObject","inLanguage":"pt-BR","@id":"https:\/\/portalfadesp.org.br\/#\/schema\/logo\/image\/","url":"https:\/\/portalfadesp.org.br\/wp-content\/uploads\/2024\/01\/NOVOLOGOFADESPlaranjaH.png","contentUrl":"https:\/\/portalfadesp.org.br\/wp-content\/uploads\/2024\/01\/NOVOLOGOFADESPlaranjaH.png","width":2742,"height":839,"caption":"FADESP"},"image":{"@id":"https:\/\/portalfadesp.org.br\/#\/schema\/logo\/image\/"},"sameAs":["https:\/\/www.facebook.com\/Fadesp-138351949524662\/","https:\/\/x.com\/Fadesp","https:\/\/www.instagram.com\/fadesp_ufpa\/","https:\/\/www.youtube.com\/@fundacaodeamparoedesenvolv1903","https:\/\/www.threads.net\/@fadesp_ufpa"]}]}},"_links":{"self":[{"href":"https:\/\/portalfadesp.org.br\/index.php?rest_route=\/wp\/v2\/pages\/50831","targetHints":{"allow":["GET"]}}],"collection":[{"href":"https:\/\/portalfadesp.org.br\/index.php?rest_route=\/wp\/v2\/pages"}],"about":[{"href":"https:\/\/portalfadesp.org.br\/index.php?rest_route=\/wp\/v2\/types\/page"}],"author":[{"embeddable":true,"href":"https:\/\/portalfadesp.org.br\/index.php?rest_route=\/wp\/v2\/users\/12"}],"replies":[{"embeddable":true,"href":"https:\/\/portalfadesp.org.br\/index.php?rest_route=%2Fwp%2Fv2%2Fcomments&post=50831"}],"version-history":[{"count":21,"href":"https:\/\/portalfadesp.org.br\/index.php?rest_route=\/wp\/v2\/pages\/50831\/revisions"}],"predecessor-version":[{"id":51576,"href":"https:\/\/portalfadesp.org.br\/index.php?rest_route=\/wp\/v2\/pages\/50831\/revisions\/51576"}],"wp:attachment":[{"href":"https:\/\/portalfadesp.org.br\/index.php?rest_route=%2Fwp%2Fv2%2Fmedia&parent=50831"}],"curies":[{"name":"wp","href":"https:\/\/api.w.org\/{rel}","templated":true}]}}