{"id":49528,"date":"2025-06-02T10:40:41","date_gmt":"2025-06-02T13:40:41","guid":{"rendered":"https:\/\/portalfadesp.org.br\/?page_id=49528"},"modified":"2025-12-09T16:39:54","modified_gmt":"2025-12-09T19:39:54","slug":"instituicoes-apoiadas","status":"publish","type":"page","link":"https:\/\/portalfadesp.org.br\/?page_id=49528","title":{"rendered":"Institui\u00e7\u00f5es Apoiadas"},"content":{"rendered":"\t\t<div data-elementor-type=\"wp-page\" data-elementor-id=\"49528\" class=\"elementor elementor-49528\" data-elementor-post-type=\"page\">\n\t\t\t\t\t\t<section class=\"elementor-section elementor-top-section elementor-element elementor-element-5b3f04f9 elementor-section-full_width elementor-section-height-default elementor-section-height-default\" data-id=\"5b3f04f9\" data-element_type=\"section\">\n\t\t\t\t\t\t<div class=\"elementor-container elementor-column-gap-default\">\n\t\t\t\t\t<section class=\"elementor-column elementor-col-100 elementor-top-column elementor-element elementor-element-7997e76\" data-id=\"7997e76\" data-element_type=\"column\">\n\t\t\t<div class=\"elementor-widget-wrap elementor-element-populated\">\n\t\t\t\t\t\t<div class=\"elementor-element elementor-element-4b2a05f9 elementor-widget elementor-widget-heading\" data-id=\"4b2a05f9\" data-element_type=\"widget\" data-widget_type=\"heading.default\">\n\t\t\t\t<div class=\"elementor-widget-container\">\n\t\t\t\t\t<h2 class=\"elementor-heading-title elementor-size-default\">INSTITUI\u00c7\u00d5ES APOIADAS<\/h2>\t\t\t\t<\/div>\n\t\t\t\t<\/div>\n\t\t\t\t\t<\/div>\n\t\t<\/section>\n\t\t\t\t\t<\/div>\n\t\t<\/section>\n\t\t\t\t<section class=\"elementor-section elementor-top-section elementor-element elementor-element-565236e elementor-section-boxed elementor-section-height-default elementor-section-height-default\" data-id=\"565236e\" data-element_type=\"section\">\n\t\t\t\t\t\t<div class=\"elementor-container elementor-column-gap-default\">\n\t\t\t\t\t<div class=\"elementor-column elementor-col-100 elementor-top-column elementor-element elementor-element-62c31ac9\" data-id=\"62c31ac9\" data-element_type=\"column\">\n\t\t\t<div class=\"elementor-widget-wrap elementor-element-populated\">\n\t\t\t\t\t\t<div class=\"elementor-element elementor-element-2389bed7 elementor-widget elementor-widget-text-editor\" data-id=\"2389bed7\" data-element_type=\"widget\" data-widget_type=\"text-editor.default\">\n\t\t\t\t<div class=\"elementor-widget-container\">\n\t\t\t\t\t\t\t\t\t<p style=\"text-align: justify;\">A FADESP \u00e9 funda\u00e7\u00e3o de apoio de <strong data-start=\"179\" data-end=\"229\">12 institui\u00e7\u00f5es <\/strong>de ensino, pesquisa e inova\u00e7\u00e3o, atuando na gest\u00e3o de projetos voltados \u00e0 pesquisa, ensino, extens\u00e3o e desenvolvimento tecnol\u00f3gico. Entre as institui\u00e7\u00f5es apoiadas est\u00e3o: o Centro Gestor e Operacional do Sistema de Prote\u00e7\u00e3o da Amaz\u00f4nia (CENSIPAM), a Empresa Brasileira de Servi\u00e7os Hospitalares (EBSERH), a Empresa Brasileira de Pesquisa Agropecu\u00e1ria (EMBRAPA), o Instituto Chico Mendes de Conserva\u00e7\u00e3o da Biodiversidade (ICMBio), o Instituto Evandro Chagas (IEC), o Instituto Federal do Par\u00e1 (IFPA), o Instituto Nacional de Pesquisas da Amaz\u00f4nia (INPA), o Museu Paraense Em\u00edlio Goeldi (MPEG), a Universidade Federal do Oeste do Par\u00e1 (UFOPA), a Universidade Federal do Par\u00e1 (UFPA), a Universidade Federal Rural da Amaz\u00f4nia (UFRA) e a Universidade Federal do Sul e Sudeste do Par\u00e1 (UNIFESSPA).<\/p>\t\t\t\t\t\t\t\t<\/div>\n\t\t\t\t<\/div>\n\t\t\t\t\t<\/div>\n\t\t<\/div>\n\t\t\t\t\t<\/div>\n\t\t<\/section>\n\t\t\t\t<section class=\"elementor-section elementor-top-section elementor-element elementor-element-4bde6001 instituicoes-apoiadas bg-img-none elementor-section-boxed elementor-section-height-default elementor-section-height-default\" data-id=\"4bde6001\" data-element_type=\"section\">\n\t\t\t\t\t\t<div class=\"elementor-container elementor-column-gap-default\">\n\t\t\t\t\t<div class=\"elementor-column elementor-col-100 elementor-top-column elementor-element elementor-element-10ac3a26 instituicoes\" data-id=\"10ac3a26\" data-element_type=\"column\">\n\t\t\t<div class=\"elementor-widget-wrap elementor-element-populated\">\n\t\t\t\t\t\t<div class=\"elementor-element elementor-element-50eae265 elementor-widget elementor-widget-image\" data-id=\"50eae265\" data-element_type=\"widget\" data-widget_type=\"image.default\">\n\t\t\t\t<div class=\"elementor-widget-container\">\n\t\t\t\t\t\t\t\t\t\t\t\t\t\t\t\t<a href=\"https:\/\/www.gov.br\/censipam\/pt-br\">\n\t\t\t\t\t\t\t<img decoding=\"async\" src=\"\/wp-content\/themes\/oceanwp-child\/assets\/img\/instituicoes_apoiadas_01.png\" title=\"\" alt=\"\" loading=\"lazy\" \/>\t\t\t\t\t\t\t\t<\/a>\n\t\t\t\t\t\t\t\t\t\t\t\t\t\t\t<\/div>\n\t\t\t\t<\/div>\n\t\t\t\t<div class=\"elementor-element elementor-element-737ed726 elementor-widget elementor-widget-image\" data-id=\"737ed726\" data-element_type=\"widget\" data-widget_type=\"image.default\">\n\t\t\t\t<div class=\"elementor-widget-container\">\n\t\t\t\t\t\t\t\t\t\t\t\t\t\t\t\t<a href=\"https:\/\/www.gov.br\/icmbio\/pt-br\">\n\t\t\t\t\t\t\t<img decoding=\"async\" src=\"\/wp-content\/themes\/oceanwp-child\/assets\/img\/instituicoes_apoiadas_02.png\" title=\"\" alt=\"\" loading=\"lazy\" \/>\t\t\t\t\t\t\t\t<\/a>\n\t\t\t\t\t\t\t\t\t\t\t\t\t\t\t<\/div>\n\t\t\t\t<\/div>\n\t\t\t\t<div class=\"elementor-element elementor-element-d1bf82d elementor-widget elementor-widget-image\" data-id=\"d1bf82d\" data-element_type=\"widget\" data-widget_type=\"image.default\">\n\t\t\t\t<div class=\"elementor-widget-container\">\n\t\t\t\t\t\t\t\t\t\t\t\t\t\t\t\t<a href=\"https:\/\/www.gov.br\/iec\/pt-br\">\n\t\t\t\t\t\t\t<img decoding=\"async\" src=\"\/wp-content\/themes\/oceanwp-child\/assets\/img\/instituicoes_apoiadas_03.png\" title=\"\" alt=\"\" loading=\"lazy\" \/>\t\t\t\t\t\t\t\t<\/a>\n\t\t\t\t\t\t\t\t\t\t\t\t\t\t\t<\/div>\n\t\t\t\t<\/div>\n\t\t\t\t<div class=\"elementor-element elementor-element-31d9be40 elementor-widget elementor-widget-image\" data-id=\"31d9be40\" data-element_type=\"widget\" data-widget_type=\"image.default\">\n\t\t\t\t<div class=\"elementor-widget-container\">\n\t\t\t\t\t\t\t\t\t\t\t\t\t\t\t\t<a href=\"https:\/\/www.gov.br\/inpa\/pt-br\">\n\t\t\t\t\t\t\t<img decoding=\"async\" src=\"\/wp-content\/themes\/oceanwp-child\/assets\/img\/instituicoes_apoiadas_04.png\" title=\"\" alt=\"\" loading=\"lazy\" \/>\t\t\t\t\t\t\t\t<\/a>\n\t\t\t\t\t\t\t\t\t\t\t\t\t\t\t<\/div>\n\t\t\t\t<\/div>\n\t\t\t\t<div class=\"elementor-element elementor-element-2f869681 elementor-widget elementor-widget-image\" data-id=\"2f869681\" data-element_type=\"widget\" data-widget_type=\"image.default\">\n\t\t\t\t<div class=\"elementor-widget-container\">\n\t\t\t\t\t\t\t\t\t\t\t\t\t\t\t\t<a href=\"https:\/\/ifpa.edu.br\/index.php\">\n\t\t\t\t\t\t\t<img decoding=\"async\" src=\"\/wp-content\/themes\/oceanwp-child\/assets\/img\/instituicoes_apoiadas_05.png\" title=\"\" alt=\"\" loading=\"lazy\" \/>\t\t\t\t\t\t\t\t<\/a>\n\t\t\t\t\t\t\t\t\t\t\t\t\t\t\t<\/div>\n\t\t\t\t<\/div>\n\t\t\t\t<div class=\"elementor-element elementor-element-661507db elementor-widget elementor-widget-image\" data-id=\"661507db\" data-element_type=\"widget\" data-widget_type=\"image.default\">\n\t\t\t\t<div class=\"elementor-widget-container\">\n\t\t\t\t\t\t\t\t\t\t\t\t\t\t\t\t<a href=\"https:\/\/www.gov.br\/museugoeldi\/pt-br\">\n\t\t\t\t\t\t\t<img decoding=\"async\" src=\"\/wp-content\/themes\/oceanwp-child\/assets\/img\/instituicoes_apoiadas_06.png\" title=\"\" alt=\"\" loading=\"lazy\" \/>\t\t\t\t\t\t\t\t<\/a>\n\t\t\t\t\t\t\t\t\t\t\t\t\t\t\t<\/div>\n\t\t\t\t<\/div>\n\t\t\t\t<div class=\"elementor-element elementor-element-66586766 elementor-widget elementor-widget-image\" data-id=\"66586766\" data-element_type=\"widget\" data-widget_type=\"image.default\">\n\t\t\t\t<div class=\"elementor-widget-container\">\n\t\t\t\t\t\t\t\t\t\t\t\t\t\t\t\t<a href=\"https:\/\/www.ufopa.edu.br\/ufopa\/\">\n\t\t\t\t\t\t\t<img decoding=\"async\" src=\"\/wp-content\/themes\/oceanwp-child\/assets\/img\/instituicoes_apoiadas_07.png\" title=\"\" alt=\"\" loading=\"lazy\" \/>\t\t\t\t\t\t\t\t<\/a>\n\t\t\t\t\t\t\t\t\t\t\t\t\t\t\t<\/div>\n\t\t\t\t<\/div>\n\t\t\t\t<div class=\"elementor-element elementor-element-d2d81d1 elementor-widget elementor-widget-image\" data-id=\"d2d81d1\" data-element_type=\"widget\" data-widget_type=\"image.default\">\n\t\t\t\t<div class=\"elementor-widget-container\">\n\t\t\t\t\t\t\t\t\t\t\t\t\t\t\t\t<a href=\"https:\/\/portal.ufpa.br\/\">\n\t\t\t\t\t\t\t<img decoding=\"async\" src=\"\/wp-content\/themes\/oceanwp-child\/assets\/img\/instituicoes_apoiadas_08.png\" title=\"\" alt=\"\" loading=\"lazy\" \/>\t\t\t\t\t\t\t\t<\/a>\n\t\t\t\t\t\t\t\t\t\t\t\t\t\t\t<\/div>\n\t\t\t\t<\/div>\n\t\t\t\t<div class=\"elementor-element elementor-element-7a08a89f elementor-widget elementor-widget-image\" data-id=\"7a08a89f\" data-element_type=\"widget\" data-widget_type=\"image.default\">\n\t\t\t\t<div class=\"elementor-widget-container\">\n\t\t\t\t\t\t\t\t\t\t\t\t\t\t\t\t<a href=\"https:\/\/novo.ufra.edu.br\/\">\n\t\t\t\t\t\t\t<img decoding=\"async\" src=\"\/wp-content\/themes\/oceanwp-child\/assets\/img\/instituicoes_apoiadas_09.png\" title=\"\" alt=\"\" loading=\"lazy\" \/>\t\t\t\t\t\t\t\t<\/a>\n\t\t\t\t\t\t\t\t\t\t\t\t\t\t\t<\/div>\n\t\t\t\t<\/div>\n\t\t\t\t<div class=\"elementor-element elementor-element-3dd637f1 elementor-widget elementor-widget-image\" data-id=\"3dd637f1\" data-element_type=\"widget\" data-widget_type=\"image.default\">\n\t\t\t\t<div class=\"elementor-widget-container\">\n\t\t\t\t\t\t\t\t\t\t\t\t\t\t\t\t<a href=\"https:\/\/www.unifesspa.edu.br\/\">\n\t\t\t\t\t\t\t<img decoding=\"async\" src=\"\/wp-content\/themes\/oceanwp-child\/assets\/img\/instituicoes_apoiadas_10.png\" title=\"\" alt=\"\" loading=\"lazy\" \/>\t\t\t\t\t\t\t\t<\/a>\n\t\t\t\t\t\t\t\t\t\t\t\t\t\t\t<\/div>\n\t\t\t\t<\/div>\n\t\t\t\t<div class=\"elementor-element elementor-element-a7f5bad elementor-widget elementor-widget-image\" data-id=\"a7f5bad\" data-element_type=\"widget\" data-widget_type=\"image.default\">\n\t\t\t\t<div class=\"elementor-widget-container\">\n\t\t\t\t\t\t\t\t\t\t\t\t\t\t\t\t<a href=\"https:\/\/www.embrapa.br\/\">\n\t\t\t\t\t\t\t<img decoding=\"async\" src=\"https:\/\/portalfadesp.org.br\/wp-content\/uploads\/2025\/06\/embrapa-removebg-preview.png\" title=\"embrapa-removebg-preview\" alt=\"embrapa-removebg-preview\" loading=\"lazy\" \/>\t\t\t\t\t\t\t\t<\/a>\n\t\t\t\t\t\t\t\t\t\t\t\t\t\t\t<\/div>\n\t\t\t\t<\/div>\n\t\t\t\t<div class=\"elementor-element elementor-element-598577f elementor-widget elementor-widget-image\" data-id=\"598577f\" data-element_type=\"widget\" data-widget_type=\"image.default\">\n\t\t\t\t<div class=\"elementor-widget-container\">\n\t\t\t\t\t\t\t\t\t\t\t\t\t\t\t\t<a href=\"https:\/\/www.gov.br\/ebserh\/pt-br\">\n\t\t\t\t\t\t\t<img decoding=\"async\" src=\"https:\/\/portalfadesp.org.br\/wp-content\/uploads\/2025\/12\/71d0badd-12ed-428e-8d8e-eecc8bc2a05d-1.png\" title=\"71d0badd-12ed-428e-8d8e-eecc8bc2a05d\" alt=\"71d0badd-12ed-428e-8d8e-eecc8bc2a05d\" loading=\"lazy\" \/>\t\t\t\t\t\t\t\t<\/a>\n\t\t\t\t\t\t\t\t\t\t\t\t\t\t\t<\/div>\n\t\t\t\t<\/div>\n\t\t\t\t\t<\/div>\n\t\t<\/div>\n\t\t\t\t\t<\/div>\n\t\t<\/section>\n\t\t\t\t<\/div>\n\t\t","protected":false},"excerpt":{"rendered":"<p>INSTITUI\u00c7\u00d5ES APOIADAS A FADESP \u00e9 funda\u00e7\u00e3o de apoio de 12 institui\u00e7\u00f5es de ensino, pesquisa e inova\u00e7\u00e3o, atuando na gest\u00e3o de projetos voltados \u00e0 pesquisa, ensino, extens\u00e3o e desenvolvimento tecnol\u00f3gico. Entre as institui\u00e7\u00f5es apoiadas est\u00e3o: o Centro Gestor e Operacional do Sistema de Prote\u00e7\u00e3o da Amaz\u00f4nia (CENSIPAM), a Empresa Brasileira de Servi\u00e7os Hospitalares (EBSERH), a Empresa [&hellip;]<\/p>\n","protected":false},"author":24,"featured_media":0,"parent":0,"menu_order":0,"comment_status":"closed","ping_status":"closed","template":"","meta":{"_monsterinsights_skip_tracking":false,"_monsterinsights_sitenote_active":false,"_monsterinsights_sitenote_note":"","_monsterinsights_sitenote_category":0,"footnotes":""},"class_list":["post-49528","page","type-page","status-publish","hentry","entry"],"yoast_head":"<!-- This site is optimized with the Yoast SEO plugin v25.1 - https:\/\/yoast.com\/wordpress\/plugins\/seo\/ -->\n<title>Institui\u00e7\u00f5es Apoiadas - FADESP<\/title>\n<meta name=\"robots\" content=\"index, follow, max-snippet:-1, max-image-preview:large, max-video-preview:-1\" \/>\n<link rel=\"canonical\" href=\"https:\/\/portalfadesp.org.br\/?page_id=49528\" \/>\n<meta property=\"og:locale\" content=\"pt_BR\" \/>\n<meta property=\"og:type\" content=\"article\" \/>\n<meta property=\"og:title\" content=\"Institui\u00e7\u00f5es Apoiadas - FADESP\" \/>\n<meta property=\"og:description\" content=\"INSTITUI\u00c7\u00d5ES APOIADAS A FADESP \u00e9 funda\u00e7\u00e3o de apoio de 12 institui\u00e7\u00f5es de ensino, pesquisa e inova\u00e7\u00e3o, atuando na gest\u00e3o de projetos voltados \u00e0 pesquisa, ensino, extens\u00e3o e desenvolvimento tecnol\u00f3gico. Entre as institui\u00e7\u00f5es apoiadas est\u00e3o: o Centro Gestor e Operacional do Sistema de Prote\u00e7\u00e3o da Amaz\u00f4nia (CENSIPAM), a Empresa Brasileira de Servi\u00e7os Hospitalares (EBSERH), a Empresa [&hellip;]\" \/>\n<meta property=\"og:url\" content=\"https:\/\/portalfadesp.org.br\/?page_id=49528\" \/>\n<meta property=\"og:site_name\" content=\"FADESP\" \/>\n<meta property=\"article:publisher\" content=\"https:\/\/www.facebook.com\/Fadesp-138351949524662\/\" \/>\n<meta property=\"article:modified_time\" content=\"2025-12-09T19:39:54+00:00\" \/>\n<meta property=\"og:image\" content=\"https:\/\/portalfadesp.org.br\/wp-content\/uploads\/2025\/06\/embrapa-removebg-preview.png\" \/>\n<meta name=\"twitter:card\" content=\"summary_large_image\" \/>\n<meta name=\"twitter:site\" content=\"@Fadesp\" \/>\n<meta name=\"twitter:label1\" content=\"Est. tempo de leitura\" \/>\n\t<meta name=\"twitter:data1\" content=\"4 minutos\" \/>\n<script type=\"application\/ld+json\" class=\"yoast-schema-graph\">{\"@context\":\"https:\/\/schema.org\",\"@graph\":[{\"@type\":\"WebPage\",\"@id\":\"https:\/\/portalfadesp.org.br\/?page_id=49528\",\"url\":\"https:\/\/portalfadesp.org.br\/?page_id=49528\",\"name\":\"Institui\u00e7\u00f5es Apoiadas - FADESP\",\"isPartOf\":{\"@id\":\"https:\/\/portalfadesp.org.br\/#website\"},\"primaryImageOfPage\":{\"@id\":\"https:\/\/portalfadesp.org.br\/?page_id=49528#primaryimage\"},\"image\":{\"@id\":\"https:\/\/portalfadesp.org.br\/?page_id=49528#primaryimage\"},\"thumbnailUrl\":\"https:\/\/portalfadesp.org.br\/wp-content\/uploads\/2025\/06\/embrapa-removebg-preview.png\",\"datePublished\":\"2025-06-02T13:40:41+00:00\",\"dateModified\":\"2025-12-09T19:39:54+00:00\",\"breadcrumb\":{\"@id\":\"https:\/\/portalfadesp.org.br\/?page_id=49528#breadcrumb\"},\"inLanguage\":\"pt-BR\",\"potentialAction\":[{\"@type\":\"ReadAction\",\"target\":[\"https:\/\/portalfadesp.org.br\/?page_id=49528\"]}]},{\"@type\":\"ImageObject\",\"inLanguage\":\"pt-BR\",\"@id\":\"https:\/\/portalfadesp.org.br\/?page_id=49528#primaryimage\",\"url\":\"https:\/\/portalfadesp.org.br\/wp-content\/uploads\/2025\/06\/embrapa-removebg-preview.png\",\"contentUrl\":\"https:\/\/portalfadesp.org.br\/wp-content\/uploads\/2025\/06\/embrapa-removebg-preview.png\",\"width\":360,\"height\":155},{\"@type\":\"BreadcrumbList\",\"@id\":\"https:\/\/portalfadesp.org.br\/?page_id=49528#breadcrumb\",\"itemListElement\":[{\"@type\":\"ListItem\",\"position\":1,\"name\":\"In\u00edcio\",\"item\":\"https:\/\/portalfadesp.org.br\/\"},{\"@type\":\"ListItem\",\"position\":2,\"name\":\"Institui\u00e7\u00f5es Apoiadas\"}]},{\"@type\":\"WebSite\",\"@id\":\"https:\/\/portalfadesp.org.br\/#website\",\"url\":\"https:\/\/portalfadesp.org.br\/\",\"name\":\"FADESP\",\"description\":\"Funda\u00e7\u00e3o de Amparo e Desenvolvimento da Pesquisa\",\"publisher\":{\"@id\":\"https:\/\/portalfadesp.org.br\/#organization\"},\"potentialAction\":[{\"@type\":\"SearchAction\",\"target\":{\"@type\":\"EntryPoint\",\"urlTemplate\":\"https:\/\/portalfadesp.org.br\/?s={search_term_string}\"},\"query-input\":{\"@type\":\"PropertyValueSpecification\",\"valueRequired\":true,\"valueName\":\"search_term_string\"}}],\"inLanguage\":\"pt-BR\"},{\"@type\":\"Organization\",\"@id\":\"https:\/\/portalfadesp.org.br\/#organization\",\"name\":\"FADESP\",\"url\":\"https:\/\/portalfadesp.org.br\/\",\"logo\":{\"@type\":\"ImageObject\",\"inLanguage\":\"pt-BR\",\"@id\":\"https:\/\/portalfadesp.org.br\/#\/schema\/logo\/image\/\",\"url\":\"https:\/\/portalfadesp.org.br\/wp-content\/uploads\/2024\/01\/NOVOLOGOFADESPlaranjaH.png\",\"contentUrl\":\"https:\/\/portalfadesp.org.br\/wp-content\/uploads\/2024\/01\/NOVOLOGOFADESPlaranjaH.png\",\"width\":2742,\"height\":839,\"caption\":\"FADESP\"},\"image\":{\"@id\":\"https:\/\/portalfadesp.org.br\/#\/schema\/logo\/image\/\"},\"sameAs\":[\"https:\/\/www.facebook.com\/Fadesp-138351949524662\/\",\"https:\/\/x.com\/Fadesp\",\"https:\/\/www.instagram.com\/fadesp_ufpa\/\",\"https:\/\/www.youtube.com\/@fundacaodeamparoedesenvolv1903\",\"https:\/\/www.threads.net\/@fadesp_ufpa\"]}]}<\/script>\n<!-- \/ Yoast SEO plugin. -->","yoast_head_json":{"title":"Institui\u00e7\u00f5es Apoiadas - FADESP","robots":{"index":"index","follow":"follow","max-snippet":"max-snippet:-1","max-image-preview":"max-image-preview:large","max-video-preview":"max-video-preview:-1"},"canonical":"https:\/\/portalfadesp.org.br\/?page_id=49528","og_locale":"pt_BR","og_type":"article","og_title":"Institui\u00e7\u00f5es Apoiadas - FADESP","og_description":"INSTITUI\u00c7\u00d5ES APOIADAS A FADESP \u00e9 funda\u00e7\u00e3o de apoio de 12 institui\u00e7\u00f5es de ensino, pesquisa e inova\u00e7\u00e3o, atuando na gest\u00e3o de projetos voltados \u00e0 pesquisa, ensino, extens\u00e3o e desenvolvimento tecnol\u00f3gico. Entre as institui\u00e7\u00f5es apoiadas est\u00e3o: o Centro Gestor e Operacional do Sistema de Prote\u00e7\u00e3o da Amaz\u00f4nia (CENSIPAM), a Empresa Brasileira de Servi\u00e7os Hospitalares (EBSERH), a Empresa [&hellip;]","og_url":"https:\/\/portalfadesp.org.br\/?page_id=49528","og_site_name":"FADESP","article_publisher":"https:\/\/www.facebook.com\/Fadesp-138351949524662\/","article_modified_time":"2025-12-09T19:39:54+00:00","og_image":[{"url":"https:\/\/portalfadesp.org.br\/wp-content\/uploads\/2025\/06\/embrapa-removebg-preview.png","type":"","width":"","height":""}],"twitter_card":"summary_large_image","twitter_site":"@Fadesp","twitter_misc":{"Est. tempo de leitura":"4 minutos"},"schema":{"@context":"https:\/\/schema.org","@graph":[{"@type":"WebPage","@id":"https:\/\/portalfadesp.org.br\/?page_id=49528","url":"https:\/\/portalfadesp.org.br\/?page_id=49528","name":"Institui\u00e7\u00f5es Apoiadas - FADESP","isPartOf":{"@id":"https:\/\/portalfadesp.org.br\/#website"},"primaryImageOfPage":{"@id":"https:\/\/portalfadesp.org.br\/?page_id=49528#primaryimage"},"image":{"@id":"https:\/\/portalfadesp.org.br\/?page_id=49528#primaryimage"},"thumbnailUrl":"https:\/\/portalfadesp.org.br\/wp-content\/uploads\/2025\/06\/embrapa-removebg-preview.png","datePublished":"2025-06-02T13:40:41+00:00","dateModified":"2025-12-09T19:39:54+00:00","breadcrumb":{"@id":"https:\/\/portalfadesp.org.br\/?page_id=49528#breadcrumb"},"inLanguage":"pt-BR","potentialAction":[{"@type":"ReadAction","target":["https:\/\/portalfadesp.org.br\/?page_id=49528"]}]},{"@type":"ImageObject","inLanguage":"pt-BR","@id":"https:\/\/portalfadesp.org.br\/?page_id=49528#primaryimage","url":"https:\/\/portalfadesp.org.br\/wp-content\/uploads\/2025\/06\/embrapa-removebg-preview.png","contentUrl":"https:\/\/portalfadesp.org.br\/wp-content\/uploads\/2025\/06\/embrapa-removebg-preview.png","width":360,"height":155},{"@type":"BreadcrumbList","@id":"https:\/\/portalfadesp.org.br\/?page_id=49528#breadcrumb","itemListElement":[{"@type":"ListItem","position":1,"name":"In\u00edcio","item":"https:\/\/portalfadesp.org.br\/"},{"@type":"ListItem","position":2,"name":"Institui\u00e7\u00f5es Apoiadas"}]},{"@type":"WebSite","@id":"https:\/\/portalfadesp.org.br\/#website","url":"https:\/\/portalfadesp.org.br\/","name":"FADESP","description":"Funda\u00e7\u00e3o de Amparo e Desenvolvimento da Pesquisa","publisher":{"@id":"https:\/\/portalfadesp.org.br\/#organization"},"potentialAction":[{"@type":"SearchAction","target":{"@type":"EntryPoint","urlTemplate":"https:\/\/portalfadesp.org.br\/?s={search_term_string}"},"query-input":{"@type":"PropertyValueSpecification","valueRequired":true,"valueName":"search_term_string"}}],"inLanguage":"pt-BR"},{"@type":"Organization","@id":"https:\/\/portalfadesp.org.br\/#organization","name":"FADESP","url":"https:\/\/portalfadesp.org.br\/","logo":{"@type":"ImageObject","inLanguage":"pt-BR","@id":"https:\/\/portalfadesp.org.br\/#\/schema\/logo\/image\/","url":"https:\/\/portalfadesp.org.br\/wp-content\/uploads\/2024\/01\/NOVOLOGOFADESPlaranjaH.png","contentUrl":"https:\/\/portalfadesp.org.br\/wp-content\/uploads\/2024\/01\/NOVOLOGOFADESPlaranjaH.png","width":2742,"height":839,"caption":"FADESP"},"image":{"@id":"https:\/\/portalfadesp.org.br\/#\/schema\/logo\/image\/"},"sameAs":["https:\/\/www.facebook.com\/Fadesp-138351949524662\/","https:\/\/x.com\/Fadesp","https:\/\/www.instagram.com\/fadesp_ufpa\/","https:\/\/www.youtube.com\/@fundacaodeamparoedesenvolv1903","https:\/\/www.threads.net\/@fadesp_ufpa"]}]}},"_links":{"self":[{"href":"https:\/\/portalfadesp.org.br\/index.php?rest_route=\/wp\/v2\/pages\/49528","targetHints":{"allow":["GET"]}}],"collection":[{"href":"https:\/\/portalfadesp.org.br\/index.php?rest_route=\/wp\/v2\/pages"}],"about":[{"href":"https:\/\/portalfadesp.org.br\/index.php?rest_route=\/wp\/v2\/types\/page"}],"author":[{"embeddable":true,"href":"https:\/\/portalfadesp.org.br\/index.php?rest_route=\/wp\/v2\/users\/24"}],"replies":[{"embeddable":true,"href":"https:\/\/portalfadesp.org.br\/index.php?rest_route=%2Fwp%2Fv2%2Fcomments&post=49528"}],"version-history":[{"count":64,"href":"https:\/\/portalfadesp.org.br\/index.php?rest_route=\/wp\/v2\/pages\/49528\/revisions"}],"predecessor-version":[{"id":52831,"href":"https:\/\/portalfadesp.org.br\/index.php?rest_route=\/wp\/v2\/pages\/49528\/revisions\/52831"}],"wp:attachment":[{"href":"https:\/\/portalfadesp.org.br\/index.php?rest_route=%2Fwp%2Fv2%2Fmedia&parent=49528"}],"curies":[{"name":"wp","href":"https:\/\/api.w.org\/{rel}","templated":true}]}}