{"id":47744,"date":"2024-12-11T12:24:15","date_gmt":"2024-12-11T15:24:15","guid":{"rendered":"https:\/\/portalfadesp.org.br\/?page_id=47744"},"modified":"2024-12-12T09:15:13","modified_gmt":"2024-12-12T12:15:13","slug":"pagina_modelo-19-13-3","status":"publish","type":"page","link":"https:\/\/portalfadesp.org.br\/?page_id=47744","title":{"rendered":"Cursos Livres de L\u00ednguas Estrangeiras \u2013 UFPA (1\u00b0 SEMESTRE DE 2025)"},"content":{"rendered":"\t\t<div data-elementor-type=\"wp-post\" data-elementor-id=\"47744\" class=\"elementor elementor-47744\" data-elementor-post-type=\"page\">\n\t\t\t\t\t\t<section class=\"elementor-section elementor-top-section elementor-element elementor-element-1f2996d1 elementor-section-boxed elementor-section-height-default elementor-section-height-default\" data-id=\"1f2996d1\" data-element_type=\"section\">\n\t\t\t\t\t\t<div class=\"elementor-container elementor-column-gap-default\">\n\t\t\t\t\t<div class=\"elementor-column elementor-col-100 elementor-top-column elementor-element elementor-element-59a4b3f8\" data-id=\"59a4b3f8\" data-element_type=\"column\">\n\t\t\t<div class=\"elementor-widget-wrap elementor-element-populated\">\n\t\t\t\t\t\t<div class=\"elementor-element elementor-element-799471af elementor-widget elementor-widget-heading\" data-id=\"799471af\" data-element_type=\"widget\" data-widget_type=\"heading.default\">\n\t\t\t\t<div class=\"elementor-widget-container\">\n\t\t\t\t\t<h1 class=\"elementor-heading-title elementor-size-default\">Cursos Livres de L\u00ednguas Estrangeiras \u2013 UFPA (1\u00b0 SEMESTRE DE 2025)<\/h1>\t\t\t\t<\/div>\n\t\t\t\t<\/div>\n\t\t\t\t<section class=\"elementor-section elementor-inner-section elementor-element elementor-element-336311f elementor-section-boxed elementor-section-height-default elementor-section-height-default\" data-id=\"336311f\" data-element_type=\"section\">\n\t\t\t\t\t\t<div class=\"elementor-container elementor-column-gap-default\">\n\t\t\t\t\t<div class=\"elementor-column elementor-col-50 elementor-inner-column elementor-element elementor-element-75ca0dc3\" data-id=\"75ca0dc3\" data-element_type=\"column\">\n\t\t\t<div class=\"elementor-widget-wrap elementor-element-populated\">\n\t\t\t\t\t\t<div class=\"elementor-element elementor-element-425a3096 elementor-widget elementor-widget-text-editor\" data-id=\"425a3096\" data-element_type=\"widget\" data-widget_type=\"text-editor.default\">\n\t\t\t\t<div class=\"elementor-widget-container\">\n\t\t\t\t\t\t\t\t\t<p>Os Cursos Livres de L\u00ednguas Estrangeiras ofertar\u00e3o Cursos Online e Cursos Presenciais no 1o semestre de 2025.<br \/>Os Cursos Online continuar\u00e3o a oferecer aos alunos acesso a v\u00eddeo aulas de todas as unidades do livro did\u00e1tico e aula ao vivo (live) com os<br \/>professores 1 vez por semana.<br \/>Os Cursos Presenciais ser\u00e3o ministrados nas salas de aulas dos CursosLivres, nos altos do Instituto de Letras e Comunica\u00e7\u00e3o\/UFPA.<br \/>Escolha seu hor\u00e1rio, matricule-se e venha aprender uma l\u00edngua estrangeira na UFPAou na comodidade de sua casa, atrav\u00e9s dos nossos Cursos Online.<\/p><p><strong>Cursos online e presenciais:<\/strong><\/p><ul><li><p style=\"font-weight: 400;\"><strong>Cursos online e presenciais:<\/strong><\/p><ul><li style=\"font-weight: 400;\">Ingl\u00eas Presencial e online: 1\u00b0 ao 7\u00b0 n\u00edvel<\/li><li style=\"font-weight: 400;\">Franc\u00eas Presencial e online: 1\u00b0 ao 7\u00b0 n\u00edvel<\/li><li style=\"font-weight: 400;\">Espanhol Presencial e online: 1\u00b0 ao 7\u00b0 n\u00edvel<\/li><li style=\"font-weight: 400;\">Ingl\u00eas Instrumental Online<\/li><li style=\"font-weight: 400;\">Conversa\u00e7\u00e3o Ingl\u00eas Presencial<\/li><li style=\"font-weight: 400;\">Introdu\u00e7\u00e3o ao \u00c1rabe online<\/li><li style=\"font-weight: 400;\">Portugu\u00eas para estrangeiros online \u2013 n\u00edvel b\u00e1sico<\/li><li style=\"font-weight: 400;\">Libras Presencial<\/li><\/ul><\/li><\/ul><p><b>OBS.:\u00a0<\/b>alunos matriculados no curso online, n\u00e3o poder\u00e3o migrar para turmas presenciais.<\/p><p>IN\u00cdCIO DAS AULAS: 17\/02\/2025<br \/>ENCERRAMENTO DO SEMESTRE: 30\/06\/2025<\/p><p><strong>MATR\u00cdCULAS<\/strong>\u00a0\u2013 A partir das 09h do dia 20 a 24\/01\/2025 no site:<br \/>http:\/\/cursoseventos.fadesp.org.br\/<br \/>(Acessar o site utilizando os navegadores Chrome e Firefox)<\/p><p><span style=\"color: #ff6600;\">As inscri\u00e7\u00f5es para o 1\u00ba n\u00edvel estar\u00e3o abertas de 20 a 21 de janeiro de 2025, enquanto as demais modalidades poder\u00e3o ser realizadas de 22 a 24 de janeiro de 2025.<\/span><\/p><p><strong>Mais informa\u00e7\u00f5es pe<\/strong><strong>lo e-mail:<\/strong>cursoslivresufpa@gmail.com<\/p>\t\t\t\t\t\t\t\t<\/div>\n\t\t\t\t<\/div>\n\t\t\t\t\t<\/div>\n\t\t<\/div>\n\t\t\t\t<div class=\"elementor-column elementor-col-50 elementor-inner-column elementor-element elementor-element-79608089\" data-id=\"79608089\" data-element_type=\"column\">\n\t\t\t<div class=\"elementor-widget-wrap elementor-element-populated\">\n\t\t\t\t\t\t<div class=\"elementor-element elementor-element-7ccac55 elementor-widget elementor-widget-text-editor\" data-id=\"7ccac55\" data-element_type=\"widget\" data-widget_type=\"text-editor.default\">\n\t\t\t\t<div class=\"elementor-widget-container\">\n\t\t\t\t\t\t\t\t\t<p>Aviso<\/p>\t\t\t\t\t\t\t\t<\/div>\n\t\t\t\t<\/div>\n\t\t\t\t<div class=\"elementor-element elementor-element-8a3b012 elementor-widget elementor-widget-text-editor\" data-id=\"8a3b012\" data-element_type=\"widget\" data-widget_type=\"text-editor.default\">\n\t\t\t\t<div class=\"elementor-widget-container\">\n\t\t\t\t\t\t\t\t\t<p style=\"text-align: center;\"><strong>TESTE DE NIVELAMENTO<\/strong><\/p><p style=\"text-align: center;\">PARA ALUNOS NOVOS QUE DESEJAM INGRESSAR NO CURSO A PARTIR DO N\u00cdVEL 2.<\/p><p style=\"text-align: center;\">DATA DO TESTE PRESENCIAL: 14\/01\/2025<\/p><p style=\"text-align: center;\">DATA DO TESTE ONLINE: 15\/01\/2025<\/p><p style=\"text-align: center;\">Inscri\u00e7\u00f5es: do dia 06\/01 at\u00e9 dia 10\/01\/2025, na secretaria do CLLE (altos do ILC).<br \/>Hor\u00e1rio: das 9:00 \u00e0s 15:00h.<br \/>Valor: R$20,00<br \/>Resultado: a partir das 16h do dia 17\/01\/2025.<br \/>Edital do Teste de Nivelamento: clleufpa.wix.com\/cursoslivres<\/p>\t\t\t\t\t\t\t\t<\/div>\n\t\t\t\t<\/div>\n\t\t\t\t<div class=\"elementor-element elementor-element-166253a elementor-widget elementor-widget-text-editor\" data-id=\"166253a\" data-element_type=\"widget\" data-widget_type=\"text-editor.default\">\n\t\t\t\t<div class=\"elementor-widget-container\">\n\t\t\t\t\t\t\t\t\t<p><strong>Editais\u00a0<\/strong><\/p>\t\t\t\t\t\t\t\t<\/div>\n\t\t\t\t<\/div>\n\t\t\t\t<div class=\"elementor-element elementor-element-368e568 elementor-widget elementor-widget-text-editor\" data-id=\"368e568\" data-element_type=\"widget\" data-widget_type=\"text-editor.default\">\n\t\t\t\t<div class=\"elementor-widget-container\">\n\t\t\t\t\t\t\t\t\t<p style=\"text-align: center;\">Edital<strong> (<a href=\"https:\/\/portalfadesp.org.br\/wp-content\/uploads\/2024\/12\/EDITAL-DE-MATRICULA-CLLE_-1o-SEMESTRE-DE-2025-1.pdf\">Clique aqui)<\/a><\/strong><\/p>\t\t\t\t\t\t\t\t<\/div>\n\t\t\t\t<\/div>\n\t\t\t\t\t<\/div>\n\t\t<\/div>\n\t\t\t\t\t<\/div>\n\t\t<\/section>\n\t\t\t\t\t<\/div>\n\t\t<\/div>\n\t\t\t\t\t<\/div>\n\t\t<\/section>\n\t\t\t\t<\/div>\n\t\t","protected":false},"excerpt":{"rendered":"<p>Cursos Livres de L\u00ednguas Estrangeiras \u2013 UFPA (1\u00b0 SEMESTRE DE 2025) Os Cursos Livres de L\u00ednguas Estrangeiras ofertar\u00e3o Cursos Online e Cursos Presenciais no 1o semestre de 2025.Os Cursos Online continuar\u00e3o a oferecer aos alunos acesso a v\u00eddeo aulas de todas as unidades do livro did\u00e1tico e aula ao vivo (live) com osprofessores 1 vez [&hellip;]<\/p>\n","protected":false},"author":12,"featured_media":0,"parent":0,"menu_order":0,"comment_status":"closed","ping_status":"closed","template":"","meta":{"_monsterinsights_skip_tracking":false,"_monsterinsights_sitenote_active":false,"_monsterinsights_sitenote_note":"","_monsterinsights_sitenote_category":0,"footnotes":""},"class_list":["post-47744","page","type-page","status-publish","hentry","entry"],"yoast_head":"<!-- This site is optimized with the Yoast SEO plugin v25.1 - https:\/\/yoast.com\/wordpress\/plugins\/seo\/ -->\n<title>Cursos Livres de L\u00ednguas Estrangeiras \u2013 UFPA (1\u00b0 SEMESTRE DE 2025) - FADESP<\/title>\n<meta name=\"robots\" content=\"index, follow, max-snippet:-1, max-image-preview:large, max-video-preview:-1\" \/>\n<link rel=\"canonical\" href=\"https:\/\/portalfadesp.org.br\/?page_id=47744\" \/>\n<meta property=\"og:locale\" content=\"pt_BR\" \/>\n<meta property=\"og:type\" content=\"article\" \/>\n<meta property=\"og:title\" content=\"Cursos Livres de L\u00ednguas Estrangeiras \u2013 UFPA (1\u00b0 SEMESTRE DE 2025) - FADESP\" \/>\n<meta property=\"og:description\" content=\"Cursos Livres de L\u00ednguas Estrangeiras \u2013 UFPA (1\u00b0 SEMESTRE DE 2025) Os Cursos Livres de L\u00ednguas Estrangeiras ofertar\u00e3o Cursos Online e Cursos Presenciais no 1o semestre de 2025.Os Cursos Online continuar\u00e3o a oferecer aos alunos acesso a v\u00eddeo aulas de todas as unidades do livro did\u00e1tico e aula ao vivo (live) com osprofessores 1 vez [&hellip;]\" \/>\n<meta property=\"og:url\" content=\"https:\/\/portalfadesp.org.br\/?page_id=47744\" \/>\n<meta property=\"og:site_name\" content=\"FADESP\" \/>\n<meta property=\"article:publisher\" content=\"https:\/\/www.facebook.com\/Fadesp-138351949524662\/\" \/>\n<meta property=\"article:modified_time\" content=\"2024-12-12T12:15:13+00:00\" \/>\n<meta name=\"twitter:card\" content=\"summary_large_image\" \/>\n<meta name=\"twitter:site\" content=\"@Fadesp\" \/>\n<meta name=\"twitter:label1\" content=\"Est. tempo de leitura\" \/>\n\t<meta name=\"twitter:data1\" content=\"2 minutos\" \/>\n<script type=\"application\/ld+json\" class=\"yoast-schema-graph\">{\"@context\":\"https:\/\/schema.org\",\"@graph\":[{\"@type\":\"WebPage\",\"@id\":\"https:\/\/portalfadesp.org.br\/?page_id=47744\",\"url\":\"https:\/\/portalfadesp.org.br\/?page_id=47744\",\"name\":\"Cursos Livres de L\u00ednguas Estrangeiras \u2013 UFPA (1\u00b0 SEMESTRE DE 2025) - FADESP\",\"isPartOf\":{\"@id\":\"https:\/\/portalfadesp.org.br\/#website\"},\"datePublished\":\"2024-12-11T15:24:15+00:00\",\"dateModified\":\"2024-12-12T12:15:13+00:00\",\"breadcrumb\":{\"@id\":\"https:\/\/portalfadesp.org.br\/?page_id=47744#breadcrumb\"},\"inLanguage\":\"pt-BR\",\"potentialAction\":[{\"@type\":\"ReadAction\",\"target\":[\"https:\/\/portalfadesp.org.br\/?page_id=47744\"]}]},{\"@type\":\"BreadcrumbList\",\"@id\":\"https:\/\/portalfadesp.org.br\/?page_id=47744#breadcrumb\",\"itemListElement\":[{\"@type\":\"ListItem\",\"position\":1,\"name\":\"In\u00edcio\",\"item\":\"https:\/\/portalfadesp.org.br\/\"},{\"@type\":\"ListItem\",\"position\":2,\"name\":\"Cursos Livres de L\u00ednguas Estrangeiras \u2013 UFPA (1\u00b0 SEMESTRE DE 2025)\"}]},{\"@type\":\"WebSite\",\"@id\":\"https:\/\/portalfadesp.org.br\/#website\",\"url\":\"https:\/\/portalfadesp.org.br\/\",\"name\":\"FADESP\",\"description\":\"Funda\u00e7\u00e3o de Amparo e Desenvolvimento da Pesquisa\",\"publisher\":{\"@id\":\"https:\/\/portalfadesp.org.br\/#organization\"},\"potentialAction\":[{\"@type\":\"SearchAction\",\"target\":{\"@type\":\"EntryPoint\",\"urlTemplate\":\"https:\/\/portalfadesp.org.br\/?s={search_term_string}\"},\"query-input\":{\"@type\":\"PropertyValueSpecification\",\"valueRequired\":true,\"valueName\":\"search_term_string\"}}],\"inLanguage\":\"pt-BR\"},{\"@type\":\"Organization\",\"@id\":\"https:\/\/portalfadesp.org.br\/#organization\",\"name\":\"FADESP\",\"url\":\"https:\/\/portalfadesp.org.br\/\",\"logo\":{\"@type\":\"ImageObject\",\"inLanguage\":\"pt-BR\",\"@id\":\"https:\/\/portalfadesp.org.br\/#\/schema\/logo\/image\/\",\"url\":\"https:\/\/portalfadesp.org.br\/wp-content\/uploads\/2024\/01\/NOVOLOGOFADESPlaranjaH.png\",\"contentUrl\":\"https:\/\/portalfadesp.org.br\/wp-content\/uploads\/2024\/01\/NOVOLOGOFADESPlaranjaH.png\",\"width\":2742,\"height\":839,\"caption\":\"FADESP\"},\"image\":{\"@id\":\"https:\/\/portalfadesp.org.br\/#\/schema\/logo\/image\/\"},\"sameAs\":[\"https:\/\/www.facebook.com\/Fadesp-138351949524662\/\",\"https:\/\/x.com\/Fadesp\",\"https:\/\/www.instagram.com\/fadesp_ufpa\/\",\"https:\/\/www.youtube.com\/@fundacaodeamparoedesenvolv1903\",\"https:\/\/www.threads.net\/@fadesp_ufpa\"]}]}<\/script>\n<!-- \/ Yoast SEO plugin. -->","yoast_head_json":{"title":"Cursos Livres de L\u00ednguas Estrangeiras \u2013 UFPA (1\u00b0 SEMESTRE DE 2025) - FADESP","robots":{"index":"index","follow":"follow","max-snippet":"max-snippet:-1","max-image-preview":"max-image-preview:large","max-video-preview":"max-video-preview:-1"},"canonical":"https:\/\/portalfadesp.org.br\/?page_id=47744","og_locale":"pt_BR","og_type":"article","og_title":"Cursos Livres de L\u00ednguas Estrangeiras \u2013 UFPA (1\u00b0 SEMESTRE DE 2025) - FADESP","og_description":"Cursos Livres de L\u00ednguas Estrangeiras \u2013 UFPA (1\u00b0 SEMESTRE DE 2025) Os Cursos Livres de L\u00ednguas Estrangeiras ofertar\u00e3o Cursos Online e Cursos Presenciais no 1o semestre de 2025.Os Cursos Online continuar\u00e3o a oferecer aos alunos acesso a v\u00eddeo aulas de todas as unidades do livro did\u00e1tico e aula ao vivo (live) com osprofessores 1 vez [&hellip;]","og_url":"https:\/\/portalfadesp.org.br\/?page_id=47744","og_site_name":"FADESP","article_publisher":"https:\/\/www.facebook.com\/Fadesp-138351949524662\/","article_modified_time":"2024-12-12T12:15:13+00:00","twitter_card":"summary_large_image","twitter_site":"@Fadesp","twitter_misc":{"Est. tempo de leitura":"2 minutos"},"schema":{"@context":"https:\/\/schema.org","@graph":[{"@type":"WebPage","@id":"https:\/\/portalfadesp.org.br\/?page_id=47744","url":"https:\/\/portalfadesp.org.br\/?page_id=47744","name":"Cursos Livres de L\u00ednguas Estrangeiras \u2013 UFPA (1\u00b0 SEMESTRE DE 2025) - FADESP","isPartOf":{"@id":"https:\/\/portalfadesp.org.br\/#website"},"datePublished":"2024-12-11T15:24:15+00:00","dateModified":"2024-12-12T12:15:13+00:00","breadcrumb":{"@id":"https:\/\/portalfadesp.org.br\/?page_id=47744#breadcrumb"},"inLanguage":"pt-BR","potentialAction":[{"@type":"ReadAction","target":["https:\/\/portalfadesp.org.br\/?page_id=47744"]}]},{"@type":"BreadcrumbList","@id":"https:\/\/portalfadesp.org.br\/?page_id=47744#breadcrumb","itemListElement":[{"@type":"ListItem","position":1,"name":"In\u00edcio","item":"https:\/\/portalfadesp.org.br\/"},{"@type":"ListItem","position":2,"name":"Cursos Livres de L\u00ednguas Estrangeiras \u2013 UFPA (1\u00b0 SEMESTRE DE 2025)"}]},{"@type":"WebSite","@id":"https:\/\/portalfadesp.org.br\/#website","url":"https:\/\/portalfadesp.org.br\/","name":"FADESP","description":"Funda\u00e7\u00e3o de Amparo e Desenvolvimento da Pesquisa","publisher":{"@id":"https:\/\/portalfadesp.org.br\/#organization"},"potentialAction":[{"@type":"SearchAction","target":{"@type":"EntryPoint","urlTemplate":"https:\/\/portalfadesp.org.br\/?s={search_term_string}"},"query-input":{"@type":"PropertyValueSpecification","valueRequired":true,"valueName":"search_term_string"}}],"inLanguage":"pt-BR"},{"@type":"Organization","@id":"https:\/\/portalfadesp.org.br\/#organization","name":"FADESP","url":"https:\/\/portalfadesp.org.br\/","logo":{"@type":"ImageObject","inLanguage":"pt-BR","@id":"https:\/\/portalfadesp.org.br\/#\/schema\/logo\/image\/","url":"https:\/\/portalfadesp.org.br\/wp-content\/uploads\/2024\/01\/NOVOLOGOFADESPlaranjaH.png","contentUrl":"https:\/\/portalfadesp.org.br\/wp-content\/uploads\/2024\/01\/NOVOLOGOFADESPlaranjaH.png","width":2742,"height":839,"caption":"FADESP"},"image":{"@id":"https:\/\/portalfadesp.org.br\/#\/schema\/logo\/image\/"},"sameAs":["https:\/\/www.facebook.com\/Fadesp-138351949524662\/","https:\/\/x.com\/Fadesp","https:\/\/www.instagram.com\/fadesp_ufpa\/","https:\/\/www.youtube.com\/@fundacaodeamparoedesenvolv1903","https:\/\/www.threads.net\/@fadesp_ufpa"]}]}},"_links":{"self":[{"href":"https:\/\/portalfadesp.org.br\/index.php?rest_route=\/wp\/v2\/pages\/47744","targetHints":{"allow":["GET"]}}],"collection":[{"href":"https:\/\/portalfadesp.org.br\/index.php?rest_route=\/wp\/v2\/pages"}],"about":[{"href":"https:\/\/portalfadesp.org.br\/index.php?rest_route=\/wp\/v2\/types\/page"}],"author":[{"embeddable":true,"href":"https:\/\/portalfadesp.org.br\/index.php?rest_route=\/wp\/v2\/users\/12"}],"replies":[{"embeddable":true,"href":"https:\/\/portalfadesp.org.br\/index.php?rest_route=%2Fwp%2Fv2%2Fcomments&post=47744"}],"version-history":[{"count":10,"href":"https:\/\/portalfadesp.org.br\/index.php?rest_route=\/wp\/v2\/pages\/47744\/revisions"}],"predecessor-version":[{"id":47783,"href":"https:\/\/portalfadesp.org.br\/index.php?rest_route=\/wp\/v2\/pages\/47744\/revisions\/47783"}],"wp:attachment":[{"href":"https:\/\/portalfadesp.org.br\/index.php?rest_route=%2Fwp%2Fv2%2Fmedia&parent=47744"}],"curies":[{"name":"wp","href":"https:\/\/api.w.org\/{rel}","templated":true}]}}