{"id":47730,"date":"2024-12-11T08:40:59","date_gmt":"2024-12-11T11:40:59","guid":{"rendered":"https:\/\/portalfadesp.org.br\/?page_id=47730"},"modified":"2025-04-10T17:12:00","modified_gmt":"2025-04-10T20:12:00","slug":"pagina_concurso_modelo-2","status":"publish","type":"page","link":"https:\/\/portalfadesp.org.br\/?page_id=47730","title":{"rendered":"CONCURSO P\u00daBLICO PARA GUARDA MUNICIPAL DE MARAB\u00c1 (2024)\u200b"},"content":{"rendered":"\t\t<div data-elementor-type=\"wp-post\" data-elementor-id=\"47730\" class=\"elementor elementor-47730\" data-elementor-post-type=\"page\">\n\t\t\t\t\t\t<section class=\"elementor-section elementor-top-section elementor-element elementor-element-1f2996d1 elementor-section-boxed elementor-section-height-default elementor-section-height-default\" data-id=\"1f2996d1\" data-element_type=\"section\">\n\t\t\t\t\t\t<div class=\"elementor-container elementor-column-gap-default\">\n\t\t\t\t\t<div class=\"elementor-column elementor-col-100 elementor-top-column elementor-element elementor-element-59a4b3f8\" data-id=\"59a4b3f8\" data-element_type=\"column\">\n\t\t\t<div class=\"elementor-widget-wrap elementor-element-populated\">\n\t\t\t\t\t\t<div class=\"elementor-element elementor-element-799471af elementor-widget elementor-widget-heading\" data-id=\"799471af\" data-element_type=\"widget\" data-widget_type=\"heading.default\">\n\t\t\t\t<div class=\"elementor-widget-container\">\n\t\t\t\t\t<h1 class=\"elementor-heading-title elementor-size-default\">CONCURSO P\u00daBLICO PARA GUARDA MUNICIPAL DE MARAB\u00c1 (2024)<\/h1>\t\t\t\t<\/div>\n\t\t\t\t<\/div>\n\t\t\t\t<section class=\"elementor-section elementor-inner-section elementor-element elementor-element-336311f elementor-section-boxed elementor-section-height-default elementor-section-height-default\" data-id=\"336311f\" data-element_type=\"section\">\n\t\t\t\t\t\t<div class=\"elementor-container elementor-column-gap-default\">\n\t\t\t\t\t<div class=\"elementor-column elementor-col-50 elementor-inner-column elementor-element elementor-element-75ca0dc3\" data-id=\"75ca0dc3\" data-element_type=\"column\">\n\t\t\t<div class=\"elementor-widget-wrap elementor-element-populated\">\n\t\t\t\t\t\t<div class=\"elementor-element elementor-element-425a3096 elementor-widget elementor-widget-text-editor\" data-id=\"425a3096\" data-element_type=\"widget\" data-widget_type=\"text-editor.default\">\n\t\t\t\t<div class=\"elementor-widget-container\">\n\t\t\t\t\t\t\t\t\t<p>O Prefeito Municipal de Marab\u00e1, no uso de suas atribui\u00e7\u00f5es, torna p\u00fablica a realiza\u00e7\u00e3o do Concurso P\u00fablico destinado ao preenchimento de vagas para provimento do cargo efetivo do quadro de pessoal da Guarda Municipal de Marab\u00e1 (GMM), integrante da Secretaria Municipal de Seguran\u00e7a Institucional da Prefeitura Municipal de Marab\u00e1 (PMM), conforme as condi\u00e7\u00f5es estabelecidas neste edital.<\/p><p>O Concurso P\u00fablico, obedecidas as normas deste edital, ser\u00e1 constitu\u00eddo de duas Fases, a primeira fase executada pela\u00a0<strong>Funda\u00e7\u00e3o de Amparo e Desenvolvimento da Pesquisa &#8211; Fadesp,<\/strong>\u00a0e a segunda fase executada pela Prefeitura Municipal de Marab\u00e1, cabendo \u00e0 Comiss\u00e3o Especial, designada pela Secretaria de Administra\u00e7\u00e3o da Prefeitura Municipal de Marab\u00e1, acompanhar os atos praticados durante toda a execu\u00e7\u00e3o do Concurso P\u00fablico.<\/p><p><span style=\"text-decoration: underline;\"><span style=\"color: #ff6600;\"><strong>1\u00aa FASE<\/strong><\/span><\/span><\/p><p><strong>1\u00aa Etapa &#8211; Avalia\u00e7\u00e3o de Conhecimentos\u00a0<\/strong>\u2013 De car\u00e1ter eliminat\u00f3rio e classificat\u00f3rio, a ser aplicado no Munic\u00edpio de Marab\u00e1, com detalhamento apresentado neste Edital;<\/p><p><strong>2\u00aa Etapa &#8211; Avalia\u00e7\u00e3o de Aptid\u00e3o F\u00edsica<\/strong>\u00a0\u2013 De car\u00e1ter eliminat\u00f3rio, a ser aplicado no Munic\u00edpio de Marab\u00e1, com detalhamento apresentado neste Edital;<\/p><p><strong>3\u00aa Etapa &#8211; Avalia\u00e7\u00e3o Psicol\u00f3gica\u00a0<\/strong>\u2013 De car\u00e1ter eliminat\u00f3rio, a ser aplicado no Munic\u00edpio de Marab\u00e1, com detalhamento apresentado neste Edital.<\/p><p><span style=\"text-decoration: underline;\"><span style=\"color: #ff6600;\"><strong>2\u00aa FASE<\/strong><\/span><\/span><\/p><p><strong>\u00a0 \u00a0 \u00a0 \u00a0 1\u00aa Etapa<\/strong>\u00a0<strong>\u2013 Pesquisa Social<\/strong>\u00a0\u2013 De car\u00e1ter eliminat\u00f3rio, a ser realizada pela Prefeitura Municipal de Marab\u00e1, com detalhamento apresentado neste Edital e em Edital Espec\u00edfico;<\/p><p>\u00a0\u00a0\u00a0\u00a0\u00a0\u00a0\u00a0\u00a0\u00a0\u00a0\u00a0\u00a0<strong>2\u00aa Etapa<\/strong>\u00a0<strong>\u2013 Avalia\u00e7\u00e3o Antropom\u00e9trica e M\u00e9dica<\/strong>\u00a0\u2013 De car\u00e1ter eliminat\u00f3rio, a ser realizada pela Prefeitura Municipal de Marab\u00e1, com detalhamento apresentado neste Edital e em Edital Espec\u00edfico;<\/p><p>\u00a0\u00a0\u00a0\u00a0\u00a0\u00a0\u00a0\u00a0\u00a0\u00a0\u00a0\u00a0<strong>3\u00aa Etapa<\/strong>\u00a0<strong>\u2013 Curso de Forma\u00e7\u00e3o de Guarda Municipal<\/strong>\u00a0\u2013 De car\u00e1ter eliminat\u00f3rio, a ser realizada pela Prefeitura Municipal de Marab\u00e1, com detalhamento apresentado neste Edital e em Edital Espec\u00edfico.<\/p><p style=\"font-weight: 400;\"><span style=\"font-weight: 600;\">Total de vagas ofertadas<\/span>\u00a0= 126 (encontra-se no Anexo I \u2013 Quadro de vagas) do edital.<\/p><p style=\"font-weight: 400;\"><span style=\"font-weight: 600;\">\u2013 Valor das taxas de Inscri\u00e7\u00e3o:<\/span><br \/>R$ 90,00 (noventa reais)<\/p><p><em><span style=\"color: #ff6600;\"><strong>O cronograma das atividades do concurso est\u00e1 dispon\u00edvel no ANEXO III do Edital n\u00ba 01\/2024.<\/strong><\/span><\/em><\/p>\t\t\t\t\t\t\t\t<\/div>\n\t\t\t\t<\/div>\n\t\t\t\t\t<\/div>\n\t\t<\/div>\n\t\t\t\t<div class=\"elementor-column elementor-col-50 elementor-inner-column elementor-element elementor-element-79608089\" data-id=\"79608089\" data-element_type=\"column\">\n\t\t\t<div class=\"elementor-widget-wrap elementor-element-populated\">\n\t\t\t\t\t\t<div class=\"elementor-element elementor-element-f70f139 elementor-widget elementor-widget-text-editor\" data-id=\"f70f139\" data-element_type=\"widget\" data-widget_type=\"text-editor.default\">\n\t\t\t\t<div class=\"elementor-widget-container\">\n\t\t\t\t\t\t\t\t\t<div style=\"background-color: #f0f0f0;border: 1px solid #ccc; border-radius: 8px;\">\n<h3 class=\"single-post-title entry-title\" style=\"text-align: center;\"><a href=\"https:\/\/portalfadesp.org.br\/?p=48931\">Suspens\u00e3o Tempor\u00e1ria do Concurso da Guarda Municipal de Marab\u00e1 NOTA OFICIAL \u2013 FADESP (Clique aqui)<\/a><\/h3>\n<\/div>\t\t\t\t\t\t\t\t<\/div>\n\t\t\t\t<\/div>\n\t\t\t\t<div class=\"elementor-element elementor-element-7ccac55 elementor-widget elementor-widget-text-editor\" data-id=\"7ccac55\" data-element_type=\"widget\" data-widget_type=\"text-editor.default\">\n\t\t\t\t<div class=\"elementor-widget-container\">\n\t\t\t\t\t\t\t\t\t<p><strong>Editais\u00a0<\/strong><\/p>\t\t\t\t\t\t\t\t<\/div>\n\t\t\t\t<\/div>\n\t\t\t\t<div class=\"elementor-element elementor-element-368e568 elementor-widget elementor-widget-text-editor\" data-id=\"368e568\" data-element_type=\"widget\" data-widget_type=\"text-editor.default\">\n\t\t\t\t<div class=\"elementor-widget-container\">\n\t\t\t\t\t\t\t\t\t<p><a href=\"https:\/\/portalfadesp.org.br\/wp-content\/uploads\/2025\/03\/Edital-No-02_2024-Adiamento-do-inicio-das-inscricoes.pdf\">EDITAL N\u00ba 02\/2024 &#8211; Adiamento do in\u00edcio das inscri\u00e7\u00f5es, de 28\/03\/2025 <strong>(Clique aqui)<\/strong><\/a><\/p><p><a href=\"https:\/\/portalfadesp.org.br\/wp-content\/uploads\/2025\/03\/Edital-No-01_2024-Consolidado-28_03_2025.pdf\">EDITAL N\u00ba 01\/2024 &#8211; Consolidado, de 28\/03\/2025 <strong>(Clique aqui)<\/strong><\/a><\/p>\t\t\t\t\t\t\t\t<\/div>\n\t\t\t\t<\/div>\n\t\t\t\t<div class=\"elementor-element elementor-element-5051707 elementor-widget elementor-widget-eael-adv-accordion\" data-id=\"5051707\" data-element_type=\"widget\" data-widget_type=\"eael-adv-accordion.default\">\n\t\t\t\t<div class=\"elementor-widget-container\">\n\t\t\t\t\t        <div class=\"eael-adv-accordion\" id=\"eael-adv-accordion-5051707\" data-scroll-on-click=\"no\" data-scroll-speed=\"300\" data-accordion-id=\"5051707\" data-accordion-type=\"accordion\" data-toogle-speed=\"300\">\n    <div class=\"eael-accordion-list\">\n                <div id=\"editais-acessibilidade-clique-aqui\" class=\"elementor-tab-title eael-accordion-header\" tabindex=\"0\" data-tab=\"1\" aria-controls=\"elementor-tab-content-8421\"><span class=\"eael-advanced-accordion-icon-closed\"><svg aria-hidden=\"true\" class=\"fa-accordion-icon e-font-icon-svg e-fas-plus\" viewBox=\"0 0 448 512\" xmlns=\"http:\/\/www.w3.org\/2000\/svg\"><path d=\"M416 208H272V64c0-17.67-14.33-32-32-32h-32c-17.67 0-32 14.33-32 32v144H32c-17.67 0-32 14.33-32 32v32c0 17.67 14.33 32 32 32h144v144c0 17.67 14.33 32 32 32h32c17.67 0 32-14.33 32-32V304h144c17.67 0 32-14.33 32-32v-32c0-17.67-14.33-32-32-32z\"><\/path><\/svg><\/span><span class=\"eael-advanced-accordion-icon-opened\"><svg aria-hidden=\"true\" class=\"fa-accordion-icon e-font-icon-svg e-fas-minus\" viewBox=\"0 0 448 512\" xmlns=\"http:\/\/www.w3.org\/2000\/svg\"><path d=\"M416 208H32c-17.67 0-32 14.33-32 32v32c0 17.67 14.33 32 32 32h384c17.67 0 32-14.33 32-32v-32c0-17.67-14.33-32-32-32z\"><\/path><\/svg><\/span><h6 class=\"eael-accordion-tab-title\">Editais Acessibilidade (Clique aqui)<\/h6><svg aria-hidden=\"true\" class=\"fa-toggle e-font-icon-svg e-fas-angle-right\" viewBox=\"0 0 256 512\" xmlns=\"http:\/\/www.w3.org\/2000\/svg\"><path d=\"M224.3 273l-136 136c-9.4 9.4-24.6 9.4-33.9 0l-22.6-22.6c-9.4-9.4-9.4-24.6 0-33.9l96.4-96.4-96.4-96.4c-9.4-9.4-9.4-24.6 0-33.9L54.3 103c9.4-9.4 24.6-9.4 33.9 0l136 136c9.5 9.4 9.5 24.6.1 34z\"><\/path><\/svg><\/div><div id=\"elementor-tab-content-8421\" class=\"eael-accordion-content clearfix\" data-tab=\"1\" aria-labelledby=\"editais-acessibilidade-clique-aqui\"><p><a href=\"https:\/\/www.youtube.com\/watch?v=fXM8mj9YogM\">EDITAL N\u00ba 01\/2024 &#8211; Republicado &#8211; Edital em Libras, de 19\/03\/2025 <strong>(Clique aqui)<\/strong><\/a><\/p><p><a href=\"https:\/\/portalfadesp.org.br\/wp-content\/uploads\/2025\/03\/Edital-No-01_2024-Republicado_ACESSIVEL_para_leitores_de_tela_.pdf\">EDITAL N\u00ba 01\/2024 &#8211; Republicado &#8211; Acess\u00edvel para leitores de tela, de 19\/03\/2025 <strong>(Clique aqui)<\/strong><\/a><\/p><\/div>\n                <\/div><\/div>\t\t\t\t<\/div>\n\t\t\t\t<\/div>\n\t\t\t\t<div class=\"elementor-element elementor-element-54c892f elementor-widget elementor-widget-eael-adv-accordion\" data-id=\"54c892f\" data-element_type=\"widget\" data-widget_type=\"eael-adv-accordion.default\">\n\t\t\t\t<div class=\"elementor-widget-container\">\n\t\t\t\t\t        <div class=\"eael-adv-accordion\" id=\"eael-adv-accordion-54c892f\" data-scroll-on-click=\"no\" data-scroll-speed=\"300\" data-accordion-id=\"54c892f\" data-accordion-type=\"accordion\" data-toogle-speed=\"300\">\n    <div class=\"eael-accordion-list\">\n                <div id=\"leis-municipais-clique-aqui\" class=\"elementor-tab-title eael-accordion-header\" tabindex=\"0\" data-tab=\"1\" aria-controls=\"elementor-tab-content-8891\"><span class=\"eael-advanced-accordion-icon-closed\"><svg aria-hidden=\"true\" class=\"fa-accordion-icon e-font-icon-svg e-fas-plus\" viewBox=\"0 0 448 512\" xmlns=\"http:\/\/www.w3.org\/2000\/svg\"><path d=\"M416 208H272V64c0-17.67-14.33-32-32-32h-32c-17.67 0-32 14.33-32 32v144H32c-17.67 0-32 14.33-32 32v32c0 17.67 14.33 32 32 32h144v144c0 17.67 14.33 32 32 32h32c17.67 0 32-14.33 32-32V304h144c17.67 0 32-14.33 32-32v-32c0-17.67-14.33-32-32-32z\"><\/path><\/svg><\/span><span class=\"eael-advanced-accordion-icon-opened\"><svg aria-hidden=\"true\" class=\"fa-accordion-icon e-font-icon-svg e-fas-minus\" viewBox=\"0 0 448 512\" xmlns=\"http:\/\/www.w3.org\/2000\/svg\"><path d=\"M416 208H32c-17.67 0-32 14.33-32 32v32c0 17.67 14.33 32 32 32h384c17.67 0 32-14.33 32-32v-32c0-17.67-14.33-32-32-32z\"><\/path><\/svg><\/span><h6 class=\"eael-accordion-tab-title\">Leis Municipais (Clique aqui)<\/h6><svg aria-hidden=\"true\" class=\"fa-toggle e-font-icon-svg e-fas-angle-right\" viewBox=\"0 0 256 512\" xmlns=\"http:\/\/www.w3.org\/2000\/svg\"><path d=\"M224.3 273l-136 136c-9.4 9.4-24.6 9.4-33.9 0l-22.6-22.6c-9.4-9.4-9.4-24.6 0-33.9l96.4-96.4-96.4-96.4c-9.4-9.4-9.4-24.6 0-33.9L54.3 103c9.4-9.4 24.6-9.4 33.9 0l136 136c9.5 9.4 9.5 24.6.1 34z\"><\/path><\/svg><\/div><div id=\"elementor-tab-content-8891\" class=\"eael-accordion-content clearfix\" data-tab=\"1\" aria-labelledby=\"leis-municipais-clique-aqui\"><p><a href=\"https:\/\/portalfadesp.org.br\/wp-content\/uploads\/2024\/12\/Decreto-Municipal-no-776_2010-Homologa-o-regulamento-e-disciplina-o-perfil-do-Guarda-Municipal-de-Maraba.pdf\">Decreto Municipal n\u00ba 776_2010 &#8211; Homologa o regulamento e disciplina o perfil do Guarda Municipal de Marab\u00e1 <strong>(Clique aqui)<\/strong><\/a><\/p><p><a href=\"https:\/\/portalfadesp.org.br\/wp-content\/uploads\/2024\/12\/Lei-Municipal-no-17.361_2009-Cria-a-Guarda-Municipal-de-Maraba.pdf\">Lei Municipal n\u00ba 17.361_2009 &#8211; Cria a Guarda Municipal de Marab\u00e1 <strong>(Clique aqui)<\/strong><\/a><\/p><p><a href=\"https:\/\/drive.google.com\/file\/d\/1NGOupYo2LhTZaRxfJas49mDgAZQ6hGTa\/view?usp=sharing\">Lei Municipal n\u00ba 17.431_2010 &#8211; Institui o Estatuto da Guarda Municipal de Marab\u00e1 <strong>(Clique aqui)<\/strong><\/a><\/p><p><a href=\"https:\/\/portalfadesp.org.br\/wp-content\/uploads\/2024\/12\/Lei-Municipal-no-17.811_2017-Cria-a-Ouvidoria-e-a-Corregedoria-da-Guarda-Municipal-de-Maraba.pdf\">Lei Municipal n\u00ba 17.811_2017 &#8211; Cria a Ouvidoria e a Corregedoria da Guarda Municipal de Marab\u00e1 <strong>(Clique aqui)<\/strong><\/a><\/p><p><a href=\"https:\/\/portalfadesp.org.br\/wp-content\/uploads\/2024\/12\/Lei-Municipal-no-18.163_22-Altera-a-Lei-17.811_2017-que-criou-a-Ouvidoria-e-a-Corregedoria-da-Guarda-Municipal-de-Maraba.pdf\">Lei Municipal n\u00ba 18.163_22 &#8211; Altera a Lei 17.811_2017 que criou a Ouvidoria e a Corregedoria da Guarda Municipal de Marab\u00e1 <strong>(Clique aqui)<\/strong><\/a><\/p><p><a href=\"https:\/\/portalfadesp.org.br\/wp-content\/uploads\/2024\/12\/Lei-Municipal-no-18.165_2022-Dispoe-sobre-vagas-para-mulheres-na-Guarda-Municpal-de-Maraba.pdf\">Lei Municipal n\u00ba 18.165_2022 &#8211; Disp\u00f5e sobre vagas para mulheres na Guarda Municpal de Marab\u00e1 <strong>(Clique aqui)<\/strong><\/a><\/p><\/div>\n                <\/div><\/div>\t\t\t\t<\/div>\n\t\t\t\t<\/div>\n\t\t\t\t\t<\/div>\n\t\t<\/div>\n\t\t\t\t\t<\/div>\n\t\t<\/section>\n\t\t\t\t\t<\/div>\n\t\t<\/div>\n\t\t\t\t\t<\/div>\n\t\t<\/section>\n\t\t\t\t<\/div>\n\t\t","protected":false},"excerpt":{"rendered":"<p>CONCURSO P\u00daBLICO PARA GUARDA MUNICIPAL DE MARAB\u00c1 (2024) O Prefeito Municipal de Marab\u00e1, no uso de suas atribui\u00e7\u00f5es, torna p\u00fablica a realiza\u00e7\u00e3o do Concurso P\u00fablico destinado ao preenchimento de vagas para provimento do cargo efetivo do quadro de pessoal da Guarda Municipal de Marab\u00e1 (GMM), integrante da Secretaria Municipal de Seguran\u00e7a Institucional da Prefeitura Municipal [&hellip;]<\/p>\n","protected":false},"author":12,"featured_media":0,"parent":33856,"menu_order":0,"comment_status":"closed","ping_status":"closed","template":"","meta":{"_monsterinsights_skip_tracking":false,"_monsterinsights_sitenote_active":false,"_monsterinsights_sitenote_note":"","_monsterinsights_sitenote_category":0,"footnotes":""},"class_list":["post-47730","page","type-page","status-publish","hentry","entry"],"yoast_head":"<!-- This site is optimized with the Yoast SEO plugin v25.1 - https:\/\/yoast.com\/wordpress\/plugins\/seo\/ -->\n<title>CONCURSO P\u00daBLICO PARA GUARDA MUNICIPAL DE MARAB\u00c1 (2024)\u200b - FADESP<\/title>\n<meta name=\"robots\" content=\"index, follow, max-snippet:-1, max-image-preview:large, max-video-preview:-1\" \/>\n<link rel=\"canonical\" href=\"https:\/\/portalfadesp.org.br\/?page_id=47730\" \/>\n<meta property=\"og:locale\" content=\"pt_BR\" \/>\n<meta property=\"og:type\" content=\"article\" \/>\n<meta property=\"og:title\" content=\"CONCURSO P\u00daBLICO PARA GUARDA MUNICIPAL DE MARAB\u00c1 (2024)\u200b - FADESP\" \/>\n<meta property=\"og:description\" content=\"CONCURSO P\u00daBLICO PARA GUARDA MUNICIPAL DE MARAB\u00c1 (2024) O Prefeito Municipal de Marab\u00e1, no uso de suas atribui\u00e7\u00f5es, torna p\u00fablica a realiza\u00e7\u00e3o do Concurso P\u00fablico destinado ao preenchimento de vagas para provimento do cargo efetivo do quadro de pessoal da Guarda Municipal de Marab\u00e1 (GMM), integrante da Secretaria Municipal de Seguran\u00e7a Institucional da Prefeitura Municipal [&hellip;]\" \/>\n<meta property=\"og:url\" content=\"https:\/\/portalfadesp.org.br\/?page_id=47730\" \/>\n<meta property=\"og:site_name\" content=\"FADESP\" \/>\n<meta property=\"article:publisher\" content=\"https:\/\/www.facebook.com\/Fadesp-138351949524662\/\" \/>\n<meta property=\"article:modified_time\" content=\"2025-04-10T20:12:00+00:00\" \/>\n<meta name=\"twitter:card\" content=\"summary_large_image\" \/>\n<meta name=\"twitter:site\" content=\"@Fadesp\" \/>\n<meta name=\"twitter:label1\" content=\"Est. tempo de leitura\" \/>\n\t<meta name=\"twitter:data1\" content=\"3 minutos\" \/>\n<script type=\"application\/ld+json\" class=\"yoast-schema-graph\">{\"@context\":\"https:\/\/schema.org\",\"@graph\":[{\"@type\":\"WebPage\",\"@id\":\"https:\/\/portalfadesp.org.br\/?page_id=47730\",\"url\":\"https:\/\/portalfadesp.org.br\/?page_id=47730\",\"name\":\"CONCURSO P\u00daBLICO PARA GUARDA MUNICIPAL DE MARAB\u00c1 (2024)\u200b - FADESP\",\"isPartOf\":{\"@id\":\"https:\/\/portalfadesp.org.br\/#website\"},\"datePublished\":\"2024-12-11T11:40:59+00:00\",\"dateModified\":\"2025-04-10T20:12:00+00:00\",\"breadcrumb\":{\"@id\":\"https:\/\/portalfadesp.org.br\/?page_id=47730#breadcrumb\"},\"inLanguage\":\"pt-BR\",\"potentialAction\":[{\"@type\":\"ReadAction\",\"target\":[\"https:\/\/portalfadesp.org.br\/?page_id=47730\"]}]},{\"@type\":\"BreadcrumbList\",\"@id\":\"https:\/\/portalfadesp.org.br\/?page_id=47730#breadcrumb\",\"itemListElement\":[{\"@type\":\"ListItem\",\"position\":1,\"name\":\"In\u00edcio\",\"item\":\"https:\/\/portalfadesp.org.br\/\"},{\"@type\":\"ListItem\",\"position\":2,\"name\":\"Concursos &#8211; Novos\",\"item\":\"https:\/\/portalfadesp.org.br\/?page_id=33856\"},{\"@type\":\"ListItem\",\"position\":3,\"name\":\"CONCURSO P\u00daBLICO PARA GUARDA MUNICIPAL DE MARAB\u00c1 (2024)\u200b\"}]},{\"@type\":\"WebSite\",\"@id\":\"https:\/\/portalfadesp.org.br\/#website\",\"url\":\"https:\/\/portalfadesp.org.br\/\",\"name\":\"FADESP\",\"description\":\"Funda\u00e7\u00e3o de Amparo e Desenvolvimento da Pesquisa\",\"publisher\":{\"@id\":\"https:\/\/portalfadesp.org.br\/#organization\"},\"potentialAction\":[{\"@type\":\"SearchAction\",\"target\":{\"@type\":\"EntryPoint\",\"urlTemplate\":\"https:\/\/portalfadesp.org.br\/?s={search_term_string}\"},\"query-input\":{\"@type\":\"PropertyValueSpecification\",\"valueRequired\":true,\"valueName\":\"search_term_string\"}}],\"inLanguage\":\"pt-BR\"},{\"@type\":\"Organization\",\"@id\":\"https:\/\/portalfadesp.org.br\/#organization\",\"name\":\"FADESP\",\"url\":\"https:\/\/portalfadesp.org.br\/\",\"logo\":{\"@type\":\"ImageObject\",\"inLanguage\":\"pt-BR\",\"@id\":\"https:\/\/portalfadesp.org.br\/#\/schema\/logo\/image\/\",\"url\":\"https:\/\/portalfadesp.org.br\/wp-content\/uploads\/2024\/01\/NOVOLOGOFADESPlaranjaH.png\",\"contentUrl\":\"https:\/\/portalfadesp.org.br\/wp-content\/uploads\/2024\/01\/NOVOLOGOFADESPlaranjaH.png\",\"width\":2742,\"height\":839,\"caption\":\"FADESP\"},\"image\":{\"@id\":\"https:\/\/portalfadesp.org.br\/#\/schema\/logo\/image\/\"},\"sameAs\":[\"https:\/\/www.facebook.com\/Fadesp-138351949524662\/\",\"https:\/\/x.com\/Fadesp\",\"https:\/\/www.instagram.com\/fadesp_ufpa\/\",\"https:\/\/www.youtube.com\/@fundacaodeamparoedesenvolv1903\",\"https:\/\/www.threads.net\/@fadesp_ufpa\"]}]}<\/script>\n<!-- \/ Yoast SEO plugin. -->","yoast_head_json":{"title":"CONCURSO P\u00daBLICO PARA GUARDA MUNICIPAL DE MARAB\u00c1 (2024)\u200b - FADESP","robots":{"index":"index","follow":"follow","max-snippet":"max-snippet:-1","max-image-preview":"max-image-preview:large","max-video-preview":"max-video-preview:-1"},"canonical":"https:\/\/portalfadesp.org.br\/?page_id=47730","og_locale":"pt_BR","og_type":"article","og_title":"CONCURSO P\u00daBLICO PARA GUARDA MUNICIPAL DE MARAB\u00c1 (2024)\u200b - FADESP","og_description":"CONCURSO P\u00daBLICO PARA GUARDA MUNICIPAL DE MARAB\u00c1 (2024) O Prefeito Municipal de Marab\u00e1, no uso de suas atribui\u00e7\u00f5es, torna p\u00fablica a realiza\u00e7\u00e3o do Concurso P\u00fablico destinado ao preenchimento de vagas para provimento do cargo efetivo do quadro de pessoal da Guarda Municipal de Marab\u00e1 (GMM), integrante da Secretaria Municipal de Seguran\u00e7a Institucional da Prefeitura Municipal [&hellip;]","og_url":"https:\/\/portalfadesp.org.br\/?page_id=47730","og_site_name":"FADESP","article_publisher":"https:\/\/www.facebook.com\/Fadesp-138351949524662\/","article_modified_time":"2025-04-10T20:12:00+00:00","twitter_card":"summary_large_image","twitter_site":"@Fadesp","twitter_misc":{"Est. tempo de leitura":"3 minutos"},"schema":{"@context":"https:\/\/schema.org","@graph":[{"@type":"WebPage","@id":"https:\/\/portalfadesp.org.br\/?page_id=47730","url":"https:\/\/portalfadesp.org.br\/?page_id=47730","name":"CONCURSO P\u00daBLICO PARA GUARDA MUNICIPAL DE MARAB\u00c1 (2024)\u200b - FADESP","isPartOf":{"@id":"https:\/\/portalfadesp.org.br\/#website"},"datePublished":"2024-12-11T11:40:59+00:00","dateModified":"2025-04-10T20:12:00+00:00","breadcrumb":{"@id":"https:\/\/portalfadesp.org.br\/?page_id=47730#breadcrumb"},"inLanguage":"pt-BR","potentialAction":[{"@type":"ReadAction","target":["https:\/\/portalfadesp.org.br\/?page_id=47730"]}]},{"@type":"BreadcrumbList","@id":"https:\/\/portalfadesp.org.br\/?page_id=47730#breadcrumb","itemListElement":[{"@type":"ListItem","position":1,"name":"In\u00edcio","item":"https:\/\/portalfadesp.org.br\/"},{"@type":"ListItem","position":2,"name":"Concursos &#8211; Novos","item":"https:\/\/portalfadesp.org.br\/?page_id=33856"},{"@type":"ListItem","position":3,"name":"CONCURSO P\u00daBLICO PARA GUARDA MUNICIPAL DE MARAB\u00c1 (2024)\u200b"}]},{"@type":"WebSite","@id":"https:\/\/portalfadesp.org.br\/#website","url":"https:\/\/portalfadesp.org.br\/","name":"FADESP","description":"Funda\u00e7\u00e3o de Amparo e Desenvolvimento da Pesquisa","publisher":{"@id":"https:\/\/portalfadesp.org.br\/#organization"},"potentialAction":[{"@type":"SearchAction","target":{"@type":"EntryPoint","urlTemplate":"https:\/\/portalfadesp.org.br\/?s={search_term_string}"},"query-input":{"@type":"PropertyValueSpecification","valueRequired":true,"valueName":"search_term_string"}}],"inLanguage":"pt-BR"},{"@type":"Organization","@id":"https:\/\/portalfadesp.org.br\/#organization","name":"FADESP","url":"https:\/\/portalfadesp.org.br\/","logo":{"@type":"ImageObject","inLanguage":"pt-BR","@id":"https:\/\/portalfadesp.org.br\/#\/schema\/logo\/image\/","url":"https:\/\/portalfadesp.org.br\/wp-content\/uploads\/2024\/01\/NOVOLOGOFADESPlaranjaH.png","contentUrl":"https:\/\/portalfadesp.org.br\/wp-content\/uploads\/2024\/01\/NOVOLOGOFADESPlaranjaH.png","width":2742,"height":839,"caption":"FADESP"},"image":{"@id":"https:\/\/portalfadesp.org.br\/#\/schema\/logo\/image\/"},"sameAs":["https:\/\/www.facebook.com\/Fadesp-138351949524662\/","https:\/\/x.com\/Fadesp","https:\/\/www.instagram.com\/fadesp_ufpa\/","https:\/\/www.youtube.com\/@fundacaodeamparoedesenvolv1903","https:\/\/www.threads.net\/@fadesp_ufpa"]}]}},"_links":{"self":[{"href":"https:\/\/portalfadesp.org.br\/index.php?rest_route=\/wp\/v2\/pages\/47730","targetHints":{"allow":["GET"]}}],"collection":[{"href":"https:\/\/portalfadesp.org.br\/index.php?rest_route=\/wp\/v2\/pages"}],"about":[{"href":"https:\/\/portalfadesp.org.br\/index.php?rest_route=\/wp\/v2\/types\/page"}],"author":[{"embeddable":true,"href":"https:\/\/portalfadesp.org.br\/index.php?rest_route=\/wp\/v2\/users\/12"}],"replies":[{"embeddable":true,"href":"https:\/\/portalfadesp.org.br\/index.php?rest_route=%2Fwp%2Fv2%2Fcomments&post=47730"}],"version-history":[{"count":53,"href":"https:\/\/portalfadesp.org.br\/index.php?rest_route=\/wp\/v2\/pages\/47730\/revisions"}],"predecessor-version":[{"id":48946,"href":"https:\/\/portalfadesp.org.br\/index.php?rest_route=\/wp\/v2\/pages\/47730\/revisions\/48946"}],"up":[{"embeddable":true,"href":"https:\/\/portalfadesp.org.br\/index.php?rest_route=\/wp\/v2\/pages\/33856"}],"wp:attachment":[{"href":"https:\/\/portalfadesp.org.br\/index.php?rest_route=%2Fwp%2Fv2%2Fmedia&parent=47730"}],"curies":[{"name":"wp","href":"https:\/\/api.w.org\/{rel}","templated":true}]}}