{"id":47470,"date":"2024-11-05T15:26:45","date_gmt":"2024-11-05T18:26:45","guid":{"rendered":"https:\/\/portalfadesp.org.br\/?page_id=47470"},"modified":"2025-02-17T16:13:23","modified_gmt":"2025-02-17T19:13:23","slug":"pagina_comum_modelo-4","status":"publish","type":"page","link":"https:\/\/portalfadesp.org.br\/?page_id=47470","title":{"rendered":"ESPECIALIZA\u00c7\u00c3O EM ENGENHARIA DA QUALIDADE (UFPA &#8211; CAMPUS ABAETETUBA) 2024"},"content":{"rendered":"\t\t<div data-elementor-type=\"wp-post\" data-elementor-id=\"47470\" class=\"elementor elementor-47470\" data-elementor-post-type=\"page\">\n\t\t\t\t\t\t<section class=\"elementor-section elementor-top-section elementor-element elementor-element-1f2996d1 elementor-section-boxed elementor-section-height-default elementor-section-height-default\" data-id=\"1f2996d1\" data-element_type=\"section\">\n\t\t\t\t\t\t<div class=\"elementor-container elementor-column-gap-default\">\n\t\t\t\t\t<div class=\"elementor-column elementor-col-100 elementor-top-column elementor-element elementor-element-59a4b3f8\" data-id=\"59a4b3f8\" data-element_type=\"column\">\n\t\t\t<div class=\"elementor-widget-wrap elementor-element-populated\">\n\t\t\t\t\t\t<div class=\"elementor-element elementor-element-799471af elementor-widget elementor-widget-heading\" data-id=\"799471af\" data-element_type=\"widget\" data-widget_type=\"heading.default\">\n\t\t\t\t<div class=\"elementor-widget-container\">\n\t\t\t\t\t<h1 class=\"elementor-heading-title elementor-size-default\">ESPECIALIZA\u00c7\u00c3O EM ENGENHARIA DA QUALIDADE (UFPA - CAMPUS ABAETETUBA) 2024<\/h1>\t\t\t\t<\/div>\n\t\t\t\t<\/div>\n\t\t\t\t<section class=\"elementor-section elementor-inner-section elementor-element elementor-element-336311f elementor-section-boxed elementor-section-height-default elementor-section-height-default\" data-id=\"336311f\" data-element_type=\"section\">\n\t\t\t\t\t\t<div class=\"elementor-container elementor-column-gap-default\">\n\t\t\t\t\t<div class=\"elementor-column elementor-col-50 elementor-inner-column elementor-element elementor-element-75ca0dc3\" data-id=\"75ca0dc3\" data-element_type=\"column\">\n\t\t\t<div class=\"elementor-widget-wrap elementor-element-populated\">\n\t\t\t\t\t\t<div class=\"elementor-element elementor-element-425a3096 elementor-widget elementor-widget-text-editor\" data-id=\"425a3096\" data-element_type=\"widget\" data-widget_type=\"text-editor.default\">\n\t\t\t\t<div class=\"elementor-widget-container\">\n\t\t\t\t\t\t\t\t\t<p>O coordenador do curso de Especializa\u00e7\u00e3o em Engenharia da Qualidade da Universidade Federal do Par\u00e1 \u2013 Campus Universit\u00e1rio de Abaetetuba, Prof. Dr. Harlenn dos Santos Lopes, no uso de suas atribui\u00e7\u00f5es legais dadas pela Portaria No 732\/2024 &#8211; Reitoria e na forma do que disp\u00f5e a resolu\u00e7\u00e3o no 5.743 de 27 de Fevereiro de 2024, torna p\u00fablica a abertura de inscri\u00e7\u00f5es ao Processo Seletivo, para preenchimento de vagas do curso de Especializa\u00e7\u00e3o em Engenharia da Qualidade, com carga hor\u00e1ria de 430 horas, no formato modular, de forma autofinanciada.<\/p><p><b>Pr\u00e9-requisitos: <\/b>Profissionais de n\u00edvel superior formados em Engenharia, Arquitetura, Administra\u00e7\u00e3o de Empresas, Economia,<br \/>Estat\u00edstica, Matem\u00e1tica e \u00e1reas afins.<\/p><p><strong>Vagas:<\/strong> 45 (quarenta e cinco)<\/p><p><strong>Per\u00edodo de Inscri\u00e7\u00e3o: <\/strong>06\/11\/2024 a 31\/01\/2025<\/p><p><strong>Inscri\u00e7\u00f5es para vagas remanescentes: <\/strong>12\/02\/2025 a 15\/02\/2025<\/p><p><a href=\"http:\/\/cursoseventos.fadesp.org.br\/gui\/PortalCursosEventos.aspx\">(http:\/\/cursoseventos.fadesp.org.br\/gui\/PortalCursosEventos.aspx)<\/a><\/p><p><strong>Taxa de inscri\u00e7\u00e3o:<\/strong> R$:100,00\u00a0<\/p><p><strong>Para mais informa\u00e7\u00f5es: <\/strong>eeqabaetetuba@ufpa.br<\/p>\t\t\t\t\t\t\t\t<\/div>\n\t\t\t\t<\/div>\n\t\t\t\t\t<\/div>\n\t\t<\/div>\n\t\t\t\t<div class=\"elementor-column elementor-col-50 elementor-inner-column elementor-element elementor-element-79608089\" data-id=\"79608089\" data-element_type=\"column\">\n\t\t\t<div class=\"elementor-widget-wrap elementor-element-populated\">\n\t\t\t\t\t\t<div class=\"elementor-element elementor-element-7ccac55 elementor-widget elementor-widget-text-editor\" data-id=\"7ccac55\" data-element_type=\"widget\" data-widget_type=\"text-editor.default\">\n\t\t\t\t<div class=\"elementor-widget-container\">\n\t\t\t\t\t\t\t\t\t<p><strong>Editais\u00a0<\/strong><\/p>\t\t\t\t\t\t\t\t<\/div>\n\t\t\t\t<\/div>\n\t\t\t\t<div class=\"elementor-element elementor-element-368e568 elementor-widget elementor-widget-text-editor\" data-id=\"368e568\" data-element_type=\"widget\" data-widget_type=\"text-editor.default\">\n\t\t\t\t<div class=\"elementor-widget-container\">\n\t\t\t\t\t\t\t\t\t<p><strong>Orienta\u00e7\u00e3o para os candidatos aprovados:<\/strong><br \/><span style=\"color: #222222; font-family: Arial, Helvetica, sans-serif; font-size: small; font-style: normal; font-variant-ligatures: normal; font-variant-caps: normal; font-weight: 400;\">As matr\u00edculas j\u00e1 podem ser realizadas no site da FADESP: <em><span style=\"text-decoration: underline;\"><strong><a href=\"https:\/\/cursoseventos.fadesp.org.br\/gui\/PortalCursosEventos.aspx\">https:\/\/cursoseventos.fadesp.org.br\/gui\/PortalCursosEventos.aspx<\/a>\u00a0<\/strong><\/span><\/em><\/span><\/p>\t\t\t\t\t\t\t\t<\/div>\n\t\t\t\t<\/div>\n\t\t\t\t<div class=\"elementor-element elementor-element-4239fd5 elementor-widget elementor-widget-text-editor\" data-id=\"4239fd5\" data-element_type=\"widget\" data-widget_type=\"text-editor.default\">\n\t\t\t\t<div class=\"elementor-widget-container\">\n\t\t\t\t\t\t\t\t\t<p><strong>Editais\u00a0<\/strong><\/p>\t\t\t\t\t\t\t\t<\/div>\n\t\t\t\t<\/div>\n\t\t\t\t<div class=\"elementor-element elementor-element-09b29c2 elementor-widget elementor-widget-text-editor\" data-id=\"09b29c2\" data-element_type=\"widget\" data-widget_type=\"text-editor.default\">\n\t\t\t\t<div class=\"elementor-widget-container\">\n\t\t\t\t\t\t\t\t\t<p style=\"text-align: center;\">Candidatos aprovados <strong><a href=\"https:\/\/portalfadesp.org.br\/wp-content\/uploads\/2025\/02\/Resultado-Final-EEQ_Relacao-de-aprovados-1.pdf\">(Clique aqui)<\/a><\/strong><\/p><p style=\"text-align: center;\"><strong>Edital d<\/strong>e vagas remanescentes para inscri\u00e7\u00e3o <strong><a href=\"https:\/\/portalfadesp.org.br\/wp-content\/uploads\/2025\/02\/Edital-para-vagas-remanescentes-EEQ.pdf\">(Clique aqui)<\/a><\/strong><\/p><p style=\"text-align: center;\">Inscri\u00e7\u00f5es prorrogadas 4 <strong><a href=\"https:\/\/portalfadesp.org.br\/wp-content\/uploads\/2025\/02\/Prorrogacao4-Edital-e-Anexos-da-Especializacao-em-Engenharia-da-Qualidade.pdf\">(Clique aqui)<\/a><\/strong><\/p><p style=\"text-align: center;\">Inscri\u00e7\u00f5es prorrogadas 3 <a href=\"https:\/\/portalfadesp.org.br\/wp-content\/uploads\/2025\/01\/PRORROGACAOO3-EDITAL_E_ANEXOS_DA_ESPECIALIZACAO_EM_ENGENHARIA_DA_QUALIDADE.pdf\">(<strong>Clique aqui)<\/strong><\/a><strong>\u00a0<\/strong><\/p><p style=\"text-align: center;\">Inscri\u00e7\u00f5es prorrogadas 2. <strong><a href=\"https:\/\/portalfadesp.org.br\/wp-content\/uploads\/2024\/12\/Prorrogacao2-Edital-e-Anexos-da-Especializacao-em-Engenharia-da-Qualidade.pdf\">(Clique aqui)<\/a><\/strong><\/p><p style=\"text-align: center;\">Inscri\u00e7\u00f5es prorrogadas <strong><a href=\"https:\/\/portalfadesp.org.br\/wp-content\/uploads\/2024\/11\/Edital-Prorrog-5627-1.pdf\">(Clique aqui)<\/a><\/strong><\/p><p style=\"text-align: center;\">Edital 1 <strong><a href=\"https:\/\/portalfadesp.org.br\/wp-content\/uploads\/2024\/11\/Edital-e-Anexos-da-Especializacao-em-Engenharia-da-Qualidade-4.pdf\">(CLIQUE AQUI)<\/a><\/strong><\/p><p style=\"text-align: center;\">\u00a0<\/p>\t\t\t\t\t\t\t\t<\/div>\n\t\t\t\t<\/div>\n\t\t\t\t\t<\/div>\n\t\t<\/div>\n\t\t\t\t\t<\/div>\n\t\t<\/section>\n\t\t\t\t\t<\/div>\n\t\t<\/div>\n\t\t\t\t\t<\/div>\n\t\t<\/section>\n\t\t\t\t<\/div>\n\t\t","protected":false},"excerpt":{"rendered":"<p>ESPECIALIZA\u00c7\u00c3O EM ENGENHARIA DA QUALIDADE (UFPA &#8211; CAMPUS ABAETETUBA) 2024 O coordenador do curso de Especializa\u00e7\u00e3o em Engenharia da Qualidade da Universidade Federal do Par\u00e1 \u2013 Campus Universit\u00e1rio de Abaetetuba, Prof. Dr. Harlenn dos Santos Lopes, no uso de suas atribui\u00e7\u00f5es legais dadas pela Portaria No 732\/2024 &#8211; Reitoria e na forma do que disp\u00f5e [&hellip;]<\/p>\n","protected":false},"author":12,"featured_media":0,"parent":0,"menu_order":0,"comment_status":"closed","ping_status":"closed","template":"","meta":{"_monsterinsights_skip_tracking":false,"_monsterinsights_sitenote_active":false,"_monsterinsights_sitenote_note":"","_monsterinsights_sitenote_category":0,"footnotes":""},"class_list":["post-47470","page","type-page","status-publish","hentry","entry"],"yoast_head":"<!-- This site is optimized with the Yoast SEO plugin v25.1 - https:\/\/yoast.com\/wordpress\/plugins\/seo\/ -->\n<title>ESPECIALIZA\u00c7\u00c3O EM ENGENHARIA DA QUALIDADE (UFPA - CAMPUS ABAETETUBA) 2024 - FADESP<\/title>\n<meta name=\"robots\" content=\"index, follow, max-snippet:-1, max-image-preview:large, max-video-preview:-1\" \/>\n<link rel=\"canonical\" href=\"https:\/\/portalfadesp.org.br\/?page_id=47470\" \/>\n<meta property=\"og:locale\" content=\"pt_BR\" \/>\n<meta property=\"og:type\" content=\"article\" \/>\n<meta property=\"og:title\" content=\"ESPECIALIZA\u00c7\u00c3O EM ENGENHARIA DA QUALIDADE (UFPA - CAMPUS ABAETETUBA) 2024 - FADESP\" \/>\n<meta property=\"og:description\" content=\"ESPECIALIZA\u00c7\u00c3O EM ENGENHARIA DA QUALIDADE (UFPA &#8211; CAMPUS ABAETETUBA) 2024 O coordenador do curso de Especializa\u00e7\u00e3o em Engenharia da Qualidade da Universidade Federal do Par\u00e1 \u2013 Campus Universit\u00e1rio de Abaetetuba, Prof. Dr. Harlenn dos Santos Lopes, no uso de suas atribui\u00e7\u00f5es legais dadas pela Portaria No 732\/2024 &#8211; Reitoria e na forma do que disp\u00f5e [&hellip;]\" \/>\n<meta property=\"og:url\" content=\"https:\/\/portalfadesp.org.br\/?page_id=47470\" \/>\n<meta property=\"og:site_name\" content=\"FADESP\" \/>\n<meta property=\"article:publisher\" content=\"https:\/\/www.facebook.com\/Fadesp-138351949524662\/\" \/>\n<meta property=\"article:modified_time\" content=\"2025-02-17T19:13:23+00:00\" \/>\n<meta name=\"twitter:card\" content=\"summary_large_image\" \/>\n<meta name=\"twitter:site\" content=\"@Fadesp\" \/>\n<meta name=\"twitter:label1\" content=\"Est. tempo de leitura\" \/>\n\t<meta name=\"twitter:data1\" content=\"2 minutos\" \/>\n<script type=\"application\/ld+json\" class=\"yoast-schema-graph\">{\"@context\":\"https:\/\/schema.org\",\"@graph\":[{\"@type\":\"WebPage\",\"@id\":\"https:\/\/portalfadesp.org.br\/?page_id=47470\",\"url\":\"https:\/\/portalfadesp.org.br\/?page_id=47470\",\"name\":\"ESPECIALIZA\u00c7\u00c3O EM ENGENHARIA DA QUALIDADE (UFPA - CAMPUS ABAETETUBA) 2024 - FADESP\",\"isPartOf\":{\"@id\":\"https:\/\/portalfadesp.org.br\/#website\"},\"datePublished\":\"2024-11-05T18:26:45+00:00\",\"dateModified\":\"2025-02-17T19:13:23+00:00\",\"breadcrumb\":{\"@id\":\"https:\/\/portalfadesp.org.br\/?page_id=47470#breadcrumb\"},\"inLanguage\":\"pt-BR\",\"potentialAction\":[{\"@type\":\"ReadAction\",\"target\":[\"https:\/\/portalfadesp.org.br\/?page_id=47470\"]}]},{\"@type\":\"BreadcrumbList\",\"@id\":\"https:\/\/portalfadesp.org.br\/?page_id=47470#breadcrumb\",\"itemListElement\":[{\"@type\":\"ListItem\",\"position\":1,\"name\":\"In\u00edcio\",\"item\":\"https:\/\/portalfadesp.org.br\/\"},{\"@type\":\"ListItem\",\"position\":2,\"name\":\"ESPECIALIZA\u00c7\u00c3O EM ENGENHARIA DA QUALIDADE (UFPA &#8211; CAMPUS ABAETETUBA) 2024\"}]},{\"@type\":\"WebSite\",\"@id\":\"https:\/\/portalfadesp.org.br\/#website\",\"url\":\"https:\/\/portalfadesp.org.br\/\",\"name\":\"FADESP\",\"description\":\"Funda\u00e7\u00e3o de Amparo e Desenvolvimento da Pesquisa\",\"publisher\":{\"@id\":\"https:\/\/portalfadesp.org.br\/#organization\"},\"potentialAction\":[{\"@type\":\"SearchAction\",\"target\":{\"@type\":\"EntryPoint\",\"urlTemplate\":\"https:\/\/portalfadesp.org.br\/?s={search_term_string}\"},\"query-input\":{\"@type\":\"PropertyValueSpecification\",\"valueRequired\":true,\"valueName\":\"search_term_string\"}}],\"inLanguage\":\"pt-BR\"},{\"@type\":\"Organization\",\"@id\":\"https:\/\/portalfadesp.org.br\/#organization\",\"name\":\"FADESP\",\"url\":\"https:\/\/portalfadesp.org.br\/\",\"logo\":{\"@type\":\"ImageObject\",\"inLanguage\":\"pt-BR\",\"@id\":\"https:\/\/portalfadesp.org.br\/#\/schema\/logo\/image\/\",\"url\":\"https:\/\/portalfadesp.org.br\/wp-content\/uploads\/2024\/01\/NOVOLOGOFADESPlaranjaH.png\",\"contentUrl\":\"https:\/\/portalfadesp.org.br\/wp-content\/uploads\/2024\/01\/NOVOLOGOFADESPlaranjaH.png\",\"width\":2742,\"height\":839,\"caption\":\"FADESP\"},\"image\":{\"@id\":\"https:\/\/portalfadesp.org.br\/#\/schema\/logo\/image\/\"},\"sameAs\":[\"https:\/\/www.facebook.com\/Fadesp-138351949524662\/\",\"https:\/\/x.com\/Fadesp\",\"https:\/\/www.instagram.com\/fadesp_ufpa\/\",\"https:\/\/www.youtube.com\/@fundacaodeamparoedesenvolv1903\",\"https:\/\/www.threads.net\/@fadesp_ufpa\"]}]}<\/script>\n<!-- \/ Yoast SEO plugin. -->","yoast_head_json":{"title":"ESPECIALIZA\u00c7\u00c3O EM ENGENHARIA DA QUALIDADE (UFPA - CAMPUS ABAETETUBA) 2024 - FADESP","robots":{"index":"index","follow":"follow","max-snippet":"max-snippet:-1","max-image-preview":"max-image-preview:large","max-video-preview":"max-video-preview:-1"},"canonical":"https:\/\/portalfadesp.org.br\/?page_id=47470","og_locale":"pt_BR","og_type":"article","og_title":"ESPECIALIZA\u00c7\u00c3O EM ENGENHARIA DA QUALIDADE (UFPA - CAMPUS ABAETETUBA) 2024 - FADESP","og_description":"ESPECIALIZA\u00c7\u00c3O EM ENGENHARIA DA QUALIDADE (UFPA &#8211; CAMPUS ABAETETUBA) 2024 O coordenador do curso de Especializa\u00e7\u00e3o em Engenharia da Qualidade da Universidade Federal do Par\u00e1 \u2013 Campus Universit\u00e1rio de Abaetetuba, Prof. Dr. Harlenn dos Santos Lopes, no uso de suas atribui\u00e7\u00f5es legais dadas pela Portaria No 732\/2024 &#8211; Reitoria e na forma do que disp\u00f5e [&hellip;]","og_url":"https:\/\/portalfadesp.org.br\/?page_id=47470","og_site_name":"FADESP","article_publisher":"https:\/\/www.facebook.com\/Fadesp-138351949524662\/","article_modified_time":"2025-02-17T19:13:23+00:00","twitter_card":"summary_large_image","twitter_site":"@Fadesp","twitter_misc":{"Est. tempo de leitura":"2 minutos"},"schema":{"@context":"https:\/\/schema.org","@graph":[{"@type":"WebPage","@id":"https:\/\/portalfadesp.org.br\/?page_id=47470","url":"https:\/\/portalfadesp.org.br\/?page_id=47470","name":"ESPECIALIZA\u00c7\u00c3O EM ENGENHARIA DA QUALIDADE (UFPA - CAMPUS ABAETETUBA) 2024 - FADESP","isPartOf":{"@id":"https:\/\/portalfadesp.org.br\/#website"},"datePublished":"2024-11-05T18:26:45+00:00","dateModified":"2025-02-17T19:13:23+00:00","breadcrumb":{"@id":"https:\/\/portalfadesp.org.br\/?page_id=47470#breadcrumb"},"inLanguage":"pt-BR","potentialAction":[{"@type":"ReadAction","target":["https:\/\/portalfadesp.org.br\/?page_id=47470"]}]},{"@type":"BreadcrumbList","@id":"https:\/\/portalfadesp.org.br\/?page_id=47470#breadcrumb","itemListElement":[{"@type":"ListItem","position":1,"name":"In\u00edcio","item":"https:\/\/portalfadesp.org.br\/"},{"@type":"ListItem","position":2,"name":"ESPECIALIZA\u00c7\u00c3O EM ENGENHARIA DA QUALIDADE (UFPA &#8211; CAMPUS ABAETETUBA) 2024"}]},{"@type":"WebSite","@id":"https:\/\/portalfadesp.org.br\/#website","url":"https:\/\/portalfadesp.org.br\/","name":"FADESP","description":"Funda\u00e7\u00e3o de Amparo e Desenvolvimento da Pesquisa","publisher":{"@id":"https:\/\/portalfadesp.org.br\/#organization"},"potentialAction":[{"@type":"SearchAction","target":{"@type":"EntryPoint","urlTemplate":"https:\/\/portalfadesp.org.br\/?s={search_term_string}"},"query-input":{"@type":"PropertyValueSpecification","valueRequired":true,"valueName":"search_term_string"}}],"inLanguage":"pt-BR"},{"@type":"Organization","@id":"https:\/\/portalfadesp.org.br\/#organization","name":"FADESP","url":"https:\/\/portalfadesp.org.br\/","logo":{"@type":"ImageObject","inLanguage":"pt-BR","@id":"https:\/\/portalfadesp.org.br\/#\/schema\/logo\/image\/","url":"https:\/\/portalfadesp.org.br\/wp-content\/uploads\/2024\/01\/NOVOLOGOFADESPlaranjaH.png","contentUrl":"https:\/\/portalfadesp.org.br\/wp-content\/uploads\/2024\/01\/NOVOLOGOFADESPlaranjaH.png","width":2742,"height":839,"caption":"FADESP"},"image":{"@id":"https:\/\/portalfadesp.org.br\/#\/schema\/logo\/image\/"},"sameAs":["https:\/\/www.facebook.com\/Fadesp-138351949524662\/","https:\/\/x.com\/Fadesp","https:\/\/www.instagram.com\/fadesp_ufpa\/","https:\/\/www.youtube.com\/@fundacaodeamparoedesenvolv1903","https:\/\/www.threads.net\/@fadesp_ufpa"]}]}},"_links":{"self":[{"href":"https:\/\/portalfadesp.org.br\/index.php?rest_route=\/wp\/v2\/pages\/47470","targetHints":{"allow":["GET"]}}],"collection":[{"href":"https:\/\/portalfadesp.org.br\/index.php?rest_route=\/wp\/v2\/pages"}],"about":[{"href":"https:\/\/portalfadesp.org.br\/index.php?rest_route=\/wp\/v2\/types\/page"}],"author":[{"embeddable":true,"href":"https:\/\/portalfadesp.org.br\/index.php?rest_route=\/wp\/v2\/users\/12"}],"replies":[{"embeddable":true,"href":"https:\/\/portalfadesp.org.br\/index.php?rest_route=%2Fwp%2Fv2%2Fcomments&post=47470"}],"version-history":[{"count":53,"href":"https:\/\/portalfadesp.org.br\/index.php?rest_route=\/wp\/v2\/pages\/47470\/revisions"}],"predecessor-version":[{"id":48329,"href":"https:\/\/portalfadesp.org.br\/index.php?rest_route=\/wp\/v2\/pages\/47470\/revisions\/48329"}],"wp:attachment":[{"href":"https:\/\/portalfadesp.org.br\/index.php?rest_route=%2Fwp%2Fv2%2Fmedia&parent=47470"}],"curies":[{"name":"wp","href":"https:\/\/api.w.org\/{rel}","templated":true}]}}