{"id":46696,"date":"2024-08-12T10:50:59","date_gmt":"2024-08-12T13:50:59","guid":{"rendered":"https:\/\/portalfadesp.org.br\/?page_id=46696"},"modified":"2025-05-26T10:54:14","modified_gmt":"2025-05-26T13:54:14","slug":"pagina_comum_modelo-3","status":"publish","type":"page","link":"https:\/\/portalfadesp.org.br\/?page_id=46696","title":{"rendered":"ESPECIALIZA\u00c7\u00c3O EM NUTRI\u00c7\u00c3O E SA\u00daDE COLETIVA &#8211; ICS \/ UFPA (2024)"},"content":{"rendered":"\t\t<div data-elementor-type=\"wp-post\" data-elementor-id=\"46696\" class=\"elementor elementor-46696\" data-elementor-post-type=\"page\">\n\t\t\t\t\t\t<section class=\"elementor-section elementor-top-section elementor-element elementor-element-1f2996d1 elementor-section-boxed elementor-section-height-default elementor-section-height-default\" data-id=\"1f2996d1\" data-element_type=\"section\">\n\t\t\t\t\t\t<div class=\"elementor-container elementor-column-gap-default\">\n\t\t\t\t\t<div class=\"elementor-column elementor-col-100 elementor-top-column elementor-element elementor-element-59a4b3f8\" data-id=\"59a4b3f8\" data-element_type=\"column\">\n\t\t\t<div class=\"elementor-widget-wrap elementor-element-populated\">\n\t\t\t\t\t\t<div class=\"elementor-element elementor-element-799471af elementor-widget elementor-widget-heading\" data-id=\"799471af\" data-element_type=\"widget\" data-widget_type=\"heading.default\">\n\t\t\t\t<div class=\"elementor-widget-container\">\n\t\t\t\t\t<h1 class=\"elementor-heading-title elementor-size-default\">ESPECIALIZA\u00c7\u00c3O EM NUTRI\u00c7\u00c3O E SA\u00daDE COLETIVA - ICS \/ UFPA (2024)<\/h1>\t\t\t\t<\/div>\n\t\t\t\t<\/div>\n\t\t\t\t<section class=\"elementor-section elementor-inner-section elementor-element elementor-element-336311f elementor-section-boxed elementor-section-height-default elementor-section-height-default\" data-id=\"336311f\" data-element_type=\"section\">\n\t\t\t\t\t\t<div class=\"elementor-container elementor-column-gap-default\">\n\t\t\t\t\t<div class=\"elementor-column elementor-col-50 elementor-inner-column elementor-element elementor-element-75ca0dc3\" data-id=\"75ca0dc3\" data-element_type=\"column\">\n\t\t\t<div class=\"elementor-widget-wrap elementor-element-populated\">\n\t\t\t\t\t\t<div class=\"elementor-element elementor-element-425a3096 elementor-widget elementor-widget-text-editor\" data-id=\"425a3096\" data-element_type=\"widget\" data-widget_type=\"text-editor.default\">\n\t\t\t\t<div class=\"elementor-widget-container\">\n\t\t\t\t\t\t\t\t\t<p>A Universidade Federal do Par\u00e1 torna p\u00fablico, a abertura na cidade de Bel\u00e9m-PA a sele\u00e7\u00e3o para 3\u00aa TURMA DO CURSO DE ESPECIALIZA\u00c7\u00c3O EM NUTRI\u00c7\u00c3O E SA\u00daDE COLETIVA, na modalidade presencial, promovido pela Faculdade de Nutri\u00e7\u00e3o do Instituto de Ci\u00eancias da Sa\u00fade da Universidade do Par\u00e1, aprovado pela Resolu\u00e7\u00e3o do CONSEPE n\u00ba. 5.661, de 21 de agosto de 2023, obedecendo as datas e demais condi\u00e7\u00f5es especificadas em edital.<\/p><p><strong>P\u00fablico-alvo: <\/strong>Profissionais graduados na \u00e1rea da nutri\u00e7\u00e3o.<\/p><p><strong>Vagas:<\/strong> 45 (quarenta e cinco)\u00a0<\/p><p><strong>Per\u00edodo de Inscri\u00e7\u00e3o: <\/strong>at\u00e9 31\/12\/2024(<a href=\"http:\/\/cursoseventos.fadesp.org.br\/gui\/\">http:\/\/cursoseventos.fadesp.org.br\/gui\/<\/a>)<\/p><p><strong>Taxa de inscri\u00e7\u00e3o:<\/strong> R$ 130,00 (cento e trinta reais)<\/p><p><strong>Objetivo do Curso:<\/strong><\/p><ul><li>Formar profissionais especialistas em Nutri\u00e7\u00e3o e Sa\u00fade Coletiva, aptos a atuarem no planejamento, na gest\u00e3o e na execu\u00e7\u00e3o de a\u00e7\u00f5es em Sa\u00fade Coletiva e responder \u00e0s novas necessidades decorrentes das mudan\u00e7as nas formas de organiza\u00e7\u00e3o e gest\u00e3o das institui\u00e7\u00f5es de sa\u00fade p\u00fablicas e privadas.<\/li><li>Desenvolver a capacidade cr\u00edtica e reflexiva dos profissionais de sa\u00fade e \u00e1reas afins para o desenvolvimento de estrat\u00e9gias que visem a melhoria da qualidade de vida da popula\u00e7\u00e3o;<\/li><li>Promover o conhecimento sobre sa\u00fade e nutri\u00e7\u00e3o para o fortalecimento do Sistema \u00danico de Sa\u00fade-SUS.<\/li><li>Desenvolver habilidades e compet\u00eancias necess\u00e1rias \u00e0 identifica\u00e7\u00e3o de problemas de sa\u00fade e nutri\u00e7\u00e3o para o planejamento, implementa\u00e7\u00e3o e avalia\u00e7\u00e3o de diagn\u00f3sticos e interven\u00e7\u00f5es a n\u00edvel local.<\/li><\/ul>\t\t\t\t\t\t\t\t<\/div>\n\t\t\t\t<\/div>\n\t\t\t\t\t<\/div>\n\t\t<\/div>\n\t\t\t\t<div class=\"elementor-column elementor-col-50 elementor-inner-column elementor-element elementor-element-79608089\" data-id=\"79608089\" data-element_type=\"column\">\n\t\t\t<div class=\"elementor-widget-wrap elementor-element-populated\">\n\t\t\t\t\t\t<div class=\"elementor-element elementor-element-7ccac55 elementor-widget elementor-widget-text-editor\" data-id=\"7ccac55\" data-element_type=\"widget\" data-widget_type=\"text-editor.default\">\n\t\t\t\t<div class=\"elementor-widget-container\">\n\t\t\t\t\t\t\t\t\t<p><strong>Editais\u00a0<\/strong><\/p>\t\t\t\t\t\t\t\t<\/div>\n\t\t\t\t<\/div>\n\t\t\t\t<div class=\"elementor-element elementor-element-368e568 elementor-widget elementor-widget-text-editor\" data-id=\"368e568\" data-element_type=\"widget\" data-widget_type=\"text-editor.default\">\n\t\t\t\t<div class=\"elementor-widget-container\">\n\t\t\t\t\t\t\t\t\t<p style=\"text-align: center;\"><a href=\"https:\/\/portalfadesp.org.br\/wp-content\/uploads\/2025\/05\/Homologacao-de-candidatos-inscritos-N.S.U.docx.pdf\">Retifica\u00e7\u00e3o da homologa\u00e7\u00e3o dos inscritos <strong>(Clique aqui)<\/strong><\/a><\/p><p style=\"text-align: center;\">Homologa\u00e7\u00e3o dos inscritos <strong><a href=\"https:\/\/portalfadesp.org.br\/wp-content\/uploads\/2025\/05\/Homologacao-de-candidatos-inscritos-N.S.U.docx\">(Clique aqui)<\/a><\/strong><\/p><p style=\"text-align: center;\">Inscri\u00e7\u00f5es prorrogadas 2 <strong><a href=\"https:\/\/portalfadesp.org.br\/wp-content\/uploads\/2024\/10\/Edital_nutricao-e-saude-Coletiva-2024-PRORROGADO-ATA_-31-DE-DEZEMBRO-2024.pdf\">(Clique aqui)<\/a><\/strong><\/p><p style=\"text-align: center;\">Inscri\u00e7\u00f5es prorrogadas 1\u00a0<strong><a href=\"https:\/\/portalfadesp.org.br\/wp-content\/uploads\/2024\/09\/Edital_Nutricao-e-Saude-Coletiva-2024-PRORROGADO-ATE-11-DE-OUTUBRO-2024.doc-1.pdf\">(Clique aqui)<\/a><\/strong><\/p><p style=\"text-align: center;\">Edital <strong><a href=\"https:\/\/portalfadesp.org.br\/wp-content\/uploads\/2024\/08\/Edital_Nutricao-e-Saude-Coletiva-2024.pdf\">(Clique aqui)<\/a><\/strong><\/p>\t\t\t\t\t\t\t\t<\/div>\n\t\t\t\t<\/div>\n\t\t\t\t\t<\/div>\n\t\t<\/div>\n\t\t\t\t\t<\/div>\n\t\t<\/section>\n\t\t\t\t\t<\/div>\n\t\t<\/div>\n\t\t\t\t\t<\/div>\n\t\t<\/section>\n\t\t\t\t<\/div>\n\t\t","protected":false},"excerpt":{"rendered":"<p>ESPECIALIZA\u00c7\u00c3O EM NUTRI\u00c7\u00c3O E SA\u00daDE COLETIVA &#8211; ICS \/ UFPA (2024) A Universidade Federal do Par\u00e1 torna p\u00fablico, a abertura na cidade de Bel\u00e9m-PA a sele\u00e7\u00e3o para 3\u00aa TURMA DO CURSO DE ESPECIALIZA\u00c7\u00c3O EM NUTRI\u00c7\u00c3O E SA\u00daDE COLETIVA, na modalidade presencial, promovido pela Faculdade de Nutri\u00e7\u00e3o do Instituto de Ci\u00eancias da Sa\u00fade da Universidade do [&hellip;]<\/p>\n","protected":false},"author":12,"featured_media":0,"parent":0,"menu_order":0,"comment_status":"closed","ping_status":"closed","template":"","meta":{"_monsterinsights_skip_tracking":false,"_monsterinsights_sitenote_active":false,"_monsterinsights_sitenote_note":"","_monsterinsights_sitenote_category":0,"footnotes":""},"class_list":["post-46696","page","type-page","status-publish","hentry","entry"],"yoast_head":"<!-- This site is optimized with the Yoast SEO plugin v25.1 - https:\/\/yoast.com\/wordpress\/plugins\/seo\/ -->\n<title>ESPECIALIZA\u00c7\u00c3O EM NUTRI\u00c7\u00c3O E SA\u00daDE COLETIVA - ICS \/ UFPA (2024) - FADESP<\/title>\n<meta name=\"robots\" content=\"index, follow, max-snippet:-1, max-image-preview:large, max-video-preview:-1\" \/>\n<link rel=\"canonical\" href=\"https:\/\/portalfadesp.org.br\/?page_id=46696\" \/>\n<meta property=\"og:locale\" content=\"pt_BR\" \/>\n<meta property=\"og:type\" content=\"article\" \/>\n<meta property=\"og:title\" content=\"ESPECIALIZA\u00c7\u00c3O EM NUTRI\u00c7\u00c3O E SA\u00daDE COLETIVA - ICS \/ UFPA (2024) - FADESP\" \/>\n<meta property=\"og:description\" content=\"ESPECIALIZA\u00c7\u00c3O EM NUTRI\u00c7\u00c3O E SA\u00daDE COLETIVA &#8211; ICS \/ UFPA (2024) A Universidade Federal do Par\u00e1 torna p\u00fablico, a abertura na cidade de Bel\u00e9m-PA a sele\u00e7\u00e3o para 3\u00aa TURMA DO CURSO DE ESPECIALIZA\u00c7\u00c3O EM NUTRI\u00c7\u00c3O E SA\u00daDE COLETIVA, na modalidade presencial, promovido pela Faculdade de Nutri\u00e7\u00e3o do Instituto de Ci\u00eancias da Sa\u00fade da Universidade do [&hellip;]\" \/>\n<meta property=\"og:url\" content=\"https:\/\/portalfadesp.org.br\/?page_id=46696\" \/>\n<meta property=\"og:site_name\" content=\"FADESP\" \/>\n<meta property=\"article:publisher\" content=\"https:\/\/www.facebook.com\/Fadesp-138351949524662\/\" \/>\n<meta property=\"article:modified_time\" content=\"2025-05-26T13:54:14+00:00\" \/>\n<meta name=\"twitter:card\" content=\"summary_large_image\" \/>\n<meta name=\"twitter:site\" content=\"@Fadesp\" \/>\n<meta name=\"twitter:label1\" content=\"Est. tempo de leitura\" \/>\n\t<meta name=\"twitter:data1\" content=\"2 minutos\" \/>\n<script type=\"application\/ld+json\" class=\"yoast-schema-graph\">{\"@context\":\"https:\/\/schema.org\",\"@graph\":[{\"@type\":\"WebPage\",\"@id\":\"https:\/\/portalfadesp.org.br\/?page_id=46696\",\"url\":\"https:\/\/portalfadesp.org.br\/?page_id=46696\",\"name\":\"ESPECIALIZA\u00c7\u00c3O EM NUTRI\u00c7\u00c3O E SA\u00daDE COLETIVA - ICS \/ UFPA (2024) - FADESP\",\"isPartOf\":{\"@id\":\"https:\/\/portalfadesp.org.br\/#website\"},\"datePublished\":\"2024-08-12T13:50:59+00:00\",\"dateModified\":\"2025-05-26T13:54:14+00:00\",\"breadcrumb\":{\"@id\":\"https:\/\/portalfadesp.org.br\/?page_id=46696#breadcrumb\"},\"inLanguage\":\"pt-BR\",\"potentialAction\":[{\"@type\":\"ReadAction\",\"target\":[\"https:\/\/portalfadesp.org.br\/?page_id=46696\"]}]},{\"@type\":\"BreadcrumbList\",\"@id\":\"https:\/\/portalfadesp.org.br\/?page_id=46696#breadcrumb\",\"itemListElement\":[{\"@type\":\"ListItem\",\"position\":1,\"name\":\"In\u00edcio\",\"item\":\"https:\/\/portalfadesp.org.br\/\"},{\"@type\":\"ListItem\",\"position\":2,\"name\":\"ESPECIALIZA\u00c7\u00c3O EM NUTRI\u00c7\u00c3O E SA\u00daDE COLETIVA &#8211; ICS \/ UFPA (2024)\"}]},{\"@type\":\"WebSite\",\"@id\":\"https:\/\/portalfadesp.org.br\/#website\",\"url\":\"https:\/\/portalfadesp.org.br\/\",\"name\":\"FADESP\",\"description\":\"Funda\u00e7\u00e3o de Amparo e Desenvolvimento da Pesquisa\",\"publisher\":{\"@id\":\"https:\/\/portalfadesp.org.br\/#organization\"},\"potentialAction\":[{\"@type\":\"SearchAction\",\"target\":{\"@type\":\"EntryPoint\",\"urlTemplate\":\"https:\/\/portalfadesp.org.br\/?s={search_term_string}\"},\"query-input\":{\"@type\":\"PropertyValueSpecification\",\"valueRequired\":true,\"valueName\":\"search_term_string\"}}],\"inLanguage\":\"pt-BR\"},{\"@type\":\"Organization\",\"@id\":\"https:\/\/portalfadesp.org.br\/#organization\",\"name\":\"FADESP\",\"url\":\"https:\/\/portalfadesp.org.br\/\",\"logo\":{\"@type\":\"ImageObject\",\"inLanguage\":\"pt-BR\",\"@id\":\"https:\/\/portalfadesp.org.br\/#\/schema\/logo\/image\/\",\"url\":\"https:\/\/portalfadesp.org.br\/wp-content\/uploads\/2024\/01\/NOVOLOGOFADESPlaranjaH.png\",\"contentUrl\":\"https:\/\/portalfadesp.org.br\/wp-content\/uploads\/2024\/01\/NOVOLOGOFADESPlaranjaH.png\",\"width\":2742,\"height\":839,\"caption\":\"FADESP\"},\"image\":{\"@id\":\"https:\/\/portalfadesp.org.br\/#\/schema\/logo\/image\/\"},\"sameAs\":[\"https:\/\/www.facebook.com\/Fadesp-138351949524662\/\",\"https:\/\/x.com\/Fadesp\",\"https:\/\/www.instagram.com\/fadesp_ufpa\/\",\"https:\/\/www.youtube.com\/@fundacaodeamparoedesenvolv1903\",\"https:\/\/www.threads.net\/@fadesp_ufpa\"]}]}<\/script>\n<!-- \/ Yoast SEO plugin. -->","yoast_head_json":{"title":"ESPECIALIZA\u00c7\u00c3O EM NUTRI\u00c7\u00c3O E SA\u00daDE COLETIVA - ICS \/ UFPA (2024) - FADESP","robots":{"index":"index","follow":"follow","max-snippet":"max-snippet:-1","max-image-preview":"max-image-preview:large","max-video-preview":"max-video-preview:-1"},"canonical":"https:\/\/portalfadesp.org.br\/?page_id=46696","og_locale":"pt_BR","og_type":"article","og_title":"ESPECIALIZA\u00c7\u00c3O EM NUTRI\u00c7\u00c3O E SA\u00daDE COLETIVA - ICS \/ UFPA (2024) - FADESP","og_description":"ESPECIALIZA\u00c7\u00c3O EM NUTRI\u00c7\u00c3O E SA\u00daDE COLETIVA &#8211; ICS \/ UFPA (2024) A Universidade Federal do Par\u00e1 torna p\u00fablico, a abertura na cidade de Bel\u00e9m-PA a sele\u00e7\u00e3o para 3\u00aa TURMA DO CURSO DE ESPECIALIZA\u00c7\u00c3O EM NUTRI\u00c7\u00c3O E SA\u00daDE COLETIVA, na modalidade presencial, promovido pela Faculdade de Nutri\u00e7\u00e3o do Instituto de Ci\u00eancias da Sa\u00fade da Universidade do [&hellip;]","og_url":"https:\/\/portalfadesp.org.br\/?page_id=46696","og_site_name":"FADESP","article_publisher":"https:\/\/www.facebook.com\/Fadesp-138351949524662\/","article_modified_time":"2025-05-26T13:54:14+00:00","twitter_card":"summary_large_image","twitter_site":"@Fadesp","twitter_misc":{"Est. tempo de leitura":"2 minutos"},"schema":{"@context":"https:\/\/schema.org","@graph":[{"@type":"WebPage","@id":"https:\/\/portalfadesp.org.br\/?page_id=46696","url":"https:\/\/portalfadesp.org.br\/?page_id=46696","name":"ESPECIALIZA\u00c7\u00c3O EM NUTRI\u00c7\u00c3O E SA\u00daDE COLETIVA - ICS \/ UFPA (2024) - FADESP","isPartOf":{"@id":"https:\/\/portalfadesp.org.br\/#website"},"datePublished":"2024-08-12T13:50:59+00:00","dateModified":"2025-05-26T13:54:14+00:00","breadcrumb":{"@id":"https:\/\/portalfadesp.org.br\/?page_id=46696#breadcrumb"},"inLanguage":"pt-BR","potentialAction":[{"@type":"ReadAction","target":["https:\/\/portalfadesp.org.br\/?page_id=46696"]}]},{"@type":"BreadcrumbList","@id":"https:\/\/portalfadesp.org.br\/?page_id=46696#breadcrumb","itemListElement":[{"@type":"ListItem","position":1,"name":"In\u00edcio","item":"https:\/\/portalfadesp.org.br\/"},{"@type":"ListItem","position":2,"name":"ESPECIALIZA\u00c7\u00c3O EM NUTRI\u00c7\u00c3O E SA\u00daDE COLETIVA &#8211; ICS \/ UFPA (2024)"}]},{"@type":"WebSite","@id":"https:\/\/portalfadesp.org.br\/#website","url":"https:\/\/portalfadesp.org.br\/","name":"FADESP","description":"Funda\u00e7\u00e3o de Amparo e Desenvolvimento da Pesquisa","publisher":{"@id":"https:\/\/portalfadesp.org.br\/#organization"},"potentialAction":[{"@type":"SearchAction","target":{"@type":"EntryPoint","urlTemplate":"https:\/\/portalfadesp.org.br\/?s={search_term_string}"},"query-input":{"@type":"PropertyValueSpecification","valueRequired":true,"valueName":"search_term_string"}}],"inLanguage":"pt-BR"},{"@type":"Organization","@id":"https:\/\/portalfadesp.org.br\/#organization","name":"FADESP","url":"https:\/\/portalfadesp.org.br\/","logo":{"@type":"ImageObject","inLanguage":"pt-BR","@id":"https:\/\/portalfadesp.org.br\/#\/schema\/logo\/image\/","url":"https:\/\/portalfadesp.org.br\/wp-content\/uploads\/2024\/01\/NOVOLOGOFADESPlaranjaH.png","contentUrl":"https:\/\/portalfadesp.org.br\/wp-content\/uploads\/2024\/01\/NOVOLOGOFADESPlaranjaH.png","width":2742,"height":839,"caption":"FADESP"},"image":{"@id":"https:\/\/portalfadesp.org.br\/#\/schema\/logo\/image\/"},"sameAs":["https:\/\/www.facebook.com\/Fadesp-138351949524662\/","https:\/\/x.com\/Fadesp","https:\/\/www.instagram.com\/fadesp_ufpa\/","https:\/\/www.youtube.com\/@fundacaodeamparoedesenvolv1903","https:\/\/www.threads.net\/@fadesp_ufpa"]}]}},"_links":{"self":[{"href":"https:\/\/portalfadesp.org.br\/index.php?rest_route=\/wp\/v2\/pages\/46696","targetHints":{"allow":["GET"]}}],"collection":[{"href":"https:\/\/portalfadesp.org.br\/index.php?rest_route=\/wp\/v2\/pages"}],"about":[{"href":"https:\/\/portalfadesp.org.br\/index.php?rest_route=\/wp\/v2\/types\/page"}],"author":[{"embeddable":true,"href":"https:\/\/portalfadesp.org.br\/index.php?rest_route=\/wp\/v2\/users\/12"}],"replies":[{"embeddable":true,"href":"https:\/\/portalfadesp.org.br\/index.php?rest_route=%2Fwp%2Fv2%2Fcomments&post=46696"}],"version-history":[{"count":26,"href":"https:\/\/portalfadesp.org.br\/index.php?rest_route=\/wp\/v2\/pages\/46696\/revisions"}],"predecessor-version":[{"id":49322,"href":"https:\/\/portalfadesp.org.br\/index.php?rest_route=\/wp\/v2\/pages\/46696\/revisions\/49322"}],"wp:attachment":[{"href":"https:\/\/portalfadesp.org.br\/index.php?rest_route=%2Fwp%2Fv2%2Fmedia&parent=46696"}],"curies":[{"name":"wp","href":"https:\/\/api.w.org\/{rel}","templated":true}]}}