{"id":46331,"date":"2024-06-19T10:30:42","date_gmt":"2024-06-19T13:30:42","guid":{"rendered":"https:\/\/portalfadesp.org.br\/?page_id=46331"},"modified":"2024-06-28T14:56:28","modified_gmt":"2024-06-28T17:56:28","slug":"cursos-livres-de-linguas-estrangeiras-ufpa-2-semestre-de-2024","status":"publish","type":"page","link":"https:\/\/portalfadesp.org.br\/?page_id=46331","title":{"rendered":"Cursos Livres de L\u00ednguas Estrangeiras &#8211; UFPA (2\u00b0 Semestre de 2024)"},"content":{"rendered":"\t\t<div data-elementor-type=\"wp-post\" data-elementor-id=\"46331\" class=\"elementor elementor-46331\" data-elementor-post-type=\"page\">\n\t\t\t\t\t\t<section class=\"elementor-section elementor-top-section elementor-element elementor-element-1f2996d1 elementor-section-boxed elementor-section-height-default elementor-section-height-default\" data-id=\"1f2996d1\" data-element_type=\"section\">\n\t\t\t\t\t\t<div class=\"elementor-container elementor-column-gap-default\">\n\t\t\t\t\t<div class=\"elementor-column elementor-col-100 elementor-top-column elementor-element elementor-element-59a4b3f8\" data-id=\"59a4b3f8\" data-element_type=\"column\">\n\t\t\t<div class=\"elementor-widget-wrap elementor-element-populated\">\n\t\t\t\t\t\t<div class=\"elementor-element elementor-element-799471af elementor-widget elementor-widget-heading\" data-id=\"799471af\" data-element_type=\"widget\" data-widget_type=\"heading.default\">\n\t\t\t\t<div class=\"elementor-widget-container\">\n\t\t\t\t\t<h1 class=\"elementor-heading-title elementor-size-default\">Cursos Livres de L\u00ednguas Estrangeiras - UFPA (2\u00b0 Semestre de 2024)<\/h1>\t\t\t\t<\/div>\n\t\t\t\t<\/div>\n\t\t\t\t<section class=\"elementor-section elementor-inner-section elementor-element elementor-element-336311f elementor-section-boxed elementor-section-height-default elementor-section-height-default\" data-id=\"336311f\" data-element_type=\"section\">\n\t\t\t\t\t\t<div class=\"elementor-container elementor-column-gap-default\">\n\t\t\t\t\t<div class=\"elementor-column elementor-col-50 elementor-inner-column elementor-element elementor-element-75ca0dc3\" data-id=\"75ca0dc3\" data-element_type=\"column\">\n\t\t\t<div class=\"elementor-widget-wrap elementor-element-populated\">\n\t\t\t\t\t\t<div class=\"elementor-element elementor-element-425a3096 elementor-widget elementor-widget-text-editor\" data-id=\"425a3096\" data-element_type=\"widget\" data-widget_type=\"text-editor.default\">\n\t\t\t\t<div class=\"elementor-widget-container\">\n\t\t\t\t\t\t\t\t\t<p>Os Cursos Livres de L\u00ednguas Estrangeiras ofertar\u00e3o Cursos Online e Cursos Presenciais no 2\u00ba semestre de 2024.<br \/>Os Cursos Online continuar\u00e3o a oferecer aos alunos acesso a v\u00eddeo aulas de todas as unidades do livro did\u00e1tico e aula ao vivo (live) com os professores 1 vez por semana.<br \/>Os Cursos Presenciais ser\u00e3o ministrados nas salas de aulas dos Cursos Livres, nos altos do Instituto de Letras e Comunica\u00e7\u00e3o\/UFPA.<br \/>Escolha seu hor\u00e1rio, matricule-se e venha aprender uma l\u00edngua estrangeira na UFPA ou na comodidade de sua casa, atrav\u00e9s dos nossos Cursos Online.<\/p><p><strong>Cursos online e presenciais:<\/strong><\/p><ul><li><strong>Ingl\u00eas:<\/strong>\u00a01\u00b0 ao 7\u00b0 n\u00edvel<\/li><li><strong>Franc\u00eas: <\/strong>1\u00b0 ao 7\u00b0 n\u00edvel<\/li><li><strong>Espanhol: <\/strong>1\u00b0 ao 7\u00b0 n\u00edvel<\/li><li><strong>Ingl\u00eas e Franc\u00eas Instrumental<\/strong><\/li><li><strong>Conversa\u00e7\u00e3o em Ingl\u00eas e Espanhol<\/strong><\/li><li><strong>Introdu\u00e7\u00e3o ao \u00c1rabe online<\/strong><\/li><li><strong>PLE online \u2013 n\u00edvel b\u00e1sico<\/strong><\/li><li><strong>Libras Presencial<\/strong><\/li><\/ul><p><b>OBS.:\u00a0<\/b>alunos matriculados no curso online, n\u00e3o poder\u00e3o migrar para turmas presenciais.<\/p><p><strong>IN\u00cdCIO DAS AULAS:<\/strong> 16\/08\/2024<br \/><strong>ENCERRAMENTO DO SEMESTRE:<\/strong> 21\/12\/2024<\/p><p><strong>MATR\u00cdCULAS<\/strong> \u2013 A partir das 09h do dia 29\/07 a 02\/08\/2024 no site:<br \/>http:\/\/cursoseventos.fadesp.org.br\/<br \/>(Acessar o site utilizando os navegadores Chrome e Firefox)<\/p><ul><li><strong>29 a 30\/07\/2024:<\/strong> N\u00edvel 1 exclusivamente.<\/li><li><strong>31\/07 a 02\/08\/2024:<\/strong> Outros n\u00edveis e modalidades.<\/li><li><strong>08 e 09\/08\/2024:<\/strong> Bolsistas CLLE e PROL\u00cdNGUAS.<\/li><\/ul><div class=\"elementor-column elementor-col-50 elementor-inner-column elementor-element elementor-element-15f41bd\" data-id=\"15f41bd\" data-element_type=\"column\"><div class=\"elementor-column-wrap elementor-element-populated\"><div class=\"elementor-widget-wrap\"><div class=\"elementor-element elementor-element-35279451 elementor-widget elementor-widget-text-editor\" data-id=\"35279451\" data-element_type=\"widget\" data-widget_type=\"text-editor.default\"><div class=\"elementor-widget-container\"><div class=\"elementor-text-editor elementor-clearfix\"><p><strong>Mais informa\u00e7\u00f5es pe<\/strong><strong>lo e-mail:<\/strong>cursoslivresufpa@gmail.com<\/p><\/div><\/div><\/div><\/div><\/div><\/div>\t\t\t\t\t\t\t\t<\/div>\n\t\t\t\t<\/div>\n\t\t\t\t\t<\/div>\n\t\t<\/div>\n\t\t\t\t<div class=\"elementor-column elementor-col-50 elementor-inner-column elementor-element elementor-element-79608089\" data-id=\"79608089\" data-element_type=\"column\">\n\t\t\t<div class=\"elementor-widget-wrap elementor-element-populated\">\n\t\t\t\t\t\t<div class=\"elementor-element elementor-element-7ccac55 elementor-widget elementor-widget-text-editor\" data-id=\"7ccac55\" data-element_type=\"widget\" data-widget_type=\"text-editor.default\">\n\t\t\t\t<div class=\"elementor-widget-container\">\n\t\t\t\t\t\t\t\t\t<p>Aviso<\/p>\t\t\t\t\t\t\t\t<\/div>\n\t\t\t\t<\/div>\n\t\t\t\t<div class=\"elementor-element elementor-element-d086b8a elementor-widget elementor-widget-text-editor\" data-id=\"d086b8a\" data-element_type=\"widget\" data-widget_type=\"text-editor.default\">\n\t\t\t\t<div class=\"elementor-widget-container\">\n\t\t\t\t\t\t\t\t\t<p style=\"text-align: center;\"><strong>TESTE DE NIVELAMENTO<\/strong><\/p><p style=\"text-align: center;\">PARA ALUNOS NOVOS QUE DESEJAM INGRESSAR NO CURSO A PARTIR DO N\u00cdVEL 2.<\/p><p style=\"text-align: center;\">DATA DO TESTE PRESENCIAL: 15\/07\/2024 \u00e0s 9:00h<\/p><p style=\"text-align: center;\">DATA DO TESTE ONLINE: 10\/07\/2024 \u00e0s 14:00h<\/p><p style=\"text-align: center;\">Inscri\u00e7\u00f5es: do dia 01\/07 at\u00e9 dia 05\/07\/2024, na secretaria do CLLE (altos do ILC).<\/p><p style=\"text-align: center;\">Hor\u00e1rio: das 9:00 \u00e0s 15:00h.<\/p><p style=\"text-align: center;\">Valor: R$20,00 (pagamento em esp\u00e9cie. N\u00e3o aceitamos pix).<\/p><p style=\"text-align: center;\">Resultado: a partir das 16h do dia 12\/07\/2024.<\/p>\t\t\t\t\t\t\t\t<\/div>\n\t\t\t\t<\/div>\n\t\t\t\t<div class=\"elementor-element elementor-element-d9ac3ae elementor-widget elementor-widget-text-editor\" data-id=\"d9ac3ae\" data-element_type=\"widget\" data-widget_type=\"text-editor.default\">\n\t\t\t\t<div class=\"elementor-widget-container\">\n\t\t\t\t\t\t\t\t\t<p><strong>Editais\u00a0<\/strong><\/p>\t\t\t\t\t\t\t\t<\/div>\n\t\t\t\t<\/div>\n\t\t\t\t<div class=\"elementor-element elementor-element-368e568 elementor-widget elementor-widget-text-editor\" data-id=\"368e568\" data-element_type=\"widget\" data-widget_type=\"text-editor.default\">\n\t\t\t\t<div class=\"elementor-widget-container\">\n\t\t\t\t\t\t\t\t\t<p style=\"text-align: center;\">Edital retificado 2 <strong><a href=\"https:\/\/portalfadesp.org.br\/wp-content\/uploads\/2024\/06\/EDITAL-DE-MATRICULA-CLLE_-2o-SEMESTRE-DE-2024-1-1.pdf\">(Clique aqui)<\/a><\/strong><\/p><p style=\"text-align: center;\">Edital retificado 1\u00a0<strong><a href=\"https:\/\/portalfadesp.org.br\/wp-content\/uploads\/2024\/06\/RETIFICADO_EDITAL-DE-MATRICULA-CLLE_-2o-SEMESTRE-DE-2024.pdf\">(Clique aqui)<\/a><\/strong><\/p><p style=\"text-align: center;\">Edital <strong><a href=\"https:\/\/portalfadesp.org.br\/wp-content\/uploads\/2024\/06\/EDITAL-DE-MATRICULA-CLLE_-2o-SEMESTRE-DE-2024-1.pdf\">(Clique aqui)<\/a><\/strong><\/p>\t\t\t\t\t\t\t\t<\/div>\n\t\t\t\t<\/div>\n\t\t\t\t\t<\/div>\n\t\t<\/div>\n\t\t\t\t\t<\/div>\n\t\t<\/section>\n\t\t\t\t\t<\/div>\n\t\t<\/div>\n\t\t\t\t\t<\/div>\n\t\t<\/section>\n\t\t\t\t<\/div>\n\t\t","protected":false},"excerpt":{"rendered":"<p>Cursos Livres de L\u00ednguas Estrangeiras &#8211; UFPA (2\u00b0 Semestre de 2024) Os Cursos Livres de L\u00ednguas Estrangeiras ofertar\u00e3o Cursos Online e Cursos Presenciais no 2\u00ba semestre de 2024.Os Cursos Online continuar\u00e3o a oferecer aos alunos acesso a v\u00eddeo aulas de todas as unidades do livro did\u00e1tico e aula ao vivo (live) com os professores 1 [&hellip;]<\/p>\n","protected":false},"author":12,"featured_media":0,"parent":0,"menu_order":0,"comment_status":"closed","ping_status":"closed","template":"","meta":{"_monsterinsights_skip_tracking":false,"_monsterinsights_sitenote_active":false,"_monsterinsights_sitenote_note":"","_monsterinsights_sitenote_category":0,"footnotes":""},"class_list":["post-46331","page","type-page","status-publish","hentry","entry"],"yoast_head":"<!-- This site is optimized with the Yoast SEO plugin v25.1 - https:\/\/yoast.com\/wordpress\/plugins\/seo\/ -->\n<title>Cursos Livres de L\u00ednguas Estrangeiras - UFPA (2\u00b0 Semestre de 2024) - FADESP<\/title>\n<meta name=\"robots\" content=\"index, follow, max-snippet:-1, max-image-preview:large, max-video-preview:-1\" \/>\n<link rel=\"canonical\" href=\"https:\/\/portalfadesp.org.br\/?page_id=46331\" \/>\n<meta property=\"og:locale\" content=\"pt_BR\" \/>\n<meta property=\"og:type\" content=\"article\" \/>\n<meta property=\"og:title\" content=\"Cursos Livres de L\u00ednguas Estrangeiras - UFPA (2\u00b0 Semestre de 2024) - FADESP\" \/>\n<meta property=\"og:description\" content=\"Cursos Livres de L\u00ednguas Estrangeiras &#8211; UFPA (2\u00b0 Semestre de 2024) Os Cursos Livres de L\u00ednguas Estrangeiras ofertar\u00e3o Cursos Online e Cursos Presenciais no 2\u00ba semestre de 2024.Os Cursos Online continuar\u00e3o a oferecer aos alunos acesso a v\u00eddeo aulas de todas as unidades do livro did\u00e1tico e aula ao vivo (live) com os professores 1 [&hellip;]\" \/>\n<meta property=\"og:url\" content=\"https:\/\/portalfadesp.org.br\/?page_id=46331\" \/>\n<meta property=\"og:site_name\" content=\"FADESP\" \/>\n<meta property=\"article:publisher\" content=\"https:\/\/www.facebook.com\/Fadesp-138351949524662\/\" \/>\n<meta property=\"article:modified_time\" content=\"2024-06-28T17:56:28+00:00\" \/>\n<meta name=\"twitter:card\" content=\"summary_large_image\" \/>\n<meta name=\"twitter:site\" content=\"@Fadesp\" \/>\n<meta name=\"twitter:label1\" content=\"Est. tempo de leitura\" \/>\n\t<meta name=\"twitter:data1\" content=\"2 minutos\" \/>\n<script type=\"application\/ld+json\" class=\"yoast-schema-graph\">{\"@context\":\"https:\/\/schema.org\",\"@graph\":[{\"@type\":\"WebPage\",\"@id\":\"https:\/\/portalfadesp.org.br\/?page_id=46331\",\"url\":\"https:\/\/portalfadesp.org.br\/?page_id=46331\",\"name\":\"Cursos Livres de L\u00ednguas Estrangeiras - UFPA (2\u00b0 Semestre de 2024) - FADESP\",\"isPartOf\":{\"@id\":\"https:\/\/portalfadesp.org.br\/#website\"},\"datePublished\":\"2024-06-19T13:30:42+00:00\",\"dateModified\":\"2024-06-28T17:56:28+00:00\",\"breadcrumb\":{\"@id\":\"https:\/\/portalfadesp.org.br\/?page_id=46331#breadcrumb\"},\"inLanguage\":\"pt-BR\",\"potentialAction\":[{\"@type\":\"ReadAction\",\"target\":[\"https:\/\/portalfadesp.org.br\/?page_id=46331\"]}]},{\"@type\":\"BreadcrumbList\",\"@id\":\"https:\/\/portalfadesp.org.br\/?page_id=46331#breadcrumb\",\"itemListElement\":[{\"@type\":\"ListItem\",\"position\":1,\"name\":\"In\u00edcio\",\"item\":\"https:\/\/portalfadesp.org.br\/\"},{\"@type\":\"ListItem\",\"position\":2,\"name\":\"Cursos Livres de L\u00ednguas Estrangeiras &#8211; UFPA (2\u00b0 Semestre de 2024)\"}]},{\"@type\":\"WebSite\",\"@id\":\"https:\/\/portalfadesp.org.br\/#website\",\"url\":\"https:\/\/portalfadesp.org.br\/\",\"name\":\"FADESP\",\"description\":\"Funda\u00e7\u00e3o de Amparo e Desenvolvimento da Pesquisa\",\"publisher\":{\"@id\":\"https:\/\/portalfadesp.org.br\/#organization\"},\"potentialAction\":[{\"@type\":\"SearchAction\",\"target\":{\"@type\":\"EntryPoint\",\"urlTemplate\":\"https:\/\/portalfadesp.org.br\/?s={search_term_string}\"},\"query-input\":{\"@type\":\"PropertyValueSpecification\",\"valueRequired\":true,\"valueName\":\"search_term_string\"}}],\"inLanguage\":\"pt-BR\"},{\"@type\":\"Organization\",\"@id\":\"https:\/\/portalfadesp.org.br\/#organization\",\"name\":\"FADESP\",\"url\":\"https:\/\/portalfadesp.org.br\/\",\"logo\":{\"@type\":\"ImageObject\",\"inLanguage\":\"pt-BR\",\"@id\":\"https:\/\/portalfadesp.org.br\/#\/schema\/logo\/image\/\",\"url\":\"https:\/\/portalfadesp.org.br\/wp-content\/uploads\/2024\/01\/NOVOLOGOFADESPlaranjaH.png\",\"contentUrl\":\"https:\/\/portalfadesp.org.br\/wp-content\/uploads\/2024\/01\/NOVOLOGOFADESPlaranjaH.png\",\"width\":2742,\"height\":839,\"caption\":\"FADESP\"},\"image\":{\"@id\":\"https:\/\/portalfadesp.org.br\/#\/schema\/logo\/image\/\"},\"sameAs\":[\"https:\/\/www.facebook.com\/Fadesp-138351949524662\/\",\"https:\/\/x.com\/Fadesp\",\"https:\/\/www.instagram.com\/fadesp_ufpa\/\",\"https:\/\/www.youtube.com\/@fundacaodeamparoedesenvolv1903\",\"https:\/\/www.threads.net\/@fadesp_ufpa\"]}]}<\/script>\n<!-- \/ Yoast SEO plugin. -->","yoast_head_json":{"title":"Cursos Livres de L\u00ednguas Estrangeiras - UFPA (2\u00b0 Semestre de 2024) - FADESP","robots":{"index":"index","follow":"follow","max-snippet":"max-snippet:-1","max-image-preview":"max-image-preview:large","max-video-preview":"max-video-preview:-1"},"canonical":"https:\/\/portalfadesp.org.br\/?page_id=46331","og_locale":"pt_BR","og_type":"article","og_title":"Cursos Livres de L\u00ednguas Estrangeiras - UFPA (2\u00b0 Semestre de 2024) - FADESP","og_description":"Cursos Livres de L\u00ednguas Estrangeiras &#8211; UFPA (2\u00b0 Semestre de 2024) Os Cursos Livres de L\u00ednguas Estrangeiras ofertar\u00e3o Cursos Online e Cursos Presenciais no 2\u00ba semestre de 2024.Os Cursos Online continuar\u00e3o a oferecer aos alunos acesso a v\u00eddeo aulas de todas as unidades do livro did\u00e1tico e aula ao vivo (live) com os professores 1 [&hellip;]","og_url":"https:\/\/portalfadesp.org.br\/?page_id=46331","og_site_name":"FADESP","article_publisher":"https:\/\/www.facebook.com\/Fadesp-138351949524662\/","article_modified_time":"2024-06-28T17:56:28+00:00","twitter_card":"summary_large_image","twitter_site":"@Fadesp","twitter_misc":{"Est. tempo de leitura":"2 minutos"},"schema":{"@context":"https:\/\/schema.org","@graph":[{"@type":"WebPage","@id":"https:\/\/portalfadesp.org.br\/?page_id=46331","url":"https:\/\/portalfadesp.org.br\/?page_id=46331","name":"Cursos Livres de L\u00ednguas Estrangeiras - UFPA (2\u00b0 Semestre de 2024) - FADESP","isPartOf":{"@id":"https:\/\/portalfadesp.org.br\/#website"},"datePublished":"2024-06-19T13:30:42+00:00","dateModified":"2024-06-28T17:56:28+00:00","breadcrumb":{"@id":"https:\/\/portalfadesp.org.br\/?page_id=46331#breadcrumb"},"inLanguage":"pt-BR","potentialAction":[{"@type":"ReadAction","target":["https:\/\/portalfadesp.org.br\/?page_id=46331"]}]},{"@type":"BreadcrumbList","@id":"https:\/\/portalfadesp.org.br\/?page_id=46331#breadcrumb","itemListElement":[{"@type":"ListItem","position":1,"name":"In\u00edcio","item":"https:\/\/portalfadesp.org.br\/"},{"@type":"ListItem","position":2,"name":"Cursos Livres de L\u00ednguas Estrangeiras &#8211; UFPA (2\u00b0 Semestre de 2024)"}]},{"@type":"WebSite","@id":"https:\/\/portalfadesp.org.br\/#website","url":"https:\/\/portalfadesp.org.br\/","name":"FADESP","description":"Funda\u00e7\u00e3o de Amparo e Desenvolvimento da Pesquisa","publisher":{"@id":"https:\/\/portalfadesp.org.br\/#organization"},"potentialAction":[{"@type":"SearchAction","target":{"@type":"EntryPoint","urlTemplate":"https:\/\/portalfadesp.org.br\/?s={search_term_string}"},"query-input":{"@type":"PropertyValueSpecification","valueRequired":true,"valueName":"search_term_string"}}],"inLanguage":"pt-BR"},{"@type":"Organization","@id":"https:\/\/portalfadesp.org.br\/#organization","name":"FADESP","url":"https:\/\/portalfadesp.org.br\/","logo":{"@type":"ImageObject","inLanguage":"pt-BR","@id":"https:\/\/portalfadesp.org.br\/#\/schema\/logo\/image\/","url":"https:\/\/portalfadesp.org.br\/wp-content\/uploads\/2024\/01\/NOVOLOGOFADESPlaranjaH.png","contentUrl":"https:\/\/portalfadesp.org.br\/wp-content\/uploads\/2024\/01\/NOVOLOGOFADESPlaranjaH.png","width":2742,"height":839,"caption":"FADESP"},"image":{"@id":"https:\/\/portalfadesp.org.br\/#\/schema\/logo\/image\/"},"sameAs":["https:\/\/www.facebook.com\/Fadesp-138351949524662\/","https:\/\/x.com\/Fadesp","https:\/\/www.instagram.com\/fadesp_ufpa\/","https:\/\/www.youtube.com\/@fundacaodeamparoedesenvolv1903","https:\/\/www.threads.net\/@fadesp_ufpa"]}]}},"_links":{"self":[{"href":"https:\/\/portalfadesp.org.br\/index.php?rest_route=\/wp\/v2\/pages\/46331","targetHints":{"allow":["GET"]}}],"collection":[{"href":"https:\/\/portalfadesp.org.br\/index.php?rest_route=\/wp\/v2\/pages"}],"about":[{"href":"https:\/\/portalfadesp.org.br\/index.php?rest_route=\/wp\/v2\/types\/page"}],"author":[{"embeddable":true,"href":"https:\/\/portalfadesp.org.br\/index.php?rest_route=\/wp\/v2\/users\/12"}],"replies":[{"embeddable":true,"href":"https:\/\/portalfadesp.org.br\/index.php?rest_route=%2Fwp%2Fv2%2Fcomments&post=46331"}],"version-history":[{"count":38,"href":"https:\/\/portalfadesp.org.br\/index.php?rest_route=\/wp\/v2\/pages\/46331\/revisions"}],"predecessor-version":[{"id":46476,"href":"https:\/\/portalfadesp.org.br\/index.php?rest_route=\/wp\/v2\/pages\/46331\/revisions\/46476"}],"wp:attachment":[{"href":"https:\/\/portalfadesp.org.br\/index.php?rest_route=%2Fwp%2Fv2%2Fmedia&parent=46331"}],"curies":[{"name":"wp","href":"https:\/\/api.w.org\/{rel}","templated":true}]}}