{"id":45103,"date":"2024-01-23T08:36:27","date_gmt":"2024-01-23T11:36:27","guid":{"rendered":"https:\/\/portalfadesp.org.br\/?page_id=45103"},"modified":"2024-01-23T09:58:52","modified_gmt":"2024-01-23T12:58:52","slug":"pagina_modelo-19-13-40","status":"publish","type":"page","link":"https:\/\/portalfadesp.org.br\/?page_id=45103","title":{"rendered":"Cursos Livres de L\u00ednguas Estrangeiras \u2013 UFPA (2024)"},"content":{"rendered":"\t\t<div data-elementor-type=\"wp-post\" data-elementor-id=\"45103\" class=\"elementor elementor-45103\" data-elementor-post-type=\"page\">\n\t\t\t\t\t\t<section class=\"elementor-section elementor-top-section elementor-element elementor-element-1f2996d1 elementor-section-boxed elementor-section-height-default elementor-section-height-default\" data-id=\"1f2996d1\" data-element_type=\"section\">\n\t\t\t\t\t\t<div class=\"elementor-container elementor-column-gap-default\">\n\t\t\t\t\t<div class=\"elementor-column elementor-col-100 elementor-top-column elementor-element elementor-element-59a4b3f8\" data-id=\"59a4b3f8\" data-element_type=\"column\">\n\t\t\t<div class=\"elementor-widget-wrap elementor-element-populated\">\n\t\t\t\t\t\t<div class=\"elementor-element elementor-element-799471af elementor-widget elementor-widget-heading\" data-id=\"799471af\" data-element_type=\"widget\" data-widget_type=\"heading.default\">\n\t\t\t\t<div class=\"elementor-widget-container\">\n\t\t\t\t\t<h1 class=\"elementor-heading-title elementor-size-default\">Cursos Livres de L\u00ednguas Estrangeiras \u2013 UFPA (1\u00b0 semestre de 2024)<\/h1>\t\t\t\t<\/div>\n\t\t\t\t<\/div>\n\t\t\t\t<section class=\"elementor-section elementor-inner-section elementor-element elementor-element-336311f elementor-section-boxed elementor-section-height-default elementor-section-height-default\" data-id=\"336311f\" data-element_type=\"section\">\n\t\t\t\t\t\t<div class=\"elementor-container elementor-column-gap-default\">\n\t\t\t\t\t<div class=\"elementor-column elementor-col-50 elementor-inner-column elementor-element elementor-element-75ca0dc3\" data-id=\"75ca0dc3\" data-element_type=\"column\">\n\t\t\t<div class=\"elementor-widget-wrap elementor-element-populated\">\n\t\t\t\t\t\t<div class=\"elementor-element elementor-element-425a3096 elementor-widget elementor-widget-text-editor\" data-id=\"425a3096\" data-element_type=\"widget\" data-widget_type=\"text-editor.default\">\n\t\t\t\t<div class=\"elementor-widget-container\">\n\t\t\t\t\t\t\t\t\t<p>Os Cursos Livres de L\u00ednguas Estrangeiras ofertar\u00e3o Cursos Online e Cursos Presenciais no 1\u00b0 semestre de 2024.<br \/>Os Cursos Online continuar\u00e3o a oferecer aos alunos acesso a v\u00eddeo aulas de todas as unidades do livro did\u00e1tico e aula ao vivo (live) com os professores 1 vez por semana.<br \/>Os Cursos Presenciais ser\u00e3o ministrados nas salas de aulas dos CursosLivres, nos altos do Instituto de Letras e Comunica\u00e7\u00e3o\/UFPA.<br \/>Escolha seu hor\u00e1rio, matricule-se e venha aprender uma l\u00edngua estrangeira na UFPA ou na comodidade de sua casa, atrav\u00e9s dos nossos Cursos Online.<\/p><p><strong>Per\u00edodo de Inscri\u00e7\u00e3o: <\/strong>29\/01\/2024 a 02\/02\/2024 (A partir das 09h, no link: <a href=\"http:\/\/cursoseventos.fadesp.org.br\/\">http:\/\/cursoseventos.fadesp.org.br\/<\/a>)<\/p><p><span style=\"text-decoration: underline;\"><strong>Cursos online e presenciais:<\/strong><\/span><\/p><p><strong>Ingl\u00eas, Franc\u00eas e Espanhol<\/strong> \u2013 Presencial e online: 1\u00b0 n\u00edvel;<\/p><p><strong>Ingl\u00eas Presencial e online:<\/strong> 2\u00b0 ao 7\u00b0 n\u00edvel;<\/p><p><strong>Franc\u00eas Presencial e online:<\/strong> 2\u00b0 ao 7\u00b0 n\u00edvel;<\/p><p><strong>Espanhol Presencial e online:<\/strong> 2\u00b0 ao 7\u00b0 n\u00edvel;<\/p><p><strong>Ingl\u00eas Instrumental Online;<\/strong><\/p><p><strong>Conversa\u00e7\u00e3o Ingl\u00eas Presencial;<\/strong><\/p><p><strong>Introdu\u00e7\u00e3o ao \u00c1rabe online;<\/strong><\/p><p><strong>PLE online \u2013 n\u00edvel b\u00e1sico;<\/strong><\/p><p><strong>Libras Presencial.<\/strong><\/p><p><b><span style=\"text-decoration: underline;\">OBS.:<\/span>\u00a0<\/b>alunos matriculados no curso online, n\u00e3o poder\u00e3o migrar para turmas presenciais.<\/p><p><span style=\"text-decoration: underline;\"><strong>In\u00edcio das aulas:<\/strong><\/span> 19\/02\/2024<\/p><p><strong><span style=\"text-decoration: underline;\">Encerramento do semestre:<\/span><\/strong> 29\/06\/2024<\/p><p><span style=\"text-decoration: underline;\"><strong>Mais informa\u00e7\u00f5es pe<\/strong><\/span><strong><span style=\"text-decoration: underline;\">lo e-mail<\/span>:<\/strong>cursoslivresufpa@gmail.com<\/p>\t\t\t\t\t\t\t\t<\/div>\n\t\t\t\t<\/div>\n\t\t\t\t\t<\/div>\n\t\t<\/div>\n\t\t\t\t<div class=\"elementor-column elementor-col-50 elementor-inner-column elementor-element elementor-element-79608089\" data-id=\"79608089\" data-element_type=\"column\">\n\t\t\t<div class=\"elementor-widget-wrap elementor-element-populated\">\n\t\t\t\t\t\t<div class=\"elementor-element elementor-element-7ccac55 elementor-widget elementor-widget-text-editor\" data-id=\"7ccac55\" data-element_type=\"widget\" data-widget_type=\"text-editor.default\">\n\t\t\t\t<div class=\"elementor-widget-container\">\n\t\t\t\t\t\t\t\t\t<p><strong>Avisos<\/strong><\/p>\t\t\t\t\t\t\t\t<\/div>\n\t\t\t\t<\/div>\n\t\t\t\t<div class=\"elementor-element elementor-element-368e568 elementor-widget elementor-widget-text-editor\" data-id=\"368e568\" data-element_type=\"widget\" data-widget_type=\"text-editor.default\">\n\t\t\t\t<div class=\"elementor-widget-container\">\n\t\t\t\t\t\t\t\t\t<p style=\"text-align: center;\">PARA ALUNOS NOVOS QUE DESEJAM INGRESSAR NO CURSO A PARTIR DO N\u00cdVEL 2.<\/p><p style=\"text-align: center;\">DATA DO TESTE PRESENCIAL: 11\/01\/2024 das 9:00 \u00e0s 12:00h<\/p><p style=\"text-align: center;\">DATA DO TESTE ONLINE: 11\/01\/2024 das 14:00 \u00e0s 18:00h<\/p><p style=\"text-align: center;\">Inscri\u00e7\u00f5es: do dia 08\/01 at\u00e9 dia 10\/01\/2024, na secretaria do CLLE (altos do ILC).<\/p><p style=\"text-align: center;\">Hor\u00e1rio: das 9:00 \u00e0s 15:00h.<\/p><p style=\"text-align: center;\">Resultado: a partir das 16h do dia 12\/01\/2024.<\/p>\t\t\t\t\t\t\t\t<\/div>\n\t\t\t\t<\/div>\n\t\t\t\t<div class=\"elementor-element elementor-element-03c887f elementor-widget elementor-widget-text-editor\" data-id=\"03c887f\" data-element_type=\"widget\" data-widget_type=\"text-editor.default\">\n\t\t\t\t<div class=\"elementor-widget-container\">\n\t\t\t\t\t\t\t\t\t<p><strong>Editais<\/strong><\/p>\t\t\t\t\t\t\t\t<\/div>\n\t\t\t\t<\/div>\n\t\t\t\t<div class=\"elementor-element elementor-element-6667105 elementor-widget elementor-widget-text-editor\" data-id=\"6667105\" data-element_type=\"widget\" data-widget_type=\"text-editor.default\">\n\t\t\t\t<div class=\"elementor-widget-container\">\n\t\t\t\t\t\t\t\t\t<p style=\"text-align: center;\">Edital <strong><a href=\"https:\/\/portalfadesp.org.br\/wp-content\/uploads\/2024\/01\/Edital-Cursos-Livres_1_2024.pdf\">(Clique aqui)<\/a><\/strong><\/p>\t\t\t\t\t\t\t\t<\/div>\n\t\t\t\t<\/div>\n\t\t\t\t\t<\/div>\n\t\t<\/div>\n\t\t\t\t\t<\/div>\n\t\t<\/section>\n\t\t\t\t\t<\/div>\n\t\t<\/div>\n\t\t\t\t\t<\/div>\n\t\t<\/section>\n\t\t\t\t<\/div>\n\t\t","protected":false},"excerpt":{"rendered":"<p>Cursos Livres de L\u00ednguas Estrangeiras \u2013 UFPA (1\u00b0 semestre de 2024) Os Cursos Livres de L\u00ednguas Estrangeiras ofertar\u00e3o Cursos Online e Cursos Presenciais no 1\u00b0 semestre de 2024.Os Cursos Online continuar\u00e3o a oferecer aos alunos acesso a v\u00eddeo aulas de todas as unidades do livro did\u00e1tico e aula ao vivo (live) com os professores 1 [&hellip;]<\/p>\n","protected":false},"author":12,"featured_media":0,"parent":0,"menu_order":0,"comment_status":"closed","ping_status":"closed","template":"","meta":{"_monsterinsights_skip_tracking":false,"_monsterinsights_sitenote_active":false,"_monsterinsights_sitenote_note":"","_monsterinsights_sitenote_category":0,"footnotes":""},"class_list":["post-45103","page","type-page","status-publish","hentry","entry"],"yoast_head":"<!-- This site is optimized with the Yoast SEO plugin v25.1 - https:\/\/yoast.com\/wordpress\/plugins\/seo\/ -->\n<title>Cursos Livres de L\u00ednguas Estrangeiras \u2013 UFPA (2024) - FADESP<\/title>\n<meta name=\"robots\" content=\"index, follow, max-snippet:-1, max-image-preview:large, max-video-preview:-1\" \/>\n<link rel=\"canonical\" href=\"https:\/\/portalfadesp.org.br\/?page_id=45103\" \/>\n<meta property=\"og:locale\" content=\"pt_BR\" \/>\n<meta property=\"og:type\" content=\"article\" \/>\n<meta property=\"og:title\" content=\"Cursos Livres de L\u00ednguas Estrangeiras \u2013 UFPA (2024) - FADESP\" \/>\n<meta property=\"og:description\" content=\"Cursos Livres de L\u00ednguas Estrangeiras \u2013 UFPA (1\u00b0 semestre de 2024) Os Cursos Livres de L\u00ednguas Estrangeiras ofertar\u00e3o Cursos Online e Cursos Presenciais no 1\u00b0 semestre de 2024.Os Cursos Online continuar\u00e3o a oferecer aos alunos acesso a v\u00eddeo aulas de todas as unidades do livro did\u00e1tico e aula ao vivo (live) com os professores 1 [&hellip;]\" \/>\n<meta property=\"og:url\" content=\"https:\/\/portalfadesp.org.br\/?page_id=45103\" \/>\n<meta property=\"og:site_name\" content=\"FADESP\" \/>\n<meta property=\"article:publisher\" content=\"https:\/\/www.facebook.com\/Fadesp-138351949524662\/\" \/>\n<meta property=\"article:modified_time\" content=\"2024-01-23T12:58:52+00:00\" \/>\n<meta name=\"twitter:card\" content=\"summary_large_image\" \/>\n<meta name=\"twitter:site\" content=\"@Fadesp\" \/>\n<meta name=\"twitter:label1\" content=\"Est. tempo de leitura\" \/>\n\t<meta name=\"twitter:data1\" content=\"2 minutos\" \/>\n<script type=\"application\/ld+json\" class=\"yoast-schema-graph\">{\"@context\":\"https:\/\/schema.org\",\"@graph\":[{\"@type\":\"WebPage\",\"@id\":\"https:\/\/portalfadesp.org.br\/?page_id=45103\",\"url\":\"https:\/\/portalfadesp.org.br\/?page_id=45103\",\"name\":\"Cursos Livres de L\u00ednguas Estrangeiras \u2013 UFPA (2024) - FADESP\",\"isPartOf\":{\"@id\":\"https:\/\/portalfadesp.org.br\/#website\"},\"datePublished\":\"2024-01-23T11:36:27+00:00\",\"dateModified\":\"2024-01-23T12:58:52+00:00\",\"breadcrumb\":{\"@id\":\"https:\/\/portalfadesp.org.br\/?page_id=45103#breadcrumb\"},\"inLanguage\":\"pt-BR\",\"potentialAction\":[{\"@type\":\"ReadAction\",\"target\":[\"https:\/\/portalfadesp.org.br\/?page_id=45103\"]}]},{\"@type\":\"BreadcrumbList\",\"@id\":\"https:\/\/portalfadesp.org.br\/?page_id=45103#breadcrumb\",\"itemListElement\":[{\"@type\":\"ListItem\",\"position\":1,\"name\":\"In\u00edcio\",\"item\":\"https:\/\/portalfadesp.org.br\/\"},{\"@type\":\"ListItem\",\"position\":2,\"name\":\"Cursos Livres de L\u00ednguas Estrangeiras \u2013 UFPA (2024)\"}]},{\"@type\":\"WebSite\",\"@id\":\"https:\/\/portalfadesp.org.br\/#website\",\"url\":\"https:\/\/portalfadesp.org.br\/\",\"name\":\"FADESP\",\"description\":\"Funda\u00e7\u00e3o de Amparo e Desenvolvimento da Pesquisa\",\"publisher\":{\"@id\":\"https:\/\/portalfadesp.org.br\/#organization\"},\"potentialAction\":[{\"@type\":\"SearchAction\",\"target\":{\"@type\":\"EntryPoint\",\"urlTemplate\":\"https:\/\/portalfadesp.org.br\/?s={search_term_string}\"},\"query-input\":{\"@type\":\"PropertyValueSpecification\",\"valueRequired\":true,\"valueName\":\"search_term_string\"}}],\"inLanguage\":\"pt-BR\"},{\"@type\":\"Organization\",\"@id\":\"https:\/\/portalfadesp.org.br\/#organization\",\"name\":\"FADESP\",\"url\":\"https:\/\/portalfadesp.org.br\/\",\"logo\":{\"@type\":\"ImageObject\",\"inLanguage\":\"pt-BR\",\"@id\":\"https:\/\/portalfadesp.org.br\/#\/schema\/logo\/image\/\",\"url\":\"https:\/\/portalfadesp.org.br\/wp-content\/uploads\/2024\/01\/NOVOLOGOFADESPlaranjaH.png\",\"contentUrl\":\"https:\/\/portalfadesp.org.br\/wp-content\/uploads\/2024\/01\/NOVOLOGOFADESPlaranjaH.png\",\"width\":2742,\"height\":839,\"caption\":\"FADESP\"},\"image\":{\"@id\":\"https:\/\/portalfadesp.org.br\/#\/schema\/logo\/image\/\"},\"sameAs\":[\"https:\/\/www.facebook.com\/Fadesp-138351949524662\/\",\"https:\/\/x.com\/Fadesp\",\"https:\/\/www.instagram.com\/fadesp_ufpa\/\",\"https:\/\/www.youtube.com\/@fundacaodeamparoedesenvolv1903\",\"https:\/\/www.threads.net\/@fadesp_ufpa\"]}]}<\/script>\n<!-- \/ Yoast SEO plugin. -->","yoast_head_json":{"title":"Cursos Livres de L\u00ednguas Estrangeiras \u2013 UFPA (2024) - FADESP","robots":{"index":"index","follow":"follow","max-snippet":"max-snippet:-1","max-image-preview":"max-image-preview:large","max-video-preview":"max-video-preview:-1"},"canonical":"https:\/\/portalfadesp.org.br\/?page_id=45103","og_locale":"pt_BR","og_type":"article","og_title":"Cursos Livres de L\u00ednguas Estrangeiras \u2013 UFPA (2024) - FADESP","og_description":"Cursos Livres de L\u00ednguas Estrangeiras \u2013 UFPA (1\u00b0 semestre de 2024) Os Cursos Livres de L\u00ednguas Estrangeiras ofertar\u00e3o Cursos Online e Cursos Presenciais no 1\u00b0 semestre de 2024.Os Cursos Online continuar\u00e3o a oferecer aos alunos acesso a v\u00eddeo aulas de todas as unidades do livro did\u00e1tico e aula ao vivo (live) com os professores 1 [&hellip;]","og_url":"https:\/\/portalfadesp.org.br\/?page_id=45103","og_site_name":"FADESP","article_publisher":"https:\/\/www.facebook.com\/Fadesp-138351949524662\/","article_modified_time":"2024-01-23T12:58:52+00:00","twitter_card":"summary_large_image","twitter_site":"@Fadesp","twitter_misc":{"Est. tempo de leitura":"2 minutos"},"schema":{"@context":"https:\/\/schema.org","@graph":[{"@type":"WebPage","@id":"https:\/\/portalfadesp.org.br\/?page_id=45103","url":"https:\/\/portalfadesp.org.br\/?page_id=45103","name":"Cursos Livres de L\u00ednguas Estrangeiras \u2013 UFPA (2024) - FADESP","isPartOf":{"@id":"https:\/\/portalfadesp.org.br\/#website"},"datePublished":"2024-01-23T11:36:27+00:00","dateModified":"2024-01-23T12:58:52+00:00","breadcrumb":{"@id":"https:\/\/portalfadesp.org.br\/?page_id=45103#breadcrumb"},"inLanguage":"pt-BR","potentialAction":[{"@type":"ReadAction","target":["https:\/\/portalfadesp.org.br\/?page_id=45103"]}]},{"@type":"BreadcrumbList","@id":"https:\/\/portalfadesp.org.br\/?page_id=45103#breadcrumb","itemListElement":[{"@type":"ListItem","position":1,"name":"In\u00edcio","item":"https:\/\/portalfadesp.org.br\/"},{"@type":"ListItem","position":2,"name":"Cursos Livres de L\u00ednguas Estrangeiras \u2013 UFPA (2024)"}]},{"@type":"WebSite","@id":"https:\/\/portalfadesp.org.br\/#website","url":"https:\/\/portalfadesp.org.br\/","name":"FADESP","description":"Funda\u00e7\u00e3o de Amparo e Desenvolvimento da Pesquisa","publisher":{"@id":"https:\/\/portalfadesp.org.br\/#organization"},"potentialAction":[{"@type":"SearchAction","target":{"@type":"EntryPoint","urlTemplate":"https:\/\/portalfadesp.org.br\/?s={search_term_string}"},"query-input":{"@type":"PropertyValueSpecification","valueRequired":true,"valueName":"search_term_string"}}],"inLanguage":"pt-BR"},{"@type":"Organization","@id":"https:\/\/portalfadesp.org.br\/#organization","name":"FADESP","url":"https:\/\/portalfadesp.org.br\/","logo":{"@type":"ImageObject","inLanguage":"pt-BR","@id":"https:\/\/portalfadesp.org.br\/#\/schema\/logo\/image\/","url":"https:\/\/portalfadesp.org.br\/wp-content\/uploads\/2024\/01\/NOVOLOGOFADESPlaranjaH.png","contentUrl":"https:\/\/portalfadesp.org.br\/wp-content\/uploads\/2024\/01\/NOVOLOGOFADESPlaranjaH.png","width":2742,"height":839,"caption":"FADESP"},"image":{"@id":"https:\/\/portalfadesp.org.br\/#\/schema\/logo\/image\/"},"sameAs":["https:\/\/www.facebook.com\/Fadesp-138351949524662\/","https:\/\/x.com\/Fadesp","https:\/\/www.instagram.com\/fadesp_ufpa\/","https:\/\/www.youtube.com\/@fundacaodeamparoedesenvolv1903","https:\/\/www.threads.net\/@fadesp_ufpa"]}]}},"_links":{"self":[{"href":"https:\/\/portalfadesp.org.br\/index.php?rest_route=\/wp\/v2\/pages\/45103","targetHints":{"allow":["GET"]}}],"collection":[{"href":"https:\/\/portalfadesp.org.br\/index.php?rest_route=\/wp\/v2\/pages"}],"about":[{"href":"https:\/\/portalfadesp.org.br\/index.php?rest_route=\/wp\/v2\/types\/page"}],"author":[{"embeddable":true,"href":"https:\/\/portalfadesp.org.br\/index.php?rest_route=\/wp\/v2\/users\/12"}],"replies":[{"embeddable":true,"href":"https:\/\/portalfadesp.org.br\/index.php?rest_route=%2Fwp%2Fv2%2Fcomments&post=45103"}],"version-history":[{"count":10,"href":"https:\/\/portalfadesp.org.br\/index.php?rest_route=\/wp\/v2\/pages\/45103\/revisions"}],"predecessor-version":[{"id":45117,"href":"https:\/\/portalfadesp.org.br\/index.php?rest_route=\/wp\/v2\/pages\/45103\/revisions\/45117"}],"wp:attachment":[{"href":"https:\/\/portalfadesp.org.br\/index.php?rest_route=%2Fwp%2Fv2%2Fmedia&parent=45103"}],"curies":[{"name":"wp","href":"https:\/\/api.w.org\/{rel}","templated":true}]}}