{"id":41557,"date":"2023-06-28T15:03:29","date_gmt":"2023-06-28T18:03:29","guid":{"rendered":"https:\/\/portalfadesp.org.br\/?page_id=41557"},"modified":"2026-01-13T11:15:16","modified_gmt":"2026-01-13T14:15:16","slug":"compliance-nova","status":"publish","type":"page","link":"https:\/\/portalfadesp.org.br\/?page_id=41557","title":{"rendered":"COMPLIANCE &#8211; NOVA"},"content":{"rendered":"\t\t<div data-elementor-type=\"wp-page\" data-elementor-id=\"41557\" class=\"elementor elementor-41557\" data-elementor-post-type=\"page\">\n\t\t\t\t\t\t<section class=\"elementor-section elementor-top-section elementor-element elementor-element-475134b2 elementor-section-full_width elementor-section-height-default elementor-section-height-default\" data-id=\"475134b2\" data-element_type=\"section\">\n\t\t\t\t\t\t<div class=\"elementor-container elementor-column-gap-default\">\n\t\t\t\t\t<section class=\"elementor-column elementor-col-100 elementor-top-column elementor-element elementor-element-3c0046bf\" data-id=\"3c0046bf\" data-element_type=\"column\">\n\t\t\t<div class=\"elementor-widget-wrap elementor-element-populated\">\n\t\t\t\t\t\t<div class=\"elementor-element elementor-element-20ea2621 elementor-widget elementor-widget-heading\" data-id=\"20ea2621\" data-element_type=\"widget\" data-widget_type=\"heading.default\">\n\t\t\t\t<div class=\"elementor-widget-container\">\n\t\t\t\t\t<h2 class=\"elementor-heading-title elementor-size-default\">COMPLIANCE<\/h2>\t\t\t\t<\/div>\n\t\t\t\t<\/div>\n\t\t\t\t\t<\/div>\n\t\t<\/section>\n\t\t\t\t\t<\/div>\n\t\t<\/section>\n\t\t\t\t<section class=\"elementor-section elementor-top-section elementor-element elementor-element-8d39e83 elementor-section-boxed elementor-section-height-default elementor-section-height-default\" data-id=\"8d39e83\" data-element_type=\"section\">\n\t\t\t\t\t\t<div class=\"elementor-container elementor-column-gap-default\">\n\t\t\t\t\t<div class=\"elementor-column elementor-col-100 elementor-top-column elementor-element elementor-element-126a13b1\" data-id=\"126a13b1\" data-element_type=\"column\">\n\t\t\t<div class=\"elementor-widget-wrap elementor-element-populated\">\n\t\t\t\t\t\t<div class=\"elementor-element elementor-element-73fdd9a4 elementor-widget elementor-widget-text-editor\" data-id=\"73fdd9a4\" data-element_type=\"widget\" data-widget_type=\"text-editor.default\">\n\t\t\t\t<div class=\"elementor-widget-container\">\n\t\t\t\t\t\t\t\t\t<p>A <strong>FADESP<\/strong> mant\u00e9m um rigoroso programa de compliance para garantir a transpar\u00eancia, a integridade e a conformidade de todas as suas opera\u00e7\u00f5es. Nosso programa segue as melhores pr\u00e1ticas nacionais e internacionais de governan\u00e7a, abrangendo diretrizes anticorrup\u00e7\u00e3o, prote\u00e7\u00e3o de dados, responsabilidade socioambiental e gest\u00e3o de riscos. Al\u00e9m disso, contamos com um c\u00f3digo de \u00e9tica que orienta a conduta de nossos colaboradores, parceiros e fornecedores, assegurando que todas as nossas atividades sejam realizadas com compromisso e responsabilidade.<br \/><br \/>Para fortalecer a cultura de integridade, a funda\u00e7\u00e3o tamb\u00e9m investe em treinamentos cont\u00ednuos, auditorias regulares e canais de den\u00fancia seguros e an\u00f4nimos, permitindo que qualquer irregularidade seja identificada e corrigida rapidamente. Nosso compromisso com o compliance n\u00e3o \u00e9 apenas uma obriga\u00e7\u00e3o legal, mas um pilar essencial da nossa atua\u00e7\u00e3o, garantindo que cada projeto desenvolvido contribua para o desenvolvimento sustent\u00e1vel da Amaz\u00f4nia de forma \u00e9tica e transparente.<\/p>\t\t\t\t\t\t\t\t<\/div>\n\t\t\t\t<\/div>\n\t\t\t\t\t<\/div>\n\t\t<\/div>\n\t\t\t\t\t<\/div>\n\t\t<\/section>\n\t\t\t\t<section class=\"elementor-section elementor-top-section elementor-element elementor-element-19dc0080 elementor-section-boxed elementor-section-height-default elementor-section-height-default\" data-id=\"19dc0080\" data-element_type=\"section\">\n\t\t\t\t\t\t<div class=\"elementor-container elementor-column-gap-default\">\n\t\t\t\t\t<div class=\"elementor-column elementor-col-100 elementor-top-column elementor-element elementor-element-79a9ff3d\" data-id=\"79a9ff3d\" data-element_type=\"column\">\n\t\t\t<div class=\"elementor-widget-wrap elementor-element-populated\">\n\t\t\t\t\t\t<div class=\"elementor-element elementor-element-787eb495 elementor-widget elementor-widget-heading\" data-id=\"787eb495\" data-element_type=\"widget\" data-widget_type=\"heading.default\">\n\t\t\t\t<div class=\"elementor-widget-container\">\n\t\t\t\t\t<h2 class=\"elementor-heading-title elementor-size-default\">APRESENTA\u00c7\u00c3O<\/h2>\t\t\t\t<\/div>\n\t\t\t\t<\/div>\n\t\t\t\t<div class=\"elementor-element elementor-element-37d1a264 elementor-widget elementor-widget-eael-adv-accordion\" data-id=\"37d1a264\" data-element_type=\"widget\" data-widget_type=\"eael-adv-accordion.default\">\n\t\t\t\t<div class=\"elementor-widget-container\">\n\t\t\t\t\t        <div class=\"eael-adv-accordion\" id=\"eael-adv-accordion-37d1a264\" data-scroll-on-click=\"no\" data-scroll-speed=\"300\" data-accordion-id=\"37d1a264\" data-accordion-type=\"accordion\" data-toogle-speed=\"300\">\n    <div class=\"eael-accordion-list\">\n                <div id=\"apresentao-informaes-sobre-o-programa\" class=\"elementor-tab-title eael-accordion-header active-default\" tabindex=\"0\" data-tab=\"1\" aria-controls=\"elementor-tab-content-9361\"><svg aria-hidden=\"true\" class=\"fa-toggle e-font-icon-svg e-fas-arrow-right\" viewBox=\"0 0 448 512\" xmlns=\"http:\/\/www.w3.org\/2000\/svg\"><path d=\"M190.5 66.9l22.2-22.2c9.4-9.4 24.6-9.4 33.9 0L441 239c9.4 9.4 9.4 24.6 0 33.9L246.6 467.3c-9.4 9.4-24.6 9.4-33.9 0l-22.2-22.2c-9.5-9.5-9.3-25 .4-34.3L311.4 296H24c-13.3 0-24-10.7-24-24v-32c0-13.3 10.7-24 24-24h287.4L190.9 101.2c-9.8-9.3-10-24.8-.4-34.3z\"><\/path><\/svg><span class=\"eael-accordion-tab-title\">APRESENTA\u00c7\u00c3O | Informa\u00e7\u00f5es sobre o programa<\/span><span class=\"eael-advanced-accordion-icon-closed\"><svg aria-hidden=\"true\" class=\"fa-accordion-icon e-font-icon-svg e-fas-plus\" viewBox=\"0 0 448 512\" xmlns=\"http:\/\/www.w3.org\/2000\/svg\"><path d=\"M416 208H272V64c0-17.67-14.33-32-32-32h-32c-17.67 0-32 14.33-32 32v144H32c-17.67 0-32 14.33-32 32v32c0 17.67 14.33 32 32 32h144v144c0 17.67 14.33 32 32 32h32c17.67 0 32-14.33 32-32V304h144c17.67 0 32-14.33 32-32v-32c0-17.67-14.33-32-32-32z\"><\/path><\/svg><\/span><span class=\"eael-advanced-accordion-icon-opened\"><svg aria-hidden=\"true\" class=\"fa-accordion-icon e-font-icon-svg e-fas-minus\" viewBox=\"0 0 448 512\" xmlns=\"http:\/\/www.w3.org\/2000\/svg\"><path d=\"M416 208H32c-17.67 0-32 14.33-32 32v32c0 17.67 14.33 32 32 32h384c17.67 0 32-14.33 32-32v-32c0-17.67-14.33-32-32-32z\"><\/path><\/svg><\/span><\/div><div id=\"elementor-tab-content-9361\" class=\"eael-accordion-content clearfix active-default\" data-tab=\"1\" aria-labelledby=\"apresentao-informaes-sobre-o-programa\"><p><em>Compliance,<\/em><strong>\u00a0bom para a FADESP. Bom para todos!<\/strong><\/p><p>Aos que n\u00e3o est\u00e3o familiarizados, gostaria de explicar, em linhas gerais, o que \u00e9 um programa de <em>Compliance<\/em>: trata-se do estabelecimento e ado\u00e7\u00e3o de uma s\u00e9rie de pol\u00edticas (normas) para\u00a0 que a FADESP reduza os riscos de inconformidade e crie uma governan\u00e7a ainda mais \u00edntegra e transparente. Com o <em>Compliance<\/em>, \u00a0minimizam-se \u00a0riscos decorrentes \u00e0 condu\u00e7\u00e3o da entidade, por meio de programas internos, cuidadosamente estruturados e ancorados em pr\u00e1ticas de governan\u00e7a corporativa e conformidade.<\/p><p>No ano em que celebramos as quatro d\u00e9cadas e meia de exist\u00eancia da Funda\u00e7\u00e3o de Amparo e Desenvolvimento da Pesquisa \u2013 FADESP, a implanta\u00e7\u00e3o do <em>Compliance<\/em> \u00e9 uma de nossas conquistas mais significativas, por representar, enfim, a consolida\u00e7\u00e3o de um grande programa de integridade.<\/p><p>H\u00e1 que ser dito: um programa de <em>Compliance<\/em> \u00e9 muito importante, porque torna nossa institui\u00e7\u00e3o ainda mais competitiva e mais forte, s\u00f3lida para o futuro, na medida em que os controles internos passam a ser uma cultura de gest\u00e3o. \u00c9 importante para outras entidades parceiras porque garante ainda mais isen\u00e7\u00e3o e profissionalismo nas rela\u00e7\u00f5es interinstitucionais.<\/p><p>Como disse no t\u00edtulo deste texto: \u00e9 bom para a FADESP, \u00e9 bom para todos, porque com o <em>Compliance<\/em>, a FADESP\u00a0 busca desenvolver\u00a0 as melhores pr\u00e1ticas para os relacionamentos com seus colaboradores, com as pessoas das Institui\u00e7\u00f5es apoiadas, com parceiros p\u00fablicos e privados, buscando fortalecer o seu compromisso com o meio ambiente e a Amaz\u00f4nia, que colaborem com a constru\u00e7\u00e3o de uma sociedade socialmente mais justa e de efici\u00eancia na gest\u00e3o de processos administrativos.<\/p><p>E se voc\u00ea chegou at\u00e9 aqui, saiba que este \u00e9 um espa\u00e7o dedicado ao Programa de Integridade \u2013 como nosso <em>Compliance<\/em> \u00e9 chamado, uma vez que re\u00fane documenta\u00e7\u00f5es essenciais ao seu cumprimento, al\u00e9m de ser um canal direto com nossa Controladoria.<\/p><p>Estamos muito orgulhosos desta t\u00e3o relevante etapa em nossa trajet\u00f3ria. Sejam bem-vindos \u00e0 FADESP do futuro.<\/p><p><strong>Roberto Ferraz Barreto<\/strong><\/p><p><strong>Diretor Executivo<\/strong><\/p><\/div>\n                <\/div><\/div>\t\t\t\t<\/div>\n\t\t\t\t<\/div>\n\t\t\t\t\t<\/div>\n\t\t<\/div>\n\t\t\t\t\t<\/div>\n\t\t<\/section>\n\t\t\t\t<section class=\"elementor-section elementor-top-section elementor-element elementor-element-5efd3670 elementor-section-boxed elementor-section-height-default elementor-section-height-default\" data-id=\"5efd3670\" data-element_type=\"section\">\n\t\t\t\t\t\t<div class=\"elementor-container elementor-column-gap-default\">\n\t\t\t\t\t<div class=\"elementor-column elementor-col-100 elementor-top-column elementor-element elementor-element-7af88387\" data-id=\"7af88387\" data-element_type=\"column\">\n\t\t\t<div class=\"elementor-widget-wrap elementor-element-populated\">\n\t\t\t\t\t\t<div class=\"elementor-element elementor-element-d856d14 elementor-widget elementor-widget-heading\" data-id=\"d856d14\" data-element_type=\"widget\" data-widget_type=\"heading.default\">\n\t\t\t\t<div class=\"elementor-widget-container\">\n\t\t\t\t\t<h2 class=\"elementor-heading-title elementor-size-default\">SOBRE C\u00d3DIGO DE CONDUTA E POL\u00cdTICAS<\/h2>\t\t\t\t<\/div>\n\t\t\t\t<\/div>\n\t\t\t\t<div class=\"elementor-element elementor-element-65b44ed3 elementor-widget elementor-widget-eael-adv-accordion\" data-id=\"65b44ed3\" data-element_type=\"widget\" data-widget_type=\"eael-adv-accordion.default\">\n\t\t\t\t<div class=\"elementor-widget-container\">\n\t\t\t\t\t        <div class=\"eael-adv-accordion\" id=\"eael-adv-accordion-65b44ed3\" data-scroll-on-click=\"no\" data-scroll-speed=\"300\" data-accordion-id=\"65b44ed3\" data-accordion-type=\"accordion\" data-toogle-speed=\"300\">\n    <div class=\"eael-accordion-list\">\n                <div id=\"documentos\" class=\"elementor-tab-title eael-accordion-header\" tabindex=\"0\" data-tab=\"1\" aria-controls=\"elementor-tab-content-1701\"><svg aria-hidden=\"true\" class=\"fa-toggle e-font-icon-svg e-fas-arrow-right\" viewBox=\"0 0 448 512\" xmlns=\"http:\/\/www.w3.org\/2000\/svg\"><path d=\"M190.5 66.9l22.2-22.2c9.4-9.4 24.6-9.4 33.9 0L441 239c9.4 9.4 9.4 24.6 0 33.9L246.6 467.3c-9.4 9.4-24.6 9.4-33.9 0l-22.2-22.2c-9.5-9.5-9.3-25 .4-34.3L311.4 296H24c-13.3 0-24-10.7-24-24v-32c0-13.3 10.7-24 24-24h287.4L190.9 101.2c-9.8-9.3-10-24.8-.4-34.3z\"><\/path><\/svg><span class=\"eael-accordion-tab-title\">DOCUMENTOS<\/span><span class=\"eael-advanced-accordion-icon-closed\"><svg aria-hidden=\"true\" class=\"fa-accordion-icon e-font-icon-svg e-fas-plus\" viewBox=\"0 0 448 512\" xmlns=\"http:\/\/www.w3.org\/2000\/svg\"><path d=\"M416 208H272V64c0-17.67-14.33-32-32-32h-32c-17.67 0-32 14.33-32 32v144H32c-17.67 0-32 14.33-32 32v32c0 17.67 14.33 32 32 32h144v144c0 17.67 14.33 32 32 32h32c17.67 0 32-14.33 32-32V304h144c17.67 0 32-14.33 32-32v-32c0-17.67-14.33-32-32-32z\"><\/path><\/svg><\/span><span class=\"eael-advanced-accordion-icon-opened\"><svg aria-hidden=\"true\" class=\"fa-accordion-icon e-font-icon-svg e-fas-minus\" viewBox=\"0 0 448 512\" xmlns=\"http:\/\/www.w3.org\/2000\/svg\"><path d=\"M416 208H32c-17.67 0-32 14.33-32 32v32c0 17.67 14.33 32 32 32h384c17.67 0 32-14.33 32-32v-32c0-17.67-14.33-32-32-32z\"><\/path><\/svg><\/span><\/div><div id=\"elementor-tab-content-1701\" class=\"eael-accordion-content clearfix\" data-tab=\"1\" aria-labelledby=\"documentos\"><ul><li><a href=\"..\/wp-content\/uploads\/2025\/12\/programa-de-integridade-novo.pdf\">Programa de Integridade<\/a><\/li><li><a href=\"..\/wp-content\/uploads\/2025\/12\/codigo-de-conduta-novo.pdf\">C\u00f3digo de Conduta<\/a><\/li><li><a href=\"..\/wp-content\/uploads\/2026\/01\/seguranca_da_informacao.pdf\">Pol\u00edtica de Seguran\u00e7a da Informa\u00e7\u00e3o<\/a><\/li><li><a href=\"..\/wp-content\/uploads\/2025\/12\/politica-antinepotismo-novo.pdf\">Pol\u00edtica Antinepotismo e Preven\u00e7\u00e3o ao Conflito de Interesses<\/a><\/li><li><a href=\"..\/wp-content\/uploads\/2026\/01\/Politica_Anticorrupcao_e_Relacionamento_com_o_Setor_Publico.pdf\">Pol\u00edtica Anticorrup\u00e7\u00e3o e Relacionamento com o Setor P\u00fabico<\/a><\/li><li><a href=\"..\/wp-content\/uploads\/2025\/12\/manual_BoasPraticas_FADESP.pdf\">Manual de Boas Pr\u00e1ticas em Diversidade e Preven\u00e7\u00e3o ao Ass\u00e9dio e outros tipos de Discrimina\u00e7\u00e3o na FADESP<\/a><\/li><\/ul><\/div>\n                <\/div><\/div>\t\t\t\t<\/div>\n\t\t\t\t<\/div>\n\t\t\t\t<div class=\"elementor-element elementor-element-79b5ea9f elementor-widget elementor-widget-heading\" data-id=\"79b5ea9f\" data-element_type=\"widget\" data-widget_type=\"heading.default\">\n\t\t\t\t<div class=\"elementor-widget-container\">\n\t\t\t\t\t<h2 class=\"elementor-heading-title elementor-size-default\">CANAL DE COMUNICA\u00c7\u00c3O\/INTEGRIDADE<\/h2>\t\t\t\t<\/div>\n\t\t\t\t<\/div>\n\t\t\t\t<div class=\"elementor-element elementor-element-599256a elementor-widget elementor-widget-eael-adv-accordion\" data-id=\"599256a\" data-element_type=\"widget\" data-widget_type=\"eael-adv-accordion.default\">\n\t\t\t\t<div class=\"elementor-widget-container\">\n\t\t\t\t\t        <div class=\"eael-adv-accordion\" id=\"eael-adv-accordion-599256a\" data-scroll-on-click=\"no\" data-scroll-speed=\"300\" data-accordion-id=\"599256a\" data-accordion-type=\"accordion\" data-toogle-speed=\"300\">\n    <div class=\"eael-accordion-list\">\n                <div id=\"formulrio-\" class=\"elementor-tab-title eael-accordion-header\" tabindex=\"0\" data-tab=\"1\" aria-controls=\"elementor-tab-content-9391\"><svg aria-hidden=\"true\" class=\"fa-toggle e-font-icon-svg e-fas-arrow-right\" viewBox=\"0 0 448 512\" xmlns=\"http:\/\/www.w3.org\/2000\/svg\"><path d=\"M190.5 66.9l22.2-22.2c9.4-9.4 24.6-9.4 33.9 0L441 239c9.4 9.4 9.4 24.6 0 33.9L246.6 467.3c-9.4 9.4-24.6 9.4-33.9 0l-22.2-22.2c-9.5-9.5-9.3-25 .4-34.3L311.4 296H24c-13.3 0-24-10.7-24-24v-32c0-13.3 10.7-24 24-24h287.4L190.9 101.2c-9.8-9.3-10-24.8-.4-34.3z\"><\/path><\/svg><span class=\"eael-accordion-tab-title\">FORMUL\u00c1RIO <\/span><span class=\"eael-advanced-accordion-icon-closed\"><svg aria-hidden=\"true\" class=\"fa-accordion-icon e-font-icon-svg e-fas-plus\" viewBox=\"0 0 448 512\" xmlns=\"http:\/\/www.w3.org\/2000\/svg\"><path d=\"M416 208H272V64c0-17.67-14.33-32-32-32h-32c-17.67 0-32 14.33-32 32v144H32c-17.67 0-32 14.33-32 32v32c0 17.67 14.33 32 32 32h144v144c0 17.67 14.33 32 32 32h32c17.67 0 32-14.33 32-32V304h144c17.67 0 32-14.33 32-32v-32c0-17.67-14.33-32-32-32z\"><\/path><\/svg><\/span><span class=\"eael-advanced-accordion-icon-opened\"><svg aria-hidden=\"true\" class=\"fa-accordion-icon e-font-icon-svg e-fas-minus\" viewBox=\"0 0 448 512\" xmlns=\"http:\/\/www.w3.org\/2000\/svg\"><path d=\"M416 208H32c-17.67 0-32 14.33-32 32v32c0 17.67 14.33 32 32 32h384c17.67 0 32-14.33 32-32v-32c0-17.67-14.33-32-32-32z\"><\/path><\/svg><\/span><\/div><div id=\"elementor-tab-content-9391\" class=\"eael-accordion-content clearfix\" data-tab=\"1\" aria-labelledby=\"formulrio-\"><div class=\"botaoFormulario\"><p style=\"text-align: center;\"><a href=\"https:\/\/portalfadesp.org.br\/?page_id=42583\"><b>ACESSE O FORMUL\u00c1RIO<\/b><\/a><\/p><\/div><p>\u00a0<\/p><p>A FADESP oferece um Canal de Comunica\u00e7\u00e3o\/Integridade para receber qualquer informa\u00e7\u00e3o relevante sobre condutas &#8211; de colaboradores, diretores, conselheiros, prestadores de servi\u00e7o, fornecedores, financiadores, parceiros e\/ou de qualquer pessoa que atue em nome da Funda\u00e7\u00e3o &#8211; que estejam em desconformidade com o seu Programa de Integridade, o C\u00f3digo de Conduta e as demais pol\u00edticas. Os dados noticiados ser\u00e3o mantidos de forma confidencial e sigilosa.<\/p><\/div>\n                <\/div><\/div>\t\t\t\t<\/div>\n\t\t\t\t<\/div>\n\t\t\t\t\t<\/div>\n\t\t<\/div>\n\t\t\t\t\t<\/div>\n\t\t<\/section>\n\t\t\t\t<\/div>\n\t\t","protected":false},"excerpt":{"rendered":"<p>COMPLIANCE A FADESP mant\u00e9m um rigoroso programa de compliance para garantir a transpar\u00eancia, a integridade e a conformidade de todas as suas opera\u00e7\u00f5es. Nosso programa segue as melhores pr\u00e1ticas nacionais e internacionais de governan\u00e7a, abrangendo diretrizes anticorrup\u00e7\u00e3o, prote\u00e7\u00e3o de dados, responsabilidade socioambiental e gest\u00e3o de riscos. Al\u00e9m disso, contamos com um c\u00f3digo de \u00e9tica que [&hellip;]<\/p>\n","protected":false},"author":9,"featured_media":0,"parent":0,"menu_order":0,"comment_status":"closed","ping_status":"closed","template":"","meta":{"_monsterinsights_skip_tracking":false,"_monsterinsights_sitenote_active":false,"_monsterinsights_sitenote_note":"","_monsterinsights_sitenote_category":0,"footnotes":""},"class_list":["post-41557","page","type-page","status-publish","hentry","entry"],"yoast_head":"<!-- This site is optimized with the Yoast SEO plugin v25.1 - https:\/\/yoast.com\/wordpress\/plugins\/seo\/ -->\n<title>COMPLIANCE - NOVA - FADESP<\/title>\n<meta name=\"robots\" content=\"index, follow, max-snippet:-1, max-image-preview:large, max-video-preview:-1\" \/>\n<link rel=\"canonical\" href=\"https:\/\/portalfadesp.org.br\/?page_id=41557\" \/>\n<meta property=\"og:locale\" content=\"pt_BR\" \/>\n<meta property=\"og:type\" content=\"article\" \/>\n<meta property=\"og:title\" content=\"COMPLIANCE - NOVA - FADESP\" \/>\n<meta property=\"og:description\" content=\"COMPLIANCE A FADESP mant\u00e9m um rigoroso programa de compliance para garantir a transpar\u00eancia, a integridade e a conformidade de todas as suas opera\u00e7\u00f5es. Nosso programa segue as melhores pr\u00e1ticas nacionais e internacionais de governan\u00e7a, abrangendo diretrizes anticorrup\u00e7\u00e3o, prote\u00e7\u00e3o de dados, responsabilidade socioambiental e gest\u00e3o de riscos. Al\u00e9m disso, contamos com um c\u00f3digo de \u00e9tica que [&hellip;]\" \/>\n<meta property=\"og:url\" content=\"https:\/\/portalfadesp.org.br\/?page_id=41557\" \/>\n<meta property=\"og:site_name\" content=\"FADESP\" \/>\n<meta property=\"article:publisher\" content=\"https:\/\/www.facebook.com\/Fadesp-138351949524662\/\" \/>\n<meta property=\"article:modified_time\" content=\"2026-01-13T14:15:16+00:00\" \/>\n<meta name=\"twitter:card\" content=\"summary_large_image\" \/>\n<meta name=\"twitter:site\" content=\"@Fadesp\" \/>\n<meta name=\"twitter:label1\" content=\"Est. tempo de leitura\" \/>\n\t<meta name=\"twitter:data1\" content=\"4 minutos\" \/>\n<script type=\"application\/ld+json\" class=\"yoast-schema-graph\">{\"@context\":\"https:\/\/schema.org\",\"@graph\":[{\"@type\":\"WebPage\",\"@id\":\"https:\/\/portalfadesp.org.br\/?page_id=41557\",\"url\":\"https:\/\/portalfadesp.org.br\/?page_id=41557\",\"name\":\"COMPLIANCE - NOVA - FADESP\",\"isPartOf\":{\"@id\":\"https:\/\/portalfadesp.org.br\/#website\"},\"datePublished\":\"2023-06-28T18:03:29+00:00\",\"dateModified\":\"2026-01-13T14:15:16+00:00\",\"breadcrumb\":{\"@id\":\"https:\/\/portalfadesp.org.br\/?page_id=41557#breadcrumb\"},\"inLanguage\":\"pt-BR\",\"potentialAction\":[{\"@type\":\"ReadAction\",\"target\":[\"https:\/\/portalfadesp.org.br\/?page_id=41557\"]}]},{\"@type\":\"BreadcrumbList\",\"@id\":\"https:\/\/portalfadesp.org.br\/?page_id=41557#breadcrumb\",\"itemListElement\":[{\"@type\":\"ListItem\",\"position\":1,\"name\":\"In\u00edcio\",\"item\":\"https:\/\/portalfadesp.org.br\/\"},{\"@type\":\"ListItem\",\"position\":2,\"name\":\"COMPLIANCE &#8211; NOVA\"}]},{\"@type\":\"WebSite\",\"@id\":\"https:\/\/portalfadesp.org.br\/#website\",\"url\":\"https:\/\/portalfadesp.org.br\/\",\"name\":\"FADESP\",\"description\":\"Funda\u00e7\u00e3o de Amparo e Desenvolvimento da Pesquisa\",\"publisher\":{\"@id\":\"https:\/\/portalfadesp.org.br\/#organization\"},\"potentialAction\":[{\"@type\":\"SearchAction\",\"target\":{\"@type\":\"EntryPoint\",\"urlTemplate\":\"https:\/\/portalfadesp.org.br\/?s={search_term_string}\"},\"query-input\":{\"@type\":\"PropertyValueSpecification\",\"valueRequired\":true,\"valueName\":\"search_term_string\"}}],\"inLanguage\":\"pt-BR\"},{\"@type\":\"Organization\",\"@id\":\"https:\/\/portalfadesp.org.br\/#organization\",\"name\":\"FADESP\",\"url\":\"https:\/\/portalfadesp.org.br\/\",\"logo\":{\"@type\":\"ImageObject\",\"inLanguage\":\"pt-BR\",\"@id\":\"https:\/\/portalfadesp.org.br\/#\/schema\/logo\/image\/\",\"url\":\"https:\/\/portalfadesp.org.br\/wp-content\/uploads\/2024\/01\/NOVOLOGOFADESPlaranjaH.png\",\"contentUrl\":\"https:\/\/portalfadesp.org.br\/wp-content\/uploads\/2024\/01\/NOVOLOGOFADESPlaranjaH.png\",\"width\":2742,\"height\":839,\"caption\":\"FADESP\"},\"image\":{\"@id\":\"https:\/\/portalfadesp.org.br\/#\/schema\/logo\/image\/\"},\"sameAs\":[\"https:\/\/www.facebook.com\/Fadesp-138351949524662\/\",\"https:\/\/x.com\/Fadesp\",\"https:\/\/www.instagram.com\/fadesp_ufpa\/\",\"https:\/\/www.youtube.com\/@fundacaodeamparoedesenvolv1903\",\"https:\/\/www.threads.net\/@fadesp_ufpa\"]}]}<\/script>\n<!-- \/ Yoast SEO plugin. -->","yoast_head_json":{"title":"COMPLIANCE - NOVA - FADESP","robots":{"index":"index","follow":"follow","max-snippet":"max-snippet:-1","max-image-preview":"max-image-preview:large","max-video-preview":"max-video-preview:-1"},"canonical":"https:\/\/portalfadesp.org.br\/?page_id=41557","og_locale":"pt_BR","og_type":"article","og_title":"COMPLIANCE - NOVA - FADESP","og_description":"COMPLIANCE A FADESP mant\u00e9m um rigoroso programa de compliance para garantir a transpar\u00eancia, a integridade e a conformidade de todas as suas opera\u00e7\u00f5es. Nosso programa segue as melhores pr\u00e1ticas nacionais e internacionais de governan\u00e7a, abrangendo diretrizes anticorrup\u00e7\u00e3o, prote\u00e7\u00e3o de dados, responsabilidade socioambiental e gest\u00e3o de riscos. Al\u00e9m disso, contamos com um c\u00f3digo de \u00e9tica que [&hellip;]","og_url":"https:\/\/portalfadesp.org.br\/?page_id=41557","og_site_name":"FADESP","article_publisher":"https:\/\/www.facebook.com\/Fadesp-138351949524662\/","article_modified_time":"2026-01-13T14:15:16+00:00","twitter_card":"summary_large_image","twitter_site":"@Fadesp","twitter_misc":{"Est. tempo de leitura":"4 minutos"},"schema":{"@context":"https:\/\/schema.org","@graph":[{"@type":"WebPage","@id":"https:\/\/portalfadesp.org.br\/?page_id=41557","url":"https:\/\/portalfadesp.org.br\/?page_id=41557","name":"COMPLIANCE - NOVA - FADESP","isPartOf":{"@id":"https:\/\/portalfadesp.org.br\/#website"},"datePublished":"2023-06-28T18:03:29+00:00","dateModified":"2026-01-13T14:15:16+00:00","breadcrumb":{"@id":"https:\/\/portalfadesp.org.br\/?page_id=41557#breadcrumb"},"inLanguage":"pt-BR","potentialAction":[{"@type":"ReadAction","target":["https:\/\/portalfadesp.org.br\/?page_id=41557"]}]},{"@type":"BreadcrumbList","@id":"https:\/\/portalfadesp.org.br\/?page_id=41557#breadcrumb","itemListElement":[{"@type":"ListItem","position":1,"name":"In\u00edcio","item":"https:\/\/portalfadesp.org.br\/"},{"@type":"ListItem","position":2,"name":"COMPLIANCE &#8211; NOVA"}]},{"@type":"WebSite","@id":"https:\/\/portalfadesp.org.br\/#website","url":"https:\/\/portalfadesp.org.br\/","name":"FADESP","description":"Funda\u00e7\u00e3o de Amparo e Desenvolvimento da Pesquisa","publisher":{"@id":"https:\/\/portalfadesp.org.br\/#organization"},"potentialAction":[{"@type":"SearchAction","target":{"@type":"EntryPoint","urlTemplate":"https:\/\/portalfadesp.org.br\/?s={search_term_string}"},"query-input":{"@type":"PropertyValueSpecification","valueRequired":true,"valueName":"search_term_string"}}],"inLanguage":"pt-BR"},{"@type":"Organization","@id":"https:\/\/portalfadesp.org.br\/#organization","name":"FADESP","url":"https:\/\/portalfadesp.org.br\/","logo":{"@type":"ImageObject","inLanguage":"pt-BR","@id":"https:\/\/portalfadesp.org.br\/#\/schema\/logo\/image\/","url":"https:\/\/portalfadesp.org.br\/wp-content\/uploads\/2024\/01\/NOVOLOGOFADESPlaranjaH.png","contentUrl":"https:\/\/portalfadesp.org.br\/wp-content\/uploads\/2024\/01\/NOVOLOGOFADESPlaranjaH.png","width":2742,"height":839,"caption":"FADESP"},"image":{"@id":"https:\/\/portalfadesp.org.br\/#\/schema\/logo\/image\/"},"sameAs":["https:\/\/www.facebook.com\/Fadesp-138351949524662\/","https:\/\/x.com\/Fadesp","https:\/\/www.instagram.com\/fadesp_ufpa\/","https:\/\/www.youtube.com\/@fundacaodeamparoedesenvolv1903","https:\/\/www.threads.net\/@fadesp_ufpa"]}]}},"_links":{"self":[{"href":"https:\/\/portalfadesp.org.br\/index.php?rest_route=\/wp\/v2\/pages\/41557","targetHints":{"allow":["GET"]}}],"collection":[{"href":"https:\/\/portalfadesp.org.br\/index.php?rest_route=\/wp\/v2\/pages"}],"about":[{"href":"https:\/\/portalfadesp.org.br\/index.php?rest_route=\/wp\/v2\/types\/page"}],"author":[{"embeddable":true,"href":"https:\/\/portalfadesp.org.br\/index.php?rest_route=\/wp\/v2\/users\/9"}],"replies":[{"embeddable":true,"href":"https:\/\/portalfadesp.org.br\/index.php?rest_route=%2Fwp%2Fv2%2Fcomments&post=41557"}],"version-history":[{"count":85,"href":"https:\/\/portalfadesp.org.br\/index.php?rest_route=\/wp\/v2\/pages\/41557\/revisions"}],"predecessor-version":[{"id":53282,"href":"https:\/\/portalfadesp.org.br\/index.php?rest_route=\/wp\/v2\/pages\/41557\/revisions\/53282"}],"wp:attachment":[{"href":"https:\/\/portalfadesp.org.br\/index.php?rest_route=%2Fwp%2Fv2%2Fmedia&parent=41557"}],"curies":[{"name":"wp","href":"https:\/\/api.w.org\/{rel}","templated":true}]}}