{"id":35627,"date":"2022-12-01T16:13:58","date_gmt":"2022-12-01T19:13:58","guid":{"rendered":"https:\/\/162.215.13.167?page_id=35627"},"modified":"2023-01-11T11:49:50","modified_gmt":"2023-01-11T14:49:50","slug":"pagina_modelo-19-12-18","status":"publish","type":"page","link":"https:\/\/portalfadesp.org.br\/?page_id=35627","title":{"rendered":"Processo Seletivo P\u00fablico Simplificado da Prefeitura Municipal de Novo Progresso &#8211; 2022 (On-line)"},"content":{"rendered":"\t\t<div data-elementor-type=\"wp-post\" data-elementor-id=\"35627\" class=\"elementor elementor-35627\" data-elementor-post-type=\"page\">\n\t\t\t\t\t\t<section class=\"elementor-section elementor-top-section elementor-element elementor-element-1f2996d1 elementor-section-boxed elementor-section-height-default elementor-section-height-default\" data-id=\"1f2996d1\" data-element_type=\"section\">\n\t\t\t\t\t\t<div class=\"elementor-container elementor-column-gap-default\">\n\t\t\t\t\t<div class=\"elementor-column elementor-col-100 elementor-top-column elementor-element elementor-element-59a4b3f8\" data-id=\"59a4b3f8\" data-element_type=\"column\">\n\t\t\t<div class=\"elementor-widget-wrap elementor-element-populated\">\n\t\t\t\t\t\t<div class=\"elementor-element elementor-element-799471af elementor-widget elementor-widget-heading\" data-id=\"799471af\" data-element_type=\"widget\" data-widget_type=\"heading.default\">\n\t\t\t\t<div class=\"elementor-widget-container\">\n\t\t\t\t\t<h2 class=\"elementor-heading-title elementor-size-default\">Processo Seletivo P\u00fablico Simplificado da Prefeitura Municipal de Novo Progresso - 2022 (On-line)<\/h2>\t\t\t\t<\/div>\n\t\t\t\t<\/div>\n\t\t\t\t<section class=\"elementor-section elementor-inner-section elementor-element elementor-element-336311f elementor-section-boxed elementor-section-height-default elementor-section-height-default\" data-id=\"336311f\" data-element_type=\"section\">\n\t\t\t\t\t\t<div class=\"elementor-container elementor-column-gap-default\">\n\t\t\t\t\t<div class=\"elementor-column elementor-col-50 elementor-inner-column elementor-element elementor-element-75ca0dc3\" data-id=\"75ca0dc3\" data-element_type=\"column\">\n\t\t\t<div class=\"elementor-widget-wrap elementor-element-populated\">\n\t\t\t\t\t\t<div class=\"elementor-element elementor-element-425a3096 elementor-widget elementor-widget-text-editor\" data-id=\"425a3096\" data-element_type=\"widget\" data-widget_type=\"text-editor.default\">\n\t\t\t\t<div class=\"elementor-widget-container\">\n\t\t\t\t\t\t\t\t\t<p style=\"font-weight: 400;\">A Prefeitura Municipal de Novo Progresso torna p\u00fablica a realiza\u00e7\u00e3o do\u00a0<strong>Processo Seletivo P\u00fablico Simplificado, de forma on-line,<\/strong>\u00a0destinado ao preenchimento de vagas do quadro de servidores da Prefeitura, para atua\u00e7\u00e3o na \u00e1rea rural e urbana do munic\u00edpio.\u00a0As normas do Processo Seletivo P\u00fablico, o n\u00famero de vagas, a s\u00edntese das atividades, o n\u00edvel de escolaridade exigida, os requisitos para investidura nos cargos, bem como o sal\u00e1rio base e seus anexos, encontram-se no Edital de Abertura.\u00a0<\/p><p style=\"font-weight: 400;\"><strong>Vagas<\/strong>:\u00a0<\/p><p>&#8211; N\u00edvel Fundamental Incompleto = 164 + cadastro reserva.<br \/>&#8211; N\u00edvel Fundamental Completo = 30 + cadastro reserva<br \/>&#8211; N\u00edvel M\u00e9dio = 115 + cadastro <br \/>&#8211; N\u00edvel Superior = 49 + cadastro reserva<\/p><p style=\"font-weight: 400;\">&#8211; Isen\u00e7\u00e3o da taxa para PcD = 02 a 05\/12\/2022\u00a0<\/p><p style=\"font-weight: 400;\">&#8211; Inscri\u00e7\u00f5es =\u00a002\/12\/2022\u00a0a 15\/12\/2022<\/p><p style=\"font-weight: 400;\">&#8211; \u00daltimo dia de pagamento: 16\/12\/2022<\/p><p style=\"font-weight: 400;\">&#8211; Postagem on-line de documentos (Anexo III) =\u00a002\/12\/2022\u00a0a 15\/12\/2022<\/p>\t\t\t\t\t\t\t\t<\/div>\n\t\t\t\t<\/div>\n\t\t\t\t\t<\/div>\n\t\t<\/div>\n\t\t\t\t<div class=\"elementor-column elementor-col-50 elementor-inner-column elementor-element elementor-element-79608089\" data-id=\"79608089\" data-element_type=\"column\">\n\t\t\t<div class=\"elementor-widget-wrap elementor-element-populated\">\n\t\t\t\t\t\t<div class=\"elementor-element elementor-element-7ccac55 elementor-widget elementor-widget-text-editor\" data-id=\"7ccac55\" data-element_type=\"widget\" data-widget_type=\"text-editor.default\">\n\t\t\t\t<div class=\"elementor-widget-container\">\n\t\t\t\t\t\t\t\t\t<p><strong>Avisos<\/strong><\/p>\t\t\t\t\t\t\t\t<\/div>\n\t\t\t\t<\/div>\n\t\t\t\t<div class=\"elementor-element elementor-element-948b6b3 elementor-widget elementor-widget-text-editor\" data-id=\"948b6b3\" data-element_type=\"widget\" data-widget_type=\"text-editor.default\">\n\t\t\t\t<div class=\"elementor-widget-container\">\n\t\t\t\t\t\t\t\t\t<p>https:\/\/publicacoesmunicipais.com.br\/eatos\/novoprogresso<\/p><p>Munic\u00edpio de Novo Progresso &#8211; e Atos<br \/>Edi\u00e7\u00e3o 978. 05\/01\/2023. DEZ 22 . Munic\u00edpio de Novo Progresso<\/p><p><a href=\"http:\/\/publicacoesmunicipais.com.br\">publicacoesmunicipais.com.br<\/a><\/p><p><div class=\"oceanwp-oembed-wrap clr\"><blockquote class=\"wp-embedded-content\" data-secret=\"qD2MtMY53N\"><a href=\"https:\/\/novoprogresso.pa.gov.br\/processo-seletivo-publico-simplificado-inscricoes-abertas-de-02-a-15-de-dezembro\/\">PROCESSO SELETIVO P\u00daBLICO SIMPLIFICADO 001\/2022 PARA PROVIMENTO DE VAGAS TEMPOR\u00c1RIAS PARA O ANO DE 2023<\/a><\/blockquote><iframe class=\"wp-embedded-content\" sandbox=\"allow-scripts\" security=\"restricted\" style=\"position: absolute; clip: rect(1px, 1px, 1px, 1px);\" title=\"&#8220;PROCESSO SELETIVO P\u00daBLICO SIMPLIFICADO 001\/2022 PARA PROVIMENTO DE VAGAS TEMPOR\u00c1RIAS PARA O ANO DE 2023&#8221; &#8212; Prefeitura Municipal de Novo Progresso | Gest\u00e3o 2021-2024\" src=\"https:\/\/novoprogresso.pa.gov.br\/processo-seletivo-publico-simplificado-inscricoes-abertas-de-02-a-15-de-dezembro\/embed\/#?secret=0Iea7KeVon#?secret=qD2MtMY53N\" data-secret=\"qD2MtMY53N\" width=\"600\" height=\"338\" frameborder=\"0\" marginwidth=\"0\" marginheight=\"0\" scrolling=\"no\"><\/iframe><\/div><\/p><p>PROCESSO SELETIVO P\u00daBLICO SIMPLIFICADO 001\/2022 PARA PROVIMENTO DE VAGAS TEMPOR\u00c1RIAS PARA O ANO DE 2023 &#8211; Prefeitura Municipal de Novo Progresso | Gest\u00e3o 2021-2024<br \/>Os editais de convoca\u00e7\u00f5es estar\u00e3o disponibilizados no Di\u00e1rio Oficial da Prefeitura. Para acompanhar, verifique diariamente o Di\u00e1rio Municipal. PARA ACESSAR O DI\u00c1RIO OFICIAL DA PREFEITURA CLIQUE AQUI PARA ACESSAR O RESULTADO DO PROCESSO SELETIVO <a href=\"http:\/\/novoprogresso.pa.gov.br\">CLIQUE AQUI<\/a><\/p>\t\t\t\t\t\t\t\t<\/div>\n\t\t\t\t<\/div>\n\t\t\t\t<div class=\"elementor-element elementor-element-a381210 elementor-widget elementor-widget-text-editor\" data-id=\"a381210\" data-element_type=\"widget\" data-widget_type=\"text-editor.default\">\n\t\t\t\t<div class=\"elementor-widget-container\">\n\t\t\t\t\t\t\t\t\t<div class=\"botaoBug\" style=\"margin-bottom: 10px;\"><a href=\"http:\/\/concursos2.fadesp.org.br\/prefeitura\/2022\/novo-progresso\/web\/index.php\"><b>Resposta dos Recursos (clique aqui)<\/b><\/a><\/div>\n<div><\/div>\n<div>\n\n<strong>ATEN\u00c7\u00c3O \u2013 SOMENTE PARA AOS CANDIDATOS DE CARGOS DE N\u00cdVEL SUPERIOR<\/strong>\n\nO programa de inscri\u00e7\u00f5es do PSS \u2013 Novo Progresso foi atualizado a partir de hoje, (05\/12\/2022), somente para os cargos de n\u00edvel superior, para permitir a inclus\u00e3o de novos documentos comprobat\u00f3rios. Se for o caso, voc\u00ea dever\u00e1 acessar sua inscri\u00e7\u00e3o com seu CPF e senha para o procedimento das devidas inclus\u00f5es dos documentos relacionados\n1. Participa\u00e7\u00e3o em cursos de aperfei\u00e7oamento;\n2. Participa\u00e7\u00e3o em confer\u00eancias, congressos, simp\u00f3sios ou jornadas pedag\u00f3gicas;\n3. Tempo de Servi\u00e7o &#8211; Na Administra\u00e7\u00e3o P\u00fablica Direta ou Indireta; e\/ou,\n4. Tempo de Servi\u00e7o &#8211; Setor Privado.\n\nSetor de Concurso e Sele\u00e7\u00f5es &#8211; FADESP\n\n<\/div>\t\t\t\t\t\t\t\t<\/div>\n\t\t\t\t<\/div>\n\t\t\t\t<div class=\"elementor-element elementor-element-e501b11 elementor-widget elementor-widget-text-editor\" data-id=\"e501b11\" data-element_type=\"widget\" data-widget_type=\"text-editor.default\">\n\t\t\t\t<div class=\"elementor-widget-container\">\n\t\t\t\t\t\t\t\t\t<p><strong>Editais\u00a0<\/strong><\/p>\t\t\t\t\t\t\t\t<\/div>\n\t\t\t\t<\/div>\n\t\t\t\t<div class=\"elementor-element elementor-element-368e568 elementor-widget elementor-widget-text-editor\" data-id=\"368e568\" data-element_type=\"widget\" data-widget_type=\"text-editor.default\">\n\t\t\t\t<div class=\"elementor-widget-container\">\n\t\t\t\t\t\t\t\t\t<p style=\"text-align: center;\">N\u00edvel Superior &#8211; Resultado Definitivo da Avalia\u00e7\u00e3o de Documentos, de 05\/01\/2023<br \/><a href=\"http:\/\/concursos2.fadesp.org.br\/prefeitura\/2022\/novo-progresso\/arquivos\/N\u00edvel Superior - Resultado Definitivo da Avalia\u00e7\u00e3o de Documentos.pdf\"><strong>(Clique Aqui)<\/strong><\/a><\/p><p style=\"text-align: center;\">N\u00edvel M\u00e9dio &#8211; Resultado Definitivo da Avalia\u00e7\u00e3o de Documentos, de 05\/01\/2023<br \/><a href=\"http:\/\/concursos2.fadesp.org.br\/prefeitura\/2022\/novo-progresso\/arquivos\/N\u00edvel M\u00e9dio - Resultado Definitivo da Avalia\u00e7\u00e3o de Documentos.pdf\"><strong>(Clique Aqui)<\/strong><\/a><\/p><p style=\"text-align: center;\">N\u00edvel Fundamental Completo &#8211; Resultado Definitivo da Avalia\u00e7\u00e3o de Documentos, de 05\/01\/2023<br \/><a href=\"http:\/\/concursos2.fadesp.org.br\/prefeitura\/2022\/novo-progresso\/arquivos\/N\u00edvel Fundamental Completo - Resultado Definitivo da Avalia\u00e7\u00e3o de Documentos.pdf\"><strong>(Clique Aqui)<\/strong><\/a><\/p><p style=\"text-align: center;\">N\u00edvel Fundamental Incompleto &#8211; Resultado Definitivo da Avalia\u00e7\u00e3o de Documentos, de 05\/01\/2023<br \/><a href=\"http:\/\/concursos2.fadesp.org.br\/prefeitura\/2022\/novo-progresso\/arquivos\/N\u00edvel Fundamental Incompleto - Resultado Definitivo da Avalia\u00e7\u00e3o de Documentos.pdf\"><strong>(Clique Aqui)<\/strong><\/a><\/p><p style=\"text-align: center;\">N\u00edvel Superior &#8211; Resultado Preliminar da Avalia\u00e7\u00e3o de Documentos, de 28\/12\/2022<br \/><a href=\"http:\/\/concursos2.fadesp.org.br\/prefeitura\/2022\/novo-progresso\/arquivos\/N\u00edvel Superior - Resultado Preliminar da Avalia\u00e7\u00e3o de Documentos.pdf\"><strong>(Clique Aqui)<\/strong><\/a><\/p><p style=\"text-align: center;\">N\u00edvel M\u00e9dio &#8211; Resultado Preliminar da Avalia\u00e7\u00e3o de Documentos, de 28\/12\/2022<br \/><a href=\"http:\/\/concursos2.fadesp.org.br\/prefeitura\/2022\/novo-progresso\/arquivos\/N\u00edvel M\u00e9dio - Resultado Preliminar da Avalia\u00e7\u00e3o de Documentos.pdf\"><strong>(Clique Aqui)<\/strong><\/a><\/p><p style=\"text-align: center;\">N\u00edvel Fundamental Completo &#8211; Resultado Preliminar da Avalia\u00e7\u00e3o de Documentos, de 28\/12\/2022<br \/><a href=\"http:\/\/concursos2.fadesp.org.br\/prefeitura\/2022\/novo-progresso\/arquivos\/N\u00edvel Fundamental Completo - Resultado Preliminar da Avalia\u00e7\u00e3o de Documentos.pdf\"><strong>(Clique Aqui)<\/strong><\/a><\/p><p style=\"text-align: center;\">N\u00edvel Fundamental Incompleto &#8211; Resultado Preliminar da Avalia\u00e7\u00e3o de Documentos, de 28\/12\/2022<br \/><a href=\"http:\/\/concursos2.fadesp.org.br\/prefeitura\/2022\/novo-progresso\/arquivos\/N\u00edvel Fundamental Incompleto - Resultado Preliminar da Avalia\u00e7\u00e3o de Documentos.pdf\"><strong>(Clique Aqui)<\/strong><\/a><\/p><p style=\"text-align: center;\">Resultado Definitivo de Inscri\u00e7\u00f5es Homologadas, de 23\/12\/2022<br \/><a href=\"http:\/\/concursos2.fadesp.org.br\/prefeitura\/2022\/novo-progresso\/arquivos\/Resultado Definitivo de Inscri\u00e7\u00f5es Homologadas.pdf\"><strong>(Clique Aqui)<\/strong><\/a><\/p><p style=\"text-align: center;\">Resultado Definitivo de Concorr\u00eantes como PcD, de 23\/12\/2022<br \/><a href=\"http:\/\/concursos2.fadesp.org.br\/prefeitura\/2022\/novo-progresso\/arquivos\/Resultado Definitivo de Concorr\u00eantes como PcD.pdf\"><strong>(Clique Aqui)<\/strong><\/a><\/p><p style=\"text-align: center;\">Resultado Preliminar de Inscri\u00e7\u00f5es Homologadas, de 20\/12\/2022<br \/><a href=\"http:\/\/concursos2.fadesp.org.br\/prefeitura\/2022\/novo-progresso\/arquivos\/Resultado Preliminar de Inscri\u00e7\u00f5es Homologadas.pdf\"><strong>(Clique Aqui)<\/strong><\/a><\/p><p style=\"text-align: center;\">Resultado Preliminar de Concorr\u00eantes como PcD, de 20\/12\/2022<br \/><a href=\"http:\/\/concursos2.fadesp.org.br\/prefeitura\/2022\/novo-progresso\/arquivos\/Resultado Preliminar de Concorr\u00eantes como PcD.pdf\"><strong>(Clique Aqui)<\/strong><\/a><\/p><p style=\"text-align: center;\">Resultado Definitivo de Isen\u00e7\u00e3o de Taxa de Inscri\u00e7\u00e3o para PcD, de 14\/12\/2022<br \/><a href=\"http:\/\/concursos2.fadesp.org.br\/prefeitura\/2022\/novo-progresso\/arquivos\/Resultado Definitivo de Isen\u00e7\u00e3o de Taxa de Inscri\u00e7\u00e3o para PcD.pdf\"><strong>(Clique Aqui)<\/strong><\/a><\/p><p style=\"text-align: center;\">Di\u00e1rio Oficial do Municipio de Novo Progresso, de 09\/12\/2022<br \/><a href=\"http:\/\/concursos2.fadesp.org.br\/prefeitura\/2022\/novo-progresso\/arquivos\/Di\u00e1rio Oficial do Municipio de Novo Progresso - 09_12_2022.pdf\"><strong>(Clique Aqui)<\/strong><\/a><\/p><p style=\"text-align: center;\">Primeira Errata do Edital n\u00b0 01\/2022, de 09\/12\/2022<br \/><a href=\"http:\/\/concursos2.fadesp.org.br\/prefeitura\/2022\/novo-progresso\/arquivos\/Primeira Errata do Edital n\u00b0 01_2022.pdf\"><strong>(Clique Aqui)<\/strong><\/a><\/p><p style=\"text-align: center;\">Resultado Preliminar de Isen\u00e7\u00e3o de Taxa de Inscri\u00e7\u00e3o para PcD, de 07\/12\/2022 <a href=\"http:\/\/concursos2.fadesp.org.br\/prefeitura\/2022\/novo-progresso\/arquivos\/Resultado Preliminar de Isen\u00e7\u00e3o de Taxa de Inscri\u00e7\u00e3o para PcD.pdf\"><b>(Clique Aqui)<\/b><\/a><\/p><p style=\"text-align: center;\">Edital de Abertura n\u00ba 01\/2022, de 01\/12\/2022 <a href=\"http:\/\/concursos2.fadesp.org.br\/prefeitura\/2022\/novo-progresso\/arquivos\/Edital n \u00b0 01_2022_PMNP.pdf\"><b>(Clique Aqui)<\/b><\/a><\/p><p style=\"text-align: center;\">Orienta\u00e7\u00f5es Importantes sobre Elimina\u00e7\u00f5es <a href=\"http:\/\/concursos2.fadesp.org.br\/prefeitura\/2022\/novo-progresso\/arquivos\/Orienta\u00e7\u00f5es Importantes sobre Elimina\u00e7\u00f5es.pdf\"><b>(Clique Aqui)<\/b><\/a><\/p><p style=\"text-align: center;\">Tabela de Cargos <a href=\"http:\/\/concursos2.fadesp.org.br\/prefeitura\/2022\/novo-progresso\/arquivos\/Tabela%20de%20Cargos.pdf\"><b>(Clique Aqui)<\/b><\/a><\/p>\t\t\t\t\t\t\t\t<\/div>\n\t\t\t\t<\/div>\n\t\t\t\t\t<\/div>\n\t\t<\/div>\n\t\t\t\t\t<\/div>\n\t\t<\/section>\n\t\t\t\t\t<\/div>\n\t\t<\/div>\n\t\t\t\t\t<\/div>\n\t\t<\/section>\n\t\t\t\t<\/div>\n\t\t","protected":false},"excerpt":{"rendered":"<p>Processo Seletivo P\u00fablico Simplificado da Prefeitura Municipal de Novo Progresso &#8211; 2022 (On-line) A Prefeitura Municipal de Novo Progresso torna p\u00fablica a realiza\u00e7\u00e3o do\u00a0Processo Seletivo P\u00fablico Simplificado, de forma on-line,\u00a0destinado ao preenchimento de vagas do quadro de servidores da Prefeitura, para atua\u00e7\u00e3o na \u00e1rea rural e urbana do munic\u00edpio.\u00a0As normas do Processo Seletivo P\u00fablico, o [&hellip;]<\/p>\n","protected":false},"author":12,"featured_media":0,"parent":329,"menu_order":0,"comment_status":"closed","ping_status":"closed","template":"","meta":{"_monsterinsights_skip_tracking":false,"_monsterinsights_sitenote_active":false,"_monsterinsights_sitenote_note":"","_monsterinsights_sitenote_category":0,"footnotes":""},"class_list":["post-35627","page","type-page","status-publish","hentry","entry"],"yoast_head":"<!-- This site is optimized with the Yoast SEO plugin v25.1 - https:\/\/yoast.com\/wordpress\/plugins\/seo\/ -->\n<title>Processo Seletivo P\u00fablico Simplificado da Prefeitura Municipal de Novo Progresso - 2022 (On-line) - FADESP<\/title>\n<meta name=\"robots\" content=\"index, follow, max-snippet:-1, max-image-preview:large, max-video-preview:-1\" \/>\n<link rel=\"canonical\" href=\"https:\/\/portalfadesp.org.br\/?page_id=35627\" \/>\n<meta property=\"og:locale\" content=\"pt_BR\" \/>\n<meta property=\"og:type\" content=\"article\" \/>\n<meta property=\"og:title\" content=\"Processo Seletivo P\u00fablico Simplificado da Prefeitura Municipal de Novo Progresso - 2022 (On-line) - FADESP\" \/>\n<meta property=\"og:description\" content=\"Processo Seletivo P\u00fablico Simplificado da Prefeitura Municipal de Novo Progresso &#8211; 2022 (On-line) A Prefeitura Municipal de Novo Progresso torna p\u00fablica a realiza\u00e7\u00e3o do\u00a0Processo Seletivo P\u00fablico Simplificado, de forma on-line,\u00a0destinado ao preenchimento de vagas do quadro de servidores da Prefeitura, para atua\u00e7\u00e3o na \u00e1rea rural e urbana do munic\u00edpio.\u00a0As normas do Processo Seletivo P\u00fablico, o [&hellip;]\" \/>\n<meta property=\"og:url\" content=\"https:\/\/portalfadesp.org.br\/?page_id=35627\" \/>\n<meta property=\"og:site_name\" content=\"FADESP\" \/>\n<meta property=\"article:publisher\" content=\"https:\/\/www.facebook.com\/Fadesp-138351949524662\/\" \/>\n<meta property=\"article:modified_time\" content=\"2023-01-11T14:49:50+00:00\" \/>\n<meta name=\"twitter:card\" content=\"summary_large_image\" \/>\n<meta name=\"twitter:site\" content=\"@Fadesp\" \/>\n<meta name=\"twitter:label1\" content=\"Est. tempo de leitura\" \/>\n\t<meta name=\"twitter:data1\" content=\"3 minutos\" \/>\n<script type=\"application\/ld+json\" class=\"yoast-schema-graph\">{\"@context\":\"https:\/\/schema.org\",\"@graph\":[{\"@type\":\"WebPage\",\"@id\":\"https:\/\/portalfadesp.org.br\/?page_id=35627\",\"url\":\"https:\/\/portalfadesp.org.br\/?page_id=35627\",\"name\":\"Processo Seletivo P\u00fablico Simplificado da Prefeitura Municipal de Novo Progresso - 2022 (On-line) - FADESP\",\"isPartOf\":{\"@id\":\"https:\/\/portalfadesp.org.br\/#website\"},\"datePublished\":\"2022-12-01T19:13:58+00:00\",\"dateModified\":\"2023-01-11T14:49:50+00:00\",\"breadcrumb\":{\"@id\":\"https:\/\/portalfadesp.org.br\/?page_id=35627#breadcrumb\"},\"inLanguage\":\"pt-BR\",\"potentialAction\":[{\"@type\":\"ReadAction\",\"target\":[\"https:\/\/portalfadesp.org.br\/?page_id=35627\"]}]},{\"@type\":\"BreadcrumbList\",\"@id\":\"https:\/\/portalfadesp.org.br\/?page_id=35627#breadcrumb\",\"itemListElement\":[{\"@type\":\"ListItem\",\"position\":1,\"name\":\"In\u00edcio\",\"item\":\"https:\/\/portalfadesp.org.br\/\"},{\"@type\":\"ListItem\",\"position\":2,\"name\":\"Concursos &#8211; Homologados\",\"item\":\"https:\/\/portalfadesp.org.br\/?page_id=329\"},{\"@type\":\"ListItem\",\"position\":3,\"name\":\"Processo Seletivo P\u00fablico Simplificado da Prefeitura Municipal de Novo Progresso &#8211; 2022 (On-line)\"}]},{\"@type\":\"WebSite\",\"@id\":\"https:\/\/portalfadesp.org.br\/#website\",\"url\":\"https:\/\/portalfadesp.org.br\/\",\"name\":\"FADESP\",\"description\":\"Funda\u00e7\u00e3o de Amparo e Desenvolvimento da Pesquisa\",\"publisher\":{\"@id\":\"https:\/\/portalfadesp.org.br\/#organization\"},\"potentialAction\":[{\"@type\":\"SearchAction\",\"target\":{\"@type\":\"EntryPoint\",\"urlTemplate\":\"https:\/\/portalfadesp.org.br\/?s={search_term_string}\"},\"query-input\":{\"@type\":\"PropertyValueSpecification\",\"valueRequired\":true,\"valueName\":\"search_term_string\"}}],\"inLanguage\":\"pt-BR\"},{\"@type\":\"Organization\",\"@id\":\"https:\/\/portalfadesp.org.br\/#organization\",\"name\":\"FADESP\",\"url\":\"https:\/\/portalfadesp.org.br\/\",\"logo\":{\"@type\":\"ImageObject\",\"inLanguage\":\"pt-BR\",\"@id\":\"https:\/\/portalfadesp.org.br\/#\/schema\/logo\/image\/\",\"url\":\"https:\/\/portalfadesp.org.br\/wp-content\/uploads\/2024\/01\/NOVOLOGOFADESPlaranjaH.png\",\"contentUrl\":\"https:\/\/portalfadesp.org.br\/wp-content\/uploads\/2024\/01\/NOVOLOGOFADESPlaranjaH.png\",\"width\":2742,\"height\":839,\"caption\":\"FADESP\"},\"image\":{\"@id\":\"https:\/\/portalfadesp.org.br\/#\/schema\/logo\/image\/\"},\"sameAs\":[\"https:\/\/www.facebook.com\/Fadesp-138351949524662\/\",\"https:\/\/x.com\/Fadesp\",\"https:\/\/www.instagram.com\/fadesp_ufpa\/\",\"https:\/\/www.youtube.com\/@fundacaodeamparoedesenvolv1903\",\"https:\/\/www.threads.net\/@fadesp_ufpa\"]}]}<\/script>\n<!-- \/ Yoast SEO plugin. -->","yoast_head_json":{"title":"Processo Seletivo P\u00fablico Simplificado da Prefeitura Municipal de Novo Progresso - 2022 (On-line) - FADESP","robots":{"index":"index","follow":"follow","max-snippet":"max-snippet:-1","max-image-preview":"max-image-preview:large","max-video-preview":"max-video-preview:-1"},"canonical":"https:\/\/portalfadesp.org.br\/?page_id=35627","og_locale":"pt_BR","og_type":"article","og_title":"Processo Seletivo P\u00fablico Simplificado da Prefeitura Municipal de Novo Progresso - 2022 (On-line) - FADESP","og_description":"Processo Seletivo P\u00fablico Simplificado da Prefeitura Municipal de Novo Progresso &#8211; 2022 (On-line) A Prefeitura Municipal de Novo Progresso torna p\u00fablica a realiza\u00e7\u00e3o do\u00a0Processo Seletivo P\u00fablico Simplificado, de forma on-line,\u00a0destinado ao preenchimento de vagas do quadro de servidores da Prefeitura, para atua\u00e7\u00e3o na \u00e1rea rural e urbana do munic\u00edpio.\u00a0As normas do Processo Seletivo P\u00fablico, o [&hellip;]","og_url":"https:\/\/portalfadesp.org.br\/?page_id=35627","og_site_name":"FADESP","article_publisher":"https:\/\/www.facebook.com\/Fadesp-138351949524662\/","article_modified_time":"2023-01-11T14:49:50+00:00","twitter_card":"summary_large_image","twitter_site":"@Fadesp","twitter_misc":{"Est. tempo de leitura":"3 minutos"},"schema":{"@context":"https:\/\/schema.org","@graph":[{"@type":"WebPage","@id":"https:\/\/portalfadesp.org.br\/?page_id=35627","url":"https:\/\/portalfadesp.org.br\/?page_id=35627","name":"Processo Seletivo P\u00fablico Simplificado da Prefeitura Municipal de Novo Progresso - 2022 (On-line) - FADESP","isPartOf":{"@id":"https:\/\/portalfadesp.org.br\/#website"},"datePublished":"2022-12-01T19:13:58+00:00","dateModified":"2023-01-11T14:49:50+00:00","breadcrumb":{"@id":"https:\/\/portalfadesp.org.br\/?page_id=35627#breadcrumb"},"inLanguage":"pt-BR","potentialAction":[{"@type":"ReadAction","target":["https:\/\/portalfadesp.org.br\/?page_id=35627"]}]},{"@type":"BreadcrumbList","@id":"https:\/\/portalfadesp.org.br\/?page_id=35627#breadcrumb","itemListElement":[{"@type":"ListItem","position":1,"name":"In\u00edcio","item":"https:\/\/portalfadesp.org.br\/"},{"@type":"ListItem","position":2,"name":"Concursos &#8211; Homologados","item":"https:\/\/portalfadesp.org.br\/?page_id=329"},{"@type":"ListItem","position":3,"name":"Processo Seletivo P\u00fablico Simplificado da Prefeitura Municipal de Novo Progresso &#8211; 2022 (On-line)"}]},{"@type":"WebSite","@id":"https:\/\/portalfadesp.org.br\/#website","url":"https:\/\/portalfadesp.org.br\/","name":"FADESP","description":"Funda\u00e7\u00e3o de Amparo e Desenvolvimento da Pesquisa","publisher":{"@id":"https:\/\/portalfadesp.org.br\/#organization"},"potentialAction":[{"@type":"SearchAction","target":{"@type":"EntryPoint","urlTemplate":"https:\/\/portalfadesp.org.br\/?s={search_term_string}"},"query-input":{"@type":"PropertyValueSpecification","valueRequired":true,"valueName":"search_term_string"}}],"inLanguage":"pt-BR"},{"@type":"Organization","@id":"https:\/\/portalfadesp.org.br\/#organization","name":"FADESP","url":"https:\/\/portalfadesp.org.br\/","logo":{"@type":"ImageObject","inLanguage":"pt-BR","@id":"https:\/\/portalfadesp.org.br\/#\/schema\/logo\/image\/","url":"https:\/\/portalfadesp.org.br\/wp-content\/uploads\/2024\/01\/NOVOLOGOFADESPlaranjaH.png","contentUrl":"https:\/\/portalfadesp.org.br\/wp-content\/uploads\/2024\/01\/NOVOLOGOFADESPlaranjaH.png","width":2742,"height":839,"caption":"FADESP"},"image":{"@id":"https:\/\/portalfadesp.org.br\/#\/schema\/logo\/image\/"},"sameAs":["https:\/\/www.facebook.com\/Fadesp-138351949524662\/","https:\/\/x.com\/Fadesp","https:\/\/www.instagram.com\/fadesp_ufpa\/","https:\/\/www.youtube.com\/@fundacaodeamparoedesenvolv1903","https:\/\/www.threads.net\/@fadesp_ufpa"]}]}},"_links":{"self":[{"href":"https:\/\/portalfadesp.org.br\/index.php?rest_route=\/wp\/v2\/pages\/35627","targetHints":{"allow":["GET"]}}],"collection":[{"href":"https:\/\/portalfadesp.org.br\/index.php?rest_route=\/wp\/v2\/pages"}],"about":[{"href":"https:\/\/portalfadesp.org.br\/index.php?rest_route=\/wp\/v2\/types\/page"}],"author":[{"embeddable":true,"href":"https:\/\/portalfadesp.org.br\/index.php?rest_route=\/wp\/v2\/users\/12"}],"replies":[{"embeddable":true,"href":"https:\/\/portalfadesp.org.br\/index.php?rest_route=%2Fwp%2Fv2%2Fcomments&post=35627"}],"version-history":[{"count":74,"href":"https:\/\/portalfadesp.org.br\/index.php?rest_route=\/wp\/v2\/pages\/35627\/revisions"}],"predecessor-version":[{"id":39395,"href":"https:\/\/portalfadesp.org.br\/index.php?rest_route=\/wp\/v2\/pages\/35627\/revisions\/39395"}],"up":[{"embeddable":true,"href":"https:\/\/portalfadesp.org.br\/index.php?rest_route=\/wp\/v2\/pages\/329"}],"wp:attachment":[{"href":"https:\/\/portalfadesp.org.br\/index.php?rest_route=%2Fwp%2Fv2%2Fmedia&parent=35627"}],"curies":[{"name":"wp","href":"https:\/\/api.w.org\/{rel}","templated":true}]}}