{"id":34668,"date":"2022-11-01T16:28:23","date_gmt":"2022-11-01T19:28:23","guid":{"rendered":"https:\/\/162.215.13.167?page_id=34668"},"modified":"2023-01-11T11:45:20","modified_gmt":"2023-01-11T14:45:20","slug":"pagina_modelo-19-13-18","status":"publish","type":"page","link":"https:\/\/portalfadesp.org.br\/?page_id=34668","title":{"rendered":"Curso de Licenciatura em Educa\u00e7\u00e3o do Campo &#8211; PSE UFPA ALTAMIRA (2022-5)"},"content":{"rendered":"\t\t<div data-elementor-type=\"wp-post\" data-elementor-id=\"34668\" class=\"elementor elementor-34668\" data-elementor-post-type=\"page\">\n\t\t\t\t\t\t<section class=\"elementor-section elementor-top-section elementor-element elementor-element-1f2996d1 elementor-section-boxed elementor-section-height-default elementor-section-height-default\" data-id=\"1f2996d1\" data-element_type=\"section\">\n\t\t\t\t\t\t<div class=\"elementor-container elementor-column-gap-default\">\n\t\t\t\t\t<div class=\"elementor-column elementor-col-100 elementor-top-column elementor-element elementor-element-59a4b3f8\" data-id=\"59a4b3f8\" data-element_type=\"column\">\n\t\t\t<div class=\"elementor-widget-wrap elementor-element-populated\">\n\t\t\t\t\t\t<div class=\"elementor-element elementor-element-799471af elementor-widget elementor-widget-heading\" data-id=\"799471af\" data-element_type=\"widget\" data-widget_type=\"heading.default\">\n\t\t\t\t<div class=\"elementor-widget-container\">\n\t\t\t\t\t<h2 class=\"elementor-heading-title elementor-size-default\">Curso de Licenciatura em Educa\u00e7\u00e3o do Campo - PSE UFPA ALTAMIRA (2022-5) <\/h2>\t\t\t\t<\/div>\n\t\t\t\t<\/div>\n\t\t\t\t<section class=\"elementor-section elementor-inner-section elementor-element elementor-element-336311f elementor-section-boxed elementor-section-height-default elementor-section-height-default\" data-id=\"336311f\" data-element_type=\"section\">\n\t\t\t\t\t\t<div class=\"elementor-container elementor-column-gap-default\">\n\t\t\t\t\t<div class=\"elementor-column elementor-col-50 elementor-inner-column elementor-element elementor-element-75ca0dc3\" data-id=\"75ca0dc3\" data-element_type=\"column\">\n\t\t\t<div class=\"elementor-widget-wrap elementor-element-populated\">\n\t\t\t\t\t\t<div class=\"elementor-element elementor-element-425a3096 elementor-widget elementor-widget-text-editor\" data-id=\"425a3096\" data-element_type=\"widget\" data-widget_type=\"text-editor.default\">\n\t\t\t\t<div class=\"elementor-widget-container\">\n\t\t\t\t\t\t\t\t\t<p>A Universidade Federal do Par\u00e1 \u2013 UFPA, por meio da Comiss\u00e3o Permanente de Processos Seletivos (COPERPS), torna p\u00fablica a abertura de inscri\u00e7\u00f5es e as normas que regem o Processo Seletivo Especial do ano de 2022-5 (PSE 2022-5), destinado ao preenchimento de vagas para candidatos(as) para o Curso de Licenciatura em Educa\u00e7\u00e3o do Campo, para o\u00a0 ano de 2023, oferecido pela Universidade Federal do Par\u00e1, nos termos da Resolu\u00e7\u00e3o n. 5.577 de 27 de outubro de 2022, do Conselho Superior de Ensino, Pesquisa e Extens\u00e3o (CONSEPE\/UFPA), da Lei n\u00ba 9.394\/1996, que disp\u00f5e sobre as Diretrizes e Bases da Educa\u00e7\u00e3o Nacional demais legisla\u00e7\u00f5es vigentes e mediante as condi\u00e7\u00f5es estabelecidas neste Edital.<\/p><p><b>Pr\u00e9-requisitos:\u00a0<\/b><\/p><p>&#8211; O PSE 2022-5 \u00e9 destinado, unicamente, a candidatos(as) com inscri\u00e7\u00e3o homologada j\u00e1 aprovados(as) no PSE 2022-4.<\/p><p>&#8211;\u00a0<span style=\"font-family: Calibri, sans-serif; font-size: 12pt; text-align: justify;\">O objetivo do Processo Seletivo Especial 2022-5 (PSE 2022-5) \u00e9 de selecionar candidatos(as) para ocupar as vagas ofertadas e n\u00e3o preenchidas no PSE 2022-4 vinculadas ao Campus de Altamira para o polo de Porto de Moz.<\/span><\/p><p><strong>Vagas:<\/strong> 40 (quarenta)<\/p><p><strong>Per\u00edodo de Inscri\u00e7\u00e3o: <\/strong>08\/11\/2022 a 21\/11\/2022<\/p><p><strong><span lang=\"PT\" style=\"font-size: 12.0pt; font-family: 'Calibri',sans-serif; mso-fareast-font-family: Calibri; mso-ansi-language: PT; mso-fareast-language: PT-BR; mso-bidi-language: AR-SA;\">N\u00e3o haver\u00e1 cobran\u00e7a de taxa de inscri\u00e7\u00e3o no PSE 2022-5.<\/span><\/strong><\/p>\t\t\t\t\t\t\t\t<\/div>\n\t\t\t\t<\/div>\n\t\t\t\t\t<\/div>\n\t\t<\/div>\n\t\t\t\t<div class=\"elementor-column elementor-col-50 elementor-inner-column elementor-element elementor-element-79608089\" data-id=\"79608089\" data-element_type=\"column\">\n\t\t\t<div class=\"elementor-widget-wrap elementor-element-populated\">\n\t\t\t\t\t\t<div class=\"elementor-element elementor-element-7ccac55 elementor-widget elementor-widget-text-editor\" data-id=\"7ccac55\" data-element_type=\"widget\" data-widget_type=\"text-editor.default\">\n\t\t\t\t<div class=\"elementor-widget-container\">\n\t\t\t\t\t\t\t\t\t<p><strong>Avisos<\/strong><\/p>\t\t\t\t\t\t\t\t<\/div>\n\t\t\t\t<\/div>\n\t\t\t\t<div class=\"elementor-element elementor-element-c119a3d elementor-widget elementor-widget-text-editor\" data-id=\"c119a3d\" data-element_type=\"widget\" data-widget_type=\"text-editor.default\">\n\t\t\t\t<div class=\"elementor-widget-container\">\n\t\t\t\t\t\t\t\t\t<div class=\"botaoBug\" style=\"margin-bottom: 10px;\"><a href=\"http:\/\/concursos2.fadesp.org.br\/psufpaec2022\/web\/index.php\"><b>\u00c1rea do Candidato (clique aqui)<\/b><\/a><\/div>\t\t\t\t\t\t\t\t<\/div>\n\t\t\t\t<\/div>\n\t\t\t\t<div class=\"elementor-element elementor-element-b7afea7 elementor-widget elementor-widget-text-editor\" data-id=\"b7afea7\" data-element_type=\"widget\" data-widget_type=\"text-editor.default\">\n\t\t\t\t<div class=\"elementor-widget-container\">\n\t\t\t\t\t\t\t\t\t<p><strong>Editais\u00a0<\/strong><\/p>\t\t\t\t\t\t\t\t<\/div>\n\t\t\t\t<\/div>\n\t\t\t\t<div class=\"elementor-element elementor-element-368e568 elementor-widget elementor-widget-text-editor\" data-id=\"368e568\" data-element_type=\"widget\" data-widget_type=\"text-editor.default\">\n\t\t\t\t<div class=\"elementor-widget-container\">\n\t\t\t\t\t\t\t\t\t<p style=\"text-align: center;\">Resultado Final Definitivo, de 20\/12\/2022 <a href=\"http:\/\/concursos2.fadesp.org.br\/psufpaec2022\/arquivos\/Resultado Final Definitivo do PSE 2022-5 Educa\u00e7\u00e3o do Campo.pdf\">(<strong>Clique aqui)<\/strong><\/a><\/p>\n<p style=\"text-align: center;\">Resultado Final Preliminar, de 14\/12\/2022 <a href=\"http:\/\/concursos2.fadesp.org.br\/psufpaec2022\/arquivos\/Resultado Final Preliminar do PSE 2022-5 Educa\u00e7\u00e3o do Campo.pdf\">(<strong>Clique aqui)<\/strong><\/a><\/p>\n<p style=\"text-align: center;\">Resultado Definitivo das Inscri\u00e7\u00f5es Homologadas, de 12\/12\/2022 <a href=\"http:\/\/concursos2.fadesp.org.br\/psufpaec2022\/arquivos\/Resultado Definitivo das Inscri\u00e7\u00f5es Homologadas.pdf\">(<strong>Clique aqui)<\/strong><\/a><\/p>\n<p style=\"text-align: center;\">Resultado Preliminar das Inscri\u00e7\u00f5es Homologadas, de 30\/11\/2022 <a href=\"http:\/\/concursos2.fadesp.org.br\/psufpaec2022\/arquivos\/Resultado Preliminar das Inscri\u00e7\u00f5es Homologadas.pdf\">(<strong>Clique aqui)<\/strong><\/a><\/p>\n<p style=\"text-align: center;\">Edital de Abertura n\u00ba 06\/2022, de 01\/11\/2022 <a href=\"http:\/\/concursos2.fadesp.org.br\/psufpaec2022\/arquivos\/Edital%20N%C2%BA%2006_2022_UFPA%20-%20PSE%202022-5.pdf\">(<strong>Clique aqui)<\/strong><\/a><\/p>\t\t\t\t\t\t\t\t<\/div>\n\t\t\t\t<\/div>\n\t\t\t\t\t<\/div>\n\t\t<\/div>\n\t\t\t\t\t<\/div>\n\t\t<\/section>\n\t\t\t\t\t<\/div>\n\t\t<\/div>\n\t\t\t\t\t<\/div>\n\t\t<\/section>\n\t\t\t\t<\/div>\n\t\t","protected":false},"excerpt":{"rendered":"<p>Curso de Licenciatura em Educa\u00e7\u00e3o do Campo &#8211; PSE UFPA ALTAMIRA (2022-5) A Universidade Federal do Par\u00e1 \u2013 UFPA, por meio da Comiss\u00e3o Permanente de Processos Seletivos (COPERPS), torna p\u00fablica a abertura de inscri\u00e7\u00f5es e as normas que regem o Processo Seletivo Especial do ano de 2022-5 (PSE 2022-5), destinado ao preenchimento de vagas para [&hellip;]<\/p>\n","protected":false},"author":12,"featured_media":0,"parent":329,"menu_order":0,"comment_status":"closed","ping_status":"closed","template":"","meta":{"_monsterinsights_skip_tracking":false,"_monsterinsights_sitenote_active":false,"_monsterinsights_sitenote_note":"","_monsterinsights_sitenote_category":0,"footnotes":""},"class_list":["post-34668","page","type-page","status-publish","hentry","entry"],"yoast_head":"<!-- This site is optimized with the Yoast SEO plugin v25.1 - https:\/\/yoast.com\/wordpress\/plugins\/seo\/ -->\n<title>Curso de Licenciatura em Educa\u00e7\u00e3o do Campo - PSE UFPA ALTAMIRA (2022-5) - FADESP<\/title>\n<meta name=\"robots\" content=\"index, follow, max-snippet:-1, max-image-preview:large, max-video-preview:-1\" \/>\n<link rel=\"canonical\" href=\"https:\/\/portalfadesp.org.br\/?page_id=34668\" \/>\n<meta property=\"og:locale\" content=\"pt_BR\" \/>\n<meta property=\"og:type\" content=\"article\" \/>\n<meta property=\"og:title\" content=\"Curso de Licenciatura em Educa\u00e7\u00e3o do Campo - PSE UFPA ALTAMIRA (2022-5) - FADESP\" \/>\n<meta property=\"og:description\" content=\"Curso de Licenciatura em Educa\u00e7\u00e3o do Campo &#8211; PSE UFPA ALTAMIRA (2022-5) A Universidade Federal do Par\u00e1 \u2013 UFPA, por meio da Comiss\u00e3o Permanente de Processos Seletivos (COPERPS), torna p\u00fablica a abertura de inscri\u00e7\u00f5es e as normas que regem o Processo Seletivo Especial do ano de 2022-5 (PSE 2022-5), destinado ao preenchimento de vagas para [&hellip;]\" \/>\n<meta property=\"og:url\" content=\"https:\/\/portalfadesp.org.br\/?page_id=34668\" \/>\n<meta property=\"og:site_name\" content=\"FADESP\" \/>\n<meta property=\"article:publisher\" content=\"https:\/\/www.facebook.com\/Fadesp-138351949524662\/\" \/>\n<meta property=\"article:modified_time\" content=\"2023-01-11T14:45:20+00:00\" \/>\n<meta name=\"twitter:card\" content=\"summary_large_image\" \/>\n<meta name=\"twitter:site\" content=\"@Fadesp\" \/>\n<meta name=\"twitter:label1\" content=\"Est. tempo de leitura\" \/>\n\t<meta name=\"twitter:data1\" content=\"1 minuto\" \/>\n<script type=\"application\/ld+json\" class=\"yoast-schema-graph\">{\"@context\":\"https:\/\/schema.org\",\"@graph\":[{\"@type\":\"WebPage\",\"@id\":\"https:\/\/portalfadesp.org.br\/?page_id=34668\",\"url\":\"https:\/\/portalfadesp.org.br\/?page_id=34668\",\"name\":\"Curso de Licenciatura em Educa\u00e7\u00e3o do Campo - PSE UFPA ALTAMIRA (2022-5) - FADESP\",\"isPartOf\":{\"@id\":\"https:\/\/portalfadesp.org.br\/#website\"},\"datePublished\":\"2022-11-01T19:28:23+00:00\",\"dateModified\":\"2023-01-11T14:45:20+00:00\",\"breadcrumb\":{\"@id\":\"https:\/\/portalfadesp.org.br\/?page_id=34668#breadcrumb\"},\"inLanguage\":\"pt-BR\",\"potentialAction\":[{\"@type\":\"ReadAction\",\"target\":[\"https:\/\/portalfadesp.org.br\/?page_id=34668\"]}]},{\"@type\":\"BreadcrumbList\",\"@id\":\"https:\/\/portalfadesp.org.br\/?page_id=34668#breadcrumb\",\"itemListElement\":[{\"@type\":\"ListItem\",\"position\":1,\"name\":\"In\u00edcio\",\"item\":\"https:\/\/portalfadesp.org.br\/\"},{\"@type\":\"ListItem\",\"position\":2,\"name\":\"Concursos &#8211; Homologados\",\"item\":\"https:\/\/portalfadesp.org.br\/?page_id=329\"},{\"@type\":\"ListItem\",\"position\":3,\"name\":\"Curso de Licenciatura em Educa\u00e7\u00e3o do Campo &#8211; PSE UFPA ALTAMIRA (2022-5)\"}]},{\"@type\":\"WebSite\",\"@id\":\"https:\/\/portalfadesp.org.br\/#website\",\"url\":\"https:\/\/portalfadesp.org.br\/\",\"name\":\"FADESP\",\"description\":\"Funda\u00e7\u00e3o de Amparo e Desenvolvimento da Pesquisa\",\"publisher\":{\"@id\":\"https:\/\/portalfadesp.org.br\/#organization\"},\"potentialAction\":[{\"@type\":\"SearchAction\",\"target\":{\"@type\":\"EntryPoint\",\"urlTemplate\":\"https:\/\/portalfadesp.org.br\/?s={search_term_string}\"},\"query-input\":{\"@type\":\"PropertyValueSpecification\",\"valueRequired\":true,\"valueName\":\"search_term_string\"}}],\"inLanguage\":\"pt-BR\"},{\"@type\":\"Organization\",\"@id\":\"https:\/\/portalfadesp.org.br\/#organization\",\"name\":\"FADESP\",\"url\":\"https:\/\/portalfadesp.org.br\/\",\"logo\":{\"@type\":\"ImageObject\",\"inLanguage\":\"pt-BR\",\"@id\":\"https:\/\/portalfadesp.org.br\/#\/schema\/logo\/image\/\",\"url\":\"https:\/\/portalfadesp.org.br\/wp-content\/uploads\/2024\/01\/NOVOLOGOFADESPlaranjaH.png\",\"contentUrl\":\"https:\/\/portalfadesp.org.br\/wp-content\/uploads\/2024\/01\/NOVOLOGOFADESPlaranjaH.png\",\"width\":2742,\"height\":839,\"caption\":\"FADESP\"},\"image\":{\"@id\":\"https:\/\/portalfadesp.org.br\/#\/schema\/logo\/image\/\"},\"sameAs\":[\"https:\/\/www.facebook.com\/Fadesp-138351949524662\/\",\"https:\/\/x.com\/Fadesp\",\"https:\/\/www.instagram.com\/fadesp_ufpa\/\",\"https:\/\/www.youtube.com\/@fundacaodeamparoedesenvolv1903\",\"https:\/\/www.threads.net\/@fadesp_ufpa\"]}]}<\/script>\n<!-- \/ Yoast SEO plugin. -->","yoast_head_json":{"title":"Curso de Licenciatura em Educa\u00e7\u00e3o do Campo - PSE UFPA ALTAMIRA (2022-5) - FADESP","robots":{"index":"index","follow":"follow","max-snippet":"max-snippet:-1","max-image-preview":"max-image-preview:large","max-video-preview":"max-video-preview:-1"},"canonical":"https:\/\/portalfadesp.org.br\/?page_id=34668","og_locale":"pt_BR","og_type":"article","og_title":"Curso de Licenciatura em Educa\u00e7\u00e3o do Campo - PSE UFPA ALTAMIRA (2022-5) - FADESP","og_description":"Curso de Licenciatura em Educa\u00e7\u00e3o do Campo &#8211; PSE UFPA ALTAMIRA (2022-5) A Universidade Federal do Par\u00e1 \u2013 UFPA, por meio da Comiss\u00e3o Permanente de Processos Seletivos (COPERPS), torna p\u00fablica a abertura de inscri\u00e7\u00f5es e as normas que regem o Processo Seletivo Especial do ano de 2022-5 (PSE 2022-5), destinado ao preenchimento de vagas para [&hellip;]","og_url":"https:\/\/portalfadesp.org.br\/?page_id=34668","og_site_name":"FADESP","article_publisher":"https:\/\/www.facebook.com\/Fadesp-138351949524662\/","article_modified_time":"2023-01-11T14:45:20+00:00","twitter_card":"summary_large_image","twitter_site":"@Fadesp","twitter_misc":{"Est. tempo de leitura":"1 minuto"},"schema":{"@context":"https:\/\/schema.org","@graph":[{"@type":"WebPage","@id":"https:\/\/portalfadesp.org.br\/?page_id=34668","url":"https:\/\/portalfadesp.org.br\/?page_id=34668","name":"Curso de Licenciatura em Educa\u00e7\u00e3o do Campo - PSE UFPA ALTAMIRA (2022-5) - FADESP","isPartOf":{"@id":"https:\/\/portalfadesp.org.br\/#website"},"datePublished":"2022-11-01T19:28:23+00:00","dateModified":"2023-01-11T14:45:20+00:00","breadcrumb":{"@id":"https:\/\/portalfadesp.org.br\/?page_id=34668#breadcrumb"},"inLanguage":"pt-BR","potentialAction":[{"@type":"ReadAction","target":["https:\/\/portalfadesp.org.br\/?page_id=34668"]}]},{"@type":"BreadcrumbList","@id":"https:\/\/portalfadesp.org.br\/?page_id=34668#breadcrumb","itemListElement":[{"@type":"ListItem","position":1,"name":"In\u00edcio","item":"https:\/\/portalfadesp.org.br\/"},{"@type":"ListItem","position":2,"name":"Concursos &#8211; Homologados","item":"https:\/\/portalfadesp.org.br\/?page_id=329"},{"@type":"ListItem","position":3,"name":"Curso de Licenciatura em Educa\u00e7\u00e3o do Campo &#8211; PSE UFPA ALTAMIRA (2022-5)"}]},{"@type":"WebSite","@id":"https:\/\/portalfadesp.org.br\/#website","url":"https:\/\/portalfadesp.org.br\/","name":"FADESP","description":"Funda\u00e7\u00e3o de Amparo e Desenvolvimento da Pesquisa","publisher":{"@id":"https:\/\/portalfadesp.org.br\/#organization"},"potentialAction":[{"@type":"SearchAction","target":{"@type":"EntryPoint","urlTemplate":"https:\/\/portalfadesp.org.br\/?s={search_term_string}"},"query-input":{"@type":"PropertyValueSpecification","valueRequired":true,"valueName":"search_term_string"}}],"inLanguage":"pt-BR"},{"@type":"Organization","@id":"https:\/\/portalfadesp.org.br\/#organization","name":"FADESP","url":"https:\/\/portalfadesp.org.br\/","logo":{"@type":"ImageObject","inLanguage":"pt-BR","@id":"https:\/\/portalfadesp.org.br\/#\/schema\/logo\/image\/","url":"https:\/\/portalfadesp.org.br\/wp-content\/uploads\/2024\/01\/NOVOLOGOFADESPlaranjaH.png","contentUrl":"https:\/\/portalfadesp.org.br\/wp-content\/uploads\/2024\/01\/NOVOLOGOFADESPlaranjaH.png","width":2742,"height":839,"caption":"FADESP"},"image":{"@id":"https:\/\/portalfadesp.org.br\/#\/schema\/logo\/image\/"},"sameAs":["https:\/\/www.facebook.com\/Fadesp-138351949524662\/","https:\/\/x.com\/Fadesp","https:\/\/www.instagram.com\/fadesp_ufpa\/","https:\/\/www.youtube.com\/@fundacaodeamparoedesenvolv1903","https:\/\/www.threads.net\/@fadesp_ufpa"]}]}},"_links":{"self":[{"href":"https:\/\/portalfadesp.org.br\/index.php?rest_route=\/wp\/v2\/pages\/34668","targetHints":{"allow":["GET"]}}],"collection":[{"href":"https:\/\/portalfadesp.org.br\/index.php?rest_route=\/wp\/v2\/pages"}],"about":[{"href":"https:\/\/portalfadesp.org.br\/index.php?rest_route=\/wp\/v2\/types\/page"}],"author":[{"embeddable":true,"href":"https:\/\/portalfadesp.org.br\/index.php?rest_route=\/wp\/v2\/users\/12"}],"replies":[{"embeddable":true,"href":"https:\/\/portalfadesp.org.br\/index.php?rest_route=%2Fwp%2Fv2%2Fcomments&post=34668"}],"version-history":[{"count":40,"href":"https:\/\/portalfadesp.org.br\/index.php?rest_route=\/wp\/v2\/pages\/34668\/revisions"}],"predecessor-version":[{"id":37583,"href":"https:\/\/portalfadesp.org.br\/index.php?rest_route=\/wp\/v2\/pages\/34668\/revisions\/37583"}],"up":[{"embeddable":true,"href":"https:\/\/portalfadesp.org.br\/index.php?rest_route=\/wp\/v2\/pages\/329"}],"wp:attachment":[{"href":"https:\/\/portalfadesp.org.br\/index.php?rest_route=%2Fwp%2Fv2%2Fmedia&parent=34668"}],"curies":[{"name":"wp","href":"https:\/\/api.w.org\/{rel}","templated":true}]}}