{"id":32955,"date":"2022-10-14T16:42:00","date_gmt":"2022-10-14T19:42:00","guid":{"rendered":"https:\/\/portalfadesp2.fadesp.org.br\/?page_id=32955"},"modified":"2022-10-21T11:53:34","modified_gmt":"2022-10-21T14:53:34","slug":"pagina_modelo-19-12-14-16-17-18","status":"publish","type":"page","link":"https:\/\/portalfadesp.org.br\/?page_id=32955","title":{"rendered":"Doutorado em Neuroci\u00eancias e Biologia Celular &#8211; PPGNBC\/ICB\/UFPA (2022)"},"content":{"rendered":"\t\t<div data-elementor-type=\"wp-post\" data-elementor-id=\"32955\" class=\"elementor elementor-32955\" data-elementor-post-type=\"page\">\n\t\t\t\t\t\t<section class=\"elementor-section elementor-top-section elementor-element elementor-element-b6c49d9 elementor-section-boxed elementor-section-height-default elementor-section-height-default\" data-id=\"b6c49d9\" data-element_type=\"section\">\n\t\t\t\t\t\t<div class=\"elementor-container elementor-column-gap-default\">\n\t\t\t\t\t<div class=\"elementor-column elementor-col-100 elementor-top-column elementor-element elementor-element-2ab42c2\" data-id=\"2ab42c2\" data-element_type=\"column\">\n\t\t\t<div class=\"elementor-widget-wrap elementor-element-populated\">\n\t\t\t\t\t\t<div class=\"elementor-element elementor-element-8576aa3 elementor-widget elementor-widget-heading\" data-id=\"8576aa3\" data-element_type=\"widget\" data-widget_type=\"heading.default\">\n\t\t\t\t<div class=\"elementor-widget-container\">\n\t\t\t\t\t<h2 class=\"elementor-heading-title elementor-size-default\">Doutorado em Neuroci\u00eancias e Biologia Celular - PPGNBC\/ICB\/UFPA (2022)<\/h2>\t\t\t\t<\/div>\n\t\t\t\t<\/div>\n\t\t\t\t<section class=\"elementor-section elementor-inner-section elementor-element elementor-element-cd6428c elementor-section-boxed elementor-section-height-default elementor-section-height-default\" data-id=\"cd6428c\" data-element_type=\"section\">\n\t\t\t\t\t\t<div class=\"elementor-container elementor-column-gap-default\">\n\t\t\t\t\t<div class=\"elementor-column elementor-col-50 elementor-inner-column elementor-element elementor-element-5d017c2\" data-id=\"5d017c2\" data-element_type=\"column\">\n\t\t\t<div class=\"elementor-widget-wrap elementor-element-populated\">\n\t\t\t\t\t\t<div class=\"elementor-element elementor-element-9ffa621 elementor-widget elementor-widget-text-editor\" data-id=\"9ffa621\" data-element_type=\"widget\" data-widget_type=\"text-editor.default\">\n\t\t\t\t<div class=\"elementor-widget-container\">\n\t\t\t\t\t\t\t\t\t<p>O Programa de P\u00f3s-Gradua\u00e7\u00e3o em Neuroci\u00eancias e Biologia Celular do Instituto de Ci\u00eancias Biol\u00f3gicas da Universidade Federal do Par\u00e1 torna p\u00fablica a abertura do processo seletivo para ingresso no curso de doutorado nas \u00e1reas de concentra\u00e7\u00e3o em Neuroci\u00eancias e Biologia Celular (quadri\u00eanio 2022-2026).<\/p><p><strong>Vagas:<\/strong> 08 (oito)<\/p><p><strong>Per\u00edodo de Inscri\u00e7\u00e3o: <\/strong>14\/10\/2022 a 31\/10\/2022<\/p><p><strong>Taxa de inscri\u00e7\u00e3o:<\/strong> R$180,00 (cento e oitenta reais)<\/p><p>Para se inscrever, <a href=\"http:\/\/cursoseventos.fadesp.org.br\/gui\/PortalCursosEventos.aspx\"><strong>clique aqui.<\/strong><\/a><\/p><p><strong>Para mais informa\u00e7\u00f5es:<\/strong>posneurobc@ufpa.br<\/p>\t\t\t\t\t\t\t\t<\/div>\n\t\t\t\t<\/div>\n\t\t\t\t\t<\/div>\n\t\t<\/div>\n\t\t\t\t<div class=\"elementor-column elementor-col-50 elementor-inner-column elementor-element elementor-element-a6d34cc\" data-id=\"a6d34cc\" data-element_type=\"column\">\n\t\t\t<div class=\"elementor-widget-wrap elementor-element-populated\">\n\t\t\t\t\t\t<div class=\"elementor-element elementor-element-31ab4c1 elementor-widget elementor-widget-text-editor\" data-id=\"31ab4c1\" data-element_type=\"widget\" data-widget_type=\"text-editor.default\">\n\t\t\t\t<div class=\"elementor-widget-container\">\n\t\t\t\t\t\t\t\t\t<p><strong>Editais\u00a0<\/strong><\/p>\t\t\t\t\t\t\t\t<\/div>\n\t\t\t\t<\/div>\n\t\t\t\t<div class=\"elementor-element elementor-element-2fbdb57 elementor-widget elementor-widget-text-editor\" data-id=\"2fbdb57\" data-element_type=\"widget\" data-widget_type=\"text-editor.default\">\n\t\t\t\t<div class=\"elementor-widget-container\">\n\t\t\t\t\t\t\t\t\t<p style=\"text-align: center;\">Edital n\u00ba05\/22, dia 13\/10\/22 <a href=\"http:\/\/cursos.fadesp.org.br\/arquivos\/Edital_052022_Dout.pdf\"><strong>(Clique aqui)<\/strong><\/a><\/p>\t\t\t\t\t\t\t\t<\/div>\n\t\t\t\t<\/div>\n\t\t\t\t\t<\/div>\n\t\t<\/div>\n\t\t\t\t\t<\/div>\n\t\t<\/section>\n\t\t\t\t\t<\/div>\n\t\t<\/div>\n\t\t\t\t\t<\/div>\n\t\t<\/section>\n\t\t\t\t<\/div>\n\t\t","protected":false},"excerpt":{"rendered":"<p>Doutorado em Neuroci\u00eancias e Biologia Celular &#8211; PPGNBC\/ICB\/UFPA (2022) O Programa de P\u00f3s-Gradua\u00e7\u00e3o em Neuroci\u00eancias e Biologia Celular do Instituto de Ci\u00eancias Biol\u00f3gicas da Universidade Federal do Par\u00e1 torna p\u00fablica a abertura do processo seletivo para ingresso no curso de doutorado nas \u00e1reas de concentra\u00e7\u00e3o em Neuroci\u00eancias e Biologia Celular (quadri\u00eanio 2022-2026). Vagas: 08 (oito) [&hellip;]<\/p>\n","protected":false},"author":9,"featured_media":0,"parent":0,"menu_order":0,"comment_status":"closed","ping_status":"closed","template":"","meta":{"_monsterinsights_skip_tracking":false,"_monsterinsights_sitenote_active":false,"_monsterinsights_sitenote_note":"","_monsterinsights_sitenote_category":0,"footnotes":""},"class_list":["post-32955","page","type-page","status-publish","hentry","entry"],"yoast_head":"<!-- This site is optimized with the Yoast SEO plugin v25.1 - https:\/\/yoast.com\/wordpress\/plugins\/seo\/ -->\n<title>Doutorado em Neuroci\u00eancias e Biologia Celular - PPGNBC\/ICB\/UFPA (2022) - FADESP<\/title>\n<meta name=\"robots\" content=\"index, follow, max-snippet:-1, max-image-preview:large, max-video-preview:-1\" \/>\n<link rel=\"canonical\" href=\"https:\/\/portalfadesp.org.br\/?page_id=32955\" \/>\n<meta property=\"og:locale\" content=\"pt_BR\" \/>\n<meta property=\"og:type\" content=\"article\" \/>\n<meta property=\"og:title\" content=\"Doutorado em Neuroci\u00eancias e Biologia Celular - PPGNBC\/ICB\/UFPA (2022) - FADESP\" \/>\n<meta property=\"og:description\" content=\"Doutorado em Neuroci\u00eancias e Biologia Celular &#8211; PPGNBC\/ICB\/UFPA (2022) O Programa de P\u00f3s-Gradua\u00e7\u00e3o em Neuroci\u00eancias e Biologia Celular do Instituto de Ci\u00eancias Biol\u00f3gicas da Universidade Federal do Par\u00e1 torna p\u00fablica a abertura do processo seletivo para ingresso no curso de doutorado nas \u00e1reas de concentra\u00e7\u00e3o em Neuroci\u00eancias e Biologia Celular (quadri\u00eanio 2022-2026). Vagas: 08 (oito) [&hellip;]\" \/>\n<meta property=\"og:url\" content=\"https:\/\/portalfadesp.org.br\/?page_id=32955\" \/>\n<meta property=\"og:site_name\" content=\"FADESP\" \/>\n<meta property=\"article:publisher\" content=\"https:\/\/www.facebook.com\/Fadesp-138351949524662\/\" \/>\n<meta property=\"article:modified_time\" content=\"2022-10-21T14:53:34+00:00\" \/>\n<meta name=\"twitter:card\" content=\"summary_large_image\" \/>\n<meta name=\"twitter:site\" content=\"@Fadesp\" \/>\n<script type=\"application\/ld+json\" class=\"yoast-schema-graph\">{\"@context\":\"https:\/\/schema.org\",\"@graph\":[{\"@type\":\"WebPage\",\"@id\":\"https:\/\/portalfadesp.org.br\/?page_id=32955\",\"url\":\"https:\/\/portalfadesp.org.br\/?page_id=32955\",\"name\":\"Doutorado em Neuroci\u00eancias e Biologia Celular - PPGNBC\/ICB\/UFPA (2022) - FADESP\",\"isPartOf\":{\"@id\":\"https:\/\/portalfadesp.org.br\/#website\"},\"datePublished\":\"2022-10-14T19:42:00+00:00\",\"dateModified\":\"2022-10-21T14:53:34+00:00\",\"breadcrumb\":{\"@id\":\"https:\/\/portalfadesp.org.br\/?page_id=32955#breadcrumb\"},\"inLanguage\":\"pt-BR\",\"potentialAction\":[{\"@type\":\"ReadAction\",\"target\":[\"https:\/\/portalfadesp.org.br\/?page_id=32955\"]}]},{\"@type\":\"BreadcrumbList\",\"@id\":\"https:\/\/portalfadesp.org.br\/?page_id=32955#breadcrumb\",\"itemListElement\":[{\"@type\":\"ListItem\",\"position\":1,\"name\":\"In\u00edcio\",\"item\":\"https:\/\/portalfadesp.org.br\/\"},{\"@type\":\"ListItem\",\"position\":2,\"name\":\"Doutorado em Neuroci\u00eancias e Biologia Celular &#8211; PPGNBC\/ICB\/UFPA (2022)\"}]},{\"@type\":\"WebSite\",\"@id\":\"https:\/\/portalfadesp.org.br\/#website\",\"url\":\"https:\/\/portalfadesp.org.br\/\",\"name\":\"FADESP\",\"description\":\"Funda\u00e7\u00e3o de Amparo e Desenvolvimento da Pesquisa\",\"publisher\":{\"@id\":\"https:\/\/portalfadesp.org.br\/#organization\"},\"potentialAction\":[{\"@type\":\"SearchAction\",\"target\":{\"@type\":\"EntryPoint\",\"urlTemplate\":\"https:\/\/portalfadesp.org.br\/?s={search_term_string}\"},\"query-input\":{\"@type\":\"PropertyValueSpecification\",\"valueRequired\":true,\"valueName\":\"search_term_string\"}}],\"inLanguage\":\"pt-BR\"},{\"@type\":\"Organization\",\"@id\":\"https:\/\/portalfadesp.org.br\/#organization\",\"name\":\"FADESP\",\"url\":\"https:\/\/portalfadesp.org.br\/\",\"logo\":{\"@type\":\"ImageObject\",\"inLanguage\":\"pt-BR\",\"@id\":\"https:\/\/portalfadesp.org.br\/#\/schema\/logo\/image\/\",\"url\":\"https:\/\/portalfadesp.org.br\/wp-content\/uploads\/2024\/01\/NOVOLOGOFADESPlaranjaH.png\",\"contentUrl\":\"https:\/\/portalfadesp.org.br\/wp-content\/uploads\/2024\/01\/NOVOLOGOFADESPlaranjaH.png\",\"width\":2742,\"height\":839,\"caption\":\"FADESP\"},\"image\":{\"@id\":\"https:\/\/portalfadesp.org.br\/#\/schema\/logo\/image\/\"},\"sameAs\":[\"https:\/\/www.facebook.com\/Fadesp-138351949524662\/\",\"https:\/\/x.com\/Fadesp\",\"https:\/\/www.instagram.com\/fadesp_ufpa\/\",\"https:\/\/www.youtube.com\/@fundacaodeamparoedesenvolv1903\",\"https:\/\/www.threads.net\/@fadesp_ufpa\"]}]}<\/script>\n<!-- \/ Yoast SEO plugin. -->","yoast_head_json":{"title":"Doutorado em Neuroci\u00eancias e Biologia Celular - PPGNBC\/ICB\/UFPA (2022) - FADESP","robots":{"index":"index","follow":"follow","max-snippet":"max-snippet:-1","max-image-preview":"max-image-preview:large","max-video-preview":"max-video-preview:-1"},"canonical":"https:\/\/portalfadesp.org.br\/?page_id=32955","og_locale":"pt_BR","og_type":"article","og_title":"Doutorado em Neuroci\u00eancias e Biologia Celular - PPGNBC\/ICB\/UFPA (2022) - FADESP","og_description":"Doutorado em Neuroci\u00eancias e Biologia Celular &#8211; PPGNBC\/ICB\/UFPA (2022) O Programa de P\u00f3s-Gradua\u00e7\u00e3o em Neuroci\u00eancias e Biologia Celular do Instituto de Ci\u00eancias Biol\u00f3gicas da Universidade Federal do Par\u00e1 torna p\u00fablica a abertura do processo seletivo para ingresso no curso de doutorado nas \u00e1reas de concentra\u00e7\u00e3o em Neuroci\u00eancias e Biologia Celular (quadri\u00eanio 2022-2026). Vagas: 08 (oito) [&hellip;]","og_url":"https:\/\/portalfadesp.org.br\/?page_id=32955","og_site_name":"FADESP","article_publisher":"https:\/\/www.facebook.com\/Fadesp-138351949524662\/","article_modified_time":"2022-10-21T14:53:34+00:00","twitter_card":"summary_large_image","twitter_site":"@Fadesp","schema":{"@context":"https:\/\/schema.org","@graph":[{"@type":"WebPage","@id":"https:\/\/portalfadesp.org.br\/?page_id=32955","url":"https:\/\/portalfadesp.org.br\/?page_id=32955","name":"Doutorado em Neuroci\u00eancias e Biologia Celular - PPGNBC\/ICB\/UFPA (2022) - FADESP","isPartOf":{"@id":"https:\/\/portalfadesp.org.br\/#website"},"datePublished":"2022-10-14T19:42:00+00:00","dateModified":"2022-10-21T14:53:34+00:00","breadcrumb":{"@id":"https:\/\/portalfadesp.org.br\/?page_id=32955#breadcrumb"},"inLanguage":"pt-BR","potentialAction":[{"@type":"ReadAction","target":["https:\/\/portalfadesp.org.br\/?page_id=32955"]}]},{"@type":"BreadcrumbList","@id":"https:\/\/portalfadesp.org.br\/?page_id=32955#breadcrumb","itemListElement":[{"@type":"ListItem","position":1,"name":"In\u00edcio","item":"https:\/\/portalfadesp.org.br\/"},{"@type":"ListItem","position":2,"name":"Doutorado em Neuroci\u00eancias e Biologia Celular &#8211; PPGNBC\/ICB\/UFPA (2022)"}]},{"@type":"WebSite","@id":"https:\/\/portalfadesp.org.br\/#website","url":"https:\/\/portalfadesp.org.br\/","name":"FADESP","description":"Funda\u00e7\u00e3o de Amparo e Desenvolvimento da Pesquisa","publisher":{"@id":"https:\/\/portalfadesp.org.br\/#organization"},"potentialAction":[{"@type":"SearchAction","target":{"@type":"EntryPoint","urlTemplate":"https:\/\/portalfadesp.org.br\/?s={search_term_string}"},"query-input":{"@type":"PropertyValueSpecification","valueRequired":true,"valueName":"search_term_string"}}],"inLanguage":"pt-BR"},{"@type":"Organization","@id":"https:\/\/portalfadesp.org.br\/#organization","name":"FADESP","url":"https:\/\/portalfadesp.org.br\/","logo":{"@type":"ImageObject","inLanguage":"pt-BR","@id":"https:\/\/portalfadesp.org.br\/#\/schema\/logo\/image\/","url":"https:\/\/portalfadesp.org.br\/wp-content\/uploads\/2024\/01\/NOVOLOGOFADESPlaranjaH.png","contentUrl":"https:\/\/portalfadesp.org.br\/wp-content\/uploads\/2024\/01\/NOVOLOGOFADESPlaranjaH.png","width":2742,"height":839,"caption":"FADESP"},"image":{"@id":"https:\/\/portalfadesp.org.br\/#\/schema\/logo\/image\/"},"sameAs":["https:\/\/www.facebook.com\/Fadesp-138351949524662\/","https:\/\/x.com\/Fadesp","https:\/\/www.instagram.com\/fadesp_ufpa\/","https:\/\/www.youtube.com\/@fundacaodeamparoedesenvolv1903","https:\/\/www.threads.net\/@fadesp_ufpa"]}]}},"_links":{"self":[{"href":"https:\/\/portalfadesp.org.br\/index.php?rest_route=\/wp\/v2\/pages\/32955","targetHints":{"allow":["GET"]}}],"collection":[{"href":"https:\/\/portalfadesp.org.br\/index.php?rest_route=\/wp\/v2\/pages"}],"about":[{"href":"https:\/\/portalfadesp.org.br\/index.php?rest_route=\/wp\/v2\/types\/page"}],"author":[{"embeddable":true,"href":"https:\/\/portalfadesp.org.br\/index.php?rest_route=\/wp\/v2\/users\/9"}],"replies":[{"embeddable":true,"href":"https:\/\/portalfadesp.org.br\/index.php?rest_route=%2Fwp%2Fv2%2Fcomments&post=32955"}],"version-history":[{"count":10,"href":"https:\/\/portalfadesp.org.br\/index.php?rest_route=\/wp\/v2\/pages\/32955\/revisions"}],"predecessor-version":[{"id":33311,"href":"https:\/\/portalfadesp.org.br\/index.php?rest_route=\/wp\/v2\/pages\/32955\/revisions\/33311"}],"wp:attachment":[{"href":"https:\/\/portalfadesp.org.br\/index.php?rest_route=%2Fwp%2Fv2%2Fmedia&parent=32955"}],"curies":[{"name":"wp","href":"https:\/\/api.w.org\/{rel}","templated":true}]}}