{"id":31361,"date":"2022-10-06T00:05:44","date_gmt":"2022-10-06T03:05:44","guid":{"rendered":"https:\/\/portalfadesp2.fadesp.org.br\/?page_id=31361"},"modified":"2025-06-24T08:27:42","modified_gmt":"2025-06-24T11:27:42","slug":"agencia-de-noticias-2","status":"publish","type":"page","link":"https:\/\/portalfadesp.org.br\/?page_id=31361","title":{"rendered":"Ag\u00eancia de Not\u00edcias"},"content":{"rendered":"\t\t<div data-elementor-type=\"wp-page\" data-elementor-id=\"31361\" class=\"elementor elementor-31361\" data-elementor-post-type=\"page\">\n\t\t\t\t\t\t<section class=\"elementor-section elementor-top-section elementor-element elementor-element-3d2de99a elementor-section-full_width elementor-section-height-default elementor-section-height-default\" data-id=\"3d2de99a\" data-element_type=\"section\">\n\t\t\t\t\t\t<div class=\"elementor-container elementor-column-gap-default\">\n\t\t\t\t\t<section class=\"elementor-column elementor-col-100 elementor-top-column elementor-element elementor-element-50191707\" data-id=\"50191707\" data-element_type=\"column\">\n\t\t\t<div class=\"elementor-widget-wrap elementor-element-populated\">\n\t\t\t\t\t\t<div class=\"elementor-element elementor-element-468765a6 elementor-widget elementor-widget-heading\" data-id=\"468765a6\" data-element_type=\"widget\" data-widget_type=\"heading.default\">\n\t\t\t\t<div class=\"elementor-widget-container\">\n\t\t\t\t\t<h2 class=\"elementor-heading-title elementor-size-default\">AG\u00caNCIA DE NOT\u00cdCIAS<\/h2>\t\t\t\t<\/div>\n\t\t\t\t<\/div>\n\t\t\t\t\t<\/div>\n\t\t<\/section>\n\t\t\t\t\t<\/div>\n\t\t<\/section>\n\t\t\t\t<section class=\"elementor-section elementor-top-section elementor-element elementor-element-3afc9626 agencia-noticias elementor-section-boxed elementor-section-height-default elementor-section-height-default\" data-id=\"3afc9626\" data-element_type=\"section\">\n\t\t\t\t\t\t<div class=\"elementor-container elementor-column-gap-default\">\n\t\t\t\t\t<div class=\"elementor-column elementor-col-100 elementor-top-column elementor-element elementor-element-12476042\" data-id=\"12476042\" data-element_type=\"column\">\n\t\t\t<div class=\"elementor-widget-wrap elementor-element-populated\">\n\t\t\t\t\t\t<div class=\"elementor-element elementor-element-42be4e10 elementor-grid-4 elementor-posts__hover-none elementor-grid-tablet-2 elementor-grid-mobile-1 elementor-posts--thumbnail-top elementor-widget elementor-widget-posts\" data-id=\"42be4e10\" data-element_type=\"widget\" data-settings=\"{&quot;pagination_type&quot;:&quot;numbers&quot;,&quot;cards_columns&quot;:&quot;4&quot;,&quot;cards_columns_tablet&quot;:&quot;2&quot;,&quot;cards_columns_mobile&quot;:&quot;1&quot;,&quot;cards_row_gap&quot;:{&quot;unit&quot;:&quot;px&quot;,&quot;size&quot;:35,&quot;sizes&quot;:[]},&quot;cards_row_gap_tablet&quot;:{&quot;unit&quot;:&quot;px&quot;,&quot;size&quot;:&quot;&quot;,&quot;sizes&quot;:[]},&quot;cards_row_gap_mobile&quot;:{&quot;unit&quot;:&quot;px&quot;,&quot;size&quot;:&quot;&quot;,&quot;sizes&quot;:[]}}\" data-widget_type=\"posts.cards\">\n\t\t\t\t<div class=\"elementor-widget-container\">\n\t\t\t\t\t\t\t<div class=\"elementor-posts-container elementor-posts elementor-posts--skin-cards elementor-grid\">\n\t\t\t\t<article class=\"elementor-post elementor-grid-item post-54313 post type-post status-publish format-standard has-post-thumbnail hentry category-geral entry has-media\">\n\t\t\t<div class=\"elementor-post__card\">\n\t\t\t\t<a class=\"elementor-post__thumbnail__link\" href=\"https:\/\/portalfadesp.org.br\/?p=54313\" tabindex=\"-1\" ><div class=\"elementor-post__thumbnail\"><img fetchpriority=\"high\" decoding=\"async\" width=\"1400\" height=\"600\" src=\"https:\/\/portalfadesp.org.br\/wp-content\/uploads\/2026\/04\/IMG_3797.jpeg\" class=\"attachment-full size-full wp-image-54321\" alt=\"\" srcset=\"https:\/\/portalfadesp.org.br\/wp-content\/uploads\/2026\/04\/IMG_3797.jpeg 1400w, https:\/\/portalfadesp.org.br\/wp-content\/uploads\/2026\/04\/IMG_3797-300x129.jpeg 300w, https:\/\/portalfadesp.org.br\/wp-content\/uploads\/2026\/04\/IMG_3797-1024x439.jpeg 1024w, https:\/\/portalfadesp.org.br\/wp-content\/uploads\/2026\/04\/IMG_3797-768x329.jpeg 768w\" sizes=\"(max-width: 1400px) 100vw, 1400px\" \/><\/div><\/a>\n\t\t\t\t<div class=\"elementor-post__text\">\n\t\t\t\t<h3 class=\"elementor-post__title\">\n\t\t\t<a href=\"https:\/\/portalfadesp.org.br\/?p=54313\" >\n\t\t\t\tFADESP REALIZA PLANEJAMENTO ESTRAT\u00c9GICO \u2018HORIZONTE\u2019 E INICIA NOVO CICLO EM SEU DESENVOLVIMENTO INSTITUCIONAL\t\t\t<\/a>\n\t\t<\/h3>\n\t\t\t\t<\/div>\n\t\t\t\t<div class=\"elementor-post__meta-data\">\n\t\t\t\t\t<span class=\"elementor-post-date\">\n\t\t\t28\/04\/2026\t\t<\/span>\n\t\t\t\t<\/div>\n\t\t\t\t\t<\/div>\n\t\t<\/article>\n\t\t\t\t<article class=\"elementor-post elementor-grid-item post-54256 post type-post status-publish format-standard has-post-thumbnail hentry category-destaque-concurso entry has-media\">\n\t\t\t<div class=\"elementor-post__card\">\n\t\t\t\t<a class=\"elementor-post__thumbnail__link\" href=\"https:\/\/portalfadesp.org.br\/?p=54256\" tabindex=\"-1\" ><div class=\"elementor-post__thumbnail\"><img decoding=\"async\" width=\"1400\" height=\"600\" src=\"https:\/\/portalfadesp.org.br\/wp-content\/uploads\/2026\/04\/WhatsApp-Image-2026-04-15-at-17.35.15.jpeg\" class=\"attachment-full size-full wp-image-54257\" alt=\"\" srcset=\"https:\/\/portalfadesp.org.br\/wp-content\/uploads\/2026\/04\/WhatsApp-Image-2026-04-15-at-17.35.15.jpeg 1400w, https:\/\/portalfadesp.org.br\/wp-content\/uploads\/2026\/04\/WhatsApp-Image-2026-04-15-at-17.35.15-300x129.jpeg 300w, https:\/\/portalfadesp.org.br\/wp-content\/uploads\/2026\/04\/WhatsApp-Image-2026-04-15-at-17.35.15-1024x439.jpeg 1024w, https:\/\/portalfadesp.org.br\/wp-content\/uploads\/2026\/04\/WhatsApp-Image-2026-04-15-at-17.35.15-768x329.jpeg 768w\" sizes=\"(max-width: 1400px) 100vw, 1400px\" \/><\/div><\/a>\n\t\t\t\t<div class=\"elementor-post__text\">\n\t\t\t\t<h3 class=\"elementor-post__title\">\n\t\t\t<a href=\"https:\/\/portalfadesp.org.br\/?p=54256\" >\n\t\t\t\tSEFA\\PA: GABARITO REPUBLICADO\t\t\t<\/a>\n\t\t<\/h3>\n\t\t\t\t<\/div>\n\t\t\t\t<div class=\"elementor-post__meta-data\">\n\t\t\t\t\t<span class=\"elementor-post-date\">\n\t\t\t15\/04\/2026\t\t<\/span>\n\t\t\t\t<\/div>\n\t\t\t\t\t<\/div>\n\t\t<\/article>\n\t\t\t\t<article class=\"elementor-post elementor-grid-item post-54221 post type-post status-publish format-standard has-post-thumbnail hentry category-geral entry has-media\">\n\t\t\t<div class=\"elementor-post__card\">\n\t\t\t\t<a class=\"elementor-post__thumbnail__link\" href=\"https:\/\/portalfadesp.org.br\/?p=54221\" tabindex=\"-1\" ><div class=\"elementor-post__thumbnail\"><img decoding=\"async\" width=\"1400\" height=\"600\" src=\"https:\/\/portalfadesp.org.br\/wp-content\/uploads\/2026\/04\/memoria-fadesp_rotativo.jpg-1.jpeg\" class=\"attachment-full size-full wp-image-54222\" alt=\"\" srcset=\"https:\/\/portalfadesp.org.br\/wp-content\/uploads\/2026\/04\/memoria-fadesp_rotativo.jpg-1.jpeg 1400w, https:\/\/portalfadesp.org.br\/wp-content\/uploads\/2026\/04\/memoria-fadesp_rotativo.jpg-1-300x129.jpeg 300w, https:\/\/portalfadesp.org.br\/wp-content\/uploads\/2026\/04\/memoria-fadesp_rotativo.jpg-1-1024x439.jpeg 1024w, https:\/\/portalfadesp.org.br\/wp-content\/uploads\/2026\/04\/memoria-fadesp_rotativo.jpg-1-768x329.jpeg 768w\" sizes=\"(max-width: 1400px) 100vw, 1400px\" \/><\/div><\/a>\n\t\t\t\t<div class=\"elementor-post__text\">\n\t\t\t\t<h3 class=\"elementor-post__title\">\n\t\t\t<a href=\"https:\/\/portalfadesp.org.br\/?p=54221\" >\n\t\t\t\tMem\u00f3ria FADESP: compartilhe seus registros hist\u00f3ricos\t\t\t<\/a>\n\t\t<\/h3>\n\t\t\t\t<\/div>\n\t\t\t\t<div class=\"elementor-post__meta-data\">\n\t\t\t\t\t<span class=\"elementor-post-date\">\n\t\t\t09\/04\/2026\t\t<\/span>\n\t\t\t\t<\/div>\n\t\t\t\t\t<\/div>\n\t\t<\/article>\n\t\t\t\t<article class=\"elementor-post elementor-grid-item post-54173 post type-post status-publish format-standard has-post-thumbnail hentry category-geral entry has-media\">\n\t\t\t<div class=\"elementor-post__card\">\n\t\t\t\t<a class=\"elementor-post__thumbnail__link\" href=\"https:\/\/portalfadesp.org.br\/?p=54173\" tabindex=\"-1\" ><div class=\"elementor-post__thumbnail\"><img loading=\"lazy\" decoding=\"async\" width=\"1400\" height=\"600\" src=\"https:\/\/portalfadesp.org.br\/wp-content\/uploads\/2026\/04\/rotativo_relatorio-transparencia_FADESP_rotativo.jpg.jpeg\" class=\"attachment-full size-full wp-image-54175\" alt=\"\" \/><\/div><\/a>\n\t\t\t\t<div class=\"elementor-post__text\">\n\t\t\t\t<h3 class=\"elementor-post__title\">\n\t\t\t<a href=\"https:\/\/portalfadesp.org.br\/?p=54173\" >\n\t\t\t\tFADESP divulga Relat\u00f3rio de Transpar\u00eancia e Igualdade Salarial \u2013 1\u00ba Semestre 2026\t\t\t<\/a>\n\t\t<\/h3>\n\t\t\t\t<\/div>\n\t\t\t\t<div class=\"elementor-post__meta-data\">\n\t\t\t\t\t<span class=\"elementor-post-date\">\n\t\t\t02\/04\/2026\t\t<\/span>\n\t\t\t\t<\/div>\n\t\t\t\t\t<\/div>\n\t\t<\/article>\n\t\t\t\t<article class=\"elementor-post elementor-grid-item post-54157 post type-post status-publish format-standard has-post-thumbnail hentry category-geral entry has-media\">\n\t\t\t<div class=\"elementor-post__card\">\n\t\t\t\t<a class=\"elementor-post__thumbnail__link\" href=\"https:\/\/portalfadesp.org.br\/?p=54157\" tabindex=\"-1\" ><div class=\"elementor-post__thumbnail\"><img loading=\"lazy\" decoding=\"async\" width=\"2560\" height=\"1707\" src=\"https:\/\/portalfadesp.org.br\/wp-content\/uploads\/2026\/04\/IMG_5118.JPG-1-scaled.jpg\" class=\"attachment-full size-full wp-image-54169\" alt=\"\" srcset=\"https:\/\/portalfadesp.org.br\/wp-content\/uploads\/2026\/04\/IMG_5118.JPG-1-scaled.jpg 2560w, https:\/\/portalfadesp.org.br\/wp-content\/uploads\/2026\/04\/IMG_5118.JPG-1-300x200.jpg 300w, https:\/\/portalfadesp.org.br\/wp-content\/uploads\/2026\/04\/IMG_5118.JPG-1-1024x683.jpg 1024w, https:\/\/portalfadesp.org.br\/wp-content\/uploads\/2026\/04\/IMG_5118.JPG-1-768x512.jpg 768w, https:\/\/portalfadesp.org.br\/wp-content\/uploads\/2026\/04\/IMG_5118.JPG-1-1536x1024.jpg 1536w, https:\/\/portalfadesp.org.br\/wp-content\/uploads\/2026\/04\/IMG_5118.JPG-1-2048x1365.jpg 2048w\" sizes=\"(max-width: 2560px) 100vw, 2560px\" \/><\/div><\/a>\n\t\t\t\t<div class=\"elementor-post__text\">\n\t\t\t\t<h3 class=\"elementor-post__title\">\n\t\t\t<a href=\"https:\/\/portalfadesp.org.br\/?p=54157\" >\n\t\t\t\tFADESP apresenta programa de Planejamento Estrat\u00e9gico\t\t\t<\/a>\n\t\t<\/h3>\n\t\t\t\t<\/div>\n\t\t\t\t<div class=\"elementor-post__meta-data\">\n\t\t\t\t\t<span class=\"elementor-post-date\">\n\t\t\t02\/04\/2026\t\t<\/span>\n\t\t\t\t<\/div>\n\t\t\t\t\t<\/div>\n\t\t<\/article>\n\t\t\t\t<article class=\"elementor-post elementor-grid-item post-54132 post type-post status-publish format-standard has-post-thumbnail hentry category-geral entry has-media\">\n\t\t\t<div class=\"elementor-post__card\">\n\t\t\t\t<a class=\"elementor-post__thumbnail__link\" href=\"https:\/\/portalfadesp.org.br\/?p=54132\" tabindex=\"-1\" ><div class=\"elementor-post__thumbnail\"><img loading=\"lazy\" decoding=\"async\" width=\"1400\" height=\"600\" src=\"https:\/\/portalfadesp.org.br\/wp-content\/uploads\/2026\/03\/post_FADESP_SEFA_provas-objetivas_rotativo.jpg.jpeg\" class=\"attachment-full size-full wp-image-54133\" alt=\"\" \/><\/div><\/a>\n\t\t\t\t<div class=\"elementor-post__text\">\n\t\t\t\t<h3 class=\"elementor-post__title\">\n\t\t\t<a href=\"https:\/\/portalfadesp.org.br\/?p=54132\" >\n\t\t\t\t\t\t\t<\/a>\n\t\t<\/h3>\n\t\t\t\t<\/div>\n\t\t\t\t<div class=\"elementor-post__meta-data\">\n\t\t\t\t\t<span class=\"elementor-post-date\">\n\t\t\t31\/03\/2026\t\t<\/span>\n\t\t\t\t<\/div>\n\t\t\t\t\t<\/div>\n\t\t<\/article>\n\t\t\t\t<article class=\"elementor-post elementor-grid-item post-54107 post type-post status-publish format-standard has-post-thumbnail hentry category-geral entry has-media\">\n\t\t\t<div class=\"elementor-post__card\">\n\t\t\t\t<a class=\"elementor-post__thumbnail__link\" href=\"https:\/\/portalfadesp.org.br\/?p=54107\" tabindex=\"-1\" ><div class=\"elementor-post__thumbnail\"><img loading=\"lazy\" decoding=\"async\" width=\"1400\" height=\"600\" src=\"https:\/\/portalfadesp.org.br\/wp-content\/uploads\/2026\/03\/post_visitaMinistro_Mercedarios_rotativo.jpg.jpeg\" class=\"attachment-full size-full wp-image-54108\" alt=\"\" srcset=\"https:\/\/portalfadesp.org.br\/wp-content\/uploads\/2026\/03\/post_visitaMinistro_Mercedarios_rotativo.jpg.jpeg 1400w, https:\/\/portalfadesp.org.br\/wp-content\/uploads\/2026\/03\/post_visitaMinistro_Mercedarios_rotativo.jpg-300x129.jpeg 300w, https:\/\/portalfadesp.org.br\/wp-content\/uploads\/2026\/03\/post_visitaMinistro_Mercedarios_rotativo.jpg-1024x439.jpeg 1024w, https:\/\/portalfadesp.org.br\/wp-content\/uploads\/2026\/03\/post_visitaMinistro_Mercedarios_rotativo.jpg-768x329.jpeg 768w\" sizes=\"(max-width: 1400px) 100vw, 1400px\" \/><\/div><\/a>\n\t\t\t\t<div class=\"elementor-post__text\">\n\t\t\t\t<h3 class=\"elementor-post__title\">\n\t\t\t<a href=\"https:\/\/portalfadesp.org.br\/?p=54107\" >\n\t\t\t\t\t\t\t<\/a>\n\t\t<\/h3>\n\t\t\t\t<\/div>\n\t\t\t\t<div class=\"elementor-post__meta-data\">\n\t\t\t\t\t<span class=\"elementor-post-date\">\n\t\t\t26\/03\/2026\t\t<\/span>\n\t\t\t\t<\/div>\n\t\t\t\t\t<\/div>\n\t\t<\/article>\n\t\t\t\t<article class=\"elementor-post elementor-grid-item post-53919 post type-post status-publish format-standard has-post-thumbnail hentry category-geral entry has-media\">\n\t\t\t<div class=\"elementor-post__card\">\n\t\t\t\t<a class=\"elementor-post__thumbnail__link\" href=\"https:\/\/portalfadesp.org.br\/?p=53919\" tabindex=\"-1\" ><div class=\"elementor-post__thumbnail\"><img loading=\"lazy\" decoding=\"async\" width=\"1400\" height=\"600\" src=\"https:\/\/portalfadesp.org.br\/wp-content\/uploads\/2026\/03\/rotativo_palestraYoutube_MotiroMulher3.jpg.jpeg\" class=\"attachment-full size-full wp-image-53920\" alt=\"\" srcset=\"https:\/\/portalfadesp.org.br\/wp-content\/uploads\/2026\/03\/rotativo_palestraYoutube_MotiroMulher3.jpg.jpeg 1400w, https:\/\/portalfadesp.org.br\/wp-content\/uploads\/2026\/03\/rotativo_palestraYoutube_MotiroMulher3.jpg-300x129.jpeg 300w, https:\/\/portalfadesp.org.br\/wp-content\/uploads\/2026\/03\/rotativo_palestraYoutube_MotiroMulher3.jpg-1024x439.jpeg 1024w, https:\/\/portalfadesp.org.br\/wp-content\/uploads\/2026\/03\/rotativo_palestraYoutube_MotiroMulher3.jpg-768x329.jpeg 768w\" sizes=\"(max-width: 1400px) 100vw, 1400px\" \/><\/div><\/a>\n\t\t\t\t<div class=\"elementor-post__text\">\n\t\t\t\t<h3 class=\"elementor-post__title\">\n\t\t\t<a href=\"https:\/\/portalfadesp.org.br\/?p=53919\" >\n\t\t\t\tMOTIR\u00d5 MULHER: A palestra \u201cSororidade como estrat\u00e9gia de enfrentamento \u00e0 viol\u00eancia de g\u00eanero\u201d, com Natasha Vasconcellos, j\u00e1 est\u00e1 dispon\u00edvel no canal da FADESP no YouTube.\t\t\t<\/a>\n\t\t<\/h3>\n\t\t\t\t<\/div>\n\t\t\t\t<div class=\"elementor-post__meta-data\">\n\t\t\t\t\t<span class=\"elementor-post-date\">\n\t\t\t11\/03\/2026\t\t<\/span>\n\t\t\t\t<\/div>\n\t\t\t\t\t<\/div>\n\t\t<\/article>\n\t\t\t\t<\/div>\n\t\t\n\t\t\t\t<div class=\"e-load-more-anchor\" data-page=\"1\" data-max-page=\"195\" data-next-page=\"https:\/\/portalfadesp.org.br\/index.php?rest_route=%2Fwp%2Fv2%2Fpages%2F31361&#038;paged=2\"><\/div>\n\t\t\t\t<nav class=\"elementor-pagination\" aria-label=\"Pagina\u00e7\u00e3o\">\n\t\t\t<span aria-current=\"page\" class=\"page-numbers current\"><span class=\"elementor-screen-only\">P\u00e1gina<\/span>1<\/span>\n<a class=\"page-numbers\" href=\"https:\/\/portalfadesp.org.br\/index.php\/?paged=2\"><span class=\"elementor-screen-only\">P\u00e1gina<\/span>2<\/a>\n<a class=\"page-numbers\" href=\"https:\/\/portalfadesp.org.br\/index.php\/?paged=3\"><span class=\"elementor-screen-only\">P\u00e1gina<\/span>3<\/a>\n<span class=\"page-numbers dots\">&hellip;<\/span>\n<a class=\"page-numbers\" href=\"https:\/\/portalfadesp.org.br\/index.php\/?paged=195\"><span class=\"elementor-screen-only\">P\u00e1gina<\/span>195<\/a>\t\t<\/nav>\n\t\t\t\t\t\t<\/div>\n\t\t\t\t<\/div>\n\t\t\t\t\t<\/div>\n\t\t<\/div>\n\t\t\t\t\t<\/div>\n\t\t<\/section>\n\t\t\t\t<\/div>\n\t\t","protected":false},"excerpt":{"rendered":"<p>AG\u00caNCIA DE NOT\u00cdCIAS<\/p>\n","protected":false},"author":9,"featured_media":0,"parent":0,"menu_order":0,"comment_status":"closed","ping_status":"closed","template":"","meta":{"_monsterinsights_skip_tracking":false,"_monsterinsights_sitenote_active":false,"_monsterinsights_sitenote_note":"","_monsterinsights_sitenote_category":0,"footnotes":""},"class_list":["post-31361","page","type-page","status-publish","hentry","entry","has-media"],"yoast_head":"<!-- This site is optimized with the Yoast SEO plugin v25.1 - https:\/\/yoast.com\/wordpress\/plugins\/seo\/ -->\n<title>Ag\u00eancia de Not\u00edcias - FADESP<\/title>\n<meta name=\"robots\" content=\"index, follow, max-snippet:-1, max-image-preview:large, max-video-preview:-1\" \/>\n<link rel=\"canonical\" href=\"https:\/\/portalfadesp.org.br\/?page_id=31361\" \/>\n<meta property=\"og:locale\" content=\"pt_BR\" \/>\n<meta property=\"og:type\" content=\"article\" \/>\n<meta property=\"og:title\" content=\"Ag\u00eancia de Not\u00edcias - FADESP\" \/>\n<meta property=\"og:description\" content=\"AG\u00caNCIA DE NOT\u00cdCIAS\" \/>\n<meta property=\"og:url\" content=\"https:\/\/portalfadesp.org.br\/?page_id=31361\" \/>\n<meta property=\"og:site_name\" content=\"FADESP\" \/>\n<meta property=\"article:publisher\" content=\"https:\/\/www.facebook.com\/Fadesp-138351949524662\/\" \/>\n<meta property=\"article:modified_time\" content=\"2025-06-24T11:27:42+00:00\" \/>\n<meta name=\"twitter:card\" content=\"summary_large_image\" \/>\n<meta name=\"twitter:site\" content=\"@Fadesp\" \/>\n<meta name=\"twitter:label1\" content=\"Est. tempo de leitura\" \/>\n\t<meta name=\"twitter:data1\" content=\"3 minutos\" \/>\n<script type=\"application\/ld+json\" class=\"yoast-schema-graph\">{\"@context\":\"https:\/\/schema.org\",\"@graph\":[{\"@type\":\"WebPage\",\"@id\":\"https:\/\/portalfadesp.org.br\/?page_id=31361\",\"url\":\"https:\/\/portalfadesp.org.br\/?page_id=31361\",\"name\":\"Ag\u00eancia de Not\u00edcias - FADESP\",\"isPartOf\":{\"@id\":\"https:\/\/portalfadesp.org.br\/#website\"},\"datePublished\":\"2022-10-06T03:05:44+00:00\",\"dateModified\":\"2025-06-24T11:27:42+00:00\",\"breadcrumb\":{\"@id\":\"https:\/\/portalfadesp.org.br\/?page_id=31361#breadcrumb\"},\"inLanguage\":\"pt-BR\",\"potentialAction\":[{\"@type\":\"ReadAction\",\"target\":[\"https:\/\/portalfadesp.org.br\/?page_id=31361\"]}]},{\"@type\":\"BreadcrumbList\",\"@id\":\"https:\/\/portalfadesp.org.br\/?page_id=31361#breadcrumb\",\"itemListElement\":[{\"@type\":\"ListItem\",\"position\":1,\"name\":\"In\u00edcio\",\"item\":\"https:\/\/portalfadesp.org.br\/\"},{\"@type\":\"ListItem\",\"position\":2,\"name\":\"Ag\u00eancia de Not\u00edcias\"}]},{\"@type\":\"WebSite\",\"@id\":\"https:\/\/portalfadesp.org.br\/#website\",\"url\":\"https:\/\/portalfadesp.org.br\/\",\"name\":\"FADESP\",\"description\":\"Funda\u00e7\u00e3o de Amparo e Desenvolvimento da Pesquisa\",\"publisher\":{\"@id\":\"https:\/\/portalfadesp.org.br\/#organization\"},\"potentialAction\":[{\"@type\":\"SearchAction\",\"target\":{\"@type\":\"EntryPoint\",\"urlTemplate\":\"https:\/\/portalfadesp.org.br\/?s={search_term_string}\"},\"query-input\":{\"@type\":\"PropertyValueSpecification\",\"valueRequired\":true,\"valueName\":\"search_term_string\"}}],\"inLanguage\":\"pt-BR\"},{\"@type\":\"Organization\",\"@id\":\"https:\/\/portalfadesp.org.br\/#organization\",\"name\":\"FADESP\",\"url\":\"https:\/\/portalfadesp.org.br\/\",\"logo\":{\"@type\":\"ImageObject\",\"inLanguage\":\"pt-BR\",\"@id\":\"https:\/\/portalfadesp.org.br\/#\/schema\/logo\/image\/\",\"url\":\"https:\/\/portalfadesp.org.br\/wp-content\/uploads\/2024\/01\/NOVOLOGOFADESPlaranjaH.png\",\"contentUrl\":\"https:\/\/portalfadesp.org.br\/wp-content\/uploads\/2024\/01\/NOVOLOGOFADESPlaranjaH.png\",\"width\":2742,\"height\":839,\"caption\":\"FADESP\"},\"image\":{\"@id\":\"https:\/\/portalfadesp.org.br\/#\/schema\/logo\/image\/\"},\"sameAs\":[\"https:\/\/www.facebook.com\/Fadesp-138351949524662\/\",\"https:\/\/x.com\/Fadesp\",\"https:\/\/www.instagram.com\/fadesp_ufpa\/\",\"https:\/\/www.youtube.com\/@fundacaodeamparoedesenvolv1903\",\"https:\/\/www.threads.net\/@fadesp_ufpa\"]}]}<\/script>\n<!-- \/ Yoast SEO plugin. -->","yoast_head_json":{"title":"Ag\u00eancia de Not\u00edcias - FADESP","robots":{"index":"index","follow":"follow","max-snippet":"max-snippet:-1","max-image-preview":"max-image-preview:large","max-video-preview":"max-video-preview:-1"},"canonical":"https:\/\/portalfadesp.org.br\/?page_id=31361","og_locale":"pt_BR","og_type":"article","og_title":"Ag\u00eancia de Not\u00edcias - FADESP","og_description":"AG\u00caNCIA DE NOT\u00cdCIAS","og_url":"https:\/\/portalfadesp.org.br\/?page_id=31361","og_site_name":"FADESP","article_publisher":"https:\/\/www.facebook.com\/Fadesp-138351949524662\/","article_modified_time":"2025-06-24T11:27:42+00:00","twitter_card":"summary_large_image","twitter_site":"@Fadesp","twitter_misc":{"Est. tempo de leitura":"3 minutos"},"schema":{"@context":"https:\/\/schema.org","@graph":[{"@type":"WebPage","@id":"https:\/\/portalfadesp.org.br\/?page_id=31361","url":"https:\/\/portalfadesp.org.br\/?page_id=31361","name":"Ag\u00eancia de Not\u00edcias - FADESP","isPartOf":{"@id":"https:\/\/portalfadesp.org.br\/#website"},"datePublished":"2022-10-06T03:05:44+00:00","dateModified":"2025-06-24T11:27:42+00:00","breadcrumb":{"@id":"https:\/\/portalfadesp.org.br\/?page_id=31361#breadcrumb"},"inLanguage":"pt-BR","potentialAction":[{"@type":"ReadAction","target":["https:\/\/portalfadesp.org.br\/?page_id=31361"]}]},{"@type":"BreadcrumbList","@id":"https:\/\/portalfadesp.org.br\/?page_id=31361#breadcrumb","itemListElement":[{"@type":"ListItem","position":1,"name":"In\u00edcio","item":"https:\/\/portalfadesp.org.br\/"},{"@type":"ListItem","position":2,"name":"Ag\u00eancia de Not\u00edcias"}]},{"@type":"WebSite","@id":"https:\/\/portalfadesp.org.br\/#website","url":"https:\/\/portalfadesp.org.br\/","name":"FADESP","description":"Funda\u00e7\u00e3o de Amparo e Desenvolvimento da Pesquisa","publisher":{"@id":"https:\/\/portalfadesp.org.br\/#organization"},"potentialAction":[{"@type":"SearchAction","target":{"@type":"EntryPoint","urlTemplate":"https:\/\/portalfadesp.org.br\/?s={search_term_string}"},"query-input":{"@type":"PropertyValueSpecification","valueRequired":true,"valueName":"search_term_string"}}],"inLanguage":"pt-BR"},{"@type":"Organization","@id":"https:\/\/portalfadesp.org.br\/#organization","name":"FADESP","url":"https:\/\/portalfadesp.org.br\/","logo":{"@type":"ImageObject","inLanguage":"pt-BR","@id":"https:\/\/portalfadesp.org.br\/#\/schema\/logo\/image\/","url":"https:\/\/portalfadesp.org.br\/wp-content\/uploads\/2024\/01\/NOVOLOGOFADESPlaranjaH.png","contentUrl":"https:\/\/portalfadesp.org.br\/wp-content\/uploads\/2024\/01\/NOVOLOGOFADESPlaranjaH.png","width":2742,"height":839,"caption":"FADESP"},"image":{"@id":"https:\/\/portalfadesp.org.br\/#\/schema\/logo\/image\/"},"sameAs":["https:\/\/www.facebook.com\/Fadesp-138351949524662\/","https:\/\/x.com\/Fadesp","https:\/\/www.instagram.com\/fadesp_ufpa\/","https:\/\/www.youtube.com\/@fundacaodeamparoedesenvolv1903","https:\/\/www.threads.net\/@fadesp_ufpa"]}]}},"_links":{"self":[{"href":"https:\/\/portalfadesp.org.br\/index.php?rest_route=\/wp\/v2\/pages\/31361","targetHints":{"allow":["GET"]}}],"collection":[{"href":"https:\/\/portalfadesp.org.br\/index.php?rest_route=\/wp\/v2\/pages"}],"about":[{"href":"https:\/\/portalfadesp.org.br\/index.php?rest_route=\/wp\/v2\/types\/page"}],"author":[{"embeddable":true,"href":"https:\/\/portalfadesp.org.br\/index.php?rest_route=\/wp\/v2\/users\/9"}],"replies":[{"embeddable":true,"href":"https:\/\/portalfadesp.org.br\/index.php?rest_route=%2Fwp%2Fv2%2Fcomments&post=31361"}],"version-history":[{"count":25,"href":"https:\/\/portalfadesp.org.br\/index.php?rest_route=\/wp\/v2\/pages\/31361\/revisions"}],"predecessor-version":[{"id":50959,"href":"https:\/\/portalfadesp.org.br\/index.php?rest_route=\/wp\/v2\/pages\/31361\/revisions\/50959"}],"wp:attachment":[{"href":"https:\/\/portalfadesp.org.br\/index.php?rest_route=%2Fwp%2Fv2%2Fmedia&parent=31361"}],"curies":[{"name":"wp","href":"https:\/\/api.w.org\/{rel}","templated":true}]}}