{"id":28643,"date":"2022-08-03T12:23:34","date_gmt":"2022-08-03T15:23:34","guid":{"rendered":"https:\/\/162.215.13.167?page_id=28643"},"modified":"2022-12-21T12:19:48","modified_gmt":"2022-12-21T15:19:48","slug":"prefeitura-municipal-de-obidos-2021-3-10","status":"publish","type":"page","link":"https:\/\/portalfadesp.org.br\/?page_id=28643","title":{"rendered":"Mestrado em An\u00e1lises Cl\u00ednicas (PPGAC-ICB\/UFPA) 2023"},"content":{"rendered":"\t\t<div data-elementor-type=\"wp-post\" data-elementor-id=\"28643\" class=\"elementor elementor-28643\" data-elementor-post-type=\"page\">\n\t\t\t\t\t\t<section class=\"elementor-section elementor-top-section elementor-element elementor-element-1f2996d1 elementor-section-boxed elementor-section-height-default elementor-section-height-default\" data-id=\"1f2996d1\" data-element_type=\"section\">\n\t\t\t\t\t\t<div class=\"elementor-container elementor-column-gap-default\">\n\t\t\t\t\t<div class=\"elementor-column elementor-col-100 elementor-top-column elementor-element elementor-element-59a4b3f8\" data-id=\"59a4b3f8\" data-element_type=\"column\">\n\t\t\t<div class=\"elementor-widget-wrap elementor-element-populated\">\n\t\t\t\t\t\t<div class=\"elementor-element elementor-element-799471af elementor-widget elementor-widget-heading\" data-id=\"799471af\" data-element_type=\"widget\" data-widget_type=\"heading.default\">\n\t\t\t\t<div class=\"elementor-widget-container\">\n\t\t\t\t\t<h2 class=\"elementor-heading-title elementor-size-default\">Mestrado em An\u00e1lises Cl\u00ednicas (PPGAC-ICB\/UFPA) 2023<\/h2>\t\t\t\t<\/div>\n\t\t\t\t<\/div>\n\t\t\t\t<section class=\"elementor-section elementor-inner-section elementor-element elementor-element-336311f elementor-section-boxed elementor-section-height-default elementor-section-height-default\" data-id=\"336311f\" data-element_type=\"section\">\n\t\t\t\t\t\t<div class=\"elementor-container elementor-column-gap-default\">\n\t\t\t\t\t<div class=\"elementor-column elementor-col-50 elementor-inner-column elementor-element elementor-element-75ca0dc3\" data-id=\"75ca0dc3\" data-element_type=\"column\">\n\t\t\t<div class=\"elementor-widget-wrap elementor-element-populated\">\n\t\t\t\t\t\t<div class=\"elementor-element elementor-element-425a3096 elementor-widget elementor-widget-text-editor\" data-id=\"425a3096\" data-element_type=\"widget\" data-widget_type=\"text-editor.default\">\n\t\t\t\t<div class=\"elementor-widget-container\">\n\t\t\t\t\t\t\t\t\t<p>O Programa de P\u00f3s-Gradua\u00e7\u00e3o em An\u00e1lises Cl\u00ednicas, do Instituto de Ci\u00eancias Biol\u00f3gicas, da Universidade Federal do Par\u00e1 (PPGAC-ICB\/UFPA) estar\u00e1 recebendo inscri\u00e7\u00f5es para o processo seletivo de candidatos ao Curso de Mestrado em An\u00e1lises Cl\u00ednicas, considerando a necessidade de estimular a qualifica\u00e7\u00e3o de profissionais da sa\u00fade com experi\u00eancia em An\u00e1lises Cl\u00ednicas.<\/p><p><b>Pr\u00e9-requisitos: <\/b>Profissionais vinculados a Institui\u00e7\u00f5es que desenvolvam a\u00e7\u00f5es e\/ou atividades com processos voltados para \u00e0s An\u00e1lises Cl\u00ednicas (servi\u00e7o, ensino, pesquisa).<\/p><p><strong>Vagas:<\/strong> 17 (dezessete)\u00a0<\/p><p><strong>Per\u00edodo de Inscri\u00e7\u00e3o: <\/strong>15\/08 a 14\/10\/2022.<\/p><p><strong>Taxa de inscri\u00e7\u00e3o:<\/strong> R$:150,00<\/p><p><strong>O PPGAC conta com duas \u00c1reas de Concentra\u00e7\u00e3o: Diagn\u00f3stico e Diagn\u00f3stico Veterin\u00e1rio <\/strong><strong>e<\/strong> <strong>tr\u00eas Linhas de Pesquisa:<\/strong><\/p><ol><li>Desenvolvimento, valida\u00e7\u00e3o e inova\u00e7\u00e3o de produtos sobre Agentes Infecciosos,<br \/>Parasit\u00e1rios e Amea\u00e7as Biol\u00f3gicas.<\/li><li>Tecnologias aplicadas \u00e0 Bioqu\u00edmica, Biologia Molecular e Hematologia.<\/li><li>Tecnologias aplicadas \u00e0 Patologia Animal e Zoonoses.<\/li><\/ol><p><strong>Para mais informa\u00e7\u00f5es: <\/strong>ppgac@ufpa.br<\/p>\t\t\t\t\t\t\t\t<\/div>\n\t\t\t\t<\/div>\n\t\t\t\t\t<\/div>\n\t\t<\/div>\n\t\t\t\t<div class=\"elementor-column elementor-col-50 elementor-inner-column elementor-element elementor-element-79608089\" data-id=\"79608089\" data-element_type=\"column\">\n\t\t\t<div class=\"elementor-widget-wrap elementor-element-populated\">\n\t\t\t\t\t\t<div class=\"elementor-element elementor-element-7ccac55 elementor-widget elementor-widget-text-editor\" data-id=\"7ccac55\" data-element_type=\"widget\" data-widget_type=\"text-editor.default\">\n\t\t\t\t<div class=\"elementor-widget-container\">\n\t\t\t\t\t\t\t\t\t<p><strong>Editais\u00a0<\/strong><\/p>\t\t\t\t\t\t\t\t<\/div>\n\t\t\t\t<\/div>\n\t\t\t\t<div class=\"elementor-element elementor-element-368e568 elementor-widget elementor-widget-text-editor\" data-id=\"368e568\" data-element_type=\"widget\" data-widget_type=\"text-editor.default\">\n\t\t\t\t<div class=\"elementor-widget-container\">\n\t\t\t\t\t\t\t\t\t<p style=\"text-align: center;\">Resultado Final <strong><a href=\"..\/wp-content\/uploads\/2022\/11\/Mapa_de_Notas.pdf\">(Clique aqui)<\/a><\/strong><\/p><p style=\"text-align: center;\">Cronograma de Entrevistas <strong><a href=\"..\/wp-content\/uploads\/2022\/10\/Cronograma_de_Entrevistas.pdf\">(Clique aqui)<\/a> \u00a0\u00a0<\/strong><\/p><p style=\"text-align: center;\">Lista de Candidatos Aprovados<strong> <a href=\"..\/wp-content\/uploads\/2022\/10\/Lista_de_Candidatos_aprovados_no_Projeto.pdf\">(Clique aqui)<\/a><\/strong><\/p><p style=\"text-align: center;\">Edital 1 <strong><a href=\"..\/wp-content\/uploads\/2022\/08\/EDITAL_DE_SELECAO_2022_FINALIZADO_1.pdf\">(Clique aqui)<\/a><\/strong><\/p>\t\t\t\t\t\t\t\t<\/div>\n\t\t\t\t<\/div>\n\t\t\t\t\t<\/div>\n\t\t<\/div>\n\t\t\t\t\t<\/div>\n\t\t<\/section>\n\t\t\t\t\t<\/div>\n\t\t<\/div>\n\t\t\t\t\t<\/div>\n\t\t<\/section>\n\t\t\t\t<\/div>\n\t\t","protected":false},"excerpt":{"rendered":"<p>Mestrado em An\u00e1lises Cl\u00ednicas (PPGAC-ICB\/UFPA) 2023 O Programa de P\u00f3s-Gradua\u00e7\u00e3o em An\u00e1lises Cl\u00ednicas, do Instituto de Ci\u00eancias Biol\u00f3gicas, da Universidade Federal do Par\u00e1 (PPGAC-ICB\/UFPA) estar\u00e1 recebendo inscri\u00e7\u00f5es para o processo seletivo de candidatos ao Curso de Mestrado em An\u00e1lises Cl\u00ednicas, considerando a necessidade de estimular a qualifica\u00e7\u00e3o de profissionais da sa\u00fade com experi\u00eancia em An\u00e1lises [&hellip;]<\/p>\n","protected":false},"author":12,"featured_media":0,"parent":0,"menu_order":0,"comment_status":"closed","ping_status":"closed","template":"","meta":{"_monsterinsights_skip_tracking":false,"_monsterinsights_sitenote_active":false,"_monsterinsights_sitenote_note":"","_monsterinsights_sitenote_category":0,"footnotes":""},"class_list":["post-28643","page","type-page","status-publish","hentry","entry"],"yoast_head":"<!-- This site is optimized with the Yoast SEO plugin v25.1 - https:\/\/yoast.com\/wordpress\/plugins\/seo\/ -->\n<title>Mestrado em An\u00e1lises Cl\u00ednicas (PPGAC-ICB\/UFPA) 2023 - FADESP<\/title>\n<meta name=\"robots\" content=\"index, follow, max-snippet:-1, max-image-preview:large, max-video-preview:-1\" \/>\n<link rel=\"canonical\" href=\"https:\/\/portalfadesp.org.br\/?page_id=28643\" \/>\n<meta property=\"og:locale\" content=\"pt_BR\" \/>\n<meta property=\"og:type\" content=\"article\" \/>\n<meta property=\"og:title\" content=\"Mestrado em An\u00e1lises Cl\u00ednicas (PPGAC-ICB\/UFPA) 2023 - FADESP\" \/>\n<meta property=\"og:description\" content=\"Mestrado em An\u00e1lises Cl\u00ednicas (PPGAC-ICB\/UFPA) 2023 O Programa de P\u00f3s-Gradua\u00e7\u00e3o em An\u00e1lises Cl\u00ednicas, do Instituto de Ci\u00eancias Biol\u00f3gicas, da Universidade Federal do Par\u00e1 (PPGAC-ICB\/UFPA) estar\u00e1 recebendo inscri\u00e7\u00f5es para o processo seletivo de candidatos ao Curso de Mestrado em An\u00e1lises Cl\u00ednicas, considerando a necessidade de estimular a qualifica\u00e7\u00e3o de profissionais da sa\u00fade com experi\u00eancia em An\u00e1lises [&hellip;]\" \/>\n<meta property=\"og:url\" content=\"https:\/\/portalfadesp.org.br\/?page_id=28643\" \/>\n<meta property=\"og:site_name\" content=\"FADESP\" \/>\n<meta property=\"article:publisher\" content=\"https:\/\/www.facebook.com\/Fadesp-138351949524662\/\" \/>\n<meta property=\"article:modified_time\" content=\"2022-12-21T15:19:48+00:00\" \/>\n<meta name=\"twitter:card\" content=\"summary_large_image\" \/>\n<meta name=\"twitter:site\" content=\"@Fadesp\" \/>\n<meta name=\"twitter:label1\" content=\"Est. tempo de leitura\" \/>\n\t<meta name=\"twitter:data1\" content=\"1 minuto\" \/>\n<script type=\"application\/ld+json\" class=\"yoast-schema-graph\">{\"@context\":\"https:\/\/schema.org\",\"@graph\":[{\"@type\":\"WebPage\",\"@id\":\"https:\/\/portalfadesp.org.br\/?page_id=28643\",\"url\":\"https:\/\/portalfadesp.org.br\/?page_id=28643\",\"name\":\"Mestrado em An\u00e1lises Cl\u00ednicas (PPGAC-ICB\/UFPA) 2023 - FADESP\",\"isPartOf\":{\"@id\":\"https:\/\/portalfadesp.org.br\/#website\"},\"datePublished\":\"2022-08-03T15:23:34+00:00\",\"dateModified\":\"2022-12-21T15:19:48+00:00\",\"breadcrumb\":{\"@id\":\"https:\/\/portalfadesp.org.br\/?page_id=28643#breadcrumb\"},\"inLanguage\":\"pt-BR\",\"potentialAction\":[{\"@type\":\"ReadAction\",\"target\":[\"https:\/\/portalfadesp.org.br\/?page_id=28643\"]}]},{\"@type\":\"BreadcrumbList\",\"@id\":\"https:\/\/portalfadesp.org.br\/?page_id=28643#breadcrumb\",\"itemListElement\":[{\"@type\":\"ListItem\",\"position\":1,\"name\":\"In\u00edcio\",\"item\":\"https:\/\/portalfadesp.org.br\/\"},{\"@type\":\"ListItem\",\"position\":2,\"name\":\"Mestrado em An\u00e1lises Cl\u00ednicas (PPGAC-ICB\/UFPA) 2023\"}]},{\"@type\":\"WebSite\",\"@id\":\"https:\/\/portalfadesp.org.br\/#website\",\"url\":\"https:\/\/portalfadesp.org.br\/\",\"name\":\"FADESP\",\"description\":\"Funda\u00e7\u00e3o de Amparo e Desenvolvimento da Pesquisa\",\"publisher\":{\"@id\":\"https:\/\/portalfadesp.org.br\/#organization\"},\"potentialAction\":[{\"@type\":\"SearchAction\",\"target\":{\"@type\":\"EntryPoint\",\"urlTemplate\":\"https:\/\/portalfadesp.org.br\/?s={search_term_string}\"},\"query-input\":{\"@type\":\"PropertyValueSpecification\",\"valueRequired\":true,\"valueName\":\"search_term_string\"}}],\"inLanguage\":\"pt-BR\"},{\"@type\":\"Organization\",\"@id\":\"https:\/\/portalfadesp.org.br\/#organization\",\"name\":\"FADESP\",\"url\":\"https:\/\/portalfadesp.org.br\/\",\"logo\":{\"@type\":\"ImageObject\",\"inLanguage\":\"pt-BR\",\"@id\":\"https:\/\/portalfadesp.org.br\/#\/schema\/logo\/image\/\",\"url\":\"https:\/\/portalfadesp.org.br\/wp-content\/uploads\/2024\/01\/NOVOLOGOFADESPlaranjaH.png\",\"contentUrl\":\"https:\/\/portalfadesp.org.br\/wp-content\/uploads\/2024\/01\/NOVOLOGOFADESPlaranjaH.png\",\"width\":2742,\"height\":839,\"caption\":\"FADESP\"},\"image\":{\"@id\":\"https:\/\/portalfadesp.org.br\/#\/schema\/logo\/image\/\"},\"sameAs\":[\"https:\/\/www.facebook.com\/Fadesp-138351949524662\/\",\"https:\/\/x.com\/Fadesp\",\"https:\/\/www.instagram.com\/fadesp_ufpa\/\",\"https:\/\/www.youtube.com\/@fundacaodeamparoedesenvolv1903\",\"https:\/\/www.threads.net\/@fadesp_ufpa\"]}]}<\/script>\n<!-- \/ Yoast SEO plugin. -->","yoast_head_json":{"title":"Mestrado em An\u00e1lises Cl\u00ednicas (PPGAC-ICB\/UFPA) 2023 - FADESP","robots":{"index":"index","follow":"follow","max-snippet":"max-snippet:-1","max-image-preview":"max-image-preview:large","max-video-preview":"max-video-preview:-1"},"canonical":"https:\/\/portalfadesp.org.br\/?page_id=28643","og_locale":"pt_BR","og_type":"article","og_title":"Mestrado em An\u00e1lises Cl\u00ednicas (PPGAC-ICB\/UFPA) 2023 - FADESP","og_description":"Mestrado em An\u00e1lises Cl\u00ednicas (PPGAC-ICB\/UFPA) 2023 O Programa de P\u00f3s-Gradua\u00e7\u00e3o em An\u00e1lises Cl\u00ednicas, do Instituto de Ci\u00eancias Biol\u00f3gicas, da Universidade Federal do Par\u00e1 (PPGAC-ICB\/UFPA) estar\u00e1 recebendo inscri\u00e7\u00f5es para o processo seletivo de candidatos ao Curso de Mestrado em An\u00e1lises Cl\u00ednicas, considerando a necessidade de estimular a qualifica\u00e7\u00e3o de profissionais da sa\u00fade com experi\u00eancia em An\u00e1lises [&hellip;]","og_url":"https:\/\/portalfadesp.org.br\/?page_id=28643","og_site_name":"FADESP","article_publisher":"https:\/\/www.facebook.com\/Fadesp-138351949524662\/","article_modified_time":"2022-12-21T15:19:48+00:00","twitter_card":"summary_large_image","twitter_site":"@Fadesp","twitter_misc":{"Est. tempo de leitura":"1 minuto"},"schema":{"@context":"https:\/\/schema.org","@graph":[{"@type":"WebPage","@id":"https:\/\/portalfadesp.org.br\/?page_id=28643","url":"https:\/\/portalfadesp.org.br\/?page_id=28643","name":"Mestrado em An\u00e1lises Cl\u00ednicas (PPGAC-ICB\/UFPA) 2023 - FADESP","isPartOf":{"@id":"https:\/\/portalfadesp.org.br\/#website"},"datePublished":"2022-08-03T15:23:34+00:00","dateModified":"2022-12-21T15:19:48+00:00","breadcrumb":{"@id":"https:\/\/portalfadesp.org.br\/?page_id=28643#breadcrumb"},"inLanguage":"pt-BR","potentialAction":[{"@type":"ReadAction","target":["https:\/\/portalfadesp.org.br\/?page_id=28643"]}]},{"@type":"BreadcrumbList","@id":"https:\/\/portalfadesp.org.br\/?page_id=28643#breadcrumb","itemListElement":[{"@type":"ListItem","position":1,"name":"In\u00edcio","item":"https:\/\/portalfadesp.org.br\/"},{"@type":"ListItem","position":2,"name":"Mestrado em An\u00e1lises Cl\u00ednicas (PPGAC-ICB\/UFPA) 2023"}]},{"@type":"WebSite","@id":"https:\/\/portalfadesp.org.br\/#website","url":"https:\/\/portalfadesp.org.br\/","name":"FADESP","description":"Funda\u00e7\u00e3o de Amparo e Desenvolvimento da Pesquisa","publisher":{"@id":"https:\/\/portalfadesp.org.br\/#organization"},"potentialAction":[{"@type":"SearchAction","target":{"@type":"EntryPoint","urlTemplate":"https:\/\/portalfadesp.org.br\/?s={search_term_string}"},"query-input":{"@type":"PropertyValueSpecification","valueRequired":true,"valueName":"search_term_string"}}],"inLanguage":"pt-BR"},{"@type":"Organization","@id":"https:\/\/portalfadesp.org.br\/#organization","name":"FADESP","url":"https:\/\/portalfadesp.org.br\/","logo":{"@type":"ImageObject","inLanguage":"pt-BR","@id":"https:\/\/portalfadesp.org.br\/#\/schema\/logo\/image\/","url":"https:\/\/portalfadesp.org.br\/wp-content\/uploads\/2024\/01\/NOVOLOGOFADESPlaranjaH.png","contentUrl":"https:\/\/portalfadesp.org.br\/wp-content\/uploads\/2024\/01\/NOVOLOGOFADESPlaranjaH.png","width":2742,"height":839,"caption":"FADESP"},"image":{"@id":"https:\/\/portalfadesp.org.br\/#\/schema\/logo\/image\/"},"sameAs":["https:\/\/www.facebook.com\/Fadesp-138351949524662\/","https:\/\/x.com\/Fadesp","https:\/\/www.instagram.com\/fadesp_ufpa\/","https:\/\/www.youtube.com\/@fundacaodeamparoedesenvolv1903","https:\/\/www.threads.net\/@fadesp_ufpa"]}]}},"_links":{"self":[{"href":"https:\/\/portalfadesp.org.br\/index.php?rest_route=\/wp\/v2\/pages\/28643","targetHints":{"allow":["GET"]}}],"collection":[{"href":"https:\/\/portalfadesp.org.br\/index.php?rest_route=\/wp\/v2\/pages"}],"about":[{"href":"https:\/\/portalfadesp.org.br\/index.php?rest_route=\/wp\/v2\/types\/page"}],"author":[{"embeddable":true,"href":"https:\/\/portalfadesp.org.br\/index.php?rest_route=\/wp\/v2\/users\/12"}],"replies":[{"embeddable":true,"href":"https:\/\/portalfadesp.org.br\/index.php?rest_route=%2Fwp%2Fv2%2Fcomments&post=28643"}],"version-history":[{"count":46,"href":"https:\/\/portalfadesp.org.br\/index.php?rest_route=\/wp\/v2\/pages\/28643\/revisions"}],"predecessor-version":[{"id":38296,"href":"https:\/\/portalfadesp.org.br\/index.php?rest_route=\/wp\/v2\/pages\/28643\/revisions\/38296"}],"wp:attachment":[{"href":"https:\/\/portalfadesp.org.br\/index.php?rest_route=%2Fwp%2Fv2%2Fmedia&parent=28643"}],"curies":[{"name":"wp","href":"https:\/\/api.w.org\/{rel}","templated":true}]}}