{"id":28418,"date":"2022-01-03T15:59:15","date_gmt":"2022-01-03T18:59:15","guid":{"rendered":"https:\/\/162.215.13.167?page_id=28418"},"modified":"2022-12-19T23:08:56","modified_gmt":"2022-12-20T02:08:56","slug":"cursos-livres-de-linguas-estrangeiras-1-1-2","status":"publish","type":"page","link":"https:\/\/portalfadesp.org.br\/?page_id=28418","title":{"rendered":"Cursos Livres de L\u00ednguas Estrangeiras &#8211; UFPA (2\u00b0 Semestre de 2022)"},"content":{"rendered":"\t\t<div data-elementor-type=\"wp-post\" data-elementor-id=\"28418\" class=\"elementor elementor-28418\" data-elementor-post-type=\"page\">\n\t\t\t\t\t\t<section class=\"elementor-section elementor-top-section elementor-element elementor-element-2a40db40 elementor-section-boxed elementor-section-height-default elementor-section-height-default\" data-id=\"2a40db40\" data-element_type=\"section\">\n\t\t\t\t\t\t<div class=\"elementor-container elementor-column-gap-default\">\n\t\t\t\t\t<div class=\"elementor-column elementor-col-100 elementor-top-column elementor-element elementor-element-4e956b47\" data-id=\"4e956b47\" data-element_type=\"column\">\n\t\t\t<div class=\"elementor-widget-wrap elementor-element-populated\">\n\t\t\t\t\t\t<div class=\"elementor-element elementor-element-372de194 elementor-widget elementor-widget-heading\" data-id=\"372de194\" data-element_type=\"widget\" data-widget_type=\"heading.default\">\n\t\t\t\t<div class=\"elementor-widget-container\">\n\t\t\t\t\t<h2 class=\"elementor-heading-title elementor-size-default\">Cursos Livres de L\u00ednguas Estrangeiras - UFPA (2\u00b0 Semestre de 2022)<\/h2>\t\t\t\t<\/div>\n\t\t\t\t<\/div>\n\t\t\t\t<section class=\"elementor-section elementor-inner-section elementor-element elementor-element-31e54043 elementor-section-boxed elementor-section-height-default elementor-section-height-default\" data-id=\"31e54043\" data-element_type=\"section\">\n\t\t\t\t\t\t<div class=\"elementor-container elementor-column-gap-default\">\n\t\t\t\t\t<div class=\"elementor-column elementor-col-50 elementor-inner-column elementor-element elementor-element-15f41bd\" data-id=\"15f41bd\" data-element_type=\"column\">\n\t\t\t<div class=\"elementor-widget-wrap elementor-element-populated\">\n\t\t\t\t\t\t<div class=\"elementor-element elementor-element-35279451 elementor-widget elementor-widget-text-editor\" data-id=\"35279451\" data-element_type=\"widget\" data-widget_type=\"text-editor.default\">\n\t\t\t\t<div class=\"elementor-widget-container\">\n\t\t\t\t\t\t\t\t\t<p>Os Cursos Livres de L\u00ednguas Estrangeiras ofertar\u00e3o Cursos Online e Cursos Presenciais no 2\u00b0 semestre de 2022.<br \/>Os Cursos Online continuar\u00e3o a oferecer aos alunos acesso a v\u00eddeoaulas de todas as unidades do livro did\u00e1tico e aula ao vivo (live) com os professores 1 vez por semana. Os Cursos Presenciais ser\u00e3o ministrados nas salas de aulas dos Cursos Livres, nos altos do Instituto de Letras e Comunica\u00e7\u00e3o\/UFPA.<br \/>Escolha seu hor\u00e1rio, matricule-se e venha aprender uma l\u00edngua estrangeira na UFPA ou na comodidade de sua casa, atrav\u00e9s de nossos Cursos Online.<\/p><p><strong>CURSOS ONLINE e PRESENCIAIS<\/strong><\/p><p><strong>Ingl\u00eas:<\/strong> 1o ao 7o n\u00edvel<br \/><strong>Franc\u00eas:<\/strong> 1o ao 7o n\u00edvel<br \/><strong>Espanhol<\/strong>: 1o ao 7o n\u00edvel<br \/><strong>Ingl\u00eas Instrumental<\/strong><br \/><strong>Conversa\u00e7\u00e3o<\/strong> \u2013 B\u00e1sico e Avan\u00e7ado<br \/><strong>Introdu\u00e7\u00e3o<\/strong> ao \u00c1rabe online<\/p><p>OBS.: ALUNOS MATRICULADOS NOS CURSOS ONLINE, N\u00c3O PODER\u00c3O MIGRAR PARA<br \/>TURMAS PRESENCIAIS.<\/p><p><span style=\"text-decoration: underline;\"><strong>Inscri\u00e7\u00f5es: <\/strong>01 a 09\/08\/2022<\/span>\u00a0\u00a0<\/p><p>Para se inscrever, <strong><a href=\"http:\/\/cursoseventos.fadesp.org.br\/GUI\/PortalCursosEventos.aspx\">CLIQUE AQUI.<\/a><\/strong><\/p><p><strong>INVESTIMENTO DOS CURSOS: Ingl\u00eas e Libras: <\/strong>O valor do investimento total \u00e9 de R$430,00 por semestre, podendo ser dividido<br \/>em 01 parcela de R$150,00 + 04 parcelas de R$70,00 ou \u00e0 vista com 5% de desconto (R$408,50).<\/p><p><strong>IN\u00cdCIO DAS AULAS<\/strong>: 16\/08\/2022<br \/><strong>ENCERRAMENTO DO SEMESTRE<\/strong>: 17\/12\/2022<\/p><p><strong>Mais informa\u00e7\u00f5es pe<\/strong><strong>lo e-mail:<\/strong>cursoslivresufpa@gmail.com<\/p>\t\t\t\t\t\t\t\t<\/div>\n\t\t\t\t<\/div>\n\t\t\t\t\t<\/div>\n\t\t<\/div>\n\t\t\t\t<div class=\"elementor-column elementor-col-50 elementor-inner-column elementor-element elementor-element-1a284bc5\" data-id=\"1a284bc5\" data-element_type=\"column\">\n\t\t\t<div class=\"elementor-widget-wrap elementor-element-populated\">\n\t\t\t\t\t\t<div class=\"elementor-element elementor-element-6445c0f3 elementor-widget elementor-widget-text-editor\" data-id=\"6445c0f3\" data-element_type=\"widget\" data-widget_type=\"text-editor.default\">\n\t\t\t\t<div class=\"elementor-widget-container\">\n\t\t\t\t\t\t\t\t\t<p><span style=\"color: #ffffff;\"><b>Avisos<\/b><\/span><\/p>\t\t\t\t\t\t\t\t<\/div>\n\t\t\t\t<\/div>\n\t\t\t\t<div class=\"elementor-element elementor-element-433fb7f0 elementor-widget elementor-widget-text-editor\" data-id=\"433fb7f0\" data-element_type=\"widget\" data-widget_type=\"text-editor.default\">\n\t\t\t\t<div class=\"elementor-widget-container\">\n\t\t\t\t\t\t\t\t\t<p style=\"text-align: center;\"><span style=\"color: #ffffff;\"><strong>Editais<\/strong><\/span><\/p>\t\t\t\t\t\t\t\t<\/div>\n\t\t\t\t<\/div>\n\t\t\t\t<div class=\"elementor-element elementor-element-61ab10cc elementor-widget elementor-widget-text-editor\" data-id=\"61ab10cc\" data-element_type=\"widget\" data-widget_type=\"text-editor.default\">\n\t\t\t\t<div class=\"elementor-widget-container\">\n\t\t\t\t\t\t\t\t\t<p><span style=\"color: #000000;\">Edital retificado <strong><a href=\"..\/wp-content\/uploads\/2022\/07\/Edital-CLLE_UFPA_Belem_Retificacao-1.pdf\">(Clique aqui)<\/a><\/strong><\/span><\/p><p>Edital 1 <strong><a href=\"..\/wp-content\/uploads\/2022\/07\/EDITAL-DE-MATRICULA-PARA-O-2o-SEMESTRE-DE-2022.pdf\">(Clique aqui)<\/a><\/strong><\/p>\t\t\t\t\t\t\t\t<\/div>\n\t\t\t\t<\/div>\n\t\t\t\t\t<\/div>\n\t\t<\/div>\n\t\t\t\t\t<\/div>\n\t\t<\/section>\n\t\t\t\t\t<\/div>\n\t\t<\/div>\n\t\t\t\t\t<\/div>\n\t\t<\/section>\n\t\t\t\t<\/div>\n\t\t","protected":false},"excerpt":{"rendered":"<p>Cursos Livres de L\u00ednguas Estrangeiras &#8211; UFPA (2\u00b0 Semestre de 2022) Os Cursos Livres de L\u00ednguas Estrangeiras ofertar\u00e3o Cursos Online e Cursos Presenciais no 2\u00b0 semestre de 2022.Os Cursos Online continuar\u00e3o a oferecer aos alunos acesso a v\u00eddeoaulas de todas as unidades do livro did\u00e1tico e aula ao vivo (live) com os professores 1 vez [&hellip;]<\/p>\n","protected":false},"author":12,"featured_media":0,"parent":0,"menu_order":0,"comment_status":"closed","ping_status":"closed","template":"","meta":{"_monsterinsights_skip_tracking":false,"_monsterinsights_sitenote_active":false,"_monsterinsights_sitenote_note":"","_monsterinsights_sitenote_category":0,"footnotes":""},"class_list":["post-28418","page","type-page","status-publish","hentry","entry"],"yoast_head":"<!-- This site is optimized with the Yoast SEO plugin v25.1 - https:\/\/yoast.com\/wordpress\/plugins\/seo\/ -->\n<title>Cursos Livres de L\u00ednguas Estrangeiras - UFPA (2\u00b0 Semestre de 2022) - FADESP<\/title>\n<meta name=\"robots\" content=\"index, follow, max-snippet:-1, max-image-preview:large, max-video-preview:-1\" \/>\n<link rel=\"canonical\" href=\"https:\/\/portalfadesp.org.br\/?page_id=28418\" \/>\n<meta property=\"og:locale\" content=\"pt_BR\" \/>\n<meta property=\"og:type\" content=\"article\" \/>\n<meta property=\"og:title\" content=\"Cursos Livres de L\u00ednguas Estrangeiras - UFPA (2\u00b0 Semestre de 2022) - FADESP\" \/>\n<meta property=\"og:description\" content=\"Cursos Livres de L\u00ednguas Estrangeiras &#8211; UFPA (2\u00b0 Semestre de 2022) Os Cursos Livres de L\u00ednguas Estrangeiras ofertar\u00e3o Cursos Online e Cursos Presenciais no 2\u00b0 semestre de 2022.Os Cursos Online continuar\u00e3o a oferecer aos alunos acesso a v\u00eddeoaulas de todas as unidades do livro did\u00e1tico e aula ao vivo (live) com os professores 1 vez [&hellip;]\" \/>\n<meta property=\"og:url\" content=\"https:\/\/portalfadesp.org.br\/?page_id=28418\" \/>\n<meta property=\"og:site_name\" content=\"FADESP\" \/>\n<meta property=\"article:publisher\" content=\"https:\/\/www.facebook.com\/Fadesp-138351949524662\/\" \/>\n<meta property=\"article:modified_time\" content=\"2022-12-20T02:08:56+00:00\" \/>\n<meta name=\"twitter:card\" content=\"summary_large_image\" \/>\n<meta name=\"twitter:site\" content=\"@Fadesp\" \/>\n<meta name=\"twitter:label1\" content=\"Est. tempo de leitura\" \/>\n\t<meta name=\"twitter:data1\" content=\"1 minuto\" \/>\n<script type=\"application\/ld+json\" class=\"yoast-schema-graph\">{\"@context\":\"https:\/\/schema.org\",\"@graph\":[{\"@type\":\"WebPage\",\"@id\":\"https:\/\/portalfadesp.org.br\/?page_id=28418\",\"url\":\"https:\/\/portalfadesp.org.br\/?page_id=28418\",\"name\":\"Cursos Livres de L\u00ednguas Estrangeiras - UFPA (2\u00b0 Semestre de 2022) - FADESP\",\"isPartOf\":{\"@id\":\"https:\/\/portalfadesp.org.br\/#website\"},\"datePublished\":\"2022-01-03T18:59:15+00:00\",\"dateModified\":\"2022-12-20T02:08:56+00:00\",\"breadcrumb\":{\"@id\":\"https:\/\/portalfadesp.org.br\/?page_id=28418#breadcrumb\"},\"inLanguage\":\"pt-BR\",\"potentialAction\":[{\"@type\":\"ReadAction\",\"target\":[\"https:\/\/portalfadesp.org.br\/?page_id=28418\"]}]},{\"@type\":\"BreadcrumbList\",\"@id\":\"https:\/\/portalfadesp.org.br\/?page_id=28418#breadcrumb\",\"itemListElement\":[{\"@type\":\"ListItem\",\"position\":1,\"name\":\"In\u00edcio\",\"item\":\"https:\/\/portalfadesp.org.br\/\"},{\"@type\":\"ListItem\",\"position\":2,\"name\":\"Cursos Livres de L\u00ednguas Estrangeiras &#8211; UFPA (2\u00b0 Semestre de 2022)\"}]},{\"@type\":\"WebSite\",\"@id\":\"https:\/\/portalfadesp.org.br\/#website\",\"url\":\"https:\/\/portalfadesp.org.br\/\",\"name\":\"FADESP\",\"description\":\"Funda\u00e7\u00e3o de Amparo e Desenvolvimento da Pesquisa\",\"publisher\":{\"@id\":\"https:\/\/portalfadesp.org.br\/#organization\"},\"potentialAction\":[{\"@type\":\"SearchAction\",\"target\":{\"@type\":\"EntryPoint\",\"urlTemplate\":\"https:\/\/portalfadesp.org.br\/?s={search_term_string}\"},\"query-input\":{\"@type\":\"PropertyValueSpecification\",\"valueRequired\":true,\"valueName\":\"search_term_string\"}}],\"inLanguage\":\"pt-BR\"},{\"@type\":\"Organization\",\"@id\":\"https:\/\/portalfadesp.org.br\/#organization\",\"name\":\"FADESP\",\"url\":\"https:\/\/portalfadesp.org.br\/\",\"logo\":{\"@type\":\"ImageObject\",\"inLanguage\":\"pt-BR\",\"@id\":\"https:\/\/portalfadesp.org.br\/#\/schema\/logo\/image\/\",\"url\":\"https:\/\/portalfadesp.org.br\/wp-content\/uploads\/2024\/01\/NOVOLOGOFADESPlaranjaH.png\",\"contentUrl\":\"https:\/\/portalfadesp.org.br\/wp-content\/uploads\/2024\/01\/NOVOLOGOFADESPlaranjaH.png\",\"width\":2742,\"height\":839,\"caption\":\"FADESP\"},\"image\":{\"@id\":\"https:\/\/portalfadesp.org.br\/#\/schema\/logo\/image\/\"},\"sameAs\":[\"https:\/\/www.facebook.com\/Fadesp-138351949524662\/\",\"https:\/\/x.com\/Fadesp\",\"https:\/\/www.instagram.com\/fadesp_ufpa\/\",\"https:\/\/www.youtube.com\/@fundacaodeamparoedesenvolv1903\",\"https:\/\/www.threads.net\/@fadesp_ufpa\"]}]}<\/script>\n<!-- \/ Yoast SEO plugin. -->","yoast_head_json":{"title":"Cursos Livres de L\u00ednguas Estrangeiras - UFPA (2\u00b0 Semestre de 2022) - FADESP","robots":{"index":"index","follow":"follow","max-snippet":"max-snippet:-1","max-image-preview":"max-image-preview:large","max-video-preview":"max-video-preview:-1"},"canonical":"https:\/\/portalfadesp.org.br\/?page_id=28418","og_locale":"pt_BR","og_type":"article","og_title":"Cursos Livres de L\u00ednguas Estrangeiras - UFPA (2\u00b0 Semestre de 2022) - FADESP","og_description":"Cursos Livres de L\u00ednguas Estrangeiras &#8211; UFPA (2\u00b0 Semestre de 2022) Os Cursos Livres de L\u00ednguas Estrangeiras ofertar\u00e3o Cursos Online e Cursos Presenciais no 2\u00b0 semestre de 2022.Os Cursos Online continuar\u00e3o a oferecer aos alunos acesso a v\u00eddeoaulas de todas as unidades do livro did\u00e1tico e aula ao vivo (live) com os professores 1 vez [&hellip;]","og_url":"https:\/\/portalfadesp.org.br\/?page_id=28418","og_site_name":"FADESP","article_publisher":"https:\/\/www.facebook.com\/Fadesp-138351949524662\/","article_modified_time":"2022-12-20T02:08:56+00:00","twitter_card":"summary_large_image","twitter_site":"@Fadesp","twitter_misc":{"Est. tempo de leitura":"1 minuto"},"schema":{"@context":"https:\/\/schema.org","@graph":[{"@type":"WebPage","@id":"https:\/\/portalfadesp.org.br\/?page_id=28418","url":"https:\/\/portalfadesp.org.br\/?page_id=28418","name":"Cursos Livres de L\u00ednguas Estrangeiras - UFPA (2\u00b0 Semestre de 2022) - FADESP","isPartOf":{"@id":"https:\/\/portalfadesp.org.br\/#website"},"datePublished":"2022-01-03T18:59:15+00:00","dateModified":"2022-12-20T02:08:56+00:00","breadcrumb":{"@id":"https:\/\/portalfadesp.org.br\/?page_id=28418#breadcrumb"},"inLanguage":"pt-BR","potentialAction":[{"@type":"ReadAction","target":["https:\/\/portalfadesp.org.br\/?page_id=28418"]}]},{"@type":"BreadcrumbList","@id":"https:\/\/portalfadesp.org.br\/?page_id=28418#breadcrumb","itemListElement":[{"@type":"ListItem","position":1,"name":"In\u00edcio","item":"https:\/\/portalfadesp.org.br\/"},{"@type":"ListItem","position":2,"name":"Cursos Livres de L\u00ednguas Estrangeiras &#8211; UFPA (2\u00b0 Semestre de 2022)"}]},{"@type":"WebSite","@id":"https:\/\/portalfadesp.org.br\/#website","url":"https:\/\/portalfadesp.org.br\/","name":"FADESP","description":"Funda\u00e7\u00e3o de Amparo e Desenvolvimento da Pesquisa","publisher":{"@id":"https:\/\/portalfadesp.org.br\/#organization"},"potentialAction":[{"@type":"SearchAction","target":{"@type":"EntryPoint","urlTemplate":"https:\/\/portalfadesp.org.br\/?s={search_term_string}"},"query-input":{"@type":"PropertyValueSpecification","valueRequired":true,"valueName":"search_term_string"}}],"inLanguage":"pt-BR"},{"@type":"Organization","@id":"https:\/\/portalfadesp.org.br\/#organization","name":"FADESP","url":"https:\/\/portalfadesp.org.br\/","logo":{"@type":"ImageObject","inLanguage":"pt-BR","@id":"https:\/\/portalfadesp.org.br\/#\/schema\/logo\/image\/","url":"https:\/\/portalfadesp.org.br\/wp-content\/uploads\/2024\/01\/NOVOLOGOFADESPlaranjaH.png","contentUrl":"https:\/\/portalfadesp.org.br\/wp-content\/uploads\/2024\/01\/NOVOLOGOFADESPlaranjaH.png","width":2742,"height":839,"caption":"FADESP"},"image":{"@id":"https:\/\/portalfadesp.org.br\/#\/schema\/logo\/image\/"},"sameAs":["https:\/\/www.facebook.com\/Fadesp-138351949524662\/","https:\/\/x.com\/Fadesp","https:\/\/www.instagram.com\/fadesp_ufpa\/","https:\/\/www.youtube.com\/@fundacaodeamparoedesenvolv1903","https:\/\/www.threads.net\/@fadesp_ufpa"]}]}},"_links":{"self":[{"href":"https:\/\/portalfadesp.org.br\/index.php?rest_route=\/wp\/v2\/pages\/28418","targetHints":{"allow":["GET"]}}],"collection":[{"href":"https:\/\/portalfadesp.org.br\/index.php?rest_route=\/wp\/v2\/pages"}],"about":[{"href":"https:\/\/portalfadesp.org.br\/index.php?rest_route=\/wp\/v2\/types\/page"}],"author":[{"embeddable":true,"href":"https:\/\/portalfadesp.org.br\/index.php?rest_route=\/wp\/v2\/users\/12"}],"replies":[{"embeddable":true,"href":"https:\/\/portalfadesp.org.br\/index.php?rest_route=%2Fwp%2Fv2%2Fcomments&post=28418"}],"version-history":[{"count":31,"href":"https:\/\/portalfadesp.org.br\/index.php?rest_route=\/wp\/v2\/pages\/28418\/revisions"}],"predecessor-version":[{"id":36025,"href":"https:\/\/portalfadesp.org.br\/index.php?rest_route=\/wp\/v2\/pages\/28418\/revisions\/36025"}],"wp:attachment":[{"href":"https:\/\/portalfadesp.org.br\/index.php?rest_route=%2Fwp%2Fv2%2Fmedia&parent=28418"}],"curies":[{"name":"wp","href":"https:\/\/api.w.org\/{rel}","templated":true}]}}