{"id":28391,"date":"2022-01-03T15:59:15","date_gmt":"2022-01-03T18:59:15","guid":{"rendered":"https:\/\/162.215.13.167?page_id=28391"},"modified":"2022-12-21T13:00:20","modified_gmt":"2022-12-21T16:00:20","slug":"cursos-livres-de-linguas-estrangeiras-1-1","status":"publish","type":"page","link":"https:\/\/portalfadesp.org.br\/?page_id=28391","title":{"rendered":"Curso Livre de L\u00edngua Inglesa e Libras &#8211; Campus UFPA Altamira  (2\u00b0 semestre de 2022)"},"content":{"rendered":"\t\t<div data-elementor-type=\"wp-post\" data-elementor-id=\"28391\" class=\"elementor elementor-28391\" data-elementor-post-type=\"page\">\n\t\t\t\t\t\t<section class=\"elementor-section elementor-top-section elementor-element elementor-element-2a40db40 elementor-section-boxed elementor-section-height-default elementor-section-height-default\" data-id=\"2a40db40\" data-element_type=\"section\">\n\t\t\t\t\t\t<div class=\"elementor-container elementor-column-gap-default\">\n\t\t\t\t\t<div class=\"elementor-column elementor-col-100 elementor-top-column elementor-element elementor-element-4e956b47\" data-id=\"4e956b47\" data-element_type=\"column\">\n\t\t\t<div class=\"elementor-widget-wrap elementor-element-populated\">\n\t\t\t\t\t\t<div class=\"elementor-element elementor-element-372de194 elementor-widget elementor-widget-heading\" data-id=\"372de194\" data-element_type=\"widget\" data-widget_type=\"heading.default\">\n\t\t\t\t<div class=\"elementor-widget-container\">\n\t\t\t\t\t<h1 class=\"elementor-heading-title elementor-size-default\">Curso Livre de L\u00edngua Inglesa e Libras - Campus UFPA Altamira \n(2\u00b0 semestre de 2022)<\/h1>\t\t\t\t<\/div>\n\t\t\t\t<\/div>\n\t\t\t\t<section class=\"elementor-section elementor-inner-section elementor-element elementor-element-31e54043 elementor-section-boxed elementor-section-height-default elementor-section-height-default\" data-id=\"31e54043\" data-element_type=\"section\">\n\t\t\t\t\t\t<div class=\"elementor-container elementor-column-gap-default\">\n\t\t\t\t\t<div class=\"elementor-column elementor-col-50 elementor-inner-column elementor-element elementor-element-15f41bd\" data-id=\"15f41bd\" data-element_type=\"column\">\n\t\t\t<div class=\"elementor-widget-wrap elementor-element-populated\">\n\t\t\t\t\t\t<div class=\"elementor-element elementor-element-35279451 elementor-widget elementor-widget-text-editor\" data-id=\"35279451\" data-element_type=\"widget\" data-widget_type=\"text-editor.default\">\n\t\t\t\t<div class=\"elementor-widget-container\">\n\t\t\t\t\t\t\t\t\t<p>As aulas de Ingl\u00eas e Libras ser\u00e3o ofertadas na modalidade PRESENCIAL (exceto para Ingl\u00eas Instrumental), respeitando os protocolos de seguran\u00e7a sanit\u00e1rios e bandeiramento vigente da UFPA.<br \/>Escolha seu hor\u00e1rio, matricule-se e venha estudar uma nova l\u00edngua na UFPA Altamira.<\/p><p><strong>Cursos:<\/strong><\/p><p><strong>INGL\u00caS:<\/strong><br \/>\u25cf N\u00edvel 1 (presencial): Aulas \u00e0s segundas-feiras: 19h \u00e0s 21h.<br \/>\u25cf N\u00edvel 1 (presencial): Aulas aos s\u00e1bados: 08h \u00e0s 10h.<br \/>\u25cf N\u00edvel 2 (presencial): Aulas \u00e0s ter\u00e7as-feiras: 19h \u00e0s 21h.<br \/>\u25cf N\u00edvel Intermedi\u00e1rio (livro 1B): Aulas \u00e0s quintas-feiras: 19h \u00e0s 21h.<br \/>\u25cf Ingl\u00eas Instrumental (on-line): foco nas habilidades de leitura, interpreta\u00e7\u00e3o e escrita.<\/p><p>\u2b9a <strong>Ingl\u00eas para crian\u00e7as (Kids):<\/strong> idade entre 08 a 12 anos.<br \/>\u25cf N\u00edvel 1 (presencial): Aulas aos s\u00e1bados 08h \u00e0s 10h.<br \/>\u25cf N\u00edvel 2 (presencial): Aulas aos s\u00e1bados 10h \u00e0s 12h.<\/p><p>\u2b9a <strong>Ingl\u00eas para adolescentes (Teens)<\/strong>: idade entre 13 a 15 anos.<br \/>\u25cf N\u00edvel 1 (presencial): Aulas aos s\u00e1bados 08h \u00e0s 10h.<\/p><p>\u2b9a <strong>LIBRAS:<\/strong><br \/>\u25cf N\u00edvel B\u00e1sico I (presencial): Aulas \u00e0s ter\u00e7as-feiras: 19h \u00e0s 21h.<br \/>\u25cf N\u00edvel B\u00e1sico I (presencial): Aulas aos s\u00e1bados: 08h \u00e0s 10h.<br \/>\u25cf N\u00edvel B\u00e1sico II (presencial): Aulas \u00e0s quartas-feiras: 19h \u00e0s 21h.<br \/>\u25cf N\u00edvel Intermedi\u00e1rio II (presencial): Aulas \u00e0s quintas-feiras: 19h \u00e0s 21h.<\/p><p><span style=\"text-decoration: underline;\"><strong>Inscri\u00e7\u00f5es: <\/strong><\/span>do dia 15\/07\/2022 a 31\/07\/2022\u00a0\u00a0<\/p><p><strong>INVESTIMENTO DOS CURSOS: Ingl\u00eas e Libras: <\/strong>O valor do investimento total \u00e9 de R$430,00 por semestre, podendo ser dividido<br \/>em 01 parcela de R$150,00 + 04 parcelas de R$70,00 ou \u00e0 vista com 5% de desconto (R$408,50).<br \/><br \/><\/p><p><strong>IN\u00cdCIO DAS AULAS<\/strong>: 08\/08 \/ 22<br \/><strong>ENCERRAMENTO DO SEMESTRE<\/strong>:\u00a010\/12\/2022<\/p><p><strong>Mais informa\u00e7\u00f5es pe<\/strong><strong>lo e-mail:<\/strong>cursolivreadm@hotmail.com<\/p>\t\t\t\t\t\t\t\t<\/div>\n\t\t\t\t<\/div>\n\t\t\t\t\t<\/div>\n\t\t<\/div>\n\t\t\t\t<div class=\"elementor-column elementor-col-50 elementor-inner-column elementor-element elementor-element-1a284bc5\" data-id=\"1a284bc5\" data-element_type=\"column\">\n\t\t\t<div class=\"elementor-widget-wrap elementor-element-populated\">\n\t\t\t\t\t\t<div class=\"elementor-element elementor-element-6445c0f3 elementor-widget elementor-widget-text-editor\" data-id=\"6445c0f3\" data-element_type=\"widget\" data-widget_type=\"text-editor.default\">\n\t\t\t\t<div class=\"elementor-widget-container\">\n\t\t\t\t\t\t\t\t\t<p><span style=\"color: #ffffff;\"><b>Avisos<\/b><\/span><\/p>\t\t\t\t\t\t\t\t<\/div>\n\t\t\t\t<\/div>\n\t\t\t\t<div class=\"elementor-element elementor-element-433fb7f0 elementor-widget elementor-widget-text-editor\" data-id=\"433fb7f0\" data-element_type=\"widget\" data-widget_type=\"text-editor.default\">\n\t\t\t\t<div class=\"elementor-widget-container\">\n\t\t\t\t\t\t\t\t\t<p style=\"text-align: center;\"><span style=\"color: #ffffff;\"><strong>Editais<\/strong><\/span><\/p>\t\t\t\t\t\t\t\t<\/div>\n\t\t\t\t<\/div>\n\t\t\t\t<div class=\"elementor-element elementor-element-61ab10cc elementor-widget elementor-widget-text-editor\" data-id=\"61ab10cc\" data-element_type=\"widget\" data-widget_type=\"text-editor.default\">\n\t\t\t\t<div class=\"elementor-widget-container\">\n\t\t\t\t\t\t\t\t\t<p><span style=\"color: #000000;\">Edital 1 <strong><a href=\"..\/wp-content\/uploads\/2022\/07\/EDITAL-DE-MATRICULA-2o-semestre-de-2022-REGULAR.pdf\">(Clique aqui)<\/a><\/strong><\/span><\/p>\t\t\t\t\t\t\t\t<\/div>\n\t\t\t\t<\/div>\n\t\t\t\t\t<\/div>\n\t\t<\/div>\n\t\t\t\t\t<\/div>\n\t\t<\/section>\n\t\t\t\t\t<\/div>\n\t\t<\/div>\n\t\t\t\t\t<\/div>\n\t\t<\/section>\n\t\t\t\t<\/div>\n\t\t","protected":false},"excerpt":{"rendered":"<p>Curso Livre de L\u00edngua Inglesa e Libras &#8211; Campus UFPA Altamira (2\u00b0 semestre de 2022) As aulas de Ingl\u00eas e Libras ser\u00e3o ofertadas na modalidade PRESENCIAL (exceto para Ingl\u00eas Instrumental), respeitando os protocolos de seguran\u00e7a sanit\u00e1rios e bandeiramento vigente da UFPA.Escolha seu hor\u00e1rio, matricule-se e venha estudar uma nova l\u00edngua na UFPA Altamira. Cursos: INGL\u00caS:\u25cf [&hellip;]<\/p>\n","protected":false},"author":12,"featured_media":0,"parent":0,"menu_order":0,"comment_status":"closed","ping_status":"closed","template":"","meta":{"_monsterinsights_skip_tracking":false,"_monsterinsights_sitenote_active":false,"_monsterinsights_sitenote_note":"","_monsterinsights_sitenote_category":0,"footnotes":""},"class_list":["post-28391","page","type-page","status-publish","hentry","entry"],"yoast_head":"<!-- This site is optimized with the Yoast SEO plugin v25.1 - https:\/\/yoast.com\/wordpress\/plugins\/seo\/ -->\n<title>Curso Livre de L\u00edngua Inglesa e Libras - Campus UFPA Altamira (2\u00b0 semestre de 2022) - FADESP<\/title>\n<meta name=\"robots\" content=\"index, follow, max-snippet:-1, max-image-preview:large, max-video-preview:-1\" \/>\n<link rel=\"canonical\" href=\"https:\/\/portalfadesp.org.br\/?page_id=28391\" \/>\n<meta property=\"og:locale\" content=\"pt_BR\" \/>\n<meta property=\"og:type\" content=\"article\" \/>\n<meta property=\"og:title\" content=\"Curso Livre de L\u00edngua Inglesa e Libras - Campus UFPA Altamira (2\u00b0 semestre de 2022) - FADESP\" \/>\n<meta property=\"og:description\" content=\"Curso Livre de L\u00edngua Inglesa e Libras &#8211; Campus UFPA Altamira (2\u00b0 semestre de 2022) As aulas de Ingl\u00eas e Libras ser\u00e3o ofertadas na modalidade PRESENCIAL (exceto para Ingl\u00eas Instrumental), respeitando os protocolos de seguran\u00e7a sanit\u00e1rios e bandeiramento vigente da UFPA.Escolha seu hor\u00e1rio, matricule-se e venha estudar uma nova l\u00edngua na UFPA Altamira. Cursos: INGL\u00caS:\u25cf [&hellip;]\" \/>\n<meta property=\"og:url\" content=\"https:\/\/portalfadesp.org.br\/?page_id=28391\" \/>\n<meta property=\"og:site_name\" content=\"FADESP\" \/>\n<meta property=\"article:publisher\" content=\"https:\/\/www.facebook.com\/Fadesp-138351949524662\/\" \/>\n<meta property=\"article:modified_time\" content=\"2022-12-21T16:00:20+00:00\" \/>\n<meta name=\"twitter:card\" content=\"summary_large_image\" \/>\n<meta name=\"twitter:site\" content=\"@Fadesp\" \/>\n<meta name=\"twitter:label1\" content=\"Est. tempo de leitura\" \/>\n\t<meta name=\"twitter:data1\" content=\"1 minuto\" \/>\n<script type=\"application\/ld+json\" class=\"yoast-schema-graph\">{\"@context\":\"https:\/\/schema.org\",\"@graph\":[{\"@type\":\"WebPage\",\"@id\":\"https:\/\/portalfadesp.org.br\/?page_id=28391\",\"url\":\"https:\/\/portalfadesp.org.br\/?page_id=28391\",\"name\":\"Curso Livre de L\u00edngua Inglesa e Libras - Campus UFPA Altamira (2\u00b0 semestre de 2022) - FADESP\",\"isPartOf\":{\"@id\":\"https:\/\/portalfadesp.org.br\/#website\"},\"datePublished\":\"2022-01-03T18:59:15+00:00\",\"dateModified\":\"2022-12-21T16:00:20+00:00\",\"breadcrumb\":{\"@id\":\"https:\/\/portalfadesp.org.br\/?page_id=28391#breadcrumb\"},\"inLanguage\":\"pt-BR\",\"potentialAction\":[{\"@type\":\"ReadAction\",\"target\":[\"https:\/\/portalfadesp.org.br\/?page_id=28391\"]}]},{\"@type\":\"BreadcrumbList\",\"@id\":\"https:\/\/portalfadesp.org.br\/?page_id=28391#breadcrumb\",\"itemListElement\":[{\"@type\":\"ListItem\",\"position\":1,\"name\":\"In\u00edcio\",\"item\":\"https:\/\/portalfadesp.org.br\/\"},{\"@type\":\"ListItem\",\"position\":2,\"name\":\"Curso Livre de L\u00edngua Inglesa e Libras &#8211; Campus UFPA Altamira (2\u00b0 semestre de 2022)\"}]},{\"@type\":\"WebSite\",\"@id\":\"https:\/\/portalfadesp.org.br\/#website\",\"url\":\"https:\/\/portalfadesp.org.br\/\",\"name\":\"FADESP\",\"description\":\"Funda\u00e7\u00e3o de Amparo e Desenvolvimento da Pesquisa\",\"publisher\":{\"@id\":\"https:\/\/portalfadesp.org.br\/#organization\"},\"potentialAction\":[{\"@type\":\"SearchAction\",\"target\":{\"@type\":\"EntryPoint\",\"urlTemplate\":\"https:\/\/portalfadesp.org.br\/?s={search_term_string}\"},\"query-input\":{\"@type\":\"PropertyValueSpecification\",\"valueRequired\":true,\"valueName\":\"search_term_string\"}}],\"inLanguage\":\"pt-BR\"},{\"@type\":\"Organization\",\"@id\":\"https:\/\/portalfadesp.org.br\/#organization\",\"name\":\"FADESP\",\"url\":\"https:\/\/portalfadesp.org.br\/\",\"logo\":{\"@type\":\"ImageObject\",\"inLanguage\":\"pt-BR\",\"@id\":\"https:\/\/portalfadesp.org.br\/#\/schema\/logo\/image\/\",\"url\":\"https:\/\/portalfadesp.org.br\/wp-content\/uploads\/2024\/01\/NOVOLOGOFADESPlaranjaH.png\",\"contentUrl\":\"https:\/\/portalfadesp.org.br\/wp-content\/uploads\/2024\/01\/NOVOLOGOFADESPlaranjaH.png\",\"width\":2742,\"height\":839,\"caption\":\"FADESP\"},\"image\":{\"@id\":\"https:\/\/portalfadesp.org.br\/#\/schema\/logo\/image\/\"},\"sameAs\":[\"https:\/\/www.facebook.com\/Fadesp-138351949524662\/\",\"https:\/\/x.com\/Fadesp\",\"https:\/\/www.instagram.com\/fadesp_ufpa\/\",\"https:\/\/www.youtube.com\/@fundacaodeamparoedesenvolv1903\",\"https:\/\/www.threads.net\/@fadesp_ufpa\"]}]}<\/script>\n<!-- \/ Yoast SEO plugin. -->","yoast_head_json":{"title":"Curso Livre de L\u00edngua Inglesa e Libras - Campus UFPA Altamira (2\u00b0 semestre de 2022) - FADESP","robots":{"index":"index","follow":"follow","max-snippet":"max-snippet:-1","max-image-preview":"max-image-preview:large","max-video-preview":"max-video-preview:-1"},"canonical":"https:\/\/portalfadesp.org.br\/?page_id=28391","og_locale":"pt_BR","og_type":"article","og_title":"Curso Livre de L\u00edngua Inglesa e Libras - Campus UFPA Altamira (2\u00b0 semestre de 2022) - FADESP","og_description":"Curso Livre de L\u00edngua Inglesa e Libras &#8211; Campus UFPA Altamira (2\u00b0 semestre de 2022) As aulas de Ingl\u00eas e Libras ser\u00e3o ofertadas na modalidade PRESENCIAL (exceto para Ingl\u00eas Instrumental), respeitando os protocolos de seguran\u00e7a sanit\u00e1rios e bandeiramento vigente da UFPA.Escolha seu hor\u00e1rio, matricule-se e venha estudar uma nova l\u00edngua na UFPA Altamira. Cursos: INGL\u00caS:\u25cf [&hellip;]","og_url":"https:\/\/portalfadesp.org.br\/?page_id=28391","og_site_name":"FADESP","article_publisher":"https:\/\/www.facebook.com\/Fadesp-138351949524662\/","article_modified_time":"2022-12-21T16:00:20+00:00","twitter_card":"summary_large_image","twitter_site":"@Fadesp","twitter_misc":{"Est. tempo de leitura":"1 minuto"},"schema":{"@context":"https:\/\/schema.org","@graph":[{"@type":"WebPage","@id":"https:\/\/portalfadesp.org.br\/?page_id=28391","url":"https:\/\/portalfadesp.org.br\/?page_id=28391","name":"Curso Livre de L\u00edngua Inglesa e Libras - Campus UFPA Altamira (2\u00b0 semestre de 2022) - FADESP","isPartOf":{"@id":"https:\/\/portalfadesp.org.br\/#website"},"datePublished":"2022-01-03T18:59:15+00:00","dateModified":"2022-12-21T16:00:20+00:00","breadcrumb":{"@id":"https:\/\/portalfadesp.org.br\/?page_id=28391#breadcrumb"},"inLanguage":"pt-BR","potentialAction":[{"@type":"ReadAction","target":["https:\/\/portalfadesp.org.br\/?page_id=28391"]}]},{"@type":"BreadcrumbList","@id":"https:\/\/portalfadesp.org.br\/?page_id=28391#breadcrumb","itemListElement":[{"@type":"ListItem","position":1,"name":"In\u00edcio","item":"https:\/\/portalfadesp.org.br\/"},{"@type":"ListItem","position":2,"name":"Curso Livre de L\u00edngua Inglesa e Libras &#8211; Campus UFPA Altamira (2\u00b0 semestre de 2022)"}]},{"@type":"WebSite","@id":"https:\/\/portalfadesp.org.br\/#website","url":"https:\/\/portalfadesp.org.br\/","name":"FADESP","description":"Funda\u00e7\u00e3o de Amparo e Desenvolvimento da Pesquisa","publisher":{"@id":"https:\/\/portalfadesp.org.br\/#organization"},"potentialAction":[{"@type":"SearchAction","target":{"@type":"EntryPoint","urlTemplate":"https:\/\/portalfadesp.org.br\/?s={search_term_string}"},"query-input":{"@type":"PropertyValueSpecification","valueRequired":true,"valueName":"search_term_string"}}],"inLanguage":"pt-BR"},{"@type":"Organization","@id":"https:\/\/portalfadesp.org.br\/#organization","name":"FADESP","url":"https:\/\/portalfadesp.org.br\/","logo":{"@type":"ImageObject","inLanguage":"pt-BR","@id":"https:\/\/portalfadesp.org.br\/#\/schema\/logo\/image\/","url":"https:\/\/portalfadesp.org.br\/wp-content\/uploads\/2024\/01\/NOVOLOGOFADESPlaranjaH.png","contentUrl":"https:\/\/portalfadesp.org.br\/wp-content\/uploads\/2024\/01\/NOVOLOGOFADESPlaranjaH.png","width":2742,"height":839,"caption":"FADESP"},"image":{"@id":"https:\/\/portalfadesp.org.br\/#\/schema\/logo\/image\/"},"sameAs":["https:\/\/www.facebook.com\/Fadesp-138351949524662\/","https:\/\/x.com\/Fadesp","https:\/\/www.instagram.com\/fadesp_ufpa\/","https:\/\/www.youtube.com\/@fundacaodeamparoedesenvolv1903","https:\/\/www.threads.net\/@fadesp_ufpa"]}]}},"_links":{"self":[{"href":"https:\/\/portalfadesp.org.br\/index.php?rest_route=\/wp\/v2\/pages\/28391","targetHints":{"allow":["GET"]}}],"collection":[{"href":"https:\/\/portalfadesp.org.br\/index.php?rest_route=\/wp\/v2\/pages"}],"about":[{"href":"https:\/\/portalfadesp.org.br\/index.php?rest_route=\/wp\/v2\/types\/page"}],"author":[{"embeddable":true,"href":"https:\/\/portalfadesp.org.br\/index.php?rest_route=\/wp\/v2\/users\/12"}],"replies":[{"embeddable":true,"href":"https:\/\/portalfadesp.org.br\/index.php?rest_route=%2Fwp%2Fv2%2Fcomments&post=28391"}],"version-history":[{"count":10,"href":"https:\/\/portalfadesp.org.br\/index.php?rest_route=\/wp\/v2\/pages\/28391\/revisions"}],"predecessor-version":[{"id":38400,"href":"https:\/\/portalfadesp.org.br\/index.php?rest_route=\/wp\/v2\/pages\/28391\/revisions\/38400"}],"wp:attachment":[{"href":"https:\/\/portalfadesp.org.br\/index.php?rest_route=%2Fwp%2Fv2%2Fmedia&parent=28391"}],"curies":[{"name":"wp","href":"https:\/\/api.w.org\/{rel}","templated":true}]}}