{"id":28347,"date":"2022-04-29T17:07:24","date_gmt":"2022-04-29T20:07:24","guid":{"rendered":"https:\/\/162.215.13.167?page_id=28347"},"modified":"2022-12-20T10:40:47","modified_gmt":"2022-12-20T13:40:47","slug":"processo-seletivo-especial-2022-4pse-2022-04-8","status":"publish","type":"page","link":"https:\/\/portalfadesp.org.br\/?page_id=28347","title":{"rendered":"Processo Seletivo Especial &#8211; 2022\/4 (PSE 2022-04)"},"content":{"rendered":"\t\t<div data-elementor-type=\"wp-page\" data-elementor-id=\"28347\" class=\"elementor elementor-28347\" data-elementor-post-type=\"page\">\n\t\t\t\t\t\t<section class=\"elementor-section elementor-top-section elementor-element elementor-element-0008ba3 elementor-section-boxed elementor-section-height-default elementor-section-height-default\" data-id=\"0008ba3\" data-element_type=\"section\">\n\t\t\t\t\t\t<div class=\"elementor-container elementor-column-gap-default\">\n\t\t\t\t\t<div class=\"elementor-column elementor-col-100 elementor-top-column elementor-element elementor-element-d25367f\" data-id=\"d25367f\" data-element_type=\"column\">\n\t\t\t<div class=\"elementor-widget-wrap elementor-element-populated\">\n\t\t\t\t\t\t<div class=\"elementor-element elementor-element-f423579 elementor-widget elementor-widget-heading\" data-id=\"f423579\" data-element_type=\"widget\" data-widget_type=\"heading.default\">\n\t\t\t\t<div class=\"elementor-widget-container\">\n\t\t\t\t\t<h1 class=\"elementor-heading-title elementor-size-default\">PROCESSO SELETIVO ESPECIAL 2022-4 ( PSE 2022-4 )<\/h1>\t\t\t\t<\/div>\n\t\t\t\t<\/div>\n\t\t\t\t<section class=\"elementor-section elementor-inner-section elementor-element elementor-element-2a57068 elementor-section-boxed elementor-section-height-default elementor-section-height-default\" data-id=\"2a57068\" data-element_type=\"section\">\n\t\t\t\t\t\t<div class=\"elementor-container elementor-column-gap-default\">\n\t\t\t\t\t<div class=\"elementor-column elementor-col-50 elementor-inner-column elementor-element elementor-element-5d504b0\" data-id=\"5d504b0\" data-element_type=\"column\">\n\t\t\t<div class=\"elementor-widget-wrap elementor-element-populated\">\n\t\t\t\t\t\t<div class=\"elementor-element elementor-element-78c2191 elementor-widget elementor-widget-text-editor\" data-id=\"78c2191\" data-element_type=\"widget\" data-widget_type=\"text-editor.default\">\n\t\t\t\t<div class=\"elementor-widget-container\">\n\t\t\t\t\t\t\t\t\t<p>A Universidade Federal do Par\u00e1 \u2013 UFPA, por meio da Comiss\u00e3o Permanente de Processos Seletivos (COPERPS), torna p\u00fablica a abertura de inscri\u00e7\u00f5es e as normas que regem o Processo Seletivo Especial do ano de 2022 (PSE 2022-4), destinado \u00e0 sele\u00e7\u00e3o diferenciada de candidatos(as) para o Curso de Licenciatura em Educa\u00e7\u00e3o do Campo para o ano de 2022, oferecido pela Universidade Federal do Par\u00e1, nos termos da Resolu\u00e7\u00e3o n\u00ba 5496 de 27 de abril de 2022, do Conselho Superior de Ensino, Pesquisa e Extens\u00e3o (CONSEPE\/UFPA); da Lei no 9.394\/1996, que disp\u00f5e sobre as Diretrizes e Bases da Educa\u00e7\u00e3o Nacional; demais legisla\u00e7\u00f5es vigentes e mediante as condi\u00e7\u00f5es estabelecidas no edital.<\/p><p><strong>Vagas: <\/strong>200 vagas ofertadas e 05 vagas para PcD.<\/p><p><strong>Publico Alvo: <\/strong><span dir=\"ltr\" role=\"presentation\">Comunidades<\/span> <span dir=\"ltr\" role=\"presentation\">do<\/span> <span dir=\"ltr\" role=\"presentation\">Campo<\/span> (Grupos e popula\u00e7\u00f5es organizados que habitam os espa\u00e7os geogr\u00e1ficos do campo (terra firme e v\u00e1rzea) e que possuam rela\u00e7\u00f5es sociais de vizinhan\u00e7a, parentesco, situa\u00e7\u00e3o comum de interesses, identidade e formas de a\u00e7\u00e3o comum, ligados a esses espa\u00e7os geogr\u00e1ficos.<\/p><p><strong>Objetivo:<\/strong> Cursos de gradua\u00e7\u00e3o e licenciatura em educa\u00e7\u00e3o do campo.<\/p><p><strong>Taxa de inscri\u00e7\u00e3o<\/strong>: N\u00e3o haver\u00e1 combran\u00e7a de taxa de inscri\u00e7\u00e3o<br \/>\u2026\u2026\u2026\u2026\u2026\u2026\u2026\u2026\u2026\u2026&#8230;&#8230;&#8230;&#8230;&#8230;&#8230;&#8230;&#8230;&#8230;&#8230;&#8230;&#8230;&#8230;&#8230;&#8230;&#8230;&#8230;&#8230;&#8230;&#8230;&#8230;.<\/p><p><strong>Datas importantes:<\/strong><\/p><p><strong>Inscri\u00e7\u00e3o: <\/strong>02 a 18\/05\/2022<br \/><strong>Prova Objetiva e Prova de Reda\u00e7\u00e3o:<\/strong> 29\/05\/2022<\/p>\t\t\t\t\t\t\t\t<\/div>\n\t\t\t\t<\/div>\n\t\t\t\t\t<\/div>\n\t\t<\/div>\n\t\t\t\t<div class=\"elementor-column elementor-col-50 elementor-inner-column elementor-element elementor-element-992d68d\" data-id=\"992d68d\" data-element_type=\"column\">\n\t\t\t<div class=\"elementor-widget-wrap elementor-element-populated\">\n\t\t\t\t\t\t<div class=\"elementor-element elementor-element-82d96f3 elementor-widget elementor-widget-text-editor\" data-id=\"82d96f3\" data-element_type=\"widget\" data-widget_type=\"text-editor.default\">\n\t\t\t\t<div class=\"elementor-widget-container\">\n\t\t\t\t\t\t\t\t\t<p><span style=\"color: #ffffff;\"><b>Avisos<\/b><\/span><\/p>\t\t\t\t\t\t\t\t<\/div>\n\t\t\t\t<\/div>\n\t\t\t\t<div class=\"elementor-element elementor-element-56c9dc0 elementor-widget elementor-widget-text-editor\" data-id=\"56c9dc0\" data-element_type=\"widget\" data-widget_type=\"text-editor.default\">\n\t\t\t\t<div class=\"elementor-widget-container\">\n\t\t\t\t\t\t\t\t\t<div class=\"botaoBug\" style=\"margin-top: 20px;\"><a href=\"http:\/\/concursos2.fadesp.org.br\/proselufpaec2022\/web\/index.php\"><strong>Respostas dos Recursos (Clique Aqui)<\/strong><\/a><\/div>\t\t\t\t\t\t\t\t<\/div>\n\t\t\t\t<\/div>\n\t\t\t\t<div class=\"elementor-element elementor-element-edc6d71 elementor-widget elementor-widget-text-editor\" data-id=\"edc6d71\" data-element_type=\"widget\" data-widget_type=\"text-editor.default\">\n\t\t\t\t<div class=\"elementor-widget-container\">\n\t\t\t\t\t\t\t\t\t<p style=\"text-align: center;\"><strong><span style=\"color: #ffffff;\">Editais<\/span><\/strong><\/p>\t\t\t\t\t\t\t\t<\/div>\n\t\t\t\t<\/div>\n\t\t\t\t<div class=\"elementor-element elementor-element-1957ae6 editaisScroll elementor-widget elementor-widget-text-editor\" data-id=\"1957ae6\" data-element_type=\"widget\" data-widget_type=\"text-editor.default\">\n\t\t\t\t<div class=\"elementor-widget-container\">\n\t\t\t\t\t\t\t\t\t<p>Resultado Final, de 28\/06\/2022 <a href=\"http:\/\/concursos2.fadesp.org.br\/proselufpaec2022\/arquivos\/Resultado Final do PSE 2022-4 Educa\u00e7\u00e3o do Campo.pdf\"><strong>(Clique Aqui)<\/strong><\/a><\/p><p>Resultado Definitivo da 2\u00aa Etapa &#8211; Entrevista, de 28\/06\/2022 <a href=\"http:\/\/concursos2.fadesp.org.br\/proselufpaec2022\/arquivos\/Resultado Definitivo da 2a Etapa - Entrevista.pdf\"><strong>(Clique Aqui)<\/strong><\/a><\/p><p>Resultado Preliminar da 2\u00aa Etapa &#8211; Entrevista, de 23\/06\/2022 <a href=\"http:\/\/concursos2.fadesp.org.br\/proselufpaec2022\/arquivos\/Resultado Preliminar da 2a Etapa - Entrevista.pdf\"><strong>(Clique Aqui)<\/strong><\/a><\/p><p>Convoca\u00e7\u00e3o da Etapa de Entrevista, de 15\/06\/2022 <a href=\"http:\/\/concursos2.fadesp.org.br\/proselufpaec2022\/arquivos\/Convoca\u00e7\u00e3o da Etapa de Entrevista do PSE 2022_4_EDUCA\u00c7\u00c3O DO CAMPO.pdf\"><strong>(Clique Aqui)<\/strong><\/a><\/p><p>Resultado Definitivo da Prova Objetiva, de 15\/06\/2022 <a href=\"http:\/\/concursos2.fadesp.org.br\/proselufpaec2022\/arquivos\/Resultado Definitivo da Prova Objetiva.pdf\"><strong>(Clique Aqui)<\/strong><\/a><\/p><p>Resultado Definitivo da Prova de Reda\u00e7\u00e3o, de 15\/06\/2022 <a href=\"http:\/\/concursos2.fadesp.org.br\/proselufpaec2022\/arquivos\/Resultado Definitivo da Prova de Reda\u00e7\u00e3o.pdf\"><strong>(Clique Aqui)<\/strong><\/a><\/p><p>Resultado Preliminar da Prova Objetiva, de 10\/06\/2022 <a href=\"http:\/\/concursos2.fadesp.org.br\/proselufpaec2022\/arquivos\/Resultado Preliminar da Prova Objetiva.pdf\"><strong>(Clique Aqui)<\/strong><\/a><\/p><p>Resultado Preliminar da Prova de Reda\u00e7\u00e3o, de 10\/06\/2022 <a href=\"http:\/\/concursos2.fadesp.org.br\/proselufpaec2022\/arquivos\/Resultado Preliminar da Prova de Reda\u00e7\u00e3o.pdf\"><strong>(Clique Aqui)<\/strong><\/a><\/p><p>Gabarito Oficial Definitivo, de 03\/06\/2022 <a href=\"http:\/\/concursos2.fadesp.org.br\/proselufpaec2022\/arquivos\/GABARITO OFICIAL DEFINITIVO_ED DO CAMPO UFPA 2022.pdf\"><strong>(Clique Aqui)<\/strong><\/a><\/p><p>Gabarito Oficial Preliminar, de 30\/05\/2022 <a href=\"http:\/\/concursos2.fadesp.org.br\/proselufpaec2022\/arquivos\/GABARITO OFICIAL PRELIMINAR_ED DO CAMPO UFPA 2022.pdf\"><strong>(Clique Aqui)<\/strong><\/a><\/p><p>Prova Educa\u00e7\u00e3o no Campo, de 30\/05\/2022 <a href=\"http:\/\/concursos2.fadesp.org.br\/proselufpaec2022\/arquivos\/PROVA EDUCA\u00c7\u00c3O NO CAMPO.pdf\"><strong>(Clique Aqui)<\/strong><\/a><\/p><p>Resultado Definitivo das Inscri\u00e7\u00f5es, de 25\/05\/2022 <a href=\"http:\/\/concursos2.fadesp.org.br\/proselufpaec2022\/arquivos\/RESULTADO DEFINITIVO DA HOMOLOGA\u00c7\u00c3O DAS INSCRI\u00c7\u00d5ES.pdf\"><strong>(Clique Aqui)<\/strong><\/a><\/p><p>Resultado Preliminar das Inscri\u00e7\u00f5es, de 20\/05\/2022 <a href=\"http:\/\/concursos2.fadesp.org.br\/proselufpaec2022\/arquivos\/RESULTADO PRELIMINAR DA HOMOLOGA\u00c7\u00c3O DAS INSCRI\u00c7\u00d5ES_EDUCA\u00c7\u00c3O DO CAMPO.pdf\"><strong>(Clique Aqui)<\/strong><\/a><\/p><p><span style=\"font-size: 14px;\">Inscri\u00e7\u00f5es prorrogadas at\u00e9 18\/05\/2022<br \/>Retifica\u00e7\u00e3o do Edita N\u00ba 02\/2022 &#8211; Processo Seletivo Especial 2022-4 &#8211; PSE 2022-4, de 13\/05\/2022\u00a0 <\/span><strong style=\"font-family: Lato, Montserrat, 'sans-serif'; font-size: 14px;\"><a href=\"http:\/\/concursos2.fadesp.org.br\/proselufpaec2022\/arquivos\/RETIFICA\u00c7\u00c3O DO EDITAL N\u00ba 02_2022_EDUCA\u00c7\u00c3O DO CAMPO.pdf\">(Clique aqui)<\/a><\/strong><\/p><p>Matriz de Refer\u00eancia do ENEM 2022, de 01\/05\/2022 <strong><a href=\"#\">(Clique aqui)<\/a><\/strong><\/p><p>Edital N\u00ba 02\/2022 &#8211; Processo Seletivo Especial 2022-4 &#8211; PSE 2022-4 <strong><a href=\"https:\/\/portalfadesp.org.br\/wp-content\/uploads\/2022\/04\/EDITAL-No-02_2022_PSE-2022_4_EDUCACAO-DO-CAMPO.pdf\">(Clique aqui)<\/a><\/strong><\/p>\t\t\t\t\t\t\t\t<\/div>\n\t\t\t\t<\/div>\n\t\t\t\t\t<\/div>\n\t\t<\/div>\n\t\t\t\t\t<\/div>\n\t\t<\/section>\n\t\t\t\t\t<\/div>\n\t\t<\/div>\n\t\t\t\t\t<\/div>\n\t\t<\/section>\n\t\t\t\t<\/div>\n\t\t","protected":false},"excerpt":{"rendered":"<p>PROCESSO SELETIVO ESPECIAL 2022-4 ( PSE 2022-4 ) A Universidade Federal do Par\u00e1 \u2013 UFPA, por meio da Comiss\u00e3o Permanente de Processos Seletivos (COPERPS), torna p\u00fablica a abertura de inscri\u00e7\u00f5es e as normas que regem o Processo Seletivo Especial do ano de 2022 (PSE 2022-4), destinado \u00e0 sele\u00e7\u00e3o diferenciada de candidatos(as) para o Curso de [&hellip;]<\/p>\n","protected":false},"author":9,"featured_media":0,"parent":329,"menu_order":0,"comment_status":"closed","ping_status":"closed","template":"","meta":{"_monsterinsights_skip_tracking":false,"_monsterinsights_sitenote_active":false,"_monsterinsights_sitenote_note":"","_monsterinsights_sitenote_category":0,"footnotes":""},"class_list":["post-28347","page","type-page","status-publish","hentry","entry"],"yoast_head":"<!-- This site is optimized with the Yoast SEO plugin v25.1 - https:\/\/yoast.com\/wordpress\/plugins\/seo\/ -->\n<title>Processo Seletivo Especial - 2022\/4 (PSE 2022-04) - FADESP<\/title>\n<meta name=\"robots\" content=\"index, follow, max-snippet:-1, max-image-preview:large, max-video-preview:-1\" \/>\n<link rel=\"canonical\" href=\"https:\/\/portalfadesp.org.br\/?page_id=28347\" \/>\n<meta property=\"og:locale\" content=\"pt_BR\" \/>\n<meta property=\"og:type\" content=\"article\" \/>\n<meta property=\"og:title\" content=\"Processo Seletivo Especial - 2022\/4 (PSE 2022-04) - FADESP\" \/>\n<meta property=\"og:description\" content=\"PROCESSO SELETIVO ESPECIAL 2022-4 ( PSE 2022-4 ) A Universidade Federal do Par\u00e1 \u2013 UFPA, por meio da Comiss\u00e3o Permanente de Processos Seletivos (COPERPS), torna p\u00fablica a abertura de inscri\u00e7\u00f5es e as normas que regem o Processo Seletivo Especial do ano de 2022 (PSE 2022-4), destinado \u00e0 sele\u00e7\u00e3o diferenciada de candidatos(as) para o Curso de [&hellip;]\" \/>\n<meta property=\"og:url\" content=\"https:\/\/portalfadesp.org.br\/?page_id=28347\" \/>\n<meta property=\"og:site_name\" content=\"FADESP\" \/>\n<meta property=\"article:publisher\" content=\"https:\/\/www.facebook.com\/Fadesp-138351949524662\/\" \/>\n<meta property=\"article:modified_time\" content=\"2022-12-20T13:40:47+00:00\" \/>\n<meta name=\"twitter:card\" content=\"summary_large_image\" \/>\n<meta name=\"twitter:site\" content=\"@Fadesp\" \/>\n<meta name=\"twitter:label1\" content=\"Est. tempo de leitura\" \/>\n\t<meta name=\"twitter:data1\" content=\"2 minutos\" \/>\n<script type=\"application\/ld+json\" class=\"yoast-schema-graph\">{\"@context\":\"https:\/\/schema.org\",\"@graph\":[{\"@type\":\"WebPage\",\"@id\":\"https:\/\/portalfadesp.org.br\/?page_id=28347\",\"url\":\"https:\/\/portalfadesp.org.br\/?page_id=28347\",\"name\":\"Processo Seletivo Especial - 2022\/4 (PSE 2022-04) - FADESP\",\"isPartOf\":{\"@id\":\"https:\/\/portalfadesp.org.br\/#website\"},\"datePublished\":\"2022-04-29T20:07:24+00:00\",\"dateModified\":\"2022-12-20T13:40:47+00:00\",\"breadcrumb\":{\"@id\":\"https:\/\/portalfadesp.org.br\/?page_id=28347#breadcrumb\"},\"inLanguage\":\"pt-BR\",\"potentialAction\":[{\"@type\":\"ReadAction\",\"target\":[\"https:\/\/portalfadesp.org.br\/?page_id=28347\"]}]},{\"@type\":\"BreadcrumbList\",\"@id\":\"https:\/\/portalfadesp.org.br\/?page_id=28347#breadcrumb\",\"itemListElement\":[{\"@type\":\"ListItem\",\"position\":1,\"name\":\"In\u00edcio\",\"item\":\"https:\/\/portalfadesp.org.br\/\"},{\"@type\":\"ListItem\",\"position\":2,\"name\":\"Concursos &#8211; Homologados\",\"item\":\"https:\/\/portalfadesp.org.br\/?page_id=329\"},{\"@type\":\"ListItem\",\"position\":3,\"name\":\"Processo Seletivo Especial &#8211; 2022\/4 (PSE 2022-04)\"}]},{\"@type\":\"WebSite\",\"@id\":\"https:\/\/portalfadesp.org.br\/#website\",\"url\":\"https:\/\/portalfadesp.org.br\/\",\"name\":\"FADESP\",\"description\":\"Funda\u00e7\u00e3o de Amparo e Desenvolvimento da Pesquisa\",\"publisher\":{\"@id\":\"https:\/\/portalfadesp.org.br\/#organization\"},\"potentialAction\":[{\"@type\":\"SearchAction\",\"target\":{\"@type\":\"EntryPoint\",\"urlTemplate\":\"https:\/\/portalfadesp.org.br\/?s={search_term_string}\"},\"query-input\":{\"@type\":\"PropertyValueSpecification\",\"valueRequired\":true,\"valueName\":\"search_term_string\"}}],\"inLanguage\":\"pt-BR\"},{\"@type\":\"Organization\",\"@id\":\"https:\/\/portalfadesp.org.br\/#organization\",\"name\":\"FADESP\",\"url\":\"https:\/\/portalfadesp.org.br\/\",\"logo\":{\"@type\":\"ImageObject\",\"inLanguage\":\"pt-BR\",\"@id\":\"https:\/\/portalfadesp.org.br\/#\/schema\/logo\/image\/\",\"url\":\"https:\/\/portalfadesp.org.br\/wp-content\/uploads\/2024\/01\/NOVOLOGOFADESPlaranjaH.png\",\"contentUrl\":\"https:\/\/portalfadesp.org.br\/wp-content\/uploads\/2024\/01\/NOVOLOGOFADESPlaranjaH.png\",\"width\":2742,\"height\":839,\"caption\":\"FADESP\"},\"image\":{\"@id\":\"https:\/\/portalfadesp.org.br\/#\/schema\/logo\/image\/\"},\"sameAs\":[\"https:\/\/www.facebook.com\/Fadesp-138351949524662\/\",\"https:\/\/x.com\/Fadesp\",\"https:\/\/www.instagram.com\/fadesp_ufpa\/\",\"https:\/\/www.youtube.com\/@fundacaodeamparoedesenvolv1903\",\"https:\/\/www.threads.net\/@fadesp_ufpa\"]}]}<\/script>\n<!-- \/ Yoast SEO plugin. -->","yoast_head_json":{"title":"Processo Seletivo Especial - 2022\/4 (PSE 2022-04) - FADESP","robots":{"index":"index","follow":"follow","max-snippet":"max-snippet:-1","max-image-preview":"max-image-preview:large","max-video-preview":"max-video-preview:-1"},"canonical":"https:\/\/portalfadesp.org.br\/?page_id=28347","og_locale":"pt_BR","og_type":"article","og_title":"Processo Seletivo Especial - 2022\/4 (PSE 2022-04) - FADESP","og_description":"PROCESSO SELETIVO ESPECIAL 2022-4 ( PSE 2022-4 ) A Universidade Federal do Par\u00e1 \u2013 UFPA, por meio da Comiss\u00e3o Permanente de Processos Seletivos (COPERPS), torna p\u00fablica a abertura de inscri\u00e7\u00f5es e as normas que regem o Processo Seletivo Especial do ano de 2022 (PSE 2022-4), destinado \u00e0 sele\u00e7\u00e3o diferenciada de candidatos(as) para o Curso de [&hellip;]","og_url":"https:\/\/portalfadesp.org.br\/?page_id=28347","og_site_name":"FADESP","article_publisher":"https:\/\/www.facebook.com\/Fadesp-138351949524662\/","article_modified_time":"2022-12-20T13:40:47+00:00","twitter_card":"summary_large_image","twitter_site":"@Fadesp","twitter_misc":{"Est. tempo de leitura":"2 minutos"},"schema":{"@context":"https:\/\/schema.org","@graph":[{"@type":"WebPage","@id":"https:\/\/portalfadesp.org.br\/?page_id=28347","url":"https:\/\/portalfadesp.org.br\/?page_id=28347","name":"Processo Seletivo Especial - 2022\/4 (PSE 2022-04) - FADESP","isPartOf":{"@id":"https:\/\/portalfadesp.org.br\/#website"},"datePublished":"2022-04-29T20:07:24+00:00","dateModified":"2022-12-20T13:40:47+00:00","breadcrumb":{"@id":"https:\/\/portalfadesp.org.br\/?page_id=28347#breadcrumb"},"inLanguage":"pt-BR","potentialAction":[{"@type":"ReadAction","target":["https:\/\/portalfadesp.org.br\/?page_id=28347"]}]},{"@type":"BreadcrumbList","@id":"https:\/\/portalfadesp.org.br\/?page_id=28347#breadcrumb","itemListElement":[{"@type":"ListItem","position":1,"name":"In\u00edcio","item":"https:\/\/portalfadesp.org.br\/"},{"@type":"ListItem","position":2,"name":"Concursos &#8211; Homologados","item":"https:\/\/portalfadesp.org.br\/?page_id=329"},{"@type":"ListItem","position":3,"name":"Processo Seletivo Especial &#8211; 2022\/4 (PSE 2022-04)"}]},{"@type":"WebSite","@id":"https:\/\/portalfadesp.org.br\/#website","url":"https:\/\/portalfadesp.org.br\/","name":"FADESP","description":"Funda\u00e7\u00e3o de Amparo e Desenvolvimento da Pesquisa","publisher":{"@id":"https:\/\/portalfadesp.org.br\/#organization"},"potentialAction":[{"@type":"SearchAction","target":{"@type":"EntryPoint","urlTemplate":"https:\/\/portalfadesp.org.br\/?s={search_term_string}"},"query-input":{"@type":"PropertyValueSpecification","valueRequired":true,"valueName":"search_term_string"}}],"inLanguage":"pt-BR"},{"@type":"Organization","@id":"https:\/\/portalfadesp.org.br\/#organization","name":"FADESP","url":"https:\/\/portalfadesp.org.br\/","logo":{"@type":"ImageObject","inLanguage":"pt-BR","@id":"https:\/\/portalfadesp.org.br\/#\/schema\/logo\/image\/","url":"https:\/\/portalfadesp.org.br\/wp-content\/uploads\/2024\/01\/NOVOLOGOFADESPlaranjaH.png","contentUrl":"https:\/\/portalfadesp.org.br\/wp-content\/uploads\/2024\/01\/NOVOLOGOFADESPlaranjaH.png","width":2742,"height":839,"caption":"FADESP"},"image":{"@id":"https:\/\/portalfadesp.org.br\/#\/schema\/logo\/image\/"},"sameAs":["https:\/\/www.facebook.com\/Fadesp-138351949524662\/","https:\/\/x.com\/Fadesp","https:\/\/www.instagram.com\/fadesp_ufpa\/","https:\/\/www.youtube.com\/@fundacaodeamparoedesenvolv1903","https:\/\/www.threads.net\/@fadesp_ufpa"]}]}},"_links":{"self":[{"href":"https:\/\/portalfadesp.org.br\/index.php?rest_route=\/wp\/v2\/pages\/28347","targetHints":{"allow":["GET"]}}],"collection":[{"href":"https:\/\/portalfadesp.org.br\/index.php?rest_route=\/wp\/v2\/pages"}],"about":[{"href":"https:\/\/portalfadesp.org.br\/index.php?rest_route=\/wp\/v2\/types\/page"}],"author":[{"embeddable":true,"href":"https:\/\/portalfadesp.org.br\/index.php?rest_route=\/wp\/v2\/users\/9"}],"replies":[{"embeddable":true,"href":"https:\/\/portalfadesp.org.br\/index.php?rest_route=%2Fwp%2Fv2%2Fcomments&post=28347"}],"version-history":[{"count":16,"href":"https:\/\/portalfadesp.org.br\/index.php?rest_route=\/wp\/v2\/pages\/28347\/revisions"}],"predecessor-version":[{"id":36201,"href":"https:\/\/portalfadesp.org.br\/index.php?rest_route=\/wp\/v2\/pages\/28347\/revisions\/36201"}],"up":[{"embeddable":true,"href":"https:\/\/portalfadesp.org.br\/index.php?rest_route=\/wp\/v2\/pages\/329"}],"wp:attachment":[{"href":"https:\/\/portalfadesp.org.br\/index.php?rest_route=%2Fwp%2Fv2%2Fmedia&parent=28347"}],"curies":[{"name":"wp","href":"https:\/\/api.w.org\/{rel}","templated":true}]}}