{"id":28184,"date":"2022-06-30T18:00:00","date_gmt":"2022-06-30T21:00:00","guid":{"rendered":"https:\/\/162.215.13.167?page_id=28184"},"modified":"2022-12-20T10:39:53","modified_gmt":"2022-12-20T13:39:53","slug":"processo-seletivo-especial-ufopa-prosel-unifesspa-2023","status":"publish","type":"page","link":"https:\/\/portalfadesp.org.br\/?page_id=28184","title":{"rendered":"Processo Seletivo Especial UFOPA 2023 (PROSEL UFOPA)"},"content":{"rendered":"\t\t<div data-elementor-type=\"wp-post\" data-elementor-id=\"28184\" class=\"elementor elementor-28184\" data-elementor-post-type=\"page\">\n\t\t\t\t\t\t<section class=\"elementor-section elementor-top-section elementor-element elementor-element-1f2996d1 elementor-section-boxed elementor-section-height-default elementor-section-height-default\" data-id=\"1f2996d1\" data-element_type=\"section\">\n\t\t\t\t\t\t<div class=\"elementor-container elementor-column-gap-default\">\n\t\t\t\t\t<div class=\"elementor-column elementor-col-100 elementor-top-column elementor-element elementor-element-59a4b3f8\" data-id=\"59a4b3f8\" data-element_type=\"column\">\n\t\t\t<div class=\"elementor-widget-wrap elementor-element-populated\">\n\t\t\t\t\t\t<div class=\"elementor-element elementor-element-799471af elementor-widget elementor-widget-heading\" data-id=\"799471af\" data-element_type=\"widget\" data-widget_type=\"heading.default\">\n\t\t\t\t<div class=\"elementor-widget-container\">\n\t\t\t\t\t<h1 class=\"elementor-heading-title elementor-size-default\">Processo Seletivo Especial UFOPA 2023 (PROSEL UFOPA) <\/h1>\t\t\t\t<\/div>\n\t\t\t\t<\/div>\n\t\t\t\t<section class=\"elementor-section elementor-inner-section elementor-element elementor-element-336311f elementor-section-boxed elementor-section-height-default elementor-section-height-default\" data-id=\"336311f\" data-element_type=\"section\">\n\t\t\t\t\t\t<div class=\"elementor-container elementor-column-gap-default\">\n\t\t\t\t\t<div class=\"elementor-column elementor-col-50 elementor-inner-column elementor-element elementor-element-75ca0dc3\" data-id=\"75ca0dc3\" data-element_type=\"column\">\n\t\t\t<div class=\"elementor-widget-wrap elementor-element-populated\">\n\t\t\t\t\t\t<div class=\"elementor-element elementor-element-425a3096 elementor-widget elementor-widget-text-editor\" data-id=\"425a3096\" data-element_type=\"widget\" data-widget_type=\"text-editor.default\">\n\t\t\t\t<div class=\"elementor-widget-container\">\n\t\t\t\t\t\t\t\t\t<p>A Reitora da Universidade Federal do Oeste do Par\u00e1 (UFOPA) torna p\u00fablica a realiza\u00e7\u00e3o do Processo Seletivo Especial 2023 (PROSEL ESP UFOPA 2023), destinado a selecionar candidatos para o provimento de vagas nos cursos presenciais de gradua\u00e7\u00e3o, em regime especial, mediante conv\u00eanio celebrado com a<br \/>Secretaria de Estado de Ci\u00eancia, Tecnologia e Educa\u00e7\u00e3o Profissional e Tecnol\u00f3gica (SECTET). Os referidos cursos ser\u00e3o ofertados pela Universidade Federal do Oeste do Par\u00e1 (UFOPA), mediante as condi\u00e7\u00f5es estabelecidas neste edital.<\/p><p><strong>Vagas \u2013 260<\/strong><\/p><p><strong>Taxa de inscri\u00e7\u00e3o \u2013<\/strong>\u00a0R$ 20,00<\/p><p>\u2026\u2026\u2026\u2026\u2026\u2026\u2026\u2026\u2026\u2026..<\/p><p><strong>Datas importantes<\/strong>:<\/p><p><strong>Per\u00edodo de Inscri\u00e7\u00e3o<\/strong> \u2013 04\/07\/2022 a 24\/08\/2022<\/p><p><strong>\u00daltimo dia de pagamento \u2013<\/strong>25\/08\/2022<\/p><p><strong>Realiza\u00e7\u00e3o da Prova Objetiva e de Reda\u00e7\u00e3o \u2013<\/strong> 11\/09\/2022<\/p>\t\t\t\t\t\t\t\t<\/div>\n\t\t\t\t<\/div>\n\t\t\t\t\t<\/div>\n\t\t<\/div>\n\t\t\t\t<div class=\"elementor-column elementor-col-50 elementor-inner-column elementor-element elementor-element-79608089\" data-id=\"79608089\" data-element_type=\"column\">\n\t\t\t<div class=\"elementor-widget-wrap elementor-element-populated\">\n\t\t\t\t\t\t<div class=\"elementor-element elementor-element-7ccac55 elementor-widget elementor-widget-text-editor\" data-id=\"7ccac55\" data-element_type=\"widget\" data-widget_type=\"text-editor.default\">\n\t\t\t\t<div class=\"elementor-widget-container\">\n\t\t\t\t\t\t\t\t\t<p><strong>Avisos<\/strong><\/p>\t\t\t\t\t\t\t\t<\/div>\n\t\t\t\t<\/div>\n\t\t\t\t<div class=\"elementor-element elementor-element-13522b7 elementor-widget elementor-widget-text-editor\" data-id=\"13522b7\" data-element_type=\"widget\" data-widget_type=\"text-editor.default\">\n\t\t\t\t<div class=\"elementor-widget-container\">\n\t\t\t\t\t\t\t\t\t<div class=\"botaoBug\" style=\"margin-top: 10px;\"><a href=\"http:\/\/concursos2.fadesp.org.br\/prosel\/2023\/ufopa\/web\/index.php\"><strong>Respostas dos Recursos (Clique Aqui)<\/strong><\/a><\/div>\t\t\t\t\t\t\t\t<\/div>\n\t\t\t\t<\/div>\n\t\t\t\t<div class=\"elementor-element elementor-element-bc8c5bf elementor-widget elementor-widget-text-editor\" data-id=\"bc8c5bf\" data-element_type=\"widget\" data-widget_type=\"text-editor.default\">\n\t\t\t\t<div class=\"elementor-widget-container\">\n\t\t\t\t\t\t\t\t\t<p><strong>Editais\u00a0<\/strong><\/p>\t\t\t\t\t\t\t\t<\/div>\n\t\t\t\t<\/div>\n\t\t\t\t<div class=\"elementor-element elementor-element-368e568 elementor-widget elementor-widget-text-editor\" data-id=\"368e568\" data-element_type=\"widget\" data-widget_type=\"text-editor.default\">\n\t\t\t\t<div class=\"elementor-widget-container\">\n\t\t\t\t\t\t\t\t\t<p style=\"text-align: center;\">O Edital de habilita\u00e7\u00f5es de Matr\u00edcula ser\u00e1 divulgado pela UFOPA no site oficial <strong><a href=\"https:\/\/ufopa.edu.br\/processos-seletivos\/formapara\/\">https:\/\/ufopa.edu.br\/processos-seletivos\/formapara\/<\/a><\/strong><\/p><p style=\"text-align: center;\">Resultado Final Definitivo em Ordem Alfab\u00e9tica N\u00e3o Eliminados, de 28\/10\/2022 <strong><a href=\"http:\/\/concursos2.fadesp.org.br\/prosel\/2023\/ufopa\/arquivos\/Resultado Final Definitivo em Ordem Alfab\u00e9tica - 28-10-2022.pdf\">(Clique aqui)<\/a><\/strong><\/p><p style=\"text-align: center;\">Edital n\u00ba 35\/2022 &#8211; Resultado Classificat\u00f3rio Final Definitivo, de 28\/10\/2022 <strong><a href=\"http:\/\/concursos2.fadesp.org.br\/prosel\/2023\/ufopa\/arquivos\/Edital 35_2022 Resultado Classificat\u00f3rio Final Definitivo - 28-10-2022.pdf\">(Clique aqui)<\/a><\/strong><\/p><p style=\"text-align: center;\">Edital n\u00ba 34\/2022 &#8211; Resultado Classificat\u00f3rio Final Preliminar, de 21\/10\/2022 <strong><a href=\"http:\/\/concursos2.fadesp.org.br\/prosel\/2023\/ufopa\/arquivos\/Edital 34 Resultado Classificat\u00f3rio Final Preliminar.pdf\">(Clique aqui)<\/a><\/strong><\/p><p style=\"text-align: center;\">Edital n\u00ba 33\/2022 &#8211; Resultado Definitivo da Prova de Reda\u00e7\u00e3o, de 21\/10\/2022 <strong><a href=\"http:\/\/concursos2.fadesp.org.br\/prosel\/2023\/ufopa\/arquivos\/Edital 33 Resultado Definitivo da Prova de Reda\u00e7\u00e3o.pdf\">(Clique aqui)<\/a><\/strong><\/p><p style=\"text-align: center;\">Edital n\u00ba 32\/2022 &#8211; Resultado Preliminar da Prova de Reda\u00e7\u00e3o, de 12\/10\/2022 <strong><a href=\"http:\/\/concursos2.fadesp.org.br\/prosel\/2023\/ufopa\/arquivos\/Edital 32 Resultado Preliminar da Prova de Reda\u00e7\u00e3o.pdf\">(Clique aqui)<\/a><\/strong><\/p><p style=\"text-align: center;\">Edital n\u00ba 31\/2022 &#8211; Resultado Definitivo da Prova Objetiva, de 12\/10\/2022 <strong><a href=\"http:\/\/concursos2.fadesp.org.br\/prosel\/2023\/ufopa\/arquivos\/Edital 31 Resultado Definitivo da Prova Objetiva.pdf\">(Clique aqui)<\/a><\/strong><\/p><p style=\"text-align: center;\">Edital n\u00ba 30\/2022 &#8211; Resultado Preliminar da Prova Objetiva, de 04\/10\/2022 <strong><a href=\"http:\/\/concursos2.fadesp.org.br\/prosel\/2023\/ufopa\/arquivos\/UFOPA - Edital 30 Resultado Preliminar da Prova Objetiva.pdf\">(Clique aqui)<\/a><\/strong><\/p><p style=\"text-align: center;\">Gabarito Oficial Definitivo, de 21\/09\/2022<strong> <a href=\"http:\/\/concursos2.fadesp.org.br\/prosel\/2023\/ufopa\/arquivos\/GABARITO_OFICIAL_DEFINITIVO_21_09_2022.pdf\">(Clique aqui)<\/a><\/strong><\/p><p style=\"text-align: center;\">Prova, de 12\/09\/2022 <strong><a href=\"http:\/\/concursos2.fadesp.org.br\/prosel\/2023\/ufopa\/arquivos\/Prova.pdf\">(Clique aqui)<\/a><\/strong><\/p><p style=\"text-align: center;\">Gabarito Oficial Preliminar, de 12\/09\/2022 <strong><a href=\"http:\/\/concursos2.fadesp.org.br\/prosel\/2023\/ufopa\/arquivos\/Gabarito Oficial Preliminar.pdf\">(Clique aqui)<\/a><\/strong><\/p><p style=\"text-align: center;\">Demanda, de 06\/09\/2022 <strong><a href=\"http:\/\/concursos2.fadesp.org.br\/prosel\/2023\/ufopa\/arquivos\/UFOPA - Demanda.pdf\">(Clique aqui)<\/a><\/strong><\/p><p style=\"text-align: center;\">Edital n\u00ba 29\/2022 &#8211; Resultado Definitivo de Atendimento Especial, de 02\/09\/2022 <strong><a href=\"http:\/\/concursos2.fadesp.org.br\/prosel\/2023\/ufopa\/arquivos\/Edital 29 Resultado Definitivo de Atendimento Especial.pdf\">(Clique aqui)<\/a><\/strong><\/p><p style=\"text-align: center;\">Edital n\u00ba 28\/2022 &#8211; Resultado Definitivo de PcD Concorrentes, de 02\/09\/2022 <strong><a href=\"http:\/\/concursos2.fadesp.org.br\/prosel\/2023\/ufopa\/arquivos\/Edital 28 Resultado Definitivo de PcD Concorrentes.pdf\">(Clique aqui)<\/a><\/strong><\/p><p style=\"text-align: center;\">Edital n\u00ba 27\/2022 &#8211; Resultado Definitivo das Inscri\u00e7\u00f5es Deferidas, de 02\/09\/2022 <strong><a href=\"http:\/\/concursos2.fadesp.org.br\/prosel\/2023\/ufopa\/arquivos\/Edital 27 Resultado Definitivo Inscri\u00e7\u00f5es Deferidas.pdf\">(Clique aqui)<\/a><\/strong><\/p><p style=\"text-align: center;\">Edital n\u00ba 26\/2022 &#8211; Resultado Preliminar de Atendimento Especial, de 29\/08\/2022 <strong><a href=\"http:\/\/concursos2.fadesp.org.br\/prosel\/2023\/ufopa\/arquivos\/Edital 26 Resultado Preliminar de Atendimento Especial.pdf\">(Clique aqui)<\/a><\/strong><\/p><p style=\"text-align: center;\">Edital n\u00ba 25\/2022 &#8211; Resultado Preliminar de PcD Concorrentes, de 29\/08\/2022 <strong><a href=\"http:\/\/concursos2.fadesp.org.br\/prosel\/2023\/ufopa\/arquivos\/Edital 25 Resultado Preliminar de PcD Concorrentes.pdf\">(Clique aqui)<\/a><\/strong><\/p><p style=\"text-align: center;\">Edital n\u00ba 24\/2022 &#8211; Resultado Preliminar das Inscri\u00e7\u00f5es Deferidas, de 29\/08\/2022 <strong><a href=\"http:\/\/concursos2.fadesp.org.br\/prosel\/2023\/ufopa\/arquivos\/Edital 24 Resultado Preliminar das Inscri\u00e7\u00f5es Deferidas.pdf\">(Clique aqui)<\/a><\/strong><\/p><p style=\"text-align: center;\">Novo Cronograma (Inscri\u00e7\u00e3o e Prova Prorrogadas), de 08\/08\/2022 <strong><a href=\"http:\/\/concursos2.fadesp.org.br\/prosel\/2023\/ufopa\/arquivos\/NOVO%20CRONOGRAMA_PROSEL%202023-2.pdf\">(Clique aqui)<\/a><\/strong><\/p><p style=\"text-align: center;\">Novo Cronograma (Inscri\u00e7\u00e3o e Prova Prorrogadas), de 13\/07\/2022 <strong><a href=\"https:\/\/portalfadesp.org.br\/wp-content\/uploads\/2022\/07\/NOVO-CRONOGRAMA_PROSEL-2023-1-1.pdf\">(Clique aqui)<\/a><\/strong><\/p><p style=\"text-align: center;\">Edital n\u00ba 23\/2022 &#8211; Resultado Definitivo de Isen\u00e7\u00e3o PcD, de 12\/07\/2022 <a href=\"http:\/\/concursos2.fadesp.org.br\/prosel\/2023\/ufopa\/arquivos\/Edital 23 Resultado Definitivo de Isen\u00e7\u00e3o PcD.pdf\"><strong>(Clique Aqui)<\/strong><\/a><\/p><p style=\"text-align: center;\">Edital n\u00ba 22\/2022 &#8211; Resultado Definitivo de Isen\u00e7\u00e3o &#8211; Hipossufici\u00eancia Financeira, de 12\/07\/2022 <a href=\"http:\/\/concursos2.fadesp.org.br\/prosel\/2023\/ufopa\/arquivos\/Edital 22 Resultado Definitivo de Isen\u00e7\u00e3o - Hipossufici\u00eancia Financeira.pdf\"><strong>(Clique Aqui)<\/strong><\/a><\/p><p style=\"text-align: center;\">Edital n\u00ba 20\/2022 -Resultado Preliminar de Isen\u00e7\u00e3o &#8211; Hipossufici\u00eancia Financeira, de 08\/07\/2022 <a href=\"http:\/\/concursos2.fadesp.org.br\/prosel\/2023\/ufopa\/arquivos\/Edital 20 Resultado Preliminar de Isen\u00e7\u00e3o - Hipossufici\u00eancia Financeira.pdf\"><strong>(Clique Aqui)<\/strong><\/a><\/p><p style=\"text-align: center;\">Edital n\u00ba 21\/2022 &#8211; Resultado Preliminar de Isen\u00e7\u00e3o PcD, de 08\/07\/2022 <a href=\"http:\/\/concursos2.fadesp.org.br\/prosel\/2023\/ufopa\/arquivos\/Edital 21 Resultado Preliminar de Isen\u00e7\u00e3o PcD.pdf\"><strong>(Clique Aqui)<\/strong><\/a><\/p><p style=\"text-align: center;\">Edital n\u00ba 20\/2022 -Resultado Preliminar de Isen\u00e7\u00e3o &#8211; Hipossufici\u00eancia Financeira, de 08\/07\/2022 <a href=\"http:\/\/concursos2.fadesp.org.br\/prosel\/2023\/ufopa\/arquivos\/Edital 20 Resultado Preliminar de Isen\u00e7\u00e3o - Hipossufici\u00eancia Financeira.pdf\"><strong>(Clique Aqui)<\/strong><\/a><\/p><p style=\"text-align: center;\">Edital n\u00ba 19\/2022 &#8211; Prosel 2023, de 30\/06\/2022 <a href=\"http:\/\/concursos2.fadesp.org.br\/prosel\/2023\/ufopa\/arquivos\/Edital%20PROSEL2023-UFOPA.pdf\"><strong>(Clique Aqui)<\/strong><\/a><\/p>\t\t\t\t\t\t\t\t<\/div>\n\t\t\t\t<\/div>\n\t\t\t\t\t<\/div>\n\t\t<\/div>\n\t\t\t\t\t<\/div>\n\t\t<\/section>\n\t\t\t\t\t<\/div>\n\t\t<\/div>\n\t\t\t\t\t<\/div>\n\t\t<\/section>\n\t\t\t\t<\/div>\n\t\t","protected":false},"excerpt":{"rendered":"<p>Processo Seletivo Especial UFOPA 2023 (PROSEL UFOPA) A Reitora da Universidade Federal do Oeste do Par\u00e1 (UFOPA) torna p\u00fablica a realiza\u00e7\u00e3o do Processo Seletivo Especial 2023 (PROSEL ESP UFOPA 2023), destinado a selecionar candidatos para o provimento de vagas nos cursos presenciais de gradua\u00e7\u00e3o, em regime especial, mediante conv\u00eanio celebrado com aSecretaria de Estado de [&hellip;]<\/p>\n","protected":false},"author":12,"featured_media":0,"parent":329,"menu_order":50,"comment_status":"closed","ping_status":"closed","template":"","meta":{"_monsterinsights_skip_tracking":false,"_monsterinsights_sitenote_active":false,"_monsterinsights_sitenote_note":"","_monsterinsights_sitenote_category":0,"footnotes":""},"class_list":["post-28184","page","type-page","status-publish","hentry","entry"],"yoast_head":"<!-- This site is optimized with the Yoast SEO plugin v25.1 - https:\/\/yoast.com\/wordpress\/plugins\/seo\/ -->\n<title>Processo Seletivo Especial UFOPA 2023 (PROSEL UFOPA) - FADESP<\/title>\n<meta name=\"robots\" content=\"index, follow, max-snippet:-1, max-image-preview:large, max-video-preview:-1\" \/>\n<link rel=\"canonical\" href=\"https:\/\/portalfadesp.org.br\/?page_id=28184\" \/>\n<meta property=\"og:locale\" content=\"pt_BR\" \/>\n<meta property=\"og:type\" content=\"article\" \/>\n<meta property=\"og:title\" content=\"Processo Seletivo Especial UFOPA 2023 (PROSEL UFOPA) - FADESP\" \/>\n<meta property=\"og:description\" content=\"Processo Seletivo Especial UFOPA 2023 (PROSEL UFOPA) A Reitora da Universidade Federal do Oeste do Par\u00e1 (UFOPA) torna p\u00fablica a realiza\u00e7\u00e3o do Processo Seletivo Especial 2023 (PROSEL ESP UFOPA 2023), destinado a selecionar candidatos para o provimento de vagas nos cursos presenciais de gradua\u00e7\u00e3o, em regime especial, mediante conv\u00eanio celebrado com aSecretaria de Estado de [&hellip;]\" \/>\n<meta property=\"og:url\" content=\"https:\/\/portalfadesp.org.br\/?page_id=28184\" \/>\n<meta property=\"og:site_name\" content=\"FADESP\" \/>\n<meta property=\"article:publisher\" content=\"https:\/\/www.facebook.com\/Fadesp-138351949524662\/\" \/>\n<meta property=\"article:modified_time\" content=\"2022-12-20T13:39:53+00:00\" \/>\n<meta name=\"twitter:card\" content=\"summary_large_image\" \/>\n<meta name=\"twitter:site\" content=\"@Fadesp\" \/>\n<meta name=\"twitter:label1\" content=\"Est. tempo de leitura\" \/>\n\t<meta name=\"twitter:data1\" content=\"2 minutos\" \/>\n<script type=\"application\/ld+json\" class=\"yoast-schema-graph\">{\"@context\":\"https:\/\/schema.org\",\"@graph\":[{\"@type\":\"WebPage\",\"@id\":\"https:\/\/portalfadesp.org.br\/?page_id=28184\",\"url\":\"https:\/\/portalfadesp.org.br\/?page_id=28184\",\"name\":\"Processo Seletivo Especial UFOPA 2023 (PROSEL UFOPA) - FADESP\",\"isPartOf\":{\"@id\":\"https:\/\/portalfadesp.org.br\/#website\"},\"datePublished\":\"2022-06-30T21:00:00+00:00\",\"dateModified\":\"2022-12-20T13:39:53+00:00\",\"breadcrumb\":{\"@id\":\"https:\/\/portalfadesp.org.br\/?page_id=28184#breadcrumb\"},\"inLanguage\":\"pt-BR\",\"potentialAction\":[{\"@type\":\"ReadAction\",\"target\":[\"https:\/\/portalfadesp.org.br\/?page_id=28184\"]}]},{\"@type\":\"BreadcrumbList\",\"@id\":\"https:\/\/portalfadesp.org.br\/?page_id=28184#breadcrumb\",\"itemListElement\":[{\"@type\":\"ListItem\",\"position\":1,\"name\":\"In\u00edcio\",\"item\":\"https:\/\/portalfadesp.org.br\/\"},{\"@type\":\"ListItem\",\"position\":2,\"name\":\"Concursos &#8211; Homologados\",\"item\":\"https:\/\/portalfadesp.org.br\/?page_id=329\"},{\"@type\":\"ListItem\",\"position\":3,\"name\":\"Processo Seletivo Especial UFOPA 2023 (PROSEL UFOPA)\"}]},{\"@type\":\"WebSite\",\"@id\":\"https:\/\/portalfadesp.org.br\/#website\",\"url\":\"https:\/\/portalfadesp.org.br\/\",\"name\":\"FADESP\",\"description\":\"Funda\u00e7\u00e3o de Amparo e Desenvolvimento da Pesquisa\",\"publisher\":{\"@id\":\"https:\/\/portalfadesp.org.br\/#organization\"},\"potentialAction\":[{\"@type\":\"SearchAction\",\"target\":{\"@type\":\"EntryPoint\",\"urlTemplate\":\"https:\/\/portalfadesp.org.br\/?s={search_term_string}\"},\"query-input\":{\"@type\":\"PropertyValueSpecification\",\"valueRequired\":true,\"valueName\":\"search_term_string\"}}],\"inLanguage\":\"pt-BR\"},{\"@type\":\"Organization\",\"@id\":\"https:\/\/portalfadesp.org.br\/#organization\",\"name\":\"FADESP\",\"url\":\"https:\/\/portalfadesp.org.br\/\",\"logo\":{\"@type\":\"ImageObject\",\"inLanguage\":\"pt-BR\",\"@id\":\"https:\/\/portalfadesp.org.br\/#\/schema\/logo\/image\/\",\"url\":\"https:\/\/portalfadesp.org.br\/wp-content\/uploads\/2024\/01\/NOVOLOGOFADESPlaranjaH.png\",\"contentUrl\":\"https:\/\/portalfadesp.org.br\/wp-content\/uploads\/2024\/01\/NOVOLOGOFADESPlaranjaH.png\",\"width\":2742,\"height\":839,\"caption\":\"FADESP\"},\"image\":{\"@id\":\"https:\/\/portalfadesp.org.br\/#\/schema\/logo\/image\/\"},\"sameAs\":[\"https:\/\/www.facebook.com\/Fadesp-138351949524662\/\",\"https:\/\/x.com\/Fadesp\",\"https:\/\/www.instagram.com\/fadesp_ufpa\/\",\"https:\/\/www.youtube.com\/@fundacaodeamparoedesenvolv1903\",\"https:\/\/www.threads.net\/@fadesp_ufpa\"]}]}<\/script>\n<!-- \/ Yoast SEO plugin. -->","yoast_head_json":{"title":"Processo Seletivo Especial UFOPA 2023 (PROSEL UFOPA) - FADESP","robots":{"index":"index","follow":"follow","max-snippet":"max-snippet:-1","max-image-preview":"max-image-preview:large","max-video-preview":"max-video-preview:-1"},"canonical":"https:\/\/portalfadesp.org.br\/?page_id=28184","og_locale":"pt_BR","og_type":"article","og_title":"Processo Seletivo Especial UFOPA 2023 (PROSEL UFOPA) - FADESP","og_description":"Processo Seletivo Especial UFOPA 2023 (PROSEL UFOPA) A Reitora da Universidade Federal do Oeste do Par\u00e1 (UFOPA) torna p\u00fablica a realiza\u00e7\u00e3o do Processo Seletivo Especial 2023 (PROSEL ESP UFOPA 2023), destinado a selecionar candidatos para o provimento de vagas nos cursos presenciais de gradua\u00e7\u00e3o, em regime especial, mediante conv\u00eanio celebrado com aSecretaria de Estado de [&hellip;]","og_url":"https:\/\/portalfadesp.org.br\/?page_id=28184","og_site_name":"FADESP","article_publisher":"https:\/\/www.facebook.com\/Fadesp-138351949524662\/","article_modified_time":"2022-12-20T13:39:53+00:00","twitter_card":"summary_large_image","twitter_site":"@Fadesp","twitter_misc":{"Est. tempo de leitura":"2 minutos"},"schema":{"@context":"https:\/\/schema.org","@graph":[{"@type":"WebPage","@id":"https:\/\/portalfadesp.org.br\/?page_id=28184","url":"https:\/\/portalfadesp.org.br\/?page_id=28184","name":"Processo Seletivo Especial UFOPA 2023 (PROSEL UFOPA) - FADESP","isPartOf":{"@id":"https:\/\/portalfadesp.org.br\/#website"},"datePublished":"2022-06-30T21:00:00+00:00","dateModified":"2022-12-20T13:39:53+00:00","breadcrumb":{"@id":"https:\/\/portalfadesp.org.br\/?page_id=28184#breadcrumb"},"inLanguage":"pt-BR","potentialAction":[{"@type":"ReadAction","target":["https:\/\/portalfadesp.org.br\/?page_id=28184"]}]},{"@type":"BreadcrumbList","@id":"https:\/\/portalfadesp.org.br\/?page_id=28184#breadcrumb","itemListElement":[{"@type":"ListItem","position":1,"name":"In\u00edcio","item":"https:\/\/portalfadesp.org.br\/"},{"@type":"ListItem","position":2,"name":"Concursos &#8211; Homologados","item":"https:\/\/portalfadesp.org.br\/?page_id=329"},{"@type":"ListItem","position":3,"name":"Processo Seletivo Especial UFOPA 2023 (PROSEL UFOPA)"}]},{"@type":"WebSite","@id":"https:\/\/portalfadesp.org.br\/#website","url":"https:\/\/portalfadesp.org.br\/","name":"FADESP","description":"Funda\u00e7\u00e3o de Amparo e Desenvolvimento da Pesquisa","publisher":{"@id":"https:\/\/portalfadesp.org.br\/#organization"},"potentialAction":[{"@type":"SearchAction","target":{"@type":"EntryPoint","urlTemplate":"https:\/\/portalfadesp.org.br\/?s={search_term_string}"},"query-input":{"@type":"PropertyValueSpecification","valueRequired":true,"valueName":"search_term_string"}}],"inLanguage":"pt-BR"},{"@type":"Organization","@id":"https:\/\/portalfadesp.org.br\/#organization","name":"FADESP","url":"https:\/\/portalfadesp.org.br\/","logo":{"@type":"ImageObject","inLanguage":"pt-BR","@id":"https:\/\/portalfadesp.org.br\/#\/schema\/logo\/image\/","url":"https:\/\/portalfadesp.org.br\/wp-content\/uploads\/2024\/01\/NOVOLOGOFADESPlaranjaH.png","contentUrl":"https:\/\/portalfadesp.org.br\/wp-content\/uploads\/2024\/01\/NOVOLOGOFADESPlaranjaH.png","width":2742,"height":839,"caption":"FADESP"},"image":{"@id":"https:\/\/portalfadesp.org.br\/#\/schema\/logo\/image\/"},"sameAs":["https:\/\/www.facebook.com\/Fadesp-138351949524662\/","https:\/\/x.com\/Fadesp","https:\/\/www.instagram.com\/fadesp_ufpa\/","https:\/\/www.youtube.com\/@fundacaodeamparoedesenvolv1903","https:\/\/www.threads.net\/@fadesp_ufpa"]}]}},"_links":{"self":[{"href":"https:\/\/portalfadesp.org.br\/index.php?rest_route=\/wp\/v2\/pages\/28184","targetHints":{"allow":["GET"]}}],"collection":[{"href":"https:\/\/portalfadesp.org.br\/index.php?rest_route=\/wp\/v2\/pages"}],"about":[{"href":"https:\/\/portalfadesp.org.br\/index.php?rest_route=\/wp\/v2\/types\/page"}],"author":[{"embeddable":true,"href":"https:\/\/portalfadesp.org.br\/index.php?rest_route=\/wp\/v2\/users\/12"}],"replies":[{"embeddable":true,"href":"https:\/\/portalfadesp.org.br\/index.php?rest_route=%2Fwp%2Fv2%2Fcomments&post=28184"}],"version-history":[{"count":120,"href":"https:\/\/portalfadesp.org.br\/index.php?rest_route=\/wp\/v2\/pages\/28184\/revisions"}],"predecessor-version":[{"id":36195,"href":"https:\/\/portalfadesp.org.br\/index.php?rest_route=\/wp\/v2\/pages\/28184\/revisions\/36195"}],"up":[{"embeddable":true,"href":"https:\/\/portalfadesp.org.br\/index.php?rest_route=\/wp\/v2\/pages\/329"}],"wp:attachment":[{"href":"https:\/\/portalfadesp.org.br\/index.php?rest_route=%2Fwp%2Fv2%2Fmedia&parent=28184"}],"curies":[{"name":"wp","href":"https:\/\/api.w.org\/{rel}","templated":true}]}}