{"id":27291,"date":"2022-07-11T14:35:24","date_gmt":"2022-07-11T17:35:24","guid":{"rendered":"https:\/\/162.215.13.167?page_id=27291"},"modified":"2022-12-20T10:47:35","modified_gmt":"2022-12-20T13:47:35","slug":"processo-seletivo-especial-2023-forma-para-uepa","status":"publish","type":"page","link":"https:\/\/portalfadesp.org.br\/?page_id=27291","title":{"rendered":"Processo Seletivo Especial UEPA 2023 (PROSEL UEPA)"},"content":{"rendered":"\t\t<div data-elementor-type=\"wp-page\" data-elementor-id=\"27291\" class=\"elementor elementor-27291\" data-elementor-post-type=\"page\">\n\t\t\t\t\t\t<section class=\"elementor-section elementor-top-section elementor-element elementor-element-0008ba3 elementor-section-boxed elementor-section-height-default elementor-section-height-default\" data-id=\"0008ba3\" data-element_type=\"section\">\n\t\t\t\t\t\t<div class=\"elementor-container elementor-column-gap-default\">\n\t\t\t\t\t<div class=\"elementor-column elementor-col-100 elementor-top-column elementor-element elementor-element-d25367f\" data-id=\"d25367f\" data-element_type=\"column\">\n\t\t\t<div class=\"elementor-widget-wrap elementor-element-populated\">\n\t\t\t\t\t\t<div class=\"elementor-element elementor-element-f423579 elementor-widget elementor-widget-heading\" data-id=\"f423579\" data-element_type=\"widget\" data-widget_type=\"heading.default\">\n\t\t\t\t<div class=\"elementor-widget-container\">\n\t\t\t\t\t<h2 class=\"elementor-heading-title elementor-size-default\">Processo Seletivo Especial UEPA 2023 (PROSEL UEPA)<\/h2>\t\t\t\t<\/div>\n\t\t\t\t<\/div>\n\t\t\t\t<section class=\"elementor-section elementor-inner-section elementor-element elementor-element-2a57068 elementor-section-boxed elementor-section-height-default elementor-section-height-default\" data-id=\"2a57068\" data-element_type=\"section\">\n\t\t\t\t\t\t<div class=\"elementor-container elementor-column-gap-default\">\n\t\t\t\t\t<div class=\"elementor-column elementor-col-50 elementor-inner-column elementor-element elementor-element-5d504b0\" data-id=\"5d504b0\" data-element_type=\"column\">\n\t\t\t<div class=\"elementor-widget-wrap elementor-element-populated\">\n\t\t\t\t\t\t<div class=\"elementor-element elementor-element-78c2191 elementor-widget elementor-widget-text-editor\" data-id=\"78c2191\" data-element_type=\"widget\" data-widget_type=\"text-editor.default\">\n\t\t\t\t<div class=\"elementor-widget-container\">\n\t\t\t\t\t\t\t\t\t<p>A Universidade do Estado do Par\u00e1 (UEPA) torna p\u00fablica a realiza\u00e7\u00e3o do Processo Seletivo Especial 2023.1 (PROSEL Especial FORMA PAR\u00c1\/UEPA 2023, destinado a selecionar candidatos para o provimento de vagas nos cursos presenciais de gradua\u00e7\u00e3o, em regime especial, mediante conv\u00eaniocelebrado entre a Secretaria de Estado de Ci\u00eancia, Tecnologia e Educa\u00e7\u00e3o Profissional eTecnol\u00f3gica (Sectet) e a Universidade do Estado do Par\u00e1 (UEPA). Os referidos cursos ser\u00e3o ofertados pela Universidade do Estado do Par\u00e1 (UEPA), mediante as condi\u00e7\u00f5es estabelecidas neste edital.<\/p><p><strong>Per\u00edodo de inscri\u00e7\u00f5es:<\/strong> 13\/07 a 30\/08\/2022<\/p><p><strong>Valor:<\/strong> R$ 20,00<\/p><p><strong>\u00daltimo dia para pagamento da taxa:<\/strong> 31\/08\/2022<\/p><p><strong>N\u00famero de vagas ofertadas:<\/strong> 1950 (mil novecentos e cinquenta)<\/p><p><strong>Prova Objetiva e Reda\u00e7\u00e3o:<\/strong> 18\/09\/2022<\/p>\t\t\t\t\t\t\t\t<\/div>\n\t\t\t\t<\/div>\n\t\t\t\t\t<\/div>\n\t\t<\/div>\n\t\t\t\t<div class=\"elementor-column elementor-col-50 elementor-inner-column elementor-element elementor-element-992d68d\" data-id=\"992d68d\" data-element_type=\"column\">\n\t\t\t<div class=\"elementor-widget-wrap elementor-element-populated\">\n\t\t\t\t\t\t<div class=\"elementor-element elementor-element-82d96f3 elementor-widget elementor-widget-text-editor\" data-id=\"82d96f3\" data-element_type=\"widget\" data-widget_type=\"text-editor.default\">\n\t\t\t\t<div class=\"elementor-widget-container\">\n\t\t\t\t\t\t\t\t\t<p><span style=\"color: #ffffff;\"><b>Avisos<\/b><\/span><\/p>\t\t\t\t\t\t\t\t<\/div>\n\t\t\t\t<\/div>\n\t\t\t\t<div class=\"elementor-element elementor-element-56c9dc0 elementor-widget elementor-widget-text-editor\" data-id=\"56c9dc0\" data-element_type=\"widget\" data-widget_type=\"text-editor.default\">\n\t\t\t\t<div class=\"elementor-widget-container\">\n\t\t\t\t\t\t\t\t\t<div class=\"botaoBug\" style=\"margin-top: 20px;\"><a href=\"http:\/\/concursos2.fadesp.org.br\/prosel\/2023\/uepa\/web\/index.php\"><strong>Recurso On-line (Clique Aqui)<\/strong><\/a><\/div>\n<h4><\/h4>\t\t\t\t\t\t\t\t<\/div>\n\t\t\t\t<\/div>\n\t\t\t\t<div class=\"elementor-element elementor-element-edc6d71 elementor-widget elementor-widget-text-editor\" data-id=\"edc6d71\" data-element_type=\"widget\" data-widget_type=\"text-editor.default\">\n\t\t\t\t<div class=\"elementor-widget-container\">\n\t\t\t\t\t\t\t\t\t<p style=\"text-align: center;\"><strong><span style=\"color: #ffffff;\">Editais<\/span><\/strong><\/p>\t\t\t\t\t\t\t\t<\/div>\n\t\t\t\t<\/div>\n\t\t\t\t<div class=\"elementor-element elementor-element-c99349b elementor-widget elementor-widget-text-editor\" data-id=\"c99349b\" data-element_type=\"widget\" data-widget_type=\"text-editor.default\">\n\t\t\t\t<div class=\"elementor-widget-container\">\n\t\t\t\t\t\t\t\t\t<p style=\"text-align: center;\">O Edital da Habilita\u00e7\u00e3o ao V\u00ednculo Institucional ser\u00e1 publicado no site oficial da UEPA (www.uepa.br)<\/p><p style=\"text-align: center;\">Resultado Final Definitivo em Ordem Alfab\u00e9tica dos Candidatos N\u00e3o Eliminados, de 04\/11\/2022 <a href=\"http:\/\/concursos2.fadesp.org.br\/prosel\/2023\/uepa\/arquivos\/Resultado Final Definitivo em Ordem Alfab\u00e9tica dos Candidatos N\u00e3o Eliminados - 04-11-2022.pdf\"><strong>(Clique Aqui)<\/strong><\/a><\/p><p style=\"text-align: center;\">Edital n\u00ba 95\/2022 &#8211; Resultado Classificat\u00f3rio Final Definitivo, de 04\/11\/2022 <a href=\"http:\/\/concursos2.fadesp.org.br\/prosel\/2023\/uepa\/arquivos\/Edital 95_Resultado Classificat\u00f3rio Final Definitivo - 04-11-2022.pdf\"><strong>(Clique Aqui)<\/strong><\/a><\/p><p style=\"text-align: center;\">Edital n\u00ba 94\/2022 &#8211; Resultado Classificat\u00f3rio Final Preliminar, de 26\/10\/2022 <a href=\"http:\/\/concursos2.fadesp.org.br\/prosel\/2023\/uepa\/arquivos\/Edital 94 Resultado Classificat\u00f3rio Final Preliminar - 26-10-2022.pdf\"><strong>(Clique Aqui)<\/strong><\/a><\/p><p style=\"text-align: center;\">Edital n\u00ba 93\/2022 &#8211; Resultado Definitivo da Prova de Reda\u00e7\u00e3o, de 26\/10\/2022 <a href=\"http:\/\/concursos2.fadesp.org.br\/prosel\/2023\/uepa\/arquivos\/Edital 93 Resultado Definitivo da Prova de Reda\u00e7\u00e3o - 26-10-2022.pdf\"><strong>(Clique Aqui)<\/strong><\/a><\/p><p style=\"text-align: center;\">Edital n\u00ba 92\/2022 &#8211; Resultado Preliminar da Prova de Reda\u00e7\u00e3o, de 18\/10\/2022 <a href=\"http:\/\/concursos2.fadesp.org.br\/prosel\/2023\/uepa\/arquivos\/Edital 92 Resultado Preliminar da Prova de Reda\u00e7\u00e3o.pdf\"><strong>(Clique Aqui)<\/strong><\/a><\/p><p style=\"text-align: center;\">Edital n\u00ba 91\/2022 &#8211; Resultado Definitivo da Prova Objetiva, de 18\/10\/2022 <a href=\"http:\/\/concursos2.fadesp.org.br\/prosel\/2023\/uepa\/arquivos\/Edital 91 Resultado Definitivo da Prova Objetivo.pdf\"><strong>(Clique Aqui)<\/strong><\/a><\/p><p style=\"text-align: center;\">Edital n\u00ba 90\/2022 &#8211; Resultado Preliminar da Prova Objetiva, de 10\/10\/2022 <a href=\"http:\/\/concursos2.fadesp.org.br\/prosel\/2023\/uepa\/arquivos\/Edital 90 Resultado Preliminar da Prova Objetivo.pdf\"><strong>(Clique Aqui)<\/strong><\/a><\/p><p style=\"text-align: center;\">Gabarito Oficial Definitivo, de 28\/09\/2022 <a href=\"http:\/\/concursos2.fadesp.org.br\/prosel\/2023\/uepa\/arquivos\/GABARITO OFICIAL DEFINITIVO_PROSEL UEPA 2023_28-09-2022.pdf\"><strong>(Clique Aqui)<\/strong><\/a><\/p><p style=\"text-align: center;\">Gabarito Oficial Preliminar, de 19\/09\/2022 <a href=\"http:\/\/concursos2.fadesp.org.br\/prosel\/2023\/uepa\/arquivos\/GABARITO OFICIAL PRELIMINAR_PROSEL UEPA 2023.pdf\"><strong>(Clique Aqui)<\/strong><\/a><\/p><p style=\"text-align: center;\">Prova, de 19\/09\/2022 <a href=\"http:\/\/concursos2.fadesp.org.br\/prosel\/2023\/uepa\/arquivos\/PROVA PROSEL 2023_UEPA.pdf\"><strong>(Clique Aqui)<\/strong><\/a><\/p><p style=\"text-align: center;\">Demanda de Inscritos, de 13\/09\/2022 <a href=\"http:\/\/concursos2.fadesp.org.br\/prosel\/2023\/uepa\/arquivos\/UEPA - DEMANDA DE INSCRITOS.pdf\"><strong>(Clique Aqui)<\/strong><\/a><\/p><p style=\"text-align: center;\">Edital n\u00ba 89\/2022 Resultado da Homologa\u00e7\u00e3o Definitivo das Solicita\u00e7\u00f5es de Atendimentos Especiais, de 09\/09\/2022 <a href=\"http:\/\/concursos2.fadesp.org.br\/prosel\/2023\/uepa\/arquivos\/Edital 89 Resultado da Homologa\u00e7\u00e3o Definitiva das Solicita\u00e7\u00f5es de Atendimentos Especiais.pdf\"><strong>(Clique Aqui)<\/strong><\/a><\/p><p style=\"text-align: center;\">Edital n\u00ba 88\/2022 Resultado da Homologa\u00e7\u00e3o Definitivo dos PcD Concorrentes, de 09\/09\/2022 <a href=\"http:\/\/concursos2.fadesp.org.br\/prosel\/2023\/uepa\/arquivos\/Edital 88 Resultado da Homologa\u00e7\u00e3o Definitiva dos PcD Concorrentes.pdf\"><strong>(Clique Aqui)<\/strong><\/a><\/p><p style=\"text-align: center;\">Edital n\u00ba 87\/2022 Resultado da Homologa\u00e7\u00e3o Definitivo das Inscri\u00e7\u00f5es Deferidas, de 09\/09\/2022 <a href=\"http:\/\/concursos2.fadesp.org.br\/prosel\/2023\/uepa\/arquivos\/Edital 87 Resultado da Homologa\u00e7\u00e3o Definitivo das Inscri\u00e7\u00f5es Deferidas.pdf\"><strong>(Clique Aqui)<\/strong><\/a><\/p><p style=\"text-align: center;\">Edital n\u00ba 86\/2022 Resultado da Homologa\u00e7\u00e3o Preliminar das Solicita\u00e7\u00f5es de Atendimentos Especiais, de 05\/09\/2022 <a href=\"http:\/\/concursos2.fadesp.org.br\/prosel\/2023\/uepa\/arquivos\/Edital 86 Resultado da Homologa\u00e7\u00e3o Preliminar das Solicita\u00e7\u00f5es de Atendimentos Especiais.pdf\"><strong>(Clique Aqui)<\/strong><\/a><\/p><p style=\"text-align: center;\">Edital n\u00ba 85\/2022 Resultado da Homologa\u00e7\u00e3o Preliminar dos PcD Concorrentes, de 05\/09\/2022 <a href=\"http:\/\/concursos2.fadesp.org.br\/prosel\/2023\/uepa\/arquivos\/Edital 85 Resultado da Homologa\u00e7\u00e3o Preliminar dos PcD Concorrentes.pdf\"><strong>(Clique Aqui)<\/strong><\/a><\/p><p style=\"text-align: center;\">Edital n\u00ba 84\/2022 Resultado da Homologa\u00e7\u00e3o Preliminar das Inscri\u00e7\u00f5es Deferidas, de 05\/09\/2022 <a href=\"http:\/\/concursos2.fadesp.org.br\/prosel\/2023\/uepa\/arquivos\/Edital 84 Resultado da Homologa\u00e7\u00e3o Preliminar das Inscri\u00e7\u00f5es Deferidas.pdf\"><strong>(Clique Aqui)<\/strong><\/a><\/p><p style=\"text-align: center;\">Novo Cronograma (Inscri\u00e7\u00e3o e Prova Prorrogadas), de 08\/08\/2022 <a href=\"http:\/\/concursos2.fadesp.org.br\/prosel\/2023\/uepa\/arquivos\/NOVO CRONOGRAMA_PROSEL 2023 - UEPA.pdf\">(Clique aqui)<\/a><\/p><p style=\"text-align: center;\">Edital n\u00ba 82\/2022 Resultado Definitivo de Isen\u00e7\u00e3o &#8211; Hipossufici\u00eancia Financeira &#8211; Retificado, de 28\/07\/2022 <a href=\"http:\/\/concursos2.fadesp.org.br\/prosel\/2023\/uepa\/arquivos\/Edital 82 Resultado Definitivo de Isen\u00e7\u00e3o - Hipossufici\u00eancia Financeira - Retificado.pdf\"><strong>(Clique Aqui)<\/strong><\/a><\/p><p style=\"text-align: center;\">Edital n\u00ba 83\/2022 Resultado Definitivo de Isen\u00e7\u00e3o PcD, de 25\/07\/2022 <a href=\"http:\/\/concursos2.fadesp.org.br\/prosel\/2023\/uepa\/arquivos\/Edital 83 Resultado Definitivo de Isen\u00e7\u00e3o PcD.pdf\"><strong>(Clique Aqui)<\/strong><\/a><\/p><p style=\"text-align: center;\">Edital n\u00ba 82\/2022 Resultado Definitivo de Isen\u00e7\u00e3o &#8211; Hipossufici\u00eancia Financeira, de 25\/07\/2022 <a href=\"http:\/\/concursos2.fadesp.org.br\/prosel\/2023\/uepa\/arquivos\/Edital 82 Resultado Definitivo de Isen\u00e7\u00e3o - Hipossufici\u00eancia Financeira.pdf\"><strong>(Clique Aqui)<\/strong><\/a><\/p><p style=\"text-align: center;\">Edital n\u00ba 81\/2022 Resultado Preliminar de Isen\u00e7\u00e3o PcD, de 21\/07\/2022 <a href=\"http:\/\/concursos2.fadesp.org.br\/prosel\/2023\/uepa\/arquivos\/Edital 81 Resultado Preliminar de Isen\u00e7\u00e3o PcD.pdf\"><strong>(Clique Aqui)<\/strong><\/a><\/p><p style=\"text-align: center;\">Edital n\u00ba 80\/2022 Resultado Preliminar de Isen\u00e7\u00e3o &#8211; Hipossufici\u00eancia Financeira, de 21\/07\/2022 <a href=\"http:\/\/concursos2.fadesp.org.br\/prosel\/2023\/uepa\/arquivos\/Edital 80 Resultado Preliminar de Isen\u00e7\u00e3o - Hipossufici\u00eancia Financeira.pdf\"><strong>(Clique Aqui)<\/strong><\/a><\/p><p style=\"text-align: center;\">Edital n\u00ba 79\/2022, de 11\/07\/2022 <a href=\"http:\/\/concursos2.fadesp.org.br\/prosel\/2023\/uepa\/arquivos\/EDITAL%20N%C2%BA%2079_UEPA.pdf\"><strong>(Clique Aqui)<\/strong><\/a><\/p>\t\t\t\t\t\t\t\t<\/div>\n\t\t\t\t<\/div>\n\t\t\t\t\t<\/div>\n\t\t<\/div>\n\t\t\t\t\t<\/div>\n\t\t<\/section>\n\t\t\t\t\t<\/div>\n\t\t<\/div>\n\t\t\t\t\t<\/div>\n\t\t<\/section>\n\t\t\t\t<\/div>\n\t\t","protected":false},"excerpt":{"rendered":"<p>Processo Seletivo Especial UEPA 2023 (PROSEL UEPA) A Universidade do Estado do Par\u00e1 (UEPA) torna p\u00fablica a realiza\u00e7\u00e3o do Processo Seletivo Especial 2023.1 (PROSEL Especial FORMA PAR\u00c1\/UEPA 2023, destinado a selecionar candidatos para o provimento de vagas nos cursos presenciais de gradua\u00e7\u00e3o, em regime especial, mediante conv\u00eaniocelebrado entre a Secretaria de Estado de Ci\u00eancia, Tecnologia [&hellip;]<\/p>\n","protected":false},"author":9,"featured_media":0,"parent":329,"menu_order":0,"comment_status":"closed","ping_status":"closed","template":"","meta":{"_monsterinsights_skip_tracking":false,"_monsterinsights_sitenote_active":false,"_monsterinsights_sitenote_note":"","_monsterinsights_sitenote_category":0,"footnotes":""},"class_list":["post-27291","page","type-page","status-publish","hentry","entry"],"yoast_head":"<!-- This site is optimized with the Yoast SEO plugin v25.1 - https:\/\/yoast.com\/wordpress\/plugins\/seo\/ -->\n<title>Processo Seletivo Especial UEPA 2023 (PROSEL UEPA) - FADESP<\/title>\n<meta name=\"robots\" content=\"index, follow, max-snippet:-1, max-image-preview:large, max-video-preview:-1\" \/>\n<link rel=\"canonical\" href=\"https:\/\/portalfadesp.org.br\/?page_id=27291\" \/>\n<meta property=\"og:locale\" content=\"pt_BR\" \/>\n<meta property=\"og:type\" content=\"article\" \/>\n<meta property=\"og:title\" content=\"Processo Seletivo Especial UEPA 2023 (PROSEL UEPA) - FADESP\" \/>\n<meta property=\"og:description\" content=\"Processo Seletivo Especial UEPA 2023 (PROSEL UEPA) A Universidade do Estado do Par\u00e1 (UEPA) torna p\u00fablica a realiza\u00e7\u00e3o do Processo Seletivo Especial 2023.1 (PROSEL Especial FORMA PAR\u00c1\/UEPA 2023, destinado a selecionar candidatos para o provimento de vagas nos cursos presenciais de gradua\u00e7\u00e3o, em regime especial, mediante conv\u00eaniocelebrado entre a Secretaria de Estado de Ci\u00eancia, Tecnologia [&hellip;]\" \/>\n<meta property=\"og:url\" content=\"https:\/\/portalfadesp.org.br\/?page_id=27291\" \/>\n<meta property=\"og:site_name\" content=\"FADESP\" \/>\n<meta property=\"article:publisher\" content=\"https:\/\/www.facebook.com\/Fadesp-138351949524662\/\" \/>\n<meta property=\"article:modified_time\" content=\"2022-12-20T13:47:35+00:00\" \/>\n<meta name=\"twitter:card\" content=\"summary_large_image\" \/>\n<meta name=\"twitter:site\" content=\"@Fadesp\" \/>\n<meta name=\"twitter:label1\" content=\"Est. tempo de leitura\" \/>\n\t<meta name=\"twitter:data1\" content=\"2 minutos\" \/>\n<script type=\"application\/ld+json\" class=\"yoast-schema-graph\">{\"@context\":\"https:\/\/schema.org\",\"@graph\":[{\"@type\":\"WebPage\",\"@id\":\"https:\/\/portalfadesp.org.br\/?page_id=27291\",\"url\":\"https:\/\/portalfadesp.org.br\/?page_id=27291\",\"name\":\"Processo Seletivo Especial UEPA 2023 (PROSEL UEPA) - FADESP\",\"isPartOf\":{\"@id\":\"https:\/\/portalfadesp.org.br\/#website\"},\"datePublished\":\"2022-07-11T17:35:24+00:00\",\"dateModified\":\"2022-12-20T13:47:35+00:00\",\"breadcrumb\":{\"@id\":\"https:\/\/portalfadesp.org.br\/?page_id=27291#breadcrumb\"},\"inLanguage\":\"pt-BR\",\"potentialAction\":[{\"@type\":\"ReadAction\",\"target\":[\"https:\/\/portalfadesp.org.br\/?page_id=27291\"]}]},{\"@type\":\"BreadcrumbList\",\"@id\":\"https:\/\/portalfadesp.org.br\/?page_id=27291#breadcrumb\",\"itemListElement\":[{\"@type\":\"ListItem\",\"position\":1,\"name\":\"In\u00edcio\",\"item\":\"https:\/\/portalfadesp.org.br\/\"},{\"@type\":\"ListItem\",\"position\":2,\"name\":\"Concursos &#8211; Homologados\",\"item\":\"https:\/\/portalfadesp.org.br\/?page_id=329\"},{\"@type\":\"ListItem\",\"position\":3,\"name\":\"Processo Seletivo Especial UEPA 2023 (PROSEL UEPA)\"}]},{\"@type\":\"WebSite\",\"@id\":\"https:\/\/portalfadesp.org.br\/#website\",\"url\":\"https:\/\/portalfadesp.org.br\/\",\"name\":\"FADESP\",\"description\":\"Funda\u00e7\u00e3o de Amparo e Desenvolvimento da Pesquisa\",\"publisher\":{\"@id\":\"https:\/\/portalfadesp.org.br\/#organization\"},\"potentialAction\":[{\"@type\":\"SearchAction\",\"target\":{\"@type\":\"EntryPoint\",\"urlTemplate\":\"https:\/\/portalfadesp.org.br\/?s={search_term_string}\"},\"query-input\":{\"@type\":\"PropertyValueSpecification\",\"valueRequired\":true,\"valueName\":\"search_term_string\"}}],\"inLanguage\":\"pt-BR\"},{\"@type\":\"Organization\",\"@id\":\"https:\/\/portalfadesp.org.br\/#organization\",\"name\":\"FADESP\",\"url\":\"https:\/\/portalfadesp.org.br\/\",\"logo\":{\"@type\":\"ImageObject\",\"inLanguage\":\"pt-BR\",\"@id\":\"https:\/\/portalfadesp.org.br\/#\/schema\/logo\/image\/\",\"url\":\"https:\/\/portalfadesp.org.br\/wp-content\/uploads\/2024\/01\/NOVOLOGOFADESPlaranjaH.png\",\"contentUrl\":\"https:\/\/portalfadesp.org.br\/wp-content\/uploads\/2024\/01\/NOVOLOGOFADESPlaranjaH.png\",\"width\":2742,\"height\":839,\"caption\":\"FADESP\"},\"image\":{\"@id\":\"https:\/\/portalfadesp.org.br\/#\/schema\/logo\/image\/\"},\"sameAs\":[\"https:\/\/www.facebook.com\/Fadesp-138351949524662\/\",\"https:\/\/x.com\/Fadesp\",\"https:\/\/www.instagram.com\/fadesp_ufpa\/\",\"https:\/\/www.youtube.com\/@fundacaodeamparoedesenvolv1903\",\"https:\/\/www.threads.net\/@fadesp_ufpa\"]}]}<\/script>\n<!-- \/ Yoast SEO plugin. -->","yoast_head_json":{"title":"Processo Seletivo Especial UEPA 2023 (PROSEL UEPA) - FADESP","robots":{"index":"index","follow":"follow","max-snippet":"max-snippet:-1","max-image-preview":"max-image-preview:large","max-video-preview":"max-video-preview:-1"},"canonical":"https:\/\/portalfadesp.org.br\/?page_id=27291","og_locale":"pt_BR","og_type":"article","og_title":"Processo Seletivo Especial UEPA 2023 (PROSEL UEPA) - FADESP","og_description":"Processo Seletivo Especial UEPA 2023 (PROSEL UEPA) A Universidade do Estado do Par\u00e1 (UEPA) torna p\u00fablica a realiza\u00e7\u00e3o do Processo Seletivo Especial 2023.1 (PROSEL Especial FORMA PAR\u00c1\/UEPA 2023, destinado a selecionar candidatos para o provimento de vagas nos cursos presenciais de gradua\u00e7\u00e3o, em regime especial, mediante conv\u00eaniocelebrado entre a Secretaria de Estado de Ci\u00eancia, Tecnologia [&hellip;]","og_url":"https:\/\/portalfadesp.org.br\/?page_id=27291","og_site_name":"FADESP","article_publisher":"https:\/\/www.facebook.com\/Fadesp-138351949524662\/","article_modified_time":"2022-12-20T13:47:35+00:00","twitter_card":"summary_large_image","twitter_site":"@Fadesp","twitter_misc":{"Est. tempo de leitura":"2 minutos"},"schema":{"@context":"https:\/\/schema.org","@graph":[{"@type":"WebPage","@id":"https:\/\/portalfadesp.org.br\/?page_id=27291","url":"https:\/\/portalfadesp.org.br\/?page_id=27291","name":"Processo Seletivo Especial UEPA 2023 (PROSEL UEPA) - FADESP","isPartOf":{"@id":"https:\/\/portalfadesp.org.br\/#website"},"datePublished":"2022-07-11T17:35:24+00:00","dateModified":"2022-12-20T13:47:35+00:00","breadcrumb":{"@id":"https:\/\/portalfadesp.org.br\/?page_id=27291#breadcrumb"},"inLanguage":"pt-BR","potentialAction":[{"@type":"ReadAction","target":["https:\/\/portalfadesp.org.br\/?page_id=27291"]}]},{"@type":"BreadcrumbList","@id":"https:\/\/portalfadesp.org.br\/?page_id=27291#breadcrumb","itemListElement":[{"@type":"ListItem","position":1,"name":"In\u00edcio","item":"https:\/\/portalfadesp.org.br\/"},{"@type":"ListItem","position":2,"name":"Concursos &#8211; Homologados","item":"https:\/\/portalfadesp.org.br\/?page_id=329"},{"@type":"ListItem","position":3,"name":"Processo Seletivo Especial UEPA 2023 (PROSEL UEPA)"}]},{"@type":"WebSite","@id":"https:\/\/portalfadesp.org.br\/#website","url":"https:\/\/portalfadesp.org.br\/","name":"FADESP","description":"Funda\u00e7\u00e3o de Amparo e Desenvolvimento da Pesquisa","publisher":{"@id":"https:\/\/portalfadesp.org.br\/#organization"},"potentialAction":[{"@type":"SearchAction","target":{"@type":"EntryPoint","urlTemplate":"https:\/\/portalfadesp.org.br\/?s={search_term_string}"},"query-input":{"@type":"PropertyValueSpecification","valueRequired":true,"valueName":"search_term_string"}}],"inLanguage":"pt-BR"},{"@type":"Organization","@id":"https:\/\/portalfadesp.org.br\/#organization","name":"FADESP","url":"https:\/\/portalfadesp.org.br\/","logo":{"@type":"ImageObject","inLanguage":"pt-BR","@id":"https:\/\/portalfadesp.org.br\/#\/schema\/logo\/image\/","url":"https:\/\/portalfadesp.org.br\/wp-content\/uploads\/2024\/01\/NOVOLOGOFADESPlaranjaH.png","contentUrl":"https:\/\/portalfadesp.org.br\/wp-content\/uploads\/2024\/01\/NOVOLOGOFADESPlaranjaH.png","width":2742,"height":839,"caption":"FADESP"},"image":{"@id":"https:\/\/portalfadesp.org.br\/#\/schema\/logo\/image\/"},"sameAs":["https:\/\/www.facebook.com\/Fadesp-138351949524662\/","https:\/\/x.com\/Fadesp","https:\/\/www.instagram.com\/fadesp_ufpa\/","https:\/\/www.youtube.com\/@fundacaodeamparoedesenvolv1903","https:\/\/www.threads.net\/@fadesp_ufpa"]}]}},"_links":{"self":[{"href":"https:\/\/portalfadesp.org.br\/index.php?rest_route=\/wp\/v2\/pages\/27291","targetHints":{"allow":["GET"]}}],"collection":[{"href":"https:\/\/portalfadesp.org.br\/index.php?rest_route=\/wp\/v2\/pages"}],"about":[{"href":"https:\/\/portalfadesp.org.br\/index.php?rest_route=\/wp\/v2\/types\/page"}],"author":[{"embeddable":true,"href":"https:\/\/portalfadesp.org.br\/index.php?rest_route=\/wp\/v2\/users\/9"}],"replies":[{"embeddable":true,"href":"https:\/\/portalfadesp.org.br\/index.php?rest_route=%2Fwp%2Fv2%2Fcomments&post=27291"}],"version-history":[{"count":167,"href":"https:\/\/portalfadesp.org.br\/index.php?rest_route=\/wp\/v2\/pages\/27291\/revisions"}],"predecessor-version":[{"id":36246,"href":"https:\/\/portalfadesp.org.br\/index.php?rest_route=\/wp\/v2\/pages\/27291\/revisions\/36246"}],"up":[{"embeddable":true,"href":"https:\/\/portalfadesp.org.br\/index.php?rest_route=\/wp\/v2\/pages\/329"}],"wp:attachment":[{"href":"https:\/\/portalfadesp.org.br\/index.php?rest_route=%2Fwp%2Fv2%2Fmedia&parent=27291"}],"curies":[{"name":"wp","href":"https:\/\/api.w.org\/{rel}","templated":true}]}}