{"id":2554,"date":"2019-06-29T17:51:18","date_gmt":"2019-06-29T20:51:18","guid":{"rendered":"https:\/\/162.215.13.167?page_id=2554"},"modified":"2022-12-21T15:22:25","modified_gmt":"2022-12-21T18:22:25","slug":"elementor-2554","status":"publish","type":"page","link":"https:\/\/portalfadesp.org.br\/?page_id=2554","title":{"rendered":"Inscri\u00e7\u00f5es Reabertas &#8211; Curso Te\u00f3rico-Pr\u00e1tico de Pilotagem e Mapeamento A\u00e9reo com Drones"},"content":{"rendered":"\t\t<div data-elementor-type=\"wp-post\" data-elementor-id=\"2554\" class=\"elementor elementor-2554\" data-elementor-post-type=\"page\">\n\t\t\t\t\t\t<section class=\"elementor-section elementor-top-section elementor-element elementor-element-5cbdd6ec elementor-section-boxed elementor-section-height-default elementor-section-height-default\" data-id=\"5cbdd6ec\" data-element_type=\"section\">\n\t\t\t\t\t\t<div class=\"elementor-container elementor-column-gap-default\">\n\t\t\t\t\t<div class=\"elementor-column elementor-col-100 elementor-top-column elementor-element elementor-element-70dfc265\" data-id=\"70dfc265\" data-element_type=\"column\">\n\t\t\t<div class=\"elementor-widget-wrap elementor-element-populated\">\n\t\t\t\t\t\t<div class=\"elementor-element elementor-element-41e07633 elementor-widget elementor-widget-heading\" data-id=\"41e07633\" data-element_type=\"widget\" data-widget_type=\"heading.default\">\n\t\t\t\t<div class=\"elementor-widget-container\">\n\t\t\t\t\t<h1 class=\"elementor-heading-title elementor-size-default\">Curso Te\u00f3rico-Pr\u00e1tico de Pilotagem e Mapeamento A\u00e9reo com Drones\n<\/h1>\t\t\t\t<\/div>\n\t\t\t\t<\/div>\n\t\t\t\t<section class=\"elementor-section elementor-inner-section elementor-element elementor-element-112eb184 elementor-section-boxed elementor-section-height-default elementor-section-height-default\" data-id=\"112eb184\" data-element_type=\"section\">\n\t\t\t\t\t\t<div class=\"elementor-container elementor-column-gap-default\">\n\t\t\t\t\t<div class=\"elementor-column elementor-col-50 elementor-inner-column elementor-element elementor-element-1a9b8b33\" data-id=\"1a9b8b33\" data-element_type=\"column\">\n\t\t\t<div class=\"elementor-widget-wrap elementor-element-populated\">\n\t\t\t\t\t\t<div class=\"elementor-element elementor-element-a1cdffc elementor-widget elementor-widget-text-editor\" data-id=\"a1cdffc\" data-element_type=\"widget\" data-widget_type=\"text-editor.default\">\n\t\t\t\t<div class=\"elementor-widget-container\">\n\t\t\t\t\t\t\t\t\t<p><span style=\"color: #000000;\">Laborat\u00f3rio de Pesquisa em Monitoramento Ambiental Marinho (LAPMAR) do Instituto de Geoci\u00eancias da Universidade Federal do Par\u00e1 (UFPA) promover\u00e1 o Curso Te\u00f3rico-Pr\u00e1tico de Pilotagem e Mapeamento A\u00e9reo com Drones.\u00a0<\/span><\/p><p><span style=\"color: #000000;\"><strong>Objetivo<\/strong> &#8211; A forma\u00e7\u00e3o permitir\u00e1:<\/span><br \/><span style=\"color: #000000;\">&#8211; Identificar as potencialidades dos softwares dispon\u00edveis para processamento das imagens a\u00e9reas, a sua integra\u00e7\u00e3o com outros SIGs e os produtos cartogr\u00e1ficos gerados.<\/span><br \/><span style=\"color: #000000;\">&#8211; Reconhecer os tipos de Aeronaves Remotamente Pilotadas (RPAs) existentes e suas aplica\u00e7\u00f5es, al\u00e9m da montagem, pilotagem, elabora\u00e7\u00e3o e execu\u00e7\u00e3o de um plano de voo com Drone.<\/span><br \/><span style=\"color: #000000;\">&#8211; Reconhecer os diversos modelos de c\u00e2meras e sensores dispon\u00edveis que podem ser acoplados aos Drones e quando utilizar cada um deles para levantamento de dados espec\u00edficos.<\/span><\/p><p><span style=\"color: #000000;\"><strong>Coordena\u00e7\u00e3o<\/strong> &#8211; Ana Alencar _ Mestre em Geoci\u00eancias (UFPE), autora do livro &#8220;Caracteriza\u00e7\u00e3o batim\u00e9trica, sedimentol\u00f3gica e geoqu\u00edmica do estu\u00e1rio do rio Mamanguape &#8211; PB&#8221;. Carreira desenvolvida na \u00e1rea de Geoprocessamento, Conserva\u00e7\u00e3o da Natureza, Gest\u00e3o de Projetos Ambientais e resposta a emerg\u00eancias com vazamento de \u00f3leo. CEO &amp; Founder na GISdrone, com planejamento e execu\u00e7\u00e3o de projetos utilizando Drones e Sistemas de Informa\u00e7\u00f5es Geogr\u00e1ficas (SIG\u2019s), para gera\u00e7\u00e3o de solu\u00e7\u00f5es em meio ambiente, engenharia e prote\u00e7\u00e3o de esp\u00e9cies amea\u00e7adas, com enfoque para a zona marinha costeira. Possui capacita\u00e7\u00e3o e experi\u00eancia nas \u00e1reas de inspe\u00e7\u00e3o industrial, inspe\u00e7\u00e3o t\u00e9rmica preventiva e corretiva (pain\u00e9is solares e linhas de transmiss\u00e3o de energia), uso de drones para a seguran\u00e7a p\u00fablica e agricultura de precis\u00e3o,<\/span><br \/><span style=\"color: #000000;\">para determina\u00e7\u00e3o da sa\u00fade da vegeta\u00e7\u00e3o.<\/span><\/p><p><span style=\"color: #000000;\"><strong>P\u00fablico Alvo<\/strong> &#8211; Estudantes e Profissionais.<\/span><\/p><p><span style=\"color: #000000;\"><strong>Carga Hor\u00e1ria<\/strong> &#8211; 20 horas.<\/span><\/p><p><span style=\"color: #000000;\"><strong>Local do curso<\/strong> &#8211; Laborat\u00f3rio de Pesquisa em Monitoramento Ambiental Marinho do IG\/UFPA, em Bel\u00e9m.<\/span><\/p><p><span style=\"color: #000000;\"><strong>Aulas<\/strong> &#8211; \u00a0 Turma 5: \u00a0de 03 a 05 de dezembro (dias 03 e 04, das 8h \u00e0s 17h30; dia 05, de 8h \u00e0s 12h.<\/span><\/p><p><span style=\"color: #000000;\"><strong>Inscri\u00e7\u00f5es<\/strong><\/span><br \/><span style=\"color: #000000;\">&#8211; As inscri\u00e7\u00f5es ser\u00e3o encerradas \u00e0 medida que a turma for preenchida.<\/span><br \/><span style=\"color: #000000;\">&#8211; A turma ser\u00e1 preenchida obedecendo a ordem de pagamento do boleto de inscri\u00e7\u00e3o.<\/span><br \/><span style=\"color: #000000;\">&#8211; A data limite para o pagamento da inscri\u00e7\u00e3o para a turma 5 \u00e9 02\/12\/2019.<\/span><br \/><span style=\"color: #000000;\"><strong>&#8211; Taxa:<\/strong><\/span><br \/><span style=\"color: #000000;\"><strong>Profissionais<\/strong> &#8211; R$ 900,00\u00a0<\/span><br \/><span style=\"color: #000000;\"><strong>Estudantes<\/strong> &#8211; R$ 590,00 (apenas para alunos de gradua\u00e7\u00e3o ou p\u00f3s-gradua\u00e7\u00e3o, sem v\u00ednculo empregat\u00edcio, que ainda n\u00e3o est\u00e3o no mercado de trabalho e n\u00e3o possuem renda. Ser\u00e1 requerida a carteira estudantil e um comprovante de v\u00ednculo<\/span><br \/><span style=\"color: #000000;\">institucional atualizado).<\/span><\/p>\t\t\t\t\t\t\t\t<\/div>\n\t\t\t\t<\/div>\n\t\t\t\t\t<\/div>\n\t\t<\/div>\n\t\t\t\t<div class=\"elementor-column elementor-col-50 elementor-inner-column elementor-element elementor-element-4bdedf4f\" data-id=\"4bdedf4f\" data-element_type=\"column\">\n\t\t\t<div class=\"elementor-widget-wrap elementor-element-populated\">\n\t\t\t\t\t\t<div class=\"elementor-element elementor-element-37836015 elementor-widget elementor-widget-text-editor\" data-id=\"37836015\" data-element_type=\"widget\" data-widget_type=\"text-editor.default\">\n\t\t\t\t<div class=\"elementor-widget-container\">\n\t\t\t\t\t\t\t\t\t<p style=\"text-align: center;\"><span style=\"color: #ffffff;\"><strong>Editais e Avisos<\/strong><\/span><\/p>\t\t\t\t\t\t\t\t<\/div>\n\t\t\t\t<\/div>\n\t\t\t\t<div class=\"elementor-element elementor-element-6629840a elementor-widget elementor-widget-text-editor\" data-id=\"6629840a\" data-element_type=\"widget\" data-widget_type=\"text-editor.default\">\n\t\t\t\t<div class=\"elementor-widget-container\">\n\t\t\t\t\t\t\t\t\t<p style=\"text-align: center;\"><span style=\"text-decoration: underline;\"><strong><a href=\"..\/wp-content\/uploads\/2019\/10\/outubro-UFPA-qualifica\u00e7\u00e3o-DRONE-protocolo-de-oferta-turma-5.pdf\" target=\"_blank\" rel=\"noopener\">Protocolo de oferta<\/a><\/strong><\/span><\/p>\n<p style=\"text-align: center;\"><strong>Mais informa\u00e7\u00f5es pelo email contato@gisdrone.com.br\u00a0<\/strong><a id=\"c7i2X3aNEx\" title=\"Tamanho: -1KB\" href=\"..\/midias\/anexos\/581_quadro_de_vagas_-_republicada.pdf\" target=\"_blank\" rel=\"noopener\"><\/a><\/p>\t\t\t\t\t\t\t\t<\/div>\n\t\t\t\t<\/div>\n\t\t\t\t\t<\/div>\n\t\t<\/div>\n\t\t\t\t\t<\/div>\n\t\t<\/section>\n\t\t\t\t\t<\/div>\n\t\t<\/div>\n\t\t\t\t\t<\/div>\n\t\t<\/section>\n\t\t\t\t<\/div>\n\t\t","protected":false},"excerpt":{"rendered":"<p>Curso Te\u00f3rico-Pr\u00e1tico de Pilotagem e Mapeamento A\u00e9reo com Drones Laborat\u00f3rio de Pesquisa em Monitoramento Ambiental Marinho (LAPMAR) do Instituto de Geoci\u00eancias da Universidade Federal do Par\u00e1 (UFPA) promover\u00e1 o Curso Te\u00f3rico-Pr\u00e1tico de Pilotagem e Mapeamento A\u00e9reo com Drones.\u00a0 Objetivo &#8211; A forma\u00e7\u00e3o permitir\u00e1:&#8211; Identificar as potencialidades dos softwares dispon\u00edveis para processamento das imagens a\u00e9reas, a [&hellip;]<\/p>\n","protected":false},"author":11,"featured_media":0,"parent":0,"menu_order":0,"comment_status":"closed","ping_status":"closed","template":"","meta":{"_monsterinsights_skip_tracking":false,"_monsterinsights_sitenote_active":false,"_monsterinsights_sitenote_note":"","_monsterinsights_sitenote_category":0,"footnotes":""},"class_list":["post-2554","page","type-page","status-publish","hentry","entry"],"yoast_head":"<!-- This site is optimized with the Yoast SEO plugin v25.1 - https:\/\/yoast.com\/wordpress\/plugins\/seo\/ -->\n<title>Inscri\u00e7\u00f5es Reabertas - Curso Te\u00f3rico-Pr\u00e1tico de Pilotagem e Mapeamento A\u00e9reo com Drones - FADESP<\/title>\n<meta name=\"robots\" content=\"index, follow, max-snippet:-1, max-image-preview:large, max-video-preview:-1\" \/>\n<link rel=\"canonical\" href=\"https:\/\/portalfadesp.org.br\/?page_id=2554\" \/>\n<meta property=\"og:locale\" content=\"pt_BR\" \/>\n<meta property=\"og:type\" content=\"article\" \/>\n<meta property=\"og:title\" content=\"Inscri\u00e7\u00f5es Reabertas - Curso Te\u00f3rico-Pr\u00e1tico de Pilotagem e Mapeamento A\u00e9reo com Drones - FADESP\" \/>\n<meta property=\"og:description\" content=\"Curso Te\u00f3rico-Pr\u00e1tico de Pilotagem e Mapeamento A\u00e9reo com Drones Laborat\u00f3rio de Pesquisa em Monitoramento Ambiental Marinho (LAPMAR) do Instituto de Geoci\u00eancias da Universidade Federal do Par\u00e1 (UFPA) promover\u00e1 o Curso Te\u00f3rico-Pr\u00e1tico de Pilotagem e Mapeamento A\u00e9reo com Drones.\u00a0 Objetivo &#8211; A forma\u00e7\u00e3o permitir\u00e1:&#8211; Identificar as potencialidades dos softwares dispon\u00edveis para processamento das imagens a\u00e9reas, a [&hellip;]\" \/>\n<meta property=\"og:url\" content=\"https:\/\/portalfadesp.org.br\/?page_id=2554\" \/>\n<meta property=\"og:site_name\" content=\"FADESP\" \/>\n<meta property=\"article:publisher\" content=\"https:\/\/www.facebook.com\/Fadesp-138351949524662\/\" \/>\n<meta property=\"article:modified_time\" content=\"2022-12-21T18:22:25+00:00\" \/>\n<meta name=\"twitter:card\" content=\"summary_large_image\" \/>\n<meta name=\"twitter:site\" content=\"@Fadesp\" \/>\n<meta name=\"twitter:label1\" content=\"Est. tempo de leitura\" \/>\n\t<meta name=\"twitter:data1\" content=\"2 minutos\" \/>\n<script type=\"application\/ld+json\" class=\"yoast-schema-graph\">{\"@context\":\"https:\/\/schema.org\",\"@graph\":[{\"@type\":\"WebPage\",\"@id\":\"https:\/\/portalfadesp.org.br\/?page_id=2554\",\"url\":\"https:\/\/portalfadesp.org.br\/?page_id=2554\",\"name\":\"Inscri\u00e7\u00f5es Reabertas - Curso Te\u00f3rico-Pr\u00e1tico de Pilotagem e Mapeamento A\u00e9reo com Drones - FADESP\",\"isPartOf\":{\"@id\":\"https:\/\/portalfadesp.org.br\/#website\"},\"datePublished\":\"2019-06-29T20:51:18+00:00\",\"dateModified\":\"2022-12-21T18:22:25+00:00\",\"breadcrumb\":{\"@id\":\"https:\/\/portalfadesp.org.br\/?page_id=2554#breadcrumb\"},\"inLanguage\":\"pt-BR\",\"potentialAction\":[{\"@type\":\"ReadAction\",\"target\":[\"https:\/\/portalfadesp.org.br\/?page_id=2554\"]}]},{\"@type\":\"BreadcrumbList\",\"@id\":\"https:\/\/portalfadesp.org.br\/?page_id=2554#breadcrumb\",\"itemListElement\":[{\"@type\":\"ListItem\",\"position\":1,\"name\":\"In\u00edcio\",\"item\":\"https:\/\/portalfadesp.org.br\/\"},{\"@type\":\"ListItem\",\"position\":2,\"name\":\"Inscri\u00e7\u00f5es Reabertas &#8211; Curso Te\u00f3rico-Pr\u00e1tico de Pilotagem e Mapeamento A\u00e9reo com Drones\"}]},{\"@type\":\"WebSite\",\"@id\":\"https:\/\/portalfadesp.org.br\/#website\",\"url\":\"https:\/\/portalfadesp.org.br\/\",\"name\":\"FADESP\",\"description\":\"Funda\u00e7\u00e3o de Amparo e Desenvolvimento da Pesquisa\",\"publisher\":{\"@id\":\"https:\/\/portalfadesp.org.br\/#organization\"},\"potentialAction\":[{\"@type\":\"SearchAction\",\"target\":{\"@type\":\"EntryPoint\",\"urlTemplate\":\"https:\/\/portalfadesp.org.br\/?s={search_term_string}\"},\"query-input\":{\"@type\":\"PropertyValueSpecification\",\"valueRequired\":true,\"valueName\":\"search_term_string\"}}],\"inLanguage\":\"pt-BR\"},{\"@type\":\"Organization\",\"@id\":\"https:\/\/portalfadesp.org.br\/#organization\",\"name\":\"FADESP\",\"url\":\"https:\/\/portalfadesp.org.br\/\",\"logo\":{\"@type\":\"ImageObject\",\"inLanguage\":\"pt-BR\",\"@id\":\"https:\/\/portalfadesp.org.br\/#\/schema\/logo\/image\/\",\"url\":\"https:\/\/portalfadesp.org.br\/wp-content\/uploads\/2024\/01\/NOVOLOGOFADESPlaranjaH.png\",\"contentUrl\":\"https:\/\/portalfadesp.org.br\/wp-content\/uploads\/2024\/01\/NOVOLOGOFADESPlaranjaH.png\",\"width\":2742,\"height\":839,\"caption\":\"FADESP\"},\"image\":{\"@id\":\"https:\/\/portalfadesp.org.br\/#\/schema\/logo\/image\/\"},\"sameAs\":[\"https:\/\/www.facebook.com\/Fadesp-138351949524662\/\",\"https:\/\/x.com\/Fadesp\",\"https:\/\/www.instagram.com\/fadesp_ufpa\/\",\"https:\/\/www.youtube.com\/@fundacaodeamparoedesenvolv1903\",\"https:\/\/www.threads.net\/@fadesp_ufpa\"]}]}<\/script>\n<!-- \/ Yoast SEO plugin. -->","yoast_head_json":{"title":"Inscri\u00e7\u00f5es Reabertas - Curso Te\u00f3rico-Pr\u00e1tico de Pilotagem e Mapeamento A\u00e9reo com Drones - FADESP","robots":{"index":"index","follow":"follow","max-snippet":"max-snippet:-1","max-image-preview":"max-image-preview:large","max-video-preview":"max-video-preview:-1"},"canonical":"https:\/\/portalfadesp.org.br\/?page_id=2554","og_locale":"pt_BR","og_type":"article","og_title":"Inscri\u00e7\u00f5es Reabertas - Curso Te\u00f3rico-Pr\u00e1tico de Pilotagem e Mapeamento A\u00e9reo com Drones - FADESP","og_description":"Curso Te\u00f3rico-Pr\u00e1tico de Pilotagem e Mapeamento A\u00e9reo com Drones Laborat\u00f3rio de Pesquisa em Monitoramento Ambiental Marinho (LAPMAR) do Instituto de Geoci\u00eancias da Universidade Federal do Par\u00e1 (UFPA) promover\u00e1 o Curso Te\u00f3rico-Pr\u00e1tico de Pilotagem e Mapeamento A\u00e9reo com Drones.\u00a0 Objetivo &#8211; A forma\u00e7\u00e3o permitir\u00e1:&#8211; Identificar as potencialidades dos softwares dispon\u00edveis para processamento das imagens a\u00e9reas, a [&hellip;]","og_url":"https:\/\/portalfadesp.org.br\/?page_id=2554","og_site_name":"FADESP","article_publisher":"https:\/\/www.facebook.com\/Fadesp-138351949524662\/","article_modified_time":"2022-12-21T18:22:25+00:00","twitter_card":"summary_large_image","twitter_site":"@Fadesp","twitter_misc":{"Est. tempo de leitura":"2 minutos"},"schema":{"@context":"https:\/\/schema.org","@graph":[{"@type":"WebPage","@id":"https:\/\/portalfadesp.org.br\/?page_id=2554","url":"https:\/\/portalfadesp.org.br\/?page_id=2554","name":"Inscri\u00e7\u00f5es Reabertas - Curso Te\u00f3rico-Pr\u00e1tico de Pilotagem e Mapeamento A\u00e9reo com Drones - FADESP","isPartOf":{"@id":"https:\/\/portalfadesp.org.br\/#website"},"datePublished":"2019-06-29T20:51:18+00:00","dateModified":"2022-12-21T18:22:25+00:00","breadcrumb":{"@id":"https:\/\/portalfadesp.org.br\/?page_id=2554#breadcrumb"},"inLanguage":"pt-BR","potentialAction":[{"@type":"ReadAction","target":["https:\/\/portalfadesp.org.br\/?page_id=2554"]}]},{"@type":"BreadcrumbList","@id":"https:\/\/portalfadesp.org.br\/?page_id=2554#breadcrumb","itemListElement":[{"@type":"ListItem","position":1,"name":"In\u00edcio","item":"https:\/\/portalfadesp.org.br\/"},{"@type":"ListItem","position":2,"name":"Inscri\u00e7\u00f5es Reabertas &#8211; Curso Te\u00f3rico-Pr\u00e1tico de Pilotagem e Mapeamento A\u00e9reo com Drones"}]},{"@type":"WebSite","@id":"https:\/\/portalfadesp.org.br\/#website","url":"https:\/\/portalfadesp.org.br\/","name":"FADESP","description":"Funda\u00e7\u00e3o de Amparo e Desenvolvimento da Pesquisa","publisher":{"@id":"https:\/\/portalfadesp.org.br\/#organization"},"potentialAction":[{"@type":"SearchAction","target":{"@type":"EntryPoint","urlTemplate":"https:\/\/portalfadesp.org.br\/?s={search_term_string}"},"query-input":{"@type":"PropertyValueSpecification","valueRequired":true,"valueName":"search_term_string"}}],"inLanguage":"pt-BR"},{"@type":"Organization","@id":"https:\/\/portalfadesp.org.br\/#organization","name":"FADESP","url":"https:\/\/portalfadesp.org.br\/","logo":{"@type":"ImageObject","inLanguage":"pt-BR","@id":"https:\/\/portalfadesp.org.br\/#\/schema\/logo\/image\/","url":"https:\/\/portalfadesp.org.br\/wp-content\/uploads\/2024\/01\/NOVOLOGOFADESPlaranjaH.png","contentUrl":"https:\/\/portalfadesp.org.br\/wp-content\/uploads\/2024\/01\/NOVOLOGOFADESPlaranjaH.png","width":2742,"height":839,"caption":"FADESP"},"image":{"@id":"https:\/\/portalfadesp.org.br\/#\/schema\/logo\/image\/"},"sameAs":["https:\/\/www.facebook.com\/Fadesp-138351949524662\/","https:\/\/x.com\/Fadesp","https:\/\/www.instagram.com\/fadesp_ufpa\/","https:\/\/www.youtube.com\/@fundacaodeamparoedesenvolv1903","https:\/\/www.threads.net\/@fadesp_ufpa"]}]}},"_links":{"self":[{"href":"https:\/\/portalfadesp.org.br\/index.php?rest_route=\/wp\/v2\/pages\/2554","targetHints":{"allow":["GET"]}}],"collection":[{"href":"https:\/\/portalfadesp.org.br\/index.php?rest_route=\/wp\/v2\/pages"}],"about":[{"href":"https:\/\/portalfadesp.org.br\/index.php?rest_route=\/wp\/v2\/types\/page"}],"author":[{"embeddable":true,"href":"https:\/\/portalfadesp.org.br\/index.php?rest_route=\/wp\/v2\/users\/11"}],"replies":[{"embeddable":true,"href":"https:\/\/portalfadesp.org.br\/index.php?rest_route=%2Fwp%2Fv2%2Fcomments&post=2554"}],"version-history":[{"count":76,"href":"https:\/\/portalfadesp.org.br\/index.php?rest_route=\/wp\/v2\/pages\/2554\/revisions"}],"predecessor-version":[{"id":38866,"href":"https:\/\/portalfadesp.org.br\/index.php?rest_route=\/wp\/v2\/pages\/2554\/revisions\/38866"}],"wp:attachment":[{"href":"https:\/\/portalfadesp.org.br\/index.php?rest_route=%2Fwp%2Fv2%2Fmedia&parent=2554"}],"curies":[{"name":"wp","href":"https:\/\/api.w.org\/{rel}","templated":true}]}}