{"id":25452,"date":"2022-03-03T10:30:08","date_gmt":"2022-03-03T13:30:08","guid":{"rendered":"https:\/\/162.215.13.167?page_id=25452"},"modified":"2022-12-21T12:37:51","modified_gmt":"2022-12-21T15:37:51","slug":"processo-seletivo-especial-uepa-2022-prosel-esp-uepa","status":"publish","type":"page","link":"https:\/\/portalfadesp.org.br\/?page_id=25452","title":{"rendered":"Processo Seletivo Especial UEPA 2022 (PROSEL ESP UEPA)"},"content":{"rendered":"\t\t<div data-elementor-type=\"wp-post\" data-elementor-id=\"25452\" class=\"elementor elementor-25452\" data-elementor-post-type=\"page\">\n\t\t\t\t\t\t<section class=\"elementor-section elementor-top-section elementor-element elementor-element-2a40db40 elementor-section-boxed elementor-section-height-default elementor-section-height-default\" data-id=\"2a40db40\" data-element_type=\"section\">\n\t\t\t\t\t\t<div class=\"elementor-container elementor-column-gap-default\">\n\t\t\t\t\t<div class=\"elementor-column elementor-col-100 elementor-top-column elementor-element elementor-element-4e956b47\" data-id=\"4e956b47\" data-element_type=\"column\">\n\t\t\t<div class=\"elementor-widget-wrap elementor-element-populated\">\n\t\t\t\t\t\t<div class=\"elementor-element elementor-element-372de194 elementor-widget elementor-widget-heading\" data-id=\"372de194\" data-element_type=\"widget\" data-widget_type=\"heading.default\">\n\t\t\t\t<div class=\"elementor-widget-container\">\n\t\t\t\t\t<h1 class=\"elementor-heading-title elementor-size-default\">Processo Seletivo Especial UEPA 2022 (PROSEL ESP UEPA)<\/h1>\t\t\t\t<\/div>\n\t\t\t\t<\/div>\n\t\t\t\t<section class=\"elementor-section elementor-inner-section elementor-element elementor-element-31e54043 elementor-section-boxed elementor-section-height-default elementor-section-height-default\" data-id=\"31e54043\" data-element_type=\"section\">\n\t\t\t\t\t\t<div class=\"elementor-container elementor-column-gap-default\">\n\t\t\t\t\t<div class=\"elementor-column elementor-col-50 elementor-inner-column elementor-element elementor-element-15f41bd\" data-id=\"15f41bd\" data-element_type=\"column\">\n\t\t\t<div class=\"elementor-widget-wrap elementor-element-populated\">\n\t\t\t\t\t\t<div class=\"elementor-element elementor-element-a543130 elementor-widget elementor-widget-text-editor\" data-id=\"a543130\" data-element_type=\"widget\" data-widget_type=\"text-editor.default\">\n\t\t\t\t<div class=\"elementor-widget-container\">\n\t\t\t\t\t\t\t\t\t<p style=\"font-weight: 400;\">\u00a0<strong>Universidade do Estado do Par\u00e1 (UEPA)<\/strong>\u00a0torna p\u00fablica a realiza\u00e7\u00e3o do\u00a0<strong>Processo Seletivo Especial 2022 (<\/strong><strong>PROSEL ESP UEPA 2022)<\/strong>, destinado a selecionar candidatos para o provimento de vagas nos cursos presenciais de gradua\u00e7\u00e3o, em regime especial, mediante conv\u00eanio celebrado com a\u00a0<strong>Secretaria de Estado de Ci\u00eancia, Tecnologia e Educa\u00e7\u00e3o Profissional e Tecnol\u00f3gica (SECTET)\u00a0.<\/strong><\/p><p style=\"font-weight: 400;\">Os referidos cursos ser\u00e3o ofertados pela\u00a0Universidade do Estado do Par\u00e1 (UEPA). mediante as condi\u00e7\u00f5es estabelecidas neste edital.<\/p><p><strong>Vagas : 400 <\/strong>(quatrocentos)<\/p><p><strong>Cursos \/ local da oferta:\u00a0<\/strong><\/p><p><strong style=\"font-style: inherit;\">Bacharelado em\u00a0Fisioterapia:<\/strong>\u00a0Concei\u00e7\u00e3o do<br \/>Araguaia.<\/p><p><strong>Bacharelado em Enfermagem:<\/strong> Bom Jesus do Tocantins, Rio Maria, S\u00e3o Sebasti\u00e3o da Boa Vista, Bragan\u00e7a.<\/p><p><strong>Licenciatura em\u00a0Pedagogia:\u00a0<\/strong>Marituba, Santo Ant\u00f4nio do<br \/>Tau\u00e1.<\/p><p><strong style=\"font-style: inherit;\">Licenciatura em\u00a0Letras Libras:\u00a0<\/strong>Marituba<\/p><p><strong>Requisitos \u2013\u00a0<\/strong>Ensino M\u00e9dio completo ou equivalente.<\/p><p><strong>Taxa de inscri\u00e7\u00e3o \u2013 R$ 20,00\u00a0<\/strong>(vinte reais)<strong>\u00a0\u00a0<\/strong><\/p><p><strong>\u2026\u2026\u2026\u2026\u2026\u2026\u2026\u2026\u2026\u2026..<\/strong><\/p><p><strong>Datas importantes:<\/strong><\/p><p><strong>Per\u00edodo de Inscri\u00e7\u00e3o \u2013 <\/strong>19\/03\/2022 a 04\/04\/2022<\/p><p><strong>Solicita\u00e7\u00e3o de isen\u00e7\u00e3o da taxa de inscri\u00e7\u00e3o \u2013<\/strong>19 a 23\/03\/2022<\/p><p><strong>Resultado preliminar da solicita\u00e7\u00e3o de isen\u00e7\u00e3o da taxa de inscri\u00e7\u00e3o \u2013<\/strong> 25\/03\/2022<\/p><p><strong>\u00daltimo dia para pagamento da taxa de inscri\u00e7\u00e3o \u2013<\/strong>05\/04\/2022<\/p>\t\t\t\t\t\t\t\t<\/div>\n\t\t\t\t<\/div>\n\t\t\t\t\t<\/div>\n\t\t<\/div>\n\t\t\t\t<div class=\"elementor-column elementor-col-50 elementor-inner-column elementor-element elementor-element-1a284bc5\" data-id=\"1a284bc5\" data-element_type=\"column\">\n\t\t\t<div class=\"elementor-widget-wrap elementor-element-populated\">\n\t\t\t\t\t\t<div class=\"elementor-element elementor-element-6445c0f3 elementor-widget elementor-widget-text-editor\" data-id=\"6445c0f3\" data-element_type=\"widget\" data-widget_type=\"text-editor.default\">\n\t\t\t\t<div class=\"elementor-widget-container\">\n\t\t\t\t\t\t\t\t\t<p><span style=\"color: #ffffff;\"><b>Avisos<\/b><\/span><\/p>\t\t\t\t\t\t\t\t<\/div>\n\t\t\t\t<\/div>\n\t\t\t\t<div class=\"elementor-element elementor-element-8b680f4 elementor-widget elementor-widget-text-editor\" data-id=\"8b680f4\" data-element_type=\"widget\" data-widget_type=\"text-editor.default\">\n\t\t\t\t<div class=\"elementor-widget-container\">\n\t\t\t\t\t\t\t\t\t<div class=\"botaoBug\" style=\"margin-top: 10px;\"><a href=\"http:\/\/concursos2.fadesp.org.br\/proseluepa2022\/web\/index.php\"><strong>\u00c1rea do Candidato (Clique Aqui)<\/strong><\/a><\/div>\n<div class=\"botaoBug\" style=\"margin-top: 10px;\"><a href=\"http:\/\/concursos2.fadesp.org.br\/proseluepa2022\/web\/index.php\"><strong>Recurso Online (Clique Aqui)<\/strong><\/a><\/div>\t\t\t\t\t\t\t\t<\/div>\n\t\t\t\t<\/div>\n\t\t\t\t<div class=\"elementor-element elementor-element-433fb7f0 elementor-widget elementor-widget-text-editor\" data-id=\"433fb7f0\" data-element_type=\"widget\" data-widget_type=\"text-editor.default\">\n\t\t\t\t<div class=\"elementor-widget-container\">\n\t\t\t\t\t\t\t\t\t<p style=\"text-align: center;\"><strong><span style=\"color: #ffffff;\">Editais<\/span><\/strong><\/p>\t\t\t\t\t\t\t\t<\/div>\n\t\t\t\t<\/div>\n\t\t\t\t<div class=\"elementor-element elementor-element-61ab10cc elementor-widget elementor-widget-text-editor\" data-id=\"61ab10cc\" data-element_type=\"widget\" data-widget_type=\"text-editor.default\">\n\t\t\t\t<div class=\"elementor-widget-container\">\n\t\t\t\t\t\t\t\t\t<p>Rela\u00e7\u00e3o Geral em Ordem Alfab\u00e9tica<span style=\"font-size: 14px; font-style: normal; font-variant-ligatures: normal; font-variant-caps: normal; font-weight: 400;\">, de 10\/06\/2022 <\/span><a style=\"font-size: 14px; font-style: normal; font-variant-ligatures: normal; font-variant-caps: normal; font-weight: 400; background-color: #ffffff;\" href=\"http:\/\/concursos2.fadesp.org.br\/proseluepa2022\/arquivos\/UEPA - Rela\u00e7\u00e3o Geral em Ordem Alfab\u00e9tica.pdf\"><span style=\"font-family: inherit; font-size: 14px; font-weight: bolder;\">(Clique Aqui)<\/span><\/a><\/p><p>Edital n\u00ba 42\/2022 &#8211; Resultado Final <em>Definitivo,<\/em> de 07\/06\/2022 <a href=\"http:\/\/concursos2.fadesp.org.br\/proseluepa2022\/arquivos\/Edital 42 Resultado Classificat\u00f3rio Definitivo.pdf\"><strong>(Clique Aqui)<\/strong><\/a><\/p><p><a href=\"http:\/\/concursos2.fadesp.org.br\/proseluepa2022\/arquivos\/NOTA DE ESCLARECIMENTO PS UEPA.pdf\">NOTA DE ESCLARECIMENTO PS UEPA, de 30\/05\/2022<\/a><\/p><p>Edital n\u00ba 41\/2022 &#8211; Resultado Final Preliminar &#8211; Retificado, de 28\/05\/2022 <a href=\"http:\/\/concursos2.fadesp.org.br\/proseluepa2022\/arquivos\/Edital 41 Resultado Classificat\u00f3rio Preliminar - Retificado.pdf\"><strong>(Clique Aqui)<\/strong><\/a><\/p><p>Edital n\u00ba 40\/2022 &#8211; Resultado Definitivo da Prova Reda\u00e7\u00e3o, de 27\/05\/2022 <a href=\"http:\/\/concursos2.fadesp.org.br\/proseluepa2022\/arquivos\/Edital 40 Resultado Definitivo da Prova de Reda\u00e7\u00e3o.pdf\"><strong>(Clique Aqui)<\/strong><\/a><\/p><p>Edital n\u00ba 39\/2022 &#8211; Resultado Definitivo da Prova Objetiva, de 27\/05\/2022 <a href=\"http:\/\/concursos2.fadesp.org.br\/proseluepa2022\/arquivos\/Edital 39 Resultado Definitivo da Prova Objetiva.pdf\"><strong>(Clique Aqui)<\/strong><\/a><\/p><p>Edital n\u00ba 38\/2022 &#8211; Resultado Preliminar da Prova Reda\u00e7\u00e3o, de 18\/05\/2022 <a href=\"http:\/\/concursos2.fadesp.org.br\/proseluepa2022\/arquivos\/Edital 38 Resultado Preliminar da Prova de Reda\u00e7\u00e3o.pdf\"><strong>(Clique Aqui)<\/strong><\/a><\/p><p>Edital n\u00ba 37\/2022 &#8211; Resultado Preliminar da Prova Objetiva, de 18\/05\/2022 <a href=\"http:\/\/concursos2.fadesp.org.br\/proseluepa2022\/arquivos\/Edital 37 Resultado Preliminar da Prova Objetiva.pdf\"><strong>(Clique Aqui)<\/strong><\/a><\/p><p>Gabarito Oficial Definitivo, de 11\/05\/2022 <a href=\"http:\/\/concursos2.fadesp.org.br\/proseluepa2022\/arquivos\/GABARITO\/GABARITO OFICIAL DEFINITIVO_PROSEL 2022.pdf\"><strong>(Clique Aqui)<\/strong><\/a><\/p><p>Gabarito Oficial Preliminar, de 02\/05\/2022 <a href=\"http:\/\/concursos2.fadesp.org.br\/proseluepa2022\/arquivos\/GABARITO\/GABARITO OFICIAL PRELIMINAR_PROSEL 2022.pdf\"><strong>(Clique Aqui)<\/strong><\/a><\/p><p>Prova Prosel, de 02\/05\/2022 <a href=\"http:\/\/concursos2.fadesp.org.br\/proseluepa2022\/arquivos\/PROVA\/PROVA PROSEL 2022.pdf\"><strong>(Clique Aqui)<\/strong><\/a><\/p><p>Demanda, de 28\/04\/2022 <a href=\"http:\/\/concursos2.fadesp.org.br\/proseluepa2022\/arquivos\/Demanda de Inscritos.pdf\"><strong>(Clique Aqui)<\/strong><\/a><\/p><p>Edital n\u00ba 36\/2022 &#8211; Resultado Definitivo de Atendimentos Especiais, de 19\/04\/2022 <a href=\"http:\/\/concursos2.fadesp.org.br\/proseluepa2022\/arquivos\/Edital_n_36_UEPA_Resultado_Atendimentos_Especiais.pdf\"><strong>(Clique Aqui)<\/strong><\/a><\/p><p>Edital n\u00ba 35\/2022 &#8211; Resultado Definitivo de PcD Concorrentes, de 19\/04\/2022 <a href=\"http:\/\/concursos2.fadesp.org.br\/proseluepa2022\/arquivos\/Edital_n_35_UEPA_Resultado_Definitivo_PcD_Concorrentes.pdf\"><strong>(Clique Aqui)<\/strong><\/a><\/p><p>Edital n\u00ba 34\/2022 &#8211; Resultado Definitivo das Inscri\u00e7\u00f5es, de 19\/04\/2022 <a href=\"http:\/\/concursos2.fadesp.org.br\/proseluepa2022\/arquivos\/Edital_n_34_UEPA_Resultado_Definitivo_Inscri\u00e7\u00f5es_Deferidas.pdf\"><strong>(Clique Aqui)<\/strong><\/a><\/p><p>Edital n\u00ba 26\/2022 &#8211; <strong>Retifica\u00e7\u00e3o do Conte\u00fado Program\u00e1tico<\/strong>, de 19\/04\/2022 <a href=\"http:\/\/concursos2.fadesp.org.br\/proseluepa2022\/arquivos\/edital262022_errata.pdf\"><strong>(Clique Aqui)<\/strong><\/a><\/p><p>Edital n\u00ba 33\/2022 &#8211; Resultado Preliminar de Atendimentos Especiais, de 08\/04\/2022 <a href=\"http:\/\/concursos2.fadesp.org.br\/proseluepa2022\/arquivos\/Edital_n_33_UEPA_Resultado_Atendimentos_Especiais.pdf\"><strong>(Clique Aqui)<\/strong><\/a><\/p><p>Edital n\u00ba 32\/2022 &#8211; Resultado Preliminar de PcD Concorrentes, de 08\/04\/2022 <a href=\"http:\/\/concursos2.fadesp.org.br\/proseluepa2022\/arquivos\/Edital_n_32_UEPA_Resultado_Preliminar_PcD_Concorrentes.pdf\"><strong>(Clique Aqui)<\/strong><\/a><\/p><p>Edital n\u00ba 31\/2022 &#8211; Resultado Preliminar das Inscri\u00e7\u00f5es, de 08\/04\/2022 <a href=\"http:\/\/concursos2.fadesp.org.br\/proseluepa2022\/arquivos\/Edital_n_31_UEPA_Resultado_Preliminar_Inscri\u00e7\u00f5es_Deferidas.pdf\"><strong>(Clique Aqui)<\/strong><\/a><\/p><p>Edital n\u00ba 30\/2022 &#8211; Resultado Definitivo de Isen\u00e7\u00e3o por Hipossufici\u00eancia Financeira, de 25\/03\/2022 <a href=\"http:\/\/concursos2.fadesp.org.br\/proseluepa2022\/arquivos\/Edital_n_30_UEPA_Resultado_Definitivo_Isen\u00e7\u00e3o_Hipossufici\u00eancia.pdf\"><strong>(Clique Aqui)<\/strong><\/a><\/p><p>Edital n\u00ba 29\/2022 &#8211; Resultado Definitivo de Isen\u00e7\u00e3o PcD, de 25\/03\/2022 <a href=\"http:\/\/concursos2.fadesp.org.br\/proseluepa2022\/arquivos\/Edital_n_29_UEPA_Resultado_Definitivo_PcD.pdf\"><strong>(Clique Aqui)<\/strong><\/a><\/p><p>Cronograma &#8211; Segunda Retifica\u00e7\u00e3o, de 01\/04\/2022 <a href=\"http:\/\/concursos2.fadesp.org.br\/proseluepa2022\/arquivos\/Cronograma_Segunda_Retificacao.pdf\"><strong>(Clique Aqui)<\/strong><\/a><\/p><p>Edital n\u00ba 28\/2022 &#8211; Resultado Preliminar de Isen\u00e7\u00e3o por Hipossufici\u00eancia Financeira, de 25\/03\/2022 <a href=\"http:\/\/concursos2.fadesp.org.br\/proseluepa2022\/arquivos\/Edital_n_28_UEPA_Resultado_Preliminar_Isen\u00e7\u00e3o_Hipossufici\u00eancia.pdf\"><strong>(Clique Aqui<\/strong><\/a>)<\/p><p>Edital n\u00ba 27\/2022 &#8211; Resultado Preliminar de Isen\u00e7\u00e3o PcD, de 25\/03\/2022 <a href=\"http:\/\/concursos2.fadesp.org.br\/proseluepa2022\/arquivos\/Edital_n_27_UEPA_Resultado_Preliminar_PcD.pdf\"><strong>(Clique Aqui)<\/strong><\/a><\/p><p>Novo Cronograma \u2013 Retificado, de 18\/03\/2022 <a href=\"http:\/\/concursos2.fadesp.org.br\/proseluepa2022\/arquivos\/Cronograma_PROSEL_2022_UEPA_Retificado.pdf\"><strong>(Clique Aqui)<\/strong><\/a><\/p><p>Edital n\u00ba 26\/2022, de 18\/03\/2022 <a href=\"http:\/\/concursos2.fadesp.org.br\/proseluepa2022\/arquivos\/Edital_n262022_UEPA.pdf\"><strong>(Clique Aqui)<\/strong><\/a><\/p>\t\t\t\t\t\t\t\t<\/div>\n\t\t\t\t<\/div>\n\t\t\t\t\t<\/div>\n\t\t<\/div>\n\t\t\t\t\t<\/div>\n\t\t<\/section>\n\t\t\t\t\t<\/div>\n\t\t<\/div>\n\t\t\t\t\t<\/div>\n\t\t<\/section>\n\t\t\t\t<\/div>\n\t\t","protected":false},"excerpt":{"rendered":"<p>Processo Seletivo Especial UEPA 2022 (PROSEL ESP UEPA) \u00a0Universidade do Estado do Par\u00e1 (UEPA)\u00a0torna p\u00fablica a realiza\u00e7\u00e3o do\u00a0Processo Seletivo Especial 2022 (PROSEL ESP UEPA 2022), destinado a selecionar candidatos para o provimento de vagas nos cursos presenciais de gradua\u00e7\u00e3o, em regime especial, mediante conv\u00eanio celebrado com a\u00a0Secretaria de Estado de Ci\u00eancia, Tecnologia e Educa\u00e7\u00e3o Profissional [&hellip;]<\/p>\n","protected":false},"author":12,"featured_media":0,"parent":329,"menu_order":0,"comment_status":"closed","ping_status":"closed","template":"","meta":{"_monsterinsights_skip_tracking":false,"_monsterinsights_sitenote_active":false,"_monsterinsights_sitenote_note":"","_monsterinsights_sitenote_category":0,"footnotes":""},"class_list":["post-25452","page","type-page","status-publish","hentry","entry"],"yoast_head":"<!-- This site is optimized with the Yoast SEO plugin v25.1 - https:\/\/yoast.com\/wordpress\/plugins\/seo\/ -->\n<title>Processo Seletivo Especial UEPA 2022 (PROSEL ESP UEPA) - FADESP<\/title>\n<meta name=\"robots\" content=\"index, follow, max-snippet:-1, max-image-preview:large, max-video-preview:-1\" \/>\n<link rel=\"canonical\" href=\"https:\/\/portalfadesp.org.br\/?page_id=25452\" \/>\n<meta property=\"og:locale\" content=\"pt_BR\" \/>\n<meta property=\"og:type\" content=\"article\" \/>\n<meta property=\"og:title\" content=\"Processo Seletivo Especial UEPA 2022 (PROSEL ESP UEPA) - FADESP\" \/>\n<meta property=\"og:description\" content=\"Processo Seletivo Especial UEPA 2022 (PROSEL ESP UEPA) \u00a0Universidade do Estado do Par\u00e1 (UEPA)\u00a0torna p\u00fablica a realiza\u00e7\u00e3o do\u00a0Processo Seletivo Especial 2022 (PROSEL ESP UEPA 2022), destinado a selecionar candidatos para o provimento de vagas nos cursos presenciais de gradua\u00e7\u00e3o, em regime especial, mediante conv\u00eanio celebrado com a\u00a0Secretaria de Estado de Ci\u00eancia, Tecnologia e Educa\u00e7\u00e3o Profissional [&hellip;]\" \/>\n<meta property=\"og:url\" content=\"https:\/\/portalfadesp.org.br\/?page_id=25452\" \/>\n<meta property=\"og:site_name\" content=\"FADESP\" \/>\n<meta property=\"article:publisher\" content=\"https:\/\/www.facebook.com\/Fadesp-138351949524662\/\" \/>\n<meta property=\"article:modified_time\" content=\"2022-12-21T15:37:51+00:00\" \/>\n<meta name=\"twitter:card\" content=\"summary_large_image\" \/>\n<meta name=\"twitter:site\" content=\"@Fadesp\" \/>\n<meta name=\"twitter:label1\" content=\"Est. tempo de leitura\" \/>\n\t<meta name=\"twitter:data1\" content=\"2 minutos\" \/>\n<script type=\"application\/ld+json\" class=\"yoast-schema-graph\">{\"@context\":\"https:\/\/schema.org\",\"@graph\":[{\"@type\":\"WebPage\",\"@id\":\"https:\/\/portalfadesp.org.br\/?page_id=25452\",\"url\":\"https:\/\/portalfadesp.org.br\/?page_id=25452\",\"name\":\"Processo Seletivo Especial UEPA 2022 (PROSEL ESP UEPA) - FADESP\",\"isPartOf\":{\"@id\":\"https:\/\/portalfadesp.org.br\/#website\"},\"datePublished\":\"2022-03-03T13:30:08+00:00\",\"dateModified\":\"2022-12-21T15:37:51+00:00\",\"breadcrumb\":{\"@id\":\"https:\/\/portalfadesp.org.br\/?page_id=25452#breadcrumb\"},\"inLanguage\":\"pt-BR\",\"potentialAction\":[{\"@type\":\"ReadAction\",\"target\":[\"https:\/\/portalfadesp.org.br\/?page_id=25452\"]}]},{\"@type\":\"BreadcrumbList\",\"@id\":\"https:\/\/portalfadesp.org.br\/?page_id=25452#breadcrumb\",\"itemListElement\":[{\"@type\":\"ListItem\",\"position\":1,\"name\":\"In\u00edcio\",\"item\":\"https:\/\/portalfadesp.org.br\/\"},{\"@type\":\"ListItem\",\"position\":2,\"name\":\"Concursos &#8211; Homologados\",\"item\":\"https:\/\/portalfadesp.org.br\/?page_id=329\"},{\"@type\":\"ListItem\",\"position\":3,\"name\":\"Processo Seletivo Especial UEPA 2022 (PROSEL ESP UEPA)\"}]},{\"@type\":\"WebSite\",\"@id\":\"https:\/\/portalfadesp.org.br\/#website\",\"url\":\"https:\/\/portalfadesp.org.br\/\",\"name\":\"FADESP\",\"description\":\"Funda\u00e7\u00e3o de Amparo e Desenvolvimento da Pesquisa\",\"publisher\":{\"@id\":\"https:\/\/portalfadesp.org.br\/#organization\"},\"potentialAction\":[{\"@type\":\"SearchAction\",\"target\":{\"@type\":\"EntryPoint\",\"urlTemplate\":\"https:\/\/portalfadesp.org.br\/?s={search_term_string}\"},\"query-input\":{\"@type\":\"PropertyValueSpecification\",\"valueRequired\":true,\"valueName\":\"search_term_string\"}}],\"inLanguage\":\"pt-BR\"},{\"@type\":\"Organization\",\"@id\":\"https:\/\/portalfadesp.org.br\/#organization\",\"name\":\"FADESP\",\"url\":\"https:\/\/portalfadesp.org.br\/\",\"logo\":{\"@type\":\"ImageObject\",\"inLanguage\":\"pt-BR\",\"@id\":\"https:\/\/portalfadesp.org.br\/#\/schema\/logo\/image\/\",\"url\":\"https:\/\/portalfadesp.org.br\/wp-content\/uploads\/2024\/01\/NOVOLOGOFADESPlaranjaH.png\",\"contentUrl\":\"https:\/\/portalfadesp.org.br\/wp-content\/uploads\/2024\/01\/NOVOLOGOFADESPlaranjaH.png\",\"width\":2742,\"height\":839,\"caption\":\"FADESP\"},\"image\":{\"@id\":\"https:\/\/portalfadesp.org.br\/#\/schema\/logo\/image\/\"},\"sameAs\":[\"https:\/\/www.facebook.com\/Fadesp-138351949524662\/\",\"https:\/\/x.com\/Fadesp\",\"https:\/\/www.instagram.com\/fadesp_ufpa\/\",\"https:\/\/www.youtube.com\/@fundacaodeamparoedesenvolv1903\",\"https:\/\/www.threads.net\/@fadesp_ufpa\"]}]}<\/script>\n<!-- \/ Yoast SEO plugin. -->","yoast_head_json":{"title":"Processo Seletivo Especial UEPA 2022 (PROSEL ESP UEPA) - FADESP","robots":{"index":"index","follow":"follow","max-snippet":"max-snippet:-1","max-image-preview":"max-image-preview:large","max-video-preview":"max-video-preview:-1"},"canonical":"https:\/\/portalfadesp.org.br\/?page_id=25452","og_locale":"pt_BR","og_type":"article","og_title":"Processo Seletivo Especial UEPA 2022 (PROSEL ESP UEPA) - FADESP","og_description":"Processo Seletivo Especial UEPA 2022 (PROSEL ESP UEPA) \u00a0Universidade do Estado do Par\u00e1 (UEPA)\u00a0torna p\u00fablica a realiza\u00e7\u00e3o do\u00a0Processo Seletivo Especial 2022 (PROSEL ESP UEPA 2022), destinado a selecionar candidatos para o provimento de vagas nos cursos presenciais de gradua\u00e7\u00e3o, em regime especial, mediante conv\u00eanio celebrado com a\u00a0Secretaria de Estado de Ci\u00eancia, Tecnologia e Educa\u00e7\u00e3o Profissional [&hellip;]","og_url":"https:\/\/portalfadesp.org.br\/?page_id=25452","og_site_name":"FADESP","article_publisher":"https:\/\/www.facebook.com\/Fadesp-138351949524662\/","article_modified_time":"2022-12-21T15:37:51+00:00","twitter_card":"summary_large_image","twitter_site":"@Fadesp","twitter_misc":{"Est. tempo de leitura":"2 minutos"},"schema":{"@context":"https:\/\/schema.org","@graph":[{"@type":"WebPage","@id":"https:\/\/portalfadesp.org.br\/?page_id=25452","url":"https:\/\/portalfadesp.org.br\/?page_id=25452","name":"Processo Seletivo Especial UEPA 2022 (PROSEL ESP UEPA) - FADESP","isPartOf":{"@id":"https:\/\/portalfadesp.org.br\/#website"},"datePublished":"2022-03-03T13:30:08+00:00","dateModified":"2022-12-21T15:37:51+00:00","breadcrumb":{"@id":"https:\/\/portalfadesp.org.br\/?page_id=25452#breadcrumb"},"inLanguage":"pt-BR","potentialAction":[{"@type":"ReadAction","target":["https:\/\/portalfadesp.org.br\/?page_id=25452"]}]},{"@type":"BreadcrumbList","@id":"https:\/\/portalfadesp.org.br\/?page_id=25452#breadcrumb","itemListElement":[{"@type":"ListItem","position":1,"name":"In\u00edcio","item":"https:\/\/portalfadesp.org.br\/"},{"@type":"ListItem","position":2,"name":"Concursos &#8211; Homologados","item":"https:\/\/portalfadesp.org.br\/?page_id=329"},{"@type":"ListItem","position":3,"name":"Processo Seletivo Especial UEPA 2022 (PROSEL ESP UEPA)"}]},{"@type":"WebSite","@id":"https:\/\/portalfadesp.org.br\/#website","url":"https:\/\/portalfadesp.org.br\/","name":"FADESP","description":"Funda\u00e7\u00e3o de Amparo e Desenvolvimento da Pesquisa","publisher":{"@id":"https:\/\/portalfadesp.org.br\/#organization"},"potentialAction":[{"@type":"SearchAction","target":{"@type":"EntryPoint","urlTemplate":"https:\/\/portalfadesp.org.br\/?s={search_term_string}"},"query-input":{"@type":"PropertyValueSpecification","valueRequired":true,"valueName":"search_term_string"}}],"inLanguage":"pt-BR"},{"@type":"Organization","@id":"https:\/\/portalfadesp.org.br\/#organization","name":"FADESP","url":"https:\/\/portalfadesp.org.br\/","logo":{"@type":"ImageObject","inLanguage":"pt-BR","@id":"https:\/\/portalfadesp.org.br\/#\/schema\/logo\/image\/","url":"https:\/\/portalfadesp.org.br\/wp-content\/uploads\/2024\/01\/NOVOLOGOFADESPlaranjaH.png","contentUrl":"https:\/\/portalfadesp.org.br\/wp-content\/uploads\/2024\/01\/NOVOLOGOFADESPlaranjaH.png","width":2742,"height":839,"caption":"FADESP"},"image":{"@id":"https:\/\/portalfadesp.org.br\/#\/schema\/logo\/image\/"},"sameAs":["https:\/\/www.facebook.com\/Fadesp-138351949524662\/","https:\/\/x.com\/Fadesp","https:\/\/www.instagram.com\/fadesp_ufpa\/","https:\/\/www.youtube.com\/@fundacaodeamparoedesenvolv1903","https:\/\/www.threads.net\/@fadesp_ufpa"]}]}},"_links":{"self":[{"href":"https:\/\/portalfadesp.org.br\/index.php?rest_route=\/wp\/v2\/pages\/25452","targetHints":{"allow":["GET"]}}],"collection":[{"href":"https:\/\/portalfadesp.org.br\/index.php?rest_route=\/wp\/v2\/pages"}],"about":[{"href":"https:\/\/portalfadesp.org.br\/index.php?rest_route=\/wp\/v2\/types\/page"}],"author":[{"embeddable":true,"href":"https:\/\/portalfadesp.org.br\/index.php?rest_route=\/wp\/v2\/users\/12"}],"replies":[{"embeddable":true,"href":"https:\/\/portalfadesp.org.br\/index.php?rest_route=%2Fwp%2Fv2%2Fcomments&post=25452"}],"version-history":[{"count":139,"href":"https:\/\/portalfadesp.org.br\/index.php?rest_route=\/wp\/v2\/pages\/25452\/revisions"}],"predecessor-version":[{"id":38332,"href":"https:\/\/portalfadesp.org.br\/index.php?rest_route=\/wp\/v2\/pages\/25452\/revisions\/38332"}],"up":[{"embeddable":true,"href":"https:\/\/portalfadesp.org.br\/index.php?rest_route=\/wp\/v2\/pages\/329"}],"wp:attachment":[{"href":"https:\/\/portalfadesp.org.br\/index.php?rest_route=%2Fwp%2Fv2%2Fmedia&parent=25452"}],"curies":[{"name":"wp","href":"https:\/\/api.w.org\/{rel}","templated":true}]}}