{"id":241,"date":"2018-12-19T18:48:28","date_gmt":"2018-12-19T20:48:28","guid":{"rendered":"http:\/\/64.137.251.215\/?page_id=241"},"modified":"2022-12-21T16:15:53","modified_gmt":"2022-12-21T19:15:53","slug":"cursos","status":"publish","type":"page","link":"https:\/\/portalfadesp.org.br\/?page_id=241","title":{"rendered":"Cursos"},"content":{"rendered":"\t\t<div data-elementor-type=\"wp-post\" data-elementor-id=\"241\" class=\"elementor elementor-241\" data-elementor-post-type=\"page\">\n\t\t\t\t\t\t<section class=\"elementor-section elementor-top-section elementor-element elementor-element-223a95aa elementor-section-boxed elementor-section-height-default elementor-section-height-default\" data-id=\"223a95aa\" data-element_type=\"section\" data-settings=\"{&quot;background_background&quot;:&quot;classic&quot;}\">\n\t\t\t\t\t\t<div class=\"elementor-container elementor-column-gap-default\">\n\t\t\t\t\t<div class=\"elementor-column elementor-col-100 elementor-top-column elementor-element elementor-element-3c39dd86\" data-id=\"3c39dd86\" data-element_type=\"column\">\n\t\t\t<div class=\"elementor-widget-wrap elementor-element-populated\">\n\t\t\t\t\t\t<div class=\"elementor-element elementor-element-1cb79009 elementor-widget elementor-widget-heading\" data-id=\"1cb79009\" data-element_type=\"widget\" data-widget_type=\"heading.default\">\n\t\t\t\t<div class=\"elementor-widget-container\">\n\t\t\t\t\t<h1 class=\"elementor-heading-title elementor-size-default\">Cursos e Eventos<\/h1>\t\t\t\t<\/div>\n\t\t\t\t<\/div>\n\t\t\t\t<div class=\"elementor-element elementor-element-379d7889 elementor-widget elementor-widget-text-editor\" data-id=\"379d7889\" data-element_type=\"widget\" data-widget_type=\"text-editor.default\">\n\t\t\t\t<div class=\"elementor-widget-container\">\n\t\t\t\t\t\t\t\t\t<p style=\"text-align: justify;\">Al\u00e9m da pesquisa, o ensino e a extens\u00e3o da Universidade Federal do Par\u00e1 (UFPA), da Universidade do Estado do Par\u00e1 (UEPA) e das demais Institui\u00e7\u00f5es de Ensino Superior (IES) parceiras tamb\u00e9m s\u00e3o apoiados pela FADESP. S\u00e3o mais de 40 cursos de p\u00f3s-gradua\u00e7\u00e3o e 100 turmas de idiomas em funcionamento, com a gest\u00e3o executada pela funda\u00e7\u00e3o.<\/p><p style=\"text-align: justify;\">E desde 2011, diversas op\u00e7\u00f5es de cursos de educa\u00e7\u00e3o continuada foram implantadas para atender as necessidades n\u00e3o s\u00f3 das IES, como dos profissionais que buscam a qualifica\u00e7\u00e3o e, tamb\u00e9m, dos \u00f3rg\u00e3os p\u00fablicos que buscam o conhecimento acad\u00eamico para melhorar o servi\u00e7o prestado \u00e0 popula\u00e7\u00e3o. \u00a0<\/p><p style=\"text-align: justify;\">No caso dos cursos de curta dura\u00e7\u00e3o, o servi\u00e7o pode ser prestado \u00e0s prefeituras, outras institui\u00e7\u00f5es e empreendimentos dispostos a investir na qualifica\u00e7\u00e3o do seu pessoal. Eles\u00a0s\u00e3o realizados em nivel de aperfei\u00e7oamento e extens\u00e3o, tanto na modalidade presencial quanto \u00e0 dist\u00e2ncia.<\/p><p style=\"text-align: justify;\">Os Eventos s\u00e3o organizados pela FADESP, atrav\u00e9s de servi\u00e7o coordenado pela Ger\u00eancia de Neg\u00f3cios. H\u00e1 tamb\u00e9m os apoiados, atrav\u00e9s do Programa de Apoio (PROAP).<\/p>\t\t\t\t\t\t\t\t<\/div>\n\t\t\t\t<\/div>\n\t\t\t\t<section class=\"elementor-section elementor-inner-section elementor-element elementor-element-4dc331b elementor-section-boxed elementor-section-height-default elementor-section-height-default\" data-id=\"4dc331b\" data-element_type=\"section\">\n\t\t\t\t\t\t<div class=\"elementor-container elementor-column-gap-default\">\n\t\t\t\t\t<div class=\"elementor-column elementor-col-33 elementor-inner-column elementor-element elementor-element-a2fc41a\" data-id=\"a2fc41a\" data-element_type=\"column\">\n\t\t\t<div class=\"elementor-widget-wrap elementor-element-populated\">\n\t\t\t\t\t\t<div class=\"elementor-element elementor-element-a14a700 elementor-widget elementor-widget-heading\" data-id=\"a14a700\" data-element_type=\"widget\" data-widget_type=\"heading.default\">\n\t\t\t\t<div class=\"elementor-widget-container\">\n\t\t\t\t\t<h2 class=\"elementor-heading-title elementor-size-default\">Idiomas (Cursos Livres)<\/h2>\t\t\t\t<\/div>\n\t\t\t\t<\/div>\n\t\t\t\t<div class=\"elementor-element elementor-element-b0c26c5 elementor-widget elementor-widget-text-editor\" data-id=\"b0c26c5\" data-element_type=\"widget\" data-widget_type=\"text-editor.default\">\n\t\t\t\t<div class=\"elementor-widget-container\">\n\t\t\t\t\t\t\t\t\t<p style=\"text-align: justify;\"><span style=\"color: #000000;\">Os cursos de idioma atendem a comunidade acad\u00eamica, mas t\u00eam matr\u00edculas abertas tamb\u00e9m \u00e0 comunidade. Com investimento abaixo do encontrado no mercado, necess\u00e1rio para despesas com manuten\u00e7\u00e3o, eles s\u00e3o ministrados por acad\u00eamicos dos cursos de Letras da UFPA.<\/span><\/p><p style=\"text-align: justify;\"><span style=\"color: #000000;\">Semestralmente, s\u00e3o ofertadas turmas de Ingl\u00eas, Franc\u00eas, Espanhol (\u00e9 exigido apenas o comprovante de Ensino M\u00e9dio completo) e Alem\u00e3o (exigido comprovante de Ensino Fundamental), al\u00e9m de Portugu\u00eas para Estrangeiros na modalidade presencial e online.<\/span><\/p>\t\t\t\t\t\t\t\t<\/div>\n\t\t\t\t<\/div>\n\t\t\t\t\t<\/div>\n\t\t<\/div>\n\t\t\t\t<div class=\"elementor-column elementor-col-33 elementor-inner-column elementor-element elementor-element-bd2056c\" data-id=\"bd2056c\" data-element_type=\"column\">\n\t\t\t<div class=\"elementor-widget-wrap elementor-element-populated\">\n\t\t\t\t\t\t<div class=\"elementor-element elementor-element-bc220a5 elementor-widget elementor-widget-heading\" data-id=\"bc220a5\" data-element_type=\"widget\" data-widget_type=\"heading.default\">\n\t\t\t\t<div class=\"elementor-widget-container\">\n\t\t\t\t\t<h2 class=\"elementor-heading-title elementor-size-default\">Cursos de P\u00f3s-Gradua\u00e7\u00e3o<\/h2>\t\t\t\t<\/div>\n\t\t\t\t<\/div>\n\t\t\t\t<div class=\"elementor-element elementor-element-355fb74 elementor-widget elementor-widget-text-editor\" data-id=\"355fb74\" data-element_type=\"widget\" data-widget_type=\"text-editor.default\">\n\t\t\t\t<div class=\"elementor-widget-container\">\n\t\t\t\t\t\t\t\t\t<p style=\"text-align: justify;\"><span style=\"color: #000000;\">Os cursos de p\u00f3s-gradua\u00e7\u00e3o\u00a0<em>lato senso<\/em>\u00a0(especializa\u00e7\u00e3o) e\u00a0<em>strictu senso (mestrado e doutorado)<\/em>\u00a0s\u00e3o ofertados regularmente e ministrados pela Universidade Federal do Par\u00e1 (UFPA) e Universidade do Estado do Par\u00e1 (UEPA) nas diversas \u00e1reas do conhecimento.<\/span><\/p>\t\t\t\t\t\t\t\t<\/div>\n\t\t\t\t<\/div>\n\t\t\t\t\t<\/div>\n\t\t<\/div>\n\t\t\t\t<div class=\"elementor-column elementor-col-33 elementor-inner-column elementor-element elementor-element-105a30c\" data-id=\"105a30c\" data-element_type=\"column\">\n\t\t\t<div class=\"elementor-widget-wrap elementor-element-populated\">\n\t\t\t\t\t\t<div class=\"elementor-element elementor-element-8a6edfb elementor-widget elementor-widget-heading\" data-id=\"8a6edfb\" data-element_type=\"widget\" data-widget_type=\"heading.default\">\n\t\t\t\t<div class=\"elementor-widget-container\">\n\t\t\t\t\t<h2 class=\"elementor-heading-title elementor-size-default\">Cursos de Qualifica\u00e7\u00e3o<\/h2>\t\t\t\t<\/div>\n\t\t\t\t<\/div>\n\t\t\t\t<div class=\"elementor-element elementor-element-780d920 elementor-widget elementor-widget-text-editor\" data-id=\"780d920\" data-element_type=\"widget\" data-widget_type=\"text-editor.default\">\n\t\t\t\t<div class=\"elementor-widget-container\">\n\t\t\t\t\t\t\t\t\t<p style=\"text-align: justify;\"><span style=\"color: #000000;\">Os cursos de qualifica\u00e7\u00e3o presenciais e \u00e0 dist\u00e2ncia t\u00eam curta e m\u00e9dia dura\u00e7\u00e3o. Com a experi\u00eancia dos professores da UFPA, eles oferecem \u00e0 comunidade acad\u00eamica e externa a oportunidade de aliarem a teoria e a pr\u00e1tica.<\/span><\/p><p style=\"text-align: justify;\"><span style=\"color: #000000;\">S\u00e3o v\u00e1lidos para quem quer elaborar projetos tanto acad\u00eamicos quanto de neg\u00f3cios e tamb\u00e9m para quem quer planejar a expans\u00e3o de seu empreendimento. Para as institui\u00e7\u00f5es p\u00fablicas, eles t\u00eam sido uma op\u00e7\u00e3o de treinamento de pessoal para a gest\u00e3o administrativa.<\/span><\/p>\t\t\t\t\t\t\t\t<\/div>\n\t\t\t\t<\/div>\n\t\t\t\t\t<\/div>\n\t\t<\/div>\n\t\t\t\t\t<\/div>\n\t\t<\/section>\n\t\t\t\t\t<\/div>\n\t\t<\/div>\n\t\t\t\t\t<\/div>\n\t\t<\/section>\n\t\t\t\t<\/div>\n\t\t","protected":false},"excerpt":{"rendered":"<p>Cursos e Eventos Al\u00e9m da pesquisa, o ensino e a extens\u00e3o da Universidade Federal do Par\u00e1 (UFPA), da Universidade do Estado do Par\u00e1 (UEPA) e das demais Institui\u00e7\u00f5es de Ensino Superior (IES) parceiras tamb\u00e9m s\u00e3o apoiados pela FADESP. S\u00e3o mais de 40 cursos de p\u00f3s-gradua\u00e7\u00e3o e 100 turmas de idiomas em funcionamento, com a gest\u00e3o [&hellip;]<\/p>\n","protected":false},"author":11,"featured_media":0,"parent":0,"menu_order":0,"comment_status":"closed","ping_status":"closed","template":"","meta":{"_monsterinsights_skip_tracking":false,"_monsterinsights_sitenote_active":false,"_monsterinsights_sitenote_note":"","_monsterinsights_sitenote_category":0,"footnotes":""},"class_list":["post-241","page","type-page","status-publish","hentry","entry"],"yoast_head":"<!-- This site is optimized with the Yoast SEO plugin v25.1 - https:\/\/yoast.com\/wordpress\/plugins\/seo\/ -->\n<title>Cursos - FADESP<\/title>\n<meta name=\"robots\" content=\"index, follow, max-snippet:-1, max-image-preview:large, max-video-preview:-1\" \/>\n<link rel=\"canonical\" href=\"https:\/\/portalfadesp.org.br\/?page_id=241\" \/>\n<meta property=\"og:locale\" content=\"pt_BR\" \/>\n<meta property=\"og:type\" content=\"article\" \/>\n<meta property=\"og:title\" content=\"Cursos - FADESP\" \/>\n<meta property=\"og:description\" content=\"Cursos e Eventos Al\u00e9m da pesquisa, o ensino e a extens\u00e3o da Universidade Federal do Par\u00e1 (UFPA), da Universidade do Estado do Par\u00e1 (UEPA) e das demais Institui\u00e7\u00f5es de Ensino Superior (IES) parceiras tamb\u00e9m s\u00e3o apoiados pela FADESP. S\u00e3o mais de 40 cursos de p\u00f3s-gradua\u00e7\u00e3o e 100 turmas de idiomas em funcionamento, com a gest\u00e3o [&hellip;]\" \/>\n<meta property=\"og:url\" content=\"https:\/\/portalfadesp.org.br\/?page_id=241\" \/>\n<meta property=\"og:site_name\" content=\"FADESP\" \/>\n<meta property=\"article:publisher\" content=\"https:\/\/www.facebook.com\/Fadesp-138351949524662\/\" \/>\n<meta property=\"article:modified_time\" content=\"2022-12-21T19:15:53+00:00\" \/>\n<meta name=\"twitter:card\" content=\"summary_large_image\" \/>\n<meta name=\"twitter:site\" content=\"@Fadesp\" \/>\n<meta name=\"twitter:label1\" content=\"Est. tempo de leitura\" \/>\n\t<meta name=\"twitter:data1\" content=\"2 minutos\" \/>\n<script type=\"application\/ld+json\" class=\"yoast-schema-graph\">{\"@context\":\"https:\/\/schema.org\",\"@graph\":[{\"@type\":\"WebPage\",\"@id\":\"https:\/\/portalfadesp.org.br\/?page_id=241\",\"url\":\"https:\/\/portalfadesp.org.br\/?page_id=241\",\"name\":\"Cursos - FADESP\",\"isPartOf\":{\"@id\":\"https:\/\/portalfadesp.org.br\/#website\"},\"datePublished\":\"2018-12-19T20:48:28+00:00\",\"dateModified\":\"2022-12-21T19:15:53+00:00\",\"breadcrumb\":{\"@id\":\"https:\/\/portalfadesp.org.br\/?page_id=241#breadcrumb\"},\"inLanguage\":\"pt-BR\",\"potentialAction\":[{\"@type\":\"ReadAction\",\"target\":[\"https:\/\/portalfadesp.org.br\/?page_id=241\"]}]},{\"@type\":\"BreadcrumbList\",\"@id\":\"https:\/\/portalfadesp.org.br\/?page_id=241#breadcrumb\",\"itemListElement\":[{\"@type\":\"ListItem\",\"position\":1,\"name\":\"In\u00edcio\",\"item\":\"https:\/\/portalfadesp.org.br\/\"},{\"@type\":\"ListItem\",\"position\":2,\"name\":\"Cursos\"}]},{\"@type\":\"WebSite\",\"@id\":\"https:\/\/portalfadesp.org.br\/#website\",\"url\":\"https:\/\/portalfadesp.org.br\/\",\"name\":\"FADESP\",\"description\":\"Funda\u00e7\u00e3o de Amparo e Desenvolvimento da Pesquisa\",\"publisher\":{\"@id\":\"https:\/\/portalfadesp.org.br\/#organization\"},\"potentialAction\":[{\"@type\":\"SearchAction\",\"target\":{\"@type\":\"EntryPoint\",\"urlTemplate\":\"https:\/\/portalfadesp.org.br\/?s={search_term_string}\"},\"query-input\":{\"@type\":\"PropertyValueSpecification\",\"valueRequired\":true,\"valueName\":\"search_term_string\"}}],\"inLanguage\":\"pt-BR\"},{\"@type\":\"Organization\",\"@id\":\"https:\/\/portalfadesp.org.br\/#organization\",\"name\":\"FADESP\",\"url\":\"https:\/\/portalfadesp.org.br\/\",\"logo\":{\"@type\":\"ImageObject\",\"inLanguage\":\"pt-BR\",\"@id\":\"https:\/\/portalfadesp.org.br\/#\/schema\/logo\/image\/\",\"url\":\"https:\/\/portalfadesp.org.br\/wp-content\/uploads\/2024\/01\/NOVOLOGOFADESPlaranjaH.png\",\"contentUrl\":\"https:\/\/portalfadesp.org.br\/wp-content\/uploads\/2024\/01\/NOVOLOGOFADESPlaranjaH.png\",\"width\":2742,\"height\":839,\"caption\":\"FADESP\"},\"image\":{\"@id\":\"https:\/\/portalfadesp.org.br\/#\/schema\/logo\/image\/\"},\"sameAs\":[\"https:\/\/www.facebook.com\/Fadesp-138351949524662\/\",\"https:\/\/x.com\/Fadesp\",\"https:\/\/www.instagram.com\/fadesp_ufpa\/\",\"https:\/\/www.youtube.com\/@fundacaodeamparoedesenvolv1903\",\"https:\/\/www.threads.net\/@fadesp_ufpa\"]}]}<\/script>\n<!-- \/ Yoast SEO plugin. -->","yoast_head_json":{"title":"Cursos - FADESP","robots":{"index":"index","follow":"follow","max-snippet":"max-snippet:-1","max-image-preview":"max-image-preview:large","max-video-preview":"max-video-preview:-1"},"canonical":"https:\/\/portalfadesp.org.br\/?page_id=241","og_locale":"pt_BR","og_type":"article","og_title":"Cursos - FADESP","og_description":"Cursos e Eventos Al\u00e9m da pesquisa, o ensino e a extens\u00e3o da Universidade Federal do Par\u00e1 (UFPA), da Universidade do Estado do Par\u00e1 (UEPA) e das demais Institui\u00e7\u00f5es de Ensino Superior (IES) parceiras tamb\u00e9m s\u00e3o apoiados pela FADESP. S\u00e3o mais de 40 cursos de p\u00f3s-gradua\u00e7\u00e3o e 100 turmas de idiomas em funcionamento, com a gest\u00e3o [&hellip;]","og_url":"https:\/\/portalfadesp.org.br\/?page_id=241","og_site_name":"FADESP","article_publisher":"https:\/\/www.facebook.com\/Fadesp-138351949524662\/","article_modified_time":"2022-12-21T19:15:53+00:00","twitter_card":"summary_large_image","twitter_site":"@Fadesp","twitter_misc":{"Est. tempo de leitura":"2 minutos"},"schema":{"@context":"https:\/\/schema.org","@graph":[{"@type":"WebPage","@id":"https:\/\/portalfadesp.org.br\/?page_id=241","url":"https:\/\/portalfadesp.org.br\/?page_id=241","name":"Cursos - FADESP","isPartOf":{"@id":"https:\/\/portalfadesp.org.br\/#website"},"datePublished":"2018-12-19T20:48:28+00:00","dateModified":"2022-12-21T19:15:53+00:00","breadcrumb":{"@id":"https:\/\/portalfadesp.org.br\/?page_id=241#breadcrumb"},"inLanguage":"pt-BR","potentialAction":[{"@type":"ReadAction","target":["https:\/\/portalfadesp.org.br\/?page_id=241"]}]},{"@type":"BreadcrumbList","@id":"https:\/\/portalfadesp.org.br\/?page_id=241#breadcrumb","itemListElement":[{"@type":"ListItem","position":1,"name":"In\u00edcio","item":"https:\/\/portalfadesp.org.br\/"},{"@type":"ListItem","position":2,"name":"Cursos"}]},{"@type":"WebSite","@id":"https:\/\/portalfadesp.org.br\/#website","url":"https:\/\/portalfadesp.org.br\/","name":"FADESP","description":"Funda\u00e7\u00e3o de Amparo e Desenvolvimento da Pesquisa","publisher":{"@id":"https:\/\/portalfadesp.org.br\/#organization"},"potentialAction":[{"@type":"SearchAction","target":{"@type":"EntryPoint","urlTemplate":"https:\/\/portalfadesp.org.br\/?s={search_term_string}"},"query-input":{"@type":"PropertyValueSpecification","valueRequired":true,"valueName":"search_term_string"}}],"inLanguage":"pt-BR"},{"@type":"Organization","@id":"https:\/\/portalfadesp.org.br\/#organization","name":"FADESP","url":"https:\/\/portalfadesp.org.br\/","logo":{"@type":"ImageObject","inLanguage":"pt-BR","@id":"https:\/\/portalfadesp.org.br\/#\/schema\/logo\/image\/","url":"https:\/\/portalfadesp.org.br\/wp-content\/uploads\/2024\/01\/NOVOLOGOFADESPlaranjaH.png","contentUrl":"https:\/\/portalfadesp.org.br\/wp-content\/uploads\/2024\/01\/NOVOLOGOFADESPlaranjaH.png","width":2742,"height":839,"caption":"FADESP"},"image":{"@id":"https:\/\/portalfadesp.org.br\/#\/schema\/logo\/image\/"},"sameAs":["https:\/\/www.facebook.com\/Fadesp-138351949524662\/","https:\/\/x.com\/Fadesp","https:\/\/www.instagram.com\/fadesp_ufpa\/","https:\/\/www.youtube.com\/@fundacaodeamparoedesenvolv1903","https:\/\/www.threads.net\/@fadesp_ufpa"]}]}},"_links":{"self":[{"href":"https:\/\/portalfadesp.org.br\/index.php?rest_route=\/wp\/v2\/pages\/241","targetHints":{"allow":["GET"]}}],"collection":[{"href":"https:\/\/portalfadesp.org.br\/index.php?rest_route=\/wp\/v2\/pages"}],"about":[{"href":"https:\/\/portalfadesp.org.br\/index.php?rest_route=\/wp\/v2\/types\/page"}],"author":[{"embeddable":true,"href":"https:\/\/portalfadesp.org.br\/index.php?rest_route=\/wp\/v2\/users\/11"}],"replies":[{"embeddable":true,"href":"https:\/\/portalfadesp.org.br\/index.php?rest_route=%2Fwp%2Fv2%2Fcomments&post=241"}],"version-history":[{"count":16,"href":"https:\/\/portalfadesp.org.br\/index.php?rest_route=\/wp\/v2\/pages\/241\/revisions"}],"predecessor-version":[{"id":38966,"href":"https:\/\/portalfadesp.org.br\/index.php?rest_route=\/wp\/v2\/pages\/241\/revisions\/38966"}],"wp:attachment":[{"href":"https:\/\/portalfadesp.org.br\/index.php?rest_route=%2Fwp%2Fv2%2Fmedia&parent=241"}],"curies":[{"name":"wp","href":"https:\/\/api.w.org\/{rel}","templated":true}]}}