{"id":23576,"date":"2021-12-29T10:50:49","date_gmt":"2021-12-29T13:50:49","guid":{"rendered":"https:\/\/162.215.13.167?page_id=23576"},"modified":"2022-12-21T13:03:29","modified_gmt":"2022-12-21T16:03:29","slug":"programa-de-pos-graduacao-mestrado-doutorado-em-engenharia-civil-ppgec-2022","status":"publish","type":"page","link":"https:\/\/portalfadesp.org.br\/?page_id=23576","title":{"rendered":"Programa de P\u00f3s-Gradua\u00e7\u00e3o (Mestrado\/Doutorado) em Engenharia Civil &#8211; PPGEC (2022)"},"content":{"rendered":"\t\t<div data-elementor-type=\"wp-post\" data-elementor-id=\"23576\" class=\"elementor elementor-23576\" data-elementor-post-type=\"page\">\n\t\t\t\t\t\t<section class=\"elementor-section elementor-top-section elementor-element elementor-element-2a40db40 elementor-section-boxed elementor-section-height-default elementor-section-height-default\" data-id=\"2a40db40\" data-element_type=\"section\">\n\t\t\t\t\t\t<div class=\"elementor-container elementor-column-gap-default\">\n\t\t\t\t\t<div class=\"elementor-column elementor-col-100 elementor-top-column elementor-element elementor-element-4e956b47\" data-id=\"4e956b47\" data-element_type=\"column\">\n\t\t\t<div class=\"elementor-widget-wrap elementor-element-populated\">\n\t\t\t\t\t\t<div class=\"elementor-element elementor-element-372de194 elementor-widget elementor-widget-heading\" data-id=\"372de194\" data-element_type=\"widget\" data-widget_type=\"heading.default\">\n\t\t\t\t<div class=\"elementor-widget-container\">\n\t\t\t\t\t<h1 class=\"elementor-heading-title elementor-size-default\">Programa de P\u00f3s-Gradua\u00e7\u00e3o (Mestrado\/Doutorado) em Engenharia Civil - PPGEC (2022)<\/h1>\t\t\t\t<\/div>\n\t\t\t\t<\/div>\n\t\t\t\t<section class=\"elementor-section elementor-inner-section elementor-element elementor-element-31e54043 elementor-section-boxed elementor-section-height-default elementor-section-height-default\" data-id=\"31e54043\" data-element_type=\"section\">\n\t\t\t\t\t\t<div class=\"elementor-container elementor-column-gap-default\">\n\t\t\t\t\t<div class=\"elementor-column elementor-col-50 elementor-inner-column elementor-element elementor-element-15f41bd\" data-id=\"15f41bd\" data-element_type=\"column\">\n\t\t\t<div class=\"elementor-widget-wrap elementor-element-populated\">\n\t\t\t\t\t\t<div class=\"elementor-element elementor-element-35279451 elementor-widget elementor-widget-text-editor\" data-id=\"35279451\" data-element_type=\"widget\" data-widget_type=\"text-editor.default\">\n\t\t\t\t<div class=\"elementor-widget-container\">\n\t\t\t\t\t\t\t\t\t<p><span id=\"page3R_mcid2\" class=\"markedContent\"><span dir=\"ltr\" role=\"presentation\">A Coordena\u00e7\u00e3o do Programa de P\u00f3s-Gradua\u00e7\u00e3o em Engenharia Civil (PPGEC), conforme decis\u00e3o do<\/span> <span dir=\"ltr\" role=\"presentation\">Colegiado, torna p\u00fablico o presente Edital de sele\u00e7\u00e3o de discentes nos n\u00edveis de Mestrado e Doutorado <\/span><span dir=\"ltr\" role=\"presentation\">Acad\u00eamicos em Engenharia Civil para preenchimento de vagas para 2022.<\/span><\/span><\/p><p>\u00a0<\/p><p><strong>Vagas:<\/strong><\/p><p>\u00a0<\/p><p><strong>&#8211; \u00canfase Estruturas:<\/strong><\/p><p><strong>Mestrado: <\/strong>Dezesseis <strong>(16) <\/strong>vagas.<\/p><p><strong>Doutorado: <\/strong>Quatorze <strong>(14)<\/strong> vagas.<\/p><p>\u00a0<\/p><p><strong>&#8211; \u00canfase Materiais e Constru\u00e7\u00e3o Civil:<\/strong><\/p><p><strong>Mestrado: <\/strong>Doze <strong>(12)<\/strong> vagas.<\/p><p><strong>Doutorado: <\/strong>Seis <strong>(6)<\/strong> vagas.<strong><br \/><\/strong><\/p><p>\u00a0<\/p><p><strong>&#8211; Linha de Pesquisa Recursos H\u00eddricos e Saneamento Ambiental:\u00a0<\/strong><\/p><p><strong>Mestrado: <\/strong>Dezesseis <strong>(16)<\/strong> vagas.<\/p><p><strong>Doutorado: <\/strong>Onze <strong>(11)<\/strong> vagas.<\/p><p>\u00a0<\/p><p><strong>Pr\u00e9-Requisitos: <\/strong>Acompanhar no edital para a \u00e1rea de interesse em quest\u00e3o.<\/p><p>\u00a0<\/p><p><strong>Inscri\u00e7\u00f5es: <\/strong>10\/01\/2022 a 27\/01\/2022.<strong><br \/><\/strong><\/p><p>\u00a0<\/p><p><strong>Taxa de inscri\u00e7\u00e3o:<\/strong><\/p><p><strong>&#8211; Mestrado:<\/strong> R$ 100,00 (cem reais).<\/p><p><strong>&#8211; Doutorado:<\/strong> R$ 120,00 (cento e vinte reais).<\/p><p>\u00a0<\/p><p><strong>Mais informa\u00e7\u00f5es:<\/strong><\/p><p><strong>Telefone:<\/strong> +55 (91) 3201-8859<\/p><p>\u00a0<\/p><p><strong>E-mail:<\/strong> ppgec@ufpa.br<br \/>Site: <a href=\"http:\/\/www.ppgec.propesp.ufpa.bra.br\">http:\/\/www.ppgec.propesp.ufpa.bra.br<\/a><\/p><div class=\"notranslate\" style=\"all: initial;\">\u00a0<\/div>\t\t\t\t\t\t\t\t<\/div>\n\t\t\t\t<\/div>\n\t\t\t\t\t<\/div>\n\t\t<\/div>\n\t\t\t\t<div class=\"elementor-column elementor-col-50 elementor-inner-column elementor-element elementor-element-1a284bc5\" data-id=\"1a284bc5\" data-element_type=\"column\">\n\t\t\t<div class=\"elementor-widget-wrap elementor-element-populated\">\n\t\t\t\t\t\t<div class=\"elementor-element elementor-element-6445c0f3 elementor-widget elementor-widget-text-editor\" data-id=\"6445c0f3\" data-element_type=\"widget\" data-widget_type=\"text-editor.default\">\n\t\t\t\t<div class=\"elementor-widget-container\">\n\t\t\t\t\t\t\t\t\t<p><span style=\"color: #ffffff;\"><b>Avisos<\/b><\/span><\/p>\t\t\t\t\t\t\t\t<\/div>\n\t\t\t\t<\/div>\n\t\t\t\t<div class=\"elementor-element elementor-element-1680d43 elementor-widget elementor-widget-text-editor\" data-id=\"1680d43\" data-element_type=\"widget\" data-widget_type=\"text-editor.default\">\n\t\t\t\t<div class=\"elementor-widget-container\">\n\t\t\t\t\t\t\t\t\t<p>Devido \u00e0 pandemia do novo coronav\u00edrus (COVID-19) e suas variantes, as atividades<br \/>relacionadas a esta sele\u00e7\u00e3o (inscri\u00e7\u00f5es, divulga\u00e7\u00f5es de resultados, interposi\u00e7\u00e3o de recursos e outras)<br \/>poder\u00e3o ser alteradas para o formato remoto\/on-line. Deste modo, solicitamos aten\u00e7\u00e3o a poss\u00edveis<br \/>mudan\u00e7as, as quais ser\u00e3o amplamente divulgadas no site do PPGEC.<\/p>\t\t\t\t\t\t\t\t<\/div>\n\t\t\t\t<\/div>\n\t\t\t\t<div class=\"elementor-element elementor-element-433fb7f0 elementor-widget elementor-widget-text-editor\" data-id=\"433fb7f0\" data-element_type=\"widget\" data-widget_type=\"text-editor.default\">\n\t\t\t\t<div class=\"elementor-widget-container\">\n\t\t\t\t\t\t\t\t\t<p style=\"text-align: center;\"><span style=\"color: #ffffff;\"><strong>Editais<\/strong><\/span><\/p>\t\t\t\t\t\t\t\t<\/div>\n\t\t\t\t<\/div>\n\t\t\t\t<div class=\"elementor-element elementor-element-61ab10cc elementor-widget elementor-widget-text-editor\" data-id=\"61ab10cc\" data-element_type=\"widget\" data-widget_type=\"text-editor.default\">\n\t\t\t\t<div class=\"elementor-widget-container\">\n\t\t\t\t\t\t\t\t\t<span style=\"color: #000000;\">Edital 1 <a href=\"..\/wp-content\/uploads\/2021\/12\/Edital_No01.2022-PPGEC.pdf\"><strong>(Clique aqui)<\/strong><\/a><\/span>\t\t\t\t\t\t\t\t<\/div>\n\t\t\t\t<\/div>\n\t\t\t\t\t<\/div>\n\t\t<\/div>\n\t\t\t\t\t<\/div>\n\t\t<\/section>\n\t\t\t\t\t<\/div>\n\t\t<\/div>\n\t\t\t\t\t<\/div>\n\t\t<\/section>\n\t\t\t\t<\/div>\n\t\t","protected":false},"excerpt":{"rendered":"<p>Programa de P\u00f3s-Gradua\u00e7\u00e3o (Mestrado\/Doutorado) em Engenharia Civil &#8211; PPGEC (2022) A Coordena\u00e7\u00e3o do Programa de P\u00f3s-Gradua\u00e7\u00e3o em Engenharia Civil (PPGEC), conforme decis\u00e3o do Colegiado, torna p\u00fablico o presente Edital de sele\u00e7\u00e3o de discentes nos n\u00edveis de Mestrado e Doutorado Acad\u00eamicos em Engenharia Civil para preenchimento de vagas para 2022. \u00a0 Vagas: \u00a0 &#8211; \u00canfase Estruturas: [&hellip;]<\/p>\n","protected":false},"author":9,"featured_media":0,"parent":0,"menu_order":0,"comment_status":"closed","ping_status":"closed","template":"","meta":{"_monsterinsights_skip_tracking":false,"_monsterinsights_sitenote_active":false,"_monsterinsights_sitenote_note":"","_monsterinsights_sitenote_category":0,"footnotes":""},"class_list":["post-23576","page","type-page","status-publish","hentry","entry"],"yoast_head":"<!-- This site is optimized with the Yoast SEO plugin v25.1 - https:\/\/yoast.com\/wordpress\/plugins\/seo\/ -->\n<title>Programa de P\u00f3s-Gradua\u00e7\u00e3o (Mestrado\/Doutorado) em Engenharia Civil - PPGEC (2022) - FADESP<\/title>\n<meta name=\"robots\" content=\"index, follow, max-snippet:-1, max-image-preview:large, max-video-preview:-1\" \/>\n<link rel=\"canonical\" href=\"https:\/\/portalfadesp.org.br\/?page_id=23576\" \/>\n<meta property=\"og:locale\" content=\"pt_BR\" \/>\n<meta property=\"og:type\" content=\"article\" \/>\n<meta property=\"og:title\" content=\"Programa de P\u00f3s-Gradua\u00e7\u00e3o (Mestrado\/Doutorado) em Engenharia Civil - PPGEC (2022) - FADESP\" \/>\n<meta property=\"og:description\" content=\"Programa de P\u00f3s-Gradua\u00e7\u00e3o (Mestrado\/Doutorado) em Engenharia Civil &#8211; PPGEC (2022) A Coordena\u00e7\u00e3o do Programa de P\u00f3s-Gradua\u00e7\u00e3o em Engenharia Civil (PPGEC), conforme decis\u00e3o do Colegiado, torna p\u00fablico o presente Edital de sele\u00e7\u00e3o de discentes nos n\u00edveis de Mestrado e Doutorado Acad\u00eamicos em Engenharia Civil para preenchimento de vagas para 2022. \u00a0 Vagas: \u00a0 &#8211; \u00canfase Estruturas: [&hellip;]\" \/>\n<meta property=\"og:url\" content=\"https:\/\/portalfadesp.org.br\/?page_id=23576\" \/>\n<meta property=\"og:site_name\" content=\"FADESP\" \/>\n<meta property=\"article:publisher\" content=\"https:\/\/www.facebook.com\/Fadesp-138351949524662\/\" \/>\n<meta property=\"article:modified_time\" content=\"2022-12-21T16:03:29+00:00\" \/>\n<meta name=\"twitter:card\" content=\"summary_large_image\" \/>\n<meta name=\"twitter:site\" content=\"@Fadesp\" \/>\n<meta name=\"twitter:label1\" content=\"Est. tempo de leitura\" \/>\n\t<meta name=\"twitter:data1\" content=\"1 minuto\" \/>\n<script type=\"application\/ld+json\" class=\"yoast-schema-graph\">{\"@context\":\"https:\/\/schema.org\",\"@graph\":[{\"@type\":\"WebPage\",\"@id\":\"https:\/\/portalfadesp.org.br\/?page_id=23576\",\"url\":\"https:\/\/portalfadesp.org.br\/?page_id=23576\",\"name\":\"Programa de P\u00f3s-Gradua\u00e7\u00e3o (Mestrado\/Doutorado) em Engenharia Civil - PPGEC (2022) - FADESP\",\"isPartOf\":{\"@id\":\"https:\/\/portalfadesp.org.br\/#website\"},\"datePublished\":\"2021-12-29T13:50:49+00:00\",\"dateModified\":\"2022-12-21T16:03:29+00:00\",\"breadcrumb\":{\"@id\":\"https:\/\/portalfadesp.org.br\/?page_id=23576#breadcrumb\"},\"inLanguage\":\"pt-BR\",\"potentialAction\":[{\"@type\":\"ReadAction\",\"target\":[\"https:\/\/portalfadesp.org.br\/?page_id=23576\"]}]},{\"@type\":\"BreadcrumbList\",\"@id\":\"https:\/\/portalfadesp.org.br\/?page_id=23576#breadcrumb\",\"itemListElement\":[{\"@type\":\"ListItem\",\"position\":1,\"name\":\"In\u00edcio\",\"item\":\"https:\/\/portalfadesp.org.br\/\"},{\"@type\":\"ListItem\",\"position\":2,\"name\":\"Programa de P\u00f3s-Gradua\u00e7\u00e3o (Mestrado\/Doutorado) em Engenharia Civil &#8211; PPGEC (2022)\"}]},{\"@type\":\"WebSite\",\"@id\":\"https:\/\/portalfadesp.org.br\/#website\",\"url\":\"https:\/\/portalfadesp.org.br\/\",\"name\":\"FADESP\",\"description\":\"Funda\u00e7\u00e3o de Amparo e Desenvolvimento da Pesquisa\",\"publisher\":{\"@id\":\"https:\/\/portalfadesp.org.br\/#organization\"},\"potentialAction\":[{\"@type\":\"SearchAction\",\"target\":{\"@type\":\"EntryPoint\",\"urlTemplate\":\"https:\/\/portalfadesp.org.br\/?s={search_term_string}\"},\"query-input\":{\"@type\":\"PropertyValueSpecification\",\"valueRequired\":true,\"valueName\":\"search_term_string\"}}],\"inLanguage\":\"pt-BR\"},{\"@type\":\"Organization\",\"@id\":\"https:\/\/portalfadesp.org.br\/#organization\",\"name\":\"FADESP\",\"url\":\"https:\/\/portalfadesp.org.br\/\",\"logo\":{\"@type\":\"ImageObject\",\"inLanguage\":\"pt-BR\",\"@id\":\"https:\/\/portalfadesp.org.br\/#\/schema\/logo\/image\/\",\"url\":\"https:\/\/portalfadesp.org.br\/wp-content\/uploads\/2024\/01\/NOVOLOGOFADESPlaranjaH.png\",\"contentUrl\":\"https:\/\/portalfadesp.org.br\/wp-content\/uploads\/2024\/01\/NOVOLOGOFADESPlaranjaH.png\",\"width\":2742,\"height\":839,\"caption\":\"FADESP\"},\"image\":{\"@id\":\"https:\/\/portalfadesp.org.br\/#\/schema\/logo\/image\/\"},\"sameAs\":[\"https:\/\/www.facebook.com\/Fadesp-138351949524662\/\",\"https:\/\/x.com\/Fadesp\",\"https:\/\/www.instagram.com\/fadesp_ufpa\/\",\"https:\/\/www.youtube.com\/@fundacaodeamparoedesenvolv1903\",\"https:\/\/www.threads.net\/@fadesp_ufpa\"]}]}<\/script>\n<!-- \/ Yoast SEO plugin. -->","yoast_head_json":{"title":"Programa de P\u00f3s-Gradua\u00e7\u00e3o (Mestrado\/Doutorado) em Engenharia Civil - PPGEC (2022) - FADESP","robots":{"index":"index","follow":"follow","max-snippet":"max-snippet:-1","max-image-preview":"max-image-preview:large","max-video-preview":"max-video-preview:-1"},"canonical":"https:\/\/portalfadesp.org.br\/?page_id=23576","og_locale":"pt_BR","og_type":"article","og_title":"Programa de P\u00f3s-Gradua\u00e7\u00e3o (Mestrado\/Doutorado) em Engenharia Civil - PPGEC (2022) - FADESP","og_description":"Programa de P\u00f3s-Gradua\u00e7\u00e3o (Mestrado\/Doutorado) em Engenharia Civil &#8211; PPGEC (2022) A Coordena\u00e7\u00e3o do Programa de P\u00f3s-Gradua\u00e7\u00e3o em Engenharia Civil (PPGEC), conforme decis\u00e3o do Colegiado, torna p\u00fablico o presente Edital de sele\u00e7\u00e3o de discentes nos n\u00edveis de Mestrado e Doutorado Acad\u00eamicos em Engenharia Civil para preenchimento de vagas para 2022. \u00a0 Vagas: \u00a0 &#8211; \u00canfase Estruturas: [&hellip;]","og_url":"https:\/\/portalfadesp.org.br\/?page_id=23576","og_site_name":"FADESP","article_publisher":"https:\/\/www.facebook.com\/Fadesp-138351949524662\/","article_modified_time":"2022-12-21T16:03:29+00:00","twitter_card":"summary_large_image","twitter_site":"@Fadesp","twitter_misc":{"Est. tempo de leitura":"1 minuto"},"schema":{"@context":"https:\/\/schema.org","@graph":[{"@type":"WebPage","@id":"https:\/\/portalfadesp.org.br\/?page_id=23576","url":"https:\/\/portalfadesp.org.br\/?page_id=23576","name":"Programa de P\u00f3s-Gradua\u00e7\u00e3o (Mestrado\/Doutorado) em Engenharia Civil - PPGEC (2022) - FADESP","isPartOf":{"@id":"https:\/\/portalfadesp.org.br\/#website"},"datePublished":"2021-12-29T13:50:49+00:00","dateModified":"2022-12-21T16:03:29+00:00","breadcrumb":{"@id":"https:\/\/portalfadesp.org.br\/?page_id=23576#breadcrumb"},"inLanguage":"pt-BR","potentialAction":[{"@type":"ReadAction","target":["https:\/\/portalfadesp.org.br\/?page_id=23576"]}]},{"@type":"BreadcrumbList","@id":"https:\/\/portalfadesp.org.br\/?page_id=23576#breadcrumb","itemListElement":[{"@type":"ListItem","position":1,"name":"In\u00edcio","item":"https:\/\/portalfadesp.org.br\/"},{"@type":"ListItem","position":2,"name":"Programa de P\u00f3s-Gradua\u00e7\u00e3o (Mestrado\/Doutorado) em Engenharia Civil &#8211; PPGEC (2022)"}]},{"@type":"WebSite","@id":"https:\/\/portalfadesp.org.br\/#website","url":"https:\/\/portalfadesp.org.br\/","name":"FADESP","description":"Funda\u00e7\u00e3o de Amparo e Desenvolvimento da Pesquisa","publisher":{"@id":"https:\/\/portalfadesp.org.br\/#organization"},"potentialAction":[{"@type":"SearchAction","target":{"@type":"EntryPoint","urlTemplate":"https:\/\/portalfadesp.org.br\/?s={search_term_string}"},"query-input":{"@type":"PropertyValueSpecification","valueRequired":true,"valueName":"search_term_string"}}],"inLanguage":"pt-BR"},{"@type":"Organization","@id":"https:\/\/portalfadesp.org.br\/#organization","name":"FADESP","url":"https:\/\/portalfadesp.org.br\/","logo":{"@type":"ImageObject","inLanguage":"pt-BR","@id":"https:\/\/portalfadesp.org.br\/#\/schema\/logo\/image\/","url":"https:\/\/portalfadesp.org.br\/wp-content\/uploads\/2024\/01\/NOVOLOGOFADESPlaranjaH.png","contentUrl":"https:\/\/portalfadesp.org.br\/wp-content\/uploads\/2024\/01\/NOVOLOGOFADESPlaranjaH.png","width":2742,"height":839,"caption":"FADESP"},"image":{"@id":"https:\/\/portalfadesp.org.br\/#\/schema\/logo\/image\/"},"sameAs":["https:\/\/www.facebook.com\/Fadesp-138351949524662\/","https:\/\/x.com\/Fadesp","https:\/\/www.instagram.com\/fadesp_ufpa\/","https:\/\/www.youtube.com\/@fundacaodeamparoedesenvolv1903","https:\/\/www.threads.net\/@fadesp_ufpa"]}]}},"_links":{"self":[{"href":"https:\/\/portalfadesp.org.br\/index.php?rest_route=\/wp\/v2\/pages\/23576","targetHints":{"allow":["GET"]}}],"collection":[{"href":"https:\/\/portalfadesp.org.br\/index.php?rest_route=\/wp\/v2\/pages"}],"about":[{"href":"https:\/\/portalfadesp.org.br\/index.php?rest_route=\/wp\/v2\/types\/page"}],"author":[{"embeddable":true,"href":"https:\/\/portalfadesp.org.br\/index.php?rest_route=\/wp\/v2\/users\/9"}],"replies":[{"embeddable":true,"href":"https:\/\/portalfadesp.org.br\/index.php?rest_route=%2Fwp%2Fv2%2Fcomments&post=23576"}],"version-history":[{"count":20,"href":"https:\/\/portalfadesp.org.br\/index.php?rest_route=\/wp\/v2\/pages\/23576\/revisions"}],"predecessor-version":[{"id":38406,"href":"https:\/\/portalfadesp.org.br\/index.php?rest_route=\/wp\/v2\/pages\/23576\/revisions\/38406"}],"wp:attachment":[{"href":"https:\/\/portalfadesp.org.br\/index.php?rest_route=%2Fwp%2Fv2%2Fmedia&parent=23576"}],"curies":[{"name":"wp","href":"https:\/\/api.w.org\/{rel}","templated":true}]}}