{"id":22676,"date":"2021-12-01T11:35:56","date_gmt":"2021-12-01T14:35:56","guid":{"rendered":"https:\/\/162.215.13.167?page_id=22676"},"modified":"2022-12-21T13:31:48","modified_gmt":"2022-12-21T16:31:48","slug":"prefeitura-municipal-de-abaetetuba-pss-acs-2021","status":"publish","type":"page","link":"https:\/\/portalfadesp.org.br\/?page_id=22676","title":{"rendered":"Prefeitura Municipal de Novo Progresso PSS\/2021"},"content":{"rendered":"\t\t<div data-elementor-type=\"wp-page\" data-elementor-id=\"22676\" class=\"elementor elementor-22676\" data-elementor-post-type=\"page\">\n\t\t\t\t\t\t<section class=\"elementor-section elementor-top-section elementor-element elementor-element-7759e82 elementor-section-boxed elementor-section-height-default elementor-section-height-default\" data-id=\"7759e82\" data-element_type=\"section\">\n\t\t\t\t\t\t<div class=\"elementor-container elementor-column-gap-default\">\n\t\t\t\t\t<div class=\"elementor-column elementor-col-100 elementor-top-column elementor-element elementor-element-288dbe9\" data-id=\"288dbe9\" data-element_type=\"column\">\n\t\t\t<div class=\"elementor-widget-wrap elementor-element-populated\">\n\t\t\t\t\t\t<div class=\"elementor-element elementor-element-1ce31c8 elementor-widget elementor-widget-heading\" data-id=\"1ce31c8\" data-element_type=\"widget\" data-widget_type=\"heading.default\">\n\t\t\t\t<div class=\"elementor-widget-container\">\n\t\t\t\t\t<h1 class=\"elementor-heading-title elementor-size-default\">Prefeitura Municipal de Novo Progresso PSS\/2021<\/h1>\t\t\t\t<\/div>\n\t\t\t\t<\/div>\n\t\t\t\t<section class=\"elementor-section elementor-inner-section elementor-element elementor-element-5ba10ed elementor-section-boxed elementor-section-height-default elementor-section-height-default\" data-id=\"5ba10ed\" data-element_type=\"section\">\n\t\t\t\t\t\t<div class=\"elementor-container elementor-column-gap-default\">\n\t\t\t\t\t<div class=\"elementor-column elementor-col-50 elementor-inner-column elementor-element elementor-element-0b38389\" data-id=\"0b38389\" data-element_type=\"column\">\n\t\t\t<div class=\"elementor-widget-wrap elementor-element-populated\">\n\t\t\t\t\t\t<div class=\"elementor-element elementor-element-390424d elementor-widget elementor-widget-text-editor\" data-id=\"390424d\" data-element_type=\"widget\" data-widget_type=\"text-editor.default\">\n\t\t\t\t<div class=\"elementor-widget-container\">\n\t\t\t\t\t\t\t\t\t<p><span style=\"font-size: 11.0pt; line-height: 107%; font-family: 'Arial',sans-serif; mso-fareast-font-family: Calibri; mso-fareast-theme-font: minor-latin; mso-ansi-language: PT-BR; mso-fareast-language: EN-US; mso-bidi-language: AR-SA;\">A Prefeitura Municipal de Novo Progresso (PMNP), atrav\u00e9s da Secretaria\u00a0Municipal de Administra\u00e7\u00e3o e Planejamento, torna p\u00fablico o <b>Edital de Abertura do Processo Seletivo Simplificado<\/b>, <b>Edital n\u00ba 01\/PMNP\/2021<\/b>, na forma da Lei n\u00ba 663\/2021 e demais normas de direito p\u00fablico e privado que subsidiaram a mat\u00e9ria, objetivando a realiza\u00e7\u00e3o do Processo Seletivo Simplificado\u00a0 destinado ao preenchimento de vagas na esfera municipal para os cargos tempor\u00e1rios de N\u00edvel Fundamental (incompleto e completo), M\u00e9dio e Superior.<\/span><\/p><p><span style=\"font-size: 11.0pt; line-height: 107%; font-family: 'Arial',sans-serif; mso-fareast-font-family: Calibri; mso-fareast-theme-font: minor-latin; mso-ansi-language: PT-BR; mso-fareast-language: EN-US; mso-bidi-language: AR-SA;\">\u00a0<\/span><\/p><hr \/><p><strong>Vagas Imediatas: 731<\/strong><\/p><p><strong style=\"font-family: Arial, Roboto, sans-serif; font-size: 14.4px;\">Taxa:<\/strong><\/p><p><span style=\"font-size: 11.0pt; line-height: 107%; font-family: 'Arial',sans-serif; mso-fareast-font-family: Calibri; mso-fareast-theme-font: minor-latin; mso-ansi-language: PT-BR; mso-fareast-language: EN-US; mso-bidi-language: AR-SA;\">N\u00edvel Fundamental e N\u00edvel M\u00e9dio R$ 40,00 (quarenta reais)<\/span><strong style=\"font-family: Arial, Roboto, sans-serif; font-size: 14.4px;\"><br \/><\/strong><\/p><p><span style=\"font-size: 11.0pt; line-height: 107%; font-family: 'Arial',sans-serif; mso-fareast-font-family: Calibri; mso-fareast-theme-font: minor-latin; mso-ansi-language: PT-BR; mso-fareast-language: EN-US; mso-bidi-language: AR-SA;\"><span style=\"font-size: 11.0pt; line-height: 107%; font-family: 'Arial',sans-serif; mso-fareast-font-family: Calibri; mso-fareast-theme-font: minor-latin; mso-ansi-language: PT-BR; mso-fareast-language: EN-US; mso-bidi-language: AR-SA;\">N\u00edvel Superior R$ 50,00 (cinquenta reais)<\/span><br \/><\/span><\/p><p><strong>Datas importantes:<\/strong><\/p><p><strong>Per\u00edodo de Inscri\u00e7\u00e3o:\u00a0<\/strong><span style=\"font-family: Arial, sans-serif; font-size: 12pt;\">01 a 15\/12\/21<\/span><\/p><p><strong>Pedido de isen\u00e7\u00e3o para PcD:\u00a0<\/strong><span style=\"font-family: Arial, sans-serif; font-size: 12pt;\">01 a 03\/12\/21<\/span><\/p><p><strong>Pagamento da taxa de inscri\u00e7\u00e3o:\u00a0<\/strong><span style=\"font-family: Arial, sans-serif; font-size: 12pt;\">At\u00e9 16\/12\/21<\/span><\/p>\t\t\t\t\t\t\t\t<\/div>\n\t\t\t\t<\/div>\n\t\t\t\t\t<\/div>\n\t\t<\/div>\n\t\t\t\t<div class=\"elementor-column elementor-col-50 elementor-inner-column elementor-element elementor-element-7503a48\" data-id=\"7503a48\" data-element_type=\"column\">\n\t\t\t<div class=\"elementor-widget-wrap elementor-element-populated\">\n\t\t\t\t\t\t<div class=\"elementor-element elementor-element-d825992 elementor-widget elementor-widget-text-editor\" data-id=\"d825992\" data-element_type=\"widget\" data-widget_type=\"text-editor.default\">\n\t\t\t\t<div class=\"elementor-widget-container\">\n\t\t\t\t\t\t\t\t\t<p><span style=\"color: #ffffff;\"><strong>Acompanhe sua Inscri\u00e7\u00e3o<\/strong><\/span><\/p>\t\t\t\t\t\t\t\t<\/div>\n\t\t\t\t<\/div>\n\t\t\t\t<div class=\"elementor-element elementor-element-de5600f elementor-widget elementor-widget-text-editor\" data-id=\"de5600f\" data-element_type=\"widget\" data-widget_type=\"text-editor.default\">\n\t\t\t\t<div class=\"elementor-widget-container\">\n\t\t\t\t\t\t\t\t\t<p><strong><span style=\"font-size: 11.0pt; line-height: 107%; font-family: 'Calibri',sans-serif; mso-ascii-theme-font: minor-latin; mso-fareast-font-family: Calibri; mso-fareast-theme-font: minor-latin; mso-hansi-theme-font: minor-latin; mso-bidi-font-family: 'Times New Roman'; mso-bidi-theme-font: minor-bidi; mso-ansi-language: PT-BR; mso-fareast-language: EN-US; mso-bidi-language: AR-SA;\">ATEN\u00c7\u00c3O: Editais de convoca\u00e7\u00f5es de candidatos \u00e0s vagas, devem ser acompanhados, exclusivamente, pelo site da Prefeitura Municipal de Novo Progresso (<a href=\"https:\/\/novoprogresso.pa.gov.br\">Clique aqui<\/a>)<\/span><\/strong><\/p>\t\t\t\t\t\t\t\t<\/div>\n\t\t\t\t<\/div>\n\t\t\t\t<div class=\"elementor-element elementor-element-81ea865 elementor-widget elementor-widget-text-editor\" data-id=\"81ea865\" data-element_type=\"widget\" data-widget_type=\"text-editor.default\">\n\t\t\t\t<div class=\"elementor-widget-container\">\n\t\t\t\t\t\t\t\t\t<p style=\"text-align: center;\"><span style=\"color: #ffffff;\"><strong>Editais e Avisos<\/strong><\/span><\/p>\t\t\t\t\t\t\t\t<\/div>\n\t\t\t\t<\/div>\n\t\t\t\t<div class=\"elementor-element elementor-element-ce88b0a elementor-widget elementor-widget-text-editor\" data-id=\"ce88b0a\" data-element_type=\"widget\" data-widget_type=\"text-editor.default\">\n\t\t\t\t<div class=\"elementor-widget-container\">\n\t\t\t\t\t\t\t\t\t<p><a href=\"http:\/\/concursos2.fadesp.org.br\/pmnp2021\/arquivos\/ResultadoDefinitivoFundmental.pdf\"><strong>Resultado Definitivo do N\u00edvel Fundamental<\/strong><\/a><\/p><p><a href=\"http:\/\/concursos2.fadesp.org.br\/pmnp2021\/arquivos\/ResultadoDefinitivoMedio.pdf\"><strong>Resultado Definitivo do N\u00edvel M\u00e9dio<\/strong><\/a><\/p><p><a href=\"http:\/\/concursos2.fadesp.org.br\/pmnp2021\/arquivos\/ResultadoDefinitivoSuperior.pdf\"><strong>Resultado Definitivo do N\u00edvel Superior<\/strong><\/a><\/p><p><a href=\"http:\/\/concursos2.fadesp.org.br\/pmnp2021\/arquivos\/ResultadoPreliminarFundmental.pdf\"><strong>Resultado Preliminar do N\u00edvel Fundamental<\/strong><\/a><\/p><p><a href=\"http:\/\/concursos2.fadesp.org.br\/pmnp2021\/arquivos\/ResultadoPreliminarMedio.pdf\"><strong>Resultado Preliminar do N\u00edvel M\u00e9dio<\/strong><\/a><\/p><p><a href=\"http:\/\/concursos2.fadesp.org.br\/pmnp2021\/arquivos\/ResultadoPreliminarSuperior.pdf\"><strong>Resultado Preliminar do N\u00edvel Superior<\/strong><\/a><\/p><p><a href=\"http:\/\/concursos2.fadesp.org.br\/pmnp2021\/arquivos\/ConcorrenciaPcD.pdf\"><strong>Candidatos que concorrem na condi\u00e7\u00e3o de Pessoa com Defici\u00eancia <\/strong><\/a><\/p><p><a href=\"http:\/\/concursos2.fadesp.org.br\/pmnp2021\/arquivos\/Demanda.pdf\"><strong>Demanda<\/strong><\/a><\/p><p><a href=\"http:\/\/concursos2.fadesp.org.br\/pmnp2021\/arquivos\/Resultado_de_PcD.pdf\"><strong>Resultado da Solicita\u00e7\u00e3o de Isen\u00e7\u00e3o da Taxa de Inscri\u00e7\u00e3o para PcD<\/strong><\/a><\/p><p><a href=\"http:\/\/concursos2.fadesp.org.br\/pmnp2021\/arquivos\/Edital\/TabelaCargo_Retificada.pdf\"><strong>Tabela de Cargos &#8211; Retificado<\/strong><\/a><\/p><p><a href=\"http:\/\/concursos2.fadesp.org.br\/pmnp2021\/arquivos\/Edital\/Anexo_III_Retificado.pdf\"><strong>Anexa\u00e7\u00e3o de Documentos para An\u00e1lise Curricular &#8211; Retificado<\/strong><\/a><\/p><p><a href=\"http:\/\/concursos2.fadesp.org.br\/pmnp2021\/arquivos\/Edital\/Edital01_Retificado.pdf\"><strong>Edital 01 &#8211; Retificado\u00a0<\/strong><\/a><\/p>\t\t\t\t\t\t\t\t<\/div>\n\t\t\t\t<\/div>\n\t\t\t\t\t<\/div>\n\t\t<\/div>\n\t\t\t\t\t<\/div>\n\t\t<\/section>\n\t\t\t\t\t<\/div>\n\t\t<\/div>\n\t\t\t\t\t<\/div>\n\t\t<\/section>\n\t\t\t\t<\/div>\n\t\t","protected":false},"excerpt":{"rendered":"<p>Prefeitura Municipal de Novo Progresso PSS\/2021 A Prefeitura Municipal de Novo Progresso (PMNP), atrav\u00e9s da Secretaria\u00a0Municipal de Administra\u00e7\u00e3o e Planejamento, torna p\u00fablico o Edital de Abertura do Processo Seletivo Simplificado, Edital n\u00ba 01\/PMNP\/2021, na forma da Lei n\u00ba 663\/2021 e demais normas de direito p\u00fablico e privado que subsidiaram a mat\u00e9ria, objetivando a realiza\u00e7\u00e3o do [&hellip;]<\/p>\n","protected":false},"author":9,"featured_media":0,"parent":329,"menu_order":0,"comment_status":"closed","ping_status":"closed","template":"","meta":{"_monsterinsights_skip_tracking":false,"_monsterinsights_sitenote_active":false,"_monsterinsights_sitenote_note":"","_monsterinsights_sitenote_category":0,"footnotes":""},"class_list":["post-22676","page","type-page","status-publish","hentry","entry"],"yoast_head":"<!-- This site is optimized with the Yoast SEO plugin v25.1 - https:\/\/yoast.com\/wordpress\/plugins\/seo\/ -->\n<title>Prefeitura Municipal de Novo Progresso PSS\/2021 - FADESP<\/title>\n<meta name=\"robots\" content=\"index, follow, max-snippet:-1, max-image-preview:large, max-video-preview:-1\" \/>\n<link rel=\"canonical\" href=\"https:\/\/portalfadesp.org.br\/?page_id=22676\" \/>\n<meta property=\"og:locale\" content=\"pt_BR\" \/>\n<meta property=\"og:type\" content=\"article\" \/>\n<meta property=\"og:title\" content=\"Prefeitura Municipal de Novo Progresso PSS\/2021 - FADESP\" \/>\n<meta property=\"og:description\" content=\"Prefeitura Municipal de Novo Progresso PSS\/2021 A Prefeitura Municipal de Novo Progresso (PMNP), atrav\u00e9s da Secretaria\u00a0Municipal de Administra\u00e7\u00e3o e Planejamento, torna p\u00fablico o Edital de Abertura do Processo Seletivo Simplificado, Edital n\u00ba 01\/PMNP\/2021, na forma da Lei n\u00ba 663\/2021 e demais normas de direito p\u00fablico e privado que subsidiaram a mat\u00e9ria, objetivando a realiza\u00e7\u00e3o do [&hellip;]\" \/>\n<meta property=\"og:url\" content=\"https:\/\/portalfadesp.org.br\/?page_id=22676\" \/>\n<meta property=\"og:site_name\" content=\"FADESP\" \/>\n<meta property=\"article:publisher\" content=\"https:\/\/www.facebook.com\/Fadesp-138351949524662\/\" \/>\n<meta property=\"article:modified_time\" content=\"2022-12-21T16:31:48+00:00\" \/>\n<meta name=\"twitter:card\" content=\"summary_large_image\" \/>\n<meta name=\"twitter:site\" content=\"@Fadesp\" \/>\n<meta name=\"twitter:label1\" content=\"Est. tempo de leitura\" \/>\n\t<meta name=\"twitter:data1\" content=\"1 minuto\" \/>\n<script type=\"application\/ld+json\" class=\"yoast-schema-graph\">{\"@context\":\"https:\/\/schema.org\",\"@graph\":[{\"@type\":\"WebPage\",\"@id\":\"https:\/\/portalfadesp.org.br\/?page_id=22676\",\"url\":\"https:\/\/portalfadesp.org.br\/?page_id=22676\",\"name\":\"Prefeitura Municipal de Novo Progresso PSS\/2021 - FADESP\",\"isPartOf\":{\"@id\":\"https:\/\/portalfadesp.org.br\/#website\"},\"datePublished\":\"2021-12-01T14:35:56+00:00\",\"dateModified\":\"2022-12-21T16:31:48+00:00\",\"breadcrumb\":{\"@id\":\"https:\/\/portalfadesp.org.br\/?page_id=22676#breadcrumb\"},\"inLanguage\":\"pt-BR\",\"potentialAction\":[{\"@type\":\"ReadAction\",\"target\":[\"https:\/\/portalfadesp.org.br\/?page_id=22676\"]}]},{\"@type\":\"BreadcrumbList\",\"@id\":\"https:\/\/portalfadesp.org.br\/?page_id=22676#breadcrumb\",\"itemListElement\":[{\"@type\":\"ListItem\",\"position\":1,\"name\":\"In\u00edcio\",\"item\":\"https:\/\/portalfadesp.org.br\/\"},{\"@type\":\"ListItem\",\"position\":2,\"name\":\"Concursos &#8211; Homologados\",\"item\":\"https:\/\/portalfadesp.org.br\/?page_id=329\"},{\"@type\":\"ListItem\",\"position\":3,\"name\":\"Prefeitura Municipal de Novo Progresso PSS\/2021\"}]},{\"@type\":\"WebSite\",\"@id\":\"https:\/\/portalfadesp.org.br\/#website\",\"url\":\"https:\/\/portalfadesp.org.br\/\",\"name\":\"FADESP\",\"description\":\"Funda\u00e7\u00e3o de Amparo e Desenvolvimento da Pesquisa\",\"publisher\":{\"@id\":\"https:\/\/portalfadesp.org.br\/#organization\"},\"potentialAction\":[{\"@type\":\"SearchAction\",\"target\":{\"@type\":\"EntryPoint\",\"urlTemplate\":\"https:\/\/portalfadesp.org.br\/?s={search_term_string}\"},\"query-input\":{\"@type\":\"PropertyValueSpecification\",\"valueRequired\":true,\"valueName\":\"search_term_string\"}}],\"inLanguage\":\"pt-BR\"},{\"@type\":\"Organization\",\"@id\":\"https:\/\/portalfadesp.org.br\/#organization\",\"name\":\"FADESP\",\"url\":\"https:\/\/portalfadesp.org.br\/\",\"logo\":{\"@type\":\"ImageObject\",\"inLanguage\":\"pt-BR\",\"@id\":\"https:\/\/portalfadesp.org.br\/#\/schema\/logo\/image\/\",\"url\":\"https:\/\/portalfadesp.org.br\/wp-content\/uploads\/2024\/01\/NOVOLOGOFADESPlaranjaH.png\",\"contentUrl\":\"https:\/\/portalfadesp.org.br\/wp-content\/uploads\/2024\/01\/NOVOLOGOFADESPlaranjaH.png\",\"width\":2742,\"height\":839,\"caption\":\"FADESP\"},\"image\":{\"@id\":\"https:\/\/portalfadesp.org.br\/#\/schema\/logo\/image\/\"},\"sameAs\":[\"https:\/\/www.facebook.com\/Fadesp-138351949524662\/\",\"https:\/\/x.com\/Fadesp\",\"https:\/\/www.instagram.com\/fadesp_ufpa\/\",\"https:\/\/www.youtube.com\/@fundacaodeamparoedesenvolv1903\",\"https:\/\/www.threads.net\/@fadesp_ufpa\"]}]}<\/script>\n<!-- \/ Yoast SEO plugin. -->","yoast_head_json":{"title":"Prefeitura Municipal de Novo Progresso PSS\/2021 - FADESP","robots":{"index":"index","follow":"follow","max-snippet":"max-snippet:-1","max-image-preview":"max-image-preview:large","max-video-preview":"max-video-preview:-1"},"canonical":"https:\/\/portalfadesp.org.br\/?page_id=22676","og_locale":"pt_BR","og_type":"article","og_title":"Prefeitura Municipal de Novo Progresso PSS\/2021 - FADESP","og_description":"Prefeitura Municipal de Novo Progresso PSS\/2021 A Prefeitura Municipal de Novo Progresso (PMNP), atrav\u00e9s da Secretaria\u00a0Municipal de Administra\u00e7\u00e3o e Planejamento, torna p\u00fablico o Edital de Abertura do Processo Seletivo Simplificado, Edital n\u00ba 01\/PMNP\/2021, na forma da Lei n\u00ba 663\/2021 e demais normas de direito p\u00fablico e privado que subsidiaram a mat\u00e9ria, objetivando a realiza\u00e7\u00e3o do [&hellip;]","og_url":"https:\/\/portalfadesp.org.br\/?page_id=22676","og_site_name":"FADESP","article_publisher":"https:\/\/www.facebook.com\/Fadesp-138351949524662\/","article_modified_time":"2022-12-21T16:31:48+00:00","twitter_card":"summary_large_image","twitter_site":"@Fadesp","twitter_misc":{"Est. tempo de leitura":"1 minuto"},"schema":{"@context":"https:\/\/schema.org","@graph":[{"@type":"WebPage","@id":"https:\/\/portalfadesp.org.br\/?page_id=22676","url":"https:\/\/portalfadesp.org.br\/?page_id=22676","name":"Prefeitura Municipal de Novo Progresso PSS\/2021 - FADESP","isPartOf":{"@id":"https:\/\/portalfadesp.org.br\/#website"},"datePublished":"2021-12-01T14:35:56+00:00","dateModified":"2022-12-21T16:31:48+00:00","breadcrumb":{"@id":"https:\/\/portalfadesp.org.br\/?page_id=22676#breadcrumb"},"inLanguage":"pt-BR","potentialAction":[{"@type":"ReadAction","target":["https:\/\/portalfadesp.org.br\/?page_id=22676"]}]},{"@type":"BreadcrumbList","@id":"https:\/\/portalfadesp.org.br\/?page_id=22676#breadcrumb","itemListElement":[{"@type":"ListItem","position":1,"name":"In\u00edcio","item":"https:\/\/portalfadesp.org.br\/"},{"@type":"ListItem","position":2,"name":"Concursos &#8211; Homologados","item":"https:\/\/portalfadesp.org.br\/?page_id=329"},{"@type":"ListItem","position":3,"name":"Prefeitura Municipal de Novo Progresso PSS\/2021"}]},{"@type":"WebSite","@id":"https:\/\/portalfadesp.org.br\/#website","url":"https:\/\/portalfadesp.org.br\/","name":"FADESP","description":"Funda\u00e7\u00e3o de Amparo e Desenvolvimento da Pesquisa","publisher":{"@id":"https:\/\/portalfadesp.org.br\/#organization"},"potentialAction":[{"@type":"SearchAction","target":{"@type":"EntryPoint","urlTemplate":"https:\/\/portalfadesp.org.br\/?s={search_term_string}"},"query-input":{"@type":"PropertyValueSpecification","valueRequired":true,"valueName":"search_term_string"}}],"inLanguage":"pt-BR"},{"@type":"Organization","@id":"https:\/\/portalfadesp.org.br\/#organization","name":"FADESP","url":"https:\/\/portalfadesp.org.br\/","logo":{"@type":"ImageObject","inLanguage":"pt-BR","@id":"https:\/\/portalfadesp.org.br\/#\/schema\/logo\/image\/","url":"https:\/\/portalfadesp.org.br\/wp-content\/uploads\/2024\/01\/NOVOLOGOFADESPlaranjaH.png","contentUrl":"https:\/\/portalfadesp.org.br\/wp-content\/uploads\/2024\/01\/NOVOLOGOFADESPlaranjaH.png","width":2742,"height":839,"caption":"FADESP"},"image":{"@id":"https:\/\/portalfadesp.org.br\/#\/schema\/logo\/image\/"},"sameAs":["https:\/\/www.facebook.com\/Fadesp-138351949524662\/","https:\/\/x.com\/Fadesp","https:\/\/www.instagram.com\/fadesp_ufpa\/","https:\/\/www.youtube.com\/@fundacaodeamparoedesenvolv1903","https:\/\/www.threads.net\/@fadesp_ufpa"]}]}},"_links":{"self":[{"href":"https:\/\/portalfadesp.org.br\/index.php?rest_route=\/wp\/v2\/pages\/22676","targetHints":{"allow":["GET"]}}],"collection":[{"href":"https:\/\/portalfadesp.org.br\/index.php?rest_route=\/wp\/v2\/pages"}],"about":[{"href":"https:\/\/portalfadesp.org.br\/index.php?rest_route=\/wp\/v2\/types\/page"}],"author":[{"embeddable":true,"href":"https:\/\/portalfadesp.org.br\/index.php?rest_route=\/wp\/v2\/users\/9"}],"replies":[{"embeddable":true,"href":"https:\/\/portalfadesp.org.br\/index.php?rest_route=%2Fwp%2Fv2%2Fcomments&post=22676"}],"version-history":[{"count":92,"href":"https:\/\/portalfadesp.org.br\/index.php?rest_route=\/wp\/v2\/pages\/22676\/revisions"}],"predecessor-version":[{"id":38481,"href":"https:\/\/portalfadesp.org.br\/index.php?rest_route=\/wp\/v2\/pages\/22676\/revisions\/38481"}],"up":[{"embeddable":true,"href":"https:\/\/portalfadesp.org.br\/index.php?rest_route=\/wp\/v2\/pages\/329"}],"wp:attachment":[{"href":"https:\/\/portalfadesp.org.br\/index.php?rest_route=%2Fwp%2Fv2%2Fmedia&parent=22676"}],"curies":[{"name":"wp","href":"https:\/\/api.w.org\/{rel}","templated":true}]}}