{"id":2195,"date":"2018-12-21T09:30:25","date_gmt":"2018-12-21T11:30:25","guid":{"rendered":"https:\/\/162.215.13.167?page_id=2195"},"modified":"2022-12-20T11:32:48","modified_gmt":"2022-12-20T14:32:48","slug":"prefeitura-municipal-de-mocajuba-2018","status":"publish","type":"page","link":"https:\/\/portalfadesp.org.br\/?page_id=2195","title":{"rendered":"Prefeitura Municipal de Mocajuba &#8211; 2018"},"content":{"rendered":"\t\t<div data-elementor-type=\"wp-post\" data-elementor-id=\"2195\" class=\"elementor elementor-2195\" data-elementor-post-type=\"page\">\n\t\t\t\t\t\t<section class=\"elementor-section elementor-top-section elementor-element elementor-element-1ee2308a elementor-section-boxed elementor-section-height-default elementor-section-height-default\" data-id=\"1ee2308a\" data-element_type=\"section\">\n\t\t\t\t\t\t<div class=\"elementor-container elementor-column-gap-default\">\n\t\t\t\t\t<div class=\"elementor-column elementor-col-100 elementor-top-column elementor-element elementor-element-506560ba\" data-id=\"506560ba\" data-element_type=\"column\">\n\t\t\t<div class=\"elementor-widget-wrap elementor-element-populated\">\n\t\t\t\t\t\t<div class=\"elementor-element elementor-element-200a98ed elementor-widget elementor-widget-heading\" data-id=\"200a98ed\" data-element_type=\"widget\" data-widget_type=\"heading.default\">\n\t\t\t\t<div class=\"elementor-widget-container\">\n\t\t\t\t\t<h1 class=\"elementor-heading-title elementor-size-default\">Prefeitura Municipal de Mocajuba - 2018<\/h1>\t\t\t\t<\/div>\n\t\t\t\t<\/div>\n\t\t\t\t<section class=\"elementor-section elementor-inner-section elementor-element elementor-element-7964ce21 elementor-section-boxed elementor-section-height-default elementor-section-height-default\" data-id=\"7964ce21\" data-element_type=\"section\">\n\t\t\t\t\t\t<div class=\"elementor-container elementor-column-gap-default\">\n\t\t\t\t\t<div class=\"elementor-column elementor-col-50 elementor-inner-column elementor-element elementor-element-47b8e7b\" data-id=\"47b8e7b\" data-element_type=\"column\">\n\t\t\t<div class=\"elementor-widget-wrap elementor-element-populated\">\n\t\t\t\t\t\t<div class=\"elementor-element elementor-element-1715f293 elementor-widget elementor-widget-text-editor\" data-id=\"1715f293\" data-element_type=\"widget\" data-widget_type=\"text-editor.default\">\n\t\t\t\t<div class=\"elementor-widget-container\">\n\t\t\t\t\t\t\t\t\t<p>A Prefeitura Municipal de Mocajuba (PA) torna p\u00fablica a realiza\u00e7\u00e3o de concurso para o preenchimento de vagas de n\u00edvel M\u00e9dio, conforme as condi\u00e7\u00f5es estabelecidas no edital.\u00a0<\/p><p><strong>Vagas &#8211; <\/strong>15<\/p><p><strong>Cargos &#8211;\u00a0<\/strong>Agente de Tr\u00e2nsito (5) e Guarda Municipal (10).<\/p><p><strong>Remunera\u00e7\u00e3o &#8211;<\/strong>\u00a0 R$ 954,00<\/p><p><strong>Inscri\u00e7\u00f5es &#8211;\u00a0<\/strong>18\/10 a 10\/12\/18.<\/p><p><strong>Taxa &#8211;\u00a0<\/strong>R$ 60,00\u00a0<\/p><p>&#8230;&#8230;&#8230;&#8230;&#8230;&#8230;&#8230;&#8230;&#8230;&#8230;&#8230;&#8230;&#8230;&#8230;<\/p><p><strong>Datas importantes<\/strong>:<\/p><p>Inscri\u00e7\u00e3o:\u00a0<strong>18\/10 a 10\/12\/18.<\/strong><\/p><p>Pagamento da taxa de inscri\u00e7\u00e3o: <strong>at\u00e9 11\/12\/18.<\/strong><\/p><p>Isen\u00e7\u00e3o para PcD: <strong>18 a 26\/10\/18.<\/strong>\u00a0<\/p><p>Impress\u00e3o do cart\u00e3o de inscri\u00e7\u00e3o: <strong>26 a 31\/12\/18.<\/strong><\/p><p>Provas objetivas: <strong>13\/01\/19 &#8211; de 9h \u00e0s 13h.<\/strong><\/p>\t\t\t\t\t\t\t\t<\/div>\n\t\t\t\t<\/div>\n\t\t\t\t\t<\/div>\n\t\t<\/div>\n\t\t\t\t<div class=\"elementor-column elementor-col-50 elementor-inner-column elementor-element elementor-element-45db3c2f\" data-id=\"45db3c2f\" data-element_type=\"column\">\n\t\t\t<div class=\"elementor-widget-wrap elementor-element-populated\">\n\t\t\t\t\t\t<div class=\"elementor-element elementor-element-d57be3c elementor-widget elementor-widget-text-editor\" data-id=\"d57be3c\" data-element_type=\"widget\" data-widget_type=\"text-editor.default\">\n\t\t\t\t<div class=\"elementor-widget-container\">\n\t\t\t\t\t\t\t\t\t<p style=\"text-align: center;\"><strong><span style=\"color: #ffffff;\">Avisos<\/span><\/strong><\/p>\t\t\t\t\t\t\t\t<\/div>\n\t\t\t\t<\/div>\n\t\t\t\t<div class=\"elementor-element elementor-element-33be92 elementor-widget elementor-widget-text-editor\" data-id=\"33be92\" data-element_type=\"widget\" data-widget_type=\"text-editor.default\">\n\t\t\t\t<div class=\"elementor-widget-container\">\n\t\t\t\t\t\t\t\t\t<p style=\"text-align: left;\"><span style=\"color: #000000;\">Informa\u00e7\u00f5es gerais sobre editais de convoca\u00e7\u00e3o \u00e0 posse nos cargos somente estar\u00e3o dispon\u00edveis na Prefeitura Municipal.<\/span><\/p>\t\t\t\t\t\t\t\t<\/div>\n\t\t\t\t<\/div>\n\t\t\t\t<div class=\"elementor-element elementor-element-71b43d28 elementor-widget elementor-widget-text-editor\" data-id=\"71b43d28\" data-element_type=\"widget\" data-widget_type=\"text-editor.default\">\n\t\t\t\t<div class=\"elementor-widget-container\">\n\t\t\t\t\t\t\t\t\t<p style=\"text-align: center;\"><span style=\"color: #ffffff;\"><strong>Editais<\/strong><\/span><\/p>\t\t\t\t\t\t\t\t<\/div>\n\t\t\t\t<\/div>\n\t\t\t\t<div class=\"elementor-element elementor-element-6acb9f3d elementor-widget elementor-widget-text-editor\" data-id=\"6acb9f3d\" data-element_type=\"widget\" data-widget_type=\"text-editor.default\">\n\t\t\t\t<div class=\"elementor-widget-container\">\n\t\t\t\t\t\t\t\t\t<table width=\"72\">\n<tbody>\n<tr>\n<td width=\"72\"><strong><a href=\"..\/midias\/anexos\/574_edital_n_06_2019_pmm__homologacao.pdf\">Edital n\u00b0 06_2019_PMM_ Homologa\u00e7\u00e3o<\/a><\/strong><\/td>\n<\/tr>\n<tr>\n<td><strong><a href=\"http:\/\/concursos.fadesp.org.br\/pmmj2018\/arquivos\/Resultado%20Final%20Preliminar.pdf\">Resultado Final Preliminar\u00a0<\/a><\/strong><\/td>\n<\/tr>\n<tr>\n<td><strong><a href=\"http:\/\/concursos.fadesp.org.br\/pmmj2018\/arquivos\/Resultado%20Definitivo%20da%20Prova%20de%20Aptid\u00e3o%20F\u00edsica.pdf\">Resultado Definitivo da Prova de Aptid\u00e3o F\u00edsica<\/a><\/strong><\/td>\n<\/tr>\n<tr>\n<td><strong><a href=\"http:\/\/concursos.fadesp.org.br\/pmmj2018\/arquivos\/Resultado%20Definitivo%20da%20Avalia\u00e7\u00e3o%20de%20T\u00edtulos.pdf\">Resultado Definitivo da Avalia\u00e7\u00e3o de T\u00edtulos<\/a><\/strong><\/td>\n<\/tr>\n<tr>\n<td><strong><a href=\"http:\/\/concursos.fadesp.org.br\/pmmj2018\/arquivos\/Resultado%20Preliminar%20da%20Avalia\u00e7\u00e3o%20de%20T\u00edtulos.pdf\">Resultado Preliminar da Avalia\u00e7\u00e3o de T\u00edtulos\u00a0<\/a><\/strong><\/td>\n<\/tr>\n<tr>\n<td><strong><a href=\"http:\/\/concursos.fadesp.org.br\/pmmj2018\/arquivos\/Resultado%20Preliminar%20da%20Prova%20de%20Aptid\u00e3o%20F\u00edsica.pdf\">Resultado Preliminar da Prova de Aptid\u00e3o F\u00edsica\u00a0<\/a><\/strong><\/td>\n<\/tr>\n<tr>\n<td><strong><a href=\"..\/midias\/anexos\/574_formulario_de_entrega_de_titulos.pdf\">Formul\u00e1rio de Entrega de T\u00edtulos\u00a0<\/a><\/strong><\/td>\n<\/tr>\n<tr>\n<td><strong><a href=\"..\/midias\/anexos\/574_edital_n_05_2019_convocacao_a_prova_de_titulos.pdf\">Edital n\u00b0 05_2019_Convoca\u00e7\u00e3o a Prova de T\u00edtulos\u00a0<\/a><\/strong><\/td>\n<\/tr>\n<tr>\n<td><strong><a href=\"..\/midias\/anexos\/574_edital_n_04_2019_pmm_-_convocacao_a_prova_de_aptidao_fisica.pdf\">Edital n\u00b0 04_2019_PMM &#8211; Convoca\u00e7\u00e3o a Prova de Aptid\u00e3o F\u00edsica\u00a0<\/a><\/strong><\/td>\n<\/tr>\n<tr>\n<td><strong><a href=\"..\/midias\/anexos\/574_resultado_definitivo_da_prova_objetiva.pdf\">Resultado Definitivo da Prova Objetiva\u00a0<\/a><\/strong><\/td>\n<\/tr>\n<tr>\n<td><strong><a href=\"http:\/\/concursos.fadesp.org.br\/pmmj2018\/arquivos\/RESULTADO%20PRELIMINAR%20DA%20PROVA%20OBJETIVA.pdf\">RESULTADO PRELIMINAR DA PROVA OBJETIVA\u00a0\u00a0<\/a><\/strong><\/td>\n<\/tr>\n<tr>\n<td><strong><a href=\"http:\/\/concursos.fadesp.org.br\/pmmj2018\/arquivos\/GABARITO%20OFICIAL%20DEFINITIVO%20-%20GUARDA%20MUNICIPAL.pdf\">GABARITO OFICIAL DEFINITIVO &#8211; GUARDA MUNICIPAL<\/a><\/strong><\/td>\n<\/tr>\n<tr>\n<td><strong><a href=\"http:\/\/concursos.fadesp.org.br\/pmmj2018\/arquivos\/GABARITO%20OFICIAL%20DEFINITIVO%20-%20AGENTE%20DE%20TR\u00c2NSITO.pdf\">GABARITO OFICIAL DEFINITIVO &#8211; AGENTE DE TR\u00c2NSITO<\/a><\/strong><\/td>\n<\/tr>\n<tr>\n<td><strong><a href=\"http:\/\/concursos.fadesp.org.br\/pmmj2018\/arquivos\/GABARITO%20OFICIAL%20PRELIMINAR%20-%20GUARDA%20MUNICIPAL.pdf\">GABARITO OFICIAL PRELIMINAR &#8211; GUARDA MUNICIPAL\u00a0\u00a0<\/a><\/strong><\/td>\n<\/tr>\n<tr>\n<td><strong><a href=\"http:\/\/concursos.fadesp.org.br\/pmmj2018\/arquivos\/GABARITO%20OFICIAL%20PRELIMINAR%20-%20AGENTE%20DE%20TR\u00c2NSITO.pdf\">GABARITO OFICIAL PRELIMINAR &#8211; AGENTE DE TR\u00c2NSITO<\/a><\/strong><\/td>\n<\/tr>\n<tr>\n<td><strong><a href=\"http:\/\/concursos.fadesp.org.br\/pmmj2018\/arquivos\/PROVA%20GUARDA%20MUNICIPAL.pdf\">PROVA GUARDA MUNICIPAL<\/a><\/strong><\/td>\n<\/tr>\n<tr>\n<td><strong><a href=\"http:\/\/concursos.fadesp.org.br\/pmmj2018\/arquivos\/PROVA%20AGENTE%20DE%20TRANSITO.pdf\">PROVA AGENTE DE TRANSITO<\/a><\/strong><\/td>\n<\/tr>\n<tr>\n<td><strong><a href=\"..\/midias\/anexos\/574_demanda.pdf\">Demanda\u00a0<\/a><\/strong><\/td>\n<\/tr>\n<tr>\n<td><strong><a href=\"..\/midias\/anexos\/574_edital_n_03_2018_pmm_-_retificacoes.pdf\">Edital n\u00b0 03_2018_PMM &#8211; Retifica\u00e7\u00f5es\u00a0<\/a><\/strong><\/td>\n<\/tr>\n<tr>\n<td><strong><a href=\"http:\/\/concursos.fadesp.org.br\/pmmj2018\/arquivos\/Edital%20n\u00b0%2002_2017_PMM%20-%20Prorroga\u00e7\u00e3o%20do%20Per\u00edodo%20de%20Inscri\u00e7\u00f5es.pdf\">Edital n\u00b0 02_2017_PMM &#8211; Prorroga\u00e7\u00e3o do Per\u00edodo de Inscri\u00e7\u00f5es\u00a0<\/a><\/strong><\/td>\n<\/tr>\n<tr>\n<td><strong><a href=\"..\/midias\/anexos\/574_formulario_de_portador_de_deficiencia.pdf\">\u00a0Formul\u00e1rio de Portador de Defici\u00eancia<\/a><\/strong><\/td>\n<\/tr>\n<tr>\n<td><strong><a href=\"..\/midias\/anexos\/574_tabela_de_cargos.pdf\">\u00a0Tabela de Cargos<\/a><\/strong><\/td>\n<\/tr>\n<tr>\n<td><strong><a href=\"..\/midias\/anexos\/574_edital_n_01_2018_pmm.pdf\">Edital n 01_2018_PMM<\/a><\/strong><\/td>\n<\/tr>\n<\/tbody>\n<\/table>\n<p style=\"text-align: center;\"><strong>\u00a0Informa\u00e7\u00f5es no setor de Concursos<\/strong><\/p>\n<p style=\"text-align: center;\"><strong>das 8h \u00e0s 17h<\/strong>\n<strong>(91) 4005-7446 \/ 7433 concursos@fadesp.org.br\u00a0<\/strong><\/p>\t\t\t\t\t\t\t\t<\/div>\n\t\t\t\t<\/div>\n\t\t\t\t\t<\/div>\n\t\t<\/div>\n\t\t\t\t\t<\/div>\n\t\t<\/section>\n\t\t\t\t\t<\/div>\n\t\t<\/div>\n\t\t\t\t\t<\/div>\n\t\t<\/section>\n\t\t\t\t<\/div>\n\t\t","protected":false},"excerpt":{"rendered":"<p>Prefeitura Municipal de Mocajuba &#8211; 2018 A Prefeitura Municipal de Mocajuba (PA) torna p\u00fablica a realiza\u00e7\u00e3o de concurso para o preenchimento de vagas de n\u00edvel M\u00e9dio, conforme as condi\u00e7\u00f5es estabelecidas no edital.\u00a0 Vagas &#8211; 15 Cargos &#8211;\u00a0Agente de Tr\u00e2nsito (5) e Guarda Municipal (10). Remunera\u00e7\u00e3o &#8211;\u00a0 R$ 954,00 Inscri\u00e7\u00f5es &#8211;\u00a018\/10 a 10\/12\/18. Taxa &#8211;\u00a0R$ 60,00\u00a0 [&hellip;]<\/p>\n","protected":false},"author":9,"featured_media":0,"parent":329,"menu_order":51,"comment_status":"closed","ping_status":"closed","template":"","meta":{"_monsterinsights_skip_tracking":false,"_monsterinsights_sitenote_active":false,"_monsterinsights_sitenote_note":"","_monsterinsights_sitenote_category":0,"footnotes":""},"class_list":["post-2195","page","type-page","status-publish","hentry","entry"],"yoast_head":"<!-- This site is optimized with the Yoast SEO plugin v25.1 - https:\/\/yoast.com\/wordpress\/plugins\/seo\/ -->\n<title>Prefeitura Municipal de Mocajuba - 2018 - FADESP<\/title>\n<meta name=\"robots\" content=\"index, follow, max-snippet:-1, max-image-preview:large, max-video-preview:-1\" \/>\n<link rel=\"canonical\" href=\"https:\/\/portalfadesp.org.br\/?page_id=2195\" \/>\n<meta property=\"og:locale\" content=\"pt_BR\" \/>\n<meta property=\"og:type\" content=\"article\" \/>\n<meta property=\"og:title\" content=\"Prefeitura Municipal de Mocajuba - 2018 - FADESP\" \/>\n<meta property=\"og:description\" content=\"Prefeitura Municipal de Mocajuba &#8211; 2018 A Prefeitura Municipal de Mocajuba (PA) torna p\u00fablica a realiza\u00e7\u00e3o de concurso para o preenchimento de vagas de n\u00edvel M\u00e9dio, conforme as condi\u00e7\u00f5es estabelecidas no edital.\u00a0 Vagas &#8211; 15 Cargos &#8211;\u00a0Agente de Tr\u00e2nsito (5) e Guarda Municipal (10). Remunera\u00e7\u00e3o &#8211;\u00a0 R$ 954,00 Inscri\u00e7\u00f5es &#8211;\u00a018\/10 a 10\/12\/18. Taxa &#8211;\u00a0R$ 60,00\u00a0 [&hellip;]\" \/>\n<meta property=\"og:url\" content=\"https:\/\/portalfadesp.org.br\/?page_id=2195\" \/>\n<meta property=\"og:site_name\" content=\"FADESP\" \/>\n<meta property=\"article:publisher\" content=\"https:\/\/www.facebook.com\/Fadesp-138351949524662\/\" \/>\n<meta property=\"article:modified_time\" content=\"2022-12-20T14:32:48+00:00\" \/>\n<meta name=\"twitter:card\" content=\"summary_large_image\" \/>\n<meta name=\"twitter:site\" content=\"@Fadesp\" \/>\n<meta name=\"twitter:label1\" content=\"Est. tempo de leitura\" \/>\n\t<meta name=\"twitter:data1\" content=\"1 minuto\" \/>\n<script type=\"application\/ld+json\" class=\"yoast-schema-graph\">{\"@context\":\"https:\/\/schema.org\",\"@graph\":[{\"@type\":\"WebPage\",\"@id\":\"https:\/\/portalfadesp.org.br\/?page_id=2195\",\"url\":\"https:\/\/portalfadesp.org.br\/?page_id=2195\",\"name\":\"Prefeitura Municipal de Mocajuba - 2018 - FADESP\",\"isPartOf\":{\"@id\":\"https:\/\/portalfadesp.org.br\/#website\"},\"datePublished\":\"2018-12-21T11:30:25+00:00\",\"dateModified\":\"2022-12-20T14:32:48+00:00\",\"breadcrumb\":{\"@id\":\"https:\/\/portalfadesp.org.br\/?page_id=2195#breadcrumb\"},\"inLanguage\":\"pt-BR\",\"potentialAction\":[{\"@type\":\"ReadAction\",\"target\":[\"https:\/\/portalfadesp.org.br\/?page_id=2195\"]}]},{\"@type\":\"BreadcrumbList\",\"@id\":\"https:\/\/portalfadesp.org.br\/?page_id=2195#breadcrumb\",\"itemListElement\":[{\"@type\":\"ListItem\",\"position\":1,\"name\":\"In\u00edcio\",\"item\":\"https:\/\/portalfadesp.org.br\/\"},{\"@type\":\"ListItem\",\"position\":2,\"name\":\"Concursos &#8211; Homologados\",\"item\":\"https:\/\/portalfadesp.org.br\/?page_id=329\"},{\"@type\":\"ListItem\",\"position\":3,\"name\":\"Prefeitura Municipal de Mocajuba &#8211; 2018\"}]},{\"@type\":\"WebSite\",\"@id\":\"https:\/\/portalfadesp.org.br\/#website\",\"url\":\"https:\/\/portalfadesp.org.br\/\",\"name\":\"FADESP\",\"description\":\"Funda\u00e7\u00e3o de Amparo e Desenvolvimento da Pesquisa\",\"publisher\":{\"@id\":\"https:\/\/portalfadesp.org.br\/#organization\"},\"potentialAction\":[{\"@type\":\"SearchAction\",\"target\":{\"@type\":\"EntryPoint\",\"urlTemplate\":\"https:\/\/portalfadesp.org.br\/?s={search_term_string}\"},\"query-input\":{\"@type\":\"PropertyValueSpecification\",\"valueRequired\":true,\"valueName\":\"search_term_string\"}}],\"inLanguage\":\"pt-BR\"},{\"@type\":\"Organization\",\"@id\":\"https:\/\/portalfadesp.org.br\/#organization\",\"name\":\"FADESP\",\"url\":\"https:\/\/portalfadesp.org.br\/\",\"logo\":{\"@type\":\"ImageObject\",\"inLanguage\":\"pt-BR\",\"@id\":\"https:\/\/portalfadesp.org.br\/#\/schema\/logo\/image\/\",\"url\":\"https:\/\/portalfadesp.org.br\/wp-content\/uploads\/2024\/01\/NOVOLOGOFADESPlaranjaH.png\",\"contentUrl\":\"https:\/\/portalfadesp.org.br\/wp-content\/uploads\/2024\/01\/NOVOLOGOFADESPlaranjaH.png\",\"width\":2742,\"height\":839,\"caption\":\"FADESP\"},\"image\":{\"@id\":\"https:\/\/portalfadesp.org.br\/#\/schema\/logo\/image\/\"},\"sameAs\":[\"https:\/\/www.facebook.com\/Fadesp-138351949524662\/\",\"https:\/\/x.com\/Fadesp\",\"https:\/\/www.instagram.com\/fadesp_ufpa\/\",\"https:\/\/www.youtube.com\/@fundacaodeamparoedesenvolv1903\",\"https:\/\/www.threads.net\/@fadesp_ufpa\"]}]}<\/script>\n<!-- \/ Yoast SEO plugin. -->","yoast_head_json":{"title":"Prefeitura Municipal de Mocajuba - 2018 - FADESP","robots":{"index":"index","follow":"follow","max-snippet":"max-snippet:-1","max-image-preview":"max-image-preview:large","max-video-preview":"max-video-preview:-1"},"canonical":"https:\/\/portalfadesp.org.br\/?page_id=2195","og_locale":"pt_BR","og_type":"article","og_title":"Prefeitura Municipal de Mocajuba - 2018 - FADESP","og_description":"Prefeitura Municipal de Mocajuba &#8211; 2018 A Prefeitura Municipal de Mocajuba (PA) torna p\u00fablica a realiza\u00e7\u00e3o de concurso para o preenchimento de vagas de n\u00edvel M\u00e9dio, conforme as condi\u00e7\u00f5es estabelecidas no edital.\u00a0 Vagas &#8211; 15 Cargos &#8211;\u00a0Agente de Tr\u00e2nsito (5) e Guarda Municipal (10). Remunera\u00e7\u00e3o &#8211;\u00a0 R$ 954,00 Inscri\u00e7\u00f5es &#8211;\u00a018\/10 a 10\/12\/18. Taxa &#8211;\u00a0R$ 60,00\u00a0 [&hellip;]","og_url":"https:\/\/portalfadesp.org.br\/?page_id=2195","og_site_name":"FADESP","article_publisher":"https:\/\/www.facebook.com\/Fadesp-138351949524662\/","article_modified_time":"2022-12-20T14:32:48+00:00","twitter_card":"summary_large_image","twitter_site":"@Fadesp","twitter_misc":{"Est. tempo de leitura":"1 minuto"},"schema":{"@context":"https:\/\/schema.org","@graph":[{"@type":"WebPage","@id":"https:\/\/portalfadesp.org.br\/?page_id=2195","url":"https:\/\/portalfadesp.org.br\/?page_id=2195","name":"Prefeitura Municipal de Mocajuba - 2018 - FADESP","isPartOf":{"@id":"https:\/\/portalfadesp.org.br\/#website"},"datePublished":"2018-12-21T11:30:25+00:00","dateModified":"2022-12-20T14:32:48+00:00","breadcrumb":{"@id":"https:\/\/portalfadesp.org.br\/?page_id=2195#breadcrumb"},"inLanguage":"pt-BR","potentialAction":[{"@type":"ReadAction","target":["https:\/\/portalfadesp.org.br\/?page_id=2195"]}]},{"@type":"BreadcrumbList","@id":"https:\/\/portalfadesp.org.br\/?page_id=2195#breadcrumb","itemListElement":[{"@type":"ListItem","position":1,"name":"In\u00edcio","item":"https:\/\/portalfadesp.org.br\/"},{"@type":"ListItem","position":2,"name":"Concursos &#8211; Homologados","item":"https:\/\/portalfadesp.org.br\/?page_id=329"},{"@type":"ListItem","position":3,"name":"Prefeitura Municipal de Mocajuba &#8211; 2018"}]},{"@type":"WebSite","@id":"https:\/\/portalfadesp.org.br\/#website","url":"https:\/\/portalfadesp.org.br\/","name":"FADESP","description":"Funda\u00e7\u00e3o de Amparo e Desenvolvimento da Pesquisa","publisher":{"@id":"https:\/\/portalfadesp.org.br\/#organization"},"potentialAction":[{"@type":"SearchAction","target":{"@type":"EntryPoint","urlTemplate":"https:\/\/portalfadesp.org.br\/?s={search_term_string}"},"query-input":{"@type":"PropertyValueSpecification","valueRequired":true,"valueName":"search_term_string"}}],"inLanguage":"pt-BR"},{"@type":"Organization","@id":"https:\/\/portalfadesp.org.br\/#organization","name":"FADESP","url":"https:\/\/portalfadesp.org.br\/","logo":{"@type":"ImageObject","inLanguage":"pt-BR","@id":"https:\/\/portalfadesp.org.br\/#\/schema\/logo\/image\/","url":"https:\/\/portalfadesp.org.br\/wp-content\/uploads\/2024\/01\/NOVOLOGOFADESPlaranjaH.png","contentUrl":"https:\/\/portalfadesp.org.br\/wp-content\/uploads\/2024\/01\/NOVOLOGOFADESPlaranjaH.png","width":2742,"height":839,"caption":"FADESP"},"image":{"@id":"https:\/\/portalfadesp.org.br\/#\/schema\/logo\/image\/"},"sameAs":["https:\/\/www.facebook.com\/Fadesp-138351949524662\/","https:\/\/x.com\/Fadesp","https:\/\/www.instagram.com\/fadesp_ufpa\/","https:\/\/www.youtube.com\/@fundacaodeamparoedesenvolv1903","https:\/\/www.threads.net\/@fadesp_ufpa"]}]}},"_links":{"self":[{"href":"https:\/\/portalfadesp.org.br\/index.php?rest_route=\/wp\/v2\/pages\/2195","targetHints":{"allow":["GET"]}}],"collection":[{"href":"https:\/\/portalfadesp.org.br\/index.php?rest_route=\/wp\/v2\/pages"}],"about":[{"href":"https:\/\/portalfadesp.org.br\/index.php?rest_route=\/wp\/v2\/types\/page"}],"author":[{"embeddable":true,"href":"https:\/\/portalfadesp.org.br\/index.php?rest_route=\/wp\/v2\/users\/9"}],"replies":[{"embeddable":true,"href":"https:\/\/portalfadesp.org.br\/index.php?rest_route=%2Fwp%2Fv2%2Fcomments&post=2195"}],"version-history":[{"count":29,"href":"https:\/\/portalfadesp.org.br\/index.php?rest_route=\/wp\/v2\/pages\/2195\/revisions"}],"predecessor-version":[{"id":36428,"href":"https:\/\/portalfadesp.org.br\/index.php?rest_route=\/wp\/v2\/pages\/2195\/revisions\/36428"}],"up":[{"embeddable":true,"href":"https:\/\/portalfadesp.org.br\/index.php?rest_route=\/wp\/v2\/pages\/329"}],"wp:attachment":[{"href":"https:\/\/portalfadesp.org.br\/index.php?rest_route=%2Fwp%2Fv2%2Fmedia&parent=2195"}],"curies":[{"name":"wp","href":"https:\/\/api.w.org\/{rel}","templated":true}]}}