{"id":21147,"date":"2021-11-03T12:48:47","date_gmt":"2021-11-03T15:48:47","guid":{"rendered":"https:\/\/162.215.13.167?page_id=21147"},"modified":"2022-12-21T13:26:27","modified_gmt":"2022-12-21T16:26:27","slug":"processo-de-selecao-simplificada-para-o-curso-de-mestrado-do-ppgnbc","status":"publish","type":"page","link":"https:\/\/portalfadesp.org.br\/?page_id=21147","title":{"rendered":"Processo de Sele\u00e7\u00e3o Simplificada para o Curso de Mestrado do PPGNBC"},"content":{"rendered":"\t\t<div data-elementor-type=\"wp-post\" data-elementor-id=\"21147\" class=\"elementor elementor-21147\" data-elementor-post-type=\"page\">\n\t\t\t\t\t\t<section class=\"elementor-section elementor-top-section elementor-element elementor-element-2a40db40 elementor-section-boxed elementor-section-height-default elementor-section-height-default\" data-id=\"2a40db40\" data-element_type=\"section\">\n\t\t\t\t\t\t<div class=\"elementor-container elementor-column-gap-default\">\n\t\t\t\t\t<div class=\"elementor-column elementor-col-100 elementor-top-column elementor-element elementor-element-4e956b47\" data-id=\"4e956b47\" data-element_type=\"column\">\n\t\t\t<div class=\"elementor-widget-wrap elementor-element-populated\">\n\t\t\t\t\t\t<div class=\"elementor-element elementor-element-372de194 elementor-widget elementor-widget-heading\" data-id=\"372de194\" data-element_type=\"widget\" data-widget_type=\"heading.default\">\n\t\t\t\t<div class=\"elementor-widget-container\">\n\t\t\t\t\t<h1 class=\"elementor-heading-title elementor-size-default\">Apoio\/Mestrado do Programa de P\u00f3s-Gradua\u00e7\u00e3o em Neuroci\u00eancias e Biologia Celular (PPGNBC)<\/h1>\t\t\t\t<\/div>\n\t\t\t\t<\/div>\n\t\t\t\t<section class=\"elementor-section elementor-inner-section elementor-element elementor-element-31e54043 elementor-section-boxed elementor-section-height-default elementor-section-height-default\" data-id=\"31e54043\" data-element_type=\"section\">\n\t\t\t\t\t\t<div class=\"elementor-container elementor-column-gap-default\">\n\t\t\t\t\t<div class=\"elementor-column elementor-col-50 elementor-inner-column elementor-element elementor-element-15f41bd\" data-id=\"15f41bd\" data-element_type=\"column\">\n\t\t\t<div class=\"elementor-widget-wrap elementor-element-populated\">\n\t\t\t\t\t\t<div class=\"elementor-element elementor-element-35279451 elementor-widget elementor-widget-text-editor\" data-id=\"35279451\" data-element_type=\"widget\" data-widget_type=\"text-editor.default\">\n\t\t\t\t<div class=\"elementor-widget-container\">\n\t\t\t\t\t\t\t\t\t<p>A Universidade Federal do Par\u00e1, por meio da coordena\u00e7\u00e3o do Programa de P\u00f3s-gradua\u00e7\u00e3o em Neuroci\u00eancias e Biologia\u00a0 celular (PPGNBC) do\u00a0 instituto de Ci\u00eancias\u00a0 biol\u00f3gicas (ICB), no uso de suas atribui\u00e7\u00f5es legais,\u00a0 estatut\u00e1rias e regimentais de acordo com a PORTARIA 5605\/2019\/UFPA e da RESOLUC\u0327A\u0303O N. 5.425, DE 23 DE SETEMBRO DE 2021, torna p\u00fablico e\u00a0 estabelece as normas do\u00a0 processo seletivo\u00a0 simplificado para o preenchimento de vagas no Curso de Mestrado em Neuroci\u00eancias e Biologia\u00a0 Celular em conformidade\u00a0 com as exig\u00eancias do\u00a0 regimento do PPGNBC e da Resolu\u00e7\u00e3o N\u00ba 5.291 de 22 de maio de 2020 do Conselho de Ensino,\u00a0 Pesquisa e Extens\u00e3o &#8211;\u00a0 CONSEPE da UFPA e da RESOLUC\u0327A\u0303O N. 5.425, DE 23 DE SETEMBRO DE 2021.<\/p><p><strong>Vagas: <\/strong>Estar\u00e3o dispon\u00edveis 13 (treze) vagas para o Curso de Mestrado no Programa de P\u00f3s-gradua\u00e7\u00e3o em Neuroci\u00eancias e Biologia Celular (PPGNBC\/ICB\/UFPA).<\/p><p><strong>\u00c1reas de Concentra\u00e7\u00e3o do Curso:\u00a0<\/strong>Neuroci\u00eancias e Biologia Celular.<\/p><p><strong>Inscri\u00e7\u00f5es:<\/strong> 26\/10\/2021 a 12\/11\/2021.<\/p><p><strong>Taxa de inscri\u00e7\u00e3o:<\/strong> R$ 150,00<\/p><p><strong>Mais Informa\u00e7\u00f5es Pelo Link:<\/strong><a href=\"http:\/\/www.pnbc.ufpa.br\" target=\"_blank\" rel=\"noopener\"> http:\/\/www.pnbc.ufpa.br.<\/a><\/p>\t\t\t\t\t\t\t\t<\/div>\n\t\t\t\t<\/div>\n\t\t\t\t\t<\/div>\n\t\t<\/div>\n\t\t\t\t<div class=\"elementor-column elementor-col-50 elementor-inner-column elementor-element elementor-element-1a284bc5\" data-id=\"1a284bc5\" data-element_type=\"column\">\n\t\t\t<div class=\"elementor-widget-wrap elementor-element-populated\">\n\t\t\t\t\t\t<div class=\"elementor-element elementor-element-6445c0f3 elementor-widget elementor-widget-text-editor\" data-id=\"6445c0f3\" data-element_type=\"widget\" data-widget_type=\"text-editor.default\">\n\t\t\t\t<div class=\"elementor-widget-container\">\n\t\t\t\t\t\t\t\t\t<p style=\"text-align: center;\"><span style=\"color: #ffffff;\"><b>Avisos<\/b><\/span><\/p>\t\t\t\t\t\t\t\t<\/div>\n\t\t\t\t<\/div>\n\t\t\t\t<div class=\"elementor-element elementor-element-433fb7f0 elementor-widget elementor-widget-text-editor\" data-id=\"433fb7f0\" data-element_type=\"widget\" data-widget_type=\"text-editor.default\">\n\t\t\t\t<div class=\"elementor-widget-container\">\n\t\t\t\t\t\t\t\t\t<p style=\"text-align: center;\"><span style=\"color: #ffffff;\"><strong>Editais<\/strong><\/span><\/p>\t\t\t\t\t\t\t\t<\/div>\n\t\t\t\t<\/div>\n\t\t\t\t<div class=\"elementor-element elementor-element-61ab10cc elementor-widget elementor-widget-text-editor\" data-id=\"61ab10cc\" data-element_type=\"widget\" data-widget_type=\"text-editor.default\">\n\t\t\t\t<div class=\"elementor-widget-container\">\n\t\t\t\t\t\t\t\t\t<p><span style=\"color: #000000;\">Edital 1 <a href=\"..\/wp-content\/uploads\/2021\/11\/Edital_Selec\u0327a\u0303o-especial_PPGNBC_2021-2.pdf\"><strong>(Clique aqui)<\/strong><\/a><\/span><\/p><p>Edital 1 retificado <strong><a href=\"..\/wp-content\/uploads\/2021\/11\/EDITAL-No-02_PPGNBC_2021_ERRATA-1.pdf\">(Clique aqui)<\/a><\/strong><\/p>\t\t\t\t\t\t\t\t<\/div>\n\t\t\t\t<\/div>\n\t\t\t\t\t<\/div>\n\t\t<\/div>\n\t\t\t\t\t<\/div>\n\t\t<\/section>\n\t\t\t\t\t<\/div>\n\t\t<\/div>\n\t\t\t\t\t<\/div>\n\t\t<\/section>\n\t\t\t\t<\/div>\n\t\t","protected":false},"excerpt":{"rendered":"<p>Apoio\/Mestrado do Programa de P\u00f3s-Gradua\u00e7\u00e3o em Neuroci\u00eancias e Biologia Celular (PPGNBC) A Universidade Federal do Par\u00e1, por meio da coordena\u00e7\u00e3o do Programa de P\u00f3s-gradua\u00e7\u00e3o em Neuroci\u00eancias e Biologia\u00a0 celular (PPGNBC) do\u00a0 instituto de Ci\u00eancias\u00a0 biol\u00f3gicas (ICB), no uso de suas atribui\u00e7\u00f5es legais,\u00a0 estatut\u00e1rias e regimentais de acordo com a PORTARIA 5605\/2019\/UFPA e da RESOLUC\u0327A\u0303O N. [&hellip;]<\/p>\n","protected":false},"author":9,"featured_media":0,"parent":0,"menu_order":0,"comment_status":"closed","ping_status":"closed","template":"","meta":{"_monsterinsights_skip_tracking":false,"_monsterinsights_sitenote_active":false,"_monsterinsights_sitenote_note":"","_monsterinsights_sitenote_category":0,"footnotes":""},"class_list":["post-21147","page","type-page","status-publish","hentry","entry"],"yoast_head":"<!-- This site is optimized with the Yoast SEO plugin v25.1 - https:\/\/yoast.com\/wordpress\/plugins\/seo\/ -->\n<title>Processo de Sele\u00e7\u00e3o Simplificada para o Curso de Mestrado do PPGNBC - FADESP<\/title>\n<meta name=\"robots\" content=\"index, follow, max-snippet:-1, max-image-preview:large, max-video-preview:-1\" \/>\n<link rel=\"canonical\" href=\"https:\/\/portalfadesp.org.br\/?page_id=21147\" \/>\n<meta property=\"og:locale\" content=\"pt_BR\" \/>\n<meta property=\"og:type\" content=\"article\" \/>\n<meta property=\"og:title\" content=\"Processo de Sele\u00e7\u00e3o Simplificada para o Curso de Mestrado do PPGNBC - FADESP\" \/>\n<meta property=\"og:description\" content=\"Apoio\/Mestrado do Programa de P\u00f3s-Gradua\u00e7\u00e3o em Neuroci\u00eancias e Biologia Celular (PPGNBC) A Universidade Federal do Par\u00e1, por meio da coordena\u00e7\u00e3o do Programa de P\u00f3s-gradua\u00e7\u00e3o em Neuroci\u00eancias e Biologia\u00a0 celular (PPGNBC) do\u00a0 instituto de Ci\u00eancias\u00a0 biol\u00f3gicas (ICB), no uso de suas atribui\u00e7\u00f5es legais,\u00a0 estatut\u00e1rias e regimentais de acordo com a PORTARIA 5605\/2019\/UFPA e da RESOLUC\u0327A\u0303O N. [&hellip;]\" \/>\n<meta property=\"og:url\" content=\"https:\/\/portalfadesp.org.br\/?page_id=21147\" \/>\n<meta property=\"og:site_name\" content=\"FADESP\" \/>\n<meta property=\"article:publisher\" content=\"https:\/\/www.facebook.com\/Fadesp-138351949524662\/\" \/>\n<meta property=\"article:modified_time\" content=\"2022-12-21T16:26:27+00:00\" \/>\n<meta name=\"twitter:card\" content=\"summary_large_image\" \/>\n<meta name=\"twitter:site\" content=\"@Fadesp\" \/>\n<meta name=\"twitter:label1\" content=\"Est. tempo de leitura\" \/>\n\t<meta name=\"twitter:data1\" content=\"1 minuto\" \/>\n<script type=\"application\/ld+json\" class=\"yoast-schema-graph\">{\"@context\":\"https:\/\/schema.org\",\"@graph\":[{\"@type\":\"WebPage\",\"@id\":\"https:\/\/portalfadesp.org.br\/?page_id=21147\",\"url\":\"https:\/\/portalfadesp.org.br\/?page_id=21147\",\"name\":\"Processo de Sele\u00e7\u00e3o Simplificada para o Curso de Mestrado do PPGNBC - FADESP\",\"isPartOf\":{\"@id\":\"https:\/\/portalfadesp.org.br\/#website\"},\"datePublished\":\"2021-11-03T15:48:47+00:00\",\"dateModified\":\"2022-12-21T16:26:27+00:00\",\"breadcrumb\":{\"@id\":\"https:\/\/portalfadesp.org.br\/?page_id=21147#breadcrumb\"},\"inLanguage\":\"pt-BR\",\"potentialAction\":[{\"@type\":\"ReadAction\",\"target\":[\"https:\/\/portalfadesp.org.br\/?page_id=21147\"]}]},{\"@type\":\"BreadcrumbList\",\"@id\":\"https:\/\/portalfadesp.org.br\/?page_id=21147#breadcrumb\",\"itemListElement\":[{\"@type\":\"ListItem\",\"position\":1,\"name\":\"In\u00edcio\",\"item\":\"https:\/\/portalfadesp.org.br\/\"},{\"@type\":\"ListItem\",\"position\":2,\"name\":\"Processo de Sele\u00e7\u00e3o Simplificada para o Curso de Mestrado do PPGNBC\"}]},{\"@type\":\"WebSite\",\"@id\":\"https:\/\/portalfadesp.org.br\/#website\",\"url\":\"https:\/\/portalfadesp.org.br\/\",\"name\":\"FADESP\",\"description\":\"Funda\u00e7\u00e3o de Amparo e Desenvolvimento da Pesquisa\",\"publisher\":{\"@id\":\"https:\/\/portalfadesp.org.br\/#organization\"},\"potentialAction\":[{\"@type\":\"SearchAction\",\"target\":{\"@type\":\"EntryPoint\",\"urlTemplate\":\"https:\/\/portalfadesp.org.br\/?s={search_term_string}\"},\"query-input\":{\"@type\":\"PropertyValueSpecification\",\"valueRequired\":true,\"valueName\":\"search_term_string\"}}],\"inLanguage\":\"pt-BR\"},{\"@type\":\"Organization\",\"@id\":\"https:\/\/portalfadesp.org.br\/#organization\",\"name\":\"FADESP\",\"url\":\"https:\/\/portalfadesp.org.br\/\",\"logo\":{\"@type\":\"ImageObject\",\"inLanguage\":\"pt-BR\",\"@id\":\"https:\/\/portalfadesp.org.br\/#\/schema\/logo\/image\/\",\"url\":\"https:\/\/portalfadesp.org.br\/wp-content\/uploads\/2024\/01\/NOVOLOGOFADESPlaranjaH.png\",\"contentUrl\":\"https:\/\/portalfadesp.org.br\/wp-content\/uploads\/2024\/01\/NOVOLOGOFADESPlaranjaH.png\",\"width\":2742,\"height\":839,\"caption\":\"FADESP\"},\"image\":{\"@id\":\"https:\/\/portalfadesp.org.br\/#\/schema\/logo\/image\/\"},\"sameAs\":[\"https:\/\/www.facebook.com\/Fadesp-138351949524662\/\",\"https:\/\/x.com\/Fadesp\",\"https:\/\/www.instagram.com\/fadesp_ufpa\/\",\"https:\/\/www.youtube.com\/@fundacaodeamparoedesenvolv1903\",\"https:\/\/www.threads.net\/@fadesp_ufpa\"]}]}<\/script>\n<!-- \/ Yoast SEO plugin. -->","yoast_head_json":{"title":"Processo de Sele\u00e7\u00e3o Simplificada para o Curso de Mestrado do PPGNBC - FADESP","robots":{"index":"index","follow":"follow","max-snippet":"max-snippet:-1","max-image-preview":"max-image-preview:large","max-video-preview":"max-video-preview:-1"},"canonical":"https:\/\/portalfadesp.org.br\/?page_id=21147","og_locale":"pt_BR","og_type":"article","og_title":"Processo de Sele\u00e7\u00e3o Simplificada para o Curso de Mestrado do PPGNBC - FADESP","og_description":"Apoio\/Mestrado do Programa de P\u00f3s-Gradua\u00e7\u00e3o em Neuroci\u00eancias e Biologia Celular (PPGNBC) A Universidade Federal do Par\u00e1, por meio da coordena\u00e7\u00e3o do Programa de P\u00f3s-gradua\u00e7\u00e3o em Neuroci\u00eancias e Biologia\u00a0 celular (PPGNBC) do\u00a0 instituto de Ci\u00eancias\u00a0 biol\u00f3gicas (ICB), no uso de suas atribui\u00e7\u00f5es legais,\u00a0 estatut\u00e1rias e regimentais de acordo com a PORTARIA 5605\/2019\/UFPA e da RESOLUC\u0327A\u0303O N. [&hellip;]","og_url":"https:\/\/portalfadesp.org.br\/?page_id=21147","og_site_name":"FADESP","article_publisher":"https:\/\/www.facebook.com\/Fadesp-138351949524662\/","article_modified_time":"2022-12-21T16:26:27+00:00","twitter_card":"summary_large_image","twitter_site":"@Fadesp","twitter_misc":{"Est. tempo de leitura":"1 minuto"},"schema":{"@context":"https:\/\/schema.org","@graph":[{"@type":"WebPage","@id":"https:\/\/portalfadesp.org.br\/?page_id=21147","url":"https:\/\/portalfadesp.org.br\/?page_id=21147","name":"Processo de Sele\u00e7\u00e3o Simplificada para o Curso de Mestrado do PPGNBC - FADESP","isPartOf":{"@id":"https:\/\/portalfadesp.org.br\/#website"},"datePublished":"2021-11-03T15:48:47+00:00","dateModified":"2022-12-21T16:26:27+00:00","breadcrumb":{"@id":"https:\/\/portalfadesp.org.br\/?page_id=21147#breadcrumb"},"inLanguage":"pt-BR","potentialAction":[{"@type":"ReadAction","target":["https:\/\/portalfadesp.org.br\/?page_id=21147"]}]},{"@type":"BreadcrumbList","@id":"https:\/\/portalfadesp.org.br\/?page_id=21147#breadcrumb","itemListElement":[{"@type":"ListItem","position":1,"name":"In\u00edcio","item":"https:\/\/portalfadesp.org.br\/"},{"@type":"ListItem","position":2,"name":"Processo de Sele\u00e7\u00e3o Simplificada para o Curso de Mestrado do PPGNBC"}]},{"@type":"WebSite","@id":"https:\/\/portalfadesp.org.br\/#website","url":"https:\/\/portalfadesp.org.br\/","name":"FADESP","description":"Funda\u00e7\u00e3o de Amparo e Desenvolvimento da Pesquisa","publisher":{"@id":"https:\/\/portalfadesp.org.br\/#organization"},"potentialAction":[{"@type":"SearchAction","target":{"@type":"EntryPoint","urlTemplate":"https:\/\/portalfadesp.org.br\/?s={search_term_string}"},"query-input":{"@type":"PropertyValueSpecification","valueRequired":true,"valueName":"search_term_string"}}],"inLanguage":"pt-BR"},{"@type":"Organization","@id":"https:\/\/portalfadesp.org.br\/#organization","name":"FADESP","url":"https:\/\/portalfadesp.org.br\/","logo":{"@type":"ImageObject","inLanguage":"pt-BR","@id":"https:\/\/portalfadesp.org.br\/#\/schema\/logo\/image\/","url":"https:\/\/portalfadesp.org.br\/wp-content\/uploads\/2024\/01\/NOVOLOGOFADESPlaranjaH.png","contentUrl":"https:\/\/portalfadesp.org.br\/wp-content\/uploads\/2024\/01\/NOVOLOGOFADESPlaranjaH.png","width":2742,"height":839,"caption":"FADESP"},"image":{"@id":"https:\/\/portalfadesp.org.br\/#\/schema\/logo\/image\/"},"sameAs":["https:\/\/www.facebook.com\/Fadesp-138351949524662\/","https:\/\/x.com\/Fadesp","https:\/\/www.instagram.com\/fadesp_ufpa\/","https:\/\/www.youtube.com\/@fundacaodeamparoedesenvolv1903","https:\/\/www.threads.net\/@fadesp_ufpa"]}]}},"_links":{"self":[{"href":"https:\/\/portalfadesp.org.br\/index.php?rest_route=\/wp\/v2\/pages\/21147","targetHints":{"allow":["GET"]}}],"collection":[{"href":"https:\/\/portalfadesp.org.br\/index.php?rest_route=\/wp\/v2\/pages"}],"about":[{"href":"https:\/\/portalfadesp.org.br\/index.php?rest_route=\/wp\/v2\/types\/page"}],"author":[{"embeddable":true,"href":"https:\/\/portalfadesp.org.br\/index.php?rest_route=\/wp\/v2\/users\/9"}],"replies":[{"embeddable":true,"href":"https:\/\/portalfadesp.org.br\/index.php?rest_route=%2Fwp%2Fv2%2Fcomments&post=21147"}],"version-history":[{"count":17,"href":"https:\/\/portalfadesp.org.br\/index.php?rest_route=\/wp\/v2\/pages\/21147\/revisions"}],"predecessor-version":[{"id":38448,"href":"https:\/\/portalfadesp.org.br\/index.php?rest_route=\/wp\/v2\/pages\/21147\/revisions\/38448"}],"wp:attachment":[{"href":"https:\/\/portalfadesp.org.br\/index.php?rest_route=%2Fwp%2Fv2%2Fmedia&parent=21147"}],"curies":[{"name":"wp","href":"https:\/\/api.w.org\/{rel}","templated":true}]}}