{"id":20742,"date":"2021-10-25T14:23:51","date_gmt":"2021-10-25T17:23:51","guid":{"rendered":"https:\/\/162.215.13.167?page_id=20742"},"modified":"2022-12-20T10:51:28","modified_gmt":"2022-12-20T13:51:28","slug":"processo-seletivo-2021-prosel-esp-ufopa","status":"publish","type":"page","link":"https:\/\/portalfadesp.org.br\/?page_id=20742","title":{"rendered":"Processo Seletivo 2021 &#8211; PROSEL ESP UFOPA"},"content":{"rendered":"\t\t<div data-elementor-type=\"wp-post\" data-elementor-id=\"20742\" class=\"elementor elementor-20742\" data-elementor-post-type=\"page\">\n\t\t\t\t\t\t<section class=\"elementor-section elementor-top-section elementor-element elementor-element-1f2996d1 elementor-section-boxed elementor-section-height-default elementor-section-height-default\" data-id=\"1f2996d1\" data-element_type=\"section\">\n\t\t\t\t\t\t<div class=\"elementor-container elementor-column-gap-default\">\n\t\t\t\t\t<div class=\"elementor-column elementor-col-100 elementor-top-column elementor-element elementor-element-59a4b3f8\" data-id=\"59a4b3f8\" data-element_type=\"column\">\n\t\t\t<div class=\"elementor-widget-wrap elementor-element-populated\">\n\t\t\t\t\t\t<div class=\"elementor-element elementor-element-799471af elementor-widget elementor-widget-heading\" data-id=\"799471af\" data-element_type=\"widget\" data-widget_type=\"heading.default\">\n\t\t\t\t<div class=\"elementor-widget-container\">\n\t\t\t\t\t<h2 class=\"elementor-heading-title elementor-size-default\">Processo Seletivo 2021 - PROSEL ESP UFOPA<\/h2>\t\t\t\t<\/div>\n\t\t\t\t<\/div>\n\t\t\t\t<section class=\"elementor-section elementor-inner-section elementor-element elementor-element-336311f elementor-section-boxed elementor-section-height-default elementor-section-height-default\" data-id=\"336311f\" data-element_type=\"section\">\n\t\t\t\t\t\t<div class=\"elementor-container elementor-column-gap-default\">\n\t\t\t\t\t<div class=\"elementor-column elementor-col-50 elementor-inner-column elementor-element elementor-element-75ca0dc3\" data-id=\"75ca0dc3\" data-element_type=\"column\">\n\t\t\t<div class=\"elementor-widget-wrap elementor-element-populated\">\n\t\t\t\t\t\t<div class=\"elementor-element elementor-element-425a3096 elementor-widget elementor-widget-text-editor\" data-id=\"425a3096\" data-element_type=\"widget\" data-widget_type=\"text-editor.default\">\n\t\t\t\t<div class=\"elementor-widget-container\">\n\t\t\t\t\t\t\t\t\t<p><span style=\"font-size: 11pt;\">O Reitor da <\/span><b style=\"font-family: Arial, Roboto, sans-serif;\">Universidade Federal do Oeste do Par\u00e1 (UFOPA)<\/b><span style=\"font-size: 11pt;\"> torna p\u00fablica a\u00a0realiza\u00e7\u00e3o do <\/span><b style=\"font-family: Arial, Roboto, sans-serif;\">Processo Seletivo Especial\u00a02021 (PROSEL ESP UFOPA 2021)<\/b><span style=\"font-size: 11pt;\">, destinado a selecionar candidatos para o\u00a0provimento de vagas em curso presencial de gradua\u00e7\u00e3o, em\u00a0 regime especial,\u00a0mediante conv\u00eanio celebrado com a <\/span><b style=\"font-family: Arial, Roboto, sans-serif;\">Secretaria\u00a0de Estado de Ci\u00eancia, Tecnologia e Educa\u00e7\u00e3o Profissional e Tecnol\u00f3gica (SECTET)<\/b><span style=\"font-size: 11pt;\">.<br \/>O referido curso ser\u00e1 ofertado pela Universidade Federal do Oeste do Par\u00e1\u00a0(UFOPA), mediante as condi\u00e7\u00f5es estabelecidas neste edital.\u00a0<\/span><\/p><p><strong style=\"font-family: Arial, Roboto, sans-serif; font-size: 14px;\">Vagas &#8211; 40<\/strong><\/p><p><span style=\"color: #000000;\"><strong>Cursos \/ local da oferta<\/strong> &#8211;\u00a0<\/span><span style=\"font-size: 14px;\">Bacharelado em Gest\u00e3o Publica e Desenvolvimento\u00a0 Regional (Alenquer)<\/span><\/p><p><span style=\"color: #000000;\"><strong>Requisitos &#8211;\u00a0<\/strong><\/span><span style=\"font-size: 14px; font-style: normal; font-variant-ligatures: normal; font-variant-caps: normal; font-weight: 400;\">Ensino M\u00e9dio completo ou equivalente.<\/span><\/p><p><span style=\"color: #000000;\"><strong>Taxa de inscri\u00e7\u00e3o &#8211;\u00a0<\/strong><\/span><span style=\"font-size: 14px; font-style: normal; font-variant-ligatures: normal; font-variant-caps: normal; font-weight: 600; text-align: justify;\">R$ 80,00\u00a0<\/span><span style=\"font-style: normal; font-variant-ligatures: normal; font-variant-caps: normal; font-weight: 400; font-family: Arial, sans-serif; font-size: 12pt; text-align: justify;\">(oitenta reais)<\/span><span style=\"font-size: 14px; font-style: normal; font-variant-ligatures: normal; font-variant-caps: normal; font-weight: 600; text-align: justify;\">\u00a0<\/span><\/p><p><span style=\"color: #000000;\">&#8230;&#8230;&#8230;&#8230;&#8230;&#8230;&#8230;&#8230;&#8230;&#8230;..<\/span><\/p><p><span style=\"color: #000000;\"><strong>Datas importantes<\/strong>:<\/span><\/p><p><span style=\"color: #000000;\"><strong>Per\u00edodo de Inscri\u00e7\u00e3o<\/strong>\u00a0<strong>&#8211; <\/strong><\/span><span style=\"font-size: 16px; text-align: justify;\">At\u00e9 24\/11\/2021<\/span><\/p><p><span style=\"color: #000000;\"><strong>Solicita\u00e7\u00e3o de atendimento especial &#8211;\u00a0<\/strong><\/span><span style=\"font-size: 16px; font-style: normal; font-variant-ligatures: normal; font-variant-caps: normal; font-weight: 400;\">Encerrado<\/span><\/p><p><span style=\"color: #000000;\"><strong>Solicita\u00e7\u00e3o de isen\u00e7\u00e3o de taxa para pessoa de baixa renda &#8211;<\/strong>\u00a0<\/span><span style=\"font-size: 16px; font-style: normal; font-variant-ligatures: normal; font-variant-caps: normal; font-weight: 400; text-align: justify;\">Encerrado<\/span><\/p><p><span style=\"color: #000000;\"><strong>Resultado preliminar da isen\u00e7\u00e3o de taxa para pessoa de baixa renda<\/strong> <strong>&#8211;\u00a0<\/strong><\/span><span style=\"font-family: Arial, sans-serif; font-size: 16px; font-style: normal; font-variant-ligatures: normal; font-variant-caps: normal; font-weight: 400; text-align: justify;\">08\/11\/2021<\/span><\/p><p><span style=\"color: #000000;\"><strong>Pagamento da taxa de inscri\u00e7\u00e3o<\/strong> <strong>&#8211;<\/strong>\u00a0<\/span><span style=\"font-family: Arial, sans-serif; font-size: 16px; font-style: normal; font-variant-ligatures: normal; font-variant-caps: normal; font-weight: 400; text-align: justify;\">25\/11\/2021<\/span><\/p><p>\u00a0<\/p>\t\t\t\t\t\t\t\t<\/div>\n\t\t\t\t<\/div>\n\t\t\t\t\t<\/div>\n\t\t<\/div>\n\t\t\t\t<div class=\"elementor-column elementor-col-50 elementor-inner-column elementor-element elementor-element-79608089\" data-id=\"79608089\" data-element_type=\"column\">\n\t\t\t<div class=\"elementor-widget-wrap elementor-element-populated\">\n\t\t\t\t\t\t<div class=\"elementor-element elementor-element-519019c1 elementor-widget elementor-widget-text-editor\" data-id=\"519019c1\" data-element_type=\"widget\" data-widget_type=\"text-editor.default\">\n\t\t\t\t<div class=\"elementor-widget-container\">\n\t\t\t\t\t\t\t\t\t<p style=\"text-align: center;\"><span style=\"color: #ffffff;\"><strong>Acompanhe sua Inscri\u00e7\u00e3o<\/strong><\/span><\/p>\t\t\t\t\t\t\t\t<\/div>\n\t\t\t\t<\/div>\n\t\t\t\t<div class=\"elementor-element elementor-element-92f43c8 elementor-widget elementor-widget-text-editor\" data-id=\"92f43c8\" data-element_type=\"widget\" data-widget_type=\"text-editor.default\">\n\t\t\t\t<div class=\"elementor-widget-container\">\n\t\t\t\t\t\t\t\t\t<div class=\"botaoBug\"><a href=\"http:\/\/concursos2.fadesp.org.br\/proselufopa2021\/web\/index_imp.php\"><strong>\u00c1rea do Aluno (Clique Aqui)<\/strong><\/a><\/div>\n<div><\/div>\n<!--<div class=\"botaoBug\"><a href=\"http:\/\/concursos2.fadesp.org.br\/proselufopa2021\/web\/index_recurso.php\"><strong>Recurso On-line (Clique Aqui)<\/strong><\/a><\/div>-->\t\t\t\t\t\t\t\t<\/div>\n\t\t\t\t<\/div>\n\t\t\t\t<div class=\"elementor-element elementor-element-91bcc17 textoInfo elementor-widget elementor-widget-text-editor\" data-id=\"91bcc17\" data-element_type=\"widget\" data-widget_type=\"text-editor.default\">\n\t\t\t\t<div class=\"elementor-widget-container\">\n\t\t\t\t\t\t\t\t\t<p>A FADESP informa que <strong>caso n\u00e3o esteja dispon\u00edvel o cart\u00e3o com local da prova, o candidato dever\u00e1 no dia 05\/12\/2021, \u00e0s 7 horas, se dirigir a unidade de ensino do munic\u00edpio para o qual se inscreveu conforme \u00a0abaixo, munido dos seguintes documentos (original do documento de identidade, boleto e comprovante de pagamento)<\/strong>.<\/p><p>EMEIF PROFA MARIA BARRETO VINHOTE \u2013 RUA JORGE SADALA, S\/N \u2013 BAIRRO INDEPENDENCIA<strong> LOCAL DE PROVA: ALENQUER.<\/strong><\/p><h5>\u00a0<\/h5>\t\t\t\t\t\t\t\t<\/div>\n\t\t\t\t<\/div>\n\t\t\t\t<div class=\"elementor-element elementor-element-b0e133e elementor-widget elementor-widget-text-editor\" data-id=\"b0e133e\" data-element_type=\"widget\" data-widget_type=\"text-editor.default\">\n\t\t\t\t<div class=\"elementor-widget-container\">\n\t\t\t\t\t\t\t\t\t<p style=\"text-align: center;\"><span style=\"color: #ffffff;\"><strong>Editais e Avisos<\/strong><\/span><\/p>\t\t\t\t\t\t\t\t<\/div>\n\t\t\t\t<\/div>\n\t\t\t\t<div class=\"elementor-element elementor-element-a0b7710 elementor-widget elementor-widget-text-editor\" data-id=\"a0b7710\" data-element_type=\"widget\" data-widget_type=\"text-editor.default\">\n\t\t\t\t<div class=\"elementor-widget-container\">\n\t\t\t\t\t\t\t\t\t<p style=\"text-align: center;\"><a href=\"http:\/\/concursos2.fadesp.org.br\/proselufopa2021\/arquivos\/ResultadoDefinitivoUFOPA.pdf\"><strong>Resultado Definitivo do PROSEL 2021<\/strong><\/a><\/p><p style=\"text-align: center;\"><a href=\"http:\/\/concursos2.fadesp.org.br\/proselufopa2021\/arquivos\/ResultadoPreliminarUFOPA.pdf\"><strong>Resultado Preliminar do PROSEL 2021<\/strong><\/a><\/p><p style=\"text-align: center;\"><a href=\"http:\/\/concursos2.fadesp.org.br\/proselufopa2021\/arquivos\/GABARITO_OFICIAL_DEFINITIVO_PROSEL_2021.pdf\"><strong>Gabarito Oficial Definitivo<\/strong><\/a><\/p><p style=\"text-align: center;\"><a href=\"http:\/\/concursos2.fadesp.org.br\/proselufopa2021\/arquivos\/GABARITO_OFICIAL_PRELIMINAR_PROSEL_2021.pdf\"><strong>Gabarito Oficial Preliminar<\/strong><\/a><\/p><p style=\"text-align: center;\"><a href=\"http:\/\/concursos2.fadesp.org.br\/proselufopa2021\/arquivos\/PROVA_PROSEL_2021.pdf\"><strong>Prova<\/strong><\/a><\/p><p style=\"text-align: center;\"><a href=\"http:\/\/concursos2.fadesp.org.br\/proselufopa2021\/arquivos\/ResultadoDefinitivoInscricoes.pdf\"><strong>Resultado Definitivo das Inscri\u00e7\u00f5es<\/strong><\/a><\/p><p style=\"text-align: center;\"><a href=\"http:\/\/concursos2.fadesp.org.br\/proselufopa2021\/arquivos\/RetificacaoResultadoDefinitivoIsencao.pdf\"><strong>Retifica\u00e7\u00e3o do Resultado Definitivo da Solicita\u00e7\u00e3o de Isen\u00e7\u00e3o<\/strong><\/a><\/p><p style=\"text-align: center;\"><a href=\"http:\/\/concursos2.fadesp.org.br\/proselufopa2021\/arquivos\/CRONOGRAMARETIFICADO.pdf\"><strong>Novo Cronograma<\/strong><\/a><\/p><p style=\"text-align: center;\"><a href=\"http:\/\/concursos2.fadesp.org.br\/TutorialinscricaoPROSEL2021.pdf\"><strong>Tutorial de Inscri\u00e7\u00e3o &#8211; PROSEL ESP 2021<\/strong><\/a><\/p><p style=\"text-align: center;\"><a href=\"http:\/\/concursos2.fadesp.org.br\/proselufopa2021\/arquivos\/ResultadoDefinitivoIsencao.pdf\"><strong>Resultado Definitivo da Solicita\u00e7\u00e3o de Isen\u00e7\u00e3o<\/strong><\/a><\/p><p style=\"text-align: center;\"><a href=\"http:\/\/concursos2.fadesp.org.br\/proselufopa2021\/arquivos\/ResultadoPreliminarIsencao.pdf\"><strong>Resultado Preliminar da Solicita\u00e7\u00e3o de Isen\u00e7\u00e3o<\/strong><\/a><\/p><p style=\"text-align: center;\"><a href=\"http:\/\/concursos2.fadesp.org.br\/proselufopa2021\/arquivos\/EditalAberturaRetificadoPROSEL2021.pdf\"><strong>Edital 01 &#8211; Abertura (Retificado)<\/strong><\/a><\/p>\t\t\t\t\t\t\t\t<\/div>\n\t\t\t\t<\/div>\n\t\t\t\t\t<\/div>\n\t\t<\/div>\n\t\t\t\t\t<\/div>\n\t\t<\/section>\n\t\t\t\t\t<\/div>\n\t\t<\/div>\n\t\t\t\t\t<\/div>\n\t\t<\/section>\n\t\t\t\t<\/div>\n\t\t","protected":false},"excerpt":{"rendered":"<p>Processo Seletivo 2021 &#8211; PROSEL ESP UFOPA O Reitor da Universidade Federal do Oeste do Par\u00e1 (UFOPA) torna p\u00fablica a\u00a0realiza\u00e7\u00e3o do Processo Seletivo Especial\u00a02021 (PROSEL ESP UFOPA 2021), destinado a selecionar candidatos para o\u00a0provimento de vagas em curso presencial de gradua\u00e7\u00e3o, em\u00a0 regime especial,\u00a0mediante conv\u00eanio celebrado com a Secretaria\u00a0de Estado de Ci\u00eancia, Tecnologia e Educa\u00e7\u00e3o [&hellip;]<\/p>\n","protected":false},"author":9,"featured_media":0,"parent":329,"menu_order":50,"comment_status":"closed","ping_status":"closed","template":"","meta":{"_monsterinsights_skip_tracking":false,"_monsterinsights_sitenote_active":false,"_monsterinsights_sitenote_note":"","_monsterinsights_sitenote_category":0,"footnotes":""},"class_list":["post-20742","page","type-page","status-publish","hentry","entry"],"yoast_head":"<!-- This site is optimized with the Yoast SEO plugin v25.1 - https:\/\/yoast.com\/wordpress\/plugins\/seo\/ -->\n<title>Processo Seletivo 2021 - PROSEL ESP UFOPA - FADESP<\/title>\n<meta name=\"robots\" content=\"index, follow, max-snippet:-1, max-image-preview:large, max-video-preview:-1\" \/>\n<link rel=\"canonical\" href=\"https:\/\/portalfadesp.org.br\/?page_id=20742\" \/>\n<meta property=\"og:locale\" content=\"pt_BR\" \/>\n<meta property=\"og:type\" content=\"article\" \/>\n<meta property=\"og:title\" content=\"Processo Seletivo 2021 - PROSEL ESP UFOPA - FADESP\" \/>\n<meta property=\"og:description\" content=\"Processo Seletivo 2021 &#8211; PROSEL ESP UFOPA O Reitor da Universidade Federal do Oeste do Par\u00e1 (UFOPA) torna p\u00fablica a\u00a0realiza\u00e7\u00e3o do Processo Seletivo Especial\u00a02021 (PROSEL ESP UFOPA 2021), destinado a selecionar candidatos para o\u00a0provimento de vagas em curso presencial de gradua\u00e7\u00e3o, em\u00a0 regime especial,\u00a0mediante conv\u00eanio celebrado com a Secretaria\u00a0de Estado de Ci\u00eancia, Tecnologia e Educa\u00e7\u00e3o [&hellip;]\" \/>\n<meta property=\"og:url\" content=\"https:\/\/portalfadesp.org.br\/?page_id=20742\" \/>\n<meta property=\"og:site_name\" content=\"FADESP\" \/>\n<meta property=\"article:publisher\" content=\"https:\/\/www.facebook.com\/Fadesp-138351949524662\/\" \/>\n<meta property=\"article:modified_time\" content=\"2022-12-20T13:51:28+00:00\" \/>\n<meta name=\"twitter:card\" content=\"summary_large_image\" \/>\n<meta name=\"twitter:site\" content=\"@Fadesp\" \/>\n<meta name=\"twitter:label1\" content=\"Est. tempo de leitura\" \/>\n\t<meta name=\"twitter:data1\" content=\"2 minutos\" \/>\n<script type=\"application\/ld+json\" class=\"yoast-schema-graph\">{\"@context\":\"https:\/\/schema.org\",\"@graph\":[{\"@type\":\"WebPage\",\"@id\":\"https:\/\/portalfadesp.org.br\/?page_id=20742\",\"url\":\"https:\/\/portalfadesp.org.br\/?page_id=20742\",\"name\":\"Processo Seletivo 2021 - PROSEL ESP UFOPA - FADESP\",\"isPartOf\":{\"@id\":\"https:\/\/portalfadesp.org.br\/#website\"},\"datePublished\":\"2021-10-25T17:23:51+00:00\",\"dateModified\":\"2022-12-20T13:51:28+00:00\",\"breadcrumb\":{\"@id\":\"https:\/\/portalfadesp.org.br\/?page_id=20742#breadcrumb\"},\"inLanguage\":\"pt-BR\",\"potentialAction\":[{\"@type\":\"ReadAction\",\"target\":[\"https:\/\/portalfadesp.org.br\/?page_id=20742\"]}]},{\"@type\":\"BreadcrumbList\",\"@id\":\"https:\/\/portalfadesp.org.br\/?page_id=20742#breadcrumb\",\"itemListElement\":[{\"@type\":\"ListItem\",\"position\":1,\"name\":\"In\u00edcio\",\"item\":\"https:\/\/portalfadesp.org.br\/\"},{\"@type\":\"ListItem\",\"position\":2,\"name\":\"Concursos &#8211; Homologados\",\"item\":\"https:\/\/portalfadesp.org.br\/?page_id=329\"},{\"@type\":\"ListItem\",\"position\":3,\"name\":\"Processo Seletivo 2021 &#8211; PROSEL ESP UFOPA\"}]},{\"@type\":\"WebSite\",\"@id\":\"https:\/\/portalfadesp.org.br\/#website\",\"url\":\"https:\/\/portalfadesp.org.br\/\",\"name\":\"FADESP\",\"description\":\"Funda\u00e7\u00e3o de Amparo e Desenvolvimento da Pesquisa\",\"publisher\":{\"@id\":\"https:\/\/portalfadesp.org.br\/#organization\"},\"potentialAction\":[{\"@type\":\"SearchAction\",\"target\":{\"@type\":\"EntryPoint\",\"urlTemplate\":\"https:\/\/portalfadesp.org.br\/?s={search_term_string}\"},\"query-input\":{\"@type\":\"PropertyValueSpecification\",\"valueRequired\":true,\"valueName\":\"search_term_string\"}}],\"inLanguage\":\"pt-BR\"},{\"@type\":\"Organization\",\"@id\":\"https:\/\/portalfadesp.org.br\/#organization\",\"name\":\"FADESP\",\"url\":\"https:\/\/portalfadesp.org.br\/\",\"logo\":{\"@type\":\"ImageObject\",\"inLanguage\":\"pt-BR\",\"@id\":\"https:\/\/portalfadesp.org.br\/#\/schema\/logo\/image\/\",\"url\":\"https:\/\/portalfadesp.org.br\/wp-content\/uploads\/2024\/01\/NOVOLOGOFADESPlaranjaH.png\",\"contentUrl\":\"https:\/\/portalfadesp.org.br\/wp-content\/uploads\/2024\/01\/NOVOLOGOFADESPlaranjaH.png\",\"width\":2742,\"height\":839,\"caption\":\"FADESP\"},\"image\":{\"@id\":\"https:\/\/portalfadesp.org.br\/#\/schema\/logo\/image\/\"},\"sameAs\":[\"https:\/\/www.facebook.com\/Fadesp-138351949524662\/\",\"https:\/\/x.com\/Fadesp\",\"https:\/\/www.instagram.com\/fadesp_ufpa\/\",\"https:\/\/www.youtube.com\/@fundacaodeamparoedesenvolv1903\",\"https:\/\/www.threads.net\/@fadesp_ufpa\"]}]}<\/script>\n<!-- \/ Yoast SEO plugin. -->","yoast_head_json":{"title":"Processo Seletivo 2021 - PROSEL ESP UFOPA - FADESP","robots":{"index":"index","follow":"follow","max-snippet":"max-snippet:-1","max-image-preview":"max-image-preview:large","max-video-preview":"max-video-preview:-1"},"canonical":"https:\/\/portalfadesp.org.br\/?page_id=20742","og_locale":"pt_BR","og_type":"article","og_title":"Processo Seletivo 2021 - PROSEL ESP UFOPA - FADESP","og_description":"Processo Seletivo 2021 &#8211; PROSEL ESP UFOPA O Reitor da Universidade Federal do Oeste do Par\u00e1 (UFOPA) torna p\u00fablica a\u00a0realiza\u00e7\u00e3o do Processo Seletivo Especial\u00a02021 (PROSEL ESP UFOPA 2021), destinado a selecionar candidatos para o\u00a0provimento de vagas em curso presencial de gradua\u00e7\u00e3o, em\u00a0 regime especial,\u00a0mediante conv\u00eanio celebrado com a Secretaria\u00a0de Estado de Ci\u00eancia, Tecnologia e Educa\u00e7\u00e3o [&hellip;]","og_url":"https:\/\/portalfadesp.org.br\/?page_id=20742","og_site_name":"FADESP","article_publisher":"https:\/\/www.facebook.com\/Fadesp-138351949524662\/","article_modified_time":"2022-12-20T13:51:28+00:00","twitter_card":"summary_large_image","twitter_site":"@Fadesp","twitter_misc":{"Est. tempo de leitura":"2 minutos"},"schema":{"@context":"https:\/\/schema.org","@graph":[{"@type":"WebPage","@id":"https:\/\/portalfadesp.org.br\/?page_id=20742","url":"https:\/\/portalfadesp.org.br\/?page_id=20742","name":"Processo Seletivo 2021 - PROSEL ESP UFOPA - FADESP","isPartOf":{"@id":"https:\/\/portalfadesp.org.br\/#website"},"datePublished":"2021-10-25T17:23:51+00:00","dateModified":"2022-12-20T13:51:28+00:00","breadcrumb":{"@id":"https:\/\/portalfadesp.org.br\/?page_id=20742#breadcrumb"},"inLanguage":"pt-BR","potentialAction":[{"@type":"ReadAction","target":["https:\/\/portalfadesp.org.br\/?page_id=20742"]}]},{"@type":"BreadcrumbList","@id":"https:\/\/portalfadesp.org.br\/?page_id=20742#breadcrumb","itemListElement":[{"@type":"ListItem","position":1,"name":"In\u00edcio","item":"https:\/\/portalfadesp.org.br\/"},{"@type":"ListItem","position":2,"name":"Concursos &#8211; Homologados","item":"https:\/\/portalfadesp.org.br\/?page_id=329"},{"@type":"ListItem","position":3,"name":"Processo Seletivo 2021 &#8211; PROSEL ESP UFOPA"}]},{"@type":"WebSite","@id":"https:\/\/portalfadesp.org.br\/#website","url":"https:\/\/portalfadesp.org.br\/","name":"FADESP","description":"Funda\u00e7\u00e3o de Amparo e Desenvolvimento da Pesquisa","publisher":{"@id":"https:\/\/portalfadesp.org.br\/#organization"},"potentialAction":[{"@type":"SearchAction","target":{"@type":"EntryPoint","urlTemplate":"https:\/\/portalfadesp.org.br\/?s={search_term_string}"},"query-input":{"@type":"PropertyValueSpecification","valueRequired":true,"valueName":"search_term_string"}}],"inLanguage":"pt-BR"},{"@type":"Organization","@id":"https:\/\/portalfadesp.org.br\/#organization","name":"FADESP","url":"https:\/\/portalfadesp.org.br\/","logo":{"@type":"ImageObject","inLanguage":"pt-BR","@id":"https:\/\/portalfadesp.org.br\/#\/schema\/logo\/image\/","url":"https:\/\/portalfadesp.org.br\/wp-content\/uploads\/2024\/01\/NOVOLOGOFADESPlaranjaH.png","contentUrl":"https:\/\/portalfadesp.org.br\/wp-content\/uploads\/2024\/01\/NOVOLOGOFADESPlaranjaH.png","width":2742,"height":839,"caption":"FADESP"},"image":{"@id":"https:\/\/portalfadesp.org.br\/#\/schema\/logo\/image\/"},"sameAs":["https:\/\/www.facebook.com\/Fadesp-138351949524662\/","https:\/\/x.com\/Fadesp","https:\/\/www.instagram.com\/fadesp_ufpa\/","https:\/\/www.youtube.com\/@fundacaodeamparoedesenvolv1903","https:\/\/www.threads.net\/@fadesp_ufpa"]}]}},"_links":{"self":[{"href":"https:\/\/portalfadesp.org.br\/index.php?rest_route=\/wp\/v2\/pages\/20742","targetHints":{"allow":["GET"]}}],"collection":[{"href":"https:\/\/portalfadesp.org.br\/index.php?rest_route=\/wp\/v2\/pages"}],"about":[{"href":"https:\/\/portalfadesp.org.br\/index.php?rest_route=\/wp\/v2\/types\/page"}],"author":[{"embeddable":true,"href":"https:\/\/portalfadesp.org.br\/index.php?rest_route=\/wp\/v2\/users\/9"}],"replies":[{"embeddable":true,"href":"https:\/\/portalfadesp.org.br\/index.php?rest_route=%2Fwp%2Fv2%2Fcomments&post=20742"}],"version-history":[{"count":117,"href":"https:\/\/portalfadesp.org.br\/index.php?rest_route=\/wp\/v2\/pages\/20742\/revisions"}],"predecessor-version":[{"id":36258,"href":"https:\/\/portalfadesp.org.br\/index.php?rest_route=\/wp\/v2\/pages\/20742\/revisions\/36258"}],"up":[{"embeddable":true,"href":"https:\/\/portalfadesp.org.br\/index.php?rest_route=\/wp\/v2\/pages\/329"}],"wp:attachment":[{"href":"https:\/\/portalfadesp.org.br\/index.php?rest_route=%2Fwp%2Fv2%2Fmedia&parent=20742"}],"curies":[{"name":"wp","href":"https:\/\/api.w.org\/{rel}","templated":true}]}}