{"id":20739,"date":"2021-10-25T14:22:36","date_gmt":"2021-10-25T17:22:36","guid":{"rendered":"https:\/\/162.215.13.167?page_id=20739"},"modified":"2022-12-20T10:52:58","modified_gmt":"2022-12-20T13:52:58","slug":"processo-seletivo-2021-prosel-esp-ifpa","status":"publish","type":"page","link":"https:\/\/portalfadesp.org.br\/?page_id=20739","title":{"rendered":"Processo Seletivo 2021 &#8211; PROSEL ESP IFPA"},"content":{"rendered":"\t\t<div data-elementor-type=\"wp-page\" data-elementor-id=\"20739\" class=\"elementor elementor-20739\" data-elementor-post-type=\"page\">\n\t\t\t\t\t\t<section class=\"elementor-section elementor-top-section elementor-element elementor-element-e1804d9 elementor-section-boxed elementor-section-height-default elementor-section-height-default\" data-id=\"e1804d9\" data-element_type=\"section\">\n\t\t\t\t\t\t<div class=\"elementor-container elementor-column-gap-default\">\n\t\t\t\t\t<div class=\"elementor-column elementor-col-100 elementor-top-column elementor-element elementor-element-c64afbd\" data-id=\"c64afbd\" data-element_type=\"column\">\n\t\t\t<div class=\"elementor-widget-wrap elementor-element-populated\">\n\t\t\t\t\t\t<div class=\"elementor-element elementor-element-f66f9da elementor-widget elementor-widget-heading\" data-id=\"f66f9da\" data-element_type=\"widget\" data-widget_type=\"heading.default\">\n\t\t\t\t<div class=\"elementor-widget-container\">\n\t\t\t\t\t<h1 class=\"elementor-heading-title elementor-size-default\">Processo Seletivo 2021 - PROSEL ESP IFPA <\/h1>\t\t\t\t<\/div>\n\t\t\t\t<\/div>\n\t\t\t\t<section class=\"elementor-section elementor-inner-section elementor-element elementor-element-dbb439d elementor-section-boxed elementor-section-height-default elementor-section-height-default\" data-id=\"dbb439d\" data-element_type=\"section\">\n\t\t\t\t\t\t<div class=\"elementor-container elementor-column-gap-default\">\n\t\t\t\t\t<div class=\"elementor-column elementor-col-50 elementor-inner-column elementor-element elementor-element-d7d3a1f\" data-id=\"d7d3a1f\" data-element_type=\"column\">\n\t\t\t<div class=\"elementor-widget-wrap elementor-element-populated\">\n\t\t\t\t\t\t<div class=\"elementor-element elementor-element-cc05b78 elementor-widget elementor-widget-text-editor\" data-id=\"cc05b78\" data-element_type=\"widget\" data-widget_type=\"text-editor.default\">\n\t\t\t\t<div class=\"elementor-widget-container\">\n\t\t\t\t\t\t\t\t\t<p><span style=\"font-family: Arial, sans-serif; font-size: 12pt;\">O Reitor do <\/span><b style=\"font-family: Arial, sans-serif; font-size: 12pt;\">Instituto Federal de\nEduca\u00e7\u00e3o, Ci\u00eancia e Tecnologia do Par\u00e1 (IFPA)<\/b><span style=\"font-family: Arial, sans-serif; font-size: 12pt;\">, designado pelo Decreto\nPresidencial de 31 de julho de 2019, publicado no DOU de 01 de agosto de 2019,\nSe\u00e7\u00e3o 2, p\u00e1gina 1, no uso de suas atribui\u00e7\u00f5es legais e regimentais, por este\nato administrativo, torna p\u00fablica a realiza\u00e7\u00e3o do <\/span><b style=\"font-family: Arial, sans-serif; font-size: 12pt;\">Processo Seletivo Especial 2021 (PROSEL ESP. IFPA 2021)<\/b><span style=\"font-family: Arial, sans-serif; font-size: 12pt;\">, destinado\na selecionar candidatos para o provimento <\/span><b style=\"font-family: Arial, sans-serif; font-size: 12pt;\">300\n(trezentas) de vagas nos cursos superiores de gradua\u00e7\u00e3o<\/b><span style=\"font-family: Arial, sans-serif; font-size: 12pt;\">, na modalidade de\nensino presencial, em regime especial, mediante conv\u00eanio celebrado com a <\/span><b style=\"font-family: Arial, sans-serif; font-size: 12pt;\">Secretaria de Estado de Ci\u00eancia, Tecnologia\ne Educa\u00e7\u00e3o Profissional e Tecnol\u00f3gica (SECTET)<\/b><span style=\"font-family: Arial, sans-serif; font-size: 12pt;\">. Os referidos cursos ser\u00e3o\nofertados pelo IFPA mediante as condi\u00e7\u00f5es estabelecidas neste edital.<\/span>&nbsp;<br><\/p>\n<p><strong>Vagas &#8211;&nbsp; 300&nbsp;<\/strong><\/p>\n<p><strong>Cursos \/ local da oferta &#8211;&nbsp;&nbsp;<\/strong>Engenharia de Pesca (Bonito), Engenharia de Alimentos (Santa Maria), Tecnologia em Gest\u00e3o Ambiental (Bel\u00e9m &#8211; Distrito de Icoaraci), Tecnologia em Agroecologia (Bom Jesus do Tocantins), Tecnologia em Agroecologia (Cachoeira do Arari) e Itaituba Engenharia Agron\u00f4mica (Novo Progresso)<\/p>\n<p><strong>Requisitos &#8211; <\/strong>Ensino M\u00e9dio completo ou equivalente.<\/p>\n<p><strong>Taxa de inscri\u00e7\u00e3o &#8211; R$ 80,00 (oitenta reais)<\/strong><\/p>\n<p><strong>&#8230;&#8230;&#8230;&#8230;&#8230;&#8230;&#8230;&#8230;&#8230;&#8230;..<\/strong><\/p>\n<p><strong>Datas importantes:<\/strong><\/p>\n<p><strong>Per\u00edodo de Inscri\u00e7\u00e3o &#8211; <\/strong>09\/11\/2021 a 24\/11\/2021<\/p>\n<p><strong>Solicita\u00e7\u00e3o de isen\u00e7\u00e3o de taxa para pessoa de baixa renda &#8211;<\/strong> 09\/11\/2021 a 16\/11\/2021<\/p>\n<p><strong>Resultado preliminar da isen\u00e7\u00e3o de taxa para pessoa de baixa renda &#8211; <\/strong>17\/11\/2021<\/p>\n<p><strong>Pagamento da taxa de inscri\u00e7\u00e3o &#8211; 25\/11\/2021<\/strong><\/p>\t\t\t\t\t\t\t\t<\/div>\n\t\t\t\t<\/div>\n\t\t\t\t\t<\/div>\n\t\t<\/div>\n\t\t\t\t<div class=\"elementor-column elementor-col-50 elementor-inner-column elementor-element elementor-element-51ef3c9\" data-id=\"51ef3c9\" data-element_type=\"column\">\n\t\t\t<div class=\"elementor-widget-wrap elementor-element-populated\">\n\t\t\t\t\t\t<div class=\"elementor-element elementor-element-2761924 elementor-widget elementor-widget-text-editor\" data-id=\"2761924\" data-element_type=\"widget\" data-widget_type=\"text-editor.default\">\n\t\t\t\t<div class=\"elementor-widget-container\">\n\t\t\t\t\t\t\t\t\t<p style=\"text-align: center;\"><span style=\"color: #ffffff;\"><strong>Acompanhe sua Inscri\u00e7\u00e3o<\/strong><\/span><\/p>\t\t\t\t\t\t\t\t<\/div>\n\t\t\t\t<\/div>\n\t\t\t\t<div class=\"elementor-element elementor-element-b06f449 elementor-widget elementor-widget-text-editor\" data-id=\"b06f449\" data-element_type=\"widget\" data-widget_type=\"text-editor.default\">\n\t\t\t\t<div class=\"elementor-widget-container\">\n\t\t\t\t\t\t\t\t\t<div class=\"botaoBug\"><strong><a href=\"http:\/\/concursos2.fadesp.org.br\/proselifpa2021\/web\/\">\u00c1rea do Aluno (Clique Aqui)<\/a><\/strong><\/div>\n<!--<div class=\"botaoBug\" style=\"margin-top: 10px;\"><strong><a href=\"http:\/\/concursos2.fadesp.org.br\/proselifpa2021\/web\/index_recurso.php\">Recurso on-line (Clique Aqui)<\/a><\/strong><\/div>-->\t\t\t\t\t\t\t\t<\/div>\n\t\t\t\t<\/div>\n\t\t\t\t<div class=\"elementor-element elementor-element-af84f07 elementor-widget elementor-widget-text-editor\" data-id=\"af84f07\" data-element_type=\"widget\" data-settings=\"{&quot;_animation&quot;:&quot;none&quot;}\" data-widget_type=\"text-editor.default\">\n\t\t\t\t<div class=\"elementor-widget-container\">\n\t\t\t\t\t\t\t\t\t<p>A FADESP informa que <strong>caso n\u00e3o esteja dispon\u00edvel o cart\u00e3o com local da prova, o candidato dever\u00e1 no dia 05\/12\/2021, \u00e0s 7 horas, se dirigir a unidade de ensino do munic\u00edpio para o qual se inscreveu de acordo com a rela\u00e7\u00e3o abaixo, munido dos seguintes documentos (original do documento de identidade, boleto e comprovante de pagamento)<\/strong>.<\/p><p>&nbsp;EEEFM CHARLES ASSAD \u2013 AV. CHARLES ASSAD, 456 \u2013 BAIRRO CENTRO <strong>&#8211; LOCAL DE PROVA: BONITO.<\/strong><\/p>\n<p>EEEFM SEVERIANO BENEDITO DE SOUZA \u2013 AV. BERNARDO SAY\u00c3O, 1236 \u2013 BAIRRO CENTRO &#8211; <strong>LOCAL DE PROVA: SANTA MARIA DO PAR\u00c1.<\/strong><\/p>\n<p>EMEF RAULINDO DE OLIVEIRA PINTO \u2013 RUA 5 DE ABRIL, S\/N \u2013 BAIRRO CENTRO &#8211; <strong>LOCAL DE PROVA: BOM JESUS DO TOCANTINS.<\/strong><\/p>\n<p>EMEF ADALTINO PARAENSE \u2013 AV. CORONEL BENTO MIRANDA, 500 \u2013 BAIRRO PETROPOLIS &#8211; <strong>LOCAL DE PROVA: CACHOEIRA DO ARARI.<\/strong><\/p>\n<p>EMEIF TANCREDO NEVES \u2013 RUA DA PAZ, 146 \u2013 BAIRRO JARDIM PLANALTO &#8211; &#8211; <strong>LOCAL DE PROVA: NOVO PROGRESSO.<\/strong><\/p>\n<p>LICEU ESCOLA MESTRE RAIMUNDO CARDOSO \u2013 TV. DOS ANDRADAS, 886 \u2013 BAIRRO PONTA GROSSA &#8211; <strong>LOCAL DE PROVA: ICOARACI.<\/strong><\/p>\t\t\t\t\t\t\t\t<\/div>\n\t\t\t\t<\/div>\n\t\t\t\t<div class=\"elementor-element elementor-element-e00eda8 elementor-widget elementor-widget-text-editor\" data-id=\"e00eda8\" data-element_type=\"widget\" data-widget_type=\"text-editor.default\">\n\t\t\t\t<div class=\"elementor-widget-container\">\n\t\t\t\t\t\t\t\t\t<p style=\"text-align: center;\"><span style=\"color: #ffffff;\"><strong>Editais e Avisos<\/strong><\/span><\/p>\t\t\t\t\t\t\t\t<\/div>\n\t\t\t\t<\/div>\n\t\t\t\t<div class=\"elementor-element elementor-element-4aa3dad elementor-widget elementor-widget-text-editor\" data-id=\"4aa3dad\" data-element_type=\"widget\" data-widget_type=\"text-editor.default\">\n\t\t\t\t<div class=\"elementor-widget-container\">\n\t\t\t\t\t\t\t\t\t<p style=\"text-align: center;\"><a href=\"http:\/\/concursos2.fadesp.org.br\/proselifpa2021\/arquivos\/ResultadoDefinitivoIFPA.pdf\"><strong>Resultado Definitivo do PROSEL 2021<\/strong><\/a><\/p><p style=\"text-align: center;\"><a href=\"http:\/\/concursos2.fadesp.org.br\/proselifpa2021\/arquivos\/ResultadoPreliminarIFPA.pdf\"><strong>Resultado Preliminar do PROSEL 2021<\/strong><\/a><\/p><p style=\"text-align: center;\"><a href=\"http:\/\/concursos2.fadesp.org.br\/proselifpa2021\/arquivos\/GABARITO_OFICIAL_DEFINITIVO_PROSEL_2021.pdf\"><strong>Gabarito Oficial Definitivo<\/strong><\/a><\/p><p style=\"text-align: center;\"><a href=\"http:\/\/concursos2.fadesp.org.br\/proselifpa2021\/arquivos\/GABARITO_OFICIAL_PRELIMINAR_PROSEL_2021.pdf\"><strong>Gabarito Oficial Preliminar<\/strong><\/a><\/p><p style=\"text-align: center;\"><a href=\"http:\/\/concursos2.fadesp.org.br\/proselifpa2021\/arquivos\/PROVA_PROSEL_2021.pdf\"><strong>Prova<\/strong><\/a><\/p><p style=\"text-align: center;\"><a href=\"http:\/\/concursos2.fadesp.org.br\/proselifpa2021\/arquivos\/ResultadoDefinitivoInscricoes.pdf\"><strong>Resultado Definitivo das Inscri\u00e7\u00f5es<\/strong><\/a><\/p><p style=\"text-align: center;\"><a href=\"http:\/\/concursos2.fadesp.org.br\/proselifpa2021\/arquivos\/ResultadoDefinitivoHipossuficiencia.pdf\"><strong>Resultado Definitivo da Solicita\u00e7\u00e3o de Isen\u00e7\u00e3o por Hipossufici\u00eancia Financeira<\/strong><\/a><\/p><p style=\"text-align: center;\"><a href=\"http:\/\/concursos2.fadesp.org.br\/TutorialinscricaoPROSEL2021.pdf\"><strong>Tutorial de Inscri\u00e7\u00e3o &#8211; PROSEL ESP 2021<\/strong><\/a><\/p><p style=\"text-align: center;\"><a href=\"http:\/\/concursos2.fadesp.org.br\/proselifpa2021\/arquivos\/ResultadoIsencaoPcD.pdf\"><strong>Resultado Preliminar da Solicita\u00e7\u00e3o de Isen\u00e7\u00e3o para PcD e Atendimento Especial<\/strong><\/a><\/p><p style=\"text-align: center;\"><a href=\"http:\/\/concursos2.fadesp.org.br\/proselifpa2021\/arquivos\/ResultadoIsencaoHipossuficiencia.pdf\"><strong>Resultado Preliminar da Solicita\u00e7\u00e3o de Isen\u00e7\u00e3o por Hipossufici\u00eancia Financeira<\/strong><\/a><\/p><p style=\"text-align: center;\"><a href=\"http:\/\/concursos2.fadesp.org.br\/proselifpa2021\/arquivos\/Edital_PROSEL2021_IFPA.pdf\"><strong>Edital 01 &#8211; Abertura<\/strong><\/a><\/p><p style=\"text-align: center;\"><a href=\"http:\/\/concursos2.fadesp.org.br\/proselifpa2021\/arquivos\/COMUNICADOPROSEL.pdf\"><strong>COMUNICADO PROSEL 2021<\/strong><\/a><\/p>\t\t\t\t\t\t\t\t<\/div>\n\t\t\t\t<\/div>\n\t\t\t\t\t<\/div>\n\t\t<\/div>\n\t\t\t\t\t<\/div>\n\t\t<\/section>\n\t\t\t\t\t<\/div>\n\t\t<\/div>\n\t\t\t\t\t<\/div>\n\t\t<\/section>\n\t\t\t\t<\/div>\n\t\t","protected":false},"excerpt":{"rendered":"<p>Processo Seletivo 2021 &#8211; PROSEL ESP IFPA O Reitor do Instituto Federal de Educa\u00e7\u00e3o, Ci\u00eancia e Tecnologia do Par\u00e1 (IFPA), designado pelo Decreto Presidencial de 31 de julho de 2019, publicado no DOU de 01 de agosto de 2019, Se\u00e7\u00e3o 2, p\u00e1gina 1, no uso de suas atribui\u00e7\u00f5es legais e regimentais, por este ato administrativo, [&hellip;]<\/p>\n","protected":false},"author":9,"featured_media":0,"parent":329,"menu_order":0,"comment_status":"closed","ping_status":"closed","template":"","meta":{"_monsterinsights_skip_tracking":false,"_monsterinsights_sitenote_active":false,"_monsterinsights_sitenote_note":"","_monsterinsights_sitenote_category":0,"footnotes":""},"class_list":["post-20739","page","type-page","status-publish","hentry","entry"],"yoast_head":"<!-- This site is optimized with the Yoast SEO plugin v25.1 - https:\/\/yoast.com\/wordpress\/plugins\/seo\/ -->\n<title>Processo Seletivo 2021 - PROSEL ESP IFPA - FADESP<\/title>\n<meta name=\"robots\" content=\"index, follow, max-snippet:-1, max-image-preview:large, max-video-preview:-1\" \/>\n<link rel=\"canonical\" href=\"https:\/\/portalfadesp.org.br\/?page_id=20739\" \/>\n<meta property=\"og:locale\" content=\"pt_BR\" \/>\n<meta property=\"og:type\" content=\"article\" \/>\n<meta property=\"og:title\" content=\"Processo Seletivo 2021 - PROSEL ESP IFPA - FADESP\" \/>\n<meta property=\"og:description\" content=\"Processo Seletivo 2021 &#8211; PROSEL ESP IFPA O Reitor do Instituto Federal de Educa\u00e7\u00e3o, Ci\u00eancia e Tecnologia do Par\u00e1 (IFPA), designado pelo Decreto Presidencial de 31 de julho de 2019, publicado no DOU de 01 de agosto de 2019, Se\u00e7\u00e3o 2, p\u00e1gina 1, no uso de suas atribui\u00e7\u00f5es legais e regimentais, por este ato administrativo, [&hellip;]\" \/>\n<meta property=\"og:url\" content=\"https:\/\/portalfadesp.org.br\/?page_id=20739\" \/>\n<meta property=\"og:site_name\" content=\"FADESP\" \/>\n<meta property=\"article:publisher\" content=\"https:\/\/www.facebook.com\/Fadesp-138351949524662\/\" \/>\n<meta property=\"article:modified_time\" content=\"2022-12-20T13:52:58+00:00\" \/>\n<meta name=\"twitter:card\" content=\"summary_large_image\" \/>\n<meta name=\"twitter:site\" content=\"@Fadesp\" \/>\n<meta name=\"twitter:label1\" content=\"Est. tempo de leitura\" \/>\n\t<meta name=\"twitter:data1\" content=\"2 minutos\" \/>\n<script type=\"application\/ld+json\" class=\"yoast-schema-graph\">{\"@context\":\"https:\/\/schema.org\",\"@graph\":[{\"@type\":\"WebPage\",\"@id\":\"https:\/\/portalfadesp.org.br\/?page_id=20739\",\"url\":\"https:\/\/portalfadesp.org.br\/?page_id=20739\",\"name\":\"Processo Seletivo 2021 - PROSEL ESP IFPA - FADESP\",\"isPartOf\":{\"@id\":\"https:\/\/portalfadesp.org.br\/#website\"},\"datePublished\":\"2021-10-25T17:22:36+00:00\",\"dateModified\":\"2022-12-20T13:52:58+00:00\",\"breadcrumb\":{\"@id\":\"https:\/\/portalfadesp.org.br\/?page_id=20739#breadcrumb\"},\"inLanguage\":\"pt-BR\",\"potentialAction\":[{\"@type\":\"ReadAction\",\"target\":[\"https:\/\/portalfadesp.org.br\/?page_id=20739\"]}]},{\"@type\":\"BreadcrumbList\",\"@id\":\"https:\/\/portalfadesp.org.br\/?page_id=20739#breadcrumb\",\"itemListElement\":[{\"@type\":\"ListItem\",\"position\":1,\"name\":\"In\u00edcio\",\"item\":\"https:\/\/portalfadesp.org.br\/\"},{\"@type\":\"ListItem\",\"position\":2,\"name\":\"Concursos &#8211; Homologados\",\"item\":\"https:\/\/portalfadesp.org.br\/?page_id=329\"},{\"@type\":\"ListItem\",\"position\":3,\"name\":\"Processo Seletivo 2021 &#8211; PROSEL ESP IFPA\"}]},{\"@type\":\"WebSite\",\"@id\":\"https:\/\/portalfadesp.org.br\/#website\",\"url\":\"https:\/\/portalfadesp.org.br\/\",\"name\":\"FADESP\",\"description\":\"Funda\u00e7\u00e3o de Amparo e Desenvolvimento da Pesquisa\",\"publisher\":{\"@id\":\"https:\/\/portalfadesp.org.br\/#organization\"},\"potentialAction\":[{\"@type\":\"SearchAction\",\"target\":{\"@type\":\"EntryPoint\",\"urlTemplate\":\"https:\/\/portalfadesp.org.br\/?s={search_term_string}\"},\"query-input\":{\"@type\":\"PropertyValueSpecification\",\"valueRequired\":true,\"valueName\":\"search_term_string\"}}],\"inLanguage\":\"pt-BR\"},{\"@type\":\"Organization\",\"@id\":\"https:\/\/portalfadesp.org.br\/#organization\",\"name\":\"FADESP\",\"url\":\"https:\/\/portalfadesp.org.br\/\",\"logo\":{\"@type\":\"ImageObject\",\"inLanguage\":\"pt-BR\",\"@id\":\"https:\/\/portalfadesp.org.br\/#\/schema\/logo\/image\/\",\"url\":\"https:\/\/portalfadesp.org.br\/wp-content\/uploads\/2024\/01\/NOVOLOGOFADESPlaranjaH.png\",\"contentUrl\":\"https:\/\/portalfadesp.org.br\/wp-content\/uploads\/2024\/01\/NOVOLOGOFADESPlaranjaH.png\",\"width\":2742,\"height\":839,\"caption\":\"FADESP\"},\"image\":{\"@id\":\"https:\/\/portalfadesp.org.br\/#\/schema\/logo\/image\/\"},\"sameAs\":[\"https:\/\/www.facebook.com\/Fadesp-138351949524662\/\",\"https:\/\/x.com\/Fadesp\",\"https:\/\/www.instagram.com\/fadesp_ufpa\/\",\"https:\/\/www.youtube.com\/@fundacaodeamparoedesenvolv1903\",\"https:\/\/www.threads.net\/@fadesp_ufpa\"]}]}<\/script>\n<!-- \/ Yoast SEO plugin. -->","yoast_head_json":{"title":"Processo Seletivo 2021 - PROSEL ESP IFPA - FADESP","robots":{"index":"index","follow":"follow","max-snippet":"max-snippet:-1","max-image-preview":"max-image-preview:large","max-video-preview":"max-video-preview:-1"},"canonical":"https:\/\/portalfadesp.org.br\/?page_id=20739","og_locale":"pt_BR","og_type":"article","og_title":"Processo Seletivo 2021 - PROSEL ESP IFPA - FADESP","og_description":"Processo Seletivo 2021 &#8211; PROSEL ESP IFPA O Reitor do Instituto Federal de Educa\u00e7\u00e3o, Ci\u00eancia e Tecnologia do Par\u00e1 (IFPA), designado pelo Decreto Presidencial de 31 de julho de 2019, publicado no DOU de 01 de agosto de 2019, Se\u00e7\u00e3o 2, p\u00e1gina 1, no uso de suas atribui\u00e7\u00f5es legais e regimentais, por este ato administrativo, [&hellip;]","og_url":"https:\/\/portalfadesp.org.br\/?page_id=20739","og_site_name":"FADESP","article_publisher":"https:\/\/www.facebook.com\/Fadesp-138351949524662\/","article_modified_time":"2022-12-20T13:52:58+00:00","twitter_card":"summary_large_image","twitter_site":"@Fadesp","twitter_misc":{"Est. tempo de leitura":"2 minutos"},"schema":{"@context":"https:\/\/schema.org","@graph":[{"@type":"WebPage","@id":"https:\/\/portalfadesp.org.br\/?page_id=20739","url":"https:\/\/portalfadesp.org.br\/?page_id=20739","name":"Processo Seletivo 2021 - PROSEL ESP IFPA - FADESP","isPartOf":{"@id":"https:\/\/portalfadesp.org.br\/#website"},"datePublished":"2021-10-25T17:22:36+00:00","dateModified":"2022-12-20T13:52:58+00:00","breadcrumb":{"@id":"https:\/\/portalfadesp.org.br\/?page_id=20739#breadcrumb"},"inLanguage":"pt-BR","potentialAction":[{"@type":"ReadAction","target":["https:\/\/portalfadesp.org.br\/?page_id=20739"]}]},{"@type":"BreadcrumbList","@id":"https:\/\/portalfadesp.org.br\/?page_id=20739#breadcrumb","itemListElement":[{"@type":"ListItem","position":1,"name":"In\u00edcio","item":"https:\/\/portalfadesp.org.br\/"},{"@type":"ListItem","position":2,"name":"Concursos &#8211; Homologados","item":"https:\/\/portalfadesp.org.br\/?page_id=329"},{"@type":"ListItem","position":3,"name":"Processo Seletivo 2021 &#8211; PROSEL ESP IFPA"}]},{"@type":"WebSite","@id":"https:\/\/portalfadesp.org.br\/#website","url":"https:\/\/portalfadesp.org.br\/","name":"FADESP","description":"Funda\u00e7\u00e3o de Amparo e Desenvolvimento da Pesquisa","publisher":{"@id":"https:\/\/portalfadesp.org.br\/#organization"},"potentialAction":[{"@type":"SearchAction","target":{"@type":"EntryPoint","urlTemplate":"https:\/\/portalfadesp.org.br\/?s={search_term_string}"},"query-input":{"@type":"PropertyValueSpecification","valueRequired":true,"valueName":"search_term_string"}}],"inLanguage":"pt-BR"},{"@type":"Organization","@id":"https:\/\/portalfadesp.org.br\/#organization","name":"FADESP","url":"https:\/\/portalfadesp.org.br\/","logo":{"@type":"ImageObject","inLanguage":"pt-BR","@id":"https:\/\/portalfadesp.org.br\/#\/schema\/logo\/image\/","url":"https:\/\/portalfadesp.org.br\/wp-content\/uploads\/2024\/01\/NOVOLOGOFADESPlaranjaH.png","contentUrl":"https:\/\/portalfadesp.org.br\/wp-content\/uploads\/2024\/01\/NOVOLOGOFADESPlaranjaH.png","width":2742,"height":839,"caption":"FADESP"},"image":{"@id":"https:\/\/portalfadesp.org.br\/#\/schema\/logo\/image\/"},"sameAs":["https:\/\/www.facebook.com\/Fadesp-138351949524662\/","https:\/\/x.com\/Fadesp","https:\/\/www.instagram.com\/fadesp_ufpa\/","https:\/\/www.youtube.com\/@fundacaodeamparoedesenvolv1903","https:\/\/www.threads.net\/@fadesp_ufpa"]}]}},"_links":{"self":[{"href":"https:\/\/portalfadesp.org.br\/index.php?rest_route=\/wp\/v2\/pages\/20739","targetHints":{"allow":["GET"]}}],"collection":[{"href":"https:\/\/portalfadesp.org.br\/index.php?rest_route=\/wp\/v2\/pages"}],"about":[{"href":"https:\/\/portalfadesp.org.br\/index.php?rest_route=\/wp\/v2\/types\/page"}],"author":[{"embeddable":true,"href":"https:\/\/portalfadesp.org.br\/index.php?rest_route=\/wp\/v2\/users\/9"}],"replies":[{"embeddable":true,"href":"https:\/\/portalfadesp.org.br\/index.php?rest_route=%2Fwp%2Fv2%2Fcomments&post=20739"}],"version-history":[{"count":90,"href":"https:\/\/portalfadesp.org.br\/index.php?rest_route=\/wp\/v2\/pages\/20739\/revisions"}],"predecessor-version":[{"id":36267,"href":"https:\/\/portalfadesp.org.br\/index.php?rest_route=\/wp\/v2\/pages\/20739\/revisions\/36267"}],"up":[{"embeddable":true,"href":"https:\/\/portalfadesp.org.br\/index.php?rest_route=\/wp\/v2\/pages\/329"}],"wp:attachment":[{"href":"https:\/\/portalfadesp.org.br\/index.php?rest_route=%2Fwp%2Fv2%2Fmedia&parent=20739"}],"curies":[{"name":"wp","href":"https:\/\/api.w.org\/{rel}","templated":true}]}}