{"id":20738,"date":"2021-10-25T14:22:10","date_gmt":"2021-10-25T17:22:10","guid":{"rendered":"https:\/\/162.215.13.167?page_id=20738"},"modified":"2022-12-21T13:31:26","modified_gmt":"2022-12-21T16:31:26","slug":"processo-seletivo-2021-prosel-esp-ufra","status":"publish","type":"page","link":"https:\/\/portalfadesp.org.br\/?page_id=20738","title":{"rendered":"Processo Seletivo 2021 &#8211; PROSEL ESP UFRA"},"content":{"rendered":"\t\t<div data-elementor-type=\"wp-page\" data-elementor-id=\"20738\" class=\"elementor elementor-20738\" data-elementor-post-type=\"page\">\n\t\t\t\t\t\t<section class=\"elementor-section elementor-top-section elementor-element elementor-element-7759e82 elementor-section-boxed elementor-section-height-default elementor-section-height-default\" data-id=\"7759e82\" data-element_type=\"section\">\n\t\t\t\t\t\t<div class=\"elementor-container elementor-column-gap-default\">\n\t\t\t\t\t<div class=\"elementor-column elementor-col-100 elementor-top-column elementor-element elementor-element-288dbe9\" data-id=\"288dbe9\" data-element_type=\"column\">\n\t\t\t<div class=\"elementor-widget-wrap elementor-element-populated\">\n\t\t\t\t\t\t<div class=\"elementor-element elementor-element-1ce31c8 elementor-widget elementor-widget-heading\" data-id=\"1ce31c8\" data-element_type=\"widget\" data-widget_type=\"heading.default\">\n\t\t\t\t<div class=\"elementor-widget-container\">\n\t\t\t\t\t<h1 class=\"elementor-heading-title elementor-size-default\">Processo Seletivo 2021 - PROSEL ESP UFRA<\/h1>\t\t\t\t<\/div>\n\t\t\t\t<\/div>\n\t\t\t\t<section class=\"elementor-section elementor-inner-section elementor-element elementor-element-5ba10ed elementor-section-boxed elementor-section-height-default elementor-section-height-default\" data-id=\"5ba10ed\" data-element_type=\"section\">\n\t\t\t\t\t\t<div class=\"elementor-container elementor-column-gap-default\">\n\t\t\t\t\t<div class=\"elementor-column elementor-col-50 elementor-inner-column elementor-element elementor-element-0b38389\" data-id=\"0b38389\" data-element_type=\"column\">\n\t\t\t<div class=\"elementor-widget-wrap elementor-element-populated\">\n\t\t\t\t\t\t<div class=\"elementor-element elementor-element-390424d elementor-widget elementor-widget-text-editor\" data-id=\"390424d\" data-element_type=\"widget\" data-widget_type=\"text-editor.default\">\n\t\t\t\t<div class=\"elementor-widget-container\">\n\t\t\t\t\t\t\t\t\t<p style=\"line-height: 150%; margin: 11.55pt 2.85pt .0001pt 0cm;\"><span style=\"font-size: 11.0pt; line-height: 150%; mso-ansi-language: PT-BR;\">A<\/span><span lang=\"PT\" style=\"font-size: 11.0pt; line-height: 150%;\"> Reitor<\/span><span style=\"font-size: 11.0pt; line-height: 150%; mso-ansi-language: PT-BR;\">a<\/span><span lang=\"PT\" style=\"font-size: 11.0pt; line-height: 150%;\"> da <b>Universidade Federal Rural da Amaz\u00f4nia&nbsp;(UFRA)<\/b> torna p\u00fablica a realiza\u00e7\u00e3o do <b>Processo Seletivo Especial 2021 (PROSEL ESP UFRA 2021)<\/b>, destinado a&nbsp;selecionar candidatos para o provimento de vagas nos cursos presenciais de gradua\u00e7\u00e3o, em regime especial, mediante conv\u00eanio celebrado com a <b>Secretaria de Estado de Ci\u00eancia, Tecnologia&nbsp;e Educa\u00e7\u00e3o Profissional e Tecnol\u00f3gica (SECTET)<\/b>. Os referidos cursos ser\u00e3o&nbsp;ofertados pela Universidade Federal Rural da Amaz\u00f4nia (UFRA), mediante as&nbsp;condi\u00e7\u00f5es estabelecidas neste edital.<\/span><\/p>\n<p style=\"line-height: 150%; margin: 11.55pt 2.85pt .0001pt 0cm;\"><span lang=\"PT\" style=\"font-size: 11.0pt; line-height: 150%;\">&nbsp;<\/span><\/p>\n<p><strong>Vagas &#8211; 150<\/strong><\/p>\n<p><strong>Cursos \/ local da oferta &#8211;&nbsp;<\/strong>Sistemas de Informa\u00e7\u00e3o (Icoaraci), Ci\u00eancias Cont\u00e1beis (Salvaterra) e Licenciatura em Letras &#8211; L\u00edngua Portuguesa (Santa Cruz do Arari)<\/p>\n<p><strong>Requisitos &#8211;&nbsp;<\/strong><span style=\"font-size: 14px; font-style: normal; font-variant-ligatures: normal; font-variant-caps: normal; font-weight: 400; text-align: start;\">Ensino M\u00e9dio completo ou equivalente.<\/span><\/p>\n<p><strong>Taxa de inscri\u00e7\u00e3o &#8211; R$ 80,00&nbsp;<\/strong><span style=\"font-family: Arial, sans-serif; font-size: 12pt;\">(oitenta reais)<\/span><strong style=\"font-family: Arial, Roboto, sans-serif; font-size: 14px;\">&nbsp;&nbsp;<\/strong><\/p>\n<p><strong>&#8230;&#8230;&#8230;&#8230;&#8230;&#8230;&#8230;&#8230;&#8230;&#8230;..<\/strong><\/p>\n<p><strong>Datas importantes:<\/strong><\/p>\n<p><strong>Per\u00edodo de Inscri\u00e7\u00e3o &#8211;&nbsp;<\/strong><span style=\"font-size: 16px; font-style: normal; font-variant-ligatures: normal; font-variant-caps: normal; font-weight: 400;\">At\u00e9 24\/11\/2021<\/span><\/p>\n<p><strong>Solicita\u00e7\u00e3o de atendimento especial &#8211;&nbsp;&nbsp;<\/strong><span style=\"font-size: 16px; font-style: normal; font-variant-ligatures: normal; font-variant-caps: normal; font-weight: 400;\">Encerrado<\/span><\/p>\n<p><strong>Solicita\u00e7\u00e3o de isen\u00e7\u00e3o de taxa para pessoa de baixa renda &#8211;&nbsp;<\/strong><span style=\"font-size: 16px; font-style: normal; font-variant-ligatures: normal; font-variant-caps: normal; font-weight: 400;\">Encerrado<\/span><\/p>\n<p><strong>Resultado preliminar da isen\u00e7\u00e3o de taxa para pessoa de baixa renda &#8211;&nbsp;<\/strong><span style=\"font-family: Arial, sans-serif; font-size: 12pt;\">08\/11\/2021<\/span><\/p>\n<p><strong>Pagamento da taxa de inscri\u00e7\u00e3o &#8211;&nbsp;<\/strong><span style=\"font-family: Arial, sans-serif; font-size: 12pt;\">25\/11\/2021<\/span><\/p>\t\t\t\t\t\t\t\t<\/div>\n\t\t\t\t<\/div>\n\t\t\t\t\t<\/div>\n\t\t<\/div>\n\t\t\t\t<div class=\"elementor-column elementor-col-50 elementor-inner-column elementor-element elementor-element-7503a48\" data-id=\"7503a48\" data-element_type=\"column\">\n\t\t\t<div class=\"elementor-widget-wrap elementor-element-populated\">\n\t\t\t\t\t\t<div class=\"elementor-element elementor-element-d825992 elementor-widget elementor-widget-text-editor\" data-id=\"d825992\" data-element_type=\"widget\" data-widget_type=\"text-editor.default\">\n\t\t\t\t<div class=\"elementor-widget-container\">\n\t\t\t\t\t\t\t\t\t<span style=\"color: #ffffff;\"><strong>Acompanhe sua Inscri\u00e7\u00e3o<\/strong><\/span>\n\n\t\t\t\t\t\t\t\t<\/div>\n\t\t\t\t<\/div>\n\t\t\t\t<div class=\"elementor-element elementor-element-e3a6991 elementor-widget elementor-widget-text-editor\" data-id=\"e3a6991\" data-element_type=\"widget\" data-widget_type=\"text-editor.default\">\n\t\t\t\t<div class=\"elementor-widget-container\">\n\t\t\t\t\t\t\t\t\t<div class=\"botaoBug\"><a href=\"http:\/\/concursos2.fadesp.org.br\/proselufra2021\/web\/\"><strong>\u00c1rea do Aluno (Clique Aqui)<\/strong><\/a><\/div>\n<div><\/div>\n<!--<div class=\"botaoBug\"><a href=\"http:\/\/concursos2.fadesp.org.br\/proselufra2021\/web\/index_recurso.php\"><strong>Recurso On-line (Clique Aqui)<\/strong><\/a><\/div>-->\t\t\t\t\t\t\t\t<\/div>\n\t\t\t\t<\/div>\n\t\t\t\t<div class=\"elementor-element elementor-element-5279c87 textoInfo elementor-widget elementor-widget-text-editor\" data-id=\"5279c87\" data-element_type=\"widget\" data-widget_type=\"text-editor.default\">\n\t\t\t\t<div class=\"elementor-widget-container\">\n\t\t\t\t\t\t\t\t\t<p>A FADESP informa que <strong>caso n\u00e3o esteja dispon\u00edvel o cart\u00e3o com local da prova, o candidato dever\u00e1 no dia 05\/12\/2021, \u00e0s 7 horas, se dirigir a unidade de ensino do munic\u00edpio para o qual se inscreveu de acordo com a rela\u00e7\u00e3o abaixo, munido dos seguintes documentos (original do documento de identidade, boleto e comprovante de pagamento)<\/strong>.<\/p><p>EEEM SALOMAO MATOS \u2013 PA 154, RUA CEARENSE, S\/N \u2013 BAIRRO CAJU \u2013 <strong>LOCAL DE PROVA: SALVATERRA.<\/strong><\/p><p>EMEF PROFA MARIA EDITE DA SILVA \u2013 RUA BOA VISTA, S\/N \u2013 BAIRRO BOA VISTA \u2013 <strong>LOCAL DE PROVA: SANTA CRUZ DO ARARI.<\/strong><\/p><p>LICEU ESCOLA MESTRE RAIMUNDO CARDOSO \u2013 TV. DOS ANDRADAS, 886 \u2013 BAIRRO PONTA GROSSA \u2013 <strong>LOCAL DE PROVA: ICOARACI.<\/strong><\/p>\t\t\t\t\t\t\t\t<\/div>\n\t\t\t\t<\/div>\n\t\t\t\t<div class=\"elementor-element elementor-element-81ea865 elementor-widget elementor-widget-text-editor\" data-id=\"81ea865\" data-element_type=\"widget\" data-widget_type=\"text-editor.default\">\n\t\t\t\t<div class=\"elementor-widget-container\">\n\t\t\t\t\t\t\t\t\t<p style=\"text-align: center;\"><span style=\"color: #ffffff;\"><strong>Editais e Avisos<\/strong><\/span><\/p>\t\t\t\t\t\t\t\t<\/div>\n\t\t\t\t<\/div>\n\t\t\t\t<div class=\"elementor-element elementor-element-bc8ee80 elementor-widget elementor-widget-text-editor\" data-id=\"bc8ee80\" data-element_type=\"widget\" data-widget_type=\"text-editor.default\">\n\t\t\t\t<div class=\"elementor-widget-container\">\n\t\t\t\t\t\t\t\t\t<p style=\"text-align: center;\"><a href=\"https:\/\/proen.ufra.edu.br\/index.php?option=com_content&amp;view=article&amp;id=269&amp;catid=2&amp;Itemid=489\"><strong>HABILITA\u00c7\u00c3O DE MATR\u00cdCULA<\/strong><\/a><\/p><p style=\"text-align: center;\"><a href=\"http:\/\/concursos2.fadesp.org.br\/proselufra2021\/arquivos\/ResultadoDefinitivoUFRA.pdf\"><strong>Resultado Definitivo do PROSEL 2021<\/strong><\/a><\/p><p style=\"text-align: center;\"><a href=\"http:\/\/concursos2.fadesp.org.br\/proselufra2021\/arquivos\/ResultadoPreliminarUFRA.pdf\"><strong>Resultado Preliminar do PROSEL 2021<\/strong><\/a><\/p><p style=\"text-align: center;\"><a href=\"http:\/\/concursos2.fadesp.org.br\/proselufra2021\/arquivos\/GABARITO_OFICIAL_DEFINITIVO_PROSEL_2021.pdf\"><strong>Gabarito Oficial Definitivo<\/strong><\/a><\/p><p style=\"text-align: center;\"><a href=\"http:\/\/concursos2.fadesp.org.br\/proselufra2021\/arquivos\/GABARITO_OFICIAL_PRELIMINAR_PROSEL_2021.pdf\"><strong>Gabarito Oficial Preliminar<\/strong><\/a><\/p><p style=\"text-align: center;\"><a href=\"http:\/\/concursos2.fadesp.org.br\/proselufra2021\/arquivos\/PROVA_PROSEL_2021.pdf\"><strong>Prova<\/strong><\/a><\/p><p style=\"text-align: center;\"><a href=\"http:\/\/concursos2.fadesp.org.br\/proselufra2021\/arquivos\/ResultadoDefinitivoInscricoes.pdf\"><strong>Resultado Definitivo das Inscri\u00e7\u00f5es<\/strong><\/a><\/p><p style=\"text-align: center;\"><a href=\"http:\/\/concursos2.fadesp.org.br\/proselufra2021\/arquivos\/RetificacaoResultadoDefinitivoIsencao.pdf\"><strong>Retifica\u00e7\u00e3o do Resultado Definitivo da Solicita\u00e7\u00e3o de Isen\u00e7\u00e3o por Hipossufici\u00eancia Financeira<\/strong><\/a><\/p><p style=\"text-align: center;\"><a href=\"http:\/\/concursos2.fadesp.org.br\/proselufra2021\/arquivos\/CRONOGRAMARETIFICADO.pdf\"><strong>Novo Cronograma<\/strong><\/a><\/p><p style=\"text-align: center;\"><a href=\"http:\/\/concursos2.fadesp.org.br\/TutorialinscricaoPROSEL2021.pdf\"><strong>Tutorial de Inscri\u00e7\u00e3o &#8211; PROSEL ESP 2021<\/strong><\/a><\/p><p style=\"text-align: center;\"><a href=\"http:\/\/concursos2.fadesp.org.br\/proselufra2021\/arquivos\/ResultadoDefinitivoIsencaoPcD.pdf\"><strong>Resultado Definitivo da Solicita\u00e7\u00e3o de Isen\u00e7\u00e3o para Pessoas com Defici\u00eancia<\/strong><\/a><\/p><p style=\"text-align: center;\"><a href=\"http:\/\/concursos2.fadesp.org.br\/proselufra2021\/arquivos\/ResultadoDefinitivoIsencao.pdf\"><strong>Resultado Definitivo da Solicita\u00e7\u00e3o de Isen\u00e7\u00e3o por Hipossufici\u00eancia Financeira<\/strong><\/a><\/p><p style=\"text-align: center;\"><a href=\"http:\/\/concursos2.fadesp.org.br\/proselufra2021\/arquivos\/ResultadoPreliminarIsencao.pdf\"><strong>Resultado Preliminar da Solicita\u00e7\u00e3o de Isen\u00e7\u00e3o<\/strong><\/a><\/p><p style=\"text-align: center;\"><a href=\"http:\/\/concursos2.fadesp.org.br\/proselufra2021\/arquivos\/MinutaEditalPROSEL2021_UFRA.pdf\"><strong>Edital 01 &#8211; Abertura<\/strong><\/a><\/p>\t\t\t\t\t\t\t\t<\/div>\n\t\t\t\t<\/div>\n\t\t\t\t\t<\/div>\n\t\t<\/div>\n\t\t\t\t\t<\/div>\n\t\t<\/section>\n\t\t\t\t\t<\/div>\n\t\t<\/div>\n\t\t\t\t\t<\/div>\n\t\t<\/section>\n\t\t\t\t<\/div>\n\t\t","protected":false},"excerpt":{"rendered":"<p>Processo Seletivo 2021 &#8211; PROSEL ESP UFRA A Reitora da Universidade Federal Rural da Amaz\u00f4nia&nbsp;(UFRA) torna p\u00fablica a realiza\u00e7\u00e3o do Processo Seletivo Especial 2021 (PROSEL ESP UFRA 2021), destinado a&nbsp;selecionar candidatos para o provimento de vagas nos cursos presenciais de gradua\u00e7\u00e3o, em regime especial, mediante conv\u00eanio celebrado com a Secretaria de Estado de Ci\u00eancia, Tecnologia&nbsp;e [&hellip;]<\/p>\n","protected":false},"author":9,"featured_media":0,"parent":329,"menu_order":0,"comment_status":"closed","ping_status":"closed","template":"","meta":{"_monsterinsights_skip_tracking":false,"_monsterinsights_sitenote_active":false,"_monsterinsights_sitenote_note":"","_monsterinsights_sitenote_category":0,"footnotes":""},"class_list":["post-20738","page","type-page","status-publish","hentry","entry"],"yoast_head":"<!-- This site is optimized with the Yoast SEO plugin v25.1 - https:\/\/yoast.com\/wordpress\/plugins\/seo\/ -->\n<title>Processo Seletivo 2021 - PROSEL ESP UFRA - FADESP<\/title>\n<meta name=\"robots\" content=\"index, follow, max-snippet:-1, max-image-preview:large, max-video-preview:-1\" \/>\n<link rel=\"canonical\" href=\"https:\/\/portalfadesp.org.br\/?page_id=20738\" \/>\n<meta property=\"og:locale\" content=\"pt_BR\" \/>\n<meta property=\"og:type\" content=\"article\" \/>\n<meta property=\"og:title\" content=\"Processo Seletivo 2021 - PROSEL ESP UFRA - FADESP\" \/>\n<meta property=\"og:description\" content=\"Processo Seletivo 2021 &#8211; PROSEL ESP UFRA A Reitora da Universidade Federal Rural da Amaz\u00f4nia&nbsp;(UFRA) torna p\u00fablica a realiza\u00e7\u00e3o do Processo Seletivo Especial 2021 (PROSEL ESP UFRA 2021), destinado a&nbsp;selecionar candidatos para o provimento de vagas nos cursos presenciais de gradua\u00e7\u00e3o, em regime especial, mediante conv\u00eanio celebrado com a Secretaria de Estado de Ci\u00eancia, Tecnologia&nbsp;e [&hellip;]\" \/>\n<meta property=\"og:url\" content=\"https:\/\/portalfadesp.org.br\/?page_id=20738\" \/>\n<meta property=\"og:site_name\" content=\"FADESP\" \/>\n<meta property=\"article:publisher\" content=\"https:\/\/www.facebook.com\/Fadesp-138351949524662\/\" \/>\n<meta property=\"article:modified_time\" content=\"2022-12-21T16:31:26+00:00\" \/>\n<meta name=\"twitter:card\" content=\"summary_large_image\" \/>\n<meta name=\"twitter:site\" content=\"@Fadesp\" \/>\n<meta name=\"twitter:label1\" content=\"Est. tempo de leitura\" \/>\n\t<meta name=\"twitter:data1\" content=\"2 minutos\" \/>\n<script type=\"application\/ld+json\" class=\"yoast-schema-graph\">{\"@context\":\"https:\/\/schema.org\",\"@graph\":[{\"@type\":\"WebPage\",\"@id\":\"https:\/\/portalfadesp.org.br\/?page_id=20738\",\"url\":\"https:\/\/portalfadesp.org.br\/?page_id=20738\",\"name\":\"Processo Seletivo 2021 - PROSEL ESP UFRA - FADESP\",\"isPartOf\":{\"@id\":\"https:\/\/portalfadesp.org.br\/#website\"},\"datePublished\":\"2021-10-25T17:22:10+00:00\",\"dateModified\":\"2022-12-21T16:31:26+00:00\",\"breadcrumb\":{\"@id\":\"https:\/\/portalfadesp.org.br\/?page_id=20738#breadcrumb\"},\"inLanguage\":\"pt-BR\",\"potentialAction\":[{\"@type\":\"ReadAction\",\"target\":[\"https:\/\/portalfadesp.org.br\/?page_id=20738\"]}]},{\"@type\":\"BreadcrumbList\",\"@id\":\"https:\/\/portalfadesp.org.br\/?page_id=20738#breadcrumb\",\"itemListElement\":[{\"@type\":\"ListItem\",\"position\":1,\"name\":\"In\u00edcio\",\"item\":\"https:\/\/portalfadesp.org.br\/\"},{\"@type\":\"ListItem\",\"position\":2,\"name\":\"Concursos &#8211; Homologados\",\"item\":\"https:\/\/portalfadesp.org.br\/?page_id=329\"},{\"@type\":\"ListItem\",\"position\":3,\"name\":\"Processo Seletivo 2021 &#8211; PROSEL ESP UFRA\"}]},{\"@type\":\"WebSite\",\"@id\":\"https:\/\/portalfadesp.org.br\/#website\",\"url\":\"https:\/\/portalfadesp.org.br\/\",\"name\":\"FADESP\",\"description\":\"Funda\u00e7\u00e3o de Amparo e Desenvolvimento da Pesquisa\",\"publisher\":{\"@id\":\"https:\/\/portalfadesp.org.br\/#organization\"},\"potentialAction\":[{\"@type\":\"SearchAction\",\"target\":{\"@type\":\"EntryPoint\",\"urlTemplate\":\"https:\/\/portalfadesp.org.br\/?s={search_term_string}\"},\"query-input\":{\"@type\":\"PropertyValueSpecification\",\"valueRequired\":true,\"valueName\":\"search_term_string\"}}],\"inLanguage\":\"pt-BR\"},{\"@type\":\"Organization\",\"@id\":\"https:\/\/portalfadesp.org.br\/#organization\",\"name\":\"FADESP\",\"url\":\"https:\/\/portalfadesp.org.br\/\",\"logo\":{\"@type\":\"ImageObject\",\"inLanguage\":\"pt-BR\",\"@id\":\"https:\/\/portalfadesp.org.br\/#\/schema\/logo\/image\/\",\"url\":\"https:\/\/portalfadesp.org.br\/wp-content\/uploads\/2024\/01\/NOVOLOGOFADESPlaranjaH.png\",\"contentUrl\":\"https:\/\/portalfadesp.org.br\/wp-content\/uploads\/2024\/01\/NOVOLOGOFADESPlaranjaH.png\",\"width\":2742,\"height\":839,\"caption\":\"FADESP\"},\"image\":{\"@id\":\"https:\/\/portalfadesp.org.br\/#\/schema\/logo\/image\/\"},\"sameAs\":[\"https:\/\/www.facebook.com\/Fadesp-138351949524662\/\",\"https:\/\/x.com\/Fadesp\",\"https:\/\/www.instagram.com\/fadesp_ufpa\/\",\"https:\/\/www.youtube.com\/@fundacaodeamparoedesenvolv1903\",\"https:\/\/www.threads.net\/@fadesp_ufpa\"]}]}<\/script>\n<!-- \/ Yoast SEO plugin. -->","yoast_head_json":{"title":"Processo Seletivo 2021 - PROSEL ESP UFRA - FADESP","robots":{"index":"index","follow":"follow","max-snippet":"max-snippet:-1","max-image-preview":"max-image-preview:large","max-video-preview":"max-video-preview:-1"},"canonical":"https:\/\/portalfadesp.org.br\/?page_id=20738","og_locale":"pt_BR","og_type":"article","og_title":"Processo Seletivo 2021 - PROSEL ESP UFRA - FADESP","og_description":"Processo Seletivo 2021 &#8211; PROSEL ESP UFRA A Reitora da Universidade Federal Rural da Amaz\u00f4nia&nbsp;(UFRA) torna p\u00fablica a realiza\u00e7\u00e3o do Processo Seletivo Especial 2021 (PROSEL ESP UFRA 2021), destinado a&nbsp;selecionar candidatos para o provimento de vagas nos cursos presenciais de gradua\u00e7\u00e3o, em regime especial, mediante conv\u00eanio celebrado com a Secretaria de Estado de Ci\u00eancia, Tecnologia&nbsp;e [&hellip;]","og_url":"https:\/\/portalfadesp.org.br\/?page_id=20738","og_site_name":"FADESP","article_publisher":"https:\/\/www.facebook.com\/Fadesp-138351949524662\/","article_modified_time":"2022-12-21T16:31:26+00:00","twitter_card":"summary_large_image","twitter_site":"@Fadesp","twitter_misc":{"Est. tempo de leitura":"2 minutos"},"schema":{"@context":"https:\/\/schema.org","@graph":[{"@type":"WebPage","@id":"https:\/\/portalfadesp.org.br\/?page_id=20738","url":"https:\/\/portalfadesp.org.br\/?page_id=20738","name":"Processo Seletivo 2021 - PROSEL ESP UFRA - FADESP","isPartOf":{"@id":"https:\/\/portalfadesp.org.br\/#website"},"datePublished":"2021-10-25T17:22:10+00:00","dateModified":"2022-12-21T16:31:26+00:00","breadcrumb":{"@id":"https:\/\/portalfadesp.org.br\/?page_id=20738#breadcrumb"},"inLanguage":"pt-BR","potentialAction":[{"@type":"ReadAction","target":["https:\/\/portalfadesp.org.br\/?page_id=20738"]}]},{"@type":"BreadcrumbList","@id":"https:\/\/portalfadesp.org.br\/?page_id=20738#breadcrumb","itemListElement":[{"@type":"ListItem","position":1,"name":"In\u00edcio","item":"https:\/\/portalfadesp.org.br\/"},{"@type":"ListItem","position":2,"name":"Concursos &#8211; Homologados","item":"https:\/\/portalfadesp.org.br\/?page_id=329"},{"@type":"ListItem","position":3,"name":"Processo Seletivo 2021 &#8211; PROSEL ESP UFRA"}]},{"@type":"WebSite","@id":"https:\/\/portalfadesp.org.br\/#website","url":"https:\/\/portalfadesp.org.br\/","name":"FADESP","description":"Funda\u00e7\u00e3o de Amparo e Desenvolvimento da Pesquisa","publisher":{"@id":"https:\/\/portalfadesp.org.br\/#organization"},"potentialAction":[{"@type":"SearchAction","target":{"@type":"EntryPoint","urlTemplate":"https:\/\/portalfadesp.org.br\/?s={search_term_string}"},"query-input":{"@type":"PropertyValueSpecification","valueRequired":true,"valueName":"search_term_string"}}],"inLanguage":"pt-BR"},{"@type":"Organization","@id":"https:\/\/portalfadesp.org.br\/#organization","name":"FADESP","url":"https:\/\/portalfadesp.org.br\/","logo":{"@type":"ImageObject","inLanguage":"pt-BR","@id":"https:\/\/portalfadesp.org.br\/#\/schema\/logo\/image\/","url":"https:\/\/portalfadesp.org.br\/wp-content\/uploads\/2024\/01\/NOVOLOGOFADESPlaranjaH.png","contentUrl":"https:\/\/portalfadesp.org.br\/wp-content\/uploads\/2024\/01\/NOVOLOGOFADESPlaranjaH.png","width":2742,"height":839,"caption":"FADESP"},"image":{"@id":"https:\/\/portalfadesp.org.br\/#\/schema\/logo\/image\/"},"sameAs":["https:\/\/www.facebook.com\/Fadesp-138351949524662\/","https:\/\/x.com\/Fadesp","https:\/\/www.instagram.com\/fadesp_ufpa\/","https:\/\/www.youtube.com\/@fundacaodeamparoedesenvolv1903","https:\/\/www.threads.net\/@fadesp_ufpa"]}]}},"_links":{"self":[{"href":"https:\/\/portalfadesp.org.br\/index.php?rest_route=\/wp\/v2\/pages\/20738","targetHints":{"allow":["GET"]}}],"collection":[{"href":"https:\/\/portalfadesp.org.br\/index.php?rest_route=\/wp\/v2\/pages"}],"about":[{"href":"https:\/\/portalfadesp.org.br\/index.php?rest_route=\/wp\/v2\/types\/page"}],"author":[{"embeddable":true,"href":"https:\/\/portalfadesp.org.br\/index.php?rest_route=\/wp\/v2\/users\/9"}],"replies":[{"embeddable":true,"href":"https:\/\/portalfadesp.org.br\/index.php?rest_route=%2Fwp%2Fv2%2Fcomments&post=20738"}],"version-history":[{"count":108,"href":"https:\/\/portalfadesp.org.br\/index.php?rest_route=\/wp\/v2\/pages\/20738\/revisions"}],"predecessor-version":[{"id":38460,"href":"https:\/\/portalfadesp.org.br\/index.php?rest_route=\/wp\/v2\/pages\/20738\/revisions\/38460"}],"up":[{"embeddable":true,"href":"https:\/\/portalfadesp.org.br\/index.php?rest_route=\/wp\/v2\/pages\/329"}],"wp:attachment":[{"href":"https:\/\/portalfadesp.org.br\/index.php?rest_route=%2Fwp%2Fv2%2Fmedia&parent=20738"}],"curies":[{"name":"wp","href":"https:\/\/api.w.org\/{rel}","templated":true}]}}