{"id":20254,"date":"2021-09-30T19:17:32","date_gmt":"2021-09-30T22:17:32","guid":{"rendered":"https:\/\/162.215.13.167?page_id=20254"},"modified":"2022-12-20T10:55:32","modified_gmt":"2022-12-20T13:55:32","slug":"processo-seletivo-2020-prosel-esp-ufra-2020-3","status":"publish","type":"page","link":"https:\/\/portalfadesp.org.br\/?page_id=20254","title":{"rendered":"Processo Seletivo 2020 (PROSEL ESP UFRA 2020) \u2013 Vagas Complementares"},"content":{"rendered":"\t\t<div data-elementor-type=\"wp-page\" data-elementor-id=\"20254\" class=\"elementor elementor-20254\" data-elementor-post-type=\"page\">\n\t\t\t\t\t\t<section class=\"elementor-section elementor-top-section elementor-element elementor-element-7759e82 elementor-section-boxed elementor-section-height-default elementor-section-height-default\" data-id=\"7759e82\" data-element_type=\"section\">\n\t\t\t\t\t\t<div class=\"elementor-container elementor-column-gap-default\">\n\t\t\t\t\t<div class=\"elementor-column elementor-col-100 elementor-top-column elementor-element elementor-element-288dbe9\" data-id=\"288dbe9\" data-element_type=\"column\">\n\t\t\t<div class=\"elementor-widget-wrap elementor-element-populated\">\n\t\t\t\t\t\t<div class=\"elementor-element elementor-element-1ce31c8 elementor-widget elementor-widget-heading\" data-id=\"1ce31c8\" data-element_type=\"widget\" data-widget_type=\"heading.default\">\n\t\t\t\t<div class=\"elementor-widget-container\">\n\t\t\t\t\t<h1 class=\"elementor-heading-title elementor-size-default\">Processo Seletivo 2020 (PROSEL ESP UFRA 2020) \u2013 Vagas Complementares<\/h1>\t\t\t\t<\/div>\n\t\t\t\t<\/div>\n\t\t\t\t<section class=\"elementor-section elementor-inner-section elementor-element elementor-element-5ba10ed elementor-section-boxed elementor-section-height-default elementor-section-height-default\" data-id=\"5ba10ed\" data-element_type=\"section\">\n\t\t\t\t\t\t<div class=\"elementor-container elementor-column-gap-default\">\n\t\t\t\t\t<div class=\"elementor-column elementor-col-50 elementor-inner-column elementor-element elementor-element-0b38389\" data-id=\"0b38389\" data-element_type=\"column\">\n\t\t\t<div class=\"elementor-widget-wrap elementor-element-populated\">\n\t\t\t\t\t\t<div class=\"elementor-element elementor-element-390424d elementor-widget elementor-widget-text-editor\" data-id=\"390424d\" data-element_type=\"widget\" data-widget_type=\"text-editor.default\">\n\t\t\t\t<div class=\"elementor-widget-container\">\n\t\t\t\t\t\t\t\t\t<p>A Universidade Federal Rural da Amaz\u00f4nia (UFRA) torna p\u00fablica a realiza\u00e7\u00e3o do Processo Seletivo 2020 (PROSEL ESP UFRA 2020)<b><\/b><span lang=\"PT\">,\u00a0destinado a selecionar candidatos para o provimento de<strong>\u00a0vagas complementares<\/strong>\u00a0nos cursos presenciais de gradua\u00e7\u00e3o, em regime especial, mediante conv\u00eanio\u00a0celebrado com a\u00a0<b>Secretaria de Estado de Ci\u00eancia, Tecnologia e Educa\u00e7\u00e3o Profissional e Tecnol\u00f3gica (SECTET)<\/b>. Os referidos cursos ser\u00e3o ofertados pelo\u00a0<span style=\"font-size: 14px; font-style: normal; font-variant-ligatures: normal; font-variant-caps: normal; font-weight: 400;\">Universidade Federal Rural da Amaz\u00f4nia (UFRA)<\/span>, mediante as condi\u00e7\u00f5es estabelecidas neste edital.<\/span><\/p><p><strong>Vagas &#8211; 40<\/strong><\/p><p><strong>Cursos \/ local da oferta<\/strong> &#8211;\u00a0 Licenciatura em Computa\u00e7\u00e3o (Mosqueiro Regular) e Agronomia (Our\u00e9m)<\/p><p><strong>Requisitos &#8211; <\/strong>Ensino M\u00e9dio completo ou equivalente.<\/p><p><strong>Taxa de inscri\u00e7\u00e3o &#8211; <\/strong>R$ 80,00<\/p><p>&#8230;&#8230;&#8230;&#8230;&#8230;&#8230;&#8230;&#8230;&#8230;&#8230;..<\/p><p><strong>Datas importantes<\/strong>:<\/p><p><strong>Per\u00edodo de Inscri\u00e7\u00e3o<\/strong> &#8211;\u00a0<span style=\"font-size: 14px; font-style: normal; font-variant-ligatures: normal; font-variant-caps: normal; font-weight: 400;\">08 a 21 de Outubro de 2021<\/span><\/p><p><strong>Solicita\u00e7\u00e3o de atendimento especial &#8211; <\/strong>08 a 12 de Outubro de 2021<\/p><p><strong>Solicita\u00e7\u00e3o de isen\u00e7\u00e3o de taxa para pessoa de baixa renda<\/strong>&#8211; 08 a 12 de Outubro de 2021<\/p><p><strong>Resultado preliminar da isen\u00e7\u00e3o de taxa para pessoa de baixa renda<\/strong> &#8211; 13\/10\/2021<\/p><p><strong>Pagamento da taxa de inscri\u00e7\u00e3o<\/strong> &#8211; 22\/10\/2021<\/p>\t\t\t\t\t\t\t\t<\/div>\n\t\t\t\t<\/div>\n\t\t\t\t\t<\/div>\n\t\t<\/div>\n\t\t\t\t<div class=\"elementor-column elementor-col-50 elementor-inner-column elementor-element elementor-element-7503a48\" data-id=\"7503a48\" data-element_type=\"column\">\n\t\t\t<div class=\"elementor-widget-wrap elementor-element-populated\">\n\t\t\t\t\t\t<div class=\"elementor-element elementor-element-d825992 elementor-widget elementor-widget-text-editor\" data-id=\"d825992\" data-element_type=\"widget\" data-widget_type=\"text-editor.default\">\n\t\t\t\t<div class=\"elementor-widget-container\">\n\t\t\t\t\t\t\t\t\t<p><span style=\"color: #ffffff;\"><strong>Acompanhe sua Inscri\u00e7\u00e3o<\/strong><\/span><\/p>\t\t\t\t\t\t\t\t<\/div>\n\t\t\t\t<\/div>\n\t\t\t\t<div class=\"elementor-element elementor-element-edbbb8e elementor-widget elementor-widget-text-editor\" data-id=\"edbbb8e\" data-element_type=\"widget\" data-widget_type=\"text-editor.default\">\n\t\t\t\t<div class=\"elementor-widget-container\">\n\t\t\t\t\t\t\t\t\t<p class=\"botaoBug\" style=\"text-align: center;\"><a href=\"#http:\/\/concursos.fadesp.org.br\/pssufra2020_2\/web\/index.php\"><strong>Inscri\u00e7\u00e3o Encerrada<\/strong><\/a><\/p>\t\t\t\t\t\t\t\t<\/div>\n\t\t\t\t<\/div>\n\t\t\t\t<div class=\"elementor-element elementor-element-ae10f5f elementor-widget elementor-widget-text-editor\" data-id=\"ae10f5f\" data-element_type=\"widget\" data-widget_type=\"text-editor.default\">\n\t\t\t\t<div class=\"elementor-widget-container\">\n\t\t\t\t\t\t\t\t\t<p class=\"botaoBug\" style=\"text-align: center;\"><a href=\"http:\/\/concursos.fadesp.org.br\/pssufra2020_2\/web\/index_recurso.php\"><strong>Recurso on-line (Clique Aqui)<\/strong><\/a><\/p>\t\t\t\t\t\t\t\t<\/div>\n\t\t\t\t<\/div>\n\t\t\t\t<div class=\"elementor-element elementor-element-81ea865 elementor-widget elementor-widget-text-editor\" data-id=\"81ea865\" data-element_type=\"widget\" data-widget_type=\"text-editor.default\">\n\t\t\t\t<div class=\"elementor-widget-container\">\n\t\t\t\t\t\t\t\t\t<p style=\"text-align: center;\"><span style=\"color: #ffffff;\"><strong>Editais e Avisos<\/strong><\/span><\/p>\t\t\t\t\t\t\t\t<\/div>\n\t\t\t\t<\/div>\n\t\t\t\t<div class=\"elementor-element elementor-element-1f9bc96 elementor-widget elementor-widget-text-editor\" data-id=\"1f9bc96\" data-element_type=\"widget\" data-widget_type=\"text-editor.default\">\n\t\t\t\t<div class=\"elementor-widget-container\">\n\t\t\t\t\t\t\t\t\t<p><a href=\"https:\/\/proen.ufra.edu.br\/index.php?option=com_content&amp;view=article&amp;id=240&amp;Itemid=489\"><strong>Edital de Convoca\u00e7\u00e3o para Habilita\u00e7\u00e3o de Matr\u00edcula\u00a0<\/strong><\/a><\/p><p><a href=\"http:\/\/concursos.fadesp.org.br\/pssufra2020_2\/arquivos\/ResultadoDefinitivoPROSEL.pdf\"><strong>Resultado Definitivo do PROSEL 2020<\/strong><\/a><\/p><p><a href=\"http:\/\/concursos.fadesp.org.br\/pssufra2020_2\/arquivos\/ResultadoPreliminarPROSEL.pdf\"><strong>Resultado Preliminar<\/strong><\/a><\/p><p><a href=\"http:\/\/concursos.fadesp.org.br\/pssufra2020_2\/arquivos\/ResultadoDefinitivoInscricao.pdf\"><strong>Resultado Definitivo das Inscri\u00e7\u00f5es<\/strong><\/a><\/p><p><a href=\"http:\/\/concursos.fadesp.org.br\/pssufra2020_2\/arquivos\/ResultadoPreliminarInscricoes.pdf\"><strong>Resultado Preliminar das Inscri\u00e7\u00f5es<\/strong><\/a><\/p><p><a href=\"http:\/\/concursos.fadesp.org.br\/pssufra2020_2\/arquivos\/ResultadoDefinitivoIsencaoHipossuficiencia.pdf\"><strong>Resultado Definitivo quanto a Solicita\u00e7\u00e3o de Isen\u00e7\u00e3o por Hipossufici\u00eancia Financeira<\/strong><\/a><\/p><p><a href=\"http:\/\/concursos.fadesp.org.br\/pssufra2020_2\/arquivos\/ResultadoPreliminarIsencaoHipossuficiencia.pdf\"><strong>Resultado Preliminar quanto a Solicita\u00e7\u00e3o de Isen\u00e7\u00e3o por Hipossufici\u00eancia Financeira<\/strong><\/a><\/p><p style=\"text-align: center;\"><a href=\"http:\/\/concursos.fadesp.org.br\/pssufra2020_2\/arquivos\/Edital_PROSEL_Especial_2020_UFRA.pdf\">Edital PROSEL Especial 2020 UFRA<\/a><\/p><p style=\"text-align: center;\">Informa\u00e7\u00f5es pelo:<br \/><a href=\"http:\/\/concursos.fadesp.org.br\/faleConosco.php\" target=\"_blank\" rel=\"noopener\"><strong>Fale Conosco do Concursos<br \/>(CLIQUE AQUI)<\/strong><\/a><\/p>\t\t\t\t\t\t\t\t<\/div>\n\t\t\t\t<\/div>\n\t\t\t\t\t<\/div>\n\t\t<\/div>\n\t\t\t\t\t<\/div>\n\t\t<\/section>\n\t\t\t\t\t<\/div>\n\t\t<\/div>\n\t\t\t\t\t<\/div>\n\t\t<\/section>\n\t\t\t\t<\/div>\n\t\t","protected":false},"excerpt":{"rendered":"<p>Processo Seletivo 2020 (PROSEL ESP UFRA 2020) \u2013 Vagas Complementares A Universidade Federal Rural da Amaz\u00f4nia (UFRA) torna p\u00fablica a realiza\u00e7\u00e3o do Processo Seletivo 2020 (PROSEL ESP UFRA 2020),\u00a0destinado a selecionar candidatos para o provimento de\u00a0vagas complementares\u00a0nos cursos presenciais de gradua\u00e7\u00e3o, em regime especial, mediante conv\u00eanio\u00a0celebrado com a\u00a0Secretaria de Estado de Ci\u00eancia, Tecnologia e Educa\u00e7\u00e3o [&hellip;]<\/p>\n","protected":false},"author":9,"featured_media":0,"parent":329,"menu_order":0,"comment_status":"closed","ping_status":"closed","template":"","meta":{"_monsterinsights_skip_tracking":false,"_monsterinsights_sitenote_active":false,"_monsterinsights_sitenote_note":"","_monsterinsights_sitenote_category":0,"footnotes":""},"class_list":["post-20254","page","type-page","status-publish","hentry","entry"],"yoast_head":"<!-- This site is optimized with the Yoast SEO plugin v25.1 - https:\/\/yoast.com\/wordpress\/plugins\/seo\/ -->\n<title>Processo Seletivo 2020 (PROSEL ESP UFRA 2020) \u2013 Vagas Complementares - FADESP<\/title>\n<meta name=\"robots\" content=\"index, follow, max-snippet:-1, max-image-preview:large, max-video-preview:-1\" \/>\n<link rel=\"canonical\" href=\"https:\/\/portalfadesp.org.br\/?page_id=20254\" \/>\n<meta property=\"og:locale\" content=\"pt_BR\" \/>\n<meta property=\"og:type\" content=\"article\" \/>\n<meta property=\"og:title\" content=\"Processo Seletivo 2020 (PROSEL ESP UFRA 2020) \u2013 Vagas Complementares - FADESP\" \/>\n<meta property=\"og:description\" content=\"Processo Seletivo 2020 (PROSEL ESP UFRA 2020) \u2013 Vagas Complementares A Universidade Federal Rural da Amaz\u00f4nia (UFRA) torna p\u00fablica a realiza\u00e7\u00e3o do Processo Seletivo 2020 (PROSEL ESP UFRA 2020),\u00a0destinado a selecionar candidatos para o provimento de\u00a0vagas complementares\u00a0nos cursos presenciais de gradua\u00e7\u00e3o, em regime especial, mediante conv\u00eanio\u00a0celebrado com a\u00a0Secretaria de Estado de Ci\u00eancia, Tecnologia e Educa\u00e7\u00e3o [&hellip;]\" \/>\n<meta property=\"og:url\" content=\"https:\/\/portalfadesp.org.br\/?page_id=20254\" \/>\n<meta property=\"og:site_name\" content=\"FADESP\" \/>\n<meta property=\"article:publisher\" content=\"https:\/\/www.facebook.com\/Fadesp-138351949524662\/\" \/>\n<meta property=\"article:modified_time\" content=\"2022-12-20T13:55:32+00:00\" \/>\n<meta name=\"twitter:card\" content=\"summary_large_image\" \/>\n<meta name=\"twitter:site\" content=\"@Fadesp\" \/>\n<meta name=\"twitter:label1\" content=\"Est. tempo de leitura\" \/>\n\t<meta name=\"twitter:data1\" content=\"1 minuto\" \/>\n<script type=\"application\/ld+json\" class=\"yoast-schema-graph\">{\"@context\":\"https:\/\/schema.org\",\"@graph\":[{\"@type\":\"WebPage\",\"@id\":\"https:\/\/portalfadesp.org.br\/?page_id=20254\",\"url\":\"https:\/\/portalfadesp.org.br\/?page_id=20254\",\"name\":\"Processo Seletivo 2020 (PROSEL ESP UFRA 2020) \u2013 Vagas Complementares - FADESP\",\"isPartOf\":{\"@id\":\"https:\/\/portalfadesp.org.br\/#website\"},\"datePublished\":\"2021-09-30T22:17:32+00:00\",\"dateModified\":\"2022-12-20T13:55:32+00:00\",\"breadcrumb\":{\"@id\":\"https:\/\/portalfadesp.org.br\/?page_id=20254#breadcrumb\"},\"inLanguage\":\"pt-BR\",\"potentialAction\":[{\"@type\":\"ReadAction\",\"target\":[\"https:\/\/portalfadesp.org.br\/?page_id=20254\"]}]},{\"@type\":\"BreadcrumbList\",\"@id\":\"https:\/\/portalfadesp.org.br\/?page_id=20254#breadcrumb\",\"itemListElement\":[{\"@type\":\"ListItem\",\"position\":1,\"name\":\"In\u00edcio\",\"item\":\"https:\/\/portalfadesp.org.br\/\"},{\"@type\":\"ListItem\",\"position\":2,\"name\":\"Concursos &#8211; Homologados\",\"item\":\"https:\/\/portalfadesp.org.br\/?page_id=329\"},{\"@type\":\"ListItem\",\"position\":3,\"name\":\"Processo Seletivo 2020 (PROSEL ESP UFRA 2020) \u2013 Vagas Complementares\"}]},{\"@type\":\"WebSite\",\"@id\":\"https:\/\/portalfadesp.org.br\/#website\",\"url\":\"https:\/\/portalfadesp.org.br\/\",\"name\":\"FADESP\",\"description\":\"Funda\u00e7\u00e3o de Amparo e Desenvolvimento da Pesquisa\",\"publisher\":{\"@id\":\"https:\/\/portalfadesp.org.br\/#organization\"},\"potentialAction\":[{\"@type\":\"SearchAction\",\"target\":{\"@type\":\"EntryPoint\",\"urlTemplate\":\"https:\/\/portalfadesp.org.br\/?s={search_term_string}\"},\"query-input\":{\"@type\":\"PropertyValueSpecification\",\"valueRequired\":true,\"valueName\":\"search_term_string\"}}],\"inLanguage\":\"pt-BR\"},{\"@type\":\"Organization\",\"@id\":\"https:\/\/portalfadesp.org.br\/#organization\",\"name\":\"FADESP\",\"url\":\"https:\/\/portalfadesp.org.br\/\",\"logo\":{\"@type\":\"ImageObject\",\"inLanguage\":\"pt-BR\",\"@id\":\"https:\/\/portalfadesp.org.br\/#\/schema\/logo\/image\/\",\"url\":\"https:\/\/portalfadesp.org.br\/wp-content\/uploads\/2024\/01\/NOVOLOGOFADESPlaranjaH.png\",\"contentUrl\":\"https:\/\/portalfadesp.org.br\/wp-content\/uploads\/2024\/01\/NOVOLOGOFADESPlaranjaH.png\",\"width\":2742,\"height\":839,\"caption\":\"FADESP\"},\"image\":{\"@id\":\"https:\/\/portalfadesp.org.br\/#\/schema\/logo\/image\/\"},\"sameAs\":[\"https:\/\/www.facebook.com\/Fadesp-138351949524662\/\",\"https:\/\/x.com\/Fadesp\",\"https:\/\/www.instagram.com\/fadesp_ufpa\/\",\"https:\/\/www.youtube.com\/@fundacaodeamparoedesenvolv1903\",\"https:\/\/www.threads.net\/@fadesp_ufpa\"]}]}<\/script>\n<!-- \/ Yoast SEO plugin. -->","yoast_head_json":{"title":"Processo Seletivo 2020 (PROSEL ESP UFRA 2020) \u2013 Vagas Complementares - FADESP","robots":{"index":"index","follow":"follow","max-snippet":"max-snippet:-1","max-image-preview":"max-image-preview:large","max-video-preview":"max-video-preview:-1"},"canonical":"https:\/\/portalfadesp.org.br\/?page_id=20254","og_locale":"pt_BR","og_type":"article","og_title":"Processo Seletivo 2020 (PROSEL ESP UFRA 2020) \u2013 Vagas Complementares - FADESP","og_description":"Processo Seletivo 2020 (PROSEL ESP UFRA 2020) \u2013 Vagas Complementares A Universidade Federal Rural da Amaz\u00f4nia (UFRA) torna p\u00fablica a realiza\u00e7\u00e3o do Processo Seletivo 2020 (PROSEL ESP UFRA 2020),\u00a0destinado a selecionar candidatos para o provimento de\u00a0vagas complementares\u00a0nos cursos presenciais de gradua\u00e7\u00e3o, em regime especial, mediante conv\u00eanio\u00a0celebrado com a\u00a0Secretaria de Estado de Ci\u00eancia, Tecnologia e Educa\u00e7\u00e3o [&hellip;]","og_url":"https:\/\/portalfadesp.org.br\/?page_id=20254","og_site_name":"FADESP","article_publisher":"https:\/\/www.facebook.com\/Fadesp-138351949524662\/","article_modified_time":"2022-12-20T13:55:32+00:00","twitter_card":"summary_large_image","twitter_site":"@Fadesp","twitter_misc":{"Est. tempo de leitura":"1 minuto"},"schema":{"@context":"https:\/\/schema.org","@graph":[{"@type":"WebPage","@id":"https:\/\/portalfadesp.org.br\/?page_id=20254","url":"https:\/\/portalfadesp.org.br\/?page_id=20254","name":"Processo Seletivo 2020 (PROSEL ESP UFRA 2020) \u2013 Vagas Complementares - FADESP","isPartOf":{"@id":"https:\/\/portalfadesp.org.br\/#website"},"datePublished":"2021-09-30T22:17:32+00:00","dateModified":"2022-12-20T13:55:32+00:00","breadcrumb":{"@id":"https:\/\/portalfadesp.org.br\/?page_id=20254#breadcrumb"},"inLanguage":"pt-BR","potentialAction":[{"@type":"ReadAction","target":["https:\/\/portalfadesp.org.br\/?page_id=20254"]}]},{"@type":"BreadcrumbList","@id":"https:\/\/portalfadesp.org.br\/?page_id=20254#breadcrumb","itemListElement":[{"@type":"ListItem","position":1,"name":"In\u00edcio","item":"https:\/\/portalfadesp.org.br\/"},{"@type":"ListItem","position":2,"name":"Concursos &#8211; Homologados","item":"https:\/\/portalfadesp.org.br\/?page_id=329"},{"@type":"ListItem","position":3,"name":"Processo Seletivo 2020 (PROSEL ESP UFRA 2020) \u2013 Vagas Complementares"}]},{"@type":"WebSite","@id":"https:\/\/portalfadesp.org.br\/#website","url":"https:\/\/portalfadesp.org.br\/","name":"FADESP","description":"Funda\u00e7\u00e3o de Amparo e Desenvolvimento da Pesquisa","publisher":{"@id":"https:\/\/portalfadesp.org.br\/#organization"},"potentialAction":[{"@type":"SearchAction","target":{"@type":"EntryPoint","urlTemplate":"https:\/\/portalfadesp.org.br\/?s={search_term_string}"},"query-input":{"@type":"PropertyValueSpecification","valueRequired":true,"valueName":"search_term_string"}}],"inLanguage":"pt-BR"},{"@type":"Organization","@id":"https:\/\/portalfadesp.org.br\/#organization","name":"FADESP","url":"https:\/\/portalfadesp.org.br\/","logo":{"@type":"ImageObject","inLanguage":"pt-BR","@id":"https:\/\/portalfadesp.org.br\/#\/schema\/logo\/image\/","url":"https:\/\/portalfadesp.org.br\/wp-content\/uploads\/2024\/01\/NOVOLOGOFADESPlaranjaH.png","contentUrl":"https:\/\/portalfadesp.org.br\/wp-content\/uploads\/2024\/01\/NOVOLOGOFADESPlaranjaH.png","width":2742,"height":839,"caption":"FADESP"},"image":{"@id":"https:\/\/portalfadesp.org.br\/#\/schema\/logo\/image\/"},"sameAs":["https:\/\/www.facebook.com\/Fadesp-138351949524662\/","https:\/\/x.com\/Fadesp","https:\/\/www.instagram.com\/fadesp_ufpa\/","https:\/\/www.youtube.com\/@fundacaodeamparoedesenvolv1903","https:\/\/www.threads.net\/@fadesp_ufpa"]}]}},"_links":{"self":[{"href":"https:\/\/portalfadesp.org.br\/index.php?rest_route=\/wp\/v2\/pages\/20254","targetHints":{"allow":["GET"]}}],"collection":[{"href":"https:\/\/portalfadesp.org.br\/index.php?rest_route=\/wp\/v2\/pages"}],"about":[{"href":"https:\/\/portalfadesp.org.br\/index.php?rest_route=\/wp\/v2\/types\/page"}],"author":[{"embeddable":true,"href":"https:\/\/portalfadesp.org.br\/index.php?rest_route=\/wp\/v2\/users\/9"}],"replies":[{"embeddable":true,"href":"https:\/\/portalfadesp.org.br\/index.php?rest_route=%2Fwp%2Fv2%2Fcomments&post=20254"}],"version-history":[{"count":106,"href":"https:\/\/portalfadesp.org.br\/index.php?rest_route=\/wp\/v2\/pages\/20254\/revisions"}],"predecessor-version":[{"id":36282,"href":"https:\/\/portalfadesp.org.br\/index.php?rest_route=\/wp\/v2\/pages\/20254\/revisions\/36282"}],"up":[{"embeddable":true,"href":"https:\/\/portalfadesp.org.br\/index.php?rest_route=\/wp\/v2\/pages\/329"}],"wp:attachment":[{"href":"https:\/\/portalfadesp.org.br\/index.php?rest_route=%2Fwp%2Fv2%2Fmedia&parent=20254"}],"curies":[{"name":"wp","href":"https:\/\/api.w.org\/{rel}","templated":true}]}}