{"id":19108,"date":"2021-11-29T00:00:10","date_gmt":"2021-11-29T03:00:10","guid":{"rendered":"https:\/\/162.215.13.167?page_id=19108"},"modified":"2022-12-20T10:50:30","modified_gmt":"2022-12-20T13:50:30","slug":"prefeitura-municipal-de-igarape-acu-pss-acs-2021","status":"publish","type":"page","link":"https:\/\/portalfadesp.org.br\/?page_id=19108","title":{"rendered":"Prefeitura Municipal de Igarap\u00e9-A\u00e7u \u2013 PSS ACS\/2021"},"content":{"rendered":"\t\t<div data-elementor-type=\"wp-page\" data-elementor-id=\"19108\" class=\"elementor elementor-19108\" data-elementor-post-type=\"page\">\n\t\t\t\t\t\t<section class=\"elementor-section elementor-top-section elementor-element elementor-element-7759e82 elementor-section-boxed elementor-section-height-default elementor-section-height-default\" data-id=\"7759e82\" data-element_type=\"section\">\n\t\t\t\t\t\t<div class=\"elementor-container elementor-column-gap-default\">\n\t\t\t\t\t<div class=\"elementor-column elementor-col-100 elementor-top-column elementor-element elementor-element-288dbe9\" data-id=\"288dbe9\" data-element_type=\"column\">\n\t\t\t<div class=\"elementor-widget-wrap elementor-element-populated\">\n\t\t\t\t\t\t<div class=\"elementor-element elementor-element-1ce31c8 elementor-widget elementor-widget-heading\" data-id=\"1ce31c8\" data-element_type=\"widget\" data-widget_type=\"heading.default\">\n\t\t\t\t<div class=\"elementor-widget-container\">\n\t\t\t\t\t<h1 class=\"elementor-heading-title elementor-size-default\">Prefeitura Municipal de Igarap\u00e9-A\u00e7u \u2013 PSP ACS\/2021<\/h1>\t\t\t\t<\/div>\n\t\t\t\t<\/div>\n\t\t\t\t<section class=\"elementor-section elementor-inner-section elementor-element elementor-element-5ba10ed elementor-section-boxed elementor-section-height-default elementor-section-height-default\" data-id=\"5ba10ed\" data-element_type=\"section\">\n\t\t\t\t\t\t<div class=\"elementor-container elementor-column-gap-default\">\n\t\t\t\t\t<div class=\"elementor-column elementor-col-50 elementor-inner-column elementor-element elementor-element-0b38389\" data-id=\"0b38389\" data-element_type=\"column\">\n\t\t\t<div class=\"elementor-widget-wrap elementor-element-populated\">\n\t\t\t\t\t\t<div class=\"elementor-element elementor-element-390424d elementor-widget elementor-widget-text-editor\" data-id=\"390424d\" data-element_type=\"widget\" data-widget_type=\"text-editor.default\">\n\t\t\t\t<div class=\"elementor-widget-container\">\n\t\t\t\t\t\t\t\t\t<p>A Prefeitura Municipal de Igarap\u00e9-A\u00e7u (PMI), atrav\u00e9s da Secretaria Municipal de Sa\u00fade, supervisionado pela Secretaria Municipal de Administra\u00e7\u00e3o, torna p\u00fablico o <strong>Edital de Abertura do Processo Seletivo P\u00fablico, Edital n\u00b0 01\/2021\/PMI\/ACS<\/strong>, destinado ao preenchimento de vagas na esfera municipal para o cargo de <strong>Agente Comunit\u00e1rio de Sa\u00fade (ACS)<\/strong>, conforme itens, subitens e anexos do Edital supracitados.<\/p>\n<p><strong>Vagas Imediatas: <\/strong>18 (dezoito)<\/p>\n<p><strong>Cadastro Reserva:<\/strong> 119 (cento e dezenove)<\/p>\n<p><strong>Cargos:<\/strong> Agente Comunit\u00e1rio de Sa\u00fade (ACS)<\/p>\n<p><strong>Taxa:<\/strong> R$ 70,00.<\/p>\n<p><strong>Escolaridade:<\/strong> N\u00edvel M\u00e9dio<\/p>\n<hr>\n<p><strong>Datas importantes:<\/strong><\/p>\n<p><strong>Per\u00edodo de Inscri\u00e7\u00e3o: at\u00e9 09\/12\/2021<\/strong><\/p>\n<p><strong style=\"font-family: Arial, Roboto, sans-serif; font-size: 14px;\">Pagamento da taxa de inscri\u00e7\u00e3o:<\/strong><span style=\"font-size: 14px;\"> 10\/12\/2021<\/span><br><\/p>\n<p><strong>Impress\u00e3o do cart\u00e3o de confirma\u00e7\u00e3o da 1\u00aa etapa:<\/strong> 03\/01\/22 a 09\/01\/2022<\/p>\n<p><strong>Data e hora prova objetiva da 1\u00aa etapa:<\/strong>&nbsp;09\/01\/2022 &#8211; 9h \u00e0s 12h<\/p>\n<p><strong>Impress\u00e3o do cart\u00e3o de confirma\u00e7\u00e3o da 2\u00aa etapa:<\/strong>&nbsp;11 a 13\/02\/2022<\/p>\n<p><strong>Data e hora prova objetiva da 2\u00aa etapa:<\/strong>&nbsp;13\/02\/2022 &#8211; 9h \u00e0s 12h&nbsp;<\/p>\t\t\t\t\t\t\t\t<\/div>\n\t\t\t\t<\/div>\n\t\t\t\t\t<\/div>\n\t\t<\/div>\n\t\t\t\t<div class=\"elementor-column elementor-col-50 elementor-inner-column elementor-element elementor-element-7503a48\" data-id=\"7503a48\" data-element_type=\"column\">\n\t\t\t<div class=\"elementor-widget-wrap elementor-element-populated\">\n\t\t\t\t\t\t<div class=\"elementor-element elementor-element-d825992 elementor-widget elementor-widget-text-editor\" data-id=\"d825992\" data-element_type=\"widget\" data-widget_type=\"text-editor.default\">\n\t\t\t\t<div class=\"elementor-widget-container\">\n\t\t\t\t\t\t\t\t\t<p><span style=\"color: #ffffff;\"><strong>Acompanhe sua Inscri\u00e7\u00e3o<\/strong><\/span><\/p>\t\t\t\t\t\t\t\t<\/div>\n\t\t\t\t<\/div>\n\t\t\t\t<div class=\"elementor-element elementor-element-7859794 elementor-widget elementor-widget-wp-widget-custom_html\" data-id=\"7859794\" data-element_type=\"widget\" data-widget_type=\"wp-widget-custom_html.default\">\n\t\t\t\t<div class=\"elementor-widget-container\">\n\t\t\t\t\t<div class=\"textwidget custom-html-widget\"><div class=\"botaoBug\" style=\"margin-bottom: 10px\">\r\n<b><a href=\"http:\/\/concursos.fadesp.org.br\/psspmi2021\/web\/index_recurso.php\">Recursos On-line(Clique aqui)<\/a><\/b>\r\n<\/div>\r\n<\/div>\t\t\t\t<\/div>\n\t\t\t\t<\/div>\n\t\t\t\t<div class=\"elementor-element elementor-element-81ea865 elementor-widget elementor-widget-text-editor\" data-id=\"81ea865\" data-element_type=\"widget\" data-widget_type=\"text-editor.default\">\n\t\t\t\t<div class=\"elementor-widget-container\">\n\t\t\t\t\t\t\t\t\t<p style=\"text-align: center;\"><span style=\"color: #ffffff;\"><strong>Editais e Avisos<\/strong><\/span><\/p>\t\t\t\t\t\t\t\t<\/div>\n\t\t\t\t<\/div>\n\t\t\t\t<div class=\"elementor-element elementor-element-500e575 elementor-widget elementor-widget-text-editor\" data-id=\"500e575\" data-element_type=\"widget\" data-widget_type=\"text-editor.default\">\n\t\t\t\t<div class=\"elementor-widget-container\">\n\t\t\t\t\t\t\t\t\t<p style=\"text-align: center;\"><strong><a href=\"http:\/\/concursos.fadesp.org.br\/psspmi2021\/arquivos\/Resultado Final Definitivo_PSSPMI.pdf\">Resultado<\/a><a href=\"http:\/\/concursos.fadesp.org.br\/psspmi2021\/arquivos\/Resultado Final Definitivo_PSSPMI.pdf\"> Final Definitivo, de 18\/03\/2022<\/a><\/strong><\/p><p style=\"text-align: center;\"><strong><a href=\"http:\/\/concursos.fadesp.org.br\/psspmi2021\/arquivos\/Resultado_Final_Preliminar_das_duas_Etapas.pdf\">Resultado Final Preliminar &#8211; Somat\u00f3ria de Notas das duas Etapas<\/a><\/strong><\/p><p style=\"text-align: center;\"><strong><a href=\"http:\/\/concursos.fadesp.org.br\/psspmi2021\/arquivos\/Resultado_Definitivo_2_Etapa.pdf\">Resultado Definitivo da 2\u00aa Etapa<\/a><\/strong><\/p><p style=\"text-align: center;\"><strong><a href=\"http:\/\/concursos.fadesp.org.br\/psspmi2021\/arquivos\/ResultadoPreliminar_2_Etapa.pdf\">Resultado Preliminar da 2\u00aa Etapa<\/a><\/strong><\/p><p style=\"text-align: center;\"><strong><a href=\"http:\/\/concursos.fadesp.org.br\/psspmi2021\/arquivos\/GABARITO_OFICIAL_DEFINITIVO_2_ETAPA.pdf\">Gabarito Oficial Definitivo da 2\u00aa Etapa<\/a><\/strong><\/p><p style=\"text-align: center;\"><strong><a href=\"http:\/\/concursos.fadesp.org.br\/psspmi2021\/arquivos\/GABARITO_OFICIAL_PRELIMINAR_2_ETAPA.pdf\">Gabarito Oficial Preliminar da 2\u00aa Etapa<\/a><\/strong><\/p><p style=\"text-align: center;\"><strong><a href=\"http:\/\/concursos.fadesp.org.br\/psspmi2021\/arquivos\/PROVA_OBJETIVA_2_ETAPA.pdf\">Prova Objetiva da 2\u00aa Etapa<\/a><\/strong><\/p><p style=\"text-align: center;\"><strong><a href=\"http:\/\/concursos.fadesp.org.br\/psspmi2021\/arquivos\/Resultado_Quanto_a_Frequencia_do_Curso_Preparatorio_da_2-ETAPA.pdf\">Resultado do Curso Preparat\u00f3rio<\/a><\/strong><\/p><p style=\"text-align: center;\"><strong><a href=\"http:\/\/concursos.fadesp.org.br\/psspmi2021\/arquivos\/Edital_02_Convoca\u00e7\u00e3o_ao_Curso_de_ACS.pdf\">Edital 02 &#8211; Convoca\u00e7\u00e3o ao Curso de ACS<\/a><\/strong><\/p><p style=\"text-align: center;\"><strong><a href=\"http:\/\/concursos.fadesp.org.br\/psspmi2021\/arquivos\/Resultado_Definitivo_da_1a_Etapa.pdf\">Resultado Definitivo da 1\u00aa Etapa<\/a><\/strong><\/p><p style=\"text-align: center;\"><strong><a href=\"http:\/\/concursos.fadesp.org.br\/psspmi2021\/arquivos\/ResultadoPreliminar_1_Etapa.pdf\">Resultado Preliminar da 1\u00aa Etapa<\/a><\/strong><\/p><p style=\"text-align: center;\"><strong><a href=\"http:\/\/concursos.fadesp.org.br\/psspmi2021\/arquivos\/GABARITO_OFICIAL_DEFINITIVO_1_ETAPA.pdf\">Gabarito Oficia<\/a><\/strong><\/p><p style=\"text-align: center;\"><strong><a href=\"http:\/\/concursos.fadesp.org.br\/psspmi2021\/arquivos\/GABARITO_OFICIAL_DEFINITIVO_1_ETAPA.pdf\">Gabarito Oficial Definitivo 1\u00aa Etapa<\/a><\/strong><\/p><p style=\"text-align: center;\"><strong><a href=\"http:\/\/concursos.fadesp.org.br\/psspmi2021\/arquivos\/GABARITO_OFICIAL_PRELIMINAR_1_ETAPA.pdf\">Gabarito Oficial Preliminar 1\u00aa Etapa<\/a><\/strong><\/p><p style=\"text-align: center;\"><strong><a href=\"http:\/\/concursos.fadesp.org.br\/psspmi2021\/arquivos\/PROVA_OBJETIVA_1_ETAPA.pdf\">Prova Objetiva 1\u00aa Etapa<\/a><\/strong><\/p><p style=\"text-align: center;\"><strong><a href=\"http:\/\/concursos.fadesp.org.br\/psspmi2021\/arquivos\/Demanda.pdf\">Demanda<\/a><\/strong><\/p><p style=\"text-align: center;\"><strong><a href=\"http:\/\/concursos.fadesp.org.br\/psspmi2021\/arquivos\/ResultadoDefinitivoInscricoes.pdf\">Resultado Definitivo das Inscri\u00e7\u00f5es<\/a><\/strong><\/p><p style=\"text-align: center;\"><strong><a href=\"http:\/\/concursos.fadesp.org.br\/psspmi2021\/arquivos\/ResultadoPreliminarInscricaes.pdf\">Resultado Preliminar das Inscri\u00e7\u00f5es<\/a><\/strong><\/p><p style=\"text-align: center;\"><strong><a href=\"http:\/\/concursos.fadesp.org.br\/psspmi2021\/arquivos\/Retificado_Cronograma.pdf\">Novo Cronograma &#8211; Retificado<\/a><\/strong><\/p><p style=\"text-align: center;\"><strong><a href=\"http:\/\/concursos.fadesp.org.br\/psspmi2021\/arquivos\/inscricao\/IsencaoHipossuficienciaDefinitiva.pdf\">Resultado Definitivo quanto a solicita\u00e7\u00e3o de Isen\u00e7\u00e3o por Hipossufici\u00eancia<\/a><\/strong><\/p><p style=\"text-align: center;\"><strong><a href=\"http:\/\/concursos.fadesp.org.br\/psspmi2021\/web\/index_recurso.php\">Respostas dos Recursos &#8211; Deferimento\/Indeferimento da taxa de Inscri\u00e7\u00e3o<\/a><\/strong><br \/><strong><a href=\"http:\/\/concursos.fadesp.org.br\/psspmi2021\/arquivos\/inscricao\/RetificacaoIsencaoHipossuficiencia.pdf\">Retifica\u00e7\u00e3o do Resultado do Deferimento\/Indeferimento da taxa de inscri\u00e7\u00e3o por Hipossufici\u00eancia Financeira<\/a><\/strong><\/p><p style=\"text-align: center;\"><strong><a href=\"http:\/\/concursos.fadesp.org.br\/psspmi2021\/arquivos\/inscricao\/IsencaoPcD.pdf\">Resultado &#8211; Isen\u00e7\u00e3o PcD<\/a><\/strong><\/p><p style=\"text-align: center;\"><strong><a href=\"http:\/\/concursos.fadesp.org.br\/psspmi2021\/arquivos\/inscricao\/IsencaoHipossuficiencia.pdf\">Resultado do Deferimento\/Indeferimento da taxa de inscri\u00e7\u00e3o por Hipossufici\u00eancia Financeira<\/a><\/strong><\/p><p style=\"text-align: center;\"><strong><a href=\"http:\/\/concursos.fadesp.org.br\/psspmi2021\/arquivos\/QuadrodeVagas.pdf\">Quadro de Vagas<\/a><\/strong><\/p><p style=\"text-align: center;\"><strong><a href=\"http:\/\/concursos.fadesp.org.br\/psspmi2021\/arquivos\/RequisitoProvimentoRemuneracao.pdf\">Requisitos Para Posse no Cargo e Remunera\u00e7\u00e3o<\/a><\/strong><\/p><p style=\"text-align: center;\"><strong><a href=\"http:\/\/concursos.fadesp.org.br\/psspmi2021\/arquivos\/Edital_de_Abertura.pdf\">Edital de Abertura<\/a><\/strong><\/p>\t\t\t\t\t\t\t\t<\/div>\n\t\t\t\t<\/div>\n\t\t\t\t\t<\/div>\n\t\t<\/div>\n\t\t\t\t\t<\/div>\n\t\t<\/section>\n\t\t\t\t\t<\/div>\n\t\t<\/div>\n\t\t\t\t\t<\/div>\n\t\t<\/section>\n\t\t\t\t<\/div>\n\t\t","protected":false},"excerpt":{"rendered":"<p>Prefeitura Municipal de Igarap\u00e9-A\u00e7u \u2013 PSP ACS\/2021 A Prefeitura Municipal de Igarap\u00e9-A\u00e7u (PMI), atrav\u00e9s da Secretaria Municipal de Sa\u00fade, supervisionado pela Secretaria Municipal de Administra\u00e7\u00e3o, torna p\u00fablico o Edital de Abertura do Processo Seletivo P\u00fablico, Edital n\u00b0 01\/2021\/PMI\/ACS, destinado ao preenchimento de vagas na esfera municipal para o cargo de Agente Comunit\u00e1rio de Sa\u00fade (ACS), [&hellip;]<\/p>\n","protected":false},"author":9,"featured_media":0,"parent":329,"menu_order":0,"comment_status":"closed","ping_status":"closed","template":"","meta":{"_monsterinsights_skip_tracking":false,"_monsterinsights_sitenote_active":false,"_monsterinsights_sitenote_note":"","_monsterinsights_sitenote_category":0,"footnotes":""},"class_list":["post-19108","page","type-page","status-publish","hentry","entry"],"yoast_head":"<!-- This site is optimized with the Yoast SEO plugin v25.1 - https:\/\/yoast.com\/wordpress\/plugins\/seo\/ -->\n<title>Prefeitura Municipal de Igarap\u00e9-A\u00e7u \u2013 PSS ACS\/2021 - FADESP<\/title>\n<meta name=\"robots\" content=\"index, follow, max-snippet:-1, max-image-preview:large, max-video-preview:-1\" \/>\n<link rel=\"canonical\" href=\"https:\/\/portalfadesp.org.br\/?page_id=19108\" \/>\n<meta property=\"og:locale\" content=\"pt_BR\" \/>\n<meta property=\"og:type\" content=\"article\" \/>\n<meta property=\"og:title\" content=\"Prefeitura Municipal de Igarap\u00e9-A\u00e7u \u2013 PSS ACS\/2021 - FADESP\" \/>\n<meta property=\"og:description\" content=\"Prefeitura Municipal de Igarap\u00e9-A\u00e7u \u2013 PSP ACS\/2021 A Prefeitura Municipal de Igarap\u00e9-A\u00e7u (PMI), atrav\u00e9s da Secretaria Municipal de Sa\u00fade, supervisionado pela Secretaria Municipal de Administra\u00e7\u00e3o, torna p\u00fablico o Edital de Abertura do Processo Seletivo P\u00fablico, Edital n\u00b0 01\/2021\/PMI\/ACS, destinado ao preenchimento de vagas na esfera municipal para o cargo de Agente Comunit\u00e1rio de Sa\u00fade (ACS), [&hellip;]\" \/>\n<meta property=\"og:url\" content=\"https:\/\/portalfadesp.org.br\/?page_id=19108\" \/>\n<meta property=\"og:site_name\" content=\"FADESP\" \/>\n<meta property=\"article:publisher\" content=\"https:\/\/www.facebook.com\/Fadesp-138351949524662\/\" \/>\n<meta property=\"article:modified_time\" content=\"2022-12-20T13:50:30+00:00\" \/>\n<meta name=\"twitter:card\" content=\"summary_large_image\" \/>\n<meta name=\"twitter:site\" content=\"@Fadesp\" \/>\n<meta name=\"twitter:label1\" content=\"Est. tempo de leitura\" \/>\n\t<meta name=\"twitter:data1\" content=\"1 minuto\" \/>\n<script type=\"application\/ld+json\" class=\"yoast-schema-graph\">{\"@context\":\"https:\/\/schema.org\",\"@graph\":[{\"@type\":\"WebPage\",\"@id\":\"https:\/\/portalfadesp.org.br\/?page_id=19108\",\"url\":\"https:\/\/portalfadesp.org.br\/?page_id=19108\",\"name\":\"Prefeitura Municipal de Igarap\u00e9-A\u00e7u \u2013 PSS ACS\/2021 - FADESP\",\"isPartOf\":{\"@id\":\"https:\/\/portalfadesp.org.br\/#website\"},\"datePublished\":\"2021-11-29T03:00:10+00:00\",\"dateModified\":\"2022-12-20T13:50:30+00:00\",\"breadcrumb\":{\"@id\":\"https:\/\/portalfadesp.org.br\/?page_id=19108#breadcrumb\"},\"inLanguage\":\"pt-BR\",\"potentialAction\":[{\"@type\":\"ReadAction\",\"target\":[\"https:\/\/portalfadesp.org.br\/?page_id=19108\"]}]},{\"@type\":\"BreadcrumbList\",\"@id\":\"https:\/\/portalfadesp.org.br\/?page_id=19108#breadcrumb\",\"itemListElement\":[{\"@type\":\"ListItem\",\"position\":1,\"name\":\"In\u00edcio\",\"item\":\"https:\/\/portalfadesp.org.br\/\"},{\"@type\":\"ListItem\",\"position\":2,\"name\":\"Concursos &#8211; Homologados\",\"item\":\"https:\/\/portalfadesp.org.br\/?page_id=329\"},{\"@type\":\"ListItem\",\"position\":3,\"name\":\"Prefeitura Municipal de Igarap\u00e9-A\u00e7u \u2013 PSS ACS\/2021\"}]},{\"@type\":\"WebSite\",\"@id\":\"https:\/\/portalfadesp.org.br\/#website\",\"url\":\"https:\/\/portalfadesp.org.br\/\",\"name\":\"FADESP\",\"description\":\"Funda\u00e7\u00e3o de Amparo e Desenvolvimento da Pesquisa\",\"publisher\":{\"@id\":\"https:\/\/portalfadesp.org.br\/#organization\"},\"potentialAction\":[{\"@type\":\"SearchAction\",\"target\":{\"@type\":\"EntryPoint\",\"urlTemplate\":\"https:\/\/portalfadesp.org.br\/?s={search_term_string}\"},\"query-input\":{\"@type\":\"PropertyValueSpecification\",\"valueRequired\":true,\"valueName\":\"search_term_string\"}}],\"inLanguage\":\"pt-BR\"},{\"@type\":\"Organization\",\"@id\":\"https:\/\/portalfadesp.org.br\/#organization\",\"name\":\"FADESP\",\"url\":\"https:\/\/portalfadesp.org.br\/\",\"logo\":{\"@type\":\"ImageObject\",\"inLanguage\":\"pt-BR\",\"@id\":\"https:\/\/portalfadesp.org.br\/#\/schema\/logo\/image\/\",\"url\":\"https:\/\/portalfadesp.org.br\/wp-content\/uploads\/2024\/01\/NOVOLOGOFADESPlaranjaH.png\",\"contentUrl\":\"https:\/\/portalfadesp.org.br\/wp-content\/uploads\/2024\/01\/NOVOLOGOFADESPlaranjaH.png\",\"width\":2742,\"height\":839,\"caption\":\"FADESP\"},\"image\":{\"@id\":\"https:\/\/portalfadesp.org.br\/#\/schema\/logo\/image\/\"},\"sameAs\":[\"https:\/\/www.facebook.com\/Fadesp-138351949524662\/\",\"https:\/\/x.com\/Fadesp\",\"https:\/\/www.instagram.com\/fadesp_ufpa\/\",\"https:\/\/www.youtube.com\/@fundacaodeamparoedesenvolv1903\",\"https:\/\/www.threads.net\/@fadesp_ufpa\"]}]}<\/script>\n<!-- \/ Yoast SEO plugin. -->","yoast_head_json":{"title":"Prefeitura Municipal de Igarap\u00e9-A\u00e7u \u2013 PSS ACS\/2021 - FADESP","robots":{"index":"index","follow":"follow","max-snippet":"max-snippet:-1","max-image-preview":"max-image-preview:large","max-video-preview":"max-video-preview:-1"},"canonical":"https:\/\/portalfadesp.org.br\/?page_id=19108","og_locale":"pt_BR","og_type":"article","og_title":"Prefeitura Municipal de Igarap\u00e9-A\u00e7u \u2013 PSS ACS\/2021 - FADESP","og_description":"Prefeitura Municipal de Igarap\u00e9-A\u00e7u \u2013 PSP ACS\/2021 A Prefeitura Municipal de Igarap\u00e9-A\u00e7u (PMI), atrav\u00e9s da Secretaria Municipal de Sa\u00fade, supervisionado pela Secretaria Municipal de Administra\u00e7\u00e3o, torna p\u00fablico o Edital de Abertura do Processo Seletivo P\u00fablico, Edital n\u00b0 01\/2021\/PMI\/ACS, destinado ao preenchimento de vagas na esfera municipal para o cargo de Agente Comunit\u00e1rio de Sa\u00fade (ACS), [&hellip;]","og_url":"https:\/\/portalfadesp.org.br\/?page_id=19108","og_site_name":"FADESP","article_publisher":"https:\/\/www.facebook.com\/Fadesp-138351949524662\/","article_modified_time":"2022-12-20T13:50:30+00:00","twitter_card":"summary_large_image","twitter_site":"@Fadesp","twitter_misc":{"Est. tempo de leitura":"1 minuto"},"schema":{"@context":"https:\/\/schema.org","@graph":[{"@type":"WebPage","@id":"https:\/\/portalfadesp.org.br\/?page_id=19108","url":"https:\/\/portalfadesp.org.br\/?page_id=19108","name":"Prefeitura Municipal de Igarap\u00e9-A\u00e7u \u2013 PSS ACS\/2021 - FADESP","isPartOf":{"@id":"https:\/\/portalfadesp.org.br\/#website"},"datePublished":"2021-11-29T03:00:10+00:00","dateModified":"2022-12-20T13:50:30+00:00","breadcrumb":{"@id":"https:\/\/portalfadesp.org.br\/?page_id=19108#breadcrumb"},"inLanguage":"pt-BR","potentialAction":[{"@type":"ReadAction","target":["https:\/\/portalfadesp.org.br\/?page_id=19108"]}]},{"@type":"BreadcrumbList","@id":"https:\/\/portalfadesp.org.br\/?page_id=19108#breadcrumb","itemListElement":[{"@type":"ListItem","position":1,"name":"In\u00edcio","item":"https:\/\/portalfadesp.org.br\/"},{"@type":"ListItem","position":2,"name":"Concursos &#8211; Homologados","item":"https:\/\/portalfadesp.org.br\/?page_id=329"},{"@type":"ListItem","position":3,"name":"Prefeitura Municipal de Igarap\u00e9-A\u00e7u \u2013 PSS ACS\/2021"}]},{"@type":"WebSite","@id":"https:\/\/portalfadesp.org.br\/#website","url":"https:\/\/portalfadesp.org.br\/","name":"FADESP","description":"Funda\u00e7\u00e3o de Amparo e Desenvolvimento da Pesquisa","publisher":{"@id":"https:\/\/portalfadesp.org.br\/#organization"},"potentialAction":[{"@type":"SearchAction","target":{"@type":"EntryPoint","urlTemplate":"https:\/\/portalfadesp.org.br\/?s={search_term_string}"},"query-input":{"@type":"PropertyValueSpecification","valueRequired":true,"valueName":"search_term_string"}}],"inLanguage":"pt-BR"},{"@type":"Organization","@id":"https:\/\/portalfadesp.org.br\/#organization","name":"FADESP","url":"https:\/\/portalfadesp.org.br\/","logo":{"@type":"ImageObject","inLanguage":"pt-BR","@id":"https:\/\/portalfadesp.org.br\/#\/schema\/logo\/image\/","url":"https:\/\/portalfadesp.org.br\/wp-content\/uploads\/2024\/01\/NOVOLOGOFADESPlaranjaH.png","contentUrl":"https:\/\/portalfadesp.org.br\/wp-content\/uploads\/2024\/01\/NOVOLOGOFADESPlaranjaH.png","width":2742,"height":839,"caption":"FADESP"},"image":{"@id":"https:\/\/portalfadesp.org.br\/#\/schema\/logo\/image\/"},"sameAs":["https:\/\/www.facebook.com\/Fadesp-138351949524662\/","https:\/\/x.com\/Fadesp","https:\/\/www.instagram.com\/fadesp_ufpa\/","https:\/\/www.youtube.com\/@fundacaodeamparoedesenvolv1903","https:\/\/www.threads.net\/@fadesp_ufpa"]}]}},"_links":{"self":[{"href":"https:\/\/portalfadesp.org.br\/index.php?rest_route=\/wp\/v2\/pages\/19108","targetHints":{"allow":["GET"]}}],"collection":[{"href":"https:\/\/portalfadesp.org.br\/index.php?rest_route=\/wp\/v2\/pages"}],"about":[{"href":"https:\/\/portalfadesp.org.br\/index.php?rest_route=\/wp\/v2\/types\/page"}],"author":[{"embeddable":true,"href":"https:\/\/portalfadesp.org.br\/index.php?rest_route=\/wp\/v2\/users\/9"}],"replies":[{"embeddable":true,"href":"https:\/\/portalfadesp.org.br\/index.php?rest_route=%2Fwp%2Fv2%2Fcomments&post=19108"}],"version-history":[{"count":255,"href":"https:\/\/portalfadesp.org.br\/index.php?rest_route=\/wp\/v2\/pages\/19108\/revisions"}],"predecessor-version":[{"id":36249,"href":"https:\/\/portalfadesp.org.br\/index.php?rest_route=\/wp\/v2\/pages\/19108\/revisions\/36249"}],"up":[{"embeddable":true,"href":"https:\/\/portalfadesp.org.br\/index.php?rest_route=\/wp\/v2\/pages\/329"}],"wp:attachment":[{"href":"https:\/\/portalfadesp.org.br\/index.php?rest_route=%2Fwp%2Fv2%2Fmedia&parent=19108"}],"curies":[{"name":"wp","href":"https:\/\/api.w.org\/{rel}","templated":true}]}}