{"id":18045,"date":"2021-07-29T11:41:26","date_gmt":"2021-07-29T14:41:26","guid":{"rendered":"https:\/\/162.215.13.167?page_id=18045"},"modified":"2022-12-21T13:49:51","modified_gmt":"2022-12-21T16:49:51","slug":"exame-de-proficiencia-em-lingua-portuguesa-para-estrangeiros-celpe-bras-2021","status":"publish","type":"page","link":"https:\/\/portalfadesp.org.br\/?page_id=18045","title":{"rendered":"Exame de Profici\u00eancia Em L\u00edngua Portuguesa Para Estrangeiros &#8211; CELPE-BRAS &#8211; 2021"},"content":{"rendered":"\t\t<div data-elementor-type=\"wp-post\" data-elementor-id=\"18045\" class=\"elementor elementor-18045\" data-elementor-post-type=\"page\">\n\t\t\t\t\t\t<section class=\"elementor-section elementor-top-section elementor-element elementor-element-2a40db40 elementor-section-boxed elementor-section-height-default elementor-section-height-default\" data-id=\"2a40db40\" data-element_type=\"section\">\n\t\t\t\t\t\t<div class=\"elementor-container elementor-column-gap-default\">\n\t\t\t\t\t<div class=\"elementor-column elementor-col-100 elementor-top-column elementor-element elementor-element-4e956b47\" data-id=\"4e956b47\" data-element_type=\"column\">\n\t\t\t<div class=\"elementor-widget-wrap elementor-element-populated\">\n\t\t\t\t\t\t<div class=\"elementor-element elementor-element-372de194 elementor-widget elementor-widget-heading\" data-id=\"372de194\" data-element_type=\"widget\" data-widget_type=\"heading.default\">\n\t\t\t\t<div class=\"elementor-widget-container\">\n\t\t\t\t\t<h1 class=\"elementor-heading-title elementor-size-default\">Exame de Profici\u00eancia Em L\u00edngua Portuguesa Para Estrangeiros - CELPE-BRAS - 2021<\/h1>\t\t\t\t<\/div>\n\t\t\t\t<\/div>\n\t\t\t\t<section class=\"elementor-section elementor-inner-section elementor-element elementor-element-31e54043 elementor-section-boxed elementor-section-height-default elementor-section-height-default\" data-id=\"31e54043\" data-element_type=\"section\">\n\t\t\t\t\t\t<div class=\"elementor-container elementor-column-gap-default\">\n\t\t\t\t\t<div class=\"elementor-column elementor-col-50 elementor-inner-column elementor-element elementor-element-15f41bd\" data-id=\"15f41bd\" data-element_type=\"column\">\n\t\t\t<div class=\"elementor-widget-wrap elementor-element-populated\">\n\t\t\t\t\t\t<div class=\"elementor-element elementor-element-35279451 elementor-widget elementor-widget-text-editor\" data-id=\"35279451\" data-element_type=\"widget\" data-widget_type=\"text-editor.default\">\n\t\t\t\t<div class=\"elementor-widget-container\">\n\t\t\t\t\t\t\t\t\t<p>O Celpe-Bras \u00e9 o exame brasileiro oficial para\u00a0 certificar profici\u00eancia em\u00a0 l\u00edngua portuguesa e \u00e9\u00a0 coordenado pelo Inep, com apoio do Minist\u00e9rio da Educa\u00e7\u00e3o e do Minist\u00e9rio das Rela\u00e7\u00f5es Exteriores. A aplica\u00e7\u00e3o \u00e9 feita por postos credenciados pela\u00a0 autarquia, que s\u00e3o,\u00a0 obrigatoriamente,\u00a0 institui\u00e7\u00f5es ligadas ao ensino da l\u00edngua portuguesa para estrangeiros \u2013 como institui\u00e7\u00f5es de educa\u00e7\u00e3o superior, miss\u00f5es\u00a0 consulares, centros e institutos culturais. O exame \u00e9 aceito como comprova\u00e7\u00e3o de profici\u00eancia no uso da l\u00edngua portuguesa pelas institui\u00e7\u00f5es de ensino superior, destinado a brasileiros e estrangeiros para ingresso em cursos de gradua\u00e7\u00e3o e em programas de p\u00f3s-gradua\u00e7\u00e3o, bem como para valida\u00e7\u00e3o de diplomas de profissionais estrangeiros que pretendem trabalhar no Brasil.<\/p><p><span style=\"color: #000000;\"><strong>Vagas: <\/strong>\u00a060 <strong>(sessenta)<\/strong> vagas.<\/span><\/p><p><span style=\"color: #000000;\"><strong>Taxa de inscri\u00e7\u00e3o: <\/strong>R$ 230,00 (duzentos e trinta reais)<\/span><\/p><p><span style=\"color: #000000;\"><strong>Inscri\u00e7\u00f5es:<\/strong> 26\/07 a 10\/08\/2021<\/span><\/p><p><span style=\"color: #000000;\"><strong>Mais informa\u00e7\u00f5es pelo site:<\/strong><\/span><br \/><span style=\"color: #000000;\"><a title=\"CELPE-BRAS\" href=\"https:\/\/www.gov.br\/inep\/pt-br\/areas-de-atuacao\/avaliacao-e-exames-educacionais\/celpe-bras\">https:\/\/www.gov.br\/inep\/pt-br\/areas-de-atuacao\/avaliacao-e-exames-educacionais\/celpe-bras<\/a><\/span><\/p>\t\t\t\t\t\t\t\t<\/div>\n\t\t\t\t<\/div>\n\t\t\t\t\t<\/div>\n\t\t<\/div>\n\t\t\t\t<div class=\"elementor-column elementor-col-50 elementor-inner-column elementor-element elementor-element-1a284bc5\" data-id=\"1a284bc5\" data-element_type=\"column\">\n\t\t\t<div class=\"elementor-widget-wrap elementor-element-populated\">\n\t\t\t\t\t\t<div class=\"elementor-element elementor-element-6445c0f3 elementor-widget elementor-widget-text-editor\" data-id=\"6445c0f3\" data-element_type=\"widget\" data-widget_type=\"text-editor.default\">\n\t\t\t\t<div class=\"elementor-widget-container\">\n\t\t\t\t\t\t\t\t\t<p style=\"text-align: center;\"><span style=\"color: #ffffff;\"><b>Avisos<\/b><\/span><\/p>\t\t\t\t\t\t\t\t<\/div>\n\t\t\t\t<\/div>\n\t\t\t\t<div class=\"elementor-element elementor-element-433fb7f0 elementor-widget elementor-widget-text-editor\" data-id=\"433fb7f0\" data-element_type=\"widget\" data-widget_type=\"text-editor.default\">\n\t\t\t\t<div class=\"elementor-widget-container\">\n\t\t\t\t\t\t\t\t\t<p style=\"text-align: center;\"><span style=\"color: #ffffff;\"><strong>Editais<\/strong><\/span><\/p>\t\t\t\t\t\t\t\t<\/div>\n\t\t\t\t<\/div>\n\t\t\t\t<div class=\"elementor-element elementor-element-61ab10cc elementor-widget elementor-widget-text-editor\" data-id=\"61ab10cc\" data-element_type=\"widget\" data-widget_type=\"text-editor.default\">\n\t\t\t\t<div class=\"elementor-widget-container\">\n\t\t\t\t\t\t\t\t\t<span style=\"color: #000000;\">Edital <a href=\"..\/wp-content\/uploads\/2021\/07\/Celpe-BrasFADESP_2021.pdf\"><strong>(Clique Aqui)<\/strong><\/a><\/span>\t\t\t\t\t\t\t\t<\/div>\n\t\t\t\t<\/div>\n\t\t\t\t\t<\/div>\n\t\t<\/div>\n\t\t\t\t\t<\/div>\n\t\t<\/section>\n\t\t\t\t\t<\/div>\n\t\t<\/div>\n\t\t\t\t\t<\/div>\n\t\t<\/section>\n\t\t\t\t<\/div>\n\t\t","protected":false},"excerpt":{"rendered":"<p>Exame de Profici\u00eancia Em L\u00edngua Portuguesa Para Estrangeiros &#8211; CELPE-BRAS &#8211; 2021 O Celpe-Bras \u00e9 o exame brasileiro oficial para\u00a0 certificar profici\u00eancia em\u00a0 l\u00edngua portuguesa e \u00e9\u00a0 coordenado pelo Inep, com apoio do Minist\u00e9rio da Educa\u00e7\u00e3o e do Minist\u00e9rio das Rela\u00e7\u00f5es Exteriores. A aplica\u00e7\u00e3o \u00e9 feita por postos credenciados pela\u00a0 autarquia, que s\u00e3o,\u00a0 obrigatoriamente,\u00a0 institui\u00e7\u00f5es [&hellip;]<\/p>\n","protected":false},"author":9,"featured_media":0,"parent":0,"menu_order":0,"comment_status":"closed","ping_status":"closed","template":"","meta":{"_monsterinsights_skip_tracking":false,"_monsterinsights_sitenote_active":false,"_monsterinsights_sitenote_note":"","_monsterinsights_sitenote_category":0,"footnotes":""},"class_list":["post-18045","page","type-page","status-publish","hentry","entry"],"yoast_head":"<!-- This site is optimized with the Yoast SEO plugin v25.1 - https:\/\/yoast.com\/wordpress\/plugins\/seo\/ -->\n<title>Exame de Profici\u00eancia Em L\u00edngua Portuguesa Para Estrangeiros - CELPE-BRAS - 2021 - FADESP<\/title>\n<meta name=\"robots\" content=\"index, follow, max-snippet:-1, max-image-preview:large, max-video-preview:-1\" \/>\n<link rel=\"canonical\" href=\"https:\/\/portalfadesp.org.br\/?page_id=18045\" \/>\n<meta property=\"og:locale\" content=\"pt_BR\" \/>\n<meta property=\"og:type\" content=\"article\" \/>\n<meta property=\"og:title\" content=\"Exame de Profici\u00eancia Em L\u00edngua Portuguesa Para Estrangeiros - CELPE-BRAS - 2021 - FADESP\" \/>\n<meta property=\"og:description\" content=\"Exame de Profici\u00eancia Em L\u00edngua Portuguesa Para Estrangeiros &#8211; CELPE-BRAS &#8211; 2021 O Celpe-Bras \u00e9 o exame brasileiro oficial para\u00a0 certificar profici\u00eancia em\u00a0 l\u00edngua portuguesa e \u00e9\u00a0 coordenado pelo Inep, com apoio do Minist\u00e9rio da Educa\u00e7\u00e3o e do Minist\u00e9rio das Rela\u00e7\u00f5es Exteriores. A aplica\u00e7\u00e3o \u00e9 feita por postos credenciados pela\u00a0 autarquia, que s\u00e3o,\u00a0 obrigatoriamente,\u00a0 institui\u00e7\u00f5es [&hellip;]\" \/>\n<meta property=\"og:url\" content=\"https:\/\/portalfadesp.org.br\/?page_id=18045\" \/>\n<meta property=\"og:site_name\" content=\"FADESP\" \/>\n<meta property=\"article:publisher\" content=\"https:\/\/www.facebook.com\/Fadesp-138351949524662\/\" \/>\n<meta property=\"article:modified_time\" content=\"2022-12-21T16:49:51+00:00\" \/>\n<meta name=\"twitter:card\" content=\"summary_large_image\" \/>\n<meta name=\"twitter:site\" content=\"@Fadesp\" \/>\n<meta name=\"twitter:label1\" content=\"Est. tempo de leitura\" \/>\n\t<meta name=\"twitter:data1\" content=\"1 minuto\" \/>\n<script type=\"application\/ld+json\" class=\"yoast-schema-graph\">{\"@context\":\"https:\/\/schema.org\",\"@graph\":[{\"@type\":\"WebPage\",\"@id\":\"https:\/\/portalfadesp.org.br\/?page_id=18045\",\"url\":\"https:\/\/portalfadesp.org.br\/?page_id=18045\",\"name\":\"Exame de Profici\u00eancia Em L\u00edngua Portuguesa Para Estrangeiros - CELPE-BRAS - 2021 - FADESP\",\"isPartOf\":{\"@id\":\"https:\/\/portalfadesp.org.br\/#website\"},\"datePublished\":\"2021-07-29T14:41:26+00:00\",\"dateModified\":\"2022-12-21T16:49:51+00:00\",\"breadcrumb\":{\"@id\":\"https:\/\/portalfadesp.org.br\/?page_id=18045#breadcrumb\"},\"inLanguage\":\"pt-BR\",\"potentialAction\":[{\"@type\":\"ReadAction\",\"target\":[\"https:\/\/portalfadesp.org.br\/?page_id=18045\"]}]},{\"@type\":\"BreadcrumbList\",\"@id\":\"https:\/\/portalfadesp.org.br\/?page_id=18045#breadcrumb\",\"itemListElement\":[{\"@type\":\"ListItem\",\"position\":1,\"name\":\"In\u00edcio\",\"item\":\"https:\/\/portalfadesp.org.br\/\"},{\"@type\":\"ListItem\",\"position\":2,\"name\":\"Exame de Profici\u00eancia Em L\u00edngua Portuguesa Para Estrangeiros &#8211; CELPE-BRAS &#8211; 2021\"}]},{\"@type\":\"WebSite\",\"@id\":\"https:\/\/portalfadesp.org.br\/#website\",\"url\":\"https:\/\/portalfadesp.org.br\/\",\"name\":\"FADESP\",\"description\":\"Funda\u00e7\u00e3o de Amparo e Desenvolvimento da Pesquisa\",\"publisher\":{\"@id\":\"https:\/\/portalfadesp.org.br\/#organization\"},\"potentialAction\":[{\"@type\":\"SearchAction\",\"target\":{\"@type\":\"EntryPoint\",\"urlTemplate\":\"https:\/\/portalfadesp.org.br\/?s={search_term_string}\"},\"query-input\":{\"@type\":\"PropertyValueSpecification\",\"valueRequired\":true,\"valueName\":\"search_term_string\"}}],\"inLanguage\":\"pt-BR\"},{\"@type\":\"Organization\",\"@id\":\"https:\/\/portalfadesp.org.br\/#organization\",\"name\":\"FADESP\",\"url\":\"https:\/\/portalfadesp.org.br\/\",\"logo\":{\"@type\":\"ImageObject\",\"inLanguage\":\"pt-BR\",\"@id\":\"https:\/\/portalfadesp.org.br\/#\/schema\/logo\/image\/\",\"url\":\"https:\/\/portalfadesp.org.br\/wp-content\/uploads\/2024\/01\/NOVOLOGOFADESPlaranjaH.png\",\"contentUrl\":\"https:\/\/portalfadesp.org.br\/wp-content\/uploads\/2024\/01\/NOVOLOGOFADESPlaranjaH.png\",\"width\":2742,\"height\":839,\"caption\":\"FADESP\"},\"image\":{\"@id\":\"https:\/\/portalfadesp.org.br\/#\/schema\/logo\/image\/\"},\"sameAs\":[\"https:\/\/www.facebook.com\/Fadesp-138351949524662\/\",\"https:\/\/x.com\/Fadesp\",\"https:\/\/www.instagram.com\/fadesp_ufpa\/\",\"https:\/\/www.youtube.com\/@fundacaodeamparoedesenvolv1903\",\"https:\/\/www.threads.net\/@fadesp_ufpa\"]}]}<\/script>\n<!-- \/ Yoast SEO plugin. -->","yoast_head_json":{"title":"Exame de Profici\u00eancia Em L\u00edngua Portuguesa Para Estrangeiros - CELPE-BRAS - 2021 - FADESP","robots":{"index":"index","follow":"follow","max-snippet":"max-snippet:-1","max-image-preview":"max-image-preview:large","max-video-preview":"max-video-preview:-1"},"canonical":"https:\/\/portalfadesp.org.br\/?page_id=18045","og_locale":"pt_BR","og_type":"article","og_title":"Exame de Profici\u00eancia Em L\u00edngua Portuguesa Para Estrangeiros - CELPE-BRAS - 2021 - FADESP","og_description":"Exame de Profici\u00eancia Em L\u00edngua Portuguesa Para Estrangeiros &#8211; CELPE-BRAS &#8211; 2021 O Celpe-Bras \u00e9 o exame brasileiro oficial para\u00a0 certificar profici\u00eancia em\u00a0 l\u00edngua portuguesa e \u00e9\u00a0 coordenado pelo Inep, com apoio do Minist\u00e9rio da Educa\u00e7\u00e3o e do Minist\u00e9rio das Rela\u00e7\u00f5es Exteriores. A aplica\u00e7\u00e3o \u00e9 feita por postos credenciados pela\u00a0 autarquia, que s\u00e3o,\u00a0 obrigatoriamente,\u00a0 institui\u00e7\u00f5es [&hellip;]","og_url":"https:\/\/portalfadesp.org.br\/?page_id=18045","og_site_name":"FADESP","article_publisher":"https:\/\/www.facebook.com\/Fadesp-138351949524662\/","article_modified_time":"2022-12-21T16:49:51+00:00","twitter_card":"summary_large_image","twitter_site":"@Fadesp","twitter_misc":{"Est. tempo de leitura":"1 minuto"},"schema":{"@context":"https:\/\/schema.org","@graph":[{"@type":"WebPage","@id":"https:\/\/portalfadesp.org.br\/?page_id=18045","url":"https:\/\/portalfadesp.org.br\/?page_id=18045","name":"Exame de Profici\u00eancia Em L\u00edngua Portuguesa Para Estrangeiros - CELPE-BRAS - 2021 - FADESP","isPartOf":{"@id":"https:\/\/portalfadesp.org.br\/#website"},"datePublished":"2021-07-29T14:41:26+00:00","dateModified":"2022-12-21T16:49:51+00:00","breadcrumb":{"@id":"https:\/\/portalfadesp.org.br\/?page_id=18045#breadcrumb"},"inLanguage":"pt-BR","potentialAction":[{"@type":"ReadAction","target":["https:\/\/portalfadesp.org.br\/?page_id=18045"]}]},{"@type":"BreadcrumbList","@id":"https:\/\/portalfadesp.org.br\/?page_id=18045#breadcrumb","itemListElement":[{"@type":"ListItem","position":1,"name":"In\u00edcio","item":"https:\/\/portalfadesp.org.br\/"},{"@type":"ListItem","position":2,"name":"Exame de Profici\u00eancia Em L\u00edngua Portuguesa Para Estrangeiros &#8211; CELPE-BRAS &#8211; 2021"}]},{"@type":"WebSite","@id":"https:\/\/portalfadesp.org.br\/#website","url":"https:\/\/portalfadesp.org.br\/","name":"FADESP","description":"Funda\u00e7\u00e3o de Amparo e Desenvolvimento da Pesquisa","publisher":{"@id":"https:\/\/portalfadesp.org.br\/#organization"},"potentialAction":[{"@type":"SearchAction","target":{"@type":"EntryPoint","urlTemplate":"https:\/\/portalfadesp.org.br\/?s={search_term_string}"},"query-input":{"@type":"PropertyValueSpecification","valueRequired":true,"valueName":"search_term_string"}}],"inLanguage":"pt-BR"},{"@type":"Organization","@id":"https:\/\/portalfadesp.org.br\/#organization","name":"FADESP","url":"https:\/\/portalfadesp.org.br\/","logo":{"@type":"ImageObject","inLanguage":"pt-BR","@id":"https:\/\/portalfadesp.org.br\/#\/schema\/logo\/image\/","url":"https:\/\/portalfadesp.org.br\/wp-content\/uploads\/2024\/01\/NOVOLOGOFADESPlaranjaH.png","contentUrl":"https:\/\/portalfadesp.org.br\/wp-content\/uploads\/2024\/01\/NOVOLOGOFADESPlaranjaH.png","width":2742,"height":839,"caption":"FADESP"},"image":{"@id":"https:\/\/portalfadesp.org.br\/#\/schema\/logo\/image\/"},"sameAs":["https:\/\/www.facebook.com\/Fadesp-138351949524662\/","https:\/\/x.com\/Fadesp","https:\/\/www.instagram.com\/fadesp_ufpa\/","https:\/\/www.youtube.com\/@fundacaodeamparoedesenvolv1903","https:\/\/www.threads.net\/@fadesp_ufpa"]}]}},"_links":{"self":[{"href":"https:\/\/portalfadesp.org.br\/index.php?rest_route=\/wp\/v2\/pages\/18045","targetHints":{"allow":["GET"]}}],"collection":[{"href":"https:\/\/portalfadesp.org.br\/index.php?rest_route=\/wp\/v2\/pages"}],"about":[{"href":"https:\/\/portalfadesp.org.br\/index.php?rest_route=\/wp\/v2\/types\/page"}],"author":[{"embeddable":true,"href":"https:\/\/portalfadesp.org.br\/index.php?rest_route=\/wp\/v2\/users\/9"}],"replies":[{"embeddable":true,"href":"https:\/\/portalfadesp.org.br\/index.php?rest_route=%2Fwp%2Fv2%2Fcomments&post=18045"}],"version-history":[{"count":20,"href":"https:\/\/portalfadesp.org.br\/index.php?rest_route=\/wp\/v2\/pages\/18045\/revisions"}],"predecessor-version":[{"id":38528,"href":"https:\/\/portalfadesp.org.br\/index.php?rest_route=\/wp\/v2\/pages\/18045\/revisions\/38528"}],"wp:attachment":[{"href":"https:\/\/portalfadesp.org.br\/index.php?rest_route=%2Fwp%2Fv2%2Fmedia&parent=18045"}],"curies":[{"name":"wp","href":"https:\/\/api.w.org\/{rel}","templated":true}]}}