{"id":17432,"date":"2021-07-07T15:36:12","date_gmt":"2021-07-07T18:36:12","guid":{"rendered":"https:\/\/162.215.13.167?page_id=17432"},"modified":"2022-12-21T14:09:49","modified_gmt":"2022-12-21T17:09:49","slug":"curso-livre-de-lingua-inglesa-e-libras-cllil-2o-semestre-2021","status":"publish","type":"page","link":"https:\/\/portalfadesp.org.br\/?page_id=17432","title":{"rendered":"Curso Livre de L\u00edngua Inglesa e Libras-CLLIL &#8211; 2\u00ba Semestre 2021"},"content":{"rendered":"\t\t<div data-elementor-type=\"wp-post\" data-elementor-id=\"17432\" class=\"elementor elementor-17432\" data-elementor-post-type=\"page\">\n\t\t\t\t\t\t<section class=\"elementor-section elementor-top-section elementor-element elementor-element-2a40db40 elementor-section-boxed elementor-section-height-default elementor-section-height-default\" data-id=\"2a40db40\" data-element_type=\"section\">\n\t\t\t\t\t\t<div class=\"elementor-container elementor-column-gap-default\">\n\t\t\t\t\t<div class=\"elementor-column elementor-col-100 elementor-top-column elementor-element elementor-element-4e956b47\" data-id=\"4e956b47\" data-element_type=\"column\">\n\t\t\t<div class=\"elementor-widget-wrap elementor-element-populated\">\n\t\t\t\t\t\t<div class=\"elementor-element elementor-element-372de194 elementor-widget elementor-widget-heading\" data-id=\"372de194\" data-element_type=\"widget\" data-widget_type=\"heading.default\">\n\t\t\t\t<div class=\"elementor-widget-container\">\n\t\t\t\t\t<h1 class=\"elementor-heading-title elementor-size-default\">Curso Livre de L\u00edngua Inglesa e Libras-CLLIL - 2\u00ba Semestre 2021<\/h1>\t\t\t\t<\/div>\n\t\t\t\t<\/div>\n\t\t\t\t<section class=\"elementor-section elementor-inner-section elementor-element elementor-element-31e54043 elementor-section-boxed elementor-section-height-default elementor-section-height-default\" data-id=\"31e54043\" data-element_type=\"section\">\n\t\t\t\t\t\t<div class=\"elementor-container elementor-column-gap-default\">\n\t\t\t\t\t<div class=\"elementor-column elementor-col-50 elementor-inner-column elementor-element elementor-element-15f41bd\" data-id=\"15f41bd\" data-element_type=\"column\">\n\t\t\t<div class=\"elementor-widget-wrap elementor-element-populated\">\n\t\t\t\t\t\t<div class=\"elementor-element elementor-element-35279451 elementor-widget elementor-widget-text-editor\" data-id=\"35279451\" data-element_type=\"widget\" data-widget_type=\"text-editor.default\">\n\t\t\t\t<div class=\"elementor-widget-container\">\n\t\t\t\t\t\t\t\t\t<p>As aulas de ingl\u00eas e Libras ser\u00e3o ofertadas na modalidade online no 2\u00ba\u00a0 semestre de 2021. Os Cursos online oferecer\u00e3o a alunos e alunas acesso a videoaulas\u00a0 e todas as unidades do livro\u00a0 did\u00e1tico e aulas ao vivo\u00a0 (lives) 2 vezes por semana. escolha seu hor\u00e1rio, matricule-se e venha estudar uma nova l\u00edngua na UFPA Altamira, sem sair de casa.<\/p><p><strong><span style=\"color: #000000;\">Divis\u00e3o dos cursos:<\/span><\/strong><br \/><strong><span style=\"color: #000000;\">&#8211; Ingl\u00eas On-line:<\/span><\/strong><br \/>N\u00edvel 1. Aulas \u00e0s segundas e quartas-feiras: 19h \u00e0s 20h.<\/p><p><strong><span style=\"color: #000000;\">&#8211; Ingl\u00eas Instrumental On-line:<\/span><\/strong><br \/>Foco nas habilidades de leitura, interpreta\u00e7\u00e3o e escrita. Aulas \u00e0s ter\u00e7as e quintas-feiras: 19h \u00e0s 20h.<\/p><p><strong><span style=\"color: #000000;\">&#8211; Libras On-line:<\/span><\/strong><br \/>N\u00edvel B\u00e1sico 1. Aulas \u00e0s ter\u00e7as e quintas-feiras: 19h \u00e0s 20h.<\/p><p><span style=\"color: #000000;\"><span style=\"color: #000000;\"><b>Per\u00edodo<\/b><\/span><strong style=\"color: #000000;\">\u00a0das Aulas:\u00a0<\/strong><\/span><br \/>16\/8\/2021 a 03\/12\/2021.<\/p><p><strong>Valor:<\/strong><br \/>R$ 430,00, <strong>por semestre<\/strong>. (podendo ser dividido em uma parcela de R$150,00 + quatro parcelas de R$ 70,00 ), ou \u00e0 vista com 5% de desconto (R$ 408,50)<\/p><p><span style=\"color: #000000;\"><strong>Mais informa\u00e7\u00f5es pelo e-mail: <\/strong>cursolivreadm@hotmail.com<\/span><br \/><span style=\"color: #000000;\"><strong>ou pelo telefone:<\/strong> (93) 2122-0536<\/span><\/p>\t\t\t\t\t\t\t\t<\/div>\n\t\t\t\t<\/div>\n\t\t\t\t\t<\/div>\n\t\t<\/div>\n\t\t\t\t<div class=\"elementor-column elementor-col-50 elementor-inner-column elementor-element elementor-element-1a284bc5\" data-id=\"1a284bc5\" data-element_type=\"column\">\n\t\t\t<div class=\"elementor-widget-wrap elementor-element-populated\">\n\t\t\t\t\t\t<div class=\"elementor-element elementor-element-6445c0f3 elementor-widget elementor-widget-text-editor\" data-id=\"6445c0f3\" data-element_type=\"widget\" data-widget_type=\"text-editor.default\">\n\t\t\t\t<div class=\"elementor-widget-container\">\n\t\t\t\t\t\t\t\t\t<p style=\"text-align: center;\"><span style=\"color: #ffffff;\"><b>Avisos<\/b><\/span><\/p>\t\t\t\t\t\t\t\t<\/div>\n\t\t\t\t<\/div>\n\t\t\t\t<div class=\"elementor-element elementor-element-433fb7f0 elementor-widget elementor-widget-text-editor\" data-id=\"433fb7f0\" data-element_type=\"widget\" data-widget_type=\"text-editor.default\">\n\t\t\t\t<div class=\"elementor-widget-container\">\n\t\t\t\t\t\t\t\t\t<p style=\"text-align: center;\"><span style=\"color: #ffffff;\"><strong>Editais<\/strong><\/span><\/p>\t\t\t\t\t\t\t\t<\/div>\n\t\t\t\t<\/div>\n\t\t\t\t<div class=\"elementor-element elementor-element-61ab10cc elementor-widget elementor-widget-text-editor\" data-id=\"61ab10cc\" data-element_type=\"widget\" data-widget_type=\"text-editor.default\">\n\t\t\t\t<div class=\"elementor-widget-container\">\n\t\t\t\t\t\t\t\t\t<p><span style=\"color: #000000;\">Edital <a href=\"..\/wp-content\/uploads\/2021\/07\/EDITAL-DE-MATRICULA-2o-semestre-de-2021-TURMAS-INICIANTES.pdf\"><strong>(Clique Aqui)<\/strong><\/a><\/span><br \/><span style=\"color: #000000;\">Edital &#8211; Turmas a partir do 2\u00ba n\u00edvel <a href=\"..\/wp-content\/uploads\/2021\/07\/EditalTurmas2Nivel.pdf\"><strong>(Clique Aqui)<\/strong><\/a><\/span><\/p>\t\t\t\t\t\t\t\t<\/div>\n\t\t\t\t<\/div>\n\t\t\t\t\t<\/div>\n\t\t<\/div>\n\t\t\t\t\t<\/div>\n\t\t<\/section>\n\t\t\t\t\t<\/div>\n\t\t<\/div>\n\t\t\t\t\t<\/div>\n\t\t<\/section>\n\t\t\t\t<\/div>\n\t\t","protected":false},"excerpt":{"rendered":"<p>Curso Livre de L\u00edngua Inglesa e Libras-CLLIL &#8211; 2\u00ba Semestre 2021 As aulas de ingl\u00eas e Libras ser\u00e3o ofertadas na modalidade online no 2\u00ba\u00a0 semestre de 2021. Os Cursos online oferecer\u00e3o a alunos e alunas acesso a videoaulas\u00a0 e todas as unidades do livro\u00a0 did\u00e1tico e aulas ao vivo\u00a0 (lives) 2 vezes por semana. escolha [&hellip;]<\/p>\n","protected":false},"author":9,"featured_media":0,"parent":0,"menu_order":0,"comment_status":"closed","ping_status":"closed","template":"","meta":{"_monsterinsights_skip_tracking":false,"_monsterinsights_sitenote_active":false,"_monsterinsights_sitenote_note":"","_monsterinsights_sitenote_category":0,"footnotes":""},"class_list":["post-17432","page","type-page","status-publish","hentry","entry"],"yoast_head":"<!-- This site is optimized with the Yoast SEO plugin v25.1 - https:\/\/yoast.com\/wordpress\/plugins\/seo\/ -->\n<title>Curso Livre de L\u00edngua Inglesa e Libras-CLLIL - 2\u00ba Semestre 2021 - FADESP<\/title>\n<meta name=\"robots\" content=\"index, follow, max-snippet:-1, max-image-preview:large, max-video-preview:-1\" \/>\n<link rel=\"canonical\" href=\"https:\/\/portalfadesp.org.br\/?page_id=17432\" \/>\n<meta property=\"og:locale\" content=\"pt_BR\" \/>\n<meta property=\"og:type\" content=\"article\" \/>\n<meta property=\"og:title\" content=\"Curso Livre de L\u00edngua Inglesa e Libras-CLLIL - 2\u00ba Semestre 2021 - FADESP\" \/>\n<meta property=\"og:description\" content=\"Curso Livre de L\u00edngua Inglesa e Libras-CLLIL &#8211; 2\u00ba Semestre 2021 As aulas de ingl\u00eas e Libras ser\u00e3o ofertadas na modalidade online no 2\u00ba\u00a0 semestre de 2021. Os Cursos online oferecer\u00e3o a alunos e alunas acesso a videoaulas\u00a0 e todas as unidades do livro\u00a0 did\u00e1tico e aulas ao vivo\u00a0 (lives) 2 vezes por semana. escolha [&hellip;]\" \/>\n<meta property=\"og:url\" content=\"https:\/\/portalfadesp.org.br\/?page_id=17432\" \/>\n<meta property=\"og:site_name\" content=\"FADESP\" \/>\n<meta property=\"article:publisher\" content=\"https:\/\/www.facebook.com\/Fadesp-138351949524662\/\" \/>\n<meta property=\"article:modified_time\" content=\"2022-12-21T17:09:49+00:00\" \/>\n<meta name=\"twitter:card\" content=\"summary_large_image\" \/>\n<meta name=\"twitter:site\" content=\"@Fadesp\" \/>\n<meta name=\"twitter:label1\" content=\"Est. tempo de leitura\" \/>\n\t<meta name=\"twitter:data1\" content=\"1 minuto\" \/>\n<script type=\"application\/ld+json\" class=\"yoast-schema-graph\">{\"@context\":\"https:\/\/schema.org\",\"@graph\":[{\"@type\":\"WebPage\",\"@id\":\"https:\/\/portalfadesp.org.br\/?page_id=17432\",\"url\":\"https:\/\/portalfadesp.org.br\/?page_id=17432\",\"name\":\"Curso Livre de L\u00edngua Inglesa e Libras-CLLIL - 2\u00ba Semestre 2021 - FADESP\",\"isPartOf\":{\"@id\":\"https:\/\/portalfadesp.org.br\/#website\"},\"datePublished\":\"2021-07-07T18:36:12+00:00\",\"dateModified\":\"2022-12-21T17:09:49+00:00\",\"breadcrumb\":{\"@id\":\"https:\/\/portalfadesp.org.br\/?page_id=17432#breadcrumb\"},\"inLanguage\":\"pt-BR\",\"potentialAction\":[{\"@type\":\"ReadAction\",\"target\":[\"https:\/\/portalfadesp.org.br\/?page_id=17432\"]}]},{\"@type\":\"BreadcrumbList\",\"@id\":\"https:\/\/portalfadesp.org.br\/?page_id=17432#breadcrumb\",\"itemListElement\":[{\"@type\":\"ListItem\",\"position\":1,\"name\":\"In\u00edcio\",\"item\":\"https:\/\/portalfadesp.org.br\/\"},{\"@type\":\"ListItem\",\"position\":2,\"name\":\"Curso Livre de L\u00edngua Inglesa e Libras-CLLIL &#8211; 2\u00ba Semestre 2021\"}]},{\"@type\":\"WebSite\",\"@id\":\"https:\/\/portalfadesp.org.br\/#website\",\"url\":\"https:\/\/portalfadesp.org.br\/\",\"name\":\"FADESP\",\"description\":\"Funda\u00e7\u00e3o de Amparo e Desenvolvimento da Pesquisa\",\"publisher\":{\"@id\":\"https:\/\/portalfadesp.org.br\/#organization\"},\"potentialAction\":[{\"@type\":\"SearchAction\",\"target\":{\"@type\":\"EntryPoint\",\"urlTemplate\":\"https:\/\/portalfadesp.org.br\/?s={search_term_string}\"},\"query-input\":{\"@type\":\"PropertyValueSpecification\",\"valueRequired\":true,\"valueName\":\"search_term_string\"}}],\"inLanguage\":\"pt-BR\"},{\"@type\":\"Organization\",\"@id\":\"https:\/\/portalfadesp.org.br\/#organization\",\"name\":\"FADESP\",\"url\":\"https:\/\/portalfadesp.org.br\/\",\"logo\":{\"@type\":\"ImageObject\",\"inLanguage\":\"pt-BR\",\"@id\":\"https:\/\/portalfadesp.org.br\/#\/schema\/logo\/image\/\",\"url\":\"https:\/\/portalfadesp.org.br\/wp-content\/uploads\/2024\/01\/NOVOLOGOFADESPlaranjaH.png\",\"contentUrl\":\"https:\/\/portalfadesp.org.br\/wp-content\/uploads\/2024\/01\/NOVOLOGOFADESPlaranjaH.png\",\"width\":2742,\"height\":839,\"caption\":\"FADESP\"},\"image\":{\"@id\":\"https:\/\/portalfadesp.org.br\/#\/schema\/logo\/image\/\"},\"sameAs\":[\"https:\/\/www.facebook.com\/Fadesp-138351949524662\/\",\"https:\/\/x.com\/Fadesp\",\"https:\/\/www.instagram.com\/fadesp_ufpa\/\",\"https:\/\/www.youtube.com\/@fundacaodeamparoedesenvolv1903\",\"https:\/\/www.threads.net\/@fadesp_ufpa\"]}]}<\/script>\n<!-- \/ Yoast SEO plugin. -->","yoast_head_json":{"title":"Curso Livre de L\u00edngua Inglesa e Libras-CLLIL - 2\u00ba Semestre 2021 - FADESP","robots":{"index":"index","follow":"follow","max-snippet":"max-snippet:-1","max-image-preview":"max-image-preview:large","max-video-preview":"max-video-preview:-1"},"canonical":"https:\/\/portalfadesp.org.br\/?page_id=17432","og_locale":"pt_BR","og_type":"article","og_title":"Curso Livre de L\u00edngua Inglesa e Libras-CLLIL - 2\u00ba Semestre 2021 - FADESP","og_description":"Curso Livre de L\u00edngua Inglesa e Libras-CLLIL &#8211; 2\u00ba Semestre 2021 As aulas de ingl\u00eas e Libras ser\u00e3o ofertadas na modalidade online no 2\u00ba\u00a0 semestre de 2021. Os Cursos online oferecer\u00e3o a alunos e alunas acesso a videoaulas\u00a0 e todas as unidades do livro\u00a0 did\u00e1tico e aulas ao vivo\u00a0 (lives) 2 vezes por semana. escolha [&hellip;]","og_url":"https:\/\/portalfadesp.org.br\/?page_id=17432","og_site_name":"FADESP","article_publisher":"https:\/\/www.facebook.com\/Fadesp-138351949524662\/","article_modified_time":"2022-12-21T17:09:49+00:00","twitter_card":"summary_large_image","twitter_site":"@Fadesp","twitter_misc":{"Est. tempo de leitura":"1 minuto"},"schema":{"@context":"https:\/\/schema.org","@graph":[{"@type":"WebPage","@id":"https:\/\/portalfadesp.org.br\/?page_id=17432","url":"https:\/\/portalfadesp.org.br\/?page_id=17432","name":"Curso Livre de L\u00edngua Inglesa e Libras-CLLIL - 2\u00ba Semestre 2021 - FADESP","isPartOf":{"@id":"https:\/\/portalfadesp.org.br\/#website"},"datePublished":"2021-07-07T18:36:12+00:00","dateModified":"2022-12-21T17:09:49+00:00","breadcrumb":{"@id":"https:\/\/portalfadesp.org.br\/?page_id=17432#breadcrumb"},"inLanguage":"pt-BR","potentialAction":[{"@type":"ReadAction","target":["https:\/\/portalfadesp.org.br\/?page_id=17432"]}]},{"@type":"BreadcrumbList","@id":"https:\/\/portalfadesp.org.br\/?page_id=17432#breadcrumb","itemListElement":[{"@type":"ListItem","position":1,"name":"In\u00edcio","item":"https:\/\/portalfadesp.org.br\/"},{"@type":"ListItem","position":2,"name":"Curso Livre de L\u00edngua Inglesa e Libras-CLLIL &#8211; 2\u00ba Semestre 2021"}]},{"@type":"WebSite","@id":"https:\/\/portalfadesp.org.br\/#website","url":"https:\/\/portalfadesp.org.br\/","name":"FADESP","description":"Funda\u00e7\u00e3o de Amparo e Desenvolvimento da Pesquisa","publisher":{"@id":"https:\/\/portalfadesp.org.br\/#organization"},"potentialAction":[{"@type":"SearchAction","target":{"@type":"EntryPoint","urlTemplate":"https:\/\/portalfadesp.org.br\/?s={search_term_string}"},"query-input":{"@type":"PropertyValueSpecification","valueRequired":true,"valueName":"search_term_string"}}],"inLanguage":"pt-BR"},{"@type":"Organization","@id":"https:\/\/portalfadesp.org.br\/#organization","name":"FADESP","url":"https:\/\/portalfadesp.org.br\/","logo":{"@type":"ImageObject","inLanguage":"pt-BR","@id":"https:\/\/portalfadesp.org.br\/#\/schema\/logo\/image\/","url":"https:\/\/portalfadesp.org.br\/wp-content\/uploads\/2024\/01\/NOVOLOGOFADESPlaranjaH.png","contentUrl":"https:\/\/portalfadesp.org.br\/wp-content\/uploads\/2024\/01\/NOVOLOGOFADESPlaranjaH.png","width":2742,"height":839,"caption":"FADESP"},"image":{"@id":"https:\/\/portalfadesp.org.br\/#\/schema\/logo\/image\/"},"sameAs":["https:\/\/www.facebook.com\/Fadesp-138351949524662\/","https:\/\/x.com\/Fadesp","https:\/\/www.instagram.com\/fadesp_ufpa\/","https:\/\/www.youtube.com\/@fundacaodeamparoedesenvolv1903","https:\/\/www.threads.net\/@fadesp_ufpa"]}]}},"_links":{"self":[{"href":"https:\/\/portalfadesp.org.br\/index.php?rest_route=\/wp\/v2\/pages\/17432","targetHints":{"allow":["GET"]}}],"collection":[{"href":"https:\/\/portalfadesp.org.br\/index.php?rest_route=\/wp\/v2\/pages"}],"about":[{"href":"https:\/\/portalfadesp.org.br\/index.php?rest_route=\/wp\/v2\/types\/page"}],"author":[{"embeddable":true,"href":"https:\/\/portalfadesp.org.br\/index.php?rest_route=\/wp\/v2\/users\/9"}],"replies":[{"embeddable":true,"href":"https:\/\/portalfadesp.org.br\/index.php?rest_route=%2Fwp%2Fv2%2Fcomments&post=17432"}],"version-history":[{"count":25,"href":"https:\/\/portalfadesp.org.br\/index.php?rest_route=\/wp\/v2\/pages\/17432\/revisions"}],"predecessor-version":[{"id":38596,"href":"https:\/\/portalfadesp.org.br\/index.php?rest_route=\/wp\/v2\/pages\/17432\/revisions\/38596"}],"wp:attachment":[{"href":"https:\/\/portalfadesp.org.br\/index.php?rest_route=%2Fwp%2Fv2%2Fmedia&parent=17432"}],"curies":[{"name":"wp","href":"https:\/\/api.w.org\/{rel}","templated":true}]}}