{"id":1615,"date":"2017-12-21T09:34:33","date_gmt":"2017-12-21T11:34:33","guid":{"rendered":"https:\/\/162.215.13.167?page_id=1615"},"modified":"2022-12-20T12:09:45","modified_gmt":"2022-12-20T15:09:45","slug":"prefeitura-municipal-de-parauapebas-2017-professor","status":"publish","type":"page","link":"https:\/\/portalfadesp.org.br\/?page_id=1615","title":{"rendered":"Prefeitura Municipal de Parauapebas 2017 &#8211; Professor"},"content":{"rendered":"\t\t<div data-elementor-type=\"wp-post\" data-elementor-id=\"1615\" class=\"elementor elementor-1615\" data-elementor-post-type=\"page\">\n\t\t\t\t\t\t<section class=\"elementor-section elementor-top-section elementor-element elementor-element-2eead537 elementor-section-boxed elementor-section-height-default elementor-section-height-default\" data-id=\"2eead537\" data-element_type=\"section\">\n\t\t\t\t\t\t<div class=\"elementor-container elementor-column-gap-default\">\n\t\t\t\t\t<div class=\"elementor-column elementor-col-100 elementor-top-column elementor-element elementor-element-5d63ac2c\" data-id=\"5d63ac2c\" data-element_type=\"column\">\n\t\t\t<div class=\"elementor-widget-wrap elementor-element-populated\">\n\t\t\t\t\t\t<div class=\"elementor-element elementor-element-1c06a665 elementor-widget elementor-widget-heading\" data-id=\"1c06a665\" data-element_type=\"widget\" data-widget_type=\"heading.default\">\n\t\t\t\t<div class=\"elementor-widget-container\">\n\t\t\t\t\t<h1 class=\"elementor-heading-title elementor-size-default\">Prefeitura Municipal de Parauapebas 2017 - Professor\n<\/h1>\t\t\t\t<\/div>\n\t\t\t\t<\/div>\n\t\t\t\t<section class=\"elementor-section elementor-inner-section elementor-element elementor-element-c0ebcf9 elementor-section-boxed elementor-section-height-default elementor-section-height-default\" data-id=\"c0ebcf9\" data-element_type=\"section\">\n\t\t\t\t\t\t<div class=\"elementor-container elementor-column-gap-default\">\n\t\t\t\t\t<div class=\"elementor-column elementor-col-50 elementor-inner-column elementor-element elementor-element-1f1ba178\" data-id=\"1f1ba178\" data-element_type=\"column\">\n\t\t\t<div class=\"elementor-widget-wrap elementor-element-populated\">\n\t\t\t\t\t\t<div class=\"elementor-element elementor-element-3a087332 elementor-widget elementor-widget-text-editor\" data-id=\"3a087332\" data-element_type=\"widget\" data-widget_type=\"text-editor.default\">\n\t\t\t\t<div class=\"elementor-widget-container\">\n\t\t\t\t\t\t\t\t\t<p>A Prefeitura Municipal de Parauapebas torna p\u00fablica a realiza\u00e7\u00e3o de concurso para o preenchimento de vagas de n\u00edvel superior para o cargo de Professor.\u00a0<\/p><p><strong>Vagas &#8211;\u00a0<\/strong>300<\/p><p><strong>Cargos &#8211;\u00a0<\/strong>Professor Educa\u00e7\u00e3o B\u00e1sica I (creche, educa\u00e7\u00e3o infantil e ciclos iniciais) e Professor Educa\u00e7\u00e3o B\u00e1sica II (L\u00edngua Portuguesa, Matem\u00e1tica, Educa\u00e7\u00e3o F\u00edsica, Ci\u00eancias, Hist\u00f3ria, Geografia, Artes, Ensino Religioso e Ingl\u00eas).<\/p><p><strong>Remunera\u00e7\u00e3o &#8211;\u00a0<\/strong>R$ 2.543,25<\/p><p><strong>Inscri\u00e7\u00f5es &#8211;\u00a0<\/strong>26\/12\/17 a 18\/01\/18<\/p><p><strong>Taxa &#8211;\u00a0<\/strong>R$ 80,00<\/p><p><strong>Local da prova<\/strong>\u00a0&#8211; Parauapebas<\/p><p>&#8230;&#8230;&#8230;&#8230;&#8230;&#8230;&#8230;&#8230;&#8230;&#8230;&#8230;&#8230;&#8230;..<\/p><p><strong>Datas importantes<\/strong><\/p><p>Inscri\u00e7\u00e3o:\u00a0<strong>26\/12\/17 a 18\/01\/18<\/strong><\/p><p>Pedido de isen\u00e7\u00e3o de taxa para PcD:\u00a0<strong>26\/12\/17 a 12\/01\/18<\/strong><\/p><p>Pagamento da taxa:\u00a0<strong>at\u00e9 19\/01\/18<\/strong><\/p><p>Cart\u00e3o de Inscri\u00e7\u00e3o:\u00a0<strong>26\/01 a 02\/02\/18<\/strong><\/p><p>Prova de Conhecimentos:\u00a0<strong>18\/02\/18<\/strong><\/p><p>Prova de t\u00edtulos:\u00a0<strong>convoca\u00e7\u00e3o em edital ap\u00f3s o resultado da prova objetiva.<\/strong><\/p>\t\t\t\t\t\t\t\t<\/div>\n\t\t\t\t<\/div>\n\t\t\t\t\t<\/div>\n\t\t<\/div>\n\t\t\t\t<div class=\"elementor-column elementor-col-50 elementor-inner-column elementor-element elementor-element-2215a30\" data-id=\"2215a30\" data-element_type=\"column\">\n\t\t\t<div class=\"elementor-widget-wrap elementor-element-populated\">\n\t\t\t\t\t\t<div class=\"elementor-element elementor-element-7aea3ac1 elementor-widget elementor-widget-text-editor\" data-id=\"7aea3ac1\" data-element_type=\"widget\" data-widget_type=\"text-editor.default\">\n\t\t\t\t<div class=\"elementor-widget-container\">\n\t\t\t\t\t\t\t\t\t<p style=\"text-align: center;\"><span style=\"color: #ffffff;\"><strong>Editais e Avisos<\/strong><\/span><\/p>\t\t\t\t\t\t\t\t<\/div>\n\t\t\t\t<\/div>\n\t\t\t\t<div class=\"elementor-element elementor-element-4d228152 elementor-widget elementor-widget-text-editor\" data-id=\"4d228152\" data-element_type=\"widget\" data-widget_type=\"text-editor.default\">\n\t\t\t\t<div class=\"elementor-widget-container\">\n\t\t\t\t\t\t\t\t\t<table width=\"80\">\n<tbody>\n<tr>\n<td width=\"80\"><strong><a href=\"..\/midias\/anexos\/514_edital_n_05_2018_pmp_homologacao.pdf\">Edital n 05_2018_PMP_Homologa\u00e7\u00e3o<\/a><\/strong><\/td>\n<\/tr>\n<tr>\n<td><strong><a href=\"..\/midias\/anexos\/514_resultado_final_-_retificacao_do_cargo_de_professor_de_educacao_fisica_-_zona_urbana.pdf\">Resultado Final &#8211; Retifica\u00e7\u00e3o do Cargo de Professor de Educa\u00e7\u00e3o F\u00edsica &#8211; Zona Urbana<\/a><\/strong><\/td>\n<\/tr>\n<tr>\n<td><strong><a href=\"http:\/\/concursos.fadesp.org.br\/pmpp2017\/arquivos\/Resultado%20Final.pdf\">Resultado Final<\/a><\/strong><\/td>\n<\/tr>\n<tr>\n<td><strong><a href=\"http:\/\/concursos.fadesp.org.br\/pmpp2017\/arquivos\/Retifica%C3%A7%C3%A3o%20de%20Notas%20da%20Prova%20de%20T%C3%ADtulos.pdf\">Retifica\u00e7\u00e3o de Notas da Prova de T\u00edtulos\u00a0<\/a><\/strong><\/td>\n<\/tr>\n<tr>\n<td><strong><a href=\"..\/midias\/anexos\/514_resultado_da_prova_de_titulos.pdf\">Resultado da Prova de T\u00edtulos\u00a0<\/a><\/strong><\/td>\n<\/tr>\n<tr>\n<td><strong><a href=\"..\/midias\/anexos\/514_formulario_de_entrega_de_titulos_-_retificado.pdf\">Formul\u00e1rio de Entrega de T\u00edtulos &#8211; Retificado<\/a><\/strong><\/td>\n<\/tr>\n<tr>\n<td><strong><a href=\"..\/midias\/anexos\/514_edital_n_04_2018_convocacao_a_prova_de_titulos_-_retificacao.pdf\">Edital n 04_2018_Convoca\u00e7\u00e3o \u00e0 Prova de T\u00edtulos &#8211; Retifica\u00e7\u00e3o<\/a><\/strong><\/td>\n<\/tr>\n<tr>\n<td><strong><a href=\"http:\/\/concursos.fadesp.org.br\/pmpp2017\/arquivos\/Edital%20n%C2%B0%2003_2018_Convoca%C3%A7%C3%A3o%20a%20Prova%20de%20T%C3%ADtulos.pdf\">Edital n\u00b0 03_2018_Convoca\u00e7\u00e3o \u00e0 Prova de T\u00edtulos<\/a><\/strong><\/td>\n<\/tr>\n<tr>\n<td><strong><a href=\"http:\/\/concursos.fadesp.org.br\/pmpp2017\/arquivos\/Resultado%20Geral%20da%20Prova%20Objetiva.pdf\">Resultado Geral da Prova Objetiva<\/a><\/strong><\/td>\n<\/tr>\n<tr>\n<td><strong><a href=\"http:\/\/concursos.fadesp.org.br\/pmpp2017\/arquivos\/GABARITO%20OFICIAL%20DEFINITIVO%20-%20N%C3%8DVEL%20SUPERIOR.pdf\">GABARITO OFICIAL DEFINITIVO &#8211; N\u00cdVEL SUPERIOR\u00a0<\/a><\/strong><\/td>\n<\/tr>\n<tr>\n<td><strong><a href=\"http:\/\/concursos.fadesp.org.br\/pmpp2017\/arquivos\/provas\/Provas.html\">Provas dia 18\/02\/2018<\/a><\/strong><\/td>\n<\/tr>\n<tr>\n<td><strong><a href=\"http:\/\/concursos.fadesp.org.br\/pmpp2017\/arquivos\/provas\/GABARITO%20OFICIAL%20PRELIMINAR%20-%20N%C3%8DVEL%20SUPERIOR.pdf\">GABARITO OFICIAL PRELIMINAR &#8211; N\u00cdVEL SUPERIOR<\/a><\/strong><\/td>\n<\/tr>\n<tr>\n<td><strong><a href=\"..\/midias\/anexos\/514_demanda.pdf\">Demanda\u00a0<\/a><\/strong><\/td>\n<\/tr>\n<tr>\n<td><strong><a href=\"..\/midias\/anexos\/514_relacao_geral_de_pcd_-_retificada.pdf\">Rela\u00e7\u00e3o Geral de PcD &#8211; Retificada<\/a><\/strong><\/td>\n<\/tr>\n<tr>\n<td><strong><a href=\"..\/midias\/anexos\/514_relacao_final_de_pcd_com_isencao_de_taxa.pdf\">Rela\u00e7\u00e3o Final de PcD com Isen\u00e7\u00e3o de Taxa<\/a><\/strong><\/td>\n<\/tr>\n<tr>\n<td><strong><a href=\"..\/midias\/anexos\/514_edital_n_02_2018_pmp_-_retificacoes.pdf\">Edital n\u00b0 02_2018_PMP &#8211; Retifica\u00e7\u00f5es<\/a><\/strong><\/td>\n<\/tr>\n<tr>\n<td><strong><a href=\"..\/midias\/anexos\/514_resultado_do_processo_de_isencao_de_pcd.pdf\">Resultado do Processo de Isen\u00e7\u00e3o de PcD<\/a><\/strong><\/td>\n<\/tr>\n<tr>\n<td><strong><a href=\"..\/midias\/anexos\/514_pccr_do_magisterio_-_lei_n_4509_com_texto_alterado_pela_lei_4589_sistematizada.pdf\">PCCR do Magist\u00e9rio &#8211; Lei n\u00b0 4509 com texto alterado pela Lei 4589 (Sistematizada)<\/a><\/strong><\/td>\n<\/tr>\n<tr>\n<td><strong><a href=\"..\/midias\/anexos\/514_estatuto_dos_servidores__-_lei_n_4.231_com_texto_alterado_pelas_leis_4419_4421_e_4467_acima_sistematizada.pdf\">Estatuto dos Servidores &#8211; Lei n\u00ba 4.231 com texto alterado pelas Leis 4419, 4421 e 4467 (Sistematizada).<\/a><\/strong><\/td>\n<\/tr>\n<tr>\n<td><strong><a href=\"..\/midias\/anexos\/514_formulario_de_portador_de_deficiencia.pdf\">Formul\u00e1rio de Pessoa com Defici\u00eancia\u00a0<\/a><\/strong><\/td>\n<\/tr>\n<tr>\n<td><strong><a href=\"http:\/\/concursos.fadesp.org.br\/pmpp2017\/arquivos\/Tabela%20de%20Cargos.pdf\">Tabela de Cargos\u00a0<\/a><\/strong><\/td>\n<\/tr>\n<tr>\n<td><strong><a href=\"http:\/\/concursos.fadesp.org.br\/pmpp2017\/arquivos\/Anexos%20I%20e%20II%20do%20Edital%20de%20Abertura.pdf\">Anexos I e II do Edital de Abertura<\/a><\/strong><\/td>\n<\/tr>\n<tr>\n<td><strong><a href=\"..\/midias\/anexos\/514_edital_n_01_2017_pmp_-_edital_de_abertura.pdf\">Edital n 01_2017_PMP &#8211; Edital de Abertura<\/a><\/strong><\/td>\n<\/tr>\n<\/tbody>\n<\/table>\t\t\t\t\t\t\t\t<\/div>\n\t\t\t\t<\/div>\n\t\t\t\t\t<\/div>\n\t\t<\/div>\n\t\t\t\t\t<\/div>\n\t\t<\/section>\n\t\t\t\t\t<\/div>\n\t\t<\/div>\n\t\t\t\t\t<\/div>\n\t\t<\/section>\n\t\t\t\t<\/div>\n\t\t","protected":false},"excerpt":{"rendered":"<p>Prefeitura Municipal de Parauapebas 2017 &#8211; Professor A Prefeitura Municipal de Parauapebas torna p\u00fablica a realiza\u00e7\u00e3o de concurso para o preenchimento de vagas de n\u00edvel superior para o cargo de Professor.\u00a0 Vagas &#8211;\u00a0300 Cargos &#8211;\u00a0Professor Educa\u00e7\u00e3o B\u00e1sica I (creche, educa\u00e7\u00e3o infantil e ciclos iniciais) e Professor Educa\u00e7\u00e3o B\u00e1sica II (L\u00edngua Portuguesa, Matem\u00e1tica, Educa\u00e7\u00e3o F\u00edsica, Ci\u00eancias, [&hellip;]<\/p>\n","protected":false},"author":9,"featured_media":0,"parent":329,"menu_order":52,"comment_status":"closed","ping_status":"closed","template":"","meta":{"_monsterinsights_skip_tracking":false,"_monsterinsights_sitenote_active":false,"_monsterinsights_sitenote_note":"","_monsterinsights_sitenote_category":0,"footnotes":""},"class_list":["post-1615","page","type-page","status-publish","hentry","entry"],"yoast_head":"<!-- This site is optimized with the Yoast SEO plugin v25.1 - https:\/\/yoast.com\/wordpress\/plugins\/seo\/ -->\n<title>Prefeitura Municipal de Parauapebas 2017 - Professor - FADESP<\/title>\n<meta name=\"robots\" content=\"index, follow, max-snippet:-1, max-image-preview:large, max-video-preview:-1\" \/>\n<link rel=\"canonical\" href=\"https:\/\/portalfadesp.org.br\/?page_id=1615\" \/>\n<meta property=\"og:locale\" content=\"pt_BR\" \/>\n<meta property=\"og:type\" content=\"article\" \/>\n<meta property=\"og:title\" content=\"Prefeitura Municipal de Parauapebas 2017 - Professor - FADESP\" \/>\n<meta property=\"og:description\" content=\"Prefeitura Municipal de Parauapebas 2017 &#8211; Professor A Prefeitura Municipal de Parauapebas torna p\u00fablica a realiza\u00e7\u00e3o de concurso para o preenchimento de vagas de n\u00edvel superior para o cargo de Professor.\u00a0 Vagas &#8211;\u00a0300 Cargos &#8211;\u00a0Professor Educa\u00e7\u00e3o B\u00e1sica I (creche, educa\u00e7\u00e3o infantil e ciclos iniciais) e Professor Educa\u00e7\u00e3o B\u00e1sica II (L\u00edngua Portuguesa, Matem\u00e1tica, Educa\u00e7\u00e3o F\u00edsica, Ci\u00eancias, [&hellip;]\" \/>\n<meta property=\"og:url\" content=\"https:\/\/portalfadesp.org.br\/?page_id=1615\" \/>\n<meta property=\"og:site_name\" content=\"FADESP\" \/>\n<meta property=\"article:publisher\" content=\"https:\/\/www.facebook.com\/Fadesp-138351949524662\/\" \/>\n<meta property=\"article:modified_time\" content=\"2022-12-20T15:09:45+00:00\" \/>\n<meta name=\"twitter:card\" content=\"summary_large_image\" \/>\n<meta name=\"twitter:site\" content=\"@Fadesp\" \/>\n<meta name=\"twitter:label1\" content=\"Est. tempo de leitura\" \/>\n\t<meta name=\"twitter:data1\" content=\"2 minutos\" \/>\n<script type=\"application\/ld+json\" class=\"yoast-schema-graph\">{\"@context\":\"https:\/\/schema.org\",\"@graph\":[{\"@type\":\"WebPage\",\"@id\":\"https:\/\/portalfadesp.org.br\/?page_id=1615\",\"url\":\"https:\/\/portalfadesp.org.br\/?page_id=1615\",\"name\":\"Prefeitura Municipal de Parauapebas 2017 - Professor - FADESP\",\"isPartOf\":{\"@id\":\"https:\/\/portalfadesp.org.br\/#website\"},\"datePublished\":\"2017-12-21T11:34:33+00:00\",\"dateModified\":\"2022-12-20T15:09:45+00:00\",\"breadcrumb\":{\"@id\":\"https:\/\/portalfadesp.org.br\/?page_id=1615#breadcrumb\"},\"inLanguage\":\"pt-BR\",\"potentialAction\":[{\"@type\":\"ReadAction\",\"target\":[\"https:\/\/portalfadesp.org.br\/?page_id=1615\"]}]},{\"@type\":\"BreadcrumbList\",\"@id\":\"https:\/\/portalfadesp.org.br\/?page_id=1615#breadcrumb\",\"itemListElement\":[{\"@type\":\"ListItem\",\"position\":1,\"name\":\"In\u00edcio\",\"item\":\"https:\/\/portalfadesp.org.br\/\"},{\"@type\":\"ListItem\",\"position\":2,\"name\":\"Concursos &#8211; Homologados\",\"item\":\"https:\/\/portalfadesp.org.br\/?page_id=329\"},{\"@type\":\"ListItem\",\"position\":3,\"name\":\"Prefeitura Municipal de Parauapebas 2017 &#8211; Professor\"}]},{\"@type\":\"WebSite\",\"@id\":\"https:\/\/portalfadesp.org.br\/#website\",\"url\":\"https:\/\/portalfadesp.org.br\/\",\"name\":\"FADESP\",\"description\":\"Funda\u00e7\u00e3o de Amparo e Desenvolvimento da Pesquisa\",\"publisher\":{\"@id\":\"https:\/\/portalfadesp.org.br\/#organization\"},\"potentialAction\":[{\"@type\":\"SearchAction\",\"target\":{\"@type\":\"EntryPoint\",\"urlTemplate\":\"https:\/\/portalfadesp.org.br\/?s={search_term_string}\"},\"query-input\":{\"@type\":\"PropertyValueSpecification\",\"valueRequired\":true,\"valueName\":\"search_term_string\"}}],\"inLanguage\":\"pt-BR\"},{\"@type\":\"Organization\",\"@id\":\"https:\/\/portalfadesp.org.br\/#organization\",\"name\":\"FADESP\",\"url\":\"https:\/\/portalfadesp.org.br\/\",\"logo\":{\"@type\":\"ImageObject\",\"inLanguage\":\"pt-BR\",\"@id\":\"https:\/\/portalfadesp.org.br\/#\/schema\/logo\/image\/\",\"url\":\"https:\/\/portalfadesp.org.br\/wp-content\/uploads\/2024\/01\/NOVOLOGOFADESPlaranjaH.png\",\"contentUrl\":\"https:\/\/portalfadesp.org.br\/wp-content\/uploads\/2024\/01\/NOVOLOGOFADESPlaranjaH.png\",\"width\":2742,\"height\":839,\"caption\":\"FADESP\"},\"image\":{\"@id\":\"https:\/\/portalfadesp.org.br\/#\/schema\/logo\/image\/\"},\"sameAs\":[\"https:\/\/www.facebook.com\/Fadesp-138351949524662\/\",\"https:\/\/x.com\/Fadesp\",\"https:\/\/www.instagram.com\/fadesp_ufpa\/\",\"https:\/\/www.youtube.com\/@fundacaodeamparoedesenvolv1903\",\"https:\/\/www.threads.net\/@fadesp_ufpa\"]}]}<\/script>\n<!-- \/ Yoast SEO plugin. -->","yoast_head_json":{"title":"Prefeitura Municipal de Parauapebas 2017 - Professor - FADESP","robots":{"index":"index","follow":"follow","max-snippet":"max-snippet:-1","max-image-preview":"max-image-preview:large","max-video-preview":"max-video-preview:-1"},"canonical":"https:\/\/portalfadesp.org.br\/?page_id=1615","og_locale":"pt_BR","og_type":"article","og_title":"Prefeitura Municipal de Parauapebas 2017 - Professor - FADESP","og_description":"Prefeitura Municipal de Parauapebas 2017 &#8211; Professor A Prefeitura Municipal de Parauapebas torna p\u00fablica a realiza\u00e7\u00e3o de concurso para o preenchimento de vagas de n\u00edvel superior para o cargo de Professor.\u00a0 Vagas &#8211;\u00a0300 Cargos &#8211;\u00a0Professor Educa\u00e7\u00e3o B\u00e1sica I (creche, educa\u00e7\u00e3o infantil e ciclos iniciais) e Professor Educa\u00e7\u00e3o B\u00e1sica II (L\u00edngua Portuguesa, Matem\u00e1tica, Educa\u00e7\u00e3o F\u00edsica, Ci\u00eancias, [&hellip;]","og_url":"https:\/\/portalfadesp.org.br\/?page_id=1615","og_site_name":"FADESP","article_publisher":"https:\/\/www.facebook.com\/Fadesp-138351949524662\/","article_modified_time":"2022-12-20T15:09:45+00:00","twitter_card":"summary_large_image","twitter_site":"@Fadesp","twitter_misc":{"Est. tempo de leitura":"2 minutos"},"schema":{"@context":"https:\/\/schema.org","@graph":[{"@type":"WebPage","@id":"https:\/\/portalfadesp.org.br\/?page_id=1615","url":"https:\/\/portalfadesp.org.br\/?page_id=1615","name":"Prefeitura Municipal de Parauapebas 2017 - Professor - FADESP","isPartOf":{"@id":"https:\/\/portalfadesp.org.br\/#website"},"datePublished":"2017-12-21T11:34:33+00:00","dateModified":"2022-12-20T15:09:45+00:00","breadcrumb":{"@id":"https:\/\/portalfadesp.org.br\/?page_id=1615#breadcrumb"},"inLanguage":"pt-BR","potentialAction":[{"@type":"ReadAction","target":["https:\/\/portalfadesp.org.br\/?page_id=1615"]}]},{"@type":"BreadcrumbList","@id":"https:\/\/portalfadesp.org.br\/?page_id=1615#breadcrumb","itemListElement":[{"@type":"ListItem","position":1,"name":"In\u00edcio","item":"https:\/\/portalfadesp.org.br\/"},{"@type":"ListItem","position":2,"name":"Concursos &#8211; Homologados","item":"https:\/\/portalfadesp.org.br\/?page_id=329"},{"@type":"ListItem","position":3,"name":"Prefeitura Municipal de Parauapebas 2017 &#8211; Professor"}]},{"@type":"WebSite","@id":"https:\/\/portalfadesp.org.br\/#website","url":"https:\/\/portalfadesp.org.br\/","name":"FADESP","description":"Funda\u00e7\u00e3o de Amparo e Desenvolvimento da Pesquisa","publisher":{"@id":"https:\/\/portalfadesp.org.br\/#organization"},"potentialAction":[{"@type":"SearchAction","target":{"@type":"EntryPoint","urlTemplate":"https:\/\/portalfadesp.org.br\/?s={search_term_string}"},"query-input":{"@type":"PropertyValueSpecification","valueRequired":true,"valueName":"search_term_string"}}],"inLanguage":"pt-BR"},{"@type":"Organization","@id":"https:\/\/portalfadesp.org.br\/#organization","name":"FADESP","url":"https:\/\/portalfadesp.org.br\/","logo":{"@type":"ImageObject","inLanguage":"pt-BR","@id":"https:\/\/portalfadesp.org.br\/#\/schema\/logo\/image\/","url":"https:\/\/portalfadesp.org.br\/wp-content\/uploads\/2024\/01\/NOVOLOGOFADESPlaranjaH.png","contentUrl":"https:\/\/portalfadesp.org.br\/wp-content\/uploads\/2024\/01\/NOVOLOGOFADESPlaranjaH.png","width":2742,"height":839,"caption":"FADESP"},"image":{"@id":"https:\/\/portalfadesp.org.br\/#\/schema\/logo\/image\/"},"sameAs":["https:\/\/www.facebook.com\/Fadesp-138351949524662\/","https:\/\/x.com\/Fadesp","https:\/\/www.instagram.com\/fadesp_ufpa\/","https:\/\/www.youtube.com\/@fundacaodeamparoedesenvolv1903","https:\/\/www.threads.net\/@fadesp_ufpa"]}]}},"_links":{"self":[{"href":"https:\/\/portalfadesp.org.br\/index.php?rest_route=\/wp\/v2\/pages\/1615","targetHints":{"allow":["GET"]}}],"collection":[{"href":"https:\/\/portalfadesp.org.br\/index.php?rest_route=\/wp\/v2\/pages"}],"about":[{"href":"https:\/\/portalfadesp.org.br\/index.php?rest_route=\/wp\/v2\/types\/page"}],"author":[{"embeddable":true,"href":"https:\/\/portalfadesp.org.br\/index.php?rest_route=\/wp\/v2\/users\/9"}],"replies":[{"embeddable":true,"href":"https:\/\/portalfadesp.org.br\/index.php?rest_route=%2Fwp%2Fv2%2Fcomments&post=1615"}],"version-history":[{"count":26,"href":"https:\/\/portalfadesp.org.br\/index.php?rest_route=\/wp\/v2\/pages\/1615\/revisions"}],"predecessor-version":[{"id":36524,"href":"https:\/\/portalfadesp.org.br\/index.php?rest_route=\/wp\/v2\/pages\/1615\/revisions\/36524"}],"up":[{"embeddable":true,"href":"https:\/\/portalfadesp.org.br\/index.php?rest_route=\/wp\/v2\/pages\/329"}],"wp:attachment":[{"href":"https:\/\/portalfadesp.org.br\/index.php?rest_route=%2Fwp%2Fv2%2Fmedia&parent=1615"}],"curies":[{"name":"wp","href":"https:\/\/api.w.org\/{rel}","templated":true}]}}