{"id":1613,"date":"2017-12-21T09:35:13","date_gmt":"2017-12-21T11:35:13","guid":{"rendered":"https:\/\/162.215.13.167?page_id=1613"},"modified":"2022-12-20T12:06:16","modified_gmt":"2022-12-20T15:06:16","slug":"prefeitura-municipal-de-salinopolis-agente-de-transito-2017","status":"publish","type":"page","link":"https:\/\/portalfadesp.org.br\/?page_id=1613","title":{"rendered":"Prefeitura Municipal de Salin\u00f3polis &#8211; Agente de Tr\u00e2nsito 2017"},"content":{"rendered":"\t\t<div data-elementor-type=\"wp-post\" data-elementor-id=\"1613\" class=\"elementor elementor-1613\" data-elementor-post-type=\"page\">\n\t\t\t\t\t\t<section class=\"elementor-section elementor-top-section elementor-element elementor-element-78f8ceb9 elementor-section-boxed elementor-section-height-default elementor-section-height-default\" data-id=\"78f8ceb9\" data-element_type=\"section\">\n\t\t\t\t\t\t<div class=\"elementor-container elementor-column-gap-default\">\n\t\t\t\t\t<div class=\"elementor-column elementor-col-100 elementor-top-column elementor-element elementor-element-6c215a7d\" data-id=\"6c215a7d\" data-element_type=\"column\">\n\t\t\t<div class=\"elementor-widget-wrap elementor-element-populated\">\n\t\t\t\t\t\t<div class=\"elementor-element elementor-element-2d84f45 elementor-widget elementor-widget-heading\" data-id=\"2d84f45\" data-element_type=\"widget\" data-widget_type=\"heading.default\">\n\t\t\t\t<div class=\"elementor-widget-container\">\n\t\t\t\t\t<h1 class=\"elementor-heading-title elementor-size-default\">Prefeitura Municipal de Salin\u00f3polis - Agente de Tr\u00e2nsito 2017\n<\/h1>\t\t\t\t<\/div>\n\t\t\t\t<\/div>\n\t\t\t\t<section class=\"elementor-section elementor-inner-section elementor-element elementor-element-7b83f1e2 elementor-section-boxed elementor-section-height-default elementor-section-height-default\" data-id=\"7b83f1e2\" data-element_type=\"section\">\n\t\t\t\t\t\t<div class=\"elementor-container elementor-column-gap-default\">\n\t\t\t\t\t<div class=\"elementor-column elementor-col-50 elementor-inner-column elementor-element elementor-element-166dc4c0\" data-id=\"166dc4c0\" data-element_type=\"column\">\n\t\t\t<div class=\"elementor-widget-wrap elementor-element-populated\">\n\t\t\t\t\t\t<div class=\"elementor-element elementor-element-2550c9db elementor-widget elementor-widget-text-editor\" data-id=\"2550c9db\" data-element_type=\"widget\" data-widget_type=\"text-editor.default\">\n\t\t\t\t<div class=\"elementor-widget-container\">\n\t\t\t\t\t\t\t\t\t<p>A Prefeitura Municipal de Salin\u00f3polis torna p\u00fablica a realiza\u00e7\u00e3o de concurso para o preenchimento de vagas de n\u00edvel escolar m\u00e9dio para o cargo de Agente Municipal de Tr\u00e2nsito.\u00a0<\/p><p><strong>Vagas &#8211;\u00a0<\/strong>30, sendo 20 para sexo masculino e<br \/>10 para feminino.<\/p><p><strong>Cargos &#8211;\u00a0<\/strong>Agente Municipal de Tr\u00e2nsito<\/p><p><strong>Remunera\u00e7\u00e3o &#8211;\u00a0<\/strong>R$ 1,5 mil.<\/p><p><strong>Inscri\u00e7\u00f5es &#8211;\u00a0<\/strong>11\/08\/17 a 11\/09\/17<\/p><p><strong>Taxa &#8211;\u00a0<\/strong>R$ 60,00<\/p><p>&#8230;&#8230;&#8230;&#8230;&#8230;&#8230;&#8230;&#8230;&#8230;&#8230;&#8230;&#8230;&#8230;&#8230;<\/p><p><strong>Datas importantes<\/strong>:<\/p><p>Inscri\u00e7\u00e3o:\u00a0<strong>11\/08\/17 a 11\/09\/17<\/strong>.<\/p><p>Pagamento da taxa de inscri\u00e7\u00e3o:\u00a0<strong>at\u00e9 12\/09\/17.<\/strong><\/p><p>Cart\u00e3o de inscri\u00e7\u00e3o para confirma\u00e7\u00e3o de dados:\u00a0<strong>de 14 a 18\/09.<\/strong><\/p><p>\u00a0Prova objetiva:\u00a0<strong>24\/09\/17, das 8h \u00e0s 12h<\/strong>.<\/p><p>\u00a0Prova de esfor\u00e7o f\u00edsico:\u00a0<strong>em data a ser informada.<\/strong><\/p>\t\t\t\t\t\t\t\t<\/div>\n\t\t\t\t<\/div>\n\t\t\t\t\t<\/div>\n\t\t<\/div>\n\t\t\t\t<div class=\"elementor-column elementor-col-50 elementor-inner-column elementor-element elementor-element-4830163a\" data-id=\"4830163a\" data-element_type=\"column\">\n\t\t\t<div class=\"elementor-widget-wrap elementor-element-populated\">\n\t\t\t\t\t\t<div class=\"elementor-element elementor-element-5cf4765d elementor-widget elementor-widget-text-editor\" data-id=\"5cf4765d\" data-element_type=\"widget\" data-widget_type=\"text-editor.default\">\n\t\t\t\t<div class=\"elementor-widget-container\">\n\t\t\t\t\t\t\t\t\t<p style=\"text-align: center;\"><span style=\"color: #ffffff;\"><strong>Editais e Avisos<\/strong><\/span><\/p>\t\t\t\t\t\t\t\t<\/div>\n\t\t\t\t<\/div>\n\t\t\t\t<div class=\"elementor-element elementor-element-d513464 elementor-widget elementor-widget-text-editor\" data-id=\"d513464\" data-element_type=\"widget\" data-widget_type=\"text-editor.default\">\n\t\t\t\t<div class=\"elementor-widget-container\">\n\t\t\t\t\t\t\t\t\t<table width=\"80\">\n<tbody>\n<tr>\n<td width=\"80\"><strong><a href=\"http:\/\/concursos.fadesp.org.br\/sal2017\/arquivos\/Edital%20n%C2%B0%2004_2017_PMS_Homologa%C3%A7%C3%A3o.pdf\">Edital n\u00b0 04_2017_PMS_Homologa\u00e7\u00e3o<\/a><\/strong><\/td>\n<\/tr>\n<tr>\n<td><strong><a href=\"http:\/\/concursos.fadesp.org.br\/sal2017\/arquivos\/Resultado%20Final.pdf\">Resultado Final<\/a><\/strong><\/td>\n<\/tr>\n<tr>\n<td><strong><a href=\"http:\/\/concursos.fadesp.org.br\/sal2017\/arquivos\/Resultado%20da%20Prova%20de%20Aptid%C3%A3o%20F%C3%ADsica.pdf\">Resultado da Prova de Aptid\u00e3o F\u00edsica<\/a><\/strong><\/td>\n<\/tr>\n<tr>\n<td><strong><a href=\"http:\/\/concursos.fadesp.org.br\/sal2017\/arquivos\/Edital%20n%C2%B0%2003_2017_PMS%20-%20Retifica%C3%A7%C3%B5es.pdf\">Edital n\u00b0 03_2017_PMS &#8211; Retifica\u00e7\u00f5es\u00a0<\/a><\/strong><\/td>\n<\/tr>\n<tr>\n<td><strong><a href=\"http:\/\/concursos.fadesp.org.br\/sal2017\/arquivos\/Convoca%C3%A7%C3%A3o%20a%20Prova%20de%20Aptid%C3%A3o%20F%C3%ADsica.pdf\">Convoca\u00e7\u00e3o \u00e0 Prova de Aptid\u00e3o F\u00edsica<\/a><\/strong><\/td>\n<\/tr>\n<tr>\n<td><strong><a href=\"http:\/\/concursos.fadesp.org.br\/sal2017\/arquivos\/Resultado%20da%20Prova%20Objetiva.pdf\">Resultado da Prova Objetiva<\/a><\/strong><\/td>\n<\/tr>\n<tr>\n<td><strong><a href=\"http:\/\/concursos.fadesp.org.br\/sal2017\/arquivos\/GABARITO%20OFICIAL%20DEFINITIVO%20-%20AGENTE%20MUNICIPAL%20DE%20TR%C3%82NSITO.pdf\">GABARITO OFICIAL DEFINITIVO &#8211; AGENTE MUNICIPAL DE TR\u00c2NSITO\u00a0<\/a><\/strong><\/td>\n<\/tr>\n<tr>\n<td><strong><a href=\"http:\/\/concursos.fadesp.org.br\/sal2017\/arquivos\/GABARITO%20OFICIAL%20PRELIMINAR%20-%20AGENTE%20MUNICIPAL%20DE%20TR%C3%82NSITO.pdf\">Gabarito Oficial Preliminar\u00a0<\/a><\/strong><\/td>\n<\/tr>\n<tr>\n<td><strong><a href=\"http:\/\/concursos.fadesp.org.br\/sal2017\/arquivos\/AGENTE%20MUNICIPAL%20DE%20TR%C3%82NSITO.pdf\">Prova do dia 24\/09<\/a><\/strong><\/td>\n<\/tr>\n<tr>\n<td><strong><a href=\"..\/midias\/anexos\/512_demanda.pdf\">Demanda<\/a><\/strong><\/td>\n<\/tr>\n<tr>\n<td><strong><a href=\"..\/midias\/anexos\/512_lei_n_2.768-2002_-_regime_juridico_dos_servidores.pdf\">LEI N\u00ba 2.768-2002 &#8211; REGIME JURIDICO DOS SERVIDORES<\/a><\/strong><\/td>\n<\/tr>\n<tr>\n<td><strong><a href=\"..\/midias\/anexos\/512_lei_2.889_-_criacao_do_cargo_de_agente_municipal_de_transito.pdf\">Lei 2.889 &#8211; Cria\u00e7\u00e3o do cargo de Agente Municipal de Tr\u00e2nsito<\/a><\/strong><\/td>\n<\/tr>\n<tr>\n<td><strong><a href=\"..\/midias\/anexos\/512_lei_2.885_-_criacao_da_secretaria_municipal_de_transito.pdf\">Lei 2.885 &#8211; Cria\u00e7\u00e3o da Secretaria Municipal de Tr\u00e2nsito<\/a><\/strong><\/td>\n<\/tr>\n<tr>\n<td><strong><a href=\"..\/midias\/anexos\/512_lei_2.829_-_criacao_da_companhia_de_transito.pdf\">Lei 2.829 &#8211; Cria\u00e7\u00e3o da Companhia de Tr\u00e2nsito<\/a><\/strong><\/td>\n<\/tr>\n<tr>\n<td><strong><a href=\"..\/midias\/anexos\/512_lei_2.800_-_sistema_de_transporte_publico.pdf\">Lei 2.800 &#8211; Sistemas de Transporte P\u00fablico e de Tr\u00e2nsito Municipais<\/a><\/strong><\/td>\n<\/tr>\n<tr>\n<td><strong><a href=\"..\/midias\/anexos\/512_formulario_de_portador_de_deficiencia.pdf\">\u00a0Formul\u00e1rio de PcD<\/a><\/strong><\/td>\n<\/tr>\n<tr>\n<td><strong><a href=\"..\/midias\/anexos\/512_edital_n_01_2017_pms.pdf\">Edital n\u00ba 01_2017_PMS\u00a0<\/a><\/strong><\/td>\n<\/tr>\n<\/tbody>\n<\/table>\t\t\t\t\t\t\t\t<\/div>\n\t\t\t\t<\/div>\n\t\t\t\t\t<\/div>\n\t\t<\/div>\n\t\t\t\t\t<\/div>\n\t\t<\/section>\n\t\t\t\t\t<\/div>\n\t\t<\/div>\n\t\t\t\t\t<\/div>\n\t\t<\/section>\n\t\t\t\t<\/div>\n\t\t","protected":false},"excerpt":{"rendered":"<p>Prefeitura Municipal de Salin\u00f3polis &#8211; Agente de Tr\u00e2nsito 2017 A Prefeitura Municipal de Salin\u00f3polis torna p\u00fablica a realiza\u00e7\u00e3o de concurso para o preenchimento de vagas de n\u00edvel escolar m\u00e9dio para o cargo de Agente Municipal de Tr\u00e2nsito.\u00a0 Vagas &#8211;\u00a030, sendo 20 para sexo masculino e10 para feminino. Cargos &#8211;\u00a0Agente Municipal de Tr\u00e2nsito Remunera\u00e7\u00e3o &#8211;\u00a0R$ 1,5 [&hellip;]<\/p>\n","protected":false},"author":9,"featured_media":0,"parent":329,"menu_order":52,"comment_status":"closed","ping_status":"closed","template":"","meta":{"_monsterinsights_skip_tracking":false,"_monsterinsights_sitenote_active":false,"_monsterinsights_sitenote_note":"","_monsterinsights_sitenote_category":0,"footnotes":""},"class_list":["post-1613","page","type-page","status-publish","hentry","entry"],"yoast_head":"<!-- This site is optimized with the Yoast SEO plugin v25.1 - https:\/\/yoast.com\/wordpress\/plugins\/seo\/ -->\n<title>Prefeitura Municipal de Salin\u00f3polis - Agente de Tr\u00e2nsito 2017 - FADESP<\/title>\n<meta name=\"robots\" content=\"index, follow, max-snippet:-1, max-image-preview:large, max-video-preview:-1\" \/>\n<link rel=\"canonical\" href=\"https:\/\/portalfadesp.org.br\/?page_id=1613\" \/>\n<meta property=\"og:locale\" content=\"pt_BR\" \/>\n<meta property=\"og:type\" content=\"article\" \/>\n<meta property=\"og:title\" content=\"Prefeitura Municipal de Salin\u00f3polis - Agente de Tr\u00e2nsito 2017 - FADESP\" \/>\n<meta property=\"og:description\" content=\"Prefeitura Municipal de Salin\u00f3polis &#8211; Agente de Tr\u00e2nsito 2017 A Prefeitura Municipal de Salin\u00f3polis torna p\u00fablica a realiza\u00e7\u00e3o de concurso para o preenchimento de vagas de n\u00edvel escolar m\u00e9dio para o cargo de Agente Municipal de Tr\u00e2nsito.\u00a0 Vagas &#8211;\u00a030, sendo 20 para sexo masculino e10 para feminino. Cargos &#8211;\u00a0Agente Municipal de Tr\u00e2nsito Remunera\u00e7\u00e3o &#8211;\u00a0R$ 1,5 [&hellip;]\" \/>\n<meta property=\"og:url\" content=\"https:\/\/portalfadesp.org.br\/?page_id=1613\" \/>\n<meta property=\"og:site_name\" content=\"FADESP\" \/>\n<meta property=\"article:publisher\" content=\"https:\/\/www.facebook.com\/Fadesp-138351949524662\/\" \/>\n<meta property=\"article:modified_time\" content=\"2022-12-20T15:06:16+00:00\" \/>\n<meta name=\"twitter:card\" content=\"summary_large_image\" \/>\n<meta name=\"twitter:site\" content=\"@Fadesp\" \/>\n<meta name=\"twitter:label1\" content=\"Est. tempo de leitura\" \/>\n\t<meta name=\"twitter:data1\" content=\"1 minuto\" \/>\n<script type=\"application\/ld+json\" class=\"yoast-schema-graph\">{\"@context\":\"https:\/\/schema.org\",\"@graph\":[{\"@type\":\"WebPage\",\"@id\":\"https:\/\/portalfadesp.org.br\/?page_id=1613\",\"url\":\"https:\/\/portalfadesp.org.br\/?page_id=1613\",\"name\":\"Prefeitura Municipal de Salin\u00f3polis - Agente de Tr\u00e2nsito 2017 - FADESP\",\"isPartOf\":{\"@id\":\"https:\/\/portalfadesp.org.br\/#website\"},\"datePublished\":\"2017-12-21T11:35:13+00:00\",\"dateModified\":\"2022-12-20T15:06:16+00:00\",\"breadcrumb\":{\"@id\":\"https:\/\/portalfadesp.org.br\/?page_id=1613#breadcrumb\"},\"inLanguage\":\"pt-BR\",\"potentialAction\":[{\"@type\":\"ReadAction\",\"target\":[\"https:\/\/portalfadesp.org.br\/?page_id=1613\"]}]},{\"@type\":\"BreadcrumbList\",\"@id\":\"https:\/\/portalfadesp.org.br\/?page_id=1613#breadcrumb\",\"itemListElement\":[{\"@type\":\"ListItem\",\"position\":1,\"name\":\"In\u00edcio\",\"item\":\"https:\/\/portalfadesp.org.br\/\"},{\"@type\":\"ListItem\",\"position\":2,\"name\":\"Concursos &#8211; Homologados\",\"item\":\"https:\/\/portalfadesp.org.br\/?page_id=329\"},{\"@type\":\"ListItem\",\"position\":3,\"name\":\"Prefeitura Municipal de Salin\u00f3polis &#8211; Agente de Tr\u00e2nsito 2017\"}]},{\"@type\":\"WebSite\",\"@id\":\"https:\/\/portalfadesp.org.br\/#website\",\"url\":\"https:\/\/portalfadesp.org.br\/\",\"name\":\"FADESP\",\"description\":\"Funda\u00e7\u00e3o de Amparo e Desenvolvimento da Pesquisa\",\"publisher\":{\"@id\":\"https:\/\/portalfadesp.org.br\/#organization\"},\"potentialAction\":[{\"@type\":\"SearchAction\",\"target\":{\"@type\":\"EntryPoint\",\"urlTemplate\":\"https:\/\/portalfadesp.org.br\/?s={search_term_string}\"},\"query-input\":{\"@type\":\"PropertyValueSpecification\",\"valueRequired\":true,\"valueName\":\"search_term_string\"}}],\"inLanguage\":\"pt-BR\"},{\"@type\":\"Organization\",\"@id\":\"https:\/\/portalfadesp.org.br\/#organization\",\"name\":\"FADESP\",\"url\":\"https:\/\/portalfadesp.org.br\/\",\"logo\":{\"@type\":\"ImageObject\",\"inLanguage\":\"pt-BR\",\"@id\":\"https:\/\/portalfadesp.org.br\/#\/schema\/logo\/image\/\",\"url\":\"https:\/\/portalfadesp.org.br\/wp-content\/uploads\/2024\/01\/NOVOLOGOFADESPlaranjaH.png\",\"contentUrl\":\"https:\/\/portalfadesp.org.br\/wp-content\/uploads\/2024\/01\/NOVOLOGOFADESPlaranjaH.png\",\"width\":2742,\"height\":839,\"caption\":\"FADESP\"},\"image\":{\"@id\":\"https:\/\/portalfadesp.org.br\/#\/schema\/logo\/image\/\"},\"sameAs\":[\"https:\/\/www.facebook.com\/Fadesp-138351949524662\/\",\"https:\/\/x.com\/Fadesp\",\"https:\/\/www.instagram.com\/fadesp_ufpa\/\",\"https:\/\/www.youtube.com\/@fundacaodeamparoedesenvolv1903\",\"https:\/\/www.threads.net\/@fadesp_ufpa\"]}]}<\/script>\n<!-- \/ Yoast SEO plugin. -->","yoast_head_json":{"title":"Prefeitura Municipal de Salin\u00f3polis - Agente de Tr\u00e2nsito 2017 - FADESP","robots":{"index":"index","follow":"follow","max-snippet":"max-snippet:-1","max-image-preview":"max-image-preview:large","max-video-preview":"max-video-preview:-1"},"canonical":"https:\/\/portalfadesp.org.br\/?page_id=1613","og_locale":"pt_BR","og_type":"article","og_title":"Prefeitura Municipal de Salin\u00f3polis - Agente de Tr\u00e2nsito 2017 - FADESP","og_description":"Prefeitura Municipal de Salin\u00f3polis &#8211; Agente de Tr\u00e2nsito 2017 A Prefeitura Municipal de Salin\u00f3polis torna p\u00fablica a realiza\u00e7\u00e3o de concurso para o preenchimento de vagas de n\u00edvel escolar m\u00e9dio para o cargo de Agente Municipal de Tr\u00e2nsito.\u00a0 Vagas &#8211;\u00a030, sendo 20 para sexo masculino e10 para feminino. Cargos &#8211;\u00a0Agente Municipal de Tr\u00e2nsito Remunera\u00e7\u00e3o &#8211;\u00a0R$ 1,5 [&hellip;]","og_url":"https:\/\/portalfadesp.org.br\/?page_id=1613","og_site_name":"FADESP","article_publisher":"https:\/\/www.facebook.com\/Fadesp-138351949524662\/","article_modified_time":"2022-12-20T15:06:16+00:00","twitter_card":"summary_large_image","twitter_site":"@Fadesp","twitter_misc":{"Est. tempo de leitura":"1 minuto"},"schema":{"@context":"https:\/\/schema.org","@graph":[{"@type":"WebPage","@id":"https:\/\/portalfadesp.org.br\/?page_id=1613","url":"https:\/\/portalfadesp.org.br\/?page_id=1613","name":"Prefeitura Municipal de Salin\u00f3polis - Agente de Tr\u00e2nsito 2017 - FADESP","isPartOf":{"@id":"https:\/\/portalfadesp.org.br\/#website"},"datePublished":"2017-12-21T11:35:13+00:00","dateModified":"2022-12-20T15:06:16+00:00","breadcrumb":{"@id":"https:\/\/portalfadesp.org.br\/?page_id=1613#breadcrumb"},"inLanguage":"pt-BR","potentialAction":[{"@type":"ReadAction","target":["https:\/\/portalfadesp.org.br\/?page_id=1613"]}]},{"@type":"BreadcrumbList","@id":"https:\/\/portalfadesp.org.br\/?page_id=1613#breadcrumb","itemListElement":[{"@type":"ListItem","position":1,"name":"In\u00edcio","item":"https:\/\/portalfadesp.org.br\/"},{"@type":"ListItem","position":2,"name":"Concursos &#8211; Homologados","item":"https:\/\/portalfadesp.org.br\/?page_id=329"},{"@type":"ListItem","position":3,"name":"Prefeitura Municipal de Salin\u00f3polis &#8211; Agente de Tr\u00e2nsito 2017"}]},{"@type":"WebSite","@id":"https:\/\/portalfadesp.org.br\/#website","url":"https:\/\/portalfadesp.org.br\/","name":"FADESP","description":"Funda\u00e7\u00e3o de Amparo e Desenvolvimento da Pesquisa","publisher":{"@id":"https:\/\/portalfadesp.org.br\/#organization"},"potentialAction":[{"@type":"SearchAction","target":{"@type":"EntryPoint","urlTemplate":"https:\/\/portalfadesp.org.br\/?s={search_term_string}"},"query-input":{"@type":"PropertyValueSpecification","valueRequired":true,"valueName":"search_term_string"}}],"inLanguage":"pt-BR"},{"@type":"Organization","@id":"https:\/\/portalfadesp.org.br\/#organization","name":"FADESP","url":"https:\/\/portalfadesp.org.br\/","logo":{"@type":"ImageObject","inLanguage":"pt-BR","@id":"https:\/\/portalfadesp.org.br\/#\/schema\/logo\/image\/","url":"https:\/\/portalfadesp.org.br\/wp-content\/uploads\/2024\/01\/NOVOLOGOFADESPlaranjaH.png","contentUrl":"https:\/\/portalfadesp.org.br\/wp-content\/uploads\/2024\/01\/NOVOLOGOFADESPlaranjaH.png","width":2742,"height":839,"caption":"FADESP"},"image":{"@id":"https:\/\/portalfadesp.org.br\/#\/schema\/logo\/image\/"},"sameAs":["https:\/\/www.facebook.com\/Fadesp-138351949524662\/","https:\/\/x.com\/Fadesp","https:\/\/www.instagram.com\/fadesp_ufpa\/","https:\/\/www.youtube.com\/@fundacaodeamparoedesenvolv1903","https:\/\/www.threads.net\/@fadesp_ufpa"]}]}},"_links":{"self":[{"href":"https:\/\/portalfadesp.org.br\/index.php?rest_route=\/wp\/v2\/pages\/1613","targetHints":{"allow":["GET"]}}],"collection":[{"href":"https:\/\/portalfadesp.org.br\/index.php?rest_route=\/wp\/v2\/pages"}],"about":[{"href":"https:\/\/portalfadesp.org.br\/index.php?rest_route=\/wp\/v2\/types\/page"}],"author":[{"embeddable":true,"href":"https:\/\/portalfadesp.org.br\/index.php?rest_route=\/wp\/v2\/users\/9"}],"replies":[{"embeddable":true,"href":"https:\/\/portalfadesp.org.br\/index.php?rest_route=%2Fwp%2Fv2%2Fcomments&post=1613"}],"version-history":[{"count":29,"href":"https:\/\/portalfadesp.org.br\/index.php?rest_route=\/wp\/v2\/pages\/1613\/revisions"}],"predecessor-version":[{"id":36494,"href":"https:\/\/portalfadesp.org.br\/index.php?rest_route=\/wp\/v2\/pages\/1613\/revisions\/36494"}],"up":[{"embeddable":true,"href":"https:\/\/portalfadesp.org.br\/index.php?rest_route=\/wp\/v2\/pages\/329"}],"wp:attachment":[{"href":"https:\/\/portalfadesp.org.br\/index.php?rest_route=%2Fwp%2Fv2%2Fmedia&parent=1613"}],"curies":[{"name":"wp","href":"https:\/\/api.w.org\/{rel}","templated":true}]}}