{"id":1612,"date":"2017-12-21T09:34:47","date_gmt":"2017-12-21T11:34:47","guid":{"rendered":"https:\/\/162.215.13.167?page_id=1612"},"modified":"2022-12-20T12:06:18","modified_gmt":"2022-12-20T15:06:18","slug":"camara-municipal-de-capanema-2017","status":"publish","type":"page","link":"https:\/\/portalfadesp.org.br\/?page_id=1612","title":{"rendered":"C\u00e2mara Municipal de Capanema &#8211; 2017"},"content":{"rendered":"\t\t<div data-elementor-type=\"wp-post\" data-elementor-id=\"1612\" class=\"elementor elementor-1612\" data-elementor-post-type=\"page\">\n\t\t\t\t\t\t<section class=\"elementor-section elementor-top-section elementor-element elementor-element-5c8c75d5 elementor-section-boxed elementor-section-height-default elementor-section-height-default\" data-id=\"5c8c75d5\" data-element_type=\"section\">\n\t\t\t\t\t\t<div class=\"elementor-container elementor-column-gap-default\">\n\t\t\t\t\t<div class=\"elementor-column elementor-col-100 elementor-top-column elementor-element elementor-element-7d6937ac\" data-id=\"7d6937ac\" data-element_type=\"column\">\n\t\t\t<div class=\"elementor-widget-wrap elementor-element-populated\">\n\t\t\t\t\t\t<div class=\"elementor-element elementor-element-702e9fd0 elementor-widget elementor-widget-heading\" data-id=\"702e9fd0\" data-element_type=\"widget\" data-widget_type=\"heading.default\">\n\t\t\t\t<div class=\"elementor-widget-container\">\n\t\t\t\t\t<h1 class=\"elementor-heading-title elementor-size-default\">C\u00e2mara Municipal de Capanema - 2017\n<\/h1>\t\t\t\t<\/div>\n\t\t\t\t<\/div>\n\t\t\t\t<section class=\"elementor-section elementor-inner-section elementor-element elementor-element-11ac364b elementor-section-boxed elementor-section-height-default elementor-section-height-default\" data-id=\"11ac364b\" data-element_type=\"section\">\n\t\t\t\t\t\t<div class=\"elementor-container elementor-column-gap-default\">\n\t\t\t\t\t<div class=\"elementor-column elementor-col-50 elementor-inner-column elementor-element elementor-element-26b25313\" data-id=\"26b25313\" data-element_type=\"column\">\n\t\t\t<div class=\"elementor-widget-wrap elementor-element-populated\">\n\t\t\t\t\t\t<div class=\"elementor-element elementor-element-4137ab9c elementor-widget elementor-widget-text-editor\" data-id=\"4137ab9c\" data-element_type=\"widget\" data-widget_type=\"text-editor.default\">\n\t\t\t\t<div class=\"elementor-widget-container\">\n\t\t\t\t\t\t\t\t\t<p>A C\u00e2mara Municipal de Capanema torna p\u00fablica a realiza\u00e7\u00e3o de concurso destinado ao preenchimento de vagas do quadro de pessoal efetivo de n\u00edveis superior, m\u00e9dio e fundamental completo, mediante as condi\u00e7\u00f5es estabelecidas neste edital.<\/p><p><strong>Vagas &#8211;\u00a0<\/strong>13<\/p><p><strong>Cargos &#8211; N\u00edvel Fundamental<\/strong>\u00a0(auxiliar de servi\u00e7os gerais, motorista, operador de som, vigilante e auxiliar administrativo).<br \/><strong>N\u00edvel M\u00e9dio<\/strong>\u00a0(agente administrativo e t\u00e9cnico de inform\u00e1tica).<br \/><strong>N\u00edvel Superior<\/strong>\u00a0(procurador jur\u00eddico).<\/p><p><strong>Remunera\u00e7\u00e3o &#8211;\u00a0<\/strong>R$ 937,00 a R$ 4 mil.<\/p><p><strong>Inscri\u00e7\u00f5es &#8211;\u00a0<\/strong>01\/09 a 10\/10.<\/p><p><strong>Taxa &#8211;\u00a0<\/strong>R$ 50,00 (fundamental), R$ 60,00 (m\u00e9dio) e R$ 80,00 (superior). Pagamento em qualquer banco ou casa lot\u00e9rica.<\/p><p><strong>&#8230;&#8230;&#8230;&#8230;&#8230;&#8230;&#8230;&#8230;&#8230;&#8230;&#8230;&#8230;&#8230;..<\/strong><\/p><p><strong>Datas importantes<\/strong>:<\/p><p>Inscri\u00e7\u00f5es &#8211;<strong>\u00a001\/09 a 10\/10.\u00a0<\/strong><\/p><p>Pedido de isen\u00e7\u00e3o PcD &#8211;\u00a0<strong>at\u00e9 29\/09.<\/strong>\u00a0<\/p><p>Pagamento da taxa\u00a0<strong>&#8211; at\u00e9 11\/10.<\/strong>\u00a0<\/p><p>Cart\u00e3o de confirma\u00e7\u00e3o &#8211;\u00a0<strong>16 a 20\/10.<\/strong>\u00a0<\/p><p>Prova objetiva &#8211;\u00a0<strong>29\/10 manh\u00e3 (8h \u00e0s 12h): n\u00edveis fundamental e superior.<br \/>tarde (14h30 \u00e0s 18h30): n\u00edvel m\u00e9dio.<\/strong><\/p>\t\t\t\t\t\t\t\t<\/div>\n\t\t\t\t<\/div>\n\t\t\t\t\t<\/div>\n\t\t<\/div>\n\t\t\t\t<div class=\"elementor-column elementor-col-50 elementor-inner-column elementor-element elementor-element-346376ee\" data-id=\"346376ee\" data-element_type=\"column\">\n\t\t\t<div class=\"elementor-widget-wrap elementor-element-populated\">\n\t\t\t\t\t\t<div class=\"elementor-element elementor-element-3887a4d7 elementor-widget elementor-widget-text-editor\" data-id=\"3887a4d7\" data-element_type=\"widget\" data-widget_type=\"text-editor.default\">\n\t\t\t\t<div class=\"elementor-widget-container\">\n\t\t\t\t\t\t\t\t\t<p style=\"text-align: center;\"><span style=\"color: #ffffff;\"><strong>Editais e Avisos<\/strong><\/span><\/p>\t\t\t\t\t\t\t\t<\/div>\n\t\t\t\t<\/div>\n\t\t\t\t<div class=\"elementor-element elementor-element-56aa9a72 elementor-widget elementor-widget-text-editor\" data-id=\"56aa9a72\" data-element_type=\"widget\" data-widget_type=\"text-editor.default\">\n\t\t\t\t<div class=\"elementor-widget-container\">\n\t\t\t\t\t\t\t\t\t<table width=\"80\">\n<tbody>\n<tr>\n<td width=\"80\"><strong><a href=\"..\/midias\/anexos\/513_edital_n_03_2018_cmc_homologacao.pdf\">Edital n 03_2018_CMC_Homologa\u00e7\u00e3o<\/a><\/strong><\/td>\n<\/tr>\n<tr>\n<td><strong><a href=\"http:\/\/concursos.fadesp.org.br\/cmc2017\/arquivos\/Resultado%20Final%20de%20Procurador%20Jur%C3%ADdico.pdf\">Resultado Final de Procurador Jur\u00eddico\u00a0<\/a><\/strong><\/td>\n<\/tr>\n<tr>\n<td><strong><a href=\"http:\/\/concursos.fadesp.org.br\/cmc2017\/arquivos\/Resultado%20da%20Prova%20de%20T%C3%ADtulos%20de%20Procurador.pdf\">\u00a0Resultado da Prova de T\u00edtulos de Procurador<\/a><\/strong><\/td>\n<\/tr>\n<tr>\n<td><strong><a href=\"http:\/\/concursos.fadesp.org.br\/cmc2017\/arquivos\/Edital%20n%C2%B0%2002_2017_CMC.pdf\">Edital n\u00b0 02_2017_CMC &#8211; Convoca\u00e7\u00e3o a prova de t\u00edtulos<\/a><\/strong><\/td>\n<\/tr>\n<tr>\n<td><strong><a href=\"http:\/\/concursos.fadesp.org.br\/cmc2017\/arquivos\/Formul%C3%A1rio%20de%20Entrega%20de%20T%C3%ADtulos.pdf\">Formul\u00e1rio de Entrega de T\u00edtulos<\/a><\/strong><\/td>\n<\/tr>\n<tr>\n<td><strong><a href=\"http:\/\/concursos.fadesp.org.br\/cmc2017\/arquivos\/Resultado%20da%20Prova%20Objetiva.pdf\">Resultado da Prova Objetiva<\/a><\/strong><\/td>\n<\/tr>\n<tr>\n<td><strong><a href=\"http:\/\/concursos.fadesp.org.br\/cmc2017\/arquivos\/gabaritos.html\">GABARITOS OFICIAIS DEFINITIVOS\u00a0<\/a><\/strong><\/td>\n<\/tr>\n<tr>\n<td><strong><a href=\"http:\/\/concursos.fadesp.org.br\/cmc2017\/arquivos\/provas\/Provas.html\">Provas dia 29\/10\/2017<\/a><\/strong><\/td>\n<\/tr>\n<tr>\n<td><strong><a href=\"http:\/\/concursos.fadesp.org.br\/cmc2017\/arquivos\/provas\/Gabaritos.html\">Gabaritos dia 29\/10\/2017<\/a><\/strong><\/td>\n<\/tr>\n<tr>\n<td><strong><a href=\"..\/midias\/anexos\/513_demanda.pdf\">Demanda\u00a0<\/a><\/strong><\/td>\n<\/tr>\n<tr>\n<td><strong><a href=\"..\/midias\/anexos\/513_lei_n_6.378_2017_-_pccr_1.pdf\">Lei n\u00b0 6.378_2017 &#8211; PCCR<\/a><\/strong><\/td>\n<\/tr>\n<tr>\n<td><strong><a href=\"..\/midias\/anexos\/513_lei_n_6.327_2012_-_alteracoes_no_codigo_tributario_1.pdf\">Lei n\u00b0 6.327_2012 &#8211; Altera\u00e7\u00f5es no C\u00f3digo Tribut\u00e1rio<\/a><\/strong><\/td>\n<\/tr>\n<tr>\n<td><strong><a href=\"..\/midias\/anexos\/513_lei_n_6.258_2008_-_codigo_tributario_1.pdf\">Lei n\u00b0 6.258_2008 &#8211; C\u00f3digo Tribut\u00e1rio<\/a><\/strong><\/td>\n<\/tr>\n<tr>\n<td><strong><a href=\"..\/midias\/anexos\/513_lei_n_5.218_1992_-_estatuto_do_magisterio_publico_municipal_1.pdf\">Lei n\u00b0 5.218_1992 &#8211; Estatuto do Magist\u00e9rio P\u00fablico Municipal<\/a><\/strong><\/td>\n<\/tr>\n<tr>\n<td><strong><a href=\"..\/midias\/anexos\/513_lei_n_5.125_1992_-_regime_juridico_dos_servidores_municipal_1.pdf\">Lei n\u00b0 5.125_1992 &#8211; Regime Jur\u00eddico dos Servidores Municipal<\/a><\/strong><\/td>\n<\/tr>\n<tr>\n<td><strong><a href=\"..\/midias\/anexos\/513_formulario_de_portador_de_deficiencia_2.pdf\">Formul\u00e1rio de Portador de Defici\u00eancia<\/a><\/strong><\/td>\n<\/tr>\n<tr>\n<td><strong><a href=\"..\/midias\/anexos\/513_tabela_de_cargos_1.pdf\">Tabela de Cargos<\/a><\/strong><\/td>\n<\/tr>\n<tr>\n<td><strong><a href=\"..\/midias\/anexos\/513_edital_n_01_2017_cmc.pdf\">Edital n\u00b0 01_2017_CMC\u00a0<\/a><\/strong><\/td>\n<\/tr>\n<\/tbody>\n<\/table>\t\t\t\t\t\t\t\t<\/div>\n\t\t\t\t<\/div>\n\t\t\t\t\t<\/div>\n\t\t<\/div>\n\t\t\t\t\t<\/div>\n\t\t<\/section>\n\t\t\t\t\t<\/div>\n\t\t<\/div>\n\t\t\t\t\t<\/div>\n\t\t<\/section>\n\t\t\t\t<\/div>\n\t\t","protected":false},"excerpt":{"rendered":"<p>C\u00e2mara Municipal de Capanema &#8211; 2017 A C\u00e2mara Municipal de Capanema torna p\u00fablica a realiza\u00e7\u00e3o de concurso destinado ao preenchimento de vagas do quadro de pessoal efetivo de n\u00edveis superior, m\u00e9dio e fundamental completo, mediante as condi\u00e7\u00f5es estabelecidas neste edital. Vagas &#8211;\u00a013 Cargos &#8211; N\u00edvel Fundamental\u00a0(auxiliar de servi\u00e7os gerais, motorista, operador de som, vigilante e [&hellip;]<\/p>\n","protected":false},"author":9,"featured_media":0,"parent":329,"menu_order":52,"comment_status":"closed","ping_status":"closed","template":"","meta":{"_monsterinsights_skip_tracking":false,"_monsterinsights_sitenote_active":false,"_monsterinsights_sitenote_note":"","_monsterinsights_sitenote_category":0,"footnotes":""},"class_list":["post-1612","page","type-page","status-publish","hentry","entry"],"yoast_head":"<!-- This site is optimized with the Yoast SEO plugin v25.1 - https:\/\/yoast.com\/wordpress\/plugins\/seo\/ -->\n<title>C\u00e2mara Municipal de Capanema - 2017 - FADESP<\/title>\n<meta name=\"robots\" content=\"index, follow, max-snippet:-1, max-image-preview:large, max-video-preview:-1\" \/>\n<link rel=\"canonical\" href=\"https:\/\/portalfadesp.org.br\/?page_id=1612\" \/>\n<meta property=\"og:locale\" content=\"pt_BR\" \/>\n<meta property=\"og:type\" content=\"article\" \/>\n<meta property=\"og:title\" content=\"C\u00e2mara Municipal de Capanema - 2017 - FADESP\" \/>\n<meta property=\"og:description\" content=\"C\u00e2mara Municipal de Capanema &#8211; 2017 A C\u00e2mara Municipal de Capanema torna p\u00fablica a realiza\u00e7\u00e3o de concurso destinado ao preenchimento de vagas do quadro de pessoal efetivo de n\u00edveis superior, m\u00e9dio e fundamental completo, mediante as condi\u00e7\u00f5es estabelecidas neste edital. Vagas &#8211;\u00a013 Cargos &#8211; N\u00edvel Fundamental\u00a0(auxiliar de servi\u00e7os gerais, motorista, operador de som, vigilante e [&hellip;]\" \/>\n<meta property=\"og:url\" content=\"https:\/\/portalfadesp.org.br\/?page_id=1612\" \/>\n<meta property=\"og:site_name\" content=\"FADESP\" \/>\n<meta property=\"article:publisher\" content=\"https:\/\/www.facebook.com\/Fadesp-138351949524662\/\" \/>\n<meta property=\"article:modified_time\" content=\"2022-12-20T15:06:18+00:00\" \/>\n<meta name=\"twitter:card\" content=\"summary_large_image\" \/>\n<meta name=\"twitter:site\" content=\"@Fadesp\" \/>\n<meta name=\"twitter:label1\" content=\"Est. tempo de leitura\" \/>\n\t<meta name=\"twitter:data1\" content=\"1 minuto\" \/>\n<script type=\"application\/ld+json\" class=\"yoast-schema-graph\">{\"@context\":\"https:\/\/schema.org\",\"@graph\":[{\"@type\":\"WebPage\",\"@id\":\"https:\/\/portalfadesp.org.br\/?page_id=1612\",\"url\":\"https:\/\/portalfadesp.org.br\/?page_id=1612\",\"name\":\"C\u00e2mara Municipal de Capanema - 2017 - FADESP\",\"isPartOf\":{\"@id\":\"https:\/\/portalfadesp.org.br\/#website\"},\"datePublished\":\"2017-12-21T11:34:47+00:00\",\"dateModified\":\"2022-12-20T15:06:18+00:00\",\"breadcrumb\":{\"@id\":\"https:\/\/portalfadesp.org.br\/?page_id=1612#breadcrumb\"},\"inLanguage\":\"pt-BR\",\"potentialAction\":[{\"@type\":\"ReadAction\",\"target\":[\"https:\/\/portalfadesp.org.br\/?page_id=1612\"]}]},{\"@type\":\"BreadcrumbList\",\"@id\":\"https:\/\/portalfadesp.org.br\/?page_id=1612#breadcrumb\",\"itemListElement\":[{\"@type\":\"ListItem\",\"position\":1,\"name\":\"In\u00edcio\",\"item\":\"https:\/\/portalfadesp.org.br\/\"},{\"@type\":\"ListItem\",\"position\":2,\"name\":\"Concursos &#8211; Homologados\",\"item\":\"https:\/\/portalfadesp.org.br\/?page_id=329\"},{\"@type\":\"ListItem\",\"position\":3,\"name\":\"C\u00e2mara Municipal de Capanema &#8211; 2017\"}]},{\"@type\":\"WebSite\",\"@id\":\"https:\/\/portalfadesp.org.br\/#website\",\"url\":\"https:\/\/portalfadesp.org.br\/\",\"name\":\"FADESP\",\"description\":\"Funda\u00e7\u00e3o de Amparo e Desenvolvimento da Pesquisa\",\"publisher\":{\"@id\":\"https:\/\/portalfadesp.org.br\/#organization\"},\"potentialAction\":[{\"@type\":\"SearchAction\",\"target\":{\"@type\":\"EntryPoint\",\"urlTemplate\":\"https:\/\/portalfadesp.org.br\/?s={search_term_string}\"},\"query-input\":{\"@type\":\"PropertyValueSpecification\",\"valueRequired\":true,\"valueName\":\"search_term_string\"}}],\"inLanguage\":\"pt-BR\"},{\"@type\":\"Organization\",\"@id\":\"https:\/\/portalfadesp.org.br\/#organization\",\"name\":\"FADESP\",\"url\":\"https:\/\/portalfadesp.org.br\/\",\"logo\":{\"@type\":\"ImageObject\",\"inLanguage\":\"pt-BR\",\"@id\":\"https:\/\/portalfadesp.org.br\/#\/schema\/logo\/image\/\",\"url\":\"https:\/\/portalfadesp.org.br\/wp-content\/uploads\/2024\/01\/NOVOLOGOFADESPlaranjaH.png\",\"contentUrl\":\"https:\/\/portalfadesp.org.br\/wp-content\/uploads\/2024\/01\/NOVOLOGOFADESPlaranjaH.png\",\"width\":2742,\"height\":839,\"caption\":\"FADESP\"},\"image\":{\"@id\":\"https:\/\/portalfadesp.org.br\/#\/schema\/logo\/image\/\"},\"sameAs\":[\"https:\/\/www.facebook.com\/Fadesp-138351949524662\/\",\"https:\/\/x.com\/Fadesp\",\"https:\/\/www.instagram.com\/fadesp_ufpa\/\",\"https:\/\/www.youtube.com\/@fundacaodeamparoedesenvolv1903\",\"https:\/\/www.threads.net\/@fadesp_ufpa\"]}]}<\/script>\n<!-- \/ Yoast SEO plugin. -->","yoast_head_json":{"title":"C\u00e2mara Municipal de Capanema - 2017 - FADESP","robots":{"index":"index","follow":"follow","max-snippet":"max-snippet:-1","max-image-preview":"max-image-preview:large","max-video-preview":"max-video-preview:-1"},"canonical":"https:\/\/portalfadesp.org.br\/?page_id=1612","og_locale":"pt_BR","og_type":"article","og_title":"C\u00e2mara Municipal de Capanema - 2017 - FADESP","og_description":"C\u00e2mara Municipal de Capanema &#8211; 2017 A C\u00e2mara Municipal de Capanema torna p\u00fablica a realiza\u00e7\u00e3o de concurso destinado ao preenchimento de vagas do quadro de pessoal efetivo de n\u00edveis superior, m\u00e9dio e fundamental completo, mediante as condi\u00e7\u00f5es estabelecidas neste edital. Vagas &#8211;\u00a013 Cargos &#8211; N\u00edvel Fundamental\u00a0(auxiliar de servi\u00e7os gerais, motorista, operador de som, vigilante e [&hellip;]","og_url":"https:\/\/portalfadesp.org.br\/?page_id=1612","og_site_name":"FADESP","article_publisher":"https:\/\/www.facebook.com\/Fadesp-138351949524662\/","article_modified_time":"2022-12-20T15:06:18+00:00","twitter_card":"summary_large_image","twitter_site":"@Fadesp","twitter_misc":{"Est. tempo de leitura":"1 minuto"},"schema":{"@context":"https:\/\/schema.org","@graph":[{"@type":"WebPage","@id":"https:\/\/portalfadesp.org.br\/?page_id=1612","url":"https:\/\/portalfadesp.org.br\/?page_id=1612","name":"C\u00e2mara Municipal de Capanema - 2017 - FADESP","isPartOf":{"@id":"https:\/\/portalfadesp.org.br\/#website"},"datePublished":"2017-12-21T11:34:47+00:00","dateModified":"2022-12-20T15:06:18+00:00","breadcrumb":{"@id":"https:\/\/portalfadesp.org.br\/?page_id=1612#breadcrumb"},"inLanguage":"pt-BR","potentialAction":[{"@type":"ReadAction","target":["https:\/\/portalfadesp.org.br\/?page_id=1612"]}]},{"@type":"BreadcrumbList","@id":"https:\/\/portalfadesp.org.br\/?page_id=1612#breadcrumb","itemListElement":[{"@type":"ListItem","position":1,"name":"In\u00edcio","item":"https:\/\/portalfadesp.org.br\/"},{"@type":"ListItem","position":2,"name":"Concursos &#8211; Homologados","item":"https:\/\/portalfadesp.org.br\/?page_id=329"},{"@type":"ListItem","position":3,"name":"C\u00e2mara Municipal de Capanema &#8211; 2017"}]},{"@type":"WebSite","@id":"https:\/\/portalfadesp.org.br\/#website","url":"https:\/\/portalfadesp.org.br\/","name":"FADESP","description":"Funda\u00e7\u00e3o de Amparo e Desenvolvimento da Pesquisa","publisher":{"@id":"https:\/\/portalfadesp.org.br\/#organization"},"potentialAction":[{"@type":"SearchAction","target":{"@type":"EntryPoint","urlTemplate":"https:\/\/portalfadesp.org.br\/?s={search_term_string}"},"query-input":{"@type":"PropertyValueSpecification","valueRequired":true,"valueName":"search_term_string"}}],"inLanguage":"pt-BR"},{"@type":"Organization","@id":"https:\/\/portalfadesp.org.br\/#organization","name":"FADESP","url":"https:\/\/portalfadesp.org.br\/","logo":{"@type":"ImageObject","inLanguage":"pt-BR","@id":"https:\/\/portalfadesp.org.br\/#\/schema\/logo\/image\/","url":"https:\/\/portalfadesp.org.br\/wp-content\/uploads\/2024\/01\/NOVOLOGOFADESPlaranjaH.png","contentUrl":"https:\/\/portalfadesp.org.br\/wp-content\/uploads\/2024\/01\/NOVOLOGOFADESPlaranjaH.png","width":2742,"height":839,"caption":"FADESP"},"image":{"@id":"https:\/\/portalfadesp.org.br\/#\/schema\/logo\/image\/"},"sameAs":["https:\/\/www.facebook.com\/Fadesp-138351949524662\/","https:\/\/x.com\/Fadesp","https:\/\/www.instagram.com\/fadesp_ufpa\/","https:\/\/www.youtube.com\/@fundacaodeamparoedesenvolv1903","https:\/\/www.threads.net\/@fadesp_ufpa"]}]}},"_links":{"self":[{"href":"https:\/\/portalfadesp.org.br\/index.php?rest_route=\/wp\/v2\/pages\/1612","targetHints":{"allow":["GET"]}}],"collection":[{"href":"https:\/\/portalfadesp.org.br\/index.php?rest_route=\/wp\/v2\/pages"}],"about":[{"href":"https:\/\/portalfadesp.org.br\/index.php?rest_route=\/wp\/v2\/types\/page"}],"author":[{"embeddable":true,"href":"https:\/\/portalfadesp.org.br\/index.php?rest_route=\/wp\/v2\/users\/9"}],"replies":[{"embeddable":true,"href":"https:\/\/portalfadesp.org.br\/index.php?rest_route=%2Fwp%2Fv2%2Fcomments&post=1612"}],"version-history":[{"count":38,"href":"https:\/\/portalfadesp.org.br\/index.php?rest_route=\/wp\/v2\/pages\/1612\/revisions"}],"predecessor-version":[{"id":36500,"href":"https:\/\/portalfadesp.org.br\/index.php?rest_route=\/wp\/v2\/pages\/1612\/revisions\/36500"}],"up":[{"embeddable":true,"href":"https:\/\/portalfadesp.org.br\/index.php?rest_route=\/wp\/v2\/pages\/329"}],"wp:attachment":[{"href":"https:\/\/portalfadesp.org.br\/index.php?rest_route=%2Fwp%2Fv2%2Fmedia&parent=1612"}],"curies":[{"name":"wp","href":"https:\/\/api.w.org\/{rel}","templated":true}]}}