{"id":15970,"date":"2021-05-26T11:57:20","date_gmt":"2021-05-26T14:57:20","guid":{"rendered":"https:\/\/162.215.13.167?page_id=15970"},"modified":"2022-12-19T23:10:02","modified_gmt":"2022-12-20T02:10:02","slug":"pagina_modelo-18","status":"publish","type":"page","link":"https:\/\/portalfadesp.org.br\/?page_id=15970","title":{"rendered":"Especializa\u00e7\u00e3o em Toxicologia &#8211; UFPA (2022)"},"content":{"rendered":"\t\t<div data-elementor-type=\"wp-post\" data-elementor-id=\"15970\" class=\"elementor elementor-15970\" data-elementor-post-type=\"page\">\n\t\t\t\t\t\t<section class=\"elementor-section elementor-top-section elementor-element elementor-element-2a40db40 elementor-section-boxed elementor-section-height-default elementor-section-height-default\" data-id=\"2a40db40\" data-element_type=\"section\">\n\t\t\t\t\t\t<div class=\"elementor-container elementor-column-gap-default\">\n\t\t\t\t\t<div class=\"elementor-column elementor-col-100 elementor-top-column elementor-element elementor-element-4e956b47\" data-id=\"4e956b47\" data-element_type=\"column\">\n\t\t\t<div class=\"elementor-widget-wrap elementor-element-populated\">\n\t\t\t\t\t\t<div class=\"elementor-element elementor-element-372de194 elementor-widget elementor-widget-heading\" data-id=\"372de194\" data-element_type=\"widget\" data-widget_type=\"heading.default\">\n\t\t\t\t<div class=\"elementor-widget-container\">\n\t\t\t\t\t<h2 class=\"elementor-heading-title elementor-size-default\">Especializa\u00e7\u00e3o em Toxicologia - UFPA (2022)<\/h2>\t\t\t\t<\/div>\n\t\t\t\t<\/div>\n\t\t\t\t<section class=\"elementor-section elementor-inner-section elementor-element elementor-element-31e54043 elementor-section-boxed elementor-section-height-default elementor-section-height-default\" data-id=\"31e54043\" data-element_type=\"section\">\n\t\t\t\t\t\t<div class=\"elementor-container elementor-column-gap-default\">\n\t\t\t\t\t<div class=\"elementor-column elementor-col-50 elementor-inner-column elementor-element elementor-element-15f41bd\" data-id=\"15f41bd\" data-element_type=\"column\">\n\t\t\t<div class=\"elementor-widget-wrap elementor-element-populated\">\n\t\t\t\t\t\t<div class=\"elementor-element elementor-element-35279451 elementor-widget elementor-widget-text-editor\" data-id=\"35279451\" data-element_type=\"widget\" data-widget_type=\"text-editor.default\">\n\t\t\t\t<div class=\"elementor-widget-container\">\n\t\t\t\t\t\t\t\t\t<p>A Universidade Federal do Par\u00e1 torna p\u00fablico o Edital para a sele\u00e7\u00e3o de candidatos ao CURSO DE ESPECIALIZA\u00c7\u00c3O EM TOXICOLOGIA APLICADA, na modalidade semipresencial, aprovado pela Resolu\u00e7\u00e3o CONSEPE no. 5227 de 23 de outubro de 2019<\/p>\n<p><strong>Vagas:<\/strong>&nbsp;50 (cinquenta)<\/p>\n<p><strong>Pr\u00e9-Requisitos:&nbsp;<\/strong><br>Graduados em cursos nas \u00e1reas de Ci\u00eancias da Sa\u00fade (Medicina, Enfermagem, Biologia, Biomedicina, Farm\u00e1cia, Educa\u00e7\u00e3o F\u00edsica, Odontologia, Nutri\u00e7\u00e3o, Fisioterapia, Terapia Ocupacional), outras afins (Assistente social, Psicologia, engenharia sanit\u00e1ria, engenharia de alimentos, e outras correlatas) que queiram obter conhecimentos aprofundados em Toxicologia aplicada em diferentes \u00e1reas.<\/p>\n<p><strong>Inscri\u00e7\u00f5es prorrogadas:<\/strong> at\u00e9 05\/10\/2022<\/p>\n<p>Para realizar inscri\u00e7\u00e3o, <strong><a href=\"http:\/\/cursoseventos.fadesp.org.br\/gui\/PortalCursosEventos.aspx\">clique aqui.<\/a><\/strong><\/p>\n<p><strong>Taxa de inscri\u00e7\u00e3o:<\/strong> R$ 120,00 (Cento e vinte reais)<\/p>\n<p><strong>Maiores informa\u00e7\u00f5es pelos telefones<\/strong>: (91) 992964830 \/ (91) 32010974.<\/p>\t\t\t\t\t\t\t\t<\/div>\n\t\t\t\t<\/div>\n\t\t\t\t\t<\/div>\n\t\t<\/div>\n\t\t\t\t<div class=\"elementor-column elementor-col-50 elementor-inner-column elementor-element elementor-element-1a284bc5\" data-id=\"1a284bc5\" data-element_type=\"column\">\n\t\t\t<div class=\"elementor-widget-wrap elementor-element-populated\">\n\t\t\t\t\t\t<div class=\"elementor-element elementor-element-6445c0f3 elementor-widget elementor-widget-text-editor\" data-id=\"6445c0f3\" data-element_type=\"widget\" data-widget_type=\"text-editor.default\">\n\t\t\t\t<div class=\"elementor-widget-container\">\n\t\t\t\t\t\t\t\t\t<p><span style=\"color: #ffffff;\"><b>Avisos<\/b><\/span><\/p>\t\t\t\t\t\t\t\t<\/div>\n\t\t\t\t<\/div>\n\t\t\t\t<div class=\"elementor-element elementor-element-433fb7f0 elementor-widget elementor-widget-text-editor\" data-id=\"433fb7f0\" data-element_type=\"widget\" data-widget_type=\"text-editor.default\">\n\t\t\t\t<div class=\"elementor-widget-container\">\n\t\t\t\t\t\t\t\t\t<p style=\"text-align: center;\"><span style=\"color: #ffffff;\"><strong>Editais<\/strong><\/span><\/p>\t\t\t\t\t\t\t\t<\/div>\n\t\t\t\t<\/div>\n\t\t\t\t<div class=\"elementor-element elementor-element-61ab10cc elementor-widget elementor-widget-text-editor\" data-id=\"61ab10cc\" data-element_type=\"widget\" data-widget_type=\"text-editor.default\">\n\t\t\t\t<div class=\"elementor-widget-container\">\n\t\t\t\t\t\t\t\t\t<p>4\u00b0 Prorroga\u00e7\u00e3o de Inscri\u00e7\u00e3o\u00a0 <strong><a href=\"..\/wp-content\/uploads\/2022\/09\/EDITAL-No-01.2022-Ctoxicol-Prorrogacao.pdf\">(Clique aqui)<\/a><\/strong><\/p><p>2\u00aa Prorroga\u00e7\u00e3o de inscri\u00e7\u00e3o <strong><a href=\"..\/wp-content\/uploads\/2022\/05\/EDITAL-No-01.2022-Ctoxicol-Prorrogacao-2.docx\">(Clique aqui)<\/a><\/strong><\/p><p>Prorroga\u00e7\u00e3o de inscri\u00e7\u00e3o <strong><a href=\"https:\/\/drive.google.com\/uc?id=1hafQ_gYexkd9LdvQ61OUFQuozesB8j1D\">(Clique aqui)<\/a><\/strong><\/p><p><span style=\"color: #000000;\">Edital 1<strong> <a href=\"https:\/\/drive.google.com\/uc?id=1XaSaWGfm3nrkOOc4waDzdjBiZ3HMU45b\">(Clique aqui)<\/a><\/strong><\/span><\/p>\t\t\t\t\t\t\t\t<\/div>\n\t\t\t\t<\/div>\n\t\t\t\t\t<\/div>\n\t\t<\/div>\n\t\t\t\t\t<\/div>\n\t\t<\/section>\n\t\t\t\t\t<\/div>\n\t\t<\/div>\n\t\t\t\t\t<\/div>\n\t\t<\/section>\n\t\t\t\t<\/div>\n\t\t","protected":false},"excerpt":{"rendered":"<p>Especializa\u00e7\u00e3o em Toxicologia &#8211; UFPA (2022) A Universidade Federal do Par\u00e1 torna p\u00fablico o Edital para a sele\u00e7\u00e3o de candidatos ao CURSO DE ESPECIALIZA\u00c7\u00c3O EM TOXICOLOGIA APLICADA, na modalidade semipresencial, aprovado pela Resolu\u00e7\u00e3o CONSEPE no. 5227 de 23 de outubro de 2019 Vagas:&nbsp;50 (cinquenta) Pr\u00e9-Requisitos:&nbsp;Graduados em cursos nas \u00e1reas de Ci\u00eancias da Sa\u00fade (Medicina, Enfermagem, [&hellip;]<\/p>\n","protected":false},"author":9,"featured_media":0,"parent":0,"menu_order":0,"comment_status":"closed","ping_status":"closed","template":"","meta":{"_monsterinsights_skip_tracking":false,"_monsterinsights_sitenote_active":false,"_monsterinsights_sitenote_note":"","_monsterinsights_sitenote_category":0,"footnotes":""},"class_list":["post-15970","page","type-page","status-publish","hentry","entry"],"yoast_head":"<!-- This site is optimized with the Yoast SEO plugin v25.1 - https:\/\/yoast.com\/wordpress\/plugins\/seo\/ -->\n<title>Especializa\u00e7\u00e3o em Toxicologia - UFPA (2022) - FADESP<\/title>\n<meta name=\"robots\" content=\"index, follow, max-snippet:-1, max-image-preview:large, max-video-preview:-1\" \/>\n<link rel=\"canonical\" href=\"https:\/\/portalfadesp.org.br\/?page_id=15970\" \/>\n<meta property=\"og:locale\" content=\"pt_BR\" \/>\n<meta property=\"og:type\" content=\"article\" \/>\n<meta property=\"og:title\" content=\"Especializa\u00e7\u00e3o em Toxicologia - UFPA (2022) - FADESP\" \/>\n<meta property=\"og:description\" content=\"Especializa\u00e7\u00e3o em Toxicologia &#8211; UFPA (2022) A Universidade Federal do Par\u00e1 torna p\u00fablico o Edital para a sele\u00e7\u00e3o de candidatos ao CURSO DE ESPECIALIZA\u00c7\u00c3O EM TOXICOLOGIA APLICADA, na modalidade semipresencial, aprovado pela Resolu\u00e7\u00e3o CONSEPE no. 5227 de 23 de outubro de 2019 Vagas:&nbsp;50 (cinquenta) Pr\u00e9-Requisitos:&nbsp;Graduados em cursos nas \u00e1reas de Ci\u00eancias da Sa\u00fade (Medicina, Enfermagem, [&hellip;]\" \/>\n<meta property=\"og:url\" content=\"https:\/\/portalfadesp.org.br\/?page_id=15970\" \/>\n<meta property=\"og:site_name\" content=\"FADESP\" \/>\n<meta property=\"article:publisher\" content=\"https:\/\/www.facebook.com\/Fadesp-138351949524662\/\" \/>\n<meta property=\"article:modified_time\" content=\"2022-12-20T02:10:02+00:00\" \/>\n<meta name=\"twitter:card\" content=\"summary_large_image\" \/>\n<meta name=\"twitter:site\" content=\"@Fadesp\" \/>\n<meta name=\"twitter:label1\" content=\"Est. tempo de leitura\" \/>\n\t<meta name=\"twitter:data1\" content=\"1 minuto\" \/>\n<script type=\"application\/ld+json\" class=\"yoast-schema-graph\">{\"@context\":\"https:\/\/schema.org\",\"@graph\":[{\"@type\":\"WebPage\",\"@id\":\"https:\/\/portalfadesp.org.br\/?page_id=15970\",\"url\":\"https:\/\/portalfadesp.org.br\/?page_id=15970\",\"name\":\"Especializa\u00e7\u00e3o em Toxicologia - UFPA (2022) - FADESP\",\"isPartOf\":{\"@id\":\"https:\/\/portalfadesp.org.br\/#website\"},\"datePublished\":\"2021-05-26T14:57:20+00:00\",\"dateModified\":\"2022-12-20T02:10:02+00:00\",\"breadcrumb\":{\"@id\":\"https:\/\/portalfadesp.org.br\/?page_id=15970#breadcrumb\"},\"inLanguage\":\"pt-BR\",\"potentialAction\":[{\"@type\":\"ReadAction\",\"target\":[\"https:\/\/portalfadesp.org.br\/?page_id=15970\"]}]},{\"@type\":\"BreadcrumbList\",\"@id\":\"https:\/\/portalfadesp.org.br\/?page_id=15970#breadcrumb\",\"itemListElement\":[{\"@type\":\"ListItem\",\"position\":1,\"name\":\"In\u00edcio\",\"item\":\"https:\/\/portalfadesp.org.br\/\"},{\"@type\":\"ListItem\",\"position\":2,\"name\":\"Especializa\u00e7\u00e3o em Toxicologia &#8211; UFPA (2022)\"}]},{\"@type\":\"WebSite\",\"@id\":\"https:\/\/portalfadesp.org.br\/#website\",\"url\":\"https:\/\/portalfadesp.org.br\/\",\"name\":\"FADESP\",\"description\":\"Funda\u00e7\u00e3o de Amparo e Desenvolvimento da Pesquisa\",\"publisher\":{\"@id\":\"https:\/\/portalfadesp.org.br\/#organization\"},\"potentialAction\":[{\"@type\":\"SearchAction\",\"target\":{\"@type\":\"EntryPoint\",\"urlTemplate\":\"https:\/\/portalfadesp.org.br\/?s={search_term_string}\"},\"query-input\":{\"@type\":\"PropertyValueSpecification\",\"valueRequired\":true,\"valueName\":\"search_term_string\"}}],\"inLanguage\":\"pt-BR\"},{\"@type\":\"Organization\",\"@id\":\"https:\/\/portalfadesp.org.br\/#organization\",\"name\":\"FADESP\",\"url\":\"https:\/\/portalfadesp.org.br\/\",\"logo\":{\"@type\":\"ImageObject\",\"inLanguage\":\"pt-BR\",\"@id\":\"https:\/\/portalfadesp.org.br\/#\/schema\/logo\/image\/\",\"url\":\"https:\/\/portalfadesp.org.br\/wp-content\/uploads\/2024\/01\/NOVOLOGOFADESPlaranjaH.png\",\"contentUrl\":\"https:\/\/portalfadesp.org.br\/wp-content\/uploads\/2024\/01\/NOVOLOGOFADESPlaranjaH.png\",\"width\":2742,\"height\":839,\"caption\":\"FADESP\"},\"image\":{\"@id\":\"https:\/\/portalfadesp.org.br\/#\/schema\/logo\/image\/\"},\"sameAs\":[\"https:\/\/www.facebook.com\/Fadesp-138351949524662\/\",\"https:\/\/x.com\/Fadesp\",\"https:\/\/www.instagram.com\/fadesp_ufpa\/\",\"https:\/\/www.youtube.com\/@fundacaodeamparoedesenvolv1903\",\"https:\/\/www.threads.net\/@fadesp_ufpa\"]}]}<\/script>\n<!-- \/ Yoast SEO plugin. -->","yoast_head_json":{"title":"Especializa\u00e7\u00e3o em Toxicologia - UFPA (2022) - FADESP","robots":{"index":"index","follow":"follow","max-snippet":"max-snippet:-1","max-image-preview":"max-image-preview:large","max-video-preview":"max-video-preview:-1"},"canonical":"https:\/\/portalfadesp.org.br\/?page_id=15970","og_locale":"pt_BR","og_type":"article","og_title":"Especializa\u00e7\u00e3o em Toxicologia - UFPA (2022) - FADESP","og_description":"Especializa\u00e7\u00e3o em Toxicologia &#8211; UFPA (2022) A Universidade Federal do Par\u00e1 torna p\u00fablico o Edital para a sele\u00e7\u00e3o de candidatos ao CURSO DE ESPECIALIZA\u00c7\u00c3O EM TOXICOLOGIA APLICADA, na modalidade semipresencial, aprovado pela Resolu\u00e7\u00e3o CONSEPE no. 5227 de 23 de outubro de 2019 Vagas:&nbsp;50 (cinquenta) Pr\u00e9-Requisitos:&nbsp;Graduados em cursos nas \u00e1reas de Ci\u00eancias da Sa\u00fade (Medicina, Enfermagem, [&hellip;]","og_url":"https:\/\/portalfadesp.org.br\/?page_id=15970","og_site_name":"FADESP","article_publisher":"https:\/\/www.facebook.com\/Fadesp-138351949524662\/","article_modified_time":"2022-12-20T02:10:02+00:00","twitter_card":"summary_large_image","twitter_site":"@Fadesp","twitter_misc":{"Est. tempo de leitura":"1 minuto"},"schema":{"@context":"https:\/\/schema.org","@graph":[{"@type":"WebPage","@id":"https:\/\/portalfadesp.org.br\/?page_id=15970","url":"https:\/\/portalfadesp.org.br\/?page_id=15970","name":"Especializa\u00e7\u00e3o em Toxicologia - UFPA (2022) - FADESP","isPartOf":{"@id":"https:\/\/portalfadesp.org.br\/#website"},"datePublished":"2021-05-26T14:57:20+00:00","dateModified":"2022-12-20T02:10:02+00:00","breadcrumb":{"@id":"https:\/\/portalfadesp.org.br\/?page_id=15970#breadcrumb"},"inLanguage":"pt-BR","potentialAction":[{"@type":"ReadAction","target":["https:\/\/portalfadesp.org.br\/?page_id=15970"]}]},{"@type":"BreadcrumbList","@id":"https:\/\/portalfadesp.org.br\/?page_id=15970#breadcrumb","itemListElement":[{"@type":"ListItem","position":1,"name":"In\u00edcio","item":"https:\/\/portalfadesp.org.br\/"},{"@type":"ListItem","position":2,"name":"Especializa\u00e7\u00e3o em Toxicologia &#8211; UFPA (2022)"}]},{"@type":"WebSite","@id":"https:\/\/portalfadesp.org.br\/#website","url":"https:\/\/portalfadesp.org.br\/","name":"FADESP","description":"Funda\u00e7\u00e3o de Amparo e Desenvolvimento da Pesquisa","publisher":{"@id":"https:\/\/portalfadesp.org.br\/#organization"},"potentialAction":[{"@type":"SearchAction","target":{"@type":"EntryPoint","urlTemplate":"https:\/\/portalfadesp.org.br\/?s={search_term_string}"},"query-input":{"@type":"PropertyValueSpecification","valueRequired":true,"valueName":"search_term_string"}}],"inLanguage":"pt-BR"},{"@type":"Organization","@id":"https:\/\/portalfadesp.org.br\/#organization","name":"FADESP","url":"https:\/\/portalfadesp.org.br\/","logo":{"@type":"ImageObject","inLanguage":"pt-BR","@id":"https:\/\/portalfadesp.org.br\/#\/schema\/logo\/image\/","url":"https:\/\/portalfadesp.org.br\/wp-content\/uploads\/2024\/01\/NOVOLOGOFADESPlaranjaH.png","contentUrl":"https:\/\/portalfadesp.org.br\/wp-content\/uploads\/2024\/01\/NOVOLOGOFADESPlaranjaH.png","width":2742,"height":839,"caption":"FADESP"},"image":{"@id":"https:\/\/portalfadesp.org.br\/#\/schema\/logo\/image\/"},"sameAs":["https:\/\/www.facebook.com\/Fadesp-138351949524662\/","https:\/\/x.com\/Fadesp","https:\/\/www.instagram.com\/fadesp_ufpa\/","https:\/\/www.youtube.com\/@fundacaodeamparoedesenvolv1903","https:\/\/www.threads.net\/@fadesp_ufpa"]}]}},"_links":{"self":[{"href":"https:\/\/portalfadesp.org.br\/index.php?rest_route=\/wp\/v2\/pages\/15970","targetHints":{"allow":["GET"]}}],"collection":[{"href":"https:\/\/portalfadesp.org.br\/index.php?rest_route=\/wp\/v2\/pages"}],"about":[{"href":"https:\/\/portalfadesp.org.br\/index.php?rest_route=\/wp\/v2\/types\/page"}],"author":[{"embeddable":true,"href":"https:\/\/portalfadesp.org.br\/index.php?rest_route=\/wp\/v2\/users\/9"}],"replies":[{"embeddable":true,"href":"https:\/\/portalfadesp.org.br\/index.php?rest_route=%2Fwp%2Fv2%2Fcomments&post=15970"}],"version-history":[{"count":56,"href":"https:\/\/portalfadesp.org.br\/index.php?rest_route=\/wp\/v2\/pages\/15970\/revisions"}],"predecessor-version":[{"id":36028,"href":"https:\/\/portalfadesp.org.br\/index.php?rest_route=\/wp\/v2\/pages\/15970\/revisions\/36028"}],"wp:attachment":[{"href":"https:\/\/portalfadesp.org.br\/index.php?rest_route=%2Fwp%2Fv2%2Fmedia&parent=15970"}],"curies":[{"name":"wp","href":"https:\/\/api.w.org\/{rel}","templated":true}]}}