{"id":1584,"date":"2016-12-21T09:40:56","date_gmt":"2016-12-21T11:40:56","guid":{"rendered":"https:\/\/162.215.13.167?page_id=1584"},"modified":"2022-12-20T12:09:00","modified_gmt":"2022-12-20T15:09:00","slug":"camara-municipal-de-monte-alegre-2016","status":"publish","type":"page","link":"https:\/\/portalfadesp.org.br\/?page_id=1584","title":{"rendered":"C\u00e2mara Municipal de Monte Alegre &#8211; 2016"},"content":{"rendered":"\t\t<div data-elementor-type=\"wp-post\" data-elementor-id=\"1584\" class=\"elementor elementor-1584\" data-elementor-post-type=\"page\">\n\t\t\t\t\t\t<section class=\"elementor-section elementor-top-section elementor-element elementor-element-a1cbd90 elementor-section-boxed elementor-section-height-default elementor-section-height-default\" data-id=\"a1cbd90\" data-element_type=\"section\">\n\t\t\t\t\t\t<div class=\"elementor-container elementor-column-gap-default\">\n\t\t\t\t\t<div class=\"elementor-column elementor-col-100 elementor-top-column elementor-element elementor-element-31e454a9\" data-id=\"31e454a9\" data-element_type=\"column\">\n\t\t\t<div class=\"elementor-widget-wrap elementor-element-populated\">\n\t\t\t\t\t\t<div class=\"elementor-element elementor-element-5d00bb2a elementor-widget elementor-widget-heading\" data-id=\"5d00bb2a\" data-element_type=\"widget\" data-widget_type=\"heading.default\">\n\t\t\t\t<div class=\"elementor-widget-container\">\n\t\t\t\t\t<h1 class=\"elementor-heading-title elementor-size-default\">C\u00e2mara Municipal de Monte Alegre - 2016\n<\/h1>\t\t\t\t<\/div>\n\t\t\t\t<\/div>\n\t\t\t\t<section class=\"elementor-section elementor-inner-section elementor-element elementor-element-272fcf6c elementor-section-boxed elementor-section-height-default elementor-section-height-default\" data-id=\"272fcf6c\" data-element_type=\"section\">\n\t\t\t\t\t\t<div class=\"elementor-container elementor-column-gap-default\">\n\t\t\t\t\t<div class=\"elementor-column elementor-col-50 elementor-inner-column elementor-element elementor-element-2ab999dd\" data-id=\"2ab999dd\" data-element_type=\"column\">\n\t\t\t<div class=\"elementor-widget-wrap elementor-element-populated\">\n\t\t\t\t\t\t<div class=\"elementor-element elementor-element-796241af elementor-widget elementor-widget-text-editor\" data-id=\"796241af\" data-element_type=\"widget\" data-widget_type=\"text-editor.default\">\n\t\t\t\t<div class=\"elementor-widget-container\">\n\t\t\t\t\t\t\t\t\t<p>A \u00a0C\u00e2mara Municipal de Monte Alegre torna p\u00fablica a realiza\u00e7\u00e3o de Concurso P\u00fablico destinado ao preenchimento de vagas de cargos de n\u00edvel m\u00e9dio e Fundamental completo do quadro de pessoal efetivo da C\u00e2mara, mediante as condi\u00e7\u00f5es estabelecidas no edital de abertura.\u00a0<\/p><p><strong>Vagas &#8211;\u00a0<\/strong>14<\/p><p><strong>Cargos &#8211;\u00a0<\/strong>N\u00edvel Fundamental completo: Agente de Servi\u00e7os Gerais (3); Motorista (2); Agente de Vigil\u00e2ncia (3).<\/p><p>N\u00edvel M\u00e9dio: Agente Administrativo (05); T\u00e9cnico de Inform\u00e1tica (1).\u00a0<\/p><p><strong>Remunera\u00e7\u00e3o &#8211; \u00a0<\/strong>N\u00edvel Fundamental:\u00a0R$ 880,00 a R$1.500,00, mais 20% de gratifica\u00e7\u00e3o.<\/p><p>N\u00edvel M\u00e9dio: R$ 1.600,00, mais 50% de gratifica\u00e7\u00e3o.<\/p><p><strong>Inscri\u00e7\u00f5es &#8211;\u00a0<\/strong>14\/04\/16 a 16\/05\/16<\/p><p><strong>Taxa &#8211;\u00a0<\/strong>R$ 45,00 (N\u00edvel Fundamental)<\/p><p>\u00a0 \u00a0 \u00a0 \u00a0 \u00a0 \u00a0R$ 50,00 (N\u00edvel M\u00e9dio)<\/p><p><strong>Datas importantes<\/strong>:<\/p><p>Per\u00edodo de inscri\u00e7\u00e3o &#8211; \u00a014\/04\/16 a 16\/05\/16<\/p><p>Pagamento da taxa de inscri\u00e7\u00e3o &#8211; at\u00e9 17\/05\/16<\/p><p>Solicita\u00e7\u00e3o de Isen\u00e7\u00e3o PcD &#8211; 14\/04\/16 a 06\/05\/16<\/p><p>Cart\u00e3o de inscri\u00e7\u00e3o &#8211; a partir 19\/05\/16<\/p><p>Aplica\u00e7\u00e3o da Prova Objetiva &#8211; 29\/05\/16 &#8211; das 8h \u00e0s 12h (hor\u00e1rio local) para todos os cargos, no munic\u00edpio de Monte Alegre.\u00a0<\/p>\t\t\t\t\t\t\t\t<\/div>\n\t\t\t\t<\/div>\n\t\t\t\t\t<\/div>\n\t\t<\/div>\n\t\t\t\t<div class=\"elementor-column elementor-col-50 elementor-inner-column elementor-element elementor-element-5b7c6ecc\" data-id=\"5b7c6ecc\" data-element_type=\"column\">\n\t\t\t<div class=\"elementor-widget-wrap elementor-element-populated\">\n\t\t\t\t\t\t<div class=\"elementor-element elementor-element-57b08893 elementor-widget elementor-widget-text-editor\" data-id=\"57b08893\" data-element_type=\"widget\" data-widget_type=\"text-editor.default\">\n\t\t\t\t<div class=\"elementor-widget-container\">\n\t\t\t\t\t\t\t\t\t<p style=\"text-align: center;\"><span style=\"color: #ffffff;\"><strong>Editais e Avisos<\/strong><\/span><\/p>\t\t\t\t\t\t\t\t<\/div>\n\t\t\t\t<\/div>\n\t\t\t\t<div class=\"elementor-element elementor-element-4f69a89b elementor-widget elementor-widget-text-editor\" data-id=\"4f69a89b\" data-element_type=\"widget\" data-widget_type=\"text-editor.default\">\n\t\t\t\t<div class=\"elementor-widget-container\">\n\t\t\t\t\t\t\t\t\t<table width=\"80\">\n<tbody>\n<tr>\n<td width=\"80\"><strong><a href=\"..\/midias\/anexos\/472_edital_n_02_2016_cmma_homologacao_-_retificado.pdf\">Edital n\u00ba 02 2016 &#8211; Homologa\u00e7\u00e3o retificado<\/a><\/strong><\/td>\n<\/tr>\n<tr>\n<td><strong><a href=\"..\/midias\/anexos\/472_resultado_da_prova_objetiva_-_retificacao_de_agente_de_servicos_gerais.pdf\">\u00a0Resultado de prova objetiva &#8211; Retifica\u00e7\u00e3o de Agente de Servi\u00e7os Gerais<\/a><\/strong><\/td>\n<\/tr>\n<tr>\n<td><strong><a href=\"http:\/\/concursos.fadesp.org.br\/cmma2016\/arquivos\/Resultado%20da%20prova%20objetiva.pdf\">\u00a0Resultado da prova objetiva<\/a><\/strong><\/td>\n<\/tr>\n<tr>\n<td><strong><a href=\"http:\/\/concursos.fadesp.org.br\/cmma2016\/arquivos\/GABARITO%20OFICIAL%20DEFINITIVO%20-%20Dia%2029.05.2016%20-%20Manha.pdf\">Gabarito Oficial Definitivo &#8211; Dia 29\/05\/2016 &#8211; Manh\u00e3<\/a><\/strong><\/td>\n<\/tr>\n<tr>\n<td><strong><a href=\"http:\/\/concursos.fadesp.org.br\/cmma2016\/arquivos\/TECNICO%20EM%20INFORMATICA.pdf\">Prova &#8211; T\u00e9cnico em Inform\u00e1tica\u00a0<\/a><\/strong><\/td>\n<\/tr>\n<tr>\n<td><strong><a href=\"http:\/\/concursos.fadesp.org.br\/cmma2016\/arquivos\/AGENTE%20ADMINISTRATIVO.pdf\">Prova \u00a0&#8211; Agente Administrativo<\/a><\/strong><\/td>\n<\/tr>\n<tr>\n<td><strong><a href=\"http:\/\/concursos.fadesp.org.br\/cmma2016\/arquivos\/NIVEL%20FUNDAMENTAL%20COMPLETO.pdf\">Prova &#8211; N\u00edvel Fundamental Completo\u00a0<\/a><\/strong><\/td>\n<\/tr>\n<tr>\n<td><strong><a href=\"http:\/\/concursos.fadesp.org.br\/cmma2016\/arquivos\/GABARITO%20OFICIAL%20PRELIMINAR%20-%20Dia%2029.05.2016%20-%20Manh%C3%A3.pdf\">Gabarito Oficial Preliminar &#8211; Dia 29\/05\/2016 &#8211; Manh\u00e3<\/a><\/strong><\/td>\n<\/tr>\n<tr>\n<td><strong><a href=\"..\/midias\/anexos\/Copia(01)_472_tabela_de_cargos.pdf\">Tabela de Cargos<\/a><\/strong><\/td>\n<\/tr>\n<tr>\n<td><strong><a href=\"..\/midias\/anexos\/472_formulario_de_portador_de_deficiencia.pdf\">Formul\u00e1rio PcD<\/a><\/strong><\/td>\n<\/tr>\n<tr>\n<td><strong><a href=\"..\/midias\/anexos\/Copia(02)_472_edital_n_01_2016_cmma.pdf\">Edital de Abertura<\/a><\/strong><\/td>\n<\/tr>\n<\/tbody>\n<\/table>\t\t\t\t\t\t\t\t<\/div>\n\t\t\t\t<\/div>\n\t\t\t\t\t<\/div>\n\t\t<\/div>\n\t\t\t\t\t<\/div>\n\t\t<\/section>\n\t\t\t\t\t<\/div>\n\t\t<\/div>\n\t\t\t\t\t<\/div>\n\t\t<\/section>\n\t\t\t\t<\/div>\n\t\t","protected":false},"excerpt":{"rendered":"<p>C\u00e2mara Municipal de Monte Alegre &#8211; 2016 A \u00a0C\u00e2mara Municipal de Monte Alegre torna p\u00fablica a realiza\u00e7\u00e3o de Concurso P\u00fablico destinado ao preenchimento de vagas de cargos de n\u00edvel m\u00e9dio e Fundamental completo do quadro de pessoal efetivo da C\u00e2mara, mediante as condi\u00e7\u00f5es estabelecidas no edital de abertura.\u00a0 Vagas &#8211;\u00a014 Cargos &#8211;\u00a0N\u00edvel Fundamental completo: Agente [&hellip;]<\/p>\n","protected":false},"author":9,"featured_media":0,"parent":329,"menu_order":53,"comment_status":"closed","ping_status":"closed","template":"","meta":{"_monsterinsights_skip_tracking":false,"_monsterinsights_sitenote_active":false,"_monsterinsights_sitenote_note":"","_monsterinsights_sitenote_category":0,"footnotes":""},"class_list":["post-1584","page","type-page","status-publish","hentry","entry"],"yoast_head":"<!-- This site is optimized with the Yoast SEO plugin v25.1 - https:\/\/yoast.com\/wordpress\/plugins\/seo\/ -->\n<title>C\u00e2mara Municipal de Monte Alegre - 2016 - FADESP<\/title>\n<meta name=\"robots\" content=\"index, follow, max-snippet:-1, max-image-preview:large, max-video-preview:-1\" \/>\n<link rel=\"canonical\" href=\"https:\/\/portalfadesp.org.br\/?page_id=1584\" \/>\n<meta property=\"og:locale\" content=\"pt_BR\" \/>\n<meta property=\"og:type\" content=\"article\" \/>\n<meta property=\"og:title\" content=\"C\u00e2mara Municipal de Monte Alegre - 2016 - FADESP\" \/>\n<meta property=\"og:description\" content=\"C\u00e2mara Municipal de Monte Alegre &#8211; 2016 A \u00a0C\u00e2mara Municipal de Monte Alegre torna p\u00fablica a realiza\u00e7\u00e3o de Concurso P\u00fablico destinado ao preenchimento de vagas de cargos de n\u00edvel m\u00e9dio e Fundamental completo do quadro de pessoal efetivo da C\u00e2mara, mediante as condi\u00e7\u00f5es estabelecidas no edital de abertura.\u00a0 Vagas &#8211;\u00a014 Cargos &#8211;\u00a0N\u00edvel Fundamental completo: Agente [&hellip;]\" \/>\n<meta property=\"og:url\" content=\"https:\/\/portalfadesp.org.br\/?page_id=1584\" \/>\n<meta property=\"og:site_name\" content=\"FADESP\" \/>\n<meta property=\"article:publisher\" content=\"https:\/\/www.facebook.com\/Fadesp-138351949524662\/\" \/>\n<meta property=\"article:modified_time\" content=\"2022-12-20T15:09:00+00:00\" \/>\n<meta name=\"twitter:card\" content=\"summary_large_image\" \/>\n<meta name=\"twitter:site\" content=\"@Fadesp\" \/>\n<meta name=\"twitter:label1\" content=\"Est. tempo de leitura\" \/>\n\t<meta name=\"twitter:data1\" content=\"1 minuto\" \/>\n<script type=\"application\/ld+json\" class=\"yoast-schema-graph\">{\"@context\":\"https:\/\/schema.org\",\"@graph\":[{\"@type\":\"WebPage\",\"@id\":\"https:\/\/portalfadesp.org.br\/?page_id=1584\",\"url\":\"https:\/\/portalfadesp.org.br\/?page_id=1584\",\"name\":\"C\u00e2mara Municipal de Monte Alegre - 2016 - FADESP\",\"isPartOf\":{\"@id\":\"https:\/\/portalfadesp.org.br\/#website\"},\"datePublished\":\"2016-12-21T11:40:56+00:00\",\"dateModified\":\"2022-12-20T15:09:00+00:00\",\"breadcrumb\":{\"@id\":\"https:\/\/portalfadesp.org.br\/?page_id=1584#breadcrumb\"},\"inLanguage\":\"pt-BR\",\"potentialAction\":[{\"@type\":\"ReadAction\",\"target\":[\"https:\/\/portalfadesp.org.br\/?page_id=1584\"]}]},{\"@type\":\"BreadcrumbList\",\"@id\":\"https:\/\/portalfadesp.org.br\/?page_id=1584#breadcrumb\",\"itemListElement\":[{\"@type\":\"ListItem\",\"position\":1,\"name\":\"In\u00edcio\",\"item\":\"https:\/\/portalfadesp.org.br\/\"},{\"@type\":\"ListItem\",\"position\":2,\"name\":\"Concursos &#8211; Homologados\",\"item\":\"https:\/\/portalfadesp.org.br\/?page_id=329\"},{\"@type\":\"ListItem\",\"position\":3,\"name\":\"C\u00e2mara Municipal de Monte Alegre &#8211; 2016\"}]},{\"@type\":\"WebSite\",\"@id\":\"https:\/\/portalfadesp.org.br\/#website\",\"url\":\"https:\/\/portalfadesp.org.br\/\",\"name\":\"FADESP\",\"description\":\"Funda\u00e7\u00e3o de Amparo e Desenvolvimento da Pesquisa\",\"publisher\":{\"@id\":\"https:\/\/portalfadesp.org.br\/#organization\"},\"potentialAction\":[{\"@type\":\"SearchAction\",\"target\":{\"@type\":\"EntryPoint\",\"urlTemplate\":\"https:\/\/portalfadesp.org.br\/?s={search_term_string}\"},\"query-input\":{\"@type\":\"PropertyValueSpecification\",\"valueRequired\":true,\"valueName\":\"search_term_string\"}}],\"inLanguage\":\"pt-BR\"},{\"@type\":\"Organization\",\"@id\":\"https:\/\/portalfadesp.org.br\/#organization\",\"name\":\"FADESP\",\"url\":\"https:\/\/portalfadesp.org.br\/\",\"logo\":{\"@type\":\"ImageObject\",\"inLanguage\":\"pt-BR\",\"@id\":\"https:\/\/portalfadesp.org.br\/#\/schema\/logo\/image\/\",\"url\":\"https:\/\/portalfadesp.org.br\/wp-content\/uploads\/2024\/01\/NOVOLOGOFADESPlaranjaH.png\",\"contentUrl\":\"https:\/\/portalfadesp.org.br\/wp-content\/uploads\/2024\/01\/NOVOLOGOFADESPlaranjaH.png\",\"width\":2742,\"height\":839,\"caption\":\"FADESP\"},\"image\":{\"@id\":\"https:\/\/portalfadesp.org.br\/#\/schema\/logo\/image\/\"},\"sameAs\":[\"https:\/\/www.facebook.com\/Fadesp-138351949524662\/\",\"https:\/\/x.com\/Fadesp\",\"https:\/\/www.instagram.com\/fadesp_ufpa\/\",\"https:\/\/www.youtube.com\/@fundacaodeamparoedesenvolv1903\",\"https:\/\/www.threads.net\/@fadesp_ufpa\"]}]}<\/script>\n<!-- \/ Yoast SEO plugin. -->","yoast_head_json":{"title":"C\u00e2mara Municipal de Monte Alegre - 2016 - FADESP","robots":{"index":"index","follow":"follow","max-snippet":"max-snippet:-1","max-image-preview":"max-image-preview:large","max-video-preview":"max-video-preview:-1"},"canonical":"https:\/\/portalfadesp.org.br\/?page_id=1584","og_locale":"pt_BR","og_type":"article","og_title":"C\u00e2mara Municipal de Monte Alegre - 2016 - FADESP","og_description":"C\u00e2mara Municipal de Monte Alegre &#8211; 2016 A \u00a0C\u00e2mara Municipal de Monte Alegre torna p\u00fablica a realiza\u00e7\u00e3o de Concurso P\u00fablico destinado ao preenchimento de vagas de cargos de n\u00edvel m\u00e9dio e Fundamental completo do quadro de pessoal efetivo da C\u00e2mara, mediante as condi\u00e7\u00f5es estabelecidas no edital de abertura.\u00a0 Vagas &#8211;\u00a014 Cargos &#8211;\u00a0N\u00edvel Fundamental completo: Agente [&hellip;]","og_url":"https:\/\/portalfadesp.org.br\/?page_id=1584","og_site_name":"FADESP","article_publisher":"https:\/\/www.facebook.com\/Fadesp-138351949524662\/","article_modified_time":"2022-12-20T15:09:00+00:00","twitter_card":"summary_large_image","twitter_site":"@Fadesp","twitter_misc":{"Est. tempo de leitura":"1 minuto"},"schema":{"@context":"https:\/\/schema.org","@graph":[{"@type":"WebPage","@id":"https:\/\/portalfadesp.org.br\/?page_id=1584","url":"https:\/\/portalfadesp.org.br\/?page_id=1584","name":"C\u00e2mara Municipal de Monte Alegre - 2016 - FADESP","isPartOf":{"@id":"https:\/\/portalfadesp.org.br\/#website"},"datePublished":"2016-12-21T11:40:56+00:00","dateModified":"2022-12-20T15:09:00+00:00","breadcrumb":{"@id":"https:\/\/portalfadesp.org.br\/?page_id=1584#breadcrumb"},"inLanguage":"pt-BR","potentialAction":[{"@type":"ReadAction","target":["https:\/\/portalfadesp.org.br\/?page_id=1584"]}]},{"@type":"BreadcrumbList","@id":"https:\/\/portalfadesp.org.br\/?page_id=1584#breadcrumb","itemListElement":[{"@type":"ListItem","position":1,"name":"In\u00edcio","item":"https:\/\/portalfadesp.org.br\/"},{"@type":"ListItem","position":2,"name":"Concursos &#8211; Homologados","item":"https:\/\/portalfadesp.org.br\/?page_id=329"},{"@type":"ListItem","position":3,"name":"C\u00e2mara Municipal de Monte Alegre &#8211; 2016"}]},{"@type":"WebSite","@id":"https:\/\/portalfadesp.org.br\/#website","url":"https:\/\/portalfadesp.org.br\/","name":"FADESP","description":"Funda\u00e7\u00e3o de Amparo e Desenvolvimento da Pesquisa","publisher":{"@id":"https:\/\/portalfadesp.org.br\/#organization"},"potentialAction":[{"@type":"SearchAction","target":{"@type":"EntryPoint","urlTemplate":"https:\/\/portalfadesp.org.br\/?s={search_term_string}"},"query-input":{"@type":"PropertyValueSpecification","valueRequired":true,"valueName":"search_term_string"}}],"inLanguage":"pt-BR"},{"@type":"Organization","@id":"https:\/\/portalfadesp.org.br\/#organization","name":"FADESP","url":"https:\/\/portalfadesp.org.br\/","logo":{"@type":"ImageObject","inLanguage":"pt-BR","@id":"https:\/\/portalfadesp.org.br\/#\/schema\/logo\/image\/","url":"https:\/\/portalfadesp.org.br\/wp-content\/uploads\/2024\/01\/NOVOLOGOFADESPlaranjaH.png","contentUrl":"https:\/\/portalfadesp.org.br\/wp-content\/uploads\/2024\/01\/NOVOLOGOFADESPlaranjaH.png","width":2742,"height":839,"caption":"FADESP"},"image":{"@id":"https:\/\/portalfadesp.org.br\/#\/schema\/logo\/image\/"},"sameAs":["https:\/\/www.facebook.com\/Fadesp-138351949524662\/","https:\/\/x.com\/Fadesp","https:\/\/www.instagram.com\/fadesp_ufpa\/","https:\/\/www.youtube.com\/@fundacaodeamparoedesenvolv1903","https:\/\/www.threads.net\/@fadesp_ufpa"]}]}},"_links":{"self":[{"href":"https:\/\/portalfadesp.org.br\/index.php?rest_route=\/wp\/v2\/pages\/1584","targetHints":{"allow":["GET"]}}],"collection":[{"href":"https:\/\/portalfadesp.org.br\/index.php?rest_route=\/wp\/v2\/pages"}],"about":[{"href":"https:\/\/portalfadesp.org.br\/index.php?rest_route=\/wp\/v2\/types\/page"}],"author":[{"embeddable":true,"href":"https:\/\/portalfadesp.org.br\/index.php?rest_route=\/wp\/v2\/users\/9"}],"replies":[{"embeddable":true,"href":"https:\/\/portalfadesp.org.br\/index.php?rest_route=%2Fwp%2Fv2%2Fcomments&post=1584"}],"version-history":[{"count":25,"href":"https:\/\/portalfadesp.org.br\/index.php?rest_route=\/wp\/v2\/pages\/1584\/revisions"}],"predecessor-version":[{"id":36521,"href":"https:\/\/portalfadesp.org.br\/index.php?rest_route=\/wp\/v2\/pages\/1584\/revisions\/36521"}],"up":[{"embeddable":true,"href":"https:\/\/portalfadesp.org.br\/index.php?rest_route=\/wp\/v2\/pages\/329"}],"wp:attachment":[{"href":"https:\/\/portalfadesp.org.br\/index.php?rest_route=%2Fwp%2Fv2%2Fmedia&parent=1584"}],"curies":[{"name":"wp","href":"https:\/\/api.w.org\/{rel}","templated":true}]}}