{"id":1583,"date":"2016-05-22T06:12:01","date_gmt":"2016-05-22T09:12:01","guid":{"rendered":"https:\/\/162.215.13.167?page_id=1583"},"modified":"2022-12-20T12:13:58","modified_gmt":"2022-12-20T15:13:58","slug":"prefeitura-de-baiao-agente-comunitario-de-saude-acs-2016","status":"publish","type":"page","link":"https:\/\/portalfadesp.org.br\/?page_id=1583","title":{"rendered":"Prefeitura de Bai\u00e3o &#8211; Agente Comunit\u00e1rio de Sa\u00fade (ACS) &#8211; 2016"},"content":{"rendered":"\t\t<div data-elementor-type=\"wp-post\" data-elementor-id=\"1583\" class=\"elementor elementor-1583\" data-elementor-post-type=\"page\">\n\t\t\t\t\t\t<section class=\"elementor-section elementor-top-section elementor-element elementor-element-166ad941 elementor-section-boxed elementor-section-height-default elementor-section-height-default\" data-id=\"166ad941\" data-element_type=\"section\">\n\t\t\t\t\t\t<div class=\"elementor-container elementor-column-gap-default\">\n\t\t\t\t\t<div class=\"elementor-column elementor-col-100 elementor-top-column elementor-element elementor-element-1b144a66\" data-id=\"1b144a66\" data-element_type=\"column\">\n\t\t\t<div class=\"elementor-widget-wrap elementor-element-populated\">\n\t\t\t\t\t\t<div class=\"elementor-element elementor-element-1e83f08f elementor-widget elementor-widget-heading\" data-id=\"1e83f08f\" data-element_type=\"widget\" data-widget_type=\"heading.default\">\n\t\t\t\t<div class=\"elementor-widget-container\">\n\t\t\t\t\t<h1 class=\"elementor-heading-title elementor-size-default\">Prefeitura de Bai\u00e3o - Agente Comunit\u00e1rio de Sa\u00fade (ACS) - 2016<\/h1>\t\t\t\t<\/div>\n\t\t\t\t<\/div>\n\t\t\t\t<section class=\"elementor-section elementor-inner-section elementor-element elementor-element-71b08bea elementor-section-boxed elementor-section-height-default elementor-section-height-default\" data-id=\"71b08bea\" data-element_type=\"section\">\n\t\t\t\t\t\t<div class=\"elementor-container elementor-column-gap-default\">\n\t\t\t\t\t<div class=\"elementor-column elementor-col-50 elementor-inner-column elementor-element elementor-element-79343535\" data-id=\"79343535\" data-element_type=\"column\">\n\t\t\t<div class=\"elementor-widget-wrap elementor-element-populated\">\n\t\t\t\t\t\t<div class=\"elementor-element elementor-element-235317f9 elementor-widget elementor-widget-text-editor\" data-id=\"235317f9\" data-element_type=\"widget\" data-widget_type=\"text-editor.default\">\n\t\t\t\t<div class=\"elementor-widget-container\">\n\t\t\t\t\t\t\t\t\t<p>A Prefeitura Municipal de Bai\u00e3o (PMB), atrav\u00e9s da Secretaria Municipal de Sa\u00fade, supervisionado pela Secretaria Municipal de Administra\u00e7\u00e3o, torna p\u00fablico o Edital de Abertura do Concurso P\u00fablico, Edital n\u00b0 01\/2016\/PMB \u2013 ACS, para o preenchimento de vagas para os cargos de Agente Comunit\u00e1rio de Sa\u00fade (ACS), conforme itens, subitens e anexos do Edital de abertura.<\/p><p><strong>Vagas &#8211;\u00a0<\/strong>39 vagas efetivas e 121 para cadastro de reserva<\/p><p><strong>Cargos &#8211;\u00a0<\/strong>Agente Comunit\u00e1rio de Sa\u00fade (ACS) \/ Localidades<\/p><p><strong>Remunera\u00e7\u00e3o &#8211;\u00a0<\/strong>R$ 1.014,00<\/p><p><strong>Inscri\u00e7\u00f5es &#8211;\u00a0<\/strong>08\/04\/16 a 02\/05\/16<\/p><p><strong>Taxa &#8211;\u00a0<\/strong>R$ 50,00<\/p><p><strong>Datas importantes<\/strong>:<\/p><p>Per\u00edodo de inscri\u00e7\u00e3o &#8211; \u00a008\/04\/16 a 02\/05\/16<\/p><p>Pagamento do boleto banc\u00e1rio &#8211; at\u00e9 03\/05\/16<\/p><p>Cart\u00e3o de inscri\u00e7\u00e3o &#8211; a partir do dia 05\/05\/16<\/p><p>Prova objetiva &#8211; 1\u00aa etapa &#8211; 15\/05\/16<\/p><p>\u00a0 \u00a0 \u00a0 \u00a0 \u00a0 \u00a0 \u00a0 \u00a0 \u00a0 \u00a0 \u00a0 \u00a0 \u00a0 \u00a02\u00aa etapa &#8211; 12\/06\/16<\/p><p>Curso introdut\u00f3rio &#8211; 06 a 10\/06\/16<\/p>\t\t\t\t\t\t\t\t<\/div>\n\t\t\t\t<\/div>\n\t\t\t\t\t<\/div>\n\t\t<\/div>\n\t\t\t\t<div class=\"elementor-column elementor-col-50 elementor-inner-column elementor-element elementor-element-17094a87\" data-id=\"17094a87\" data-element_type=\"column\">\n\t\t\t<div class=\"elementor-widget-wrap elementor-element-populated\">\n\t\t\t\t\t\t<div class=\"elementor-element elementor-element-5b91d8e5 elementor-widget elementor-widget-text-editor\" data-id=\"5b91d8e5\" data-element_type=\"widget\" data-widget_type=\"text-editor.default\">\n\t\t\t\t<div class=\"elementor-widget-container\">\n\t\t\t\t\t\t\t\t\t<p style=\"text-align: center;\"><span style=\"color: #ffffff;\"><strong>Editais e Avisos<\/strong><\/span><\/p>\t\t\t\t\t\t\t\t<\/div>\n\t\t\t\t<\/div>\n\t\t\t\t<div class=\"elementor-element elementor-element-4a495cc4 elementor-widget elementor-widget-text-editor\" data-id=\"4a495cc4\" data-element_type=\"widget\" data-widget_type=\"text-editor.default\">\n\t\t\t\t<div class=\"elementor-widget-container\">\n\t\t\t\t\t\t\t\t\t<table width=\"72\">\n<tbody>\n<tr>\n<td width=\"72\"><strong><a href=\"..\/midias\/anexos\/469_edital_n_04_2016_pmb_acs_homologacao.pdf\">Edital n\u00ba 04\/2016 &#8211; Homologa\u00e7\u00e3o\u00a0<\/a><\/strong><\/td>\n<\/tr>\n<tr>\n<td width=\"72\"><strong><a href=\"http:\/\/concursos.fadesp.org.br\/pmbacs2016\/arquivos\/Resultado%20Final.pdf\">Resultado Final\u00a0<\/a><\/strong><\/td>\n<\/tr>\n<tr>\n<td width=\"72\"><strong><a href=\"http:\/\/concursos.fadesp.org.br\/pmbacs2016\/arquivos\/Resultado%20Geral%20da%202a%20Etapa.pdf\">Resultado Geral da 2\u00aa Etapa<\/a><\/strong><\/td>\n<\/tr>\n<tr>\n<td width=\"72\"><strong><a href=\"http:\/\/concursos.fadesp.org.br\/pmbacs2016\/arquivos\/GABARITO%20OFICIAL%20DEFINITIVO%20-%20Dia%2026.06.2016%20-%20Manha%20-%202%20Etapa.pdf\">\u00a0GABARITO OFICIAL DEFINITIVO &#8211; Dia 26\/06\/2016 &#8211; Manh\u00e3 &#8211; 2\u00aa Etapa<\/a><\/strong><\/td>\n<\/tr>\n<tr>\n<td width=\"72\"><strong><a href=\"http:\/\/concursos.fadesp.org.br\/pmbacs2016\/arquivos\/AGENTE%20COMUNITARIO%20DE%20SAUDE%202a%20ETAPA.pdf\">PROVA &#8211; AGENTE COMUNIT\u00c1RIO DE SA\u00daDE 2a ETAPA<\/a><\/strong><\/td>\n<\/tr>\n<tr>\n<td width=\"72\"><strong><a href=\"http:\/\/concursos.fadesp.org.br\/pmbacs2016\/arquivos\/GABARITO%20OFICIAL%20PRELIMINAR%20-%20Dia%2026.06.2016%20-%20Manha%20-%202%C2%AA%20Etapa.pdf\">\u00a0GABARITO OFICIAL PRELIMINAR &#8211; Dia 26\/06\/2016 &#8211; Manha &#8211; 2\u00aa Etapa<\/a><\/strong><\/td>\n<\/tr>\n<tr>\n<td width=\"72\"><strong><a href=\"..\/midias\/anexos\/469_reconvocacao_ao_curso_introdutorio_de_acs.pdf\">Reconvoca\u00e7\u00e3o ao Curso Introdut\u00f3rio de ACS<\/a><\/strong><\/td>\n<\/tr>\n<tr>\n<td width=\"72\"><strong><a href=\"http:\/\/concursos.fadesp.org.br\/pmbacs2016\/arquivos\/Convoca%C3%A7%C3%A3o%20ao%20Curso%20Introdut%C3%B3rio%20de%20ACS.pdf\">Convoca\u00e7\u00e3o ao Curso Introdut\u00f3rio de ACS\u00a0<\/a><\/strong><\/td>\n<\/tr>\n<tr>\n<td width=\"72\"><strong><a href=\"http:\/\/concursos.fadesp.org.br\/pmbacs2016\/arquivos\/Resultado%20Geral%20da%201a%20Etapa.pdf\">\u00a0Resultado Geral da 1a Etapa<\/a><\/strong><\/td>\n<\/tr>\n<tr>\n<td width=\"72\"><strong><a href=\"http:\/\/concursos.fadesp.org.br\/pmbacs2016\/arquivos\/GABARITO%20OFICIAL%20DEFINITIVO%20-%20Dia%2015.05.2016%20-%20Manh%C3%A3.pdf\">Gabarito Oficial Definitivo &#8211; Dia 15\/05\/2016\u00a0<\/a><\/strong><\/td>\n<\/tr>\n<tr>\n<td width=\"72\"><strong><a href=\"http:\/\/concursos.fadesp.org.br\/pmbacs2016\/arquivos\/AGENTE%20COMUNIT%C3%81RIO%20DE%20SA%C3%9ADE%20ACS.pdf\">Prova Dia 15\/05\/2016<\/a><\/strong><\/td>\n<\/tr>\n<tr>\n<td width=\"72\"><strong><a href=\"http:\/\/concursos.fadesp.org.br\/pmbacs2016\/arquivos\/GABARITO%20OFICIAL%20PRELIMINAR%20-%20Dia%2015.05.201.pdf\">Gabarito Oficial Preliminar &#8211; Dia 15\/05\/2016<\/a><\/strong><\/td>\n<\/tr>\n<tr>\n<td width=\"72\"><strong><a href=\"..\/midias\/anexos\/469_formulario_de_portador_de_deficiencia.pdf\">Formul\u00e1rio PcD<\/a><\/strong><\/td>\n<\/tr>\n<tr>\n<td width=\"72\"><strong><a href=\"..\/midias\/anexos\/469_tabela_de_localidades.pdf\">Tabela de Localidades \/ Republicada<\/a><\/strong><\/td>\n<\/tr>\n<tr>\n<td width=\"72\"><strong><a href=\"..\/midias\/anexos\/469_edital_n_01_2016_pmb_acs.pdf\">Edital n\u00ba 01 &#8211; Abertura \/ Republicado<\/a><\/strong><\/td>\n<\/tr>\n<\/tbody>\n<\/table>\t\t\t\t\t\t\t\t<\/div>\n\t\t\t\t<\/div>\n\t\t\t\t\t<\/div>\n\t\t<\/div>\n\t\t\t\t\t<\/div>\n\t\t<\/section>\n\t\t\t\t\t<\/div>\n\t\t<\/div>\n\t\t\t\t\t<\/div>\n\t\t<\/section>\n\t\t\t\t<\/div>\n\t\t","protected":false},"excerpt":{"rendered":"<p>Prefeitura de Bai\u00e3o &#8211; Agente Comunit\u00e1rio de Sa\u00fade (ACS) &#8211; 2016 A Prefeitura Municipal de Bai\u00e3o (PMB), atrav\u00e9s da Secretaria Municipal de Sa\u00fade, supervisionado pela Secretaria Municipal de Administra\u00e7\u00e3o, torna p\u00fablico o Edital de Abertura do Concurso P\u00fablico, Edital n\u00b0 01\/2016\/PMB \u2013 ACS, para o preenchimento de vagas para os cargos de Agente Comunit\u00e1rio de [&hellip;]<\/p>\n","protected":false},"author":9,"featured_media":0,"parent":329,"menu_order":53,"comment_status":"closed","ping_status":"closed","template":"","meta":{"_monsterinsights_skip_tracking":false,"_monsterinsights_sitenote_active":false,"_monsterinsights_sitenote_note":"","_monsterinsights_sitenote_category":0,"footnotes":""},"class_list":["post-1583","page","type-page","status-publish","hentry","entry"],"yoast_head":"<!-- This site is optimized with the Yoast SEO plugin v25.1 - https:\/\/yoast.com\/wordpress\/plugins\/seo\/ -->\n<title>Prefeitura de Bai\u00e3o - Agente Comunit\u00e1rio de Sa\u00fade (ACS) - 2016 - FADESP<\/title>\n<meta name=\"robots\" content=\"index, follow, max-snippet:-1, max-image-preview:large, max-video-preview:-1\" \/>\n<link rel=\"canonical\" href=\"https:\/\/portalfadesp.org.br\/?page_id=1583\" \/>\n<meta property=\"og:locale\" content=\"pt_BR\" \/>\n<meta property=\"og:type\" content=\"article\" \/>\n<meta property=\"og:title\" content=\"Prefeitura de Bai\u00e3o - Agente Comunit\u00e1rio de Sa\u00fade (ACS) - 2016 - FADESP\" \/>\n<meta property=\"og:description\" content=\"Prefeitura de Bai\u00e3o &#8211; Agente Comunit\u00e1rio de Sa\u00fade (ACS) &#8211; 2016 A Prefeitura Municipal de Bai\u00e3o (PMB), atrav\u00e9s da Secretaria Municipal de Sa\u00fade, supervisionado pela Secretaria Municipal de Administra\u00e7\u00e3o, torna p\u00fablico o Edital de Abertura do Concurso P\u00fablico, Edital n\u00b0 01\/2016\/PMB \u2013 ACS, para o preenchimento de vagas para os cargos de Agente Comunit\u00e1rio de [&hellip;]\" \/>\n<meta property=\"og:url\" content=\"https:\/\/portalfadesp.org.br\/?page_id=1583\" \/>\n<meta property=\"og:site_name\" content=\"FADESP\" \/>\n<meta property=\"article:publisher\" content=\"https:\/\/www.facebook.com\/Fadesp-138351949524662\/\" \/>\n<meta property=\"article:modified_time\" content=\"2022-12-20T15:13:58+00:00\" \/>\n<meta name=\"twitter:card\" content=\"summary_large_image\" \/>\n<meta name=\"twitter:site\" content=\"@Fadesp\" \/>\n<meta name=\"twitter:label1\" content=\"Est. tempo de leitura\" \/>\n\t<meta name=\"twitter:data1\" content=\"1 minuto\" \/>\n<script type=\"application\/ld+json\" class=\"yoast-schema-graph\">{\"@context\":\"https:\/\/schema.org\",\"@graph\":[{\"@type\":\"WebPage\",\"@id\":\"https:\/\/portalfadesp.org.br\/?page_id=1583\",\"url\":\"https:\/\/portalfadesp.org.br\/?page_id=1583\",\"name\":\"Prefeitura de Bai\u00e3o - Agente Comunit\u00e1rio de Sa\u00fade (ACS) - 2016 - FADESP\",\"isPartOf\":{\"@id\":\"https:\/\/portalfadesp.org.br\/#website\"},\"datePublished\":\"2016-05-22T09:12:01+00:00\",\"dateModified\":\"2022-12-20T15:13:58+00:00\",\"breadcrumb\":{\"@id\":\"https:\/\/portalfadesp.org.br\/?page_id=1583#breadcrumb\"},\"inLanguage\":\"pt-BR\",\"potentialAction\":[{\"@type\":\"ReadAction\",\"target\":[\"https:\/\/portalfadesp.org.br\/?page_id=1583\"]}]},{\"@type\":\"BreadcrumbList\",\"@id\":\"https:\/\/portalfadesp.org.br\/?page_id=1583#breadcrumb\",\"itemListElement\":[{\"@type\":\"ListItem\",\"position\":1,\"name\":\"In\u00edcio\",\"item\":\"https:\/\/portalfadesp.org.br\/\"},{\"@type\":\"ListItem\",\"position\":2,\"name\":\"Concursos &#8211; Homologados\",\"item\":\"https:\/\/portalfadesp.org.br\/?page_id=329\"},{\"@type\":\"ListItem\",\"position\":3,\"name\":\"Prefeitura de Bai\u00e3o &#8211; Agente Comunit\u00e1rio de Sa\u00fade (ACS) &#8211; 2016\"}]},{\"@type\":\"WebSite\",\"@id\":\"https:\/\/portalfadesp.org.br\/#website\",\"url\":\"https:\/\/portalfadesp.org.br\/\",\"name\":\"FADESP\",\"description\":\"Funda\u00e7\u00e3o de Amparo e Desenvolvimento da Pesquisa\",\"publisher\":{\"@id\":\"https:\/\/portalfadesp.org.br\/#organization\"},\"potentialAction\":[{\"@type\":\"SearchAction\",\"target\":{\"@type\":\"EntryPoint\",\"urlTemplate\":\"https:\/\/portalfadesp.org.br\/?s={search_term_string}\"},\"query-input\":{\"@type\":\"PropertyValueSpecification\",\"valueRequired\":true,\"valueName\":\"search_term_string\"}}],\"inLanguage\":\"pt-BR\"},{\"@type\":\"Organization\",\"@id\":\"https:\/\/portalfadesp.org.br\/#organization\",\"name\":\"FADESP\",\"url\":\"https:\/\/portalfadesp.org.br\/\",\"logo\":{\"@type\":\"ImageObject\",\"inLanguage\":\"pt-BR\",\"@id\":\"https:\/\/portalfadesp.org.br\/#\/schema\/logo\/image\/\",\"url\":\"https:\/\/portalfadesp.org.br\/wp-content\/uploads\/2024\/01\/NOVOLOGOFADESPlaranjaH.png\",\"contentUrl\":\"https:\/\/portalfadesp.org.br\/wp-content\/uploads\/2024\/01\/NOVOLOGOFADESPlaranjaH.png\",\"width\":2742,\"height\":839,\"caption\":\"FADESP\"},\"image\":{\"@id\":\"https:\/\/portalfadesp.org.br\/#\/schema\/logo\/image\/\"},\"sameAs\":[\"https:\/\/www.facebook.com\/Fadesp-138351949524662\/\",\"https:\/\/x.com\/Fadesp\",\"https:\/\/www.instagram.com\/fadesp_ufpa\/\",\"https:\/\/www.youtube.com\/@fundacaodeamparoedesenvolv1903\",\"https:\/\/www.threads.net\/@fadesp_ufpa\"]}]}<\/script>\n<!-- \/ Yoast SEO plugin. -->","yoast_head_json":{"title":"Prefeitura de Bai\u00e3o - Agente Comunit\u00e1rio de Sa\u00fade (ACS) - 2016 - FADESP","robots":{"index":"index","follow":"follow","max-snippet":"max-snippet:-1","max-image-preview":"max-image-preview:large","max-video-preview":"max-video-preview:-1"},"canonical":"https:\/\/portalfadesp.org.br\/?page_id=1583","og_locale":"pt_BR","og_type":"article","og_title":"Prefeitura de Bai\u00e3o - Agente Comunit\u00e1rio de Sa\u00fade (ACS) - 2016 - FADESP","og_description":"Prefeitura de Bai\u00e3o &#8211; Agente Comunit\u00e1rio de Sa\u00fade (ACS) &#8211; 2016 A Prefeitura Municipal de Bai\u00e3o (PMB), atrav\u00e9s da Secretaria Municipal de Sa\u00fade, supervisionado pela Secretaria Municipal de Administra\u00e7\u00e3o, torna p\u00fablico o Edital de Abertura do Concurso P\u00fablico, Edital n\u00b0 01\/2016\/PMB \u2013 ACS, para o preenchimento de vagas para os cargos de Agente Comunit\u00e1rio de [&hellip;]","og_url":"https:\/\/portalfadesp.org.br\/?page_id=1583","og_site_name":"FADESP","article_publisher":"https:\/\/www.facebook.com\/Fadesp-138351949524662\/","article_modified_time":"2022-12-20T15:13:58+00:00","twitter_card":"summary_large_image","twitter_site":"@Fadesp","twitter_misc":{"Est. tempo de leitura":"1 minuto"},"schema":{"@context":"https:\/\/schema.org","@graph":[{"@type":"WebPage","@id":"https:\/\/portalfadesp.org.br\/?page_id=1583","url":"https:\/\/portalfadesp.org.br\/?page_id=1583","name":"Prefeitura de Bai\u00e3o - Agente Comunit\u00e1rio de Sa\u00fade (ACS) - 2016 - FADESP","isPartOf":{"@id":"https:\/\/portalfadesp.org.br\/#website"},"datePublished":"2016-05-22T09:12:01+00:00","dateModified":"2022-12-20T15:13:58+00:00","breadcrumb":{"@id":"https:\/\/portalfadesp.org.br\/?page_id=1583#breadcrumb"},"inLanguage":"pt-BR","potentialAction":[{"@type":"ReadAction","target":["https:\/\/portalfadesp.org.br\/?page_id=1583"]}]},{"@type":"BreadcrumbList","@id":"https:\/\/portalfadesp.org.br\/?page_id=1583#breadcrumb","itemListElement":[{"@type":"ListItem","position":1,"name":"In\u00edcio","item":"https:\/\/portalfadesp.org.br\/"},{"@type":"ListItem","position":2,"name":"Concursos &#8211; Homologados","item":"https:\/\/portalfadesp.org.br\/?page_id=329"},{"@type":"ListItem","position":3,"name":"Prefeitura de Bai\u00e3o &#8211; Agente Comunit\u00e1rio de Sa\u00fade (ACS) &#8211; 2016"}]},{"@type":"WebSite","@id":"https:\/\/portalfadesp.org.br\/#website","url":"https:\/\/portalfadesp.org.br\/","name":"FADESP","description":"Funda\u00e7\u00e3o de Amparo e Desenvolvimento da Pesquisa","publisher":{"@id":"https:\/\/portalfadesp.org.br\/#organization"},"potentialAction":[{"@type":"SearchAction","target":{"@type":"EntryPoint","urlTemplate":"https:\/\/portalfadesp.org.br\/?s={search_term_string}"},"query-input":{"@type":"PropertyValueSpecification","valueRequired":true,"valueName":"search_term_string"}}],"inLanguage":"pt-BR"},{"@type":"Organization","@id":"https:\/\/portalfadesp.org.br\/#organization","name":"FADESP","url":"https:\/\/portalfadesp.org.br\/","logo":{"@type":"ImageObject","inLanguage":"pt-BR","@id":"https:\/\/portalfadesp.org.br\/#\/schema\/logo\/image\/","url":"https:\/\/portalfadesp.org.br\/wp-content\/uploads\/2024\/01\/NOVOLOGOFADESPlaranjaH.png","contentUrl":"https:\/\/portalfadesp.org.br\/wp-content\/uploads\/2024\/01\/NOVOLOGOFADESPlaranjaH.png","width":2742,"height":839,"caption":"FADESP"},"image":{"@id":"https:\/\/portalfadesp.org.br\/#\/schema\/logo\/image\/"},"sameAs":["https:\/\/www.facebook.com\/Fadesp-138351949524662\/","https:\/\/x.com\/Fadesp","https:\/\/www.instagram.com\/fadesp_ufpa\/","https:\/\/www.youtube.com\/@fundacaodeamparoedesenvolv1903","https:\/\/www.threads.net\/@fadesp_ufpa"]}]}},"_links":{"self":[{"href":"https:\/\/portalfadesp.org.br\/index.php?rest_route=\/wp\/v2\/pages\/1583","targetHints":{"allow":["GET"]}}],"collection":[{"href":"https:\/\/portalfadesp.org.br\/index.php?rest_route=\/wp\/v2\/pages"}],"about":[{"href":"https:\/\/portalfadesp.org.br\/index.php?rest_route=\/wp\/v2\/types\/page"}],"author":[{"embeddable":true,"href":"https:\/\/portalfadesp.org.br\/index.php?rest_route=\/wp\/v2\/users\/9"}],"replies":[{"embeddable":true,"href":"https:\/\/portalfadesp.org.br\/index.php?rest_route=%2Fwp%2Fv2%2Fcomments&post=1583"}],"version-history":[{"count":25,"href":"https:\/\/portalfadesp.org.br\/index.php?rest_route=\/wp\/v2\/pages\/1583\/revisions"}],"predecessor-version":[{"id":36546,"href":"https:\/\/portalfadesp.org.br\/index.php?rest_route=\/wp\/v2\/pages\/1583\/revisions\/36546"}],"up":[{"embeddable":true,"href":"https:\/\/portalfadesp.org.br\/index.php?rest_route=\/wp\/v2\/pages\/329"}],"wp:attachment":[{"href":"https:\/\/portalfadesp.org.br\/index.php?rest_route=%2Fwp%2Fv2%2Fmedia&parent=1583"}],"curies":[{"name":"wp","href":"https:\/\/api.w.org\/{rel}","templated":true}]}}