{"id":1581,"date":"2016-12-21T09:40:43","date_gmt":"2016-12-21T11:40:43","guid":{"rendered":"https:\/\/162.215.13.167?page_id=1581"},"modified":"2022-12-20T12:08:49","modified_gmt":"2022-12-20T15:08:49","slug":"prefeitura-municipal-de-santa-cruz-do-arari-2016","status":"publish","type":"page","link":"https:\/\/portalfadesp.org.br\/?page_id=1581","title":{"rendered":"Prefeitura Municipal de Santa Cruz do Arari &#8211; 2016"},"content":{"rendered":"\t\t<div data-elementor-type=\"wp-post\" data-elementor-id=\"1581\" class=\"elementor elementor-1581\" data-elementor-post-type=\"page\">\n\t\t\t\t\t\t<section class=\"elementor-section elementor-top-section elementor-element elementor-element-48b6dec2 elementor-section-boxed elementor-section-height-default elementor-section-height-default\" data-id=\"48b6dec2\" data-element_type=\"section\">\n\t\t\t\t\t\t<div class=\"elementor-container elementor-column-gap-default\">\n\t\t\t\t\t<div class=\"elementor-column elementor-col-100 elementor-top-column elementor-element elementor-element-1c7615bd\" data-id=\"1c7615bd\" data-element_type=\"column\">\n\t\t\t<div class=\"elementor-widget-wrap elementor-element-populated\">\n\t\t\t\t\t\t<div class=\"elementor-element elementor-element-11a41930 elementor-widget elementor-widget-heading\" data-id=\"11a41930\" data-element_type=\"widget\" data-widget_type=\"heading.default\">\n\t\t\t\t<div class=\"elementor-widget-container\">\n\t\t\t\t\t<h1 class=\"elementor-heading-title elementor-size-default\">Prefeitura Municipal de Santa Cruz do Arari - 2016<\/h1>\t\t\t\t<\/div>\n\t\t\t\t<\/div>\n\t\t\t\t<section class=\"elementor-section elementor-inner-section elementor-element elementor-element-468fd739 elementor-section-boxed elementor-section-height-default elementor-section-height-default\" data-id=\"468fd739\" data-element_type=\"section\">\n\t\t\t\t\t\t<div class=\"elementor-container elementor-column-gap-default\">\n\t\t\t\t\t<div class=\"elementor-column elementor-col-50 elementor-inner-column elementor-element elementor-element-876b13d\" data-id=\"876b13d\" data-element_type=\"column\">\n\t\t\t<div class=\"elementor-widget-wrap elementor-element-populated\">\n\t\t\t\t\t\t<div class=\"elementor-element elementor-element-49ed6718 elementor-widget elementor-widget-text-editor\" data-id=\"49ed6718\" data-element_type=\"widget\" data-widget_type=\"text-editor.default\">\n\t\t\t\t<div class=\"elementor-widget-container\">\n\t\t\t\t\t\t\t\t\t<p>A Prefeitura Municipal de Santa Cruz do Arari &#8211; PA, torna p\u00fablica a realiza\u00e7\u00e3o de Concurso P\u00fablico da Prefeitura Municipal, destinado ao preenchimento de vagas do quadro de pessoal efetivo de n\u00edvel superior, n\u00edvel m\u00e9dio e n\u00edvel fundamental incompleto, mediante as condi\u00e7\u00f5es estabelecidas no edital de abertura.\u00a0<\/p><p><strong>Vagas &#8211;\u00a0<\/strong>116<\/p><p><strong>Cargos &#8211;\u00a0<\/strong><strong>Fundamental incompleto:<\/strong>\u00a0Auxiliar de Servi\u00e7os Gerais &#8211; zona urbana (18);\u00a0Auxiliar de Servi\u00e7os Gerais &#8211; zona rural (12);\u00a0\u00a0Auxiliar de Infraestrutura &#8211; zona urbana (08), Auxiliar de Infraestrutura &#8211; zona rural (08), Operador de\u00a0M\u00e1quinas Pesadas\u00a0&#8211; zona Urbana (01) e Motorista &#8211; zona urbana (02).<\/p><p><strong>N\u00edvel M\u00e9dio:<\/strong>\u00a0Agente Administrativo &#8211; zona urbana (01); Agente Adiministrativo &#8211; zona rural (03);\u00a0Auxiliar de Administra\u00e7\u00e3o &#8211; zona urbana (04);\u00a0Auxiliar de Administra\u00e7\u00e3o &#8211; zona rural (04); Almoxarife &#8211; zona urbana (03);\u00a0Almoxarife &#8211; zona rural (01);\u00a0T\u00e9cnico em Enfermagem &#8211; zona urbana (04);\u00a0T\u00e9cnico em Enfermagem &#8211; zona rural (03), T\u00e9cnico de Laborat\u00f3rio (01) e T\u00e9cnico em Agropecu\u00e1ria (01).<\/p><p><strong>N\u00edvel Superior:<\/strong>\u00a0M\u00e9dico-cl\u00ednico (01); Enfermeiro &#8211; zona urbana (02);\u00a0Enfermeiro &#8211; zona rural (01); Assistente Social &#8211; zona urbana (01);\u00a0Assistente Social &#8211; zona rural (01); Nutricionista \u00a0Educacional &#8211; zona urbana (01); Odont\u00f3logo &#8211; zona urbana (01); Pedagogo &#8211; zona rural (03);\u00a0Pedagogo &#8211; zona urbana (03); Professor de Educa\u00e7\u00e3o Infantil e S\u00e9ries Iniciais do Ensino Fundamental &#8211; zona urbana (08);\u00a0Professor de Educa\u00e7\u00e3o Infantil e S\u00e9ries Iniciais do Ensino Fundamental- zona rural (10); Professor Licenciado Pleno em Educa\u00e7\u00e3o F\u00edsica &#8211; zona urbana (01);\u00a0Professor Licenciado Pleno em Educa\u00e7\u00e3o F\u00edsica &#8211; zona rural (01); Professor Licenciado Pleno em Letras &#8211; L\u00edngua Estrangeira \/ Ingl\u00eas &#8211; zona urbana (01);\u00a0Professor Licenciado Pleno em Letras &#8211; L\u00edngua Portuguesa &#8211; zona urbana (01); Professor Licenciado Pleno em Geografia &#8211; zona rural (01); Professor Licenciado Pleno em Hist\u00f3ria &#8211; zona urbana (01); Professor Licenciado Pleno em Matem\u00e1tica &#8211; zona urbana (01);\u00a0Professor Licenciado Pleno em Matem\u00e1tica &#8211; zona rural (01); Professor Licenciado em Ci\u00eancias Naturais &#8211; zona urbana (01) e\u00a0Professor Licenciado em Ci\u00eancias Naturais &#8211; zona rural (01).<\/p><p><strong>Remunera\u00e7\u00e3o &#8211;\u00a0<\/strong>de R$ 880,00 a \u00a0R$ 4.900,00<\/p><p><strong>Inscri\u00e7\u00f5es &#8211;\u00a0<\/strong>31\/03\/2016 a\u00a009\/05\/2016<\/p><p><strong>Taxa &#8211; \u00a0R$ 45,00 (n\u00edvel Fundamental incompleto)<\/strong><\/p><p><strong>\u00a0 \u00a0 \u00a0 \u00a0 \u00a0 \u00a0 R$ 50,00 (n\u00edvel M\u00e9dio)<\/strong><\/p><p><strong>\u00a0 \u00a0 \u00a0 \u00a0 \u00a0 \u00a0R$ 70,00 (n\u00edvel Superior)<\/strong><\/p><p><strong>Datas importantes<\/strong>:<\/p><p>Per\u00edodo de inscri\u00e7\u00e3o &#8211; \u00a031\/03\/2016 a\u00a009\/05\/2016<\/p><p>Solicita\u00e7\u00e3o de isen\u00e7\u00e3o da taxa para PcD &#8211;\u00a031\/03\/2016 a\u00a006\/05\/2016<\/p><p>Pagamento da taxa de inscri\u00e7\u00e3o &#8211; at\u00e9 \u00a010\/05\/2016<\/p><p>Cart\u00e3o de inscri\u00e7\u00e3o &#8211; a partir do dia\u00a012\/05\/2016<\/p><p>Aplica\u00e7\u00e3o da prova objetiva &#8211; \u00a022\/05\/2016<\/p><p>Manh\u00e3 &#8211; das 8h \u00e0s 12h (hor\u00e1rio local) &#8211; para todos os cargos dos n\u00edveis fundmental Incompleto e Superior.<\/p><p>Tarde &#8211; das 14h30 \u00e0s 18h30\u00a0(hor\u00e1rio local)\u00a0&#8211; para todos os cargos de n\u00edvel M\u00e9dio. \u00a0<\/p>\t\t\t\t\t\t\t\t<\/div>\n\t\t\t\t<\/div>\n\t\t\t\t\t<\/div>\n\t\t<\/div>\n\t\t\t\t<div class=\"elementor-column elementor-col-50 elementor-inner-column elementor-element elementor-element-2195f507\" data-id=\"2195f507\" data-element_type=\"column\">\n\t\t\t<div class=\"elementor-widget-wrap elementor-element-populated\">\n\t\t\t\t\t\t<div class=\"elementor-element elementor-element-5527c3f6 elementor-widget elementor-widget-text-editor\" data-id=\"5527c3f6\" data-element_type=\"widget\" data-widget_type=\"text-editor.default\">\n\t\t\t\t<div class=\"elementor-widget-container\">\n\t\t\t\t\t\t\t\t\t<p style=\"text-align: center;\"><span style=\"color: #ffffff;\"><strong>Avisos<\/strong><\/span><\/p>\t\t\t\t\t\t\t\t<\/div>\n\t\t\t\t<\/div>\n\t\t\t\t<div class=\"elementor-element elementor-element-1a0b5973 elementor-widget elementor-widget-text-editor\" data-id=\"1a0b5973\" data-element_type=\"widget\" data-widget_type=\"text-editor.default\">\n\t\t\t\t<div class=\"elementor-widget-container\">\n\t\t\t\t\t\t\t\t\t<p style=\"text-align: left;\"><span style=\"color: #000000;\">Recurso Referente ao Resultado Final dos Cargos de Professores <\/span><strong>(<span style=\"color: #dd6b3b;\"><a style=\"color: #dd6b3b;\" href=\"http:\/\/concursos.fadesp.org.br\/pmsca2016\/web\/index_recurso.php\">Dispon\u00edvel<\/a><\/span>)<\/strong><\/p>\t\t\t\t\t\t\t\t<\/div>\n\t\t\t\t<\/div>\n\t\t\t\t<div class=\"elementor-element elementor-element-60501f51 elementor-widget elementor-widget-text-editor\" data-id=\"60501f51\" data-element_type=\"widget\" data-widget_type=\"text-editor.default\">\n\t\t\t\t<div class=\"elementor-widget-container\">\n\t\t\t\t\t\t\t\t\t<p style=\"text-align: center;\"><span style=\"color: #ffffff;\"><strong>Editais\u00a0<\/strong><\/span><\/p>\t\t\t\t\t\t\t\t<\/div>\n\t\t\t\t<\/div>\n\t\t\t\t<div class=\"elementor-element elementor-element-78a0884e elementor-widget elementor-widget-text-editor\" data-id=\"78a0884e\" data-element_type=\"widget\" data-widget_type=\"text-editor.default\">\n\t\t\t\t<div class=\"elementor-widget-container\">\n\t\t\t\t\t\t\t\t\t<table width=\"72\">\n<tbody>\n<tr>\n<td width=\"72\"><strong><a href=\"..\/midias\/anexos\/465_edital_n_05_2016_pmsca_homologacao.pdf\">Edital n\u00ba 05 &#8211; Homologa\u00e7\u00e3o\u00a0<\/a><\/strong><\/td>\n<\/tr>\n<tr>\n<td width=\"72\"><strong><a href=\"http:\/\/concursos.fadesp.org.br\/pmsca2016\/arquivos\/Resultado%20Final%20dos%20Cargos%20de%20Professores.pdf\">Resultado Final dos Cargos de Professores<\/a><\/strong><\/td>\n<\/tr>\n<tr>\n<td width=\"72\"><strong><a href=\"http:\/\/concursos.fadesp.org.br\/pmsca2016\/arquivos\/Resultado%20da%20Prova%20de%20T%C3%ADtulos.pdf\">Resultado da Prova de T\u00edtulos\u00a0<\/a><\/strong><\/td>\n<\/tr>\n<tr>\n<td width=\"72\"><strong><a href=\"http:\/\/concursos.fadesp.org.br\/pmsca2016\/arquivos\/Resultado%20Geral%20da%201a%20Etapa.pdf\">\u00a0\u00a0Resultado Geral da 1a Etapa<\/a><\/strong><\/td>\n<\/tr>\n<tr>\n<td width=\"72\"><strong><a href=\"http:\/\/concursos.fadesp.org.br\/pmsca2016\/arquivos\/Formul%C3%A1rio%20de%20Entrega%20de%20T%C3%ADtulos.pdf\">Formul\u00e1rio de Entrega de T\u00edtulos<\/a><\/strong><\/td>\n<\/tr>\n<tr>\n<td width=\"72\"><strong><a href=\"http:\/\/concursos.fadesp.org.br\/pmsca2016\/arquivos\/Edital%20n%C2%B0%2004_2016_Convoca%C3%A7%C3%A3o%20a%20Prova%20de%20T%C3%ADtulos.pdf\">Edital n\u00b0 04_2016_Convoca\u00e7\u00e3o a Prova de T\u00edtulos<\/a><\/strong><\/td>\n<\/tr>\n<tr>\n<td width=\"72\"><strong><a href=\"http:\/\/concursos.fadesp.org.br\/pmsca2016\/arquivos\/provas\/GABARITO%20OFICIAL%20DEFINITIVO%20-%20Dia%2022.05.2016%20-%20Manh%C3%A3%20e%20Tarde.pdf\">Gabarito Oficial Definitivo &#8211; Dia 22\/05\/2016 &#8211; Manh\u00e3 e Tarde<\/a><\/strong><\/td>\n<\/tr>\n<tr>\n<td width=\"72\"><strong><a href=\"http:\/\/concursos.fadesp.org.br\/pmsca2016\/arquivos\/provas\/Provas.html\">Provas Dia 22\/05\/2016<\/a><\/strong><\/td>\n<\/tr>\n<tr>\n<td width=\"72\"><strong><a href=\"http:\/\/concursos.fadesp.org.br\/pmsca2016\/arquivos\/provas\/GABARITO%20OFICIAL%20PRELIMINAR%20-%20Dia%2022.05.2016%20-%20Manha%20e%20Tarde.pdf\">Gabarito Oficial Preliminar &#8211; Dia 22\/05\/2016 &#8211; Manh\u00e3 e Tarde<\/a><\/strong><\/td>\n<\/tr>\n<tr>\n<td width=\"72\"><strong><a href=\"..\/midias\/anexos\/465_edital_n_03_2016_pmsca_-_prorrogacao_do_periodo_de_inscricoes.pdf\">\u00a0Edital n\u00ba 03 &#8211; Prorroga\u00e7\u00e3o de inscri\u00e7\u00e3o<\/a><\/strong><\/td>\n<\/tr>\n<tr>\n<td width=\"72\"><strong><a href=\"http:\/\/concursos.fadesp.org.br\/pmsca2016\/arquivos\/Edital%20n%C2%B0%2002_2016_PMSCA%20-%20Altera%C3%A7%C3%B5es%20na%20Tabela%20de%20Cargos.pdf\">\u00a0Edital n\u00b0 02_2016_PMSCA &#8211; Altera\u00e7\u00f5es na Tabela de Cargos<\/a><\/strong><\/td>\n<\/tr>\n<tr>\n<td width=\"72\"><strong><a href=\"..\/midias\/anexos\/465_formulario_de_portador_de_deficiencia.pdf\">Formul\u00e1rio PcD<\/a><\/strong><\/td>\n<\/tr>\n<tr>\n<td width=\"72\"><strong><a href=\"..\/midias\/anexos\/465_tabela_de_cargos_-_retificada_2.pdf\">Tabela de cargos &#8211; Retificada<\/a><\/strong><\/td>\n<\/tr>\n<tr>\n<td width=\"72\"><strong><a href=\"..\/midias\/anexos\/465_edital_de_abertura_-_retificado.pdf\">Edital n\u00ba 01 &#8211; Abertura<\/a><\/strong><\/td>\n<\/tr>\n<\/tbody>\n<\/table>\t\t\t\t\t\t\t\t<\/div>\n\t\t\t\t<\/div>\n\t\t\t\t\t<\/div>\n\t\t<\/div>\n\t\t\t\t\t<\/div>\n\t\t<\/section>\n\t\t\t\t\t<\/div>\n\t\t<\/div>\n\t\t\t\t\t<\/div>\n\t\t<\/section>\n\t\t\t\t<\/div>\n\t\t","protected":false},"excerpt":{"rendered":"<p>Prefeitura Municipal de Santa Cruz do Arari &#8211; 2016 A Prefeitura Municipal de Santa Cruz do Arari &#8211; PA, torna p\u00fablica a realiza\u00e7\u00e3o de Concurso P\u00fablico da Prefeitura Municipal, destinado ao preenchimento de vagas do quadro de pessoal efetivo de n\u00edvel superior, n\u00edvel m\u00e9dio e n\u00edvel fundamental incompleto, mediante as condi\u00e7\u00f5es estabelecidas no edital de [&hellip;]<\/p>\n","protected":false},"author":9,"featured_media":0,"parent":329,"menu_order":53,"comment_status":"closed","ping_status":"closed","template":"","meta":{"_monsterinsights_skip_tracking":false,"_monsterinsights_sitenote_active":false,"_monsterinsights_sitenote_note":"","_monsterinsights_sitenote_category":0,"footnotes":""},"class_list":["post-1581","page","type-page","status-publish","hentry","entry"],"yoast_head":"<!-- This site is optimized with the Yoast SEO plugin v25.1 - https:\/\/yoast.com\/wordpress\/plugins\/seo\/ -->\n<title>Prefeitura Municipal de Santa Cruz do Arari - 2016 - FADESP<\/title>\n<meta name=\"robots\" content=\"index, follow, max-snippet:-1, max-image-preview:large, max-video-preview:-1\" \/>\n<link rel=\"canonical\" href=\"https:\/\/portalfadesp.org.br\/?page_id=1581\" \/>\n<meta property=\"og:locale\" content=\"pt_BR\" \/>\n<meta property=\"og:type\" content=\"article\" \/>\n<meta property=\"og:title\" content=\"Prefeitura Municipal de Santa Cruz do Arari - 2016 - FADESP\" \/>\n<meta property=\"og:description\" content=\"Prefeitura Municipal de Santa Cruz do Arari &#8211; 2016 A Prefeitura Municipal de Santa Cruz do Arari &#8211; PA, torna p\u00fablica a realiza\u00e7\u00e3o de Concurso P\u00fablico da Prefeitura Municipal, destinado ao preenchimento de vagas do quadro de pessoal efetivo de n\u00edvel superior, n\u00edvel m\u00e9dio e n\u00edvel fundamental incompleto, mediante as condi\u00e7\u00f5es estabelecidas no edital de [&hellip;]\" \/>\n<meta property=\"og:url\" content=\"https:\/\/portalfadesp.org.br\/?page_id=1581\" \/>\n<meta property=\"og:site_name\" content=\"FADESP\" \/>\n<meta property=\"article:publisher\" content=\"https:\/\/www.facebook.com\/Fadesp-138351949524662\/\" \/>\n<meta property=\"article:modified_time\" content=\"2022-12-20T15:08:49+00:00\" \/>\n<meta name=\"twitter:card\" content=\"summary_large_image\" \/>\n<meta name=\"twitter:site\" content=\"@Fadesp\" \/>\n<meta name=\"twitter:label1\" content=\"Est. tempo de leitura\" \/>\n\t<meta name=\"twitter:data1\" content=\"3 minutos\" \/>\n<script type=\"application\/ld+json\" class=\"yoast-schema-graph\">{\"@context\":\"https:\/\/schema.org\",\"@graph\":[{\"@type\":\"WebPage\",\"@id\":\"https:\/\/portalfadesp.org.br\/?page_id=1581\",\"url\":\"https:\/\/portalfadesp.org.br\/?page_id=1581\",\"name\":\"Prefeitura Municipal de Santa Cruz do Arari - 2016 - FADESP\",\"isPartOf\":{\"@id\":\"https:\/\/portalfadesp.org.br\/#website\"},\"datePublished\":\"2016-12-21T11:40:43+00:00\",\"dateModified\":\"2022-12-20T15:08:49+00:00\",\"breadcrumb\":{\"@id\":\"https:\/\/portalfadesp.org.br\/?page_id=1581#breadcrumb\"},\"inLanguage\":\"pt-BR\",\"potentialAction\":[{\"@type\":\"ReadAction\",\"target\":[\"https:\/\/portalfadesp.org.br\/?page_id=1581\"]}]},{\"@type\":\"BreadcrumbList\",\"@id\":\"https:\/\/portalfadesp.org.br\/?page_id=1581#breadcrumb\",\"itemListElement\":[{\"@type\":\"ListItem\",\"position\":1,\"name\":\"In\u00edcio\",\"item\":\"https:\/\/portalfadesp.org.br\/\"},{\"@type\":\"ListItem\",\"position\":2,\"name\":\"Concursos &#8211; Homologados\",\"item\":\"https:\/\/portalfadesp.org.br\/?page_id=329\"},{\"@type\":\"ListItem\",\"position\":3,\"name\":\"Prefeitura Municipal de Santa Cruz do Arari &#8211; 2016\"}]},{\"@type\":\"WebSite\",\"@id\":\"https:\/\/portalfadesp.org.br\/#website\",\"url\":\"https:\/\/portalfadesp.org.br\/\",\"name\":\"FADESP\",\"description\":\"Funda\u00e7\u00e3o de Amparo e Desenvolvimento da Pesquisa\",\"publisher\":{\"@id\":\"https:\/\/portalfadesp.org.br\/#organization\"},\"potentialAction\":[{\"@type\":\"SearchAction\",\"target\":{\"@type\":\"EntryPoint\",\"urlTemplate\":\"https:\/\/portalfadesp.org.br\/?s={search_term_string}\"},\"query-input\":{\"@type\":\"PropertyValueSpecification\",\"valueRequired\":true,\"valueName\":\"search_term_string\"}}],\"inLanguage\":\"pt-BR\"},{\"@type\":\"Organization\",\"@id\":\"https:\/\/portalfadesp.org.br\/#organization\",\"name\":\"FADESP\",\"url\":\"https:\/\/portalfadesp.org.br\/\",\"logo\":{\"@type\":\"ImageObject\",\"inLanguage\":\"pt-BR\",\"@id\":\"https:\/\/portalfadesp.org.br\/#\/schema\/logo\/image\/\",\"url\":\"https:\/\/portalfadesp.org.br\/wp-content\/uploads\/2024\/01\/NOVOLOGOFADESPlaranjaH.png\",\"contentUrl\":\"https:\/\/portalfadesp.org.br\/wp-content\/uploads\/2024\/01\/NOVOLOGOFADESPlaranjaH.png\",\"width\":2742,\"height\":839,\"caption\":\"FADESP\"},\"image\":{\"@id\":\"https:\/\/portalfadesp.org.br\/#\/schema\/logo\/image\/\"},\"sameAs\":[\"https:\/\/www.facebook.com\/Fadesp-138351949524662\/\",\"https:\/\/x.com\/Fadesp\",\"https:\/\/www.instagram.com\/fadesp_ufpa\/\",\"https:\/\/www.youtube.com\/@fundacaodeamparoedesenvolv1903\",\"https:\/\/www.threads.net\/@fadesp_ufpa\"]}]}<\/script>\n<!-- \/ Yoast SEO plugin. -->","yoast_head_json":{"title":"Prefeitura Municipal de Santa Cruz do Arari - 2016 - FADESP","robots":{"index":"index","follow":"follow","max-snippet":"max-snippet:-1","max-image-preview":"max-image-preview:large","max-video-preview":"max-video-preview:-1"},"canonical":"https:\/\/portalfadesp.org.br\/?page_id=1581","og_locale":"pt_BR","og_type":"article","og_title":"Prefeitura Municipal de Santa Cruz do Arari - 2016 - FADESP","og_description":"Prefeitura Municipal de Santa Cruz do Arari &#8211; 2016 A Prefeitura Municipal de Santa Cruz do Arari &#8211; PA, torna p\u00fablica a realiza\u00e7\u00e3o de Concurso P\u00fablico da Prefeitura Municipal, destinado ao preenchimento de vagas do quadro de pessoal efetivo de n\u00edvel superior, n\u00edvel m\u00e9dio e n\u00edvel fundamental incompleto, mediante as condi\u00e7\u00f5es estabelecidas no edital de [&hellip;]","og_url":"https:\/\/portalfadesp.org.br\/?page_id=1581","og_site_name":"FADESP","article_publisher":"https:\/\/www.facebook.com\/Fadesp-138351949524662\/","article_modified_time":"2022-12-20T15:08:49+00:00","twitter_card":"summary_large_image","twitter_site":"@Fadesp","twitter_misc":{"Est. tempo de leitura":"3 minutos"},"schema":{"@context":"https:\/\/schema.org","@graph":[{"@type":"WebPage","@id":"https:\/\/portalfadesp.org.br\/?page_id=1581","url":"https:\/\/portalfadesp.org.br\/?page_id=1581","name":"Prefeitura Municipal de Santa Cruz do Arari - 2016 - FADESP","isPartOf":{"@id":"https:\/\/portalfadesp.org.br\/#website"},"datePublished":"2016-12-21T11:40:43+00:00","dateModified":"2022-12-20T15:08:49+00:00","breadcrumb":{"@id":"https:\/\/portalfadesp.org.br\/?page_id=1581#breadcrumb"},"inLanguage":"pt-BR","potentialAction":[{"@type":"ReadAction","target":["https:\/\/portalfadesp.org.br\/?page_id=1581"]}]},{"@type":"BreadcrumbList","@id":"https:\/\/portalfadesp.org.br\/?page_id=1581#breadcrumb","itemListElement":[{"@type":"ListItem","position":1,"name":"In\u00edcio","item":"https:\/\/portalfadesp.org.br\/"},{"@type":"ListItem","position":2,"name":"Concursos &#8211; Homologados","item":"https:\/\/portalfadesp.org.br\/?page_id=329"},{"@type":"ListItem","position":3,"name":"Prefeitura Municipal de Santa Cruz do Arari &#8211; 2016"}]},{"@type":"WebSite","@id":"https:\/\/portalfadesp.org.br\/#website","url":"https:\/\/portalfadesp.org.br\/","name":"FADESP","description":"Funda\u00e7\u00e3o de Amparo e Desenvolvimento da Pesquisa","publisher":{"@id":"https:\/\/portalfadesp.org.br\/#organization"},"potentialAction":[{"@type":"SearchAction","target":{"@type":"EntryPoint","urlTemplate":"https:\/\/portalfadesp.org.br\/?s={search_term_string}"},"query-input":{"@type":"PropertyValueSpecification","valueRequired":true,"valueName":"search_term_string"}}],"inLanguage":"pt-BR"},{"@type":"Organization","@id":"https:\/\/portalfadesp.org.br\/#organization","name":"FADESP","url":"https:\/\/portalfadesp.org.br\/","logo":{"@type":"ImageObject","inLanguage":"pt-BR","@id":"https:\/\/portalfadesp.org.br\/#\/schema\/logo\/image\/","url":"https:\/\/portalfadesp.org.br\/wp-content\/uploads\/2024\/01\/NOVOLOGOFADESPlaranjaH.png","contentUrl":"https:\/\/portalfadesp.org.br\/wp-content\/uploads\/2024\/01\/NOVOLOGOFADESPlaranjaH.png","width":2742,"height":839,"caption":"FADESP"},"image":{"@id":"https:\/\/portalfadesp.org.br\/#\/schema\/logo\/image\/"},"sameAs":["https:\/\/www.facebook.com\/Fadesp-138351949524662\/","https:\/\/x.com\/Fadesp","https:\/\/www.instagram.com\/fadesp_ufpa\/","https:\/\/www.youtube.com\/@fundacaodeamparoedesenvolv1903","https:\/\/www.threads.net\/@fadesp_ufpa"]}]}},"_links":{"self":[{"href":"https:\/\/portalfadesp.org.br\/index.php?rest_route=\/wp\/v2\/pages\/1581","targetHints":{"allow":["GET"]}}],"collection":[{"href":"https:\/\/portalfadesp.org.br\/index.php?rest_route=\/wp\/v2\/pages"}],"about":[{"href":"https:\/\/portalfadesp.org.br\/index.php?rest_route=\/wp\/v2\/types\/page"}],"author":[{"embeddable":true,"href":"https:\/\/portalfadesp.org.br\/index.php?rest_route=\/wp\/v2\/users\/9"}],"replies":[{"embeddable":true,"href":"https:\/\/portalfadesp.org.br\/index.php?rest_route=%2Fwp%2Fv2%2Fcomments&post=1581"}],"version-history":[{"count":39,"href":"https:\/\/portalfadesp.org.br\/index.php?rest_route=\/wp\/v2\/pages\/1581\/revisions"}],"predecessor-version":[{"id":36518,"href":"https:\/\/portalfadesp.org.br\/index.php?rest_route=\/wp\/v2\/pages\/1581\/revisions\/36518"}],"up":[{"embeddable":true,"href":"https:\/\/portalfadesp.org.br\/index.php?rest_route=\/wp\/v2\/pages\/329"}],"wp:attachment":[{"href":"https:\/\/portalfadesp.org.br\/index.php?rest_route=%2Fwp%2Fv2%2Fmedia&parent=1581"}],"curies":[{"name":"wp","href":"https:\/\/api.w.org\/{rel}","templated":true}]}}