{"id":1556,"date":"2015-05-22T05:43:47","date_gmt":"2015-05-22T08:43:47","guid":{"rendered":"https:\/\/162.215.13.167?page_id=1556"},"modified":"2022-12-20T12:20:03","modified_gmt":"2022-12-20T15:20:03","slug":"prefeitura-municipal-de-ulianopolis-2015","status":"publish","type":"page","link":"https:\/\/portalfadesp.org.br\/?page_id=1556","title":{"rendered":"Prefeitura Municipal de Ulian\u00f3polis &#8211; 2015"},"content":{"rendered":"\t\t<div data-elementor-type=\"wp-post\" data-elementor-id=\"1556\" class=\"elementor elementor-1556\" data-elementor-post-type=\"page\">\n\t\t\t\t\t\t<section class=\"elementor-section elementor-top-section elementor-element elementor-element-46a43ce6 elementor-section-boxed elementor-section-height-default elementor-section-height-default\" data-id=\"46a43ce6\" data-element_type=\"section\">\n\t\t\t\t\t\t<div class=\"elementor-container elementor-column-gap-default\">\n\t\t\t\t\t<div class=\"elementor-column elementor-col-100 elementor-top-column elementor-element elementor-element-13693f6b\" data-id=\"13693f6b\" data-element_type=\"column\">\n\t\t\t<div class=\"elementor-widget-wrap elementor-element-populated\">\n\t\t\t\t\t\t<div class=\"elementor-element elementor-element-28cd0d7a elementor-widget elementor-widget-heading\" data-id=\"28cd0d7a\" data-element_type=\"widget\" data-widget_type=\"heading.default\">\n\t\t\t\t<div class=\"elementor-widget-container\">\n\t\t\t\t\t<h1 class=\"elementor-heading-title elementor-size-default\">Prefeitura Municipal de Ulian\u00f3polis - 2015\n<\/h1>\t\t\t\t<\/div>\n\t\t\t\t<\/div>\n\t\t\t\t<section class=\"elementor-section elementor-inner-section elementor-element elementor-element-753c814a elementor-section-boxed elementor-section-height-default elementor-section-height-default\" data-id=\"753c814a\" data-element_type=\"section\">\n\t\t\t\t\t\t<div class=\"elementor-container elementor-column-gap-default\">\n\t\t\t\t\t<div class=\"elementor-column elementor-col-50 elementor-inner-column elementor-element elementor-element-7fbfd988\" data-id=\"7fbfd988\" data-element_type=\"column\">\n\t\t\t<div class=\"elementor-widget-wrap elementor-element-populated\">\n\t\t\t\t\t\t<div class=\"elementor-element elementor-element-618d1f9f elementor-widget elementor-widget-text-editor\" data-id=\"618d1f9f\" data-element_type=\"widget\" data-widget_type=\"text-editor.default\">\n\t\t\t\t<div class=\"elementor-widget-container\">\n\t\t\t\t\t\t\t\t\t<p>A Prefeitura Municipal de Ulian\u00f3polis-PA, no uso de suas atribui\u00e7\u00f5es, torna p\u00fablica a realiza\u00e7\u00e3o de&nbsp;Concurso P\u00fablico da Prefeitura Municipal, destinado ao preenchimento de vagas do quadro de&nbsp;pessoal efetivo de n\u00edvel superior, n\u00edvel m\u00e9dio e n\u00edvel fundamental completo, mediante as&nbsp;condi\u00e7\u00f5es estabelecidas neste edital.&nbsp;<\/p>\n<p><strong>Vagas &#8211;&nbsp;<\/strong>448<\/p>\n<p><strong>Cargos &#8211;&nbsp;N\u00edvel Fundamental:<\/strong>&nbsp;Agente de infraestrutura (02); agente de manuten\u00e7\u00e3o (03); auxiliar operacional -zona urbana (33); auxiliar operacional &#8211; zona rural (14); auxiliar de seguran\u00e7a &#8211; zona urbana (41); auxiliar de seguran\u00e7a &#8211; zona rural (08); carpinteiro &nbsp;(01); mec\u00e2nico (01); motorista de ve\u00edculos leves (03); merendeira &#8211; zona urbana (03); merendeira zona rural (01); operador de m\u00e1quinas (04); operador de m\u00e1quinas pesadas (01); pedreiro &#8211; &nbsp;(02) e servi\u00e7os gerais (40).<\/p>\n<p><strong>N\u00edvel m\u00e9dio:<\/strong>&nbsp;agente administrativo (17); agente de fiscaliza\u00e7\u00e3o (04); agente de inform\u00e1tica &#8211; zona urbana (18); agente de inform\u00e1tica zona rural (02); agente de vigil\u00e2ncia sanit\u00e1ria (03); assistente administrativo &#8211; zona urbana (11); auxiliar administrativo &#8211; zona urbana (30); auxiliar administrativo &#8211; zona rural (06); auxiliar de farm\u00e1cia (05); auxiliar de consult\u00f3rio dent\u00e1rio (04); auxiliar de consult\u00f3rio dent\u00e1rio (01); cuidador social (03); cadista (01); eletricista automotivo (01); inspetor (10); professor de educa\u00e7\u00e3o infantil magist\u00e9rio &#8211; zona urbana (30);&nbsp;professor de educa\u00e7\u00e3o infantil magist\u00e9rio &#8211; zona rural (10); motorista de ve\u00edculos pesados &#8211; zona urbana (09);&nbsp;motorista de ve\u00edculos pesados &#8211; zona &nbsp;rural (01); orientador social ou educador social (07); recepcionista (07); t\u00e9cnico em enfermagem &#8211; zona urbana (11); t\u00e9cnico em enfermagem &#8211; zona rural (04); t\u00e9cnico de aquicultura (01); t\u00e9cnico agr\u00edcola (01); t\u00e9cnico ambiental (01); t\u00e9cnico em agropecu\u00e1ria (04); t\u00e9cnico em manuten\u00e7\u00e3o (01); t\u00e9cnico em topografia (01); t\u00e9cnico em inform\u00e1tica (01); t\u00e9cnico em laborat\u00f3rio (01) e t\u00e9cnico em radiologia (01).<\/p>\n<p><strong>N\u00edvel Superior:&nbsp;<\/strong>advogado (02); assistente social (04); professor &#8211; letras (03); bacharel em educa\u00e7\u00e3o f\u00edsica (01); professor de ci\u00eancias (01); enfermeiro &#8211; zona urbana (06); enfermeiro zona rural (02); engenheiro agr\u00f4nomo (02; engenheiro ambiental (01); engenheiro florestal (01); professor de geografia &#8211; Estudos Amaz\u00f4nicos &#8211; zona urbana (03);&nbsp;professor de geografia &#8211; Estudos Amaz\u00f4nicos &#8211; zona rural (01); professor em educa\u00e7\u00e3o f\u00edsica (02); fisioterapia (01); fonoaudi\u00f3logo (01);&nbsp;professor de geografia &nbsp;(02); professor de educa\u00e7\u00e3o &#8211; ensino fundamental &#8211; zona urbana (15);&nbsp;professor de educa\u00e7\u00e3o &#8211; ensino fundamental &#8211; zona rural (05); professor de hist\u00f3ria &#8211; zona urbana (01); professor de hist\u00f3ria zona rural (01); professor de ingl\u00eas &#8211; zona urbana (01); &nbsp;professor de ingl\u00eas &#8211; zona rural (01); professor em computa\u00e7\u00e3o &#8211; zona urbana (08);&nbsp;professor em computa\u00e7\u00e3o &#8211; zona rural (02); professor de matem\u00e1tica &#8211; zona urbana (05);&nbsp;zona rural (05); professor de matem\u00e1tica &#8211; zona rural (02); nutricionista (01); odont\u00f3logo &#8211; zona urbana (02); odont\u00f3logo &#8211; zona rural (01); pedagogo (03); psic\u00f3logo (02): professor de religi\u00e3o (01); terapeuta ocupacional (01) e veterin\u00e1rio (02);&nbsp;<\/p>\n<p><strong>Remunera\u00e7\u00e3o &#8211;&nbsp;<\/strong>R$ 788,00 \u00e0&nbsp;R$ 2.376,00<\/p>\n<p><strong>Inscri\u00e7\u00f5es &#8211;&nbsp;<\/strong>13\/11\/15 a 14\/12\/15<\/p>\n<p><strong>Taxa &#8211;&nbsp;<\/strong>R$ 45,00 (N\u00edvel Fundamental completo)<\/p>\n<p>&nbsp; &nbsp; &nbsp; &nbsp; &nbsp; &nbsp; R$&nbsp;50,00 (N\u00edvel M\u00e9dio)<\/p>\n<p>&nbsp; &nbsp; &nbsp; &nbsp; &nbsp; &nbsp; R$ 70,00 (N\u00edvel Superior)<\/p>\n<p><strong>Datas importantes<\/strong>:<\/p>\n<p>Per\u00edodo de inscri\u00e7\u00e3o &#8211;&nbsp;13\/11\/15 a 14\/12\/15<\/p>\n<p>Pagamento do boleto banc\u00e1rio &#8211; &nbsp;at\u00e9 15\/12\/15<\/p>\n<p>Cart\u00e3o de inscri\u00e7\u00e3o &#8211; 17 a 30\/12\/15<\/p>\n<p>Prova objetiva &#8211; 10\/01\/16 &#8211; das 8h \u00e0s 12h para todos os cargos de n\u00edvel fundamental e superior e das 14h30 \u00e0s 18h30 para os cargos de n\u00edvel m\u00e9dio.<\/p>\t\t\t\t\t\t\t\t<\/div>\n\t\t\t\t<\/div>\n\t\t\t\t\t<\/div>\n\t\t<\/div>\n\t\t\t\t<div class=\"elementor-column elementor-col-50 elementor-inner-column elementor-element elementor-element-7f45adfd\" data-id=\"7f45adfd\" data-element_type=\"column\">\n\t\t\t<div class=\"elementor-widget-wrap elementor-element-populated\">\n\t\t\t\t\t\t<div class=\"elementor-element elementor-element-7f030a46 elementor-widget elementor-widget-text-editor\" data-id=\"7f030a46\" data-element_type=\"widget\" data-widget_type=\"text-editor.default\">\n\t\t\t\t<div class=\"elementor-widget-container\">\n\t\t\t\t\t\t\t\t\t<p style=\"text-align: center;\"><span style=\"color: #ffffff;\"><strong>Aviso<\/strong><\/span><\/p>\t\t\t\t\t\t\t\t<\/div>\n\t\t\t\t<\/div>\n\t\t\t\t<div class=\"elementor-element elementor-element-53cea5a elementor-widget elementor-widget-text-editor\" data-id=\"53cea5a\" data-element_type=\"widget\" data-widget_type=\"text-editor.default\">\n\t\t\t\t<div class=\"elementor-widget-container\">\n\t\t\t\t\t\t\t\t\t<p style=\"text-align: center;\"><span style=\"color: #000000;\">Convoca\u00e7\u00e3o de candidatos classificados neste concurso somente no site da Prefeitura Municipal.<\/span><\/p>\t\t\t\t\t\t\t\t<\/div>\n\t\t\t\t<\/div>\n\t\t\t\t<div class=\"elementor-element elementor-element-6952d592 elementor-widget elementor-widget-text-editor\" data-id=\"6952d592\" data-element_type=\"widget\" data-widget_type=\"text-editor.default\">\n\t\t\t\t<div class=\"elementor-widget-container\">\n\t\t\t\t\t\t\t\t\t<p style=\"text-align: center;\"><span style=\"color: #ffffff;\"><strong>Editais<\/strong><\/span><\/p>\t\t\t\t\t\t\t\t<\/div>\n\t\t\t\t<\/div>\n\t\t\t\t<div class=\"elementor-element elementor-element-38ed41fd elementor-widget elementor-widget-text-editor\" data-id=\"38ed41fd\" data-element_type=\"widget\" data-widget_type=\"text-editor.default\">\n\t\t\t\t<div class=\"elementor-widget-container\">\n\t\t\t\t\t\t\t\t\t<table width=\"72\">\n<tbody>\n<tr>\n<td width=\"72\"><strong><a href=\"..\/midias\/anexos\/439_edital_n_04_2016_pmu_homologacao.pdf\">Edital n\u00ba 04 &#8211; Homologa\u00e7\u00e3o de todos os cargos<\/a><\/strong><\/td>\n<\/tr>\n<tr>\n<td width=\"72\"><strong><a href=\"http:\/\/concursos.fadesp.org.br\/pmu2015\/arquivos\/Resultado%20dos%20Cargos%20de%20Professores.pdf\">\u00a0Resultado dos Cargos de Professores\u00a0<\/a><\/strong><\/td>\n<\/tr>\n<tr>\n<td width=\"72\"><strong><a href=\"http:\/\/concursos.fadesp.org.br\/pmu2015\/arquivos\/Retifica%C3%A7%C3%A3o%20de%20notas%20da%20prova%20de%20t%C3%ADtulos.pdf\">Retifica\u00e7\u00e3o de notas da prova de t\u00edtulos<\/a><\/strong><\/td>\n<\/tr>\n<tr>\n<td width=\"72\"><strong><a href=\"http:\/\/concursos.fadesp.org.br\/pmu2015\/arquivos\/Resultado%20da%20Prova%20de%20T%C3%ADtulos%20(2).pdf\">Resultado da Prova de T\u00edtulos<\/a><\/strong><\/td>\n<\/tr>\n<tr>\n<td width=\"72\"><strong><a href=\"http:\/\/concursos.fadesp.org.br\/pmu2015\/arquivos\/Resultado%20das%20Provas%20Objetivas%20-%20N%C3%ADvel%20Fundamental.pdf\">\u00a0Resultado das Provas Objetivas &#8211; N\u00edvel Fundamental<\/a><\/strong><\/td>\n<\/tr>\n<tr>\n<td width=\"72\"><strong><a href=\"http:\/\/concursos.fadesp.org.br\/pmu2015\/arquivos\/Resultado%20das%20Provas%20Objetivas%20-%20N%C3%ADvel%20M%C3%A9dio.pdf\">Resultado das Provas Objetivas &#8211; N\u00edvel M\u00e9dio<\/a><\/strong><\/td>\n<\/tr>\n<tr>\n<td width=\"72\"><strong><a href=\"http:\/\/concursos.fadesp.org.br\/pmu2015\/arquivos\/Resultado%20das%20Provas%20Objetivas%20-%20N%C3%ADvel%20Superior.pdf\">Resultado das Provas Objetivas &#8211; N\u00edvel Superior<\/a><\/strong><\/td>\n<\/tr>\n<tr>\n<td width=\"72\"><strong><a href=\"..\/midias\/anexos\/439_edital_n_03_2016_convocacao_a_prova_de_titulos.pdf\">Edital n\u00b0 03_2016_Convoca\u00e7\u00e3o a Prova de T\u00edtulos<\/a><\/strong><\/td>\n<\/tr>\n<tr>\n<td width=\"72\"><strong><a href=\"http:\/\/concursos.fadesp.org.br\/pmu2015\/arquivos\/Formul%C3%A1rio%20de%20Entrega%20de%20T%C3%ADtulos.pdf\">Formul\u00e1rio de Entrega de T\u00edtulos<\/a><\/strong><\/td>\n<\/tr>\n<tr>\n<td width=\"72\"><strong><a href=\"http:\/\/concursos.fadesp.org.br\/pmu2015\/arquivos\/GABARITO%20OFICIAL%20DEFINITIVO%20-%20Dia%2010.01.2016%20-%20Manh%C3%A3%20e%20Tarde.pdf\">\u00a0GABARITO OFICIAL DEFINITIVO &#8211; Dia 10\/01\/2016 &#8211; Manh\u00e3 e Tarde\u00a0<\/a><\/strong><\/td>\n<\/tr>\n<tr>\n<td width=\"72\"><strong><a href=\"http:\/\/concursos.fadesp.org.br\/pmu2015\/arquivos\/provas\/GABARITO%20OFICIAL%20PRELIMINAR%20-%20Dia%2010.01.2016%20-%20Manha%20e%20Tarde.pdf\">GABARITO OFICIAL PRELIMINAR &#8211; Dia 10\/01\/2016 &#8211; Manh\u00e3 e Tarde<\/a><\/strong><\/td>\n<\/tr>\n<tr>\n<td width=\"72\"><strong><a href=\"http:\/\/concursos.fadesp.org.br\/pmu2015\/arquivos\/provas\/provas.html\">Provas do dia 10\/01\/2016<\/a><\/strong><\/td>\n<\/tr>\n<tr>\n<td width=\"72\"><strong><a href=\"..\/midias\/anexos\/439_lei_n_235_2008_-_plano_diretor_de_ulianopolis.pdf\">Plano Diretor de Ulian\u00f3polis<\/a><\/strong><\/td>\n<\/tr>\n<tr>\n<td width=\"72\"><strong><a href=\"..\/midias\/anexos\/Copia(01)_439_edital_n_02_2015_pmu_-_retificacoes.pdf\">Edital n\u00ba 02\/15 &#8211; retifica\u00e7\u00f5es<\/a><\/strong><\/td>\n<\/tr>\n<tr>\n<td width=\"72\"><strong><a href=\"..\/midias\/anexos\/Copia(01)_439_tabela_de_cargos.pdf\">Tabela de cargos<\/a><\/strong><\/td>\n<\/tr>\n<tr>\n<td width=\"72\"><strong><a href=\"..\/midias\/anexos\/439_formulario_pcd.pdf\">Formul\u00e1rio PcD<\/a><\/strong><\/td>\n<\/tr>\n<tr>\n<td width=\"72\"><strong><a href=\"..\/midias\/anexos\/439_edital_n_01_2015_pmu_-_retificado.pdf\">\u00a0Edital n\u00ba01 &#8211; retificado<\/a><\/strong><\/td>\n<\/tr>\n<\/tbody>\n<\/table>\t\t\t\t\t\t\t\t<\/div>\n\t\t\t\t<\/div>\n\t\t\t\t\t<\/div>\n\t\t<\/div>\n\t\t\t\t\t<\/div>\n\t\t<\/section>\n\t\t\t\t\t<\/div>\n\t\t<\/div>\n\t\t\t\t\t<\/div>\n\t\t<\/section>\n\t\t\t\t<\/div>\n\t\t","protected":false},"excerpt":{"rendered":"<p>Prefeitura Municipal de Ulian\u00f3polis &#8211; 2015 A Prefeitura Municipal de Ulian\u00f3polis-PA, no uso de suas atribui\u00e7\u00f5es, torna p\u00fablica a realiza\u00e7\u00e3o de&nbsp;Concurso P\u00fablico da Prefeitura Municipal, destinado ao preenchimento de vagas do quadro de&nbsp;pessoal efetivo de n\u00edvel superior, n\u00edvel m\u00e9dio e n\u00edvel fundamental completo, mediante as&nbsp;condi\u00e7\u00f5es estabelecidas neste edital.&nbsp; Vagas &#8211;&nbsp;448 Cargos &#8211;&nbsp;N\u00edvel Fundamental:&nbsp;Agente de infraestrutura [&hellip;]<\/p>\n","protected":false},"author":9,"featured_media":0,"parent":329,"menu_order":54,"comment_status":"closed","ping_status":"closed","template":"","meta":{"_monsterinsights_skip_tracking":false,"_monsterinsights_sitenote_active":false,"_monsterinsights_sitenote_note":"","_monsterinsights_sitenote_category":0,"footnotes":""},"class_list":["post-1556","page","type-page","status-publish","hentry","entry"],"yoast_head":"<!-- This site is optimized with the Yoast SEO plugin v25.1 - https:\/\/yoast.com\/wordpress\/plugins\/seo\/ -->\n<title>Prefeitura Municipal de Ulian\u00f3polis - 2015 - FADESP<\/title>\n<meta name=\"robots\" content=\"index, follow, max-snippet:-1, max-image-preview:large, max-video-preview:-1\" \/>\n<link rel=\"canonical\" href=\"https:\/\/portalfadesp.org.br\/?page_id=1556\" \/>\n<meta property=\"og:locale\" content=\"pt_BR\" \/>\n<meta property=\"og:type\" content=\"article\" \/>\n<meta property=\"og:title\" content=\"Prefeitura Municipal de Ulian\u00f3polis - 2015 - FADESP\" \/>\n<meta property=\"og:description\" content=\"Prefeitura Municipal de Ulian\u00f3polis &#8211; 2015 A Prefeitura Municipal de Ulian\u00f3polis-PA, no uso de suas atribui\u00e7\u00f5es, torna p\u00fablica a realiza\u00e7\u00e3o de&nbsp;Concurso P\u00fablico da Prefeitura Municipal, destinado ao preenchimento de vagas do quadro de&nbsp;pessoal efetivo de n\u00edvel superior, n\u00edvel m\u00e9dio e n\u00edvel fundamental completo, mediante as&nbsp;condi\u00e7\u00f5es estabelecidas neste edital.&nbsp; Vagas &#8211;&nbsp;448 Cargos &#8211;&nbsp;N\u00edvel Fundamental:&nbsp;Agente de infraestrutura [&hellip;]\" \/>\n<meta property=\"og:url\" content=\"https:\/\/portalfadesp.org.br\/?page_id=1556\" \/>\n<meta property=\"og:site_name\" content=\"FADESP\" \/>\n<meta property=\"article:publisher\" content=\"https:\/\/www.facebook.com\/Fadesp-138351949524662\/\" \/>\n<meta property=\"article:modified_time\" content=\"2022-12-20T15:20:03+00:00\" \/>\n<meta name=\"twitter:card\" content=\"summary_large_image\" \/>\n<meta name=\"twitter:site\" content=\"@Fadesp\" \/>\n<meta name=\"twitter:label1\" content=\"Est. tempo de leitura\" \/>\n\t<meta name=\"twitter:data1\" content=\"4 minutos\" \/>\n<script type=\"application\/ld+json\" class=\"yoast-schema-graph\">{\"@context\":\"https:\/\/schema.org\",\"@graph\":[{\"@type\":\"WebPage\",\"@id\":\"https:\/\/portalfadesp.org.br\/?page_id=1556\",\"url\":\"https:\/\/portalfadesp.org.br\/?page_id=1556\",\"name\":\"Prefeitura Municipal de Ulian\u00f3polis - 2015 - FADESP\",\"isPartOf\":{\"@id\":\"https:\/\/portalfadesp.org.br\/#website\"},\"datePublished\":\"2015-05-22T08:43:47+00:00\",\"dateModified\":\"2022-12-20T15:20:03+00:00\",\"breadcrumb\":{\"@id\":\"https:\/\/portalfadesp.org.br\/?page_id=1556#breadcrumb\"},\"inLanguage\":\"pt-BR\",\"potentialAction\":[{\"@type\":\"ReadAction\",\"target\":[\"https:\/\/portalfadesp.org.br\/?page_id=1556\"]}]},{\"@type\":\"BreadcrumbList\",\"@id\":\"https:\/\/portalfadesp.org.br\/?page_id=1556#breadcrumb\",\"itemListElement\":[{\"@type\":\"ListItem\",\"position\":1,\"name\":\"In\u00edcio\",\"item\":\"https:\/\/portalfadesp.org.br\/\"},{\"@type\":\"ListItem\",\"position\":2,\"name\":\"Concursos &#8211; Homologados\",\"item\":\"https:\/\/portalfadesp.org.br\/?page_id=329\"},{\"@type\":\"ListItem\",\"position\":3,\"name\":\"Prefeitura Municipal de Ulian\u00f3polis &#8211; 2015\"}]},{\"@type\":\"WebSite\",\"@id\":\"https:\/\/portalfadesp.org.br\/#website\",\"url\":\"https:\/\/portalfadesp.org.br\/\",\"name\":\"FADESP\",\"description\":\"Funda\u00e7\u00e3o de Amparo e Desenvolvimento da Pesquisa\",\"publisher\":{\"@id\":\"https:\/\/portalfadesp.org.br\/#organization\"},\"potentialAction\":[{\"@type\":\"SearchAction\",\"target\":{\"@type\":\"EntryPoint\",\"urlTemplate\":\"https:\/\/portalfadesp.org.br\/?s={search_term_string}\"},\"query-input\":{\"@type\":\"PropertyValueSpecification\",\"valueRequired\":true,\"valueName\":\"search_term_string\"}}],\"inLanguage\":\"pt-BR\"},{\"@type\":\"Organization\",\"@id\":\"https:\/\/portalfadesp.org.br\/#organization\",\"name\":\"FADESP\",\"url\":\"https:\/\/portalfadesp.org.br\/\",\"logo\":{\"@type\":\"ImageObject\",\"inLanguage\":\"pt-BR\",\"@id\":\"https:\/\/portalfadesp.org.br\/#\/schema\/logo\/image\/\",\"url\":\"https:\/\/portalfadesp.org.br\/wp-content\/uploads\/2024\/01\/NOVOLOGOFADESPlaranjaH.png\",\"contentUrl\":\"https:\/\/portalfadesp.org.br\/wp-content\/uploads\/2024\/01\/NOVOLOGOFADESPlaranjaH.png\",\"width\":2742,\"height\":839,\"caption\":\"FADESP\"},\"image\":{\"@id\":\"https:\/\/portalfadesp.org.br\/#\/schema\/logo\/image\/\"},\"sameAs\":[\"https:\/\/www.facebook.com\/Fadesp-138351949524662\/\",\"https:\/\/x.com\/Fadesp\",\"https:\/\/www.instagram.com\/fadesp_ufpa\/\",\"https:\/\/www.youtube.com\/@fundacaodeamparoedesenvolv1903\",\"https:\/\/www.threads.net\/@fadesp_ufpa\"]}]}<\/script>\n<!-- \/ Yoast SEO plugin. -->","yoast_head_json":{"title":"Prefeitura Municipal de Ulian\u00f3polis - 2015 - FADESP","robots":{"index":"index","follow":"follow","max-snippet":"max-snippet:-1","max-image-preview":"max-image-preview:large","max-video-preview":"max-video-preview:-1"},"canonical":"https:\/\/portalfadesp.org.br\/?page_id=1556","og_locale":"pt_BR","og_type":"article","og_title":"Prefeitura Municipal de Ulian\u00f3polis - 2015 - FADESP","og_description":"Prefeitura Municipal de Ulian\u00f3polis &#8211; 2015 A Prefeitura Municipal de Ulian\u00f3polis-PA, no uso de suas atribui\u00e7\u00f5es, torna p\u00fablica a realiza\u00e7\u00e3o de&nbsp;Concurso P\u00fablico da Prefeitura Municipal, destinado ao preenchimento de vagas do quadro de&nbsp;pessoal efetivo de n\u00edvel superior, n\u00edvel m\u00e9dio e n\u00edvel fundamental completo, mediante as&nbsp;condi\u00e7\u00f5es estabelecidas neste edital.&nbsp; Vagas &#8211;&nbsp;448 Cargos &#8211;&nbsp;N\u00edvel Fundamental:&nbsp;Agente de infraestrutura [&hellip;]","og_url":"https:\/\/portalfadesp.org.br\/?page_id=1556","og_site_name":"FADESP","article_publisher":"https:\/\/www.facebook.com\/Fadesp-138351949524662\/","article_modified_time":"2022-12-20T15:20:03+00:00","twitter_card":"summary_large_image","twitter_site":"@Fadesp","twitter_misc":{"Est. tempo de leitura":"4 minutos"},"schema":{"@context":"https:\/\/schema.org","@graph":[{"@type":"WebPage","@id":"https:\/\/portalfadesp.org.br\/?page_id=1556","url":"https:\/\/portalfadesp.org.br\/?page_id=1556","name":"Prefeitura Municipal de Ulian\u00f3polis - 2015 - FADESP","isPartOf":{"@id":"https:\/\/portalfadesp.org.br\/#website"},"datePublished":"2015-05-22T08:43:47+00:00","dateModified":"2022-12-20T15:20:03+00:00","breadcrumb":{"@id":"https:\/\/portalfadesp.org.br\/?page_id=1556#breadcrumb"},"inLanguage":"pt-BR","potentialAction":[{"@type":"ReadAction","target":["https:\/\/portalfadesp.org.br\/?page_id=1556"]}]},{"@type":"BreadcrumbList","@id":"https:\/\/portalfadesp.org.br\/?page_id=1556#breadcrumb","itemListElement":[{"@type":"ListItem","position":1,"name":"In\u00edcio","item":"https:\/\/portalfadesp.org.br\/"},{"@type":"ListItem","position":2,"name":"Concursos &#8211; Homologados","item":"https:\/\/portalfadesp.org.br\/?page_id=329"},{"@type":"ListItem","position":3,"name":"Prefeitura Municipal de Ulian\u00f3polis &#8211; 2015"}]},{"@type":"WebSite","@id":"https:\/\/portalfadesp.org.br\/#website","url":"https:\/\/portalfadesp.org.br\/","name":"FADESP","description":"Funda\u00e7\u00e3o de Amparo e Desenvolvimento da Pesquisa","publisher":{"@id":"https:\/\/portalfadesp.org.br\/#organization"},"potentialAction":[{"@type":"SearchAction","target":{"@type":"EntryPoint","urlTemplate":"https:\/\/portalfadesp.org.br\/?s={search_term_string}"},"query-input":{"@type":"PropertyValueSpecification","valueRequired":true,"valueName":"search_term_string"}}],"inLanguage":"pt-BR"},{"@type":"Organization","@id":"https:\/\/portalfadesp.org.br\/#organization","name":"FADESP","url":"https:\/\/portalfadesp.org.br\/","logo":{"@type":"ImageObject","inLanguage":"pt-BR","@id":"https:\/\/portalfadesp.org.br\/#\/schema\/logo\/image\/","url":"https:\/\/portalfadesp.org.br\/wp-content\/uploads\/2024\/01\/NOVOLOGOFADESPlaranjaH.png","contentUrl":"https:\/\/portalfadesp.org.br\/wp-content\/uploads\/2024\/01\/NOVOLOGOFADESPlaranjaH.png","width":2742,"height":839,"caption":"FADESP"},"image":{"@id":"https:\/\/portalfadesp.org.br\/#\/schema\/logo\/image\/"},"sameAs":["https:\/\/www.facebook.com\/Fadesp-138351949524662\/","https:\/\/x.com\/Fadesp","https:\/\/www.instagram.com\/fadesp_ufpa\/","https:\/\/www.youtube.com\/@fundacaodeamparoedesenvolv1903","https:\/\/www.threads.net\/@fadesp_ufpa"]}]}},"_links":{"self":[{"href":"https:\/\/portalfadesp.org.br\/index.php?rest_route=\/wp\/v2\/pages\/1556","targetHints":{"allow":["GET"]}}],"collection":[{"href":"https:\/\/portalfadesp.org.br\/index.php?rest_route=\/wp\/v2\/pages"}],"about":[{"href":"https:\/\/portalfadesp.org.br\/index.php?rest_route=\/wp\/v2\/types\/page"}],"author":[{"embeddable":true,"href":"https:\/\/portalfadesp.org.br\/index.php?rest_route=\/wp\/v2\/users\/9"}],"replies":[{"embeddable":true,"href":"https:\/\/portalfadesp.org.br\/index.php?rest_route=%2Fwp%2Fv2%2Fcomments&post=1556"}],"version-history":[{"count":27,"href":"https:\/\/portalfadesp.org.br\/index.php?rest_route=\/wp\/v2\/pages\/1556\/revisions"}],"predecessor-version":[{"id":36558,"href":"https:\/\/portalfadesp.org.br\/index.php?rest_route=\/wp\/v2\/pages\/1556\/revisions\/36558"}],"up":[{"embeddable":true,"href":"https:\/\/portalfadesp.org.br\/index.php?rest_route=\/wp\/v2\/pages\/329"}],"wp:attachment":[{"href":"https:\/\/portalfadesp.org.br\/index.php?rest_route=%2Fwp%2Fv2%2Fmedia&parent=1556"}],"curies":[{"name":"wp","href":"https:\/\/api.w.org\/{rel}","templated":true}]}}