{"id":1555,"date":"2015-05-22T05:43:38","date_gmt":"2015-05-22T08:43:38","guid":{"rendered":"https:\/\/162.215.13.167?page_id=1555"},"modified":"2022-12-20T12:20:01","modified_gmt":"2022-12-20T15:20:01","slug":"prefeitura-municipal-de-mojui-dos-campos-pa-2015","status":"publish","type":"page","link":"https:\/\/portalfadesp.org.br\/?page_id=1555","title":{"rendered":"Prefeitura Municipal de Moju\u00ed dos Campos (PA) &#8211; 2015"},"content":{"rendered":"\t\t<div data-elementor-type=\"wp-post\" data-elementor-id=\"1555\" class=\"elementor elementor-1555\" data-elementor-post-type=\"page\">\n\t\t\t\t\t\t<section class=\"elementor-section elementor-top-section elementor-element elementor-element-119db819 elementor-section-boxed elementor-section-height-default elementor-section-height-default\" data-id=\"119db819\" data-element_type=\"section\">\n\t\t\t\t\t\t<div class=\"elementor-container elementor-column-gap-default\">\n\t\t\t\t\t<div class=\"elementor-column elementor-col-100 elementor-top-column elementor-element elementor-element-64626e59\" data-id=\"64626e59\" data-element_type=\"column\">\n\t\t\t<div class=\"elementor-widget-wrap elementor-element-populated\">\n\t\t\t\t\t\t<div class=\"elementor-element elementor-element-9f55c99 elementor-widget elementor-widget-heading\" data-id=\"9f55c99\" data-element_type=\"widget\" data-widget_type=\"heading.default\">\n\t\t\t\t<div class=\"elementor-widget-container\">\n\t\t\t\t\t<h1 class=\"elementor-heading-title elementor-size-default\">Prefeitura Municipal de Moju\u00ed dos Campos (PA) - 2015<\/h1>\t\t\t\t<\/div>\n\t\t\t\t<\/div>\n\t\t\t\t<section class=\"elementor-section elementor-inner-section elementor-element elementor-element-5bbadbd8 elementor-section-boxed elementor-section-height-default elementor-section-height-default\" data-id=\"5bbadbd8\" data-element_type=\"section\">\n\t\t\t\t\t\t<div class=\"elementor-container elementor-column-gap-default\">\n\t\t\t\t\t<div class=\"elementor-column elementor-col-50 elementor-inner-column elementor-element elementor-element-56f4e544\" data-id=\"56f4e544\" data-element_type=\"column\">\n\t\t\t<div class=\"elementor-widget-wrap elementor-element-populated\">\n\t\t\t\t\t\t<div class=\"elementor-element elementor-element-2c996f2a elementor-widget elementor-widget-text-editor\" data-id=\"2c996f2a\" data-element_type=\"widget\" data-widget_type=\"text-editor.default\">\n\t\t\t\t<div class=\"elementor-widget-container\">\n\t\t\t\t\t\t\t\t\t<p>A Prefeitura Municipal de Moju\u00ed dos Campos-PA, no uso de suas atribui\u00e7\u00f5es, torna p\u00fablica a realiza\u00e7\u00e3o de Concurso P\u00fablico da Prefeitura Municipal, destinado ao preenchimento de vagas do quadro de pessoal efetivo de n\u00edvel superior, n\u00edvel m\u00e9dio e n\u00edvel fundamental completo, mediante as condi\u00e7\u00f5es estabelecidas no edital de Abertura.&nbsp;<\/p>\n<p><strong>Total de vagas &#8211;&nbsp;<\/strong>191<\/p>\n<p>N\u00edvel Fundamental Completo: 50 vagas<\/p>\n<p>N\u00edvel M\u00e9dio: 53 vagas<\/p>\n<p>N\u00edvel Superior: 88 vagas<\/p>\n<p><strong>Remunera\u00e7\u00e3o &#8211;&nbsp;<\/strong>R$ 788,00 a &nbsp;R$6.000,00<\/p>\n<p><strong>Inscri\u00e7\u00f5es &#8211;&nbsp;<\/strong>27\/11\/15 a 28\/12\/15<\/p>\n<p><strong>Taxa &#8211;&nbsp;<\/strong>R$ 45,00 &nbsp;(n\u00edvel Fundamental Completo)<\/p>\n<p>&nbsp; &nbsp; &nbsp; &nbsp; &nbsp; &nbsp;&nbsp;R$ 50,00 (n\u00edvel M\u00e9dio)<\/p>\n<p>&nbsp; &nbsp; &nbsp; &nbsp; &nbsp; &nbsp;&nbsp;R$ 70,00 (n\u00edvel Superior)<\/p>\n<p><strong>Datas importantes<\/strong>:<\/p>\n<p>Per\u00edodo de inscri\u00e7\u00e3o &#8211; &nbsp;27\/11\/15 a 28\/12\/15<\/p>\n<p>Pagamento do boleto banc\u00e1rio &#8211;&nbsp;at\u00e9 29\/12\/15<\/p>\n<p>Cart\u00e3o de inscri\u00e7\u00e3o &#8211;&nbsp;&nbsp;a partir do dia 07\/01\/16<\/p>\n<p>Provas objetivas &#8211;&nbsp;dias 17 e 24\/01\/16<\/p>\n<p>Dia 17\/01\/16:<\/p>\n<p>Manh\u00e3:&nbsp;das 8h \u00e0s 12h (hor\u00e1rio local), para os candidatos inscritos nos cargos de N\u00edvel Superior, exceto os cargos de Assistente Social, Enfermeiro e Psic\u00f3logo.<\/p>\n<p>Tarde:&nbsp;das 14h30 \u00e0s 18h30 (hor\u00e1rio local), para todos os cargos de N\u00edvel Fundamental e tamb\u00e9m para os cargos de Assistente Social, Enfermeiro e Psic\u00f3logo.<\/p>\n<p>Dia 24\/01\/16:<\/p>\n<p>Manh\u00e3:&nbsp;as 8h \u00e0s 12h (hor\u00e1rio local), para os candidatos inscritos nos cargos&nbsp;de Auxiliar Administrativo I e Auxiliar Administrativo II, de n\u00edvel m\u00e9dio.<\/p>\n<p>Tarde:&nbsp;as 14h30 \u00e0s 18h30 (hor\u00e1rio local) para os demais cargos de n\u00edvel m\u00e9dio.<\/p>\t\t\t\t\t\t\t\t<\/div>\n\t\t\t\t<\/div>\n\t\t\t\t\t<\/div>\n\t\t<\/div>\n\t\t\t\t<div class=\"elementor-column elementor-col-50 elementor-inner-column elementor-element elementor-element-1baa7d23\" data-id=\"1baa7d23\" data-element_type=\"column\">\n\t\t\t<div class=\"elementor-widget-wrap elementor-element-populated\">\n\t\t\t\t\t\t<div class=\"elementor-element elementor-element-3e75c5ab elementor-widget elementor-widget-text-editor\" data-id=\"3e75c5ab\" data-element_type=\"widget\" data-widget_type=\"text-editor.default\">\n\t\t\t\t<div class=\"elementor-widget-container\">\n\t\t\t\t\t\t\t\t\t<p style=\"text-align: center;\"><span style=\"color: #ffffff;\"><strong>Aviso<\/strong><\/span><\/p>\t\t\t\t\t\t\t\t<\/div>\n\t\t\t\t<\/div>\n\t\t\t\t<div class=\"elementor-element elementor-element-4561b01 elementor-widget elementor-widget-text-editor\" data-id=\"4561b01\" data-element_type=\"widget\" data-widget_type=\"text-editor.default\">\n\t\t\t\t<div class=\"elementor-widget-container\">\n\t\t\t\t\t\t\t\t\t<p style=\"text-align: center;\"><span style=\"color: #000000;\">Convoca\u00e7\u00e3o de candidatos classificados no concurso somente no site da Prefeitura Municipal.<\/span><\/p><p style=\"text-align: center;\"><strong><span style=\"color: #000000;\">Data da Prova Objetiva &#8211; 02\/10\/11<\/span><\/strong><\/p>\t\t\t\t\t\t\t\t<\/div>\n\t\t\t\t<\/div>\n\t\t\t\t<div class=\"elementor-element elementor-element-72df8d01 elementor-widget elementor-widget-text-editor\" data-id=\"72df8d01\" data-element_type=\"widget\" data-widget_type=\"text-editor.default\">\n\t\t\t\t<div class=\"elementor-widget-container\">\n\t\t\t\t\t\t\t\t\t<p style=\"text-align: center;\"><span style=\"color: #ffffff;\"><strong>Editais<\/strong><\/span><\/p>\t\t\t\t\t\t\t\t<\/div>\n\t\t\t\t<\/div>\n\t\t\t\t<div class=\"elementor-element elementor-element-240c5ecd elementor-widget elementor-widget-text-editor\" data-id=\"240c5ecd\" data-element_type=\"widget\" data-widget_type=\"text-editor.default\">\n\t\t\t\t<div class=\"elementor-widget-container\">\n\t\t\t\t\t\t\t\t\t<table width=\"72\">\n<tbody>\n<tr>\n<td width=\"72\"><strong><a href=\"..\/midias\/anexos\/440_edital_n_06_2016_pmmc_homologacao_dos_cargos_de_professores.pdf\">Edital n\u00ba 06 &#8211; Homologa\u00e7\u00e3o dos cargos de professores.<\/a><\/strong><\/td>\n<\/tr>\n<tr>\n<td width=\"72\"><strong><a href=\"http:\/\/concursos.fadesp.org.br\/pmmdc2015\/arquivos\/Resultado%20dos%20Cargos%20de%20Professores.pdf\">Resultado dos Cargos de Professores<\/a><\/strong><\/td>\n<\/tr>\n<tr>\n<td width=\"72\"><strong><a href=\"http:\/\/concursos.fadesp.org.br\/pmmdc2015\/arquivos\/Retifica%C3%A7%C3%A3o%20de%20notas%20da%20prova%20de%20t%C3%ADtulos.pdf\">\u00a0Retifica\u00e7\u00e3o de notas da prova de t\u00edtulos<\/a><\/strong><\/td>\n<\/tr>\n<tr>\n<td width=\"72\"><strong><a href=\"http:\/\/concursos.fadesp.org.br\/pmmdc2015\/arquivos\/Resultado%20da%20Prova%20de%20T%C3%ADtulos.pdf\">Resultado da Prova de T\u00edtulos<\/a><\/strong><\/td>\n<\/tr>\n<tr>\n<td width=\"72\"><strong><a href=\"..\/midias\/anexos\/440_mojui_-_homologa.pdf\">\u00a0\u00a0Edital n\u00ba 5 &#8211; homologa\u00e7\u00e3o, exceto para cargos de professores<\/a><\/strong><\/td>\n<\/tr>\n<tr>\n<td width=\"72\"><strong><a href=\"http:\/\/concursos.fadesp.org.br\/pmmdc2015\/arquivos\/N%C3%ADvel%20Fundamental%20-%20Resultado%20Geral%20das%20Provas%20Objetivas.pdf\">Resultado da Prova Objetiva de N\u00edvel Fundamental<\/a><\/strong><\/td>\n<\/tr>\n<tr>\n<td width=\"72\"><strong><a href=\"http:\/\/concursos.fadesp.org.br\/pmmdc2015\/arquivos\/N%C3%ADvel%20M%C3%A9dio%20-%20Resultado%20Geral%20das%20Provas%20Objetivas.pdf\">Resultado da Prova Objetiva de N\u00edvel M\u00e9dio<\/a><\/strong><\/td>\n<\/tr>\n<tr>\n<td width=\"72\"><strong><a href=\"http:\/\/concursos.fadesp.org.br\/pmmdc2015\/arquivos\/N%C3%ADvel%20Superior%20-%20Resultado%20Geral%20das%20Provas%20Objetivas.pdf\">\u00a0Resultado da Prova Objetiva de N\u00edvel Superior<\/a><\/strong><\/td>\n<\/tr>\n<tr>\n<td width=\"72\"><strong><a href=\"http:\/\/concursos.fadesp.org.br\/pmmdc2015\/arquivos\/Edital%20n%C2%B0%2004_2016_Convoca%C3%A7%C3%A3o%20a%20Prova%20de%20T%C3%ADtulos.pdf\">Edital n\u00b0 04-2016 -Convoca\u00e7\u00e3o a Prova de T\u00edtulos<\/a><\/strong><\/td>\n<\/tr>\n<tr>\n<td width=\"72\"><strong><a href=\"http:\/\/concursos.fadesp.org.br\/pmmdc2015\/arquivos\/Formul%C3%A1rio%20de%20Entrega%20de%20T%C3%ADtulos.pdf\">\u00a0\u00a0Formul\u00e1rio de Entrega de T\u00edtulos<\/a><\/strong><\/td>\n<\/tr>\n<tr>\n<td width=\"72\"><strong><a href=\"http:\/\/concursos.fadesp.org.br\/pmmdc2015\/arquivos\/GABARITO%20OFICIAL%20DEFINITIVO%20-%20Dia%2024.01.2016%20-%20Manha%20e%20Tarde.pdf\">GABARITO OFICIAL DEFINITIVO &#8211; Dia 24\/01\/2016 &#8211; Manh\u00e3 e Tarde<\/a><\/strong><\/td>\n<\/tr>\n<tr>\n<td width=\"72\"><strong><a href=\"http:\/\/concursos.fadesp.org.br\/pmmdc2015\/arquivos\/GABARITO%20OFICIAL%20DEFINITIVO%20-%20Dia%2017.01.2016%20-%20Manha%20e%20Tarde.pdf\">GABARITO OFICIAL DEFINITIVO &#8211; Dia 17\/01\/2016 &#8211; Manh\u00e3 e Tarde<\/a><\/strong><\/td>\n<\/tr>\n<tr>\n<td width=\"72\"><strong><a href=\"http:\/\/concursos.fadesp.org.br\/pmmdc2015\/arquivos\/provas24\/provas.html\">Provas dia 24\/01\/2016<\/a><\/strong><\/td>\n<\/tr>\n<tr>\n<td width=\"72\"><strong><a href=\"http:\/\/concursos.fadesp.org.br\/pmmdc2015\/arquivos\/provas24\/GABARITO%20OFICIAL%20PRELIMINAR%20-%20Dia%2024.01.2016%20-%20Manha%20e%20Tarde.pdf\">GABARITO OFICIAL PRELIMINAR &#8211; Dia 24\/01\/2016 &#8211; Manha e Tarde<\/a><\/strong><\/td>\n<\/tr>\n<tr>\n<td width=\"72\"><strong><a href=\"http:\/\/concursos.fadesp.org.br\/pmmdc2015\/arquivos\/provas\/provas.html\">Provas dia 17\/01\/2016<\/a><\/strong><\/td>\n<\/tr>\n<tr>\n<td width=\"72\"><strong><a href=\"http:\/\/concursos.fadesp.org.br\/pmmdc2015\/arquivos\/provas\/GABARITO%20OFICIAL%20PRELIMINAR%20-%20Dia%2017.01.2016%20-%20Manh%C3%A3%20e%20Tarde.pdf\">GABARITO OFICIAL PRELIMINAR &#8211; Dia 17\/01\/2016 &#8211; Manh\u00e3 e Tarde\u00a0<\/a><\/strong><\/td>\n<\/tr>\n<tr>\n<td width=\"72\"><strong><a href=\"..\/midias\/anexos\/440_aviso_sobre_as_datas_de_provas.pdf\">Aviso &#8211; sobre as datas de provas<\/a><\/strong><\/td>\n<\/tr>\n<tr>\n<td width=\"72\"><strong><a href=\"..\/midias\/anexos\/440_edital_n_03_2016_pmmc_-_alteracao_de_datas_de_provas.pdf\">\u00a0Edital n\u00ba 3 &#8211; altera\u00e7\u00e3o de datas de provas<\/a><\/strong><\/td>\n<\/tr>\n<tr>\n<td width=\"72\"><strong><a href=\"..\/midias\/anexos\/440_mojui.pdf\">\u00a0Edital n\u00ba 02 &#8211; Altera\u00e7\u00f5es no edital de abertura<\/a><\/strong><\/td>\n<\/tr>\n<tr>\n<td width=\"72\"><strong><a href=\"..\/midias\/anexos\/440_formulario_de_portador_de_deficiencia.pdf\">Formul\u00e1rio PcD<\/a><\/strong><\/td>\n<\/tr>\n<tr>\n<td width=\"72\"><strong><a href=\"http:\/\/concursos.fadesp.org.br\/pmmdc2015\/arquivos\/Tabela%20de%20Cargos.pdf\">Tabela de Cargos<\/a><\/strong><\/td>\n<\/tr>\n<tr>\n<td width=\"72\"><strong><a href=\"..\/midias\/anexos\/440_edital_n_01_2015_pmmc.pdf\">Edital n\u00ba 01 \/ 15 &#8211; Abertura<\/a><\/strong><\/td>\n<\/tr>\n<\/tbody>\n<\/table>\t\t\t\t\t\t\t\t<\/div>\n\t\t\t\t<\/div>\n\t\t\t\t\t<\/div>\n\t\t<\/div>\n\t\t\t\t\t<\/div>\n\t\t<\/section>\n\t\t\t\t\t<\/div>\n\t\t<\/div>\n\t\t\t\t\t<\/div>\n\t\t<\/section>\n\t\t\t\t<\/div>\n\t\t","protected":false},"excerpt":{"rendered":"<p>Prefeitura Municipal de Moju\u00ed dos Campos (PA) &#8211; 2015 A Prefeitura Municipal de Moju\u00ed dos Campos-PA, no uso de suas atribui\u00e7\u00f5es, torna p\u00fablica a realiza\u00e7\u00e3o de Concurso P\u00fablico da Prefeitura Municipal, destinado ao preenchimento de vagas do quadro de pessoal efetivo de n\u00edvel superior, n\u00edvel m\u00e9dio e n\u00edvel fundamental completo, mediante as condi\u00e7\u00f5es estabelecidas no [&hellip;]<\/p>\n","protected":false},"author":9,"featured_media":0,"parent":329,"menu_order":54,"comment_status":"closed","ping_status":"closed","template":"","meta":{"_monsterinsights_skip_tracking":false,"_monsterinsights_sitenote_active":false,"_monsterinsights_sitenote_note":"","_monsterinsights_sitenote_category":0,"footnotes":""},"class_list":["post-1555","page","type-page","status-publish","hentry","entry"],"yoast_head":"<!-- This site is optimized with the Yoast SEO plugin v25.1 - https:\/\/yoast.com\/wordpress\/plugins\/seo\/ -->\n<title>Prefeitura Municipal de Moju\u00ed dos Campos (PA) - 2015 - FADESP<\/title>\n<meta name=\"robots\" content=\"index, follow, max-snippet:-1, max-image-preview:large, max-video-preview:-1\" \/>\n<link rel=\"canonical\" href=\"https:\/\/portalfadesp.org.br\/?page_id=1555\" \/>\n<meta property=\"og:locale\" content=\"pt_BR\" \/>\n<meta property=\"og:type\" content=\"article\" \/>\n<meta property=\"og:title\" content=\"Prefeitura Municipal de Moju\u00ed dos Campos (PA) - 2015 - FADESP\" \/>\n<meta property=\"og:description\" content=\"Prefeitura Municipal de Moju\u00ed dos Campos (PA) &#8211; 2015 A Prefeitura Municipal de Moju\u00ed dos Campos-PA, no uso de suas atribui\u00e7\u00f5es, torna p\u00fablica a realiza\u00e7\u00e3o de Concurso P\u00fablico da Prefeitura Municipal, destinado ao preenchimento de vagas do quadro de pessoal efetivo de n\u00edvel superior, n\u00edvel m\u00e9dio e n\u00edvel fundamental completo, mediante as condi\u00e7\u00f5es estabelecidas no [&hellip;]\" \/>\n<meta property=\"og:url\" content=\"https:\/\/portalfadesp.org.br\/?page_id=1555\" \/>\n<meta property=\"og:site_name\" content=\"FADESP\" \/>\n<meta property=\"article:publisher\" content=\"https:\/\/www.facebook.com\/Fadesp-138351949524662\/\" \/>\n<meta property=\"article:modified_time\" content=\"2022-12-20T15:20:01+00:00\" \/>\n<meta name=\"twitter:card\" content=\"summary_large_image\" \/>\n<meta name=\"twitter:site\" content=\"@Fadesp\" \/>\n<meta name=\"twitter:label1\" content=\"Est. tempo de leitura\" \/>\n\t<meta name=\"twitter:data1\" content=\"2 minutos\" \/>\n<script type=\"application\/ld+json\" class=\"yoast-schema-graph\">{\"@context\":\"https:\/\/schema.org\",\"@graph\":[{\"@type\":\"WebPage\",\"@id\":\"https:\/\/portalfadesp.org.br\/?page_id=1555\",\"url\":\"https:\/\/portalfadesp.org.br\/?page_id=1555\",\"name\":\"Prefeitura Municipal de Moju\u00ed dos Campos (PA) - 2015 - FADESP\",\"isPartOf\":{\"@id\":\"https:\/\/portalfadesp.org.br\/#website\"},\"datePublished\":\"2015-05-22T08:43:38+00:00\",\"dateModified\":\"2022-12-20T15:20:01+00:00\",\"breadcrumb\":{\"@id\":\"https:\/\/portalfadesp.org.br\/?page_id=1555#breadcrumb\"},\"inLanguage\":\"pt-BR\",\"potentialAction\":[{\"@type\":\"ReadAction\",\"target\":[\"https:\/\/portalfadesp.org.br\/?page_id=1555\"]}]},{\"@type\":\"BreadcrumbList\",\"@id\":\"https:\/\/portalfadesp.org.br\/?page_id=1555#breadcrumb\",\"itemListElement\":[{\"@type\":\"ListItem\",\"position\":1,\"name\":\"In\u00edcio\",\"item\":\"https:\/\/portalfadesp.org.br\/\"},{\"@type\":\"ListItem\",\"position\":2,\"name\":\"Concursos &#8211; Homologados\",\"item\":\"https:\/\/portalfadesp.org.br\/?page_id=329\"},{\"@type\":\"ListItem\",\"position\":3,\"name\":\"Prefeitura Municipal de Moju\u00ed dos Campos (PA) &#8211; 2015\"}]},{\"@type\":\"WebSite\",\"@id\":\"https:\/\/portalfadesp.org.br\/#website\",\"url\":\"https:\/\/portalfadesp.org.br\/\",\"name\":\"FADESP\",\"description\":\"Funda\u00e7\u00e3o de Amparo e Desenvolvimento da Pesquisa\",\"publisher\":{\"@id\":\"https:\/\/portalfadesp.org.br\/#organization\"},\"potentialAction\":[{\"@type\":\"SearchAction\",\"target\":{\"@type\":\"EntryPoint\",\"urlTemplate\":\"https:\/\/portalfadesp.org.br\/?s={search_term_string}\"},\"query-input\":{\"@type\":\"PropertyValueSpecification\",\"valueRequired\":true,\"valueName\":\"search_term_string\"}}],\"inLanguage\":\"pt-BR\"},{\"@type\":\"Organization\",\"@id\":\"https:\/\/portalfadesp.org.br\/#organization\",\"name\":\"FADESP\",\"url\":\"https:\/\/portalfadesp.org.br\/\",\"logo\":{\"@type\":\"ImageObject\",\"inLanguage\":\"pt-BR\",\"@id\":\"https:\/\/portalfadesp.org.br\/#\/schema\/logo\/image\/\",\"url\":\"https:\/\/portalfadesp.org.br\/wp-content\/uploads\/2024\/01\/NOVOLOGOFADESPlaranjaH.png\",\"contentUrl\":\"https:\/\/portalfadesp.org.br\/wp-content\/uploads\/2024\/01\/NOVOLOGOFADESPlaranjaH.png\",\"width\":2742,\"height\":839,\"caption\":\"FADESP\"},\"image\":{\"@id\":\"https:\/\/portalfadesp.org.br\/#\/schema\/logo\/image\/\"},\"sameAs\":[\"https:\/\/www.facebook.com\/Fadesp-138351949524662\/\",\"https:\/\/x.com\/Fadesp\",\"https:\/\/www.instagram.com\/fadesp_ufpa\/\",\"https:\/\/www.youtube.com\/@fundacaodeamparoedesenvolv1903\",\"https:\/\/www.threads.net\/@fadesp_ufpa\"]}]}<\/script>\n<!-- \/ Yoast SEO plugin. -->","yoast_head_json":{"title":"Prefeitura Municipal de Moju\u00ed dos Campos (PA) - 2015 - FADESP","robots":{"index":"index","follow":"follow","max-snippet":"max-snippet:-1","max-image-preview":"max-image-preview:large","max-video-preview":"max-video-preview:-1"},"canonical":"https:\/\/portalfadesp.org.br\/?page_id=1555","og_locale":"pt_BR","og_type":"article","og_title":"Prefeitura Municipal de Moju\u00ed dos Campos (PA) - 2015 - FADESP","og_description":"Prefeitura Municipal de Moju\u00ed dos Campos (PA) &#8211; 2015 A Prefeitura Municipal de Moju\u00ed dos Campos-PA, no uso de suas atribui\u00e7\u00f5es, torna p\u00fablica a realiza\u00e7\u00e3o de Concurso P\u00fablico da Prefeitura Municipal, destinado ao preenchimento de vagas do quadro de pessoal efetivo de n\u00edvel superior, n\u00edvel m\u00e9dio e n\u00edvel fundamental completo, mediante as condi\u00e7\u00f5es estabelecidas no [&hellip;]","og_url":"https:\/\/portalfadesp.org.br\/?page_id=1555","og_site_name":"FADESP","article_publisher":"https:\/\/www.facebook.com\/Fadesp-138351949524662\/","article_modified_time":"2022-12-20T15:20:01+00:00","twitter_card":"summary_large_image","twitter_site":"@Fadesp","twitter_misc":{"Est. tempo de leitura":"2 minutos"},"schema":{"@context":"https:\/\/schema.org","@graph":[{"@type":"WebPage","@id":"https:\/\/portalfadesp.org.br\/?page_id=1555","url":"https:\/\/portalfadesp.org.br\/?page_id=1555","name":"Prefeitura Municipal de Moju\u00ed dos Campos (PA) - 2015 - FADESP","isPartOf":{"@id":"https:\/\/portalfadesp.org.br\/#website"},"datePublished":"2015-05-22T08:43:38+00:00","dateModified":"2022-12-20T15:20:01+00:00","breadcrumb":{"@id":"https:\/\/portalfadesp.org.br\/?page_id=1555#breadcrumb"},"inLanguage":"pt-BR","potentialAction":[{"@type":"ReadAction","target":["https:\/\/portalfadesp.org.br\/?page_id=1555"]}]},{"@type":"BreadcrumbList","@id":"https:\/\/portalfadesp.org.br\/?page_id=1555#breadcrumb","itemListElement":[{"@type":"ListItem","position":1,"name":"In\u00edcio","item":"https:\/\/portalfadesp.org.br\/"},{"@type":"ListItem","position":2,"name":"Concursos &#8211; Homologados","item":"https:\/\/portalfadesp.org.br\/?page_id=329"},{"@type":"ListItem","position":3,"name":"Prefeitura Municipal de Moju\u00ed dos Campos (PA) &#8211; 2015"}]},{"@type":"WebSite","@id":"https:\/\/portalfadesp.org.br\/#website","url":"https:\/\/portalfadesp.org.br\/","name":"FADESP","description":"Funda\u00e7\u00e3o de Amparo e Desenvolvimento da Pesquisa","publisher":{"@id":"https:\/\/portalfadesp.org.br\/#organization"},"potentialAction":[{"@type":"SearchAction","target":{"@type":"EntryPoint","urlTemplate":"https:\/\/portalfadesp.org.br\/?s={search_term_string}"},"query-input":{"@type":"PropertyValueSpecification","valueRequired":true,"valueName":"search_term_string"}}],"inLanguage":"pt-BR"},{"@type":"Organization","@id":"https:\/\/portalfadesp.org.br\/#organization","name":"FADESP","url":"https:\/\/portalfadesp.org.br\/","logo":{"@type":"ImageObject","inLanguage":"pt-BR","@id":"https:\/\/portalfadesp.org.br\/#\/schema\/logo\/image\/","url":"https:\/\/portalfadesp.org.br\/wp-content\/uploads\/2024\/01\/NOVOLOGOFADESPlaranjaH.png","contentUrl":"https:\/\/portalfadesp.org.br\/wp-content\/uploads\/2024\/01\/NOVOLOGOFADESPlaranjaH.png","width":2742,"height":839,"caption":"FADESP"},"image":{"@id":"https:\/\/portalfadesp.org.br\/#\/schema\/logo\/image\/"},"sameAs":["https:\/\/www.facebook.com\/Fadesp-138351949524662\/","https:\/\/x.com\/Fadesp","https:\/\/www.instagram.com\/fadesp_ufpa\/","https:\/\/www.youtube.com\/@fundacaodeamparoedesenvolv1903","https:\/\/www.threads.net\/@fadesp_ufpa"]}]}},"_links":{"self":[{"href":"https:\/\/portalfadesp.org.br\/index.php?rest_route=\/wp\/v2\/pages\/1555","targetHints":{"allow":["GET"]}}],"collection":[{"href":"https:\/\/portalfadesp.org.br\/index.php?rest_route=\/wp\/v2\/pages"}],"about":[{"href":"https:\/\/portalfadesp.org.br\/index.php?rest_route=\/wp\/v2\/types\/page"}],"author":[{"embeddable":true,"href":"https:\/\/portalfadesp.org.br\/index.php?rest_route=\/wp\/v2\/users\/9"}],"replies":[{"embeddable":true,"href":"https:\/\/portalfadesp.org.br\/index.php?rest_route=%2Fwp%2Fv2%2Fcomments&post=1555"}],"version-history":[{"count":24,"href":"https:\/\/portalfadesp.org.br\/index.php?rest_route=\/wp\/v2\/pages\/1555\/revisions"}],"predecessor-version":[{"id":36555,"href":"https:\/\/portalfadesp.org.br\/index.php?rest_route=\/wp\/v2\/pages\/1555\/revisions\/36555"}],"up":[{"embeddable":true,"href":"https:\/\/portalfadesp.org.br\/index.php?rest_route=\/wp\/v2\/pages\/329"}],"wp:attachment":[{"href":"https:\/\/portalfadesp.org.br\/index.php?rest_route=%2Fwp%2Fv2%2Fmedia&parent=1555"}],"curies":[{"name":"wp","href":"https:\/\/api.w.org\/{rel}","templated":true}]}}