{"id":1554,"date":"2015-05-22T05:43:26","date_gmt":"2015-05-22T08:43:26","guid":{"rendered":"https:\/\/162.215.13.167?page_id=1554"},"modified":"2022-12-20T12:23:16","modified_gmt":"2022-12-20T15:23:16","slug":"prefeitura-municipal-de-nova-timboteua-2015","status":"publish","type":"page","link":"https:\/\/portalfadesp.org.br\/?page_id=1554","title":{"rendered":"Prefeitura Municipal de Nova Timboteua &#8211; 2015"},"content":{"rendered":"\t\t<div data-elementor-type=\"wp-post\" data-elementor-id=\"1554\" class=\"elementor elementor-1554\" data-elementor-post-type=\"page\">\n\t\t\t\t\t\t<section class=\"elementor-section elementor-top-section elementor-element elementor-element-2c7b78f0 elementor-section-boxed elementor-section-height-default elementor-section-height-default\" data-id=\"2c7b78f0\" data-element_type=\"section\">\n\t\t\t\t\t\t<div class=\"elementor-container elementor-column-gap-default\">\n\t\t\t\t\t<div class=\"elementor-column elementor-col-100 elementor-top-column elementor-element elementor-element-5e3d8807\" data-id=\"5e3d8807\" data-element_type=\"column\">\n\t\t\t<div class=\"elementor-widget-wrap elementor-element-populated\">\n\t\t\t\t\t\t<div class=\"elementor-element elementor-element-43be1e2c elementor-widget elementor-widget-heading\" data-id=\"43be1e2c\" data-element_type=\"widget\" data-widget_type=\"heading.default\">\n\t\t\t\t<div class=\"elementor-widget-container\">\n\t\t\t\t\t<h1 class=\"elementor-heading-title elementor-size-default\">Prefeitura Municipal de Nova Timboteua - 2015\n<\/h1>\t\t\t\t<\/div>\n\t\t\t\t<\/div>\n\t\t\t\t<section class=\"elementor-section elementor-inner-section elementor-element elementor-element-541db477 elementor-section-boxed elementor-section-height-default elementor-section-height-default\" data-id=\"541db477\" data-element_type=\"section\">\n\t\t\t\t\t\t<div class=\"elementor-container elementor-column-gap-default\">\n\t\t\t\t\t<div class=\"elementor-column elementor-col-50 elementor-inner-column elementor-element elementor-element-50e724c\" data-id=\"50e724c\" data-element_type=\"column\">\n\t\t\t<div class=\"elementor-widget-wrap elementor-element-populated\">\n\t\t\t\t\t\t<div class=\"elementor-element elementor-element-62b88097 elementor-widget elementor-widget-text-editor\" data-id=\"62b88097\" data-element_type=\"widget\" data-widget_type=\"text-editor.default\">\n\t\t\t\t<div class=\"elementor-widget-container\">\n\t\t\t\t\t\t\t\t\t<p>A Prefeitura Municipal de Nova Timboteua torna p\u00fablica a realiza\u00e7\u00e3o de Concurso P\u00fablico da Prefeitura, destinado ao preenchimento de vagas do quadro de pessoal efetivo de n\u00edvel superior, n\u00edvel m\u00e9dio e t\u00e9cnico, n\u00edvel fundamental completo e n\u00edvel fundamental incompleto, mediante as condi\u00e7\u00f5es estabelecidas no\u00a0<a id=\"c7i2X3aNEx\" title=\"Tamanho: 411KB\" href=\"https:\/\/162.215.13.167midias\/anexos\/431_edital_final.pdf\" target=\"_blank\" rel=\"noopener\">Edital<\/a>\u00a0de abertura.<\/p><p><strong>Vagas &#8211;\u00a0<\/strong>199<\/p><p><strong>Cargos &#8211; N\u00edvel fundamental completo:\u00a0<\/strong>Operador de M\u00e1quinas Pesadas,Operador de M\u00e1quinas e Implementos Agr\u00edcolas,Motorista Ve\u00edculos Leves, Motorista de Ve\u00edculos Pesados, Agente Epidemiol\u00f3gico, Agente de Endemias.<\/p><p><strong>N\u00edvel fundamental incompleto:<\/strong>\u00a0Auxiliar de Servi\u00e7os Gerais, Merendeira, Porteiro, Coveiro, Vigia, Operador de Ro\u00e7adeiras,\u00a0Gari.<\/p><p><strong>N\u00edvel M\u00e9dio:<\/strong>\u00a0Auxiliar de Secret\u00e1ria, Agente Administrativo, Operador de Computador, Agente de Vigil\u00e2ncia Sanit\u00e1ria,\u00a0Agente Fiscal de Tributos, Agente Regulador.<\/p><p><strong>N\u00edvel M\u00e9dio T\u00e9cnico:<\/strong>\u00a0T\u00e9cnico Agr\u00edcola, T\u00e9cnico em Meio Ambiente, T\u00e9cnico em Manuten\u00e7\u00e3o de Computadores, T\u00e9cnico em Enfermagem, T\u00e9cnico em Sa\u00fade Bucal, Professor de Educa\u00e7\u00e3o Infantil.<\/p><p><strong>N\u00edvel Superior:<\/strong>\u00a0Advogado, Agr\u00f4nomo, Assistente Social, Contador, Psc\u00f3logo, Engenheiro Civil, M\u00e9dico, M\u00e9dico Veterin\u00e1rio, Farmaceutico, Fisooterapeuta, Nutricionista, Fonoaudi\u00f3logo, Enfermeiro, Odont\u00f3logo, Bioqu\u00edmico e Professor (do 6\u00ba ao 9\u00ba ano), Professor de Libras, Professor &#8211; Educa\u00e7\u00e3o Especial, Professor &#8211; (1\u00ba ao 5\u00ba ano) e Coordenador Pedag\u00f3gico.<\/p><p><strong>Remunera\u00e7\u00e3o &#8211;\u00a0<\/strong>de\u00a0R$ 788,00 \u00e0 R$ 8.000,00<\/p><p><strong>Inscri\u00e7\u00f5es &#8211;\u00a0<\/strong>18\/09\/15 a\u00a026\/10\/15<\/p><p><strong>Taxa &#8211;\u00a0<\/strong>R$ 45,00 (Fundamental completo e incompleto)<\/p><p>R$ 50,00 (N\u00edvel m\u00e9dio\/t\u00e9cnico)<\/p><p>R$ 70,00 (N\u00edvel superior)<\/p><p><strong>Datas importantes<\/strong>:<\/p><p>Per\u00edodo de inscri\u00e7\u00e3o &#8211; 18\/09\/15 a\u00a026\/10\/15<\/p><p>Pagamento do boleto banc\u00e1rio &#8211;\u00a0at\u00e9 26\/10\/15<\/p><p>Confirma\u00e7\u00e3o da inscri\u00e7\u00e3o &#8211;\u00a0a partir do dia 11\/11\/15<\/p><p>Provas objetivas &#8211;\u00a029\/11\/15\u00a0, 06\/12\/15, 13\/12\/15, 20\/12\/15.<\/p><p>Resultado da prova objetiva &#8211;\u00a0\u00e0s 17h do dia 25\/01\/16\u00a0<\/p>\t\t\t\t\t\t\t\t<\/div>\n\t\t\t\t<\/div>\n\t\t\t\t\t<\/div>\n\t\t<\/div>\n\t\t\t\t<div class=\"elementor-column elementor-col-50 elementor-inner-column elementor-element elementor-element-39f3c972\" data-id=\"39f3c972\" data-element_type=\"column\">\n\t\t\t<div class=\"elementor-widget-wrap elementor-element-populated\">\n\t\t\t\t\t\t<div class=\"elementor-element elementor-element-3daf507e elementor-widget elementor-widget-text-editor\" data-id=\"3daf507e\" data-element_type=\"widget\" data-widget_type=\"text-editor.default\">\n\t\t\t\t<div class=\"elementor-widget-container\">\n\t\t\t\t\t\t\t\t\t<p style=\"text-align: center;\"><span style=\"color: #ffffff;\"><strong>Editais e Avisos<\/strong><\/span><\/p>\t\t\t\t\t\t\t\t<\/div>\n\t\t\t\t<\/div>\n\t\t\t\t<div class=\"elementor-element elementor-element-183df9cc elementor-widget elementor-widget-text-editor\" data-id=\"183df9cc\" data-element_type=\"widget\" data-widget_type=\"text-editor.default\">\n\t\t\t\t<div class=\"elementor-widget-container\">\n\t\t\t\t\t\t\t\t\t<table width=\"72\">\n<tbody>\n<tr>\n<td width=\"72\"><strong><span style=\"color: #000000;\"><a style=\"color: #000000;\" href=\"..\/midias\/anexos\/431_decreto_de_convocacao.pdf\">\u00a0Decreto de Convoca\u00e7\u00e3o<\/a><\/span><\/strong><\/td>\n<\/tr>\n<tr>\n<td width=\"72\"><strong><span style=\"color: #000000;\"><a style=\"color: #000000;\" href=\"..\/midias\/anexos\/431_edital_n_06_2016_pmnt_homologacao.pdf\">Edital n\u00ba 06 &#8211; Homologa\u00e7\u00e3o<\/a><\/span><\/strong><\/td>\n<\/tr>\n<tr>\n<td width=\"72\"><strong><span style=\"color: #000000;\"><a style=\"color: #000000;\" href=\"http:\/\/concursos.fadesp.org.br\/pmnt2015\/arquivos\/Resultado%20dos%20Cargos%20de%20Professores.pdf\">Resultado dos Cargos de Professores<\/a><\/span><\/strong><\/td>\n<\/tr>\n<tr>\n<td width=\"72\"><strong><span style=\"color: #000000;\"><a style=\"color: #000000;\" href=\"http:\/\/concursos.fadesp.org.br\/pmnt2015\/arquivos\/Retifica%C3%A7%C3%A3o%20de%20notas%20da%20prova%20de%20t%C3%ADtulos.pdf\">Retifica\u00e7\u00e3o de notas da prova de t\u00edtulos<\/a><\/span><\/strong><\/td>\n<\/tr>\n<tr>\n<td width=\"72\"><strong><span style=\"color: #000000;\"><a style=\"color: #000000;\" href=\"http:\/\/concursos.fadesp.org.br\/pmnt2015\/arquivos\/Resultado%20das%20Provas%20Objetivas%20-%20Bioqu%C3%ADmico.pdf\">Resultado das Provas Objetivas &#8211; Bioqu\u00edmico\u00a0<\/a><\/span><\/strong><\/td>\n<\/tr>\n<tr>\n<td width=\"72\"><strong><span style=\"color: #000000;\"><a style=\"color: #000000;\" href=\"http:\/\/concursos.fadesp.org.br\/pmnt2015\/arquivos\/Resultado%20da%20Prova%20de%20T%C3%ADtulos%20(3).pdf\">\u00a0Resultado da Prova de T\u00edtulos<\/a><\/span><\/strong><\/td>\n<\/tr>\n<tr>\n<td width=\"72\"><strong><span style=\"color: #000000;\"><a style=\"color: #000000;\" href=\"http:\/\/concursos.fadesp.org.br\/pmnt2015\/arquivos\/GABARITO%20OFICIAL%20DEFINITIVO%20-%20Dia%2031.01.2016%20-%20Manh%C3%A3%20-%20BIOQU%C3%8DMICO.pdf\">GABARITO OFICIAL DEFINITIVO &#8211; Dia 31.01.2016 &#8211; Manh\u00e3 &#8211; BIOQU\u00cdMICO\u00a0<\/a><\/span><\/strong><\/td>\n<\/tr>\n<tr>\n<td width=\"72\"><strong><span style=\"color: #000000;\"><a style=\"color: #000000;\" href=\"http:\/\/concursos.fadesp.org.br\/pmnt2015\/arquivos\/BIOQUIMICO%20-%20Nivel%20Superior.pdf\">BIOQUIMICO &#8211; N\u00edvel Superior<\/a><\/span><\/strong><\/td>\n<\/tr>\n<tr>\n<td width=\"72\"><strong><span style=\"color: #000000;\"><a style=\"color: #000000;\" href=\"http:\/\/concursos.fadesp.org.br\/pmnt2015\/arquivos\/GABARITO%20OFICIAL%20PRELIMINAR%20-%20Dia%2031.01.2016%20-%20Manha%20-%20BIOQUMICO.pdf\">GABARITO OFICIAL PRELIMINAR &#8211; Dia 31.01.2016 &#8211; Manha &#8211; BIOQU\u00cdMICO<\/a><\/span><\/strong><\/td>\n<\/tr>\n<tr>\n<td width=\"72\"><strong><span style=\"color: #000000;\"><a style=\"color: #000000;\" href=\"http:\/\/concursos.fadesp.org.br\/pmnt2015\/arquivos\/Resultado%20das%20Provas%20Objetivas%20-%20N%C3%ADvel%20Superior.pdf\">\u00a0Resultado das Provas Objetivas &#8211; N\u00edvel Superior<\/a><\/span><\/strong><\/td>\n<\/tr>\n<tr>\n<td width=\"72\"><strong><span style=\"color: #000000;\"><a style=\"color: #000000;\" href=\"http:\/\/concursos.fadesp.org.br\/pmnt2015\/arquivos\/Resultado%20das%20Provas%20Objetivas%20-%20N%C3%ADvel%20M%C3%A9dio%20e%20M%C3%A9dio%20T%C3%A9cnico.pdf\">Resultado das Provas Objetivas &#8211; N\u00edvel M\u00e9dio e M\u00e9dio T\u00e9cnico<\/a><\/span><\/strong><\/td>\n<\/tr>\n<tr>\n<td width=\"72\"><strong><span style=\"color: #000000;\"><a style=\"color: #000000;\" href=\"http:\/\/concursos.fadesp.org.br\/pmnt2015\/arquivos\/Resultado%20das%20Provas%20Objetivas%20-%20Fundamental%20Incompleto.pdf\">Resultado das Provas Objetivas &#8211; Fundamental Incompleto<\/a><\/span><\/strong><\/td>\n<\/tr>\n<tr>\n<td width=\"72\"><strong><span style=\"color: #000000;\"><a style=\"color: #000000;\" href=\"http:\/\/concursos.fadesp.org.br\/pmnt2015\/arquivos\/Resultado%20das%20Provas%20Objetivas%20-%20Fundamental%20Completo.pdf\">Resultado das Provas Objetivas &#8211; Fundamental Completo<\/a><\/span><\/strong><\/td>\n<\/tr>\n<tr>\n<td width=\"72\"><strong><span style=\"color: #000000;\"><a style=\"color: #000000;\" href=\"http:\/\/concursos.fadesp.org.br\/pmnt2015\/arquivos\/Edital%20n%C2%B0%2005_2016_Convoca%C3%A7%C3%A3o%20a%20Prova%20de%20T%C3%ADtulos.pdf\">Edital n\u00b005_2016 Convoca\u00e7\u00e3o a Prova de T\u00edtulos<\/a><\/span><\/strong><\/td>\n<\/tr>\n<tr>\n<td width=\"72\"><strong><span style=\"color: #000000;\"><a style=\"color: #000000;\" href=\"http:\/\/concursos.fadesp.org.br\/pmnt2015\/arquivos\/Formul%C3%A1rio%20de%20Entrega%20de%20T%C3%ADtulos.pdf\">Formul\u00e1rio de Entrega de T\u00edtulos<\/a><\/span><\/strong><\/td>\n<\/tr>\n<tr>\n<td><strong><span style=\"color: #000000;\"><a style=\"color: #000000;\" href=\"http:\/\/concursos.fadesp.org.br\/pmnt2015\/arquivos\/provas20\/GABARITO%20OFICIAL%20DEFINITIVO%20-%20Dia%2020.12.2015%20-%20Manh%C3%A3%20e%20Tarde.pdf\">GABARITO OFICIAL DEFINITIVO &#8211; Dia 20.12.2015 &#8211; Manh\u00e3 e Tarde<\/a><\/span><\/strong><\/td>\n<\/tr>\n<tr>\n<td width=\"72\"><strong><span style=\"color: #000000;\"><a style=\"color: #000000;\" href=\"http:\/\/concursos.fadesp.org.br\/pmnt2015\/arquivos\/provas13\/GABARITO%20OFICIAL%20DEFINITIVO%20-%20Dia%2013.12.2015%20-%20Manha%20e%20Tarde.pdf\">GABARITO OFICIAL DEFINITIVO &#8211; Dia 13\/12\/2015 &#8211; Manh\u00e3 e Tarde<\/a><\/span><\/strong><\/td>\n<\/tr>\n<tr>\n<td width=\"72\"><strong><span style=\"color: #000000;\"><a style=\"color: #000000;\" href=\"http:\/\/concursos.fadesp.org.br\/pmnt2015\/arquivos\/provas20\/Provas20.html\">Provas dia 20\/12\/2013<\/a><\/span><\/strong><\/td>\n<\/tr>\n<tr>\n<td width=\"72\"><strong><span style=\"color: #000000;\"><a style=\"color: #000000;\" href=\"http:\/\/concursos.fadesp.org.br\/pmnt2015\/arquivos\/provas20\/GABARITO%20OFICIAL%20PRELIMINAR%20-%20Dia%2020.12.2015%20-%20Manha%20e%20Tarde.pdf\">GABARITO OFICIAL PRELIMINAR &#8211; Dia 20\/12\/2015 &#8211; Manh\u00e3 e Tarde<\/a><\/span><\/strong><\/td>\n<\/tr>\n<tr>\n<td width=\"72\"><strong><span style=\"color: #000000;\"><a style=\"color: #000000;\" href=\"http:\/\/concursos.fadesp.org.br\/pmnt2015\/arquivos\/provas06\/RETIFICA%C3%87%C3%83O%20DO%20GABARITO%20OFICIAL%20DEFINITIVO%20-%20Dia%2006.12.2015%20-%20Manha%20e%20Tarde.pdf\">GABARITO OFICIAL DEFINITIVO &#8211; Dia 06\/12\/2015 &#8211; Manh\u00e3 e Tarde<\/a><\/span><\/strong><\/td>\n<\/tr>\n<tr>\n<td width=\"72\"><strong><span style=\"color: #000000;\"><a style=\"color: #000000;\" href=\"http:\/\/concursos.fadesp.org.br\/pmnt2015\/arquivos\/provas13\/Provas13.html\">Provas dia 13\/12\/2015\u00a0<\/a><\/span><\/strong><\/td>\n<\/tr>\n<tr>\n<td width=\"72\"><strong><span style=\"color: #000000;\"><a style=\"color: #000000;\" href=\"http:\/\/concursos.fadesp.org.br\/pmnt2015\/arquivos\/provas13\/GABARITO%20OFICIAL%20PRELIMINAR%20-%20Dia%2013.12.2015%20-%20Manha%20e%20Tarde.pdf\">GABARITO OFICIAL PRELIMINAR &#8211; Dia 13\/12\/2015 &#8211; Manh\u00e3 e Tarde<\/a><\/span><\/strong><\/td>\n<\/tr>\n<tr>\n<td width=\"72\"><strong><span style=\"color: #000000;\"><a style=\"color: #000000;\" href=\"http:\/\/concursos.fadesp.org.br\/pmnt2015\/arquivos\/provas29\/GABARITO%20OFICIAL%20DEFINITIVO%20-%20Dia%2029.11.2015%20-%20Manha%20e%20Tarde.pdf\">GABARITO OFICIAL DEFINITIVO &#8211; Dia 29\/11\/2015 &#8211; Manh\u00e3 e Tarde<\/a><\/span><\/strong><\/td>\n<\/tr>\n<tr>\n<td width=\"72\"><strong><span style=\"color: #000000;\"><a style=\"color: #000000;\" href=\"http:\/\/concursos.fadesp.org.br\/pmnt2015\/arquivos\/provas06\/Provas06.html\">Provas dia 06\/12\/2015\u00a0<\/a><\/span><\/strong><\/td>\n<\/tr>\n<tr>\n<td width=\"72\"><strong><span style=\"color: #000000;\"><a style=\"color: #000000;\" href=\"http:\/\/concursos.fadesp.org.br\/pmnt2015\/arquivos\/provas06\/GABARITO%20OFICIAL%20PRELIMINAR%20-%20Dia%2006.12.2015%20-%20Manha%20e%20Tarde.pdf\">GABARITO OFICIAL PRELIMINAR &#8211; Dia 06\/12\/2015 &#8211; Manh\u00e3 e Tarde<\/a><\/span><\/strong><\/td>\n<\/tr>\n<tr>\n<td width=\"72\"><strong><span style=\"color: #000000;\"><a style=\"color: #000000;\" href=\"..\/midias\/anexos\/431_edital_n_04_2015_pmnt_-_retificacoes_somente_para_o_cargo_de_bioquimico.pdf\">Edital n\u00ba 04_2015_PMNT &#8211; Retifica\u00e7\u00f5es somente para o cargo de Bioqu\u00edmico<\/a><\/span><\/strong><\/td>\n<\/tr>\n<tr>\n<td width=\"72\"><strong><span style=\"color: #000000;\"><a style=\"color: #000000;\" href=\"http:\/\/concursos.fadesp.org.br\/pmnt2015\/arquivos\/provas29\/Provas29.html\">Provas dia 29\/11\/2015\u00a0<\/a><\/span><\/strong><\/td>\n<\/tr>\n<tr>\n<td width=\"72\"><strong><span style=\"color: #000000;\"><a style=\"color: #000000;\" href=\"http:\/\/concursos.fadesp.org.br\/pmnt2015\/arquivos\/provas29\/GABARITO%20OFICIAL%20PRELIMINAR%20-%20Dia%2029.11.2015%20-%20Manha%20e%20Tarde.pdf\">GABARITO OFICIAL PRELIMINAR &#8211; Dia 29\/11\/2015 &#8211; Manh\u00e3 e Tarde<\/a><\/span><\/strong><\/td>\n<\/tr>\n<tr>\n<td width=\"72\"><strong><span style=\"color: #000000;\"><a style=\"color: #000000;\" href=\"..\/midias\/anexos\/431_aviso_-_novas_datas_de_provas.pdf\">Aviso &#8211; Novas datas de provas<\/a><\/span><\/strong><\/td>\n<\/tr>\n<tr>\n<td width=\"72\"><strong><span style=\"color: #000000;\"><a style=\"color: #000000;\" href=\"..\/midias\/anexos\/431_edital_n_03_2015_pmnt_-_alteracoes_de_datas_de_provas.pdf\">Edital n\u00ba 03 &#8211; altera\u00e7\u00f5es nas datas das provas<\/a><\/span><\/strong><\/td>\n<\/tr>\n<tr>\n<td width=\"72\"><strong><span style=\"color: #000000;\"><a style=\"color: #000000;\" href=\"..\/midias\/anexos\/Copia(01)_431_tabela_de_cargos_retificada_-_03.pdf\">\u00a0Tabela de cargos retificada<\/a><\/span><\/strong><\/td>\n<\/tr>\n<tr>\n<td width=\"72\"><strong><span style=\"color: #000000;\"><a style=\"color: #000000;\" href=\"..\/midias\/anexos\/431_vale_esse_2_edital_n_02_2015_pmnt_-_alteracoes_no_edital_de_abertura_1.pdf\">\u00a0Edital n\u00ba 02 &#8211; Altera\u00e7\u00f5es<\/a><\/span><\/strong><\/td>\n<\/tr>\n<tr>\n<td width=\"72\"><strong><span style=\"color: #000000;\"><a style=\"color: #000000;\" href=\"..\/midias\/anexos\/431_formulario_de_portador_de_deficiencia.pdf\">\u00a0\u00a0Formul\u00e1rio PcD<\/a><\/span><\/strong><\/td>\n<\/tr>\n<tr>\n<td width=\"72\"><strong><span style=\"color: #000000;\"><a style=\"color: #000000;\" href=\"..\/midias\/anexos\/431_vale_esse_-_edital_n_01_2015_pmnt_republicado_em_22_09_2015_-_02.pdf\">Edital n\u00ba 01 &#8211; Republicado em 22\/09\/15<\/a><\/span><\/strong><\/td>\n<\/tr>\n<tr>\n<td width=\"72\"><strong><span style=\"color: #000000;\"><a style=\"color: #000000;\" href=\"..\/midias\/anexos\/431_edital_n_01_2015_pmnt.pdf\">Edital n\u00ba 01<\/a><\/span><\/strong><\/td>\n<\/tr>\n<\/tbody>\n<\/table>\t\t\t\t\t\t\t\t<\/div>\n\t\t\t\t<\/div>\n\t\t\t\t\t<\/div>\n\t\t<\/div>\n\t\t\t\t\t<\/div>\n\t\t<\/section>\n\t\t\t\t\t<\/div>\n\t\t<\/div>\n\t\t\t\t\t<\/div>\n\t\t<\/section>\n\t\t\t\t<\/div>\n\t\t","protected":false},"excerpt":{"rendered":"<p>Prefeitura Municipal de Nova Timboteua &#8211; 2015 A Prefeitura Municipal de Nova Timboteua torna p\u00fablica a realiza\u00e7\u00e3o de Concurso P\u00fablico da Prefeitura, destinado ao preenchimento de vagas do quadro de pessoal efetivo de n\u00edvel superior, n\u00edvel m\u00e9dio e t\u00e9cnico, n\u00edvel fundamental completo e n\u00edvel fundamental incompleto, mediante as condi\u00e7\u00f5es estabelecidas no\u00a0Edital\u00a0de abertura. Vagas &#8211;\u00a0199 Cargos [&hellip;]<\/p>\n","protected":false},"author":9,"featured_media":0,"parent":329,"menu_order":54,"comment_status":"closed","ping_status":"closed","template":"","meta":{"_monsterinsights_skip_tracking":false,"_monsterinsights_sitenote_active":false,"_monsterinsights_sitenote_note":"","_monsterinsights_sitenote_category":0,"footnotes":""},"class_list":["post-1554","page","type-page","status-publish","hentry","entry"],"yoast_head":"<!-- This site is optimized with the Yoast SEO plugin v25.1 - https:\/\/yoast.com\/wordpress\/plugins\/seo\/ -->\n<title>Prefeitura Municipal de Nova Timboteua - 2015 - FADESP<\/title>\n<meta name=\"robots\" content=\"index, follow, max-snippet:-1, max-image-preview:large, max-video-preview:-1\" \/>\n<link rel=\"canonical\" href=\"https:\/\/portalfadesp.org.br\/?page_id=1554\" \/>\n<meta property=\"og:locale\" content=\"pt_BR\" \/>\n<meta property=\"og:type\" content=\"article\" \/>\n<meta property=\"og:title\" content=\"Prefeitura Municipal de Nova Timboteua - 2015 - FADESP\" \/>\n<meta property=\"og:description\" content=\"Prefeitura Municipal de Nova Timboteua &#8211; 2015 A Prefeitura Municipal de Nova Timboteua torna p\u00fablica a realiza\u00e7\u00e3o de Concurso P\u00fablico da Prefeitura, destinado ao preenchimento de vagas do quadro de pessoal efetivo de n\u00edvel superior, n\u00edvel m\u00e9dio e t\u00e9cnico, n\u00edvel fundamental completo e n\u00edvel fundamental incompleto, mediante as condi\u00e7\u00f5es estabelecidas no\u00a0Edital\u00a0de abertura. Vagas &#8211;\u00a0199 Cargos [&hellip;]\" \/>\n<meta property=\"og:url\" content=\"https:\/\/portalfadesp.org.br\/?page_id=1554\" \/>\n<meta property=\"og:site_name\" content=\"FADESP\" \/>\n<meta property=\"article:publisher\" content=\"https:\/\/www.facebook.com\/Fadesp-138351949524662\/\" \/>\n<meta property=\"article:modified_time\" content=\"2022-12-20T15:23:16+00:00\" \/>\n<meta name=\"twitter:card\" content=\"summary_large_image\" \/>\n<meta name=\"twitter:site\" content=\"@Fadesp\" \/>\n<meta name=\"twitter:label1\" content=\"Est. tempo de leitura\" \/>\n\t<meta name=\"twitter:data1\" content=\"3 minutos\" \/>\n<script type=\"application\/ld+json\" class=\"yoast-schema-graph\">{\"@context\":\"https:\/\/schema.org\",\"@graph\":[{\"@type\":\"WebPage\",\"@id\":\"https:\/\/portalfadesp.org.br\/?page_id=1554\",\"url\":\"https:\/\/portalfadesp.org.br\/?page_id=1554\",\"name\":\"Prefeitura Municipal de Nova Timboteua - 2015 - FADESP\",\"isPartOf\":{\"@id\":\"https:\/\/portalfadesp.org.br\/#website\"},\"datePublished\":\"2015-05-22T08:43:26+00:00\",\"dateModified\":\"2022-12-20T15:23:16+00:00\",\"breadcrumb\":{\"@id\":\"https:\/\/portalfadesp.org.br\/?page_id=1554#breadcrumb\"},\"inLanguage\":\"pt-BR\",\"potentialAction\":[{\"@type\":\"ReadAction\",\"target\":[\"https:\/\/portalfadesp.org.br\/?page_id=1554\"]}]},{\"@type\":\"BreadcrumbList\",\"@id\":\"https:\/\/portalfadesp.org.br\/?page_id=1554#breadcrumb\",\"itemListElement\":[{\"@type\":\"ListItem\",\"position\":1,\"name\":\"In\u00edcio\",\"item\":\"https:\/\/portalfadesp.org.br\/\"},{\"@type\":\"ListItem\",\"position\":2,\"name\":\"Concursos &#8211; Homologados\",\"item\":\"https:\/\/portalfadesp.org.br\/?page_id=329\"},{\"@type\":\"ListItem\",\"position\":3,\"name\":\"Prefeitura Municipal de Nova Timboteua &#8211; 2015\"}]},{\"@type\":\"WebSite\",\"@id\":\"https:\/\/portalfadesp.org.br\/#website\",\"url\":\"https:\/\/portalfadesp.org.br\/\",\"name\":\"FADESP\",\"description\":\"Funda\u00e7\u00e3o de Amparo e Desenvolvimento da Pesquisa\",\"publisher\":{\"@id\":\"https:\/\/portalfadesp.org.br\/#organization\"},\"potentialAction\":[{\"@type\":\"SearchAction\",\"target\":{\"@type\":\"EntryPoint\",\"urlTemplate\":\"https:\/\/portalfadesp.org.br\/?s={search_term_string}\"},\"query-input\":{\"@type\":\"PropertyValueSpecification\",\"valueRequired\":true,\"valueName\":\"search_term_string\"}}],\"inLanguage\":\"pt-BR\"},{\"@type\":\"Organization\",\"@id\":\"https:\/\/portalfadesp.org.br\/#organization\",\"name\":\"FADESP\",\"url\":\"https:\/\/portalfadesp.org.br\/\",\"logo\":{\"@type\":\"ImageObject\",\"inLanguage\":\"pt-BR\",\"@id\":\"https:\/\/portalfadesp.org.br\/#\/schema\/logo\/image\/\",\"url\":\"https:\/\/portalfadesp.org.br\/wp-content\/uploads\/2024\/01\/NOVOLOGOFADESPlaranjaH.png\",\"contentUrl\":\"https:\/\/portalfadesp.org.br\/wp-content\/uploads\/2024\/01\/NOVOLOGOFADESPlaranjaH.png\",\"width\":2742,\"height\":839,\"caption\":\"FADESP\"},\"image\":{\"@id\":\"https:\/\/portalfadesp.org.br\/#\/schema\/logo\/image\/\"},\"sameAs\":[\"https:\/\/www.facebook.com\/Fadesp-138351949524662\/\",\"https:\/\/x.com\/Fadesp\",\"https:\/\/www.instagram.com\/fadesp_ufpa\/\",\"https:\/\/www.youtube.com\/@fundacaodeamparoedesenvolv1903\",\"https:\/\/www.threads.net\/@fadesp_ufpa\"]}]}<\/script>\n<!-- \/ Yoast SEO plugin. -->","yoast_head_json":{"title":"Prefeitura Municipal de Nova Timboteua - 2015 - FADESP","robots":{"index":"index","follow":"follow","max-snippet":"max-snippet:-1","max-image-preview":"max-image-preview:large","max-video-preview":"max-video-preview:-1"},"canonical":"https:\/\/portalfadesp.org.br\/?page_id=1554","og_locale":"pt_BR","og_type":"article","og_title":"Prefeitura Municipal de Nova Timboteua - 2015 - FADESP","og_description":"Prefeitura Municipal de Nova Timboteua &#8211; 2015 A Prefeitura Municipal de Nova Timboteua torna p\u00fablica a realiza\u00e7\u00e3o de Concurso P\u00fablico da Prefeitura, destinado ao preenchimento de vagas do quadro de pessoal efetivo de n\u00edvel superior, n\u00edvel m\u00e9dio e t\u00e9cnico, n\u00edvel fundamental completo e n\u00edvel fundamental incompleto, mediante as condi\u00e7\u00f5es estabelecidas no\u00a0Edital\u00a0de abertura. Vagas &#8211;\u00a0199 Cargos [&hellip;]","og_url":"https:\/\/portalfadesp.org.br\/?page_id=1554","og_site_name":"FADESP","article_publisher":"https:\/\/www.facebook.com\/Fadesp-138351949524662\/","article_modified_time":"2022-12-20T15:23:16+00:00","twitter_card":"summary_large_image","twitter_site":"@Fadesp","twitter_misc":{"Est. tempo de leitura":"3 minutos"},"schema":{"@context":"https:\/\/schema.org","@graph":[{"@type":"WebPage","@id":"https:\/\/portalfadesp.org.br\/?page_id=1554","url":"https:\/\/portalfadesp.org.br\/?page_id=1554","name":"Prefeitura Municipal de Nova Timboteua - 2015 - FADESP","isPartOf":{"@id":"https:\/\/portalfadesp.org.br\/#website"},"datePublished":"2015-05-22T08:43:26+00:00","dateModified":"2022-12-20T15:23:16+00:00","breadcrumb":{"@id":"https:\/\/portalfadesp.org.br\/?page_id=1554#breadcrumb"},"inLanguage":"pt-BR","potentialAction":[{"@type":"ReadAction","target":["https:\/\/portalfadesp.org.br\/?page_id=1554"]}]},{"@type":"BreadcrumbList","@id":"https:\/\/portalfadesp.org.br\/?page_id=1554#breadcrumb","itemListElement":[{"@type":"ListItem","position":1,"name":"In\u00edcio","item":"https:\/\/portalfadesp.org.br\/"},{"@type":"ListItem","position":2,"name":"Concursos &#8211; Homologados","item":"https:\/\/portalfadesp.org.br\/?page_id=329"},{"@type":"ListItem","position":3,"name":"Prefeitura Municipal de Nova Timboteua &#8211; 2015"}]},{"@type":"WebSite","@id":"https:\/\/portalfadesp.org.br\/#website","url":"https:\/\/portalfadesp.org.br\/","name":"FADESP","description":"Funda\u00e7\u00e3o de Amparo e Desenvolvimento da Pesquisa","publisher":{"@id":"https:\/\/portalfadesp.org.br\/#organization"},"potentialAction":[{"@type":"SearchAction","target":{"@type":"EntryPoint","urlTemplate":"https:\/\/portalfadesp.org.br\/?s={search_term_string}"},"query-input":{"@type":"PropertyValueSpecification","valueRequired":true,"valueName":"search_term_string"}}],"inLanguage":"pt-BR"},{"@type":"Organization","@id":"https:\/\/portalfadesp.org.br\/#organization","name":"FADESP","url":"https:\/\/portalfadesp.org.br\/","logo":{"@type":"ImageObject","inLanguage":"pt-BR","@id":"https:\/\/portalfadesp.org.br\/#\/schema\/logo\/image\/","url":"https:\/\/portalfadesp.org.br\/wp-content\/uploads\/2024\/01\/NOVOLOGOFADESPlaranjaH.png","contentUrl":"https:\/\/portalfadesp.org.br\/wp-content\/uploads\/2024\/01\/NOVOLOGOFADESPlaranjaH.png","width":2742,"height":839,"caption":"FADESP"},"image":{"@id":"https:\/\/portalfadesp.org.br\/#\/schema\/logo\/image\/"},"sameAs":["https:\/\/www.facebook.com\/Fadesp-138351949524662\/","https:\/\/x.com\/Fadesp","https:\/\/www.instagram.com\/fadesp_ufpa\/","https:\/\/www.youtube.com\/@fundacaodeamparoedesenvolv1903","https:\/\/www.threads.net\/@fadesp_ufpa"]}]}},"_links":{"self":[{"href":"https:\/\/portalfadesp.org.br\/index.php?rest_route=\/wp\/v2\/pages\/1554","targetHints":{"allow":["GET"]}}],"collection":[{"href":"https:\/\/portalfadesp.org.br\/index.php?rest_route=\/wp\/v2\/pages"}],"about":[{"href":"https:\/\/portalfadesp.org.br\/index.php?rest_route=\/wp\/v2\/types\/page"}],"author":[{"embeddable":true,"href":"https:\/\/portalfadesp.org.br\/index.php?rest_route=\/wp\/v2\/users\/9"}],"replies":[{"embeddable":true,"href":"https:\/\/portalfadesp.org.br\/index.php?rest_route=%2Fwp%2Fv2%2Fcomments&post=1554"}],"version-history":[{"count":24,"href":"https:\/\/portalfadesp.org.br\/index.php?rest_route=\/wp\/v2\/pages\/1554\/revisions"}],"predecessor-version":[{"id":36599,"href":"https:\/\/portalfadesp.org.br\/index.php?rest_route=\/wp\/v2\/pages\/1554\/revisions\/36599"}],"up":[{"embeddable":true,"href":"https:\/\/portalfadesp.org.br\/index.php?rest_route=\/wp\/v2\/pages\/329"}],"wp:attachment":[{"href":"https:\/\/portalfadesp.org.br\/index.php?rest_route=%2Fwp%2Fv2%2Fmedia&parent=1554"}],"curies":[{"name":"wp","href":"https:\/\/api.w.org\/{rel}","templated":true}]}}