{"id":1551,"date":"2015-05-22T05:47:48","date_gmt":"2015-05-22T08:47:48","guid":{"rendered":"https:\/\/162.215.13.167?page_id=1551"},"modified":"2022-12-20T12:20:07","modified_gmt":"2022-12-20T15:20:07","slug":"prefeitura-municipal-de-sao-domingos-do-araguaia-2015","status":"publish","type":"page","link":"https:\/\/portalfadesp.org.br\/?page_id=1551","title":{"rendered":"Prefeitura Municipal de S\u00e3o Domingos do Araguaia &#8211; 2015"},"content":{"rendered":"\t\t<div data-elementor-type=\"wp-post\" data-elementor-id=\"1551\" class=\"elementor elementor-1551\" data-elementor-post-type=\"page\">\n\t\t\t\t\t\t<section class=\"elementor-section elementor-top-section elementor-element elementor-element-4b525d2b elementor-section-boxed elementor-section-height-default elementor-section-height-default\" data-id=\"4b525d2b\" data-element_type=\"section\">\n\t\t\t\t\t\t<div class=\"elementor-container elementor-column-gap-default\">\n\t\t\t\t\t<div class=\"elementor-column elementor-col-100 elementor-top-column elementor-element elementor-element-76b69a70\" data-id=\"76b69a70\" data-element_type=\"column\">\n\t\t\t<div class=\"elementor-widget-wrap elementor-element-populated\">\n\t\t\t\t\t\t<div class=\"elementor-element elementor-element-6f1648b7 elementor-widget elementor-widget-heading\" data-id=\"6f1648b7\" data-element_type=\"widget\" data-widget_type=\"heading.default\">\n\t\t\t\t<div class=\"elementor-widget-container\">\n\t\t\t\t\t<h1 class=\"elementor-heading-title elementor-size-default\">Prefeitura Municipal de S\u00e3o Domingos do Araguaia - 2015\n<\/h1>\t\t\t\t<\/div>\n\t\t\t\t<\/div>\n\t\t\t\t<section class=\"elementor-section elementor-inner-section elementor-element elementor-element-7644a33c elementor-section-boxed elementor-section-height-default elementor-section-height-default\" data-id=\"7644a33c\" data-element_type=\"section\">\n\t\t\t\t\t\t<div class=\"elementor-container elementor-column-gap-default\">\n\t\t\t\t\t<div class=\"elementor-column elementor-col-50 elementor-inner-column elementor-element elementor-element-69966bd1\" data-id=\"69966bd1\" data-element_type=\"column\">\n\t\t\t<div class=\"elementor-widget-wrap elementor-element-populated\">\n\t\t\t\t\t\t<div class=\"elementor-element elementor-element-3d17d341 elementor-widget elementor-widget-text-editor\" data-id=\"3d17d341\" data-element_type=\"widget\" data-widget_type=\"text-editor.default\">\n\t\t\t\t<div class=\"elementor-widget-container\">\n\t\t\t\t\t\t\t\t\t<p>A Prefeitura Municipal de S\u00e3o Domingos do Araguaia-PA torna p\u00fablica a realiza\u00e7\u00e3o de Concurso P\u00fablico da Prefeitura Municipal, destinado ao preenchimento de vagas do quadro de pessoal efetivo de n\u00edvel superior, n\u00edvel m\u00e9dio e n\u00edvel alfabetizado, mediante as condi\u00e7\u00f5es estabelecidas no Edital de abertura.<\/p><p><strong>Vagas &#8211;\u00a0<\/strong>128<\/p><p><strong>Cargos &#8211;\u00a0<\/strong>N\u00edvel alfabetizado: Auxiliar de Servi\u00e7os Gerais, Coletor de Lixo (gari), Servente (zona urbana), Servente (zona rural), Vigia (zona urbana) e Vigia (zona rural).<\/p><p><strong>N\u00edvel m\u00e9dio:<\/strong> Agente de Combate a Endemias (zona urbana), Agente de Combate a Endemias (zona rural), Agente Comunit\u00e1rio (zona urbana), Agente Comunit\u00e1rio (zona rural), Agente de Tr\u00e2nsito, Auxiliar Administrativo (zona urbana), Auxiliar Administrativo (zona rural), Auxiliar Administrativo (zona rural), Auxiliar de consult\u00f3rio odontol\u00f3gico (zona rural), Digitador, Microscopista, Motorista &#8220;D&#8221; e &#8220;E&#8221;, Motorista de ambul\u00e2ncia, T\u00e9cnico em Enfermagem (zona urbana), T\u00e9cnico de Enfermagem (zona rural) e T\u00e9cnico em Laborat\u00f3rio.<\/p><p><strong>N\u00edvel superior:<\/strong> Assistente Social Educacional (zona urbana), Cirurgi\u00e3o Dentista (zona urbana), Cirurgi\u00e3o Dentista (zona rural), Coordenador Pedag\u00f3gico (zona rural), Enfermeiro (zona urbana), Enfermeiro (zona rural), Enfermeiro especializado em sa\u00fade mental, Enfermeiro especializado em obstetr\u00edcia, Fisioterapeuta especializado em Sa\u00fade P\u00fablica, Pedagogo, Psic\u00f3logo (zona urbana), Professor de Educa\u00e7\u00e3o Infantil (zona rural), Professor em Educa\u00e7\u00e3o F\u00edsica (zona rural), Professor licenciado em Letras (zona rural), Professor em Geografia (zona rural), Professor em Hist\u00f3ria (zona rural), Professor em Matem\u00e1tica (zona rural),<strong>\u00a0<br \/><\/strong><\/p><p><strong>Remunera\u00e7\u00e3o &#8211;\u00a0<\/strong>de R$788,00 a R$1.917,80<strong>.<br \/><\/strong><\/p><p><strong>Inscri\u00e7\u00f5es &#8211;\u00a0<\/strong>14\/07\/15 a 17\/08\/15<\/p><p><strong>Taxa &#8211;\u00a0<\/strong>R$ 45,00 (n\u00edvel alfabetizado)\u00a0\u00a0\u00a0\u00a0\u00a0\u00a0\u00a0\u00a0\u00a0\u00a0<\/p><p>\u00a0 \u00a0 \u00a0 \u00a0 \u00a0 \u00a0 R$ 45,00 (n\u00edvel m\u00e9dio)<\/p><p>\u00a0\u00a0\u00a0\u00a0\u00a0\u00a0\u00a0\u00a0\u00a0\u00a0 R$ 70,00 (n\u00edvel superior)<\/p><p><strong>Datas importantes<\/strong>:<\/p><p><strong>Per\u00edodo de inscri\u00e7\u00e3o<\/strong>\u00a0&#8211; 14\/07\/15 a 17\/08\/15<\/p><p><strong>Cart\u00e3o de inscri\u00e7\u00e3o<\/strong>\u00a0&#8211; 20 a 25\/08\/15<\/p><p><strong>Provas objetivas<\/strong>\u00a0&#8211;\u00a0<strong>DATAS NOVAS<\/strong><\/p><p><strong>DIA 06\/09\/15<\/strong><\/p><p><strong>Manh\u00e3<\/strong>\u00a0&#8211; (<strong>NOVO<\/strong>) 8H \u00e0s 12h (hor\u00e1rio local) &#8211; para todos os candidatos de n\u00edvel superior e os\u00a0n\u00edvel m\u00e9dio inscritos para os cargos de Agente Comunit\u00e1rio de Sa\u00fade &#8211; urbano\/rural e Agente de Endemias &#8211; rural.<\/p><p><strong>Tarde<\/strong>\u00a0&#8211; (<strong>NOVO<\/strong>)14h30 \u00e0s 18h30 (hor\u00e1rio local) &#8211; para os candidatos de n\u00edvel m\u00e9dio inscritos para os cargos de\u00a0Agente de Tr\u00e2nsito, Auxiliar Administrativo (urbano e rural), Auxiliar de Consult\u00f3rio Odontol\u00f3gico (rural), Digitador, Microscopista, Motorista D\/E, Motorista de Ambul\u00e2ncia, T\u00e9cnico de Enfermagem (rural e urbano) e T\u00e9cnico em Laborat\u00f3rio.<\/p><p><strong>DIA 07\/09\/15 (NOVO)<\/strong><\/p><p><strong>Manh\u00e3<\/strong>\u00a0&#8211; 8h \u00e0s 12h (hor\u00e1rio local) &#8211; para os candidatos de n\u00edvel alfabetizado inscritos para os cargos de Auxiliar de Servi\u00e7os Gerais, Coletor de Lixo &#8211; Gari e Servente (urbano e rural).<\/p><p><strong>Tarde<\/strong>\u00a0&#8211; 14h30 \u00e0s 18h30 (hor\u00e1rio local) &#8211; somente para o cargo de Vigia, urbano e rural (n\u00edvel alfabetizado).<\/p><p>Desta forma, o candidato poder\u00e1 se inscrever, separadamente, e realizar as provas objetivas nos dois per\u00edodos, para cargos de n\u00edvel de escolaridade em hor\u00e1rios de provas diferentes.<\/p>\t\t\t\t\t\t\t\t<\/div>\n\t\t\t\t<\/div>\n\t\t\t\t\t<\/div>\n\t\t<\/div>\n\t\t\t\t<div class=\"elementor-column elementor-col-50 elementor-inner-column elementor-element elementor-element-38703b9f\" data-id=\"38703b9f\" data-element_type=\"column\">\n\t\t\t<div class=\"elementor-widget-wrap elementor-element-populated\">\n\t\t\t\t\t\t<div class=\"elementor-element elementor-element-2ead4461 elementor-widget elementor-widget-text-editor\" data-id=\"2ead4461\" data-element_type=\"widget\" data-widget_type=\"text-editor.default\">\n\t\t\t\t<div class=\"elementor-widget-container\">\n\t\t\t\t\t\t\t\t\t<p style=\"text-align: center;\"><span style=\"color: #ffffff;\"><strong>Editais e Avisos<\/strong><\/span><\/p>\t\t\t\t\t\t\t\t<\/div>\n\t\t\t\t<\/div>\n\t\t\t\t<div class=\"elementor-element elementor-element-64a41983 elementor-widget elementor-widget-text-editor\" data-id=\"64a41983\" data-element_type=\"widget\" data-widget_type=\"text-editor.default\">\n\t\t\t\t<div class=\"elementor-widget-container\">\n\t\t\t\t\t\t\t\t\t<table width=\"80\">\n<tbody>\n<tr>\n<td width=\"80\"><strong><a href=\"..\/midias\/anexos\/426_edital_homologacao_retificado.pdf\">Edital de Homologa\u00e7\u00e3o<\/a><\/strong><\/td>\n<\/tr>\n<tr>\n<td><strong><a href=\"http:\/\/concursos.fadesp.org.br\/pmsda2015\/arquivos\/Resultado%20Final%20dos%20Cargos%20de%20Professores.pdf\">Resultado Final dos Cargos de Professores<\/a><\/strong><\/td>\n<\/tr>\n<tr>\n<td><strong><a href=\"http:\/\/concursos.fadesp.org.br\/pmsda2015\/arquivos\/Resultado%20da%20Prova%20de%20T%C3%ADtulos.pdf\">Resultado da Prova de T\u00edtulos<\/a><\/strong><\/td>\n<\/tr>\n<tr>\n<td><strong><a href=\"http:\/\/concursos.fadesp.org.br\/pmsda2015\/arquivos\/Formul%C3%A1rio%20de%20Entrega%20de%20T%C3%ADtulos.pdf\">Formul\u00e1rio de Entrega de T\u00edtulos<\/a><\/strong><\/td>\n<\/tr>\n<tr>\n<td><strong><a href=\"http:\/\/concursos.fadesp.org.br\/pmsda2015\/arquivos\/Edital%20n%C2%B0%2003_2015_Convoca%C3%A7%C3%A3o%20a%20Prova%20de%20T%C3%ADtulos.pdf\">Edital n\u00b0 03\/2015 -Convoca\u00e7\u00e3o a Prova de T\u00edtulos<\/a><\/strong><\/td>\n<\/tr>\n<tr>\n<td><strong><a href=\"http:\/\/concursos.fadesp.org.br\/pmsda2015\/arquivos\/Resultado%20da%20Prova%20Objetiva.pdf\">Resultado da Prova Objetiva<\/a><\/strong><\/td>\n<\/tr>\n<tr>\n<td><strong><a href=\"http:\/\/concursos.fadesp.org.br\/pmsda2015\/arquivos\/GABARITO%20OFICIAL%20DEFINITIVO%20-%20Nivel%20Medio%20e%20Nivel%20Superior%20-%20MANHA%20-%20Dia%2006.09.2015.pdf\">GABARITO OFICIAL DEFINITIVO &#8211; N\u00edvel M\u00e9dio e N\u00edvel Superior &#8211; MANH\u00c3 &#8211; Dia 06\/09\/2015<\/a><\/strong><\/td>\n<\/tr>\n<tr>\n<td><strong><a href=\"http:\/\/concursos.fadesp.org.br\/pmsda2015\/arquivos\/GABARITO%20OFICIAL%20DEFINITIVO%20-%20Nivel%20Medio%20-%20TARDE%20-%20Dia%2006.09.2015.pdf\">GABARITO OFICIAL DEFINITIVO &#8211; N\u00edvel M\u00e9dio &#8211; TARDE &#8211; Dia 06\/09\/2015<\/a><\/strong><\/td>\n<\/tr>\n<tr>\n<td><strong><a href=\"http:\/\/concursos.fadesp.org.br\/pmsda2015\/arquivos\/GABARITO%20OFICIAL%20DEFINITIVO%20-%20Nivel%20Alfabetizado%20-%20TARDE%20-%20Dia%2007.09.2015.pdf\">GABARITO OFICIAL DEFINITIVO &#8211; N\u00edvel Alfabetizado &#8211; TARDE &#8211; Dia 07\/09\/2015<\/a><\/strong><\/td>\n<\/tr>\n<tr>\n<td><strong><a href=\"http:\/\/concursos.fadesp.org.br\/pmsda2015\/arquivos\/GABARITO%20OFICIAL%20DEFINITIVO%20-%20Nivel%20Alfabetizado%20-%20MANHA%20-%20Dia%2007.09.2015.pdf\">GABARITO OFICIAL DEFINITIVO &#8211; N\u00edvel Alfabetizado &#8211; MANH\u00c3 &#8211; Dia 07\/09\/2015<\/a><\/strong><\/td>\n<\/tr>\n<tr>\n<td><strong><a href=\"http:\/\/concursos.fadesp.org.br\/pmsda2015\/arquivos\/GABARITO%20OFICIAL%20PRELIMINAR%20-%20Nivel%20Medio%20e%20Nivel%20Superior%20-%20MANHA%20-%20Dia%2006.09.2015.pdf\">GABARITO OFICIAL PRELIMINAR &#8211; N\u00edvel M\u00e9dio e Nivel Superior &#8211; MANH\u00c3 &#8211; Dia 06\/09\/2015<\/a><\/strong><\/td>\n<\/tr>\n<tr>\n<td><strong><a href=\"http:\/\/concursos.fadesp.org.br\/pmsda2015\/arquivos\/GABARITO%20OFICIAL%20PRELIMINAR%20-%20Nivel%20Medio%20-%20TARDE%20-%20Dia%2006.09.2015.pdf\">GABARITO OFICIAL PRELIMINAR &#8211; N\u00edvel M\u00e9dio &#8211; TARDE &#8211; Dia 06\/09\/2015<\/a><\/strong><\/td>\n<\/tr>\n<tr>\n<td><strong><a href=\"http:\/\/concursos.fadesp.org.br\/pmsda2015\/arquivos\/GABARITO%20OFICIAL%20PRELIMINAR%20-%20Nivel%20Alfabetizado%20-%20TARDE%20-%20Dia%2007.09.2015.pdf\">GABARITO OFICIAL PRELIMINAR &#8211; N\u00edvel Alfabetizado &#8211; TARDE &#8211; Dia 07\/09\/2015<\/a><\/strong><\/td>\n<\/tr>\n<tr>\n<td><strong><a href=\"http:\/\/concursos.fadesp.org.br\/pmsda2015\/arquivos\/GABARITO%20OFICIAL%20PRELIMINAR%20-%20Nivel%20Alfabetizado%20-%20MANHA%20-%20Dia%2007.09.2015.pdf\">GABARITO OFICIAL PRELIMINAR &#8211; N\u00edvel Alfabetizado &#8211; MANH\u00c3 &#8211; Dia 07\/09\/2015<\/a><\/strong><\/td>\n<\/tr>\n<tr>\n<td><strong><a href=\"http:\/\/concursos.fadesp.org.br\/pmsda2015\/arquivos\/Provas\/Provas.html\">Provas<\/a><\/strong><\/td>\n<\/tr>\n<tr>\n<td><strong><a href=\"..\/midias\/anexos\/426_edital_n_02_-_alteracao_na_data_de_prova.pdf\">Edital 02 &#8211; Altera\u00e7\u00e3o na data de prova<\/a><\/strong><\/td>\n<\/tr>\n<tr>\n<td><strong><a href=\"..\/midias\/anexos\/426_aviso_-_novas_datas_de_provas.pdf\">Aviso &#8211; Novas datas de provas<\/a><\/strong><\/td>\n<\/tr>\n<tr>\n<td><strong><a href=\"..\/midias\/anexos\/426_formulario_de_portador_de_deficiencia.pdf\">Formul\u00e1rio PcD<\/a><\/strong><\/td>\n<\/tr>\n<tr>\n<td><strong><a href=\"http:\/\/concursos.fadesp.org.br\/pmsda2015\/arquivos\/Tabela%20de%20Cargos.pdf\">\u00a0Tabela de Cargos<\/a><\/strong><\/td>\n<\/tr>\n<tr>\n<td><strong><a href=\"..\/midias\/anexos\/Copia(02)_426_edital_n_01_2015_pmsda.pdf\">Edital n\u00ba01\/2015<\/a><\/strong><\/td>\n<\/tr>\n<\/tbody>\n<\/table>\t\t\t\t\t\t\t\t<\/div>\n\t\t\t\t<\/div>\n\t\t\t\t\t<\/div>\n\t\t<\/div>\n\t\t\t\t\t<\/div>\n\t\t<\/section>\n\t\t\t\t\t<\/div>\n\t\t<\/div>\n\t\t\t\t\t<\/div>\n\t\t<\/section>\n\t\t\t\t<\/div>\n\t\t","protected":false},"excerpt":{"rendered":"<p>Prefeitura Municipal de S\u00e3o Domingos do Araguaia &#8211; 2015 A Prefeitura Municipal de S\u00e3o Domingos do Araguaia-PA torna p\u00fablica a realiza\u00e7\u00e3o de Concurso P\u00fablico da Prefeitura Municipal, destinado ao preenchimento de vagas do quadro de pessoal efetivo de n\u00edvel superior, n\u00edvel m\u00e9dio e n\u00edvel alfabetizado, mediante as condi\u00e7\u00f5es estabelecidas no Edital de abertura. Vagas &#8211;\u00a0128 [&hellip;]<\/p>\n","protected":false},"author":9,"featured_media":0,"parent":329,"menu_order":54,"comment_status":"closed","ping_status":"closed","template":"","meta":{"_monsterinsights_skip_tracking":false,"_monsterinsights_sitenote_active":false,"_monsterinsights_sitenote_note":"","_monsterinsights_sitenote_category":0,"footnotes":""},"class_list":["post-1551","page","type-page","status-publish","hentry","entry"],"yoast_head":"<!-- This site is optimized with the Yoast SEO plugin v25.1 - https:\/\/yoast.com\/wordpress\/plugins\/seo\/ -->\n<title>Prefeitura Municipal de S\u00e3o Domingos do Araguaia - 2015 - FADESP<\/title>\n<meta name=\"robots\" content=\"index, follow, max-snippet:-1, max-image-preview:large, max-video-preview:-1\" \/>\n<link rel=\"canonical\" href=\"https:\/\/portalfadesp.org.br\/?page_id=1551\" \/>\n<meta property=\"og:locale\" content=\"pt_BR\" \/>\n<meta property=\"og:type\" content=\"article\" \/>\n<meta property=\"og:title\" content=\"Prefeitura Municipal de S\u00e3o Domingos do Araguaia - 2015 - FADESP\" \/>\n<meta property=\"og:description\" content=\"Prefeitura Municipal de S\u00e3o Domingos do Araguaia &#8211; 2015 A Prefeitura Municipal de S\u00e3o Domingos do Araguaia-PA torna p\u00fablica a realiza\u00e7\u00e3o de Concurso P\u00fablico da Prefeitura Municipal, destinado ao preenchimento de vagas do quadro de pessoal efetivo de n\u00edvel superior, n\u00edvel m\u00e9dio e n\u00edvel alfabetizado, mediante as condi\u00e7\u00f5es estabelecidas no Edital de abertura. Vagas &#8211;\u00a0128 [&hellip;]\" \/>\n<meta property=\"og:url\" content=\"https:\/\/portalfadesp.org.br\/?page_id=1551\" \/>\n<meta property=\"og:site_name\" content=\"FADESP\" \/>\n<meta property=\"article:publisher\" content=\"https:\/\/www.facebook.com\/Fadesp-138351949524662\/\" \/>\n<meta property=\"article:modified_time\" content=\"2022-12-20T15:20:07+00:00\" \/>\n<meta name=\"twitter:card\" content=\"summary_large_image\" \/>\n<meta name=\"twitter:site\" content=\"@Fadesp\" \/>\n<meta name=\"twitter:label1\" content=\"Est. tempo de leitura\" \/>\n\t<meta name=\"twitter:data1\" content=\"3 minutos\" \/>\n<script type=\"application\/ld+json\" class=\"yoast-schema-graph\">{\"@context\":\"https:\/\/schema.org\",\"@graph\":[{\"@type\":\"WebPage\",\"@id\":\"https:\/\/portalfadesp.org.br\/?page_id=1551\",\"url\":\"https:\/\/portalfadesp.org.br\/?page_id=1551\",\"name\":\"Prefeitura Municipal de S\u00e3o Domingos do Araguaia - 2015 - FADESP\",\"isPartOf\":{\"@id\":\"https:\/\/portalfadesp.org.br\/#website\"},\"datePublished\":\"2015-05-22T08:47:48+00:00\",\"dateModified\":\"2022-12-20T15:20:07+00:00\",\"breadcrumb\":{\"@id\":\"https:\/\/portalfadesp.org.br\/?page_id=1551#breadcrumb\"},\"inLanguage\":\"pt-BR\",\"potentialAction\":[{\"@type\":\"ReadAction\",\"target\":[\"https:\/\/portalfadesp.org.br\/?page_id=1551\"]}]},{\"@type\":\"BreadcrumbList\",\"@id\":\"https:\/\/portalfadesp.org.br\/?page_id=1551#breadcrumb\",\"itemListElement\":[{\"@type\":\"ListItem\",\"position\":1,\"name\":\"In\u00edcio\",\"item\":\"https:\/\/portalfadesp.org.br\/\"},{\"@type\":\"ListItem\",\"position\":2,\"name\":\"Concursos &#8211; Homologados\",\"item\":\"https:\/\/portalfadesp.org.br\/?page_id=329\"},{\"@type\":\"ListItem\",\"position\":3,\"name\":\"Prefeitura Municipal de S\u00e3o Domingos do Araguaia &#8211; 2015\"}]},{\"@type\":\"WebSite\",\"@id\":\"https:\/\/portalfadesp.org.br\/#website\",\"url\":\"https:\/\/portalfadesp.org.br\/\",\"name\":\"FADESP\",\"description\":\"Funda\u00e7\u00e3o de Amparo e Desenvolvimento da Pesquisa\",\"publisher\":{\"@id\":\"https:\/\/portalfadesp.org.br\/#organization\"},\"potentialAction\":[{\"@type\":\"SearchAction\",\"target\":{\"@type\":\"EntryPoint\",\"urlTemplate\":\"https:\/\/portalfadesp.org.br\/?s={search_term_string}\"},\"query-input\":{\"@type\":\"PropertyValueSpecification\",\"valueRequired\":true,\"valueName\":\"search_term_string\"}}],\"inLanguage\":\"pt-BR\"},{\"@type\":\"Organization\",\"@id\":\"https:\/\/portalfadesp.org.br\/#organization\",\"name\":\"FADESP\",\"url\":\"https:\/\/portalfadesp.org.br\/\",\"logo\":{\"@type\":\"ImageObject\",\"inLanguage\":\"pt-BR\",\"@id\":\"https:\/\/portalfadesp.org.br\/#\/schema\/logo\/image\/\",\"url\":\"https:\/\/portalfadesp.org.br\/wp-content\/uploads\/2024\/01\/NOVOLOGOFADESPlaranjaH.png\",\"contentUrl\":\"https:\/\/portalfadesp.org.br\/wp-content\/uploads\/2024\/01\/NOVOLOGOFADESPlaranjaH.png\",\"width\":2742,\"height\":839,\"caption\":\"FADESP\"},\"image\":{\"@id\":\"https:\/\/portalfadesp.org.br\/#\/schema\/logo\/image\/\"},\"sameAs\":[\"https:\/\/www.facebook.com\/Fadesp-138351949524662\/\",\"https:\/\/x.com\/Fadesp\",\"https:\/\/www.instagram.com\/fadesp_ufpa\/\",\"https:\/\/www.youtube.com\/@fundacaodeamparoedesenvolv1903\",\"https:\/\/www.threads.net\/@fadesp_ufpa\"]}]}<\/script>\n<!-- \/ Yoast SEO plugin. -->","yoast_head_json":{"title":"Prefeitura Municipal de S\u00e3o Domingos do Araguaia - 2015 - FADESP","robots":{"index":"index","follow":"follow","max-snippet":"max-snippet:-1","max-image-preview":"max-image-preview:large","max-video-preview":"max-video-preview:-1"},"canonical":"https:\/\/portalfadesp.org.br\/?page_id=1551","og_locale":"pt_BR","og_type":"article","og_title":"Prefeitura Municipal de S\u00e3o Domingos do Araguaia - 2015 - FADESP","og_description":"Prefeitura Municipal de S\u00e3o Domingos do Araguaia &#8211; 2015 A Prefeitura Municipal de S\u00e3o Domingos do Araguaia-PA torna p\u00fablica a realiza\u00e7\u00e3o de Concurso P\u00fablico da Prefeitura Municipal, destinado ao preenchimento de vagas do quadro de pessoal efetivo de n\u00edvel superior, n\u00edvel m\u00e9dio e n\u00edvel alfabetizado, mediante as condi\u00e7\u00f5es estabelecidas no Edital de abertura. Vagas &#8211;\u00a0128 [&hellip;]","og_url":"https:\/\/portalfadesp.org.br\/?page_id=1551","og_site_name":"FADESP","article_publisher":"https:\/\/www.facebook.com\/Fadesp-138351949524662\/","article_modified_time":"2022-12-20T15:20:07+00:00","twitter_card":"summary_large_image","twitter_site":"@Fadesp","twitter_misc":{"Est. tempo de leitura":"3 minutos"},"schema":{"@context":"https:\/\/schema.org","@graph":[{"@type":"WebPage","@id":"https:\/\/portalfadesp.org.br\/?page_id=1551","url":"https:\/\/portalfadesp.org.br\/?page_id=1551","name":"Prefeitura Municipal de S\u00e3o Domingos do Araguaia - 2015 - FADESP","isPartOf":{"@id":"https:\/\/portalfadesp.org.br\/#website"},"datePublished":"2015-05-22T08:47:48+00:00","dateModified":"2022-12-20T15:20:07+00:00","breadcrumb":{"@id":"https:\/\/portalfadesp.org.br\/?page_id=1551#breadcrumb"},"inLanguage":"pt-BR","potentialAction":[{"@type":"ReadAction","target":["https:\/\/portalfadesp.org.br\/?page_id=1551"]}]},{"@type":"BreadcrumbList","@id":"https:\/\/portalfadesp.org.br\/?page_id=1551#breadcrumb","itemListElement":[{"@type":"ListItem","position":1,"name":"In\u00edcio","item":"https:\/\/portalfadesp.org.br\/"},{"@type":"ListItem","position":2,"name":"Concursos &#8211; Homologados","item":"https:\/\/portalfadesp.org.br\/?page_id=329"},{"@type":"ListItem","position":3,"name":"Prefeitura Municipal de S\u00e3o Domingos do Araguaia &#8211; 2015"}]},{"@type":"WebSite","@id":"https:\/\/portalfadesp.org.br\/#website","url":"https:\/\/portalfadesp.org.br\/","name":"FADESP","description":"Funda\u00e7\u00e3o de Amparo e Desenvolvimento da Pesquisa","publisher":{"@id":"https:\/\/portalfadesp.org.br\/#organization"},"potentialAction":[{"@type":"SearchAction","target":{"@type":"EntryPoint","urlTemplate":"https:\/\/portalfadesp.org.br\/?s={search_term_string}"},"query-input":{"@type":"PropertyValueSpecification","valueRequired":true,"valueName":"search_term_string"}}],"inLanguage":"pt-BR"},{"@type":"Organization","@id":"https:\/\/portalfadesp.org.br\/#organization","name":"FADESP","url":"https:\/\/portalfadesp.org.br\/","logo":{"@type":"ImageObject","inLanguage":"pt-BR","@id":"https:\/\/portalfadesp.org.br\/#\/schema\/logo\/image\/","url":"https:\/\/portalfadesp.org.br\/wp-content\/uploads\/2024\/01\/NOVOLOGOFADESPlaranjaH.png","contentUrl":"https:\/\/portalfadesp.org.br\/wp-content\/uploads\/2024\/01\/NOVOLOGOFADESPlaranjaH.png","width":2742,"height":839,"caption":"FADESP"},"image":{"@id":"https:\/\/portalfadesp.org.br\/#\/schema\/logo\/image\/"},"sameAs":["https:\/\/www.facebook.com\/Fadesp-138351949524662\/","https:\/\/x.com\/Fadesp","https:\/\/www.instagram.com\/fadesp_ufpa\/","https:\/\/www.youtube.com\/@fundacaodeamparoedesenvolv1903","https:\/\/www.threads.net\/@fadesp_ufpa"]}]}},"_links":{"self":[{"href":"https:\/\/portalfadesp.org.br\/index.php?rest_route=\/wp\/v2\/pages\/1551","targetHints":{"allow":["GET"]}}],"collection":[{"href":"https:\/\/portalfadesp.org.br\/index.php?rest_route=\/wp\/v2\/pages"}],"about":[{"href":"https:\/\/portalfadesp.org.br\/index.php?rest_route=\/wp\/v2\/types\/page"}],"author":[{"embeddable":true,"href":"https:\/\/portalfadesp.org.br\/index.php?rest_route=\/wp\/v2\/users\/9"}],"replies":[{"embeddable":true,"href":"https:\/\/portalfadesp.org.br\/index.php?rest_route=%2Fwp%2Fv2%2Fcomments&post=1551"}],"version-history":[{"count":32,"href":"https:\/\/portalfadesp.org.br\/index.php?rest_route=\/wp\/v2\/pages\/1551\/revisions"}],"predecessor-version":[{"id":36565,"href":"https:\/\/portalfadesp.org.br\/index.php?rest_route=\/wp\/v2\/pages\/1551\/revisions\/36565"}],"up":[{"embeddable":true,"href":"https:\/\/portalfadesp.org.br\/index.php?rest_route=\/wp\/v2\/pages\/329"}],"wp:attachment":[{"href":"https:\/\/portalfadesp.org.br\/index.php?rest_route=%2Fwp%2Fv2%2Fmedia&parent=1551"}],"curies":[{"name":"wp","href":"https:\/\/api.w.org\/{rel}","templated":true}]}}