{"id":1528,"date":"2014-05-22T05:16:30","date_gmt":"2014-05-22T08:16:30","guid":{"rendered":"https:\/\/162.215.13.167?page_id=1528"},"modified":"2022-12-21T16:37:43","modified_gmt":"2022-12-21T19:37:43","slug":"prefeitura-municipal-de-parauapebas-nivel-superior-2014","status":"publish","type":"page","link":"https:\/\/portalfadesp.org.br\/?page_id=1528","title":{"rendered":"Prefeitura Municipal de Parauapebas &#8211; N\u00edvel Superior &#8211; 2014"},"content":{"rendered":"\t\t<div data-elementor-type=\"wp-post\" data-elementor-id=\"1528\" class=\"elementor elementor-1528\" data-elementor-post-type=\"page\">\n\t\t\t\t\t\t<section class=\"elementor-section elementor-top-section elementor-element elementor-element-171f6e52 elementor-section-boxed elementor-section-height-default elementor-section-height-default\" data-id=\"171f6e52\" data-element_type=\"section\">\n\t\t\t\t\t\t<div class=\"elementor-container elementor-column-gap-default\">\n\t\t\t\t\t<div class=\"elementor-column elementor-col-100 elementor-top-column elementor-element elementor-element-1c1f6b6\" data-id=\"1c1f6b6\" data-element_type=\"column\">\n\t\t\t<div class=\"elementor-widget-wrap elementor-element-populated\">\n\t\t\t\t\t\t<div class=\"elementor-element elementor-element-7f796473 elementor-widget elementor-widget-heading\" data-id=\"7f796473\" data-element_type=\"widget\" data-widget_type=\"heading.default\">\n\t\t\t\t<div class=\"elementor-widget-container\">\n\t\t\t\t\t<h1 class=\"elementor-heading-title elementor-size-default\">Prefeitura Municipal de Parauapebas - N\u00edvel Superior - 2014\n\n<\/h1>\t\t\t\t<\/div>\n\t\t\t\t<\/div>\n\t\t\t\t<section class=\"elementor-section elementor-inner-section elementor-element elementor-element-6cd3db45 elementor-section-boxed elementor-section-height-default elementor-section-height-default\" data-id=\"6cd3db45\" data-element_type=\"section\">\n\t\t\t\t\t\t<div class=\"elementor-container elementor-column-gap-default\">\n\t\t\t\t\t<div class=\"elementor-column elementor-col-50 elementor-inner-column elementor-element elementor-element-6081598f\" data-id=\"6081598f\" data-element_type=\"column\">\n\t\t\t<div class=\"elementor-widget-wrap elementor-element-populated\">\n\t\t\t\t\t\t<div class=\"elementor-element elementor-element-75461e36 elementor-widget elementor-widget-text-editor\" data-id=\"75461e36\" data-element_type=\"widget\" data-widget_type=\"text-editor.default\">\n\t\t\t\t<div class=\"elementor-widget-container\">\n\t\t\t\t\t\t\t\t\t<p>A Prefeitura Municipal de Parauapebas torna p\u00fablica a realiza\u00e7\u00e3o de Concurso P\u00fablico destinado ao preenchimento de vagas de cargos de n\u00edvel superior do quadro de pessoal efetivo da Prefeitura, mediante as condi\u00e7\u00f5es estabelecidas no edital de abertura.\u00a0<\/p><p><strong>Vagas &#8211;\u00a0<\/strong>202<\/p><p><strong>Cargos &#8211;\u00a0<\/strong>Administrador, Assistente Social, Economista, Enfermeiro, Enfermeiro do Trabalho, Engenheiro Civil, Engenheiro Eletricista, Engenheiro Sanitarista, Engenheiro de Seguran\u00e7a do Trabalho, M\u00e9dico do Trabalho, Nutricionista, Psic\u00f3logo e Soci\u00f3logo.\u00a0<\/p><p><strong>Remunera\u00e7\u00e3o &#8211;\u00a0<\/strong>de R$3.901,70 a R$ 5.537,88<\/p><p><strong>Inscri\u00e7\u00f5es &#8211;\u00a0<\/strong>04\/12\/14 a 22\/12\/14<\/p><p><strong>Taxa &#8211;\u00a0<\/strong>R$ 70,00<\/p><p><strong>Datas importantes<\/strong>:<\/p><p>Per\u00edodo de Inscri\u00e7\u00e3o &#8211; 04\/12\/14 a 22\/12\/14<\/p><p>Pagamento da inscri\u00e7\u00e3o &#8211; at\u00e9 23\/12\/14<\/p><p>Inscri\u00e7\u00e3o de PcD &#8211; at\u00e9 22\/12\/14<\/p><p>Pedido de insen\u00e7\u00e3o para PcD &#8211; at\u00e9 15\/12\/14<\/p><p>Cart\u00e3o de inscri\u00e7\u00e3o &#8211; 13 a 16\/01\/15<\/p><p>Prova objetiva e de reda\u00e7\u00e3o : 25\/01\/15 no turno da manh\u00e3, das 8h \u00e0s 12h (hor\u00e1rio local), para todos os cargos.<\/p>\t\t\t\t\t\t\t\t<\/div>\n\t\t\t\t<\/div>\n\t\t\t\t\t<\/div>\n\t\t<\/div>\n\t\t\t\t<div class=\"elementor-column elementor-col-50 elementor-inner-column elementor-element elementor-element-2b111ffd\" data-id=\"2b111ffd\" data-element_type=\"column\">\n\t\t\t<div class=\"elementor-widget-wrap elementor-element-populated\">\n\t\t\t\t\t\t<div class=\"elementor-element elementor-element-658e220c elementor-widget elementor-widget-text-editor\" data-id=\"658e220c\" data-element_type=\"widget\" data-widget_type=\"text-editor.default\">\n\t\t\t\t<div class=\"elementor-widget-container\">\n\t\t\t\t\t\t\t\t\t<p style=\"text-align: center;\"><span style=\"color: #ffffff;\"><strong>Avisos<\/strong><\/span><\/p>\t\t\t\t\t\t\t\t<\/div>\n\t\t\t\t<\/div>\n\t\t\t\t<div class=\"elementor-element elementor-element-9c9d905 elementor-widget elementor-widget-text-editor\" data-id=\"9c9d905\" data-element_type=\"widget\" data-widget_type=\"text-editor.default\">\n\t\t\t\t<div class=\"elementor-widget-container\">\n\t\t\t\t\t\t\t\t\t<p style=\"text-align: center;\"><strong><span style=\"text-decoration: underline;\"><a href=\"..\/midias\/anexos\/421_nota_de_esclarecimento_-_ns.pdf\">Nota de Esclarecimento<\/a><br \/><\/span><\/strong><\/p>\t\t\t\t\t\t\t\t<\/div>\n\t\t\t\t<\/div>\n\t\t\t\t<div class=\"elementor-element elementor-element-66a998e9 elementor-widget elementor-widget-text-editor\" data-id=\"66a998e9\" data-element_type=\"widget\" data-widget_type=\"text-editor.default\">\n\t\t\t\t<div class=\"elementor-widget-container\">\n\t\t\t\t\t\t\t\t\t<p style=\"text-align: center;\"><span style=\"color: #ffffff;\"><strong>Editais<\/strong><\/span><\/p>\t\t\t\t\t\t\t\t<\/div>\n\t\t\t\t<\/div>\n\t\t\t\t<div class=\"elementor-element elementor-element-6bde45b5 elementor-widget elementor-widget-text-editor\" data-id=\"6bde45b5\" data-element_type=\"widget\" data-widget_type=\"text-editor.default\">\n\t\t\t\t<div class=\"elementor-widget-container\">\n\t\t\t\t\t\t\t\t\t<p><strong><a href=\"..\/midias\/anexos\/421_convocacao_-_processo_0006182-56.2016.8.14.0040_2.pdf\">Convoca\u00e7\u00e3o &#8211; NS<\/a><\/strong><\/p><p><strong><a href=\"http:\/\/concursos.fadesp.org.br\/pmp2014sup\/arquivos\/Homologa%C3%A7%C3%A3o%20do%20Resultado%20Final%20-%20NS.pdf\">Homologa\u00e7\u00e3o do Resultado Final &#8211; NS<\/a><\/strong><\/p><p><strong><a href=\"http:\/\/concursos.fadesp.org.br\/pmp2014administrador\/arquivos\/Resultado%20Final%20do%20Cargo%20de%20Administrador.pdf\">Resultado Final do Cargo de Administrador\u00a0<\/a><\/strong><\/p><p><strong><a href=\"http:\/\/concursos.fadesp.org.br\/pmp2014administrador\/arquivos\/Resultado%20da%20Prova%20de%20Reda%C3%A7%C3%A3o%20de%20Administrador.pdf\">Resultado da Prova de Reda\u00e7\u00e3o de Administrador<\/a><\/strong><\/p><p><strong><a href=\"http:\/\/concursos.fadesp.org.br\/pmp2014administrador\/arquivos\/Resultado%20da%20Prova%20Objetiva%20de%20Administrador.pdf\">Resultado da Prova Objetiva de Administrador\u00a0<\/a><\/strong><\/p><p><strong><a href=\"http:\/\/concursos.fadesp.org.br\/pmp2014administrador\/arquivos\/GABARITO%20OFICIAL%20DEFINITIVO_ADMINISTRADOR_Dia%2015.03.2015.pdf\">GABARITO OFICIAL DEFINITIVO_ADMINISTRADOR_Dia 15\/03\/2015<\/a><\/strong><\/p><p><strong><a href=\"http:\/\/concursos.fadesp.org.br\/pmp2014administrador\/arquivos\/GABARITO%20OFICIAL%20PRELIMINAR%20-%20Nivel%20Superior-ADMINISTRADOR%20-%20Dia%2015.03.2015.pdf\">Gabarito Oficial Preliminar &#8211; N\u00edvel Superior-ADMINISTRADOR &#8211; Dia 15\/03\/2015\u00a0<\/a><\/strong><\/p><p><strong><a href=\"http:\/\/concursos.fadesp.org.br\/pmp2014administrador\/arquivos\/ADMINISTRADOR_15_03_2015.pdf\">Prova Administrador 15\/03\/2015<\/a><\/strong><\/p><p><strong><a href=\"http:\/\/concursos.fadesp.org.br\/pmp2014sup\/arquivos\/Resultado%20da%20Prova%20Objetiva_Reda%C3%A7%C3%A3o.pdf\">Resultado Final<\/a><\/strong><\/p><p><strong><a href=\"http:\/\/concursos.fadesp.org.br\/pmp2014sup\/arquivos\/Resultado%20da%20Prova%20de%20Reda%C3%A7%C3%A3o.pdf\">Resultado da Prova de Reda\u00e7\u00e3o\u00a0<\/a><\/strong><\/p><p><strong><a href=\"..\/midias\/anexos\/421_grade_de_correcao_da_redacao.pdf\">Grade de Corre\u00e7\u00e3o da Reda\u00e7\u00e3o<\/a><\/strong><\/p><p><strong><a href=\"..\/midias\/anexos\/421_resultado_geral_da_prova_objetiva.pdf\">Resultado Geral da Prova Objetiva<\/a><\/strong><\/p><p><strong><a href=\"..\/midias\/anexos\/421_comunicado_de_cancelamento_prova_administrador.pdf\">Comunicado de cancelamento da prova para o cargo de administrador<\/a><\/strong><\/p><p><strong><a href=\"http:\/\/concursos.fadesp.org.br\/pmp2014sup\/arquivos\/GABARITO%20OFICIAL%20DEFINITIVO_Nivel%20Superior_Dia%2025%2001%202015.pdf\">GABARITO OFICIAL DEFINITIVO &#8211; N\u00edvel Superior Dia 25\/01\/2015<\/a><\/strong><\/p><p><strong><a href=\"http:\/\/concursos.fadesp.org.br\/pmp2014sup\/arquivos\/Provas\/Provas.html\">Provas\u00a0<\/a><\/strong><\/p><p><strong><a href=\"http:\/\/concursos.fadesp.org.br\/pmp2014sup\/arquivos\/Provas\/GABARITO%20OFICIAL%20PRELIMINAR_Nivel%20Superior_Dia%2025.01.2015.pdf\">GABARITO OFICIAL PRELIMINAR &#8211; Nivel Superior Dia 25\/01\/2015\u00a0<\/a><\/strong><\/p><p><strong><a href=\"http:\/\/concursos.fadesp.org.br\/pmp2014sup\/arquivos\/PcD%20Concorrentes.pdf\">PcD Concorrentes\u00a0<\/a><\/strong><\/p><p><strong><a href=\"http:\/\/concursos.fadesp.org.br\/pmp2014sup\/arquivos\/Resultado%20do%20Processo%20de%20Isen%C3%A7%C3%A3o%20de%20PcD.pdf\">Resultado do Processo de Isen\u00e7\u00e3o de PcD<\/a><\/strong><\/p><p><strong><a href=\"http:\/\/concursos.fadesp.org.br\/pmp2014sup\/arquivos\/Edital%20n%C2%B0%2002_2014_PMP_NS.pdf\">Edital n\u00b0 02_2014\u00a0<\/a><\/strong><\/p><p><strong><a href=\"http:\/\/concursos.fadesp.org.br\/pmp2014sup\/arquivos\/Altera%C3%A7%C3%B5es%20do%20Estatuto%20dos%20Servidores%20P%C3%BAblicos%20do%20Munic%C3%ADpio%20de%20Parauapebas%20(1).PDF\">Altera\u00e7\u00f5es do Estatuto dos Servidores P\u00fablicos do Munic\u00edpio de Parauapebas\u00a0<\/a><\/strong><\/p><p><strong><a href=\"http:\/\/concursos.fadesp.org.br\/pmp2014sup\/arquivos\/Lei%20n%C2%B0%204%20231%20-%20Estatuto%20dos%20Servidores%20Publicos%20de%20Paraiuapebas.pdf\">Lei n\u00b0 4 231 &#8211; Estatuto dos Servidores P\u00fablicos de Parauapebas\u00a0<\/a><\/strong><\/p><p><strong><a href=\"http:\/\/concursos.fadesp.org.br\/pmp2014sup\/arquivos\/Formul%C3%A1rio%20de%20Portador%20de%20Defici%C3%AAncia.pdf\">Formul\u00e1rio de Pessoa com Defici\u00eancia<\/a><\/strong><\/p><p><strong><a href=\"http:\/\/concursos.fadesp.org.br\/pmp2014sup\/arquivos\/Tabela%20de%20Cargos.pdf\">Tabela de Cargos<\/a><\/strong><\/p><p><strong><a href=\"http:\/\/concursos.fadesp.org.br\/pmp2014sup\/arquivos\/Edital%20n%C2%B0%2001_2014_PMP_NS.pdf\">Edital n\u00b0 01_2014<\/a><\/strong><\/p>\t\t\t\t\t\t\t\t<\/div>\n\t\t\t\t<\/div>\n\t\t\t\t\t<\/div>\n\t\t<\/div>\n\t\t\t\t\t<\/div>\n\t\t<\/section>\n\t\t\t\t\t<\/div>\n\t\t<\/div>\n\t\t\t\t\t<\/div>\n\t\t<\/section>\n\t\t\t\t<\/div>\n\t\t","protected":false},"excerpt":{"rendered":"<p>Prefeitura Municipal de Parauapebas &#8211; N\u00edvel Superior &#8211; 2014 A Prefeitura Municipal de Parauapebas torna p\u00fablica a realiza\u00e7\u00e3o de Concurso P\u00fablico destinado ao preenchimento de vagas de cargos de n\u00edvel superior do quadro de pessoal efetivo da Prefeitura, mediante as condi\u00e7\u00f5es estabelecidas no edital de abertura.\u00a0 Vagas &#8211;\u00a0202 Cargos &#8211;\u00a0Administrador, Assistente Social, Economista, Enfermeiro, Enfermeiro [&hellip;]<\/p>\n","protected":false},"author":9,"featured_media":0,"parent":329,"menu_order":55,"comment_status":"closed","ping_status":"closed","template":"","meta":{"_monsterinsights_skip_tracking":false,"_monsterinsights_sitenote_active":false,"_monsterinsights_sitenote_note":"","_monsterinsights_sitenote_category":0,"footnotes":""},"class_list":["post-1528","page","type-page","status-publish","hentry","entry"],"yoast_head":"<!-- This site is optimized with the Yoast SEO plugin v25.1 - https:\/\/yoast.com\/wordpress\/plugins\/seo\/ -->\n<title>Prefeitura Municipal de Parauapebas - N\u00edvel Superior - 2014 - FADESP<\/title>\n<meta name=\"robots\" content=\"index, follow, max-snippet:-1, max-image-preview:large, max-video-preview:-1\" \/>\n<link rel=\"canonical\" href=\"https:\/\/portalfadesp.org.br\/?page_id=1528\" \/>\n<meta property=\"og:locale\" content=\"pt_BR\" \/>\n<meta property=\"og:type\" content=\"article\" \/>\n<meta property=\"og:title\" content=\"Prefeitura Municipal de Parauapebas - N\u00edvel Superior - 2014 - FADESP\" \/>\n<meta property=\"og:description\" content=\"Prefeitura Municipal de Parauapebas &#8211; N\u00edvel Superior &#8211; 2014 A Prefeitura Municipal de Parauapebas torna p\u00fablica a realiza\u00e7\u00e3o de Concurso P\u00fablico destinado ao preenchimento de vagas de cargos de n\u00edvel superior do quadro de pessoal efetivo da Prefeitura, mediante as condi\u00e7\u00f5es estabelecidas no edital de abertura.\u00a0 Vagas &#8211;\u00a0202 Cargos &#8211;\u00a0Administrador, Assistente Social, Economista, Enfermeiro, Enfermeiro [&hellip;]\" \/>\n<meta property=\"og:url\" content=\"https:\/\/portalfadesp.org.br\/?page_id=1528\" \/>\n<meta property=\"og:site_name\" content=\"FADESP\" \/>\n<meta property=\"article:publisher\" content=\"https:\/\/www.facebook.com\/Fadesp-138351949524662\/\" \/>\n<meta property=\"article:modified_time\" content=\"2022-12-21T19:37:43+00:00\" \/>\n<meta name=\"twitter:card\" content=\"summary_large_image\" \/>\n<meta name=\"twitter:site\" content=\"@Fadesp\" \/>\n<meta name=\"twitter:label1\" content=\"Est. tempo de leitura\" \/>\n\t<meta name=\"twitter:data1\" content=\"1 minuto\" \/>\n<script type=\"application\/ld+json\" class=\"yoast-schema-graph\">{\"@context\":\"https:\/\/schema.org\",\"@graph\":[{\"@type\":\"WebPage\",\"@id\":\"https:\/\/portalfadesp.org.br\/?page_id=1528\",\"url\":\"https:\/\/portalfadesp.org.br\/?page_id=1528\",\"name\":\"Prefeitura Municipal de Parauapebas - N\u00edvel Superior - 2014 - FADESP\",\"isPartOf\":{\"@id\":\"https:\/\/portalfadesp.org.br\/#website\"},\"datePublished\":\"2014-05-22T08:16:30+00:00\",\"dateModified\":\"2022-12-21T19:37:43+00:00\",\"breadcrumb\":{\"@id\":\"https:\/\/portalfadesp.org.br\/?page_id=1528#breadcrumb\"},\"inLanguage\":\"pt-BR\",\"potentialAction\":[{\"@type\":\"ReadAction\",\"target\":[\"https:\/\/portalfadesp.org.br\/?page_id=1528\"]}]},{\"@type\":\"BreadcrumbList\",\"@id\":\"https:\/\/portalfadesp.org.br\/?page_id=1528#breadcrumb\",\"itemListElement\":[{\"@type\":\"ListItem\",\"position\":1,\"name\":\"In\u00edcio\",\"item\":\"https:\/\/portalfadesp.org.br\/\"},{\"@type\":\"ListItem\",\"position\":2,\"name\":\"Concursos &#8211; Homologados\",\"item\":\"https:\/\/portalfadesp.org.br\/?page_id=329\"},{\"@type\":\"ListItem\",\"position\":3,\"name\":\"Prefeitura Municipal de Parauapebas &#8211; N\u00edvel Superior &#8211; 2014\"}]},{\"@type\":\"WebSite\",\"@id\":\"https:\/\/portalfadesp.org.br\/#website\",\"url\":\"https:\/\/portalfadesp.org.br\/\",\"name\":\"FADESP\",\"description\":\"Funda\u00e7\u00e3o de Amparo e Desenvolvimento da Pesquisa\",\"publisher\":{\"@id\":\"https:\/\/portalfadesp.org.br\/#organization\"},\"potentialAction\":[{\"@type\":\"SearchAction\",\"target\":{\"@type\":\"EntryPoint\",\"urlTemplate\":\"https:\/\/portalfadesp.org.br\/?s={search_term_string}\"},\"query-input\":{\"@type\":\"PropertyValueSpecification\",\"valueRequired\":true,\"valueName\":\"search_term_string\"}}],\"inLanguage\":\"pt-BR\"},{\"@type\":\"Organization\",\"@id\":\"https:\/\/portalfadesp.org.br\/#organization\",\"name\":\"FADESP\",\"url\":\"https:\/\/portalfadesp.org.br\/\",\"logo\":{\"@type\":\"ImageObject\",\"inLanguage\":\"pt-BR\",\"@id\":\"https:\/\/portalfadesp.org.br\/#\/schema\/logo\/image\/\",\"url\":\"https:\/\/portalfadesp.org.br\/wp-content\/uploads\/2024\/01\/NOVOLOGOFADESPlaranjaH.png\",\"contentUrl\":\"https:\/\/portalfadesp.org.br\/wp-content\/uploads\/2024\/01\/NOVOLOGOFADESPlaranjaH.png\",\"width\":2742,\"height\":839,\"caption\":\"FADESP\"},\"image\":{\"@id\":\"https:\/\/portalfadesp.org.br\/#\/schema\/logo\/image\/\"},\"sameAs\":[\"https:\/\/www.facebook.com\/Fadesp-138351949524662\/\",\"https:\/\/x.com\/Fadesp\",\"https:\/\/www.instagram.com\/fadesp_ufpa\/\",\"https:\/\/www.youtube.com\/@fundacaodeamparoedesenvolv1903\",\"https:\/\/www.threads.net\/@fadesp_ufpa\"]}]}<\/script>\n<!-- \/ Yoast SEO plugin. -->","yoast_head_json":{"title":"Prefeitura Municipal de Parauapebas - N\u00edvel Superior - 2014 - FADESP","robots":{"index":"index","follow":"follow","max-snippet":"max-snippet:-1","max-image-preview":"max-image-preview:large","max-video-preview":"max-video-preview:-1"},"canonical":"https:\/\/portalfadesp.org.br\/?page_id=1528","og_locale":"pt_BR","og_type":"article","og_title":"Prefeitura Municipal de Parauapebas - N\u00edvel Superior - 2014 - FADESP","og_description":"Prefeitura Municipal de Parauapebas &#8211; N\u00edvel Superior &#8211; 2014 A Prefeitura Municipal de Parauapebas torna p\u00fablica a realiza\u00e7\u00e3o de Concurso P\u00fablico destinado ao preenchimento de vagas de cargos de n\u00edvel superior do quadro de pessoal efetivo da Prefeitura, mediante as condi\u00e7\u00f5es estabelecidas no edital de abertura.\u00a0 Vagas &#8211;\u00a0202 Cargos &#8211;\u00a0Administrador, Assistente Social, Economista, Enfermeiro, Enfermeiro [&hellip;]","og_url":"https:\/\/portalfadesp.org.br\/?page_id=1528","og_site_name":"FADESP","article_publisher":"https:\/\/www.facebook.com\/Fadesp-138351949524662\/","article_modified_time":"2022-12-21T19:37:43+00:00","twitter_card":"summary_large_image","twitter_site":"@Fadesp","twitter_misc":{"Est. tempo de leitura":"1 minuto"},"schema":{"@context":"https:\/\/schema.org","@graph":[{"@type":"WebPage","@id":"https:\/\/portalfadesp.org.br\/?page_id=1528","url":"https:\/\/portalfadesp.org.br\/?page_id=1528","name":"Prefeitura Municipal de Parauapebas - N\u00edvel Superior - 2014 - FADESP","isPartOf":{"@id":"https:\/\/portalfadesp.org.br\/#website"},"datePublished":"2014-05-22T08:16:30+00:00","dateModified":"2022-12-21T19:37:43+00:00","breadcrumb":{"@id":"https:\/\/portalfadesp.org.br\/?page_id=1528#breadcrumb"},"inLanguage":"pt-BR","potentialAction":[{"@type":"ReadAction","target":["https:\/\/portalfadesp.org.br\/?page_id=1528"]}]},{"@type":"BreadcrumbList","@id":"https:\/\/portalfadesp.org.br\/?page_id=1528#breadcrumb","itemListElement":[{"@type":"ListItem","position":1,"name":"In\u00edcio","item":"https:\/\/portalfadesp.org.br\/"},{"@type":"ListItem","position":2,"name":"Concursos &#8211; Homologados","item":"https:\/\/portalfadesp.org.br\/?page_id=329"},{"@type":"ListItem","position":3,"name":"Prefeitura Municipal de Parauapebas &#8211; N\u00edvel Superior &#8211; 2014"}]},{"@type":"WebSite","@id":"https:\/\/portalfadesp.org.br\/#website","url":"https:\/\/portalfadesp.org.br\/","name":"FADESP","description":"Funda\u00e7\u00e3o de Amparo e Desenvolvimento da Pesquisa","publisher":{"@id":"https:\/\/portalfadesp.org.br\/#organization"},"potentialAction":[{"@type":"SearchAction","target":{"@type":"EntryPoint","urlTemplate":"https:\/\/portalfadesp.org.br\/?s={search_term_string}"},"query-input":{"@type":"PropertyValueSpecification","valueRequired":true,"valueName":"search_term_string"}}],"inLanguage":"pt-BR"},{"@type":"Organization","@id":"https:\/\/portalfadesp.org.br\/#organization","name":"FADESP","url":"https:\/\/portalfadesp.org.br\/","logo":{"@type":"ImageObject","inLanguage":"pt-BR","@id":"https:\/\/portalfadesp.org.br\/#\/schema\/logo\/image\/","url":"https:\/\/portalfadesp.org.br\/wp-content\/uploads\/2024\/01\/NOVOLOGOFADESPlaranjaH.png","contentUrl":"https:\/\/portalfadesp.org.br\/wp-content\/uploads\/2024\/01\/NOVOLOGOFADESPlaranjaH.png","width":2742,"height":839,"caption":"FADESP"},"image":{"@id":"https:\/\/portalfadesp.org.br\/#\/schema\/logo\/image\/"},"sameAs":["https:\/\/www.facebook.com\/Fadesp-138351949524662\/","https:\/\/x.com\/Fadesp","https:\/\/www.instagram.com\/fadesp_ufpa\/","https:\/\/www.youtube.com\/@fundacaodeamparoedesenvolv1903","https:\/\/www.threads.net\/@fadesp_ufpa"]}]}},"_links":{"self":[{"href":"https:\/\/portalfadesp.org.br\/index.php?rest_route=\/wp\/v2\/pages\/1528","targetHints":{"allow":["GET"]}}],"collection":[{"href":"https:\/\/portalfadesp.org.br\/index.php?rest_route=\/wp\/v2\/pages"}],"about":[{"href":"https:\/\/portalfadesp.org.br\/index.php?rest_route=\/wp\/v2\/types\/page"}],"author":[{"embeddable":true,"href":"https:\/\/portalfadesp.org.br\/index.php?rest_route=\/wp\/v2\/users\/9"}],"replies":[{"embeddable":true,"href":"https:\/\/portalfadesp.org.br\/index.php?rest_route=%2Fwp%2Fv2%2Fcomments&post=1528"}],"version-history":[{"count":45,"href":"https:\/\/portalfadesp.org.br\/index.php?rest_route=\/wp\/v2\/pages\/1528\/revisions"}],"predecessor-version":[{"id":39004,"href":"https:\/\/portalfadesp.org.br\/index.php?rest_route=\/wp\/v2\/pages\/1528\/revisions\/39004"}],"up":[{"embeddable":true,"href":"https:\/\/portalfadesp.org.br\/index.php?rest_route=\/wp\/v2\/pages\/329"}],"wp:attachment":[{"href":"https:\/\/portalfadesp.org.br\/index.php?rest_route=%2Fwp%2Fv2%2Fmedia&parent=1528"}],"curies":[{"name":"wp","href":"https:\/\/api.w.org\/{rel}","templated":true}]}}