{"id":1524,"date":"2014-05-22T05:18:22","date_gmt":"2014-05-22T08:18:22","guid":{"rendered":"https:\/\/162.215.13.167?page_id=1524"},"modified":"2022-12-20T12:26:33","modified_gmt":"2022-12-20T15:26:33","slug":"prefeitura-municipal-de-parauapebas-nivel-medio-e-fundamental-2014","status":"publish","type":"page","link":"https:\/\/portalfadesp.org.br\/?page_id=1524","title":{"rendered":"Prefeitura Municipal de Parauapebas &#8211; N\u00edvel M\u00e9dio e Fundamental &#8211; 2014"},"content":{"rendered":"\t\t<div data-elementor-type=\"wp-post\" data-elementor-id=\"1524\" class=\"elementor elementor-1524\" data-elementor-post-type=\"page\">\n\t\t\t\t\t\t<section class=\"elementor-section elementor-top-section elementor-element elementor-element-311d8d07 elementor-section-boxed elementor-section-height-default elementor-section-height-default\" data-id=\"311d8d07\" data-element_type=\"section\">\n\t\t\t\t\t\t<div class=\"elementor-container elementor-column-gap-default\">\n\t\t\t\t\t<div class=\"elementor-column elementor-col-100 elementor-top-column elementor-element elementor-element-2b51ed56\" data-id=\"2b51ed56\" data-element_type=\"column\">\n\t\t\t<div class=\"elementor-widget-wrap elementor-element-populated\">\n\t\t\t\t\t\t<div class=\"elementor-element elementor-element-17d8134b elementor-widget elementor-widget-heading\" data-id=\"17d8134b\" data-element_type=\"widget\" data-widget_type=\"heading.default\">\n\t\t\t\t<div class=\"elementor-widget-container\">\n\t\t\t\t\t<h1 class=\"elementor-heading-title elementor-size-default\">Prefeitura Municipal de Parauapebas - N\u00edvel M\u00e9dio e Fundamental - 2014\n<\/h1>\t\t\t\t<\/div>\n\t\t\t\t<\/div>\n\t\t\t\t<section class=\"elementor-section elementor-inner-section elementor-element elementor-element-7807bf9c elementor-section-boxed elementor-section-height-default elementor-section-height-default\" data-id=\"7807bf9c\" data-element_type=\"section\">\n\t\t\t\t\t\t<div class=\"elementor-container elementor-column-gap-default\">\n\t\t\t\t\t<div class=\"elementor-column elementor-col-50 elementor-inner-column elementor-element elementor-element-c6a2381\" data-id=\"c6a2381\" data-element_type=\"column\">\n\t\t\t<div class=\"elementor-widget-wrap elementor-element-populated\">\n\t\t\t\t\t\t<div class=\"elementor-element elementor-element-509e70c4 elementor-widget elementor-widget-text-editor\" data-id=\"509e70c4\" data-element_type=\"widget\" data-widget_type=\"text-editor.default\">\n\t\t\t\t<div class=\"elementor-widget-container\">\n\t\t\t\t\t\t\t\t\t<p>A Prefeitura Municipal de Parauapebas torna p\u00fablica a realiza\u00e7\u00e3o de Concurso P\u00fablico destinado ao preenchimento de vagas de cargos de n\u00edvel m\u00e9dio e cargos de n\u00edvel fundamental do quadro de pessoal efetivo da Prefeitura, mediante as condi\u00e7\u00f5es estabelecidas no edital de abertura.<\/p><p><strong>Vagas &#8211;\u00a0<\/strong>1.109<\/p><p><strong>Cargos &#8211;\u00a0<\/strong>n\u00edvel m\u00e9dio: Auxiliar Administrativo, T\u00e9cnico de Enfermagem, T\u00e9cnico de Enfermagem do Trabalho e T\u00e9cnico de Seguran\u00e7a do Trabalho.<\/p><p>N\u00edvel fundamental: Eletricista e Agente de Combate a Endemias (ACE).<\/p><p><strong>Remunera\u00e7\u00e3o &#8211;\u00a0<\/strong>de\u00a0R$ 1.091,46 \u00a0a R$ 2.070,91<\/p><p><strong>Inscri\u00e7\u00f5es &#8211;\u00a0<\/strong>04\/12\/14 a 06\/01\/15<\/p><p><strong>Taxa &#8211;\u00a0<\/strong>R$ 50,00 (n\u00edvel M\u00e9dio) e R$ 40,00 (n\u00edvel Fundamental<\/p><p><strong>Datas importantes<\/strong>:<\/p><p>Per\u00edodo de inscri\u00e7\u00e3o &#8211; \u00a004\/12\/14 a 06\/01\/15<\/p><p>Pagamento da inscri\u00e7\u00e3o &#8211; at\u00e9 07\/01\/15<\/p><p>Inscri\u00e7\u00e3o para isen\u00e7\u00e3o da Taxa para PcD &#8211; at\u00e9 19\/12\/14<\/p><p>Envio de documentos PcD &#8211; at\u00e9 6\/01\/14\u00a0<\/p><p>Cart\u00e3o de inscri\u00e7\u00e3o &#8211; 26 a 30\/01\/15\u00a0(alterado &#8211;<br \/><strong>\u00a0 \u00a0 \u00a0 \u00a0 \u00a0 \u00a0 \u00a0 \u00a0 \u00a0 \u00a0 \u00a0 \u00a0 \u00a0 \u00a0 \u00a0 \u00a0 \u00a0 \u00a0 de 27 a 30\/01\/15<\/strong>\u00a0para os cargos de \u00a0 \u00a0 \u00a0 \u00a0 \u00a0 \u00a0 \u00a0 \u00a0 \u00a0 \u00a0 \u00a0 \u00a0 \u00a0 \u00a0 \u00a0 \u00a0 \u00a0 \u00a0 t\u00e9cnico\u00a0de enfermagem, t\u00e9cnico de \u00a0 \u00a0 \u00a0 \u00a0 \u00a0 \u00a0 \u00a0 \u00a0 \u00a0 \u00a0 \u00a0 \u00a0 \u00a0 \u00a0 \u00a0 \u00a0 \u00a0 \u00a0 \u00a0 Enfermagem do trabalho e t\u00e9cnico \u00a0 \u00a0 \u00a0 \u00a0 \u00a0 \u00a0 \u00a0 \u00a0 \u00a0 \u00a0 \u00a0 \u00a0 \u00a0 \u00a0 \u00a0 \u00a0 \u00a0 \u00a0 \u00a0 de\u00a0seguran\u00e7a do trabalho.<br \/><strong>\u00a0 \u00a0 \u00a0 \u00a0 \u00a0 \u00a0 \u00a0 \u00a0 \u00a0 \u00a0 \u00a0 \u00a0 \u00a0 \u00a0 \u00a0 \u00a0 \u00a0 \u00a0 de 03 a 06\/02\/15<\/strong>\u00a0para os cargos de \u00a0 \u00a0 \u00a0 \u00a0 \u00a0 \u00a0 \u00a0 \u00a0 \u00a0 \u00a0 \u00a0 \u00a0 \u00a0 \u00a0 \u00a0 \u00a0 \u00a0 \u00a0 n\u00edvel fundamental \u00a0de Agente de \u00a0 \u00a0 \u00a0 \u00a0 \u00a0 \u00a0 \u00a0 \u00a0 \u00a0 \u00a0 \u00a0 \u00a0 \u00a0 \u00a0 \u00a0 \u00a0 \u00a0 \u00a0 \u00a0 \u00a0 \u00a0Combate \u00e0s Endemias e Eletricista)\u00a0<\/p><p>Prova objetiva &#8211; 08\/02\/15\u00a0(alterado &#8211;<br \/><strong>Manh\u00e3 &#8211; das 8h \u00e0s 12h<\/strong>\u00a0(hor\u00e1rio local) \u00a0 \u00a0 \u00a0 \u00a0 \u00a0 \u00a0 \u00a0 \u00a0 \u00a0 \u00a0 \u00a0 \u00a0 \u00a0 \u00a0 \u00a0 \u00a0 \u00a0somente para para cargos de T\u00e9cnico de \u00a0 \u00a0 \u00a0 \u00a0 \u00a0 \u00a0 \u00a0 \u00a0 \u00a0 \u00a0 \u00a0 \u00a0 \u00a0 \u00a0Enfermagem, T\u00e9cnico de Enfermagem \u00a0 \u00a0 \u00a0 \u00a0 \u00a0 \u00a0 \u00a0 \u00a0 \u00a0 \u00a0 \u00a0 \u00a0 \u00a0 \u00a0 \u00a0 \u00a0do Trabalho e T\u00e9cnico de Seguran\u00e7a do \u00a0 \u00a0 \u00a0 \u00a0 \u00a0 \u00a0 \u00a0 \u00a0 \u00a0 \u00a0 \u00a0 \u00a0 \u00a0 \u00a0 \u00a0Trabalho.\u00a0<br \/><strong>&#8211; 22\/02\/15<\/strong>\u00a0<br \/><strong>Manh\u00e3 &#8211; das 8 \u00e0s 12h<\/strong> (hor\u00e1rio local),\u00a0 somente, para os cargos de Auxiliar Administrativo.\u00a0<br \/><strong>Tarde &#8211; das 14h30 \u00e0s 18h30<\/strong> (hor\u00e1rio local) para todos os cargos de N\u00edvel Fundamental (Agente de Combate \u00e0s Endemias e Eletricista)<\/p><p>Curso para aprovados 1\u00aa etapa ACE &#8211; de 23 a 27\/03\/15.<br \/>Prova de 2\u00aa etapa para aprovados em ACE &#8211; 29\/03\/15, das 8h \u00e0s 12h.\u00a0<\/p>\t\t\t\t\t\t\t\t<\/div>\n\t\t\t\t<\/div>\n\t\t\t\t\t<\/div>\n\t\t<\/div>\n\t\t\t\t<div class=\"elementor-column elementor-col-50 elementor-inner-column elementor-element elementor-element-765f3cc5\" data-id=\"765f3cc5\" data-element_type=\"column\">\n\t\t\t<div class=\"elementor-widget-wrap elementor-element-populated\">\n\t\t\t\t\t\t<div class=\"elementor-element elementor-element-456a4ba0 elementor-widget elementor-widget-text-editor\" data-id=\"456a4ba0\" data-element_type=\"widget\" data-widget_type=\"text-editor.default\">\n\t\t\t\t<div class=\"elementor-widget-container\">\n\t\t\t\t\t\t\t\t\t<p style=\"text-align: center;\"><span style=\"color: #ffffff;\"><strong>Avisos<\/strong><\/span><\/p>\t\t\t\t\t\t\t\t<\/div>\n\t\t\t\t<\/div>\n\t\t\t\t<div class=\"elementor-element elementor-element-3c56c788 elementor-widget elementor-widget-text-editor\" data-id=\"3c56c788\" data-element_type=\"widget\" data-widget_type=\"text-editor.default\">\n\t\t\t\t<div class=\"elementor-widget-container\">\n\t\t\t\t\t\t\t\t\t<p style=\"text-align: center;\"><strong><span style=\"text-decoration: underline;\"><a href=\"..\/midias\/anexos\/420_nota_de_esclarecimento_-_nmnf.pdf\">Nota de Esclarecimento<\/a>\n<a href=\"..\/midias\/anexos\/420_nota_de_esclarecimento_-_nmnf.pdf\">Avisos de Nomea\u00e7\u00e3o e Convoca\u00e7\u00e3o<\/a><\/span><\/strong><\/p>\t\t\t\t\t\t\t\t<\/div>\n\t\t\t\t<\/div>\n\t\t\t\t<div class=\"elementor-element elementor-element-4541a5f2 elementor-widget elementor-widget-text-editor\" data-id=\"4541a5f2\" data-element_type=\"widget\" data-widget_type=\"text-editor.default\">\n\t\t\t\t<div class=\"elementor-widget-container\">\n\t\t\t\t\t\t\t\t\t<p style=\"text-align: center;\"><span style=\"color: #ffffff;\"><strong>Editais<\/strong><\/span><\/p>\t\t\t\t\t\t\t\t<\/div>\n\t\t\t\t<\/div>\n\t\t\t\t<div class=\"elementor-element elementor-element-7e7582dc elementor-widget elementor-widget-text-editor\" data-id=\"7e7582dc\" data-element_type=\"widget\" data-widget_type=\"text-editor.default\">\n\t\t\t\t<div class=\"elementor-widget-container\">\n\t\t\t\t\t\t\t\t\t<table width=\"80\">\n<tbody>\n<tr>\n<td><strong><a href=\"http:\/\/concursos.fadesp.org.br\/pmp2014med2\/arquivos\/Homologa%C3%A7%C3%A3o%20do%20Resultado%20Final%20-%20NMNF.pdf\">Homologa\u00e7\u00e3o do Resultado Final &#8211; NMNF<\/a><\/strong><\/td>\n<\/tr>\n<tr>\n<td><strong><a href=\"http:\/\/concursos.fadesp.org.br\/pmp2014med2\/arquivos\/Resultado%20Final%20do%20Cargo%20de%20Agente%20de%20Combate%20%C3%A0s%20Endemias.pdf\">Resultado Final do Cargo de Agente de Combate \u00e0s Endemias\u00a0<\/a><\/strong><\/td>\n<\/tr>\n<tr>\n<td><strong><a href=\"http:\/\/concursos.fadesp.org.br\/pmp2014med2\/arquivos\/Resultado%20da%20Segunda%20Etapa%20do%20Cargo%20de%20ACE.pdf\">Resultado da Segunda Etapa do Cargo de ACE\u00a0<\/a><\/strong><\/td>\n<\/tr>\n<tr>\n<td><strong><a href=\"http:\/\/concursos.fadesp.org.br\/pmp2014med2\/arquivos\/GABARITO%20OFICIAL%20DEFINITIVO_N%C3%ADvel%20Fundamental_ACE_2%C2%AA%20Etapa_Dia%2029.03.2015.pdf\">GABARITO OFICIAL DEFINITIVO &#8211; N\u00edvel Fundamental &#8211; ACE &#8211; 2\u00aa Etapa &#8211; Dia 29\/03\/2015<\/a><\/strong><\/td>\n<\/tr>\n<tr>\n<td><strong><a href=\"http:\/\/concursos.fadesp.org.br\/pmp2014med2\/arquivos\/GABARITO%20OFICIAL%20PRELIMINAR%20-%20Nivel%20Fundamental%20-%20ACE%20-%202%C2%AA%20Etapa%20-%20Dia%2029.03.2015.pdf\">GABARITO OFICIAL PRELIMINAR &#8211; N\u00edvel Fundamental &#8211; ACE &#8211; 2\u00aa Etapa &#8211; Dia 29\/03\/2015<\/a><\/strong><\/td>\n<\/tr>\n<tr>\n<td><strong><a href=\"http:\/\/concursos.fadesp.org.br\/pmp2014med2\/arquivos\/PROVA%20DE%20ACE%20-%202%C2%AA%20ETAPA.pdf\">PROVA DE ACE &#8211; 2\u00aa ETAPA<\/a><\/strong><\/td>\n<\/tr>\n<tr>\n<td><strong><a href=\"http:\/\/concursos.fadesp.org.br\/pmp2014med2\/arquivos\/Resultado%20de%20Auxiliar%20Administrativo.pdf\">Resultado de Auxiliar Administrativo<\/a><\/strong><\/td>\n<\/tr>\n<tr>\n<td><strong><a href=\"http:\/\/concursos.fadesp.org.br\/pmp2014med\/arquivos\/Resultado%20dos%20cargos%20de%20t%C3%A9cnicos.pdf\">Resultado dos Cargos de T\u00e9cnicos\u00a0<\/a><\/strong><\/td>\n<\/tr>\n<tr>\n<td><strong><a href=\"http:\/\/concursos.fadesp.org.br\/pmp2014med2\/arquivos\/Chamada%20a%20segunda%20etapa%20do%20cargo%20de%20ACE.pdf\">Chamada \u00e0 segunda etapa do cargo de ACE<\/a><\/strong><\/td>\n<\/tr>\n<tr>\n<td><strong><a href=\"http:\/\/concursos.fadesp.org.br\/pmp2014med2\/arquivos\/Resultado%20Geral%20do%20N%C3%ADvel%20Fundamental.pdf\">Resultado Geral do N\u00edvel Fundamental<\/a><\/strong><\/td>\n<\/tr>\n<tr>\n<td><strong><a href=\"http:\/\/concursos.fadesp.org.br\/pmp2014med2\/arquivos\/GABARITO%20OFICIAL%20DEFINITIVO_Fundamental_Medio%20-%20Dia%2022.02.2015.pdf\">GABARITO OFICIAL DEFINITIVO_Fundamental_Medio &#8211; Dia 22\/02\/2015<\/a><\/strong><\/td>\n<\/tr>\n<tr>\n<td><strong><a href=\"http:\/\/concursos.fadesp.org.br\/pmp2014med\/arquivos\/GABARITO%20OFICIAL%20DEFINITIVO%20-%20Nivel%20Medio%20-%20Dia%2008.02.2015.pdf\">GABARITO OFICIAL DEFINITIVO &#8211; N\u00edvel M\u00e9dio &#8211; Dia 08\/02\/2015\u00a0<\/a><\/strong><\/td>\n<\/tr>\n<tr>\n<td><strong><a href=\"http:\/\/concursos.fadesp.org.br\/pmp2014med2\/arquivos\/ELETRICISTA.pdf\">Eletricista<\/a><\/strong><\/td>\n<\/tr>\n<tr>\n<td><a href=\"http:\/\/concursos.fadesp.org.br\/pmp2014med2\/arquivos\/AUXILIAR%20ADMINISTRATIVO.pdf\"><strong>Auxiliar Administrativo<\/strong><\/a><\/td>\n<\/tr>\n<tr>\n<td><strong><a href=\"http:\/\/concursos.fadesp.org.br\/pmp2014med2\/arquivos\/AGENTE%20DE%20COMBATE%20AS%20ENDEMIAS-ACE.pdf\">Agente de Combate \u00e0s Endemias-ACE<\/a><\/strong><\/td>\n<\/tr>\n<tr>\n<td><strong><a href=\"http:\/\/concursos.fadesp.org.br\/pmp2014med2\/arquivos\/GABARITO%20OFICIAL%20PRELIMINAR%20-%20Nivel%20Medio%20-%20Dia%2022.02.2015.pdf\">GABARITO OFICIAL PRELIMINAR &#8211; N\u00edvel M\u00e9dio &#8211; Dia 22\/02\/2015<\/a><\/strong><\/td>\n<\/tr>\n<tr>\n<td><strong><a href=\"..\/midias\/anexos\/420_pcd_concorrentes.pdf\">PcD Concorrentes\u00a0<\/a><\/strong><\/td>\n<\/tr>\n<tr>\n<td><strong><a href=\"http:\/\/concursos.fadesp.org.br\/pmp2014med\/arquivos\/TECNICO%20DE%20SEGURANCA%20DO%20TRABALHO.pdf\">Prova &#8211; T\u00e9cnico de Seguran\u00e7a do Trabalho<\/a><\/strong><\/td>\n<\/tr>\n<tr>\n<td><strong><a href=\"http:\/\/concursos.fadesp.org.br\/pmp2014med\/arquivos\/TECNICO%20DE%20ENFERMAGEM.pdf\">Prova &#8211; T\u00e9cnico de Enfermagem<\/a><\/strong><\/td>\n<\/tr>\n<tr>\n<td><strong><a href=\"http:\/\/concursos.fadesp.org.br\/pmp2014med\/arquivos\/TECNICO%20DE%20ENFERMAGEM%20DO%20TRABALHO.pdf\">Prova &#8211; T\u00e9cnico de Enfermagem do Trabalho<\/a><\/strong><\/td>\n<\/tr>\n<tr>\n<td><strong><a href=\"http:\/\/concursos.fadesp.org.br\/pmp2014med\/arquivos\/GABARITO%20OFICIAL%20PRELIMINAR%20-%20Nivel%20Medio%20-%20Dia%2008.02.2015.pdf\">Gabarito Oficial Preliminar &#8211; N\u00edvel M\u00e9dio &#8211; dia 08\/02\/2015<\/a><\/strong><\/td>\n<\/tr>\n<tr>\n<td><strong><a href=\"http:\/\/concursos.fadesp.org.br\/pmp2014med\/arquivos\/Demanda%20de%20Inscritos.pdf\">Demanda de Inscritos<\/a><\/strong><\/td>\n<\/tr>\n<tr>\n<td><strong><a href=\"http:\/\/concursos.fadesp.org.br\/pmp2014med\/arquivos\/Aviso%20de%20Retifica%C3%A7%C3%A3o%20de%20Datas%20de%20Provas%20Objetivas.pdf\">Aviso de Retifica\u00e7\u00e3o de Datas de Provas Objetivas<\/a><\/strong><\/td>\n<\/tr>\n<tr>\n<td><strong><a href=\"http:\/\/concursos.fadesp.org.br\/pmp2014med\/arquivos\/Edital%20n%C2%B0%2002_2015_PMP_NMNF%20-%20Retifica%C3%A7%C3%A3o%20na%20Data%20de%20Provas.pdf\">Edital n\u00b0 02_2015_PMP_NMNF &#8211; Retifica\u00e7\u00e3o na Data de Provas<\/a><\/strong><\/td>\n<\/tr>\n<tr>\n<td><strong><a href=\"http:\/\/concursos.fadesp.org.br\/pmp2014med\/arquivos\/Resultado%20do%20Processo%20de%20Isen%C3%A7%C3%A3o%20de%20PcD%20-%20Retificado.pdf\">Resultado do Processo de Isen\u00e7\u00e3o de PcD &#8211; Retificado<\/a><\/strong><\/td>\n<\/tr>\n<tr>\n<td><strong><a href=\"http:\/\/concursos.fadesp.org.br\/pmp2014med\/arquivos\/Resultado%20do%20Processo%20de%20Isen%C3%A7%C3%A3o%20de%20PcD.pdf\">Resultado do Processo de Isen\u00e7\u00e3o de PcD<\/a><\/strong><\/td>\n<\/tr>\n<tr>\n<td><strong><a href=\"http:\/\/concursos.fadesp.org.br\/pmp2014med\/arquivos\/Altera%C3%A7%C3%B5es%20do%20Estatuto%20dos%20Servidores%20P%C3%BAblicos%20do%20Munic%C3%ADpio%20de%20Parauapebas.PDF\">Altera\u00e7\u00f5es do Estatuto dos Servidores P\u00fablicos do Munic\u00edpio de Parauapebas<\/a><\/strong><\/td>\n<\/tr>\n<tr>\n<td><strong><a href=\"http:\/\/concursos.fadesp.org.br\/pmp2014med\/arquivos\/Lei%20n%C2%B0%204%20231%20-%20Estatuto%20dos%20Servidores%20Publicos%20de%20Paraiuapebas.pdf\">Lei n\u00b0 4 231 &#8211; Estatuto dos Servidores P\u00fablicos de Parauapebas\u00a0<\/a><\/strong><\/td>\n<\/tr>\n<tr>\n<td><strong><a href=\"http:\/\/concursos.fadesp.org.br\/pmp2014med\/arquivos\/Formul%C3%A1rio%20de%20Portador%20de%20Defici%C3%AAncia.pdf\">Formul\u00e1rio de Pessoa com Defici\u00eancia<\/a><\/strong><\/td>\n<\/tr>\n<tr>\n<td><strong><a href=\"http:\/\/concursos.fadesp.org.br\/pmp2014med\/arquivos\/Tabela%20de%20Cargos.pdf\">Tabela de Cargos<\/a><\/strong><\/td>\n<\/tr>\n<tr>\n<td><strong><a href=\"http:\/\/concursos.fadesp.org.br\/pmp2014med\/arquivos\/Edital%20n%C2%B0%2001_2014_PMP_NMNF.pdf\">\u00a0Edital n\u00b0 01_2014<\/a><\/strong><\/td>\n<\/tr>\n<\/tbody>\n<\/table>\t\t\t\t\t\t\t\t<\/div>\n\t\t\t\t<\/div>\n\t\t\t\t\t<\/div>\n\t\t<\/div>\n\t\t\t\t\t<\/div>\n\t\t<\/section>\n\t\t\t\t\t<\/div>\n\t\t<\/div>\n\t\t\t\t\t<\/div>\n\t\t<\/section>\n\t\t\t\t<\/div>\n\t\t","protected":false},"excerpt":{"rendered":"<p>Prefeitura Municipal de Parauapebas &#8211; N\u00edvel M\u00e9dio e Fundamental &#8211; 2014 A Prefeitura Municipal de Parauapebas torna p\u00fablica a realiza\u00e7\u00e3o de Concurso P\u00fablico destinado ao preenchimento de vagas de cargos de n\u00edvel m\u00e9dio e cargos de n\u00edvel fundamental do quadro de pessoal efetivo da Prefeitura, mediante as condi\u00e7\u00f5es estabelecidas no edital de abertura. Vagas &#8211;\u00a01.109 [&hellip;]<\/p>\n","protected":false},"author":9,"featured_media":0,"parent":329,"menu_order":55,"comment_status":"closed","ping_status":"closed","template":"","meta":{"_monsterinsights_skip_tracking":false,"_monsterinsights_sitenote_active":false,"_monsterinsights_sitenote_note":"","_monsterinsights_sitenote_category":0,"footnotes":""},"class_list":["post-1524","page","type-page","status-publish","hentry","entry"],"yoast_head":"<!-- This site is optimized with the Yoast SEO plugin v25.1 - https:\/\/yoast.com\/wordpress\/plugins\/seo\/ -->\n<title>Prefeitura Municipal de Parauapebas - N\u00edvel M\u00e9dio e Fundamental - 2014 - FADESP<\/title>\n<meta name=\"robots\" content=\"index, follow, max-snippet:-1, max-image-preview:large, max-video-preview:-1\" \/>\n<link rel=\"canonical\" href=\"https:\/\/portalfadesp.org.br\/?page_id=1524\" \/>\n<meta property=\"og:locale\" content=\"pt_BR\" \/>\n<meta property=\"og:type\" content=\"article\" \/>\n<meta property=\"og:title\" content=\"Prefeitura Municipal de Parauapebas - N\u00edvel M\u00e9dio e Fundamental - 2014 - FADESP\" \/>\n<meta property=\"og:description\" content=\"Prefeitura Municipal de Parauapebas &#8211; N\u00edvel M\u00e9dio e Fundamental &#8211; 2014 A Prefeitura Municipal de Parauapebas torna p\u00fablica a realiza\u00e7\u00e3o de Concurso P\u00fablico destinado ao preenchimento de vagas de cargos de n\u00edvel m\u00e9dio e cargos de n\u00edvel fundamental do quadro de pessoal efetivo da Prefeitura, mediante as condi\u00e7\u00f5es estabelecidas no edital de abertura. Vagas &#8211;\u00a01.109 [&hellip;]\" \/>\n<meta property=\"og:url\" content=\"https:\/\/portalfadesp.org.br\/?page_id=1524\" \/>\n<meta property=\"og:site_name\" content=\"FADESP\" \/>\n<meta property=\"article:publisher\" content=\"https:\/\/www.facebook.com\/Fadesp-138351949524662\/\" \/>\n<meta property=\"article:modified_time\" content=\"2022-12-20T15:26:33+00:00\" \/>\n<meta name=\"twitter:card\" content=\"summary_large_image\" \/>\n<meta name=\"twitter:site\" content=\"@Fadesp\" \/>\n<meta name=\"twitter:label1\" content=\"Est. tempo de leitura\" \/>\n\t<meta name=\"twitter:data1\" content=\"3 minutos\" \/>\n<script type=\"application\/ld+json\" class=\"yoast-schema-graph\">{\"@context\":\"https:\/\/schema.org\",\"@graph\":[{\"@type\":\"WebPage\",\"@id\":\"https:\/\/portalfadesp.org.br\/?page_id=1524\",\"url\":\"https:\/\/portalfadesp.org.br\/?page_id=1524\",\"name\":\"Prefeitura Municipal de Parauapebas - N\u00edvel M\u00e9dio e Fundamental - 2014 - FADESP\",\"isPartOf\":{\"@id\":\"https:\/\/portalfadesp.org.br\/#website\"},\"datePublished\":\"2014-05-22T08:18:22+00:00\",\"dateModified\":\"2022-12-20T15:26:33+00:00\",\"breadcrumb\":{\"@id\":\"https:\/\/portalfadesp.org.br\/?page_id=1524#breadcrumb\"},\"inLanguage\":\"pt-BR\",\"potentialAction\":[{\"@type\":\"ReadAction\",\"target\":[\"https:\/\/portalfadesp.org.br\/?page_id=1524\"]}]},{\"@type\":\"BreadcrumbList\",\"@id\":\"https:\/\/portalfadesp.org.br\/?page_id=1524#breadcrumb\",\"itemListElement\":[{\"@type\":\"ListItem\",\"position\":1,\"name\":\"In\u00edcio\",\"item\":\"https:\/\/portalfadesp.org.br\/\"},{\"@type\":\"ListItem\",\"position\":2,\"name\":\"Concursos &#8211; Homologados\",\"item\":\"https:\/\/portalfadesp.org.br\/?page_id=329\"},{\"@type\":\"ListItem\",\"position\":3,\"name\":\"Prefeitura Municipal de Parauapebas &#8211; N\u00edvel M\u00e9dio e Fundamental &#8211; 2014\"}]},{\"@type\":\"WebSite\",\"@id\":\"https:\/\/portalfadesp.org.br\/#website\",\"url\":\"https:\/\/portalfadesp.org.br\/\",\"name\":\"FADESP\",\"description\":\"Funda\u00e7\u00e3o de Amparo e Desenvolvimento da Pesquisa\",\"publisher\":{\"@id\":\"https:\/\/portalfadesp.org.br\/#organization\"},\"potentialAction\":[{\"@type\":\"SearchAction\",\"target\":{\"@type\":\"EntryPoint\",\"urlTemplate\":\"https:\/\/portalfadesp.org.br\/?s={search_term_string}\"},\"query-input\":{\"@type\":\"PropertyValueSpecification\",\"valueRequired\":true,\"valueName\":\"search_term_string\"}}],\"inLanguage\":\"pt-BR\"},{\"@type\":\"Organization\",\"@id\":\"https:\/\/portalfadesp.org.br\/#organization\",\"name\":\"FADESP\",\"url\":\"https:\/\/portalfadesp.org.br\/\",\"logo\":{\"@type\":\"ImageObject\",\"inLanguage\":\"pt-BR\",\"@id\":\"https:\/\/portalfadesp.org.br\/#\/schema\/logo\/image\/\",\"url\":\"https:\/\/portalfadesp.org.br\/wp-content\/uploads\/2024\/01\/NOVOLOGOFADESPlaranjaH.png\",\"contentUrl\":\"https:\/\/portalfadesp.org.br\/wp-content\/uploads\/2024\/01\/NOVOLOGOFADESPlaranjaH.png\",\"width\":2742,\"height\":839,\"caption\":\"FADESP\"},\"image\":{\"@id\":\"https:\/\/portalfadesp.org.br\/#\/schema\/logo\/image\/\"},\"sameAs\":[\"https:\/\/www.facebook.com\/Fadesp-138351949524662\/\",\"https:\/\/x.com\/Fadesp\",\"https:\/\/www.instagram.com\/fadesp_ufpa\/\",\"https:\/\/www.youtube.com\/@fundacaodeamparoedesenvolv1903\",\"https:\/\/www.threads.net\/@fadesp_ufpa\"]}]}<\/script>\n<!-- \/ Yoast SEO plugin. -->","yoast_head_json":{"title":"Prefeitura Municipal de Parauapebas - N\u00edvel M\u00e9dio e Fundamental - 2014 - FADESP","robots":{"index":"index","follow":"follow","max-snippet":"max-snippet:-1","max-image-preview":"max-image-preview:large","max-video-preview":"max-video-preview:-1"},"canonical":"https:\/\/portalfadesp.org.br\/?page_id=1524","og_locale":"pt_BR","og_type":"article","og_title":"Prefeitura Municipal de Parauapebas - N\u00edvel M\u00e9dio e Fundamental - 2014 - FADESP","og_description":"Prefeitura Municipal de Parauapebas &#8211; N\u00edvel M\u00e9dio e Fundamental &#8211; 2014 A Prefeitura Municipal de Parauapebas torna p\u00fablica a realiza\u00e7\u00e3o de Concurso P\u00fablico destinado ao preenchimento de vagas de cargos de n\u00edvel m\u00e9dio e cargos de n\u00edvel fundamental do quadro de pessoal efetivo da Prefeitura, mediante as condi\u00e7\u00f5es estabelecidas no edital de abertura. Vagas &#8211;\u00a01.109 [&hellip;]","og_url":"https:\/\/portalfadesp.org.br\/?page_id=1524","og_site_name":"FADESP","article_publisher":"https:\/\/www.facebook.com\/Fadesp-138351949524662\/","article_modified_time":"2022-12-20T15:26:33+00:00","twitter_card":"summary_large_image","twitter_site":"@Fadesp","twitter_misc":{"Est. tempo de leitura":"3 minutos"},"schema":{"@context":"https:\/\/schema.org","@graph":[{"@type":"WebPage","@id":"https:\/\/portalfadesp.org.br\/?page_id=1524","url":"https:\/\/portalfadesp.org.br\/?page_id=1524","name":"Prefeitura Municipal de Parauapebas - N\u00edvel M\u00e9dio e Fundamental - 2014 - FADESP","isPartOf":{"@id":"https:\/\/portalfadesp.org.br\/#website"},"datePublished":"2014-05-22T08:18:22+00:00","dateModified":"2022-12-20T15:26:33+00:00","breadcrumb":{"@id":"https:\/\/portalfadesp.org.br\/?page_id=1524#breadcrumb"},"inLanguage":"pt-BR","potentialAction":[{"@type":"ReadAction","target":["https:\/\/portalfadesp.org.br\/?page_id=1524"]}]},{"@type":"BreadcrumbList","@id":"https:\/\/portalfadesp.org.br\/?page_id=1524#breadcrumb","itemListElement":[{"@type":"ListItem","position":1,"name":"In\u00edcio","item":"https:\/\/portalfadesp.org.br\/"},{"@type":"ListItem","position":2,"name":"Concursos &#8211; Homologados","item":"https:\/\/portalfadesp.org.br\/?page_id=329"},{"@type":"ListItem","position":3,"name":"Prefeitura Municipal de Parauapebas &#8211; N\u00edvel M\u00e9dio e Fundamental &#8211; 2014"}]},{"@type":"WebSite","@id":"https:\/\/portalfadesp.org.br\/#website","url":"https:\/\/portalfadesp.org.br\/","name":"FADESP","description":"Funda\u00e7\u00e3o de Amparo e Desenvolvimento da Pesquisa","publisher":{"@id":"https:\/\/portalfadesp.org.br\/#organization"},"potentialAction":[{"@type":"SearchAction","target":{"@type":"EntryPoint","urlTemplate":"https:\/\/portalfadesp.org.br\/?s={search_term_string}"},"query-input":{"@type":"PropertyValueSpecification","valueRequired":true,"valueName":"search_term_string"}}],"inLanguage":"pt-BR"},{"@type":"Organization","@id":"https:\/\/portalfadesp.org.br\/#organization","name":"FADESP","url":"https:\/\/portalfadesp.org.br\/","logo":{"@type":"ImageObject","inLanguage":"pt-BR","@id":"https:\/\/portalfadesp.org.br\/#\/schema\/logo\/image\/","url":"https:\/\/portalfadesp.org.br\/wp-content\/uploads\/2024\/01\/NOVOLOGOFADESPlaranjaH.png","contentUrl":"https:\/\/portalfadesp.org.br\/wp-content\/uploads\/2024\/01\/NOVOLOGOFADESPlaranjaH.png","width":2742,"height":839,"caption":"FADESP"},"image":{"@id":"https:\/\/portalfadesp.org.br\/#\/schema\/logo\/image\/"},"sameAs":["https:\/\/www.facebook.com\/Fadesp-138351949524662\/","https:\/\/x.com\/Fadesp","https:\/\/www.instagram.com\/fadesp_ufpa\/","https:\/\/www.youtube.com\/@fundacaodeamparoedesenvolv1903","https:\/\/www.threads.net\/@fadesp_ufpa"]}]}},"_links":{"self":[{"href":"https:\/\/portalfadesp.org.br\/index.php?rest_route=\/wp\/v2\/pages\/1524","targetHints":{"allow":["GET"]}}],"collection":[{"href":"https:\/\/portalfadesp.org.br\/index.php?rest_route=\/wp\/v2\/pages"}],"about":[{"href":"https:\/\/portalfadesp.org.br\/index.php?rest_route=\/wp\/v2\/types\/page"}],"author":[{"embeddable":true,"href":"https:\/\/portalfadesp.org.br\/index.php?rest_route=\/wp\/v2\/users\/9"}],"replies":[{"embeddable":true,"href":"https:\/\/portalfadesp.org.br\/index.php?rest_route=%2Fwp%2Fv2%2Fcomments&post=1524"}],"version-history":[{"count":37,"href":"https:\/\/portalfadesp.org.br\/index.php?rest_route=\/wp\/v2\/pages\/1524\/revisions"}],"predecessor-version":[{"id":36623,"href":"https:\/\/portalfadesp.org.br\/index.php?rest_route=\/wp\/v2\/pages\/1524\/revisions\/36623"}],"up":[{"embeddable":true,"href":"https:\/\/portalfadesp.org.br\/index.php?rest_route=\/wp\/v2\/pages\/329"}],"wp:attachment":[{"href":"https:\/\/portalfadesp.org.br\/index.php?rest_route=%2Fwp%2Fv2%2Fmedia&parent=1524"}],"curies":[{"name":"wp","href":"https:\/\/api.w.org\/{rel}","templated":true}]}}