{"id":1522,"date":"2014-05-22T05:18:17","date_gmt":"2014-05-22T08:18:17","guid":{"rendered":"https:\/\/162.215.13.167?page_id=1522"},"modified":"2022-12-20T12:26:08","modified_gmt":"2022-12-20T15:26:08","slug":"processo-seletivo-de-mestrado-prof-gestao-e-servicos-de-saude-na-amazonia-fscmpa-2014","status":"publish","type":"page","link":"https:\/\/portalfadesp.org.br\/?page_id=1522","title":{"rendered":"Processo Seletivo de Mestrado Prof. Gest\u00e3o e Servi\u00e7os de Sa\u00fade na Amaz\u00f4nia &#8211; FSCMPA 2014"},"content":{"rendered":"\t\t<div data-elementor-type=\"wp-post\" data-elementor-id=\"1522\" class=\"elementor elementor-1522\" data-elementor-post-type=\"page\">\n\t\t\t\t\t\t<section class=\"elementor-section elementor-top-section elementor-element elementor-element-4302b906 elementor-section-boxed elementor-section-height-default elementor-section-height-default\" data-id=\"4302b906\" data-element_type=\"section\">\n\t\t\t\t\t\t<div class=\"elementor-container elementor-column-gap-default\">\n\t\t\t\t\t<div class=\"elementor-column elementor-col-100 elementor-top-column elementor-element elementor-element-31bbb742\" data-id=\"31bbb742\" data-element_type=\"column\">\n\t\t\t<div class=\"elementor-widget-wrap elementor-element-populated\">\n\t\t\t\t\t\t<div class=\"elementor-element elementor-element-56cd7a51 elementor-widget elementor-widget-heading\" data-id=\"56cd7a51\" data-element_type=\"widget\" data-widget_type=\"heading.default\">\n\t\t\t\t<div class=\"elementor-widget-container\">\n\t\t\t\t\t<h1 class=\"elementor-heading-title elementor-size-default\">Processo Seletivo de Mestrado Prof. Gest\u00e3o e Servi\u00e7os de Sa\u00fade na Amaz\u00f4nia - FSCMPA 2014\n<\/h1>\t\t\t\t<\/div>\n\t\t\t\t<\/div>\n\t\t\t\t<section class=\"elementor-section elementor-inner-section elementor-element elementor-element-63575917 elementor-section-boxed elementor-section-height-default elementor-section-height-default\" data-id=\"63575917\" data-element_type=\"section\">\n\t\t\t\t\t\t<div class=\"elementor-container elementor-column-gap-default\">\n\t\t\t\t\t<div class=\"elementor-column elementor-col-50 elementor-inner-column elementor-element elementor-element-50ae018f\" data-id=\"50ae018f\" data-element_type=\"column\">\n\t\t\t<div class=\"elementor-widget-wrap elementor-element-populated\">\n\t\t\t\t\t\t<div class=\"elementor-element elementor-element-13611520 elementor-widget elementor-widget-text-editor\" data-id=\"13611520\" data-element_type=\"widget\" data-widget_type=\"text-editor.default\">\n\t\t\t\t<div class=\"elementor-widget-container\">\n\t\t\t\t\t\t\t\t\t<p>A Funda\u00e7\u00e3o Santa Casa de Miseric\u00f3rdia do Par\u00e1 (FSCMPA) torna p\u00fablico aos interessados que estar\u00e3o abertas as inscri\u00e7\u00f5es no per\u00edodo de 26\/08\/2014 a 15\/09\/2014, para o Processo Seletivo ao Curso de Mestrado Profissional Gest\u00e3o e Servi\u00e7os de Sa\u00fade na Amaz\u00f4nia (MPGSSA), nas datas e demais condi\u00e7\u00f5es especificadas no Edital.<\/p><p><strong>Vagas &#8211;\u00a0<\/strong>14<\/p><p><strong>Cargos &#8211;\u00a0<\/strong>profissionais graduados da sa\u00fade<\/p><p><strong>Inscri\u00e7\u00f5es &#8211;\u00a0<\/strong>26\/08\/14 a 15\/09\/14<\/p><p><strong>Taxa &#8211;\u00a0<\/strong>R$ 200,00<\/p><p><strong>Datas importantes<\/strong>:<\/p><p>Per\u00edodo de inscri\u00e7\u00e3o &#8211;\u00a026\/08\/2014 a 15\/09\/14<\/p><p>Pagamento da taxa de inscri\u00e7\u00e3o &#8211; at\u00e9 16\/09\/14<\/p><p>Cart\u00e3o de inscri\u00e7\u00e3o &#8211; 18 a 22\/09\/14<\/p><p>Prova escrita &#8211; 28\/09\/14<\/p><p>Apresenta\u00e7\u00e3o e an\u00e1lise de documentos &#8211; 21 e 22\/10\/14 (at\u00e9 \u00e0s 17h00)<\/p><p>Resultado final &#8211; 17\/11\/14<\/p>\t\t\t\t\t\t\t\t<\/div>\n\t\t\t\t<\/div>\n\t\t\t\t\t<\/div>\n\t\t<\/div>\n\t\t\t\t<div class=\"elementor-column elementor-col-50 elementor-inner-column elementor-element elementor-element-35c27180\" data-id=\"35c27180\" data-element_type=\"column\">\n\t\t\t<div class=\"elementor-widget-wrap elementor-element-populated\">\n\t\t\t\t\t\t<div class=\"elementor-element elementor-element-1489f64f elementor-widget elementor-widget-text-editor\" data-id=\"1489f64f\" data-element_type=\"widget\" data-widget_type=\"text-editor.default\">\n\t\t\t\t<div class=\"elementor-widget-container\">\n\t\t\t\t\t\t\t\t\t<p style=\"text-align: center;\"><span style=\"color: #ffffff;\"><strong>Editais e Avisos<\/strong><\/span><\/p>\t\t\t\t\t\t\t\t<\/div>\n\t\t\t\t<\/div>\n\t\t\t\t<div class=\"elementor-element elementor-element-35ac2286 elementor-widget elementor-widget-text-editor\" data-id=\"35ac2286\" data-element_type=\"widget\" data-widget_type=\"text-editor.default\">\n\t\t\t\t<div class=\"elementor-widget-container\">\n\t\t\t\t\t\t\t\t\t<table width=\"72\">\n<tbody>\n<tr>\n<td width=\"72\"><strong><a href=\"http:\/\/concursos.fadesp.org.br\/santacasa2014\/arquivos\/result\/Resultado%20Final.pdf\">Resultado Final<\/a><\/strong><\/td>\n<\/tr>\n<tr>\n<td width=\"72\"><strong><a href=\"http:\/\/concursos.fadesp.org.br\/santacasa2014\/arquivos\/Retifica%C3%A7%C3%A3o%20de%20notas%20da%20prova%20de%20t%C3%ADtulos.pdf\">Retifica\u00e7\u00e3o de Notas da Prova de T\u00edtulos<\/a><\/strong><\/td>\n<\/tr>\n<tr>\n<td width=\"72\"><strong><a href=\"http:\/\/concursos.fadesp.org.br\/santacasa2014\/arquivos\/result\/Resultado%20da%202a%20Etapa.pdf\">Resultado da 2\u00aa Etapa\u00a0<\/a><\/strong><\/td>\n<\/tr>\n<tr>\n<td width=\"72\"><strong><a href=\"http:\/\/concursos.fadesp.org.br\/santacasa2014\/arquivos\/Recurso%20Procedente.pdf\">Recurso Procedente\u00a0<\/a><\/strong><\/td>\n<\/tr>\n<tr>\n<td width=\"72\"><strong><a href=\"http:\/\/concursos.fadesp.org.br\/santacasa2014\/arquivos\/Resultado%20da%201a%20Etapa.pdf\">Resultado da 1\u00aa Etapa\u00a0<\/a><\/strong><\/td>\n<\/tr>\n<tr>\n<td width=\"72\"><strong><a href=\"http:\/\/concursos.fadesp.org.br\/santacasa2014\/arquivos\/Calend%C3%A1rio%20das%20Etapas.pdf\">Calend\u00e1rio das Etapas<\/a><\/strong><\/td>\n<\/tr>\n<tr>\n<td width=\"72\"><strong><a href=\"http:\/\/concursos.fadesp.org.br\/santacasa2014\/arquivos\/Grade%20de%20Corre%C3%A7%C3%A3o%20da%20Prova%20Escrita.pdf\">Grade de Corre\u00e7\u00e3o da Prova Escrita<\/a><\/strong><\/td>\n<\/tr>\n<tr>\n<td width=\"72\"><strong><a href=\"http:\/\/concursos.fadesp.org.br\/santacasa2014\/arquivos\/Retifica%C3%A7%C3%A3o%20do%20Edital%20de%20Abertura.pdf\">Retifica\u00e7\u00e3o do Edital de Abertura\u00a0<\/a><\/strong><\/td>\n<\/tr>\n<tr>\n<td width=\"72\"><strong><a href=\"https:\/\/portalfadesp.org.br\/midias\/anexos\/416_edital_______n_03_2014_fscmp.pdf\">Edital &#8211; 2014<\/a><\/strong><\/td>\n<\/tr>\n<\/tbody>\n<\/table>\t\t\t\t\t\t\t\t<\/div>\n\t\t\t\t<\/div>\n\t\t\t\t\t<\/div>\n\t\t<\/div>\n\t\t\t\t\t<\/div>\n\t\t<\/section>\n\t\t\t\t\t<\/div>\n\t\t<\/div>\n\t\t\t\t\t<\/div>\n\t\t<\/section>\n\t\t\t\t<\/div>\n\t\t","protected":false},"excerpt":{"rendered":"<p>Processo Seletivo de Mestrado Prof. Gest\u00e3o e Servi\u00e7os de Sa\u00fade na Amaz\u00f4nia &#8211; FSCMPA 2014 A Funda\u00e7\u00e3o Santa Casa de Miseric\u00f3rdia do Par\u00e1 (FSCMPA) torna p\u00fablico aos interessados que estar\u00e3o abertas as inscri\u00e7\u00f5es no per\u00edodo de 26\/08\/2014 a 15\/09\/2014, para o Processo Seletivo ao Curso de Mestrado Profissional Gest\u00e3o e Servi\u00e7os de Sa\u00fade na Amaz\u00f4nia [&hellip;]<\/p>\n","protected":false},"author":9,"featured_media":0,"parent":329,"menu_order":55,"comment_status":"closed","ping_status":"closed","template":"","meta":{"_monsterinsights_skip_tracking":false,"_monsterinsights_sitenote_active":false,"_monsterinsights_sitenote_note":"","_monsterinsights_sitenote_category":0,"footnotes":""},"class_list":["post-1522","page","type-page","status-publish","hentry","entry"],"yoast_head":"<!-- This site is optimized with the Yoast SEO plugin v25.1 - https:\/\/yoast.com\/wordpress\/plugins\/seo\/ -->\n<title>Processo Seletivo de Mestrado Prof. Gest\u00e3o e Servi\u00e7os de Sa\u00fade na Amaz\u00f4nia - FSCMPA 2014 - FADESP<\/title>\n<meta name=\"robots\" content=\"index, follow, max-snippet:-1, max-image-preview:large, max-video-preview:-1\" \/>\n<link rel=\"canonical\" href=\"https:\/\/portalfadesp.org.br\/?page_id=1522\" \/>\n<meta property=\"og:locale\" content=\"pt_BR\" \/>\n<meta property=\"og:type\" content=\"article\" \/>\n<meta property=\"og:title\" content=\"Processo Seletivo de Mestrado Prof. Gest\u00e3o e Servi\u00e7os de Sa\u00fade na Amaz\u00f4nia - FSCMPA 2014 - FADESP\" \/>\n<meta property=\"og:description\" content=\"Processo Seletivo de Mestrado Prof. Gest\u00e3o e Servi\u00e7os de Sa\u00fade na Amaz\u00f4nia &#8211; FSCMPA 2014 A Funda\u00e7\u00e3o Santa Casa de Miseric\u00f3rdia do Par\u00e1 (FSCMPA) torna p\u00fablico aos interessados que estar\u00e3o abertas as inscri\u00e7\u00f5es no per\u00edodo de 26\/08\/2014 a 15\/09\/2014, para o Processo Seletivo ao Curso de Mestrado Profissional Gest\u00e3o e Servi\u00e7os de Sa\u00fade na Amaz\u00f4nia [&hellip;]\" \/>\n<meta property=\"og:url\" content=\"https:\/\/portalfadesp.org.br\/?page_id=1522\" \/>\n<meta property=\"og:site_name\" content=\"FADESP\" \/>\n<meta property=\"article:publisher\" content=\"https:\/\/www.facebook.com\/Fadesp-138351949524662\/\" \/>\n<meta property=\"article:modified_time\" content=\"2022-12-20T15:26:08+00:00\" \/>\n<meta name=\"twitter:card\" content=\"summary_large_image\" \/>\n<meta name=\"twitter:site\" content=\"@Fadesp\" \/>\n<meta name=\"twitter:label1\" content=\"Est. tempo de leitura\" \/>\n\t<meta name=\"twitter:data1\" content=\"1 minuto\" \/>\n<script type=\"application\/ld+json\" class=\"yoast-schema-graph\">{\"@context\":\"https:\/\/schema.org\",\"@graph\":[{\"@type\":\"WebPage\",\"@id\":\"https:\/\/portalfadesp.org.br\/?page_id=1522\",\"url\":\"https:\/\/portalfadesp.org.br\/?page_id=1522\",\"name\":\"Processo Seletivo de Mestrado Prof. Gest\u00e3o e Servi\u00e7os de Sa\u00fade na Amaz\u00f4nia - FSCMPA 2014 - FADESP\",\"isPartOf\":{\"@id\":\"https:\/\/portalfadesp.org.br\/#website\"},\"datePublished\":\"2014-05-22T08:18:17+00:00\",\"dateModified\":\"2022-12-20T15:26:08+00:00\",\"breadcrumb\":{\"@id\":\"https:\/\/portalfadesp.org.br\/?page_id=1522#breadcrumb\"},\"inLanguage\":\"pt-BR\",\"potentialAction\":[{\"@type\":\"ReadAction\",\"target\":[\"https:\/\/portalfadesp.org.br\/?page_id=1522\"]}]},{\"@type\":\"BreadcrumbList\",\"@id\":\"https:\/\/portalfadesp.org.br\/?page_id=1522#breadcrumb\",\"itemListElement\":[{\"@type\":\"ListItem\",\"position\":1,\"name\":\"In\u00edcio\",\"item\":\"https:\/\/portalfadesp.org.br\/\"},{\"@type\":\"ListItem\",\"position\":2,\"name\":\"Concursos &#8211; Homologados\",\"item\":\"https:\/\/portalfadesp.org.br\/?page_id=329\"},{\"@type\":\"ListItem\",\"position\":3,\"name\":\"Processo Seletivo de Mestrado Prof. Gest\u00e3o e Servi\u00e7os de Sa\u00fade na Amaz\u00f4nia &#8211; FSCMPA 2014\"}]},{\"@type\":\"WebSite\",\"@id\":\"https:\/\/portalfadesp.org.br\/#website\",\"url\":\"https:\/\/portalfadesp.org.br\/\",\"name\":\"FADESP\",\"description\":\"Funda\u00e7\u00e3o de Amparo e Desenvolvimento da Pesquisa\",\"publisher\":{\"@id\":\"https:\/\/portalfadesp.org.br\/#organization\"},\"potentialAction\":[{\"@type\":\"SearchAction\",\"target\":{\"@type\":\"EntryPoint\",\"urlTemplate\":\"https:\/\/portalfadesp.org.br\/?s={search_term_string}\"},\"query-input\":{\"@type\":\"PropertyValueSpecification\",\"valueRequired\":true,\"valueName\":\"search_term_string\"}}],\"inLanguage\":\"pt-BR\"},{\"@type\":\"Organization\",\"@id\":\"https:\/\/portalfadesp.org.br\/#organization\",\"name\":\"FADESP\",\"url\":\"https:\/\/portalfadesp.org.br\/\",\"logo\":{\"@type\":\"ImageObject\",\"inLanguage\":\"pt-BR\",\"@id\":\"https:\/\/portalfadesp.org.br\/#\/schema\/logo\/image\/\",\"url\":\"https:\/\/portalfadesp.org.br\/wp-content\/uploads\/2024\/01\/NOVOLOGOFADESPlaranjaH.png\",\"contentUrl\":\"https:\/\/portalfadesp.org.br\/wp-content\/uploads\/2024\/01\/NOVOLOGOFADESPlaranjaH.png\",\"width\":2742,\"height\":839,\"caption\":\"FADESP\"},\"image\":{\"@id\":\"https:\/\/portalfadesp.org.br\/#\/schema\/logo\/image\/\"},\"sameAs\":[\"https:\/\/www.facebook.com\/Fadesp-138351949524662\/\",\"https:\/\/x.com\/Fadesp\",\"https:\/\/www.instagram.com\/fadesp_ufpa\/\",\"https:\/\/www.youtube.com\/@fundacaodeamparoedesenvolv1903\",\"https:\/\/www.threads.net\/@fadesp_ufpa\"]}]}<\/script>\n<!-- \/ Yoast SEO plugin. -->","yoast_head_json":{"title":"Processo Seletivo de Mestrado Prof. Gest\u00e3o e Servi\u00e7os de Sa\u00fade na Amaz\u00f4nia - FSCMPA 2014 - FADESP","robots":{"index":"index","follow":"follow","max-snippet":"max-snippet:-1","max-image-preview":"max-image-preview:large","max-video-preview":"max-video-preview:-1"},"canonical":"https:\/\/portalfadesp.org.br\/?page_id=1522","og_locale":"pt_BR","og_type":"article","og_title":"Processo Seletivo de Mestrado Prof. Gest\u00e3o e Servi\u00e7os de Sa\u00fade na Amaz\u00f4nia - FSCMPA 2014 - FADESP","og_description":"Processo Seletivo de Mestrado Prof. Gest\u00e3o e Servi\u00e7os de Sa\u00fade na Amaz\u00f4nia &#8211; FSCMPA 2014 A Funda\u00e7\u00e3o Santa Casa de Miseric\u00f3rdia do Par\u00e1 (FSCMPA) torna p\u00fablico aos interessados que estar\u00e3o abertas as inscri\u00e7\u00f5es no per\u00edodo de 26\/08\/2014 a 15\/09\/2014, para o Processo Seletivo ao Curso de Mestrado Profissional Gest\u00e3o e Servi\u00e7os de Sa\u00fade na Amaz\u00f4nia [&hellip;]","og_url":"https:\/\/portalfadesp.org.br\/?page_id=1522","og_site_name":"FADESP","article_publisher":"https:\/\/www.facebook.com\/Fadesp-138351949524662\/","article_modified_time":"2022-12-20T15:26:08+00:00","twitter_card":"summary_large_image","twitter_site":"@Fadesp","twitter_misc":{"Est. tempo de leitura":"1 minuto"},"schema":{"@context":"https:\/\/schema.org","@graph":[{"@type":"WebPage","@id":"https:\/\/portalfadesp.org.br\/?page_id=1522","url":"https:\/\/portalfadesp.org.br\/?page_id=1522","name":"Processo Seletivo de Mestrado Prof. Gest\u00e3o e Servi\u00e7os de Sa\u00fade na Amaz\u00f4nia - FSCMPA 2014 - FADESP","isPartOf":{"@id":"https:\/\/portalfadesp.org.br\/#website"},"datePublished":"2014-05-22T08:18:17+00:00","dateModified":"2022-12-20T15:26:08+00:00","breadcrumb":{"@id":"https:\/\/portalfadesp.org.br\/?page_id=1522#breadcrumb"},"inLanguage":"pt-BR","potentialAction":[{"@type":"ReadAction","target":["https:\/\/portalfadesp.org.br\/?page_id=1522"]}]},{"@type":"BreadcrumbList","@id":"https:\/\/portalfadesp.org.br\/?page_id=1522#breadcrumb","itemListElement":[{"@type":"ListItem","position":1,"name":"In\u00edcio","item":"https:\/\/portalfadesp.org.br\/"},{"@type":"ListItem","position":2,"name":"Concursos &#8211; Homologados","item":"https:\/\/portalfadesp.org.br\/?page_id=329"},{"@type":"ListItem","position":3,"name":"Processo Seletivo de Mestrado Prof. Gest\u00e3o e Servi\u00e7os de Sa\u00fade na Amaz\u00f4nia &#8211; FSCMPA 2014"}]},{"@type":"WebSite","@id":"https:\/\/portalfadesp.org.br\/#website","url":"https:\/\/portalfadesp.org.br\/","name":"FADESP","description":"Funda\u00e7\u00e3o de Amparo e Desenvolvimento da Pesquisa","publisher":{"@id":"https:\/\/portalfadesp.org.br\/#organization"},"potentialAction":[{"@type":"SearchAction","target":{"@type":"EntryPoint","urlTemplate":"https:\/\/portalfadesp.org.br\/?s={search_term_string}"},"query-input":{"@type":"PropertyValueSpecification","valueRequired":true,"valueName":"search_term_string"}}],"inLanguage":"pt-BR"},{"@type":"Organization","@id":"https:\/\/portalfadesp.org.br\/#organization","name":"FADESP","url":"https:\/\/portalfadesp.org.br\/","logo":{"@type":"ImageObject","inLanguage":"pt-BR","@id":"https:\/\/portalfadesp.org.br\/#\/schema\/logo\/image\/","url":"https:\/\/portalfadesp.org.br\/wp-content\/uploads\/2024\/01\/NOVOLOGOFADESPlaranjaH.png","contentUrl":"https:\/\/portalfadesp.org.br\/wp-content\/uploads\/2024\/01\/NOVOLOGOFADESPlaranjaH.png","width":2742,"height":839,"caption":"FADESP"},"image":{"@id":"https:\/\/portalfadesp.org.br\/#\/schema\/logo\/image\/"},"sameAs":["https:\/\/www.facebook.com\/Fadesp-138351949524662\/","https:\/\/x.com\/Fadesp","https:\/\/www.instagram.com\/fadesp_ufpa\/","https:\/\/www.youtube.com\/@fundacaodeamparoedesenvolv1903","https:\/\/www.threads.net\/@fadesp_ufpa"]}]}},"_links":{"self":[{"href":"https:\/\/portalfadesp.org.br\/index.php?rest_route=\/wp\/v2\/pages\/1522","targetHints":{"allow":["GET"]}}],"collection":[{"href":"https:\/\/portalfadesp.org.br\/index.php?rest_route=\/wp\/v2\/pages"}],"about":[{"href":"https:\/\/portalfadesp.org.br\/index.php?rest_route=\/wp\/v2\/types\/page"}],"author":[{"embeddable":true,"href":"https:\/\/portalfadesp.org.br\/index.php?rest_route=\/wp\/v2\/users\/9"}],"replies":[{"embeddable":true,"href":"https:\/\/portalfadesp.org.br\/index.php?rest_route=%2Fwp%2Fv2%2Fcomments&post=1522"}],"version-history":[{"count":30,"href":"https:\/\/portalfadesp.org.br\/index.php?rest_route=\/wp\/v2\/pages\/1522\/revisions"}],"predecessor-version":[{"id":36617,"href":"https:\/\/portalfadesp.org.br\/index.php?rest_route=\/wp\/v2\/pages\/1522\/revisions\/36617"}],"up":[{"embeddable":true,"href":"https:\/\/portalfadesp.org.br\/index.php?rest_route=\/wp\/v2\/pages\/329"}],"wp:attachment":[{"href":"https:\/\/portalfadesp.org.br\/index.php?rest_route=%2Fwp%2Fv2%2Fmedia&parent=1522"}],"curies":[{"name":"wp","href":"https:\/\/api.w.org\/{rel}","templated":true}]}}